{"id":2163,"date":"2024-05-17T16:52:37","date_gmt":"2024-05-17T08:52:37","guid":{"rendered":"http:\/\/www.xminsulation.com\/?post_type=product&#038;p=2163"},"modified":"2024-05-17T16:52:37","modified_gmt":"2024-05-17T08:52:37","slug":"24kv-630a-sf6-gas-insulated-switchgear-type-b-gis-rmu","status":"publish","type":"product","link":"https:\/\/www.xminsulation.com\/pt\/product\/24kv-630a-sf6-painel-isolado-a-gas-tipo-b-gis-rmu\/","title":{"rendered":"Painel de distribui\u00e7\u00e3o isolado a g\u00e1s SF6 24kV-630A (Tipo B) GIS RMU"},"content":{"rendered":"<p><img fetchpriority=\"high\" decoding=\"async\" class=\"alignnone wp-image-2165 size-full\" src=\"http:\/\/www.xminsulation.com\/wp-content\/uploads\/2024\/05\/\u56fe\u724780-3.png\" alt=\"\" width=\"1000\" height=\"1000\" srcset=\"https:\/\/www.xminsulation.com\/wp-content\/uploads\/2024\/05\/\u56fe\u724780-3.png 1000w, https:\/\/www.xminsulation.com\/wp-content\/uploads\/2024\/05\/\u56fe\u724780-3-300x300.png 300w, https:\/\/www.xminsulation.com\/wp-content\/uploads\/2024\/05\/\u56fe\u724780-3-150x150.png 150w, https:\/\/www.xminsulation.com\/wp-content\/uploads\/2024\/05\/\u56fe\u724780-3-768x768.png 768w, https:\/\/www.xminsulation.com\/wp-content\/uploads\/2024\/05\/\u56fe\u724780-3-600x600.png 600w, https:\/\/www.xminsulation.com\/wp-content\/uploads\/2024\/05\/\u56fe\u724780-3-100x100.png 100w\" sizes=\"(max-width: 1000px) 100vw, 1000px\" \/><\/p>\n<h2><strong><b>Resumo do Produto<\/b><\/strong><\/h2>\n<p>A unidade principal de anel isolado a g\u00e1s SF6-24 totalmente fechado apresenta tecnologia estrangeira avan\u00e7ada. O gabinete infl\u00e1vel SF6-24 adota um design modular, com sua unidade perfeita de tipo fixo e expans\u00e3o flex\u00edvel. O gabinete de distribui\u00e7\u00e3o infl\u00e1vel SF6-24 tem as caracter\u00edsticas de estrutura compacta, totalmente isolado, longa vida, livre de manuten\u00e7\u00e3o, pegada pequena, solu\u00e7\u00f5es completas, forte escalabilidade, alto fator de seguran\u00e7a e n\u00e3o \u00e9 afetado pelo meio ambiente.<\/p>\n<p>Pode ser amplamente utilizado na ind\u00fastria, rede de anel civil e rede de alimenta\u00e7\u00e3o de terminal. \u00c9 especialmente adequado para pequenas esta\u00e7\u00f5es de distribui\u00e7\u00e3o de energia secund\u00e1ria, esta\u00e7\u00f5es de comuta\u00e7\u00e3o, empresas industriais e de minera\u00e7\u00e3o, aeroportos, ferrovias, rodovias, metr\u00f4s, \u00e1reas comerciais, alojamentos, energia e\u00f3lica, energia fotovoltaica e outros campos. O arm\u00e1rio de distribui\u00e7\u00e3o \u00e9 totalmente fechado, livre de manuten\u00e7\u00e3o e de tamanho pequeno. , excelente desempenho, recursos seguros e confi\u00e1veis, de longa vida e sem manuten\u00e7\u00e3o.<\/p>\n<h2><strong><b>produtos <\/b><\/strong><strong><b>A<\/b><\/strong><strong><b>vantagens<\/b><\/strong><\/h2>\n<ol>\n<li>Aplica\u00e7\u00e3o em \u00e1reas de planalto: G\u00e1s SF6, propriedades totalmente isolantes, sem necessidade de considerar a influ\u00eancia da diferen\u00e7a de press\u00e3o dentro e fora da caixa de g\u00e1s.<\/li>\n<li>Montagem da unidade: conveniente para expans\u00e3o do usu\u00e1rio, altera\u00e7\u00f5es de planos e trocas de circuitos.<\/li>\n<li>Aplica\u00e7\u00e3o de automa\u00e7\u00e3o de rede de distribui\u00e7\u00e3o: Pode cooperar com todos os terminais de automa\u00e7\u00e3o do mercado para realizar facilmente a automa\u00e7\u00e3o da rede de distribui\u00e7\u00e3o.<\/li>\n<li>Aplica\u00e7\u00e3o em \u00e1reas costeiras: O mecanismo \u00e9 totalmente vedado e possui tratamento anticorrosivo de n\u00e9voa salina de longa dura\u00e7\u00e3o para garantir o funcionamento seguro do equipamento por muito tempo.<\/li>\n<li>Aplica\u00e7\u00e3o em \u00e1reas com vento forte e areia: A veda\u00e7\u00e3o do mecanismo, o circuito prim\u00e1rio e o barramento s\u00e3o totalmente vedados, e o circuito de controle adota tiras de veda\u00e7\u00e3o espec\u00edficas para autom\u00f3veis para garantir uma opera\u00e7\u00e3o segura a longo prazo em \u00e1reas com vento forte e areia.<\/li>\n<li>A combina\u00e7\u00e3o livre entre unidades pode realizar diferentes solu\u00e7\u00f5es.<\/li>\n<\/ol>\n<h2><strong><b>produtos <\/b><\/strong><strong><b>Caracter\u00edsticas<\/b><\/strong><\/h2>\n<p>Design modular, cada m\u00f3dulo da unidade pode ser combinado e expandido arbitrariamente sem a necessidade de infla\u00e7\u00e3o e defla\u00e7\u00e3o, o que facilita a combina\u00e7\u00e3o de solu\u00e7\u00f5es e design de medi\u00e7\u00e3o de alta press\u00e3o, e possui uma ampla gama de adaptabilidade. Arm\u00e1rios de linha de entrada e sa\u00edda de disjuntores totalmente isolados a SF6 (extin\u00e7\u00e3o de arco a v\u00e1cuo), gabinetes de linha de entrada e sa\u00edda de interruptores de carga, gabinetes de barramento, gabinetes de medi\u00e7\u00e3o, gabinetes el\u00e9tricos combinados de interruptores de carga e fus\u00edveis e gabinetes de TV (com ou sem interruptores) solu\u00e7\u00f5es combinadas est\u00e3o dispon\u00edveis Dividido em unidade \u00fanica, duas unidades, tr\u00eas unidades, quatro unidades e outras combina\u00e7\u00f5es compactas, ele oferece amplas perspectivas de aplica\u00e7\u00e3o para gabinetes de rede em anel totalmente isolados com SF6 ou gabinetes de distribui\u00e7\u00e3o de m\u00faltiplos circuitos.<\/p>\n<p>A estanqueidade ao ar \u00e9 muito boa, o consumo de ar \u00e9 pequeno e pode garantir nenhum vazamento de ar por 30 anos. O mecanismo operacional \u00e9 feito de metal resistente \u00e0 corros\u00e3o e os rolamentos das pe\u00e7as rotativas s\u00e3o todos autolubrificantes. O produto n\u00e3o \u00e9 afetado pelo meio ambiente, n\u00e3o requer manuten\u00e7\u00e3o regular e est\u00e1 conectado ao mundo exterior. Conveniente, isso resulta em baixa pot\u00eancia operacional, alta confiabilidade e vida \u00fatil mais longa. O barramento de extens\u00e3o utiliza conectores de silicone plug-in, que s\u00e3o totalmente isolados e blindados para garantir confiabilidade condutiva e n\u00e3o s\u00e3o afetados pelo ambiente circundante. A combina\u00e7\u00e3o de conex\u00e3o e expans\u00e3o \u00e9 conveniente, o que facilita futura expans\u00e3o de capacidade e transforma\u00e7\u00e3o de usu\u00e1rios ou subesta\u00e7\u00f5es.<\/p>\n<h2><strong><b>Gabinete <\/b><\/strong><strong><b>S<\/b><\/strong><strong><b>estrutura<\/b><\/strong><\/h2>\n<p>O compartimento infl\u00e1vel \u00e9 feito de placa de a\u00e7o inoxid\u00e1vel de 3 a 5 mm de espessura, que \u00e9 soldada por um rob\u00f4 de soldagem ap\u00f3s ser processada por m\u00e1quinas-ferramentas CNC. Possui menos deforma\u00e7\u00e3o de soldagem e boa estanqueidade ao ar. Os demais compartimentos s\u00e3o feitos de chapas de a\u00e7o laminadas a frio de alta qualidade, que s\u00e3o soldadas ap\u00f3s dobra CNC. Possui caracter\u00edsticas de alta precis\u00e3o e boa resist\u00eancia; cada unidade funcional \u00e9 um m\u00f3dulo independente, extremamente f\u00e1cil de montar. Cada compartimento selado do gabinete \u00e9 equipado com um canal independente de al\u00edvio de press\u00e3o para maximizar a seguran\u00e7a pessoal e a opera\u00e7\u00e3o do equipamento.<\/p>\n<p><img decoding=\"async\" class=\"alignnone wp-image-2166 size-large\" src=\"http:\/\/www.xminsulation.com\/wp-content\/uploads\/2024\/05\/\u56fe\u724781-2-1024x633.png\" alt=\"\" width=\"1024\" height=\"633\" srcset=\"https:\/\/www.xminsulation.com\/wp-content\/uploads\/2024\/05\/\u56fe\u724781-2-1024x633.png 1024w, https:\/\/www.xminsulation.com\/wp-content\/uploads\/2024\/05\/\u56fe\u724781-2-300x185.png 300w, https:\/\/www.xminsulation.com\/wp-content\/uploads\/2024\/05\/\u56fe\u724781-2-768x475.png 768w, https:\/\/www.xminsulation.com\/wp-content\/uploads\/2024\/05\/\u56fe\u724781-2-1536x949.png 1536w, https:\/\/www.xminsulation.com\/wp-content\/uploads\/2024\/05\/\u56fe\u724781-2-600x371.png 600w, https:\/\/www.xminsulation.com\/wp-content\/uploads\/2024\/05\/\u56fe\u724781-2.png 1924w\" sizes=\"(max-width: 1024px) 100vw, 1024px\" \/><\/p>\n<h2><strong><b>Tanque de g\u00e1s SF6-24<\/b><\/strong><\/h2>\n<p><img decoding=\"async\" class=\"alignnone wp-image-2167 size-large\" src=\"http:\/\/www.xminsulation.com\/wp-content\/uploads\/2024\/05\/\u56fe\u724782-3-959x1024.png\" alt=\"\" width=\"959\" height=\"1024\" srcset=\"https:\/\/www.xminsulation.com\/wp-content\/uploads\/2024\/05\/\u56fe\u724782-3-959x1024.png 959w, https:\/\/www.xminsulation.com\/wp-content\/uploads\/2024\/05\/\u56fe\u724782-3-281x300.png 281w, https:\/\/www.xminsulation.com\/wp-content\/uploads\/2024\/05\/\u56fe\u724782-3-768x820.png 768w, https:\/\/www.xminsulation.com\/wp-content\/uploads\/2024\/05\/\u56fe\u724782-3-1438x1536.png 1438w, https:\/\/www.xminsulation.com\/wp-content\/uploads\/2024\/05\/\u56fe\u724782-3-600x641.png 600w, https:\/\/www.xminsulation.com\/wp-content\/uploads\/2024\/05\/\u56fe\u724782-3.png 1530w\" sizes=\"(max-width: 959px) 100vw, 959px\" \/><\/p>\n<h2><strong><b>Tamanho de <\/b><\/strong><strong><b>Chave seccionadora de carga<\/b><\/strong><\/h2>\n<p><img loading=\"lazy\" decoding=\"async\" class=\"alignnone wp-image-2168 size-large\" src=\"http:\/\/www.xminsulation.com\/wp-content\/uploads\/2024\/05\/\u56fe\u724783-2-1024x564.png\" alt=\"\" width=\"1024\" height=\"564\" srcset=\"https:\/\/www.xminsulation.com\/wp-content\/uploads\/2024\/05\/\u56fe\u724783-2-1024x564.png 1024w, https:\/\/www.xminsulation.com\/wp-content\/uploads\/2024\/05\/\u56fe\u724783-2-300x165.png 300w, https:\/\/www.xminsulation.com\/wp-content\/uploads\/2024\/05\/\u56fe\u724783-2-768x423.png 768w, https:\/\/www.xminsulation.com\/wp-content\/uploads\/2024\/05\/\u56fe\u724783-2-1536x846.png 1536w, https:\/\/www.xminsulation.com\/wp-content\/uploads\/2024\/05\/\u56fe\u724783-2-600x330.png 600w, https:\/\/www.xminsulation.com\/wp-content\/uploads\/2024\/05\/\u56fe\u724783-2.png 1970w\" sizes=\"(max-width: 1024px) 100vw, 1024px\" \/><\/p>\n<h2><strong><b>Tamanho do disjuntor a v\u00e1cuo de tr\u00eas posi\u00e7\u00f5es<\/b><\/strong><\/h2>\n<p><img loading=\"lazy\" decoding=\"async\" class=\"alignnone wp-image-2169 size-large\" src=\"http:\/\/www.xminsulation.com\/wp-content\/uploads\/2024\/05\/\u56fe\u724784-2-1024x595.png\" alt=\"\" width=\"1024\" height=\"595\" srcset=\"https:\/\/www.xminsulation.com\/wp-content\/uploads\/2024\/05\/\u56fe\u724784-2-1024x595.png 1024w, https:\/\/www.xminsulation.com\/wp-content\/uploads\/2024\/05\/\u56fe\u724784-2-300x174.png 300w, https:\/\/www.xminsulation.com\/wp-content\/uploads\/2024\/05\/\u56fe\u724784-2-768x446.png 768w, https:\/\/www.xminsulation.com\/wp-content\/uploads\/2024\/05\/\u56fe\u724784-2-1536x892.png 1536w, https:\/\/www.xminsulation.com\/wp-content\/uploads\/2024\/05\/\u56fe\u724784-2-600x348.png 600w, https:\/\/www.xminsulation.com\/wp-content\/uploads\/2024\/05\/\u56fe\u724784-2.png 1865w\" sizes=\"(max-width: 1024px) 100vw, 1024px\" \/><\/p>\n<h2><strong><b>Tamanho do quadro<\/b><\/strong><\/h2>\n<p><img loading=\"lazy\" decoding=\"async\" class=\"alignnone wp-image-2170 size-full\" src=\"http:\/\/www.xminsulation.com\/wp-content\/uploads\/2024\/05\/\u56fe\u724785-2.png\" alt=\"\" width=\"1151\" height=\"1538\" srcset=\"https:\/\/www.xminsulation.com\/wp-content\/uploads\/2024\/05\/\u56fe\u724785-2.png 1151w, https:\/\/www.xminsulation.com\/wp-content\/uploads\/2024\/05\/\u56fe\u724785-2-225x300.png 225w, https:\/\/www.xminsulation.com\/wp-content\/uploads\/2024\/05\/\u56fe\u724785-2-766x1024.png 766w, https:\/\/www.xminsulation.com\/wp-content\/uploads\/2024\/05\/\u56fe\u724785-2-768x1026.png 768w, https:\/\/www.xminsulation.com\/wp-content\/uploads\/2024\/05\/\u56fe\u724785-2-1150x1536.png 1150w, https:\/\/www.xminsulation.com\/wp-content\/uploads\/2024\/05\/\u56fe\u724785-2-600x802.png 600w\" sizes=\"(max-width: 1151px) 100vw, 1151px\" \/> <img loading=\"lazy\" decoding=\"async\" class=\"alignnone wp-image-2171 size-full\" src=\"http:\/\/www.xminsulation.com\/wp-content\/uploads\/2024\/05\/\u56fe\u724786-2.png\" alt=\"\" width=\"1280\" height=\"1126\" srcset=\"https:\/\/www.xminsulation.com\/wp-content\/uploads\/2024\/05\/\u56fe\u724786-2.png 1280w, https:\/\/www.xminsulation.com\/wp-content\/uploads\/2024\/05\/\u56fe\u724786-2-300x264.png 300w, https:\/\/www.xminsulation.com\/wp-content\/uploads\/2024\/05\/\u56fe\u724786-2-1024x901.png 1024w, https:\/\/www.xminsulation.com\/wp-content\/uploads\/2024\/05\/\u56fe\u724786-2-768x676.png 768w, https:\/\/www.xminsulation.com\/wp-content\/uploads\/2024\/05\/\u56fe\u724786-2-600x528.png 600w\" sizes=\"(max-width: 1280px) 100vw, 1280px\" \/><\/p>\n<h2><strong><b>Usar <\/b><\/strong><strong><b>E<\/b><\/strong><strong><b>ambiental <\/b><\/strong><strong><b>C<\/b><\/strong><strong><b>condi\u00e7\u00f5es<\/b><\/strong><\/h2>\n<ol>\n<li>Temperatura do ar: temperatura m\u00e1xima: +40\u00b0, temperatura m\u00ednima: -20\u00b0;<\/li>\n<li>Temperatura: a temperatura m\u00e9dia mensal \u00e9 95%, a temperatura m\u00e9dia di\u00e1ria \u00e9 90%,<\/li>\n<li>Altitude: Altura m\u00e1xima de instala\u00e7\u00e3o: 2500 metros; altitudes mais elevadas requerem personaliza\u00e7\u00e3o.<\/li>\n<li>Nenhuma polui\u00e7\u00e3o inflam\u00e1vel, explosiva, grave, corros\u00e3o qu\u00edmica e vibra\u00e7\u00e3o severa.<\/li>\n<\/ol>\n<h2><strong><b>instru\u00e7\u00f5es de instala\u00e7\u00e3o<\/b><\/strong><\/h2>\n<p><img loading=\"lazy\" decoding=\"async\" class=\"alignnone wp-image-2172 size-full\" src=\"http:\/\/www.xminsulation.com\/wp-content\/uploads\/2024\/05\/\u56fe\u724787-2.png\" alt=\"\" width=\"1505\" height=\"1572\" srcset=\"https:\/\/www.xminsulation.com\/wp-content\/uploads\/2024\/05\/\u56fe\u724787-2.png 1505w, https:\/\/www.xminsulation.com\/wp-content\/uploads\/2024\/05\/\u56fe\u724787-2-287x300.png 287w, https:\/\/www.xminsulation.com\/wp-content\/uploads\/2024\/05\/\u56fe\u724787-2-980x1024.png 980w, https:\/\/www.xminsulation.com\/wp-content\/uploads\/2024\/05\/\u56fe\u724787-2-768x802.png 768w, https:\/\/www.xminsulation.com\/wp-content\/uploads\/2024\/05\/\u56fe\u724787-2-1471x1536.png 1471w, https:\/\/www.xminsulation.com\/wp-content\/uploads\/2024\/05\/\u56fe\u724787-2-600x627.png 600w\" sizes=\"(max-width: 1505px) 100vw, 1505px\" \/><\/p>\n<h2><strong><b>Inspe\u00e7\u00e3o <\/b><\/strong><strong><b>P<\/b><\/strong><strong><b>pomadas e <\/b><\/strong><strong><b>P<\/b><\/strong><strong><b>precau\u00e7\u00f5es<\/b><\/strong><\/h2>\n<ol>\n<li>Limpe a caixa de ar com \u00e1lcool, lixa fina e pano limpo antes da instala\u00e7\u00e3o e uso.<\/li>\n<li>Inspecione a superf\u00edcie de veda\u00e7\u00e3o da caixa. N\u00e3o deve haver arranh\u00f5es, rebarbas, esc\u00f3ria de soldagem, limalha de ferro e outros materiais estranhos penetrando na cinta de veda\u00e7\u00e3o. Verifique principalmente os seguintes locais: ao redor do orif\u00edcio de instala\u00e7\u00e3o da carca\u00e7a, ao redor da instala\u00e7\u00e3o da veda\u00e7\u00e3o din\u00e2mica, ao redor da instala\u00e7\u00e3o da v\u00e1lvula \u00e0 prova de explos\u00e3o e \u00e0 press\u00e3o do ar. Furos de montagem na mesa.<\/li>\n<li>A verticalidade do pino soldado \u00e9 boa, os pontos de soldagem ao redor da raiz do pino s\u00e3o uniformes, sem deflex\u00e3o, a rosca \u00e9 lisa e as especifica\u00e7\u00f5es de tamanho atendem aos requisitos do desenho.<\/li>\n<li>O ajuste din\u00e2mico pode caber na superf\u00edcie de veda\u00e7\u00e3o antes de apertar.<\/li>\n<li>A sede da v\u00e1lvula do man\u00f4metro de ar \u00e9 soldada com precis\u00e3o, as roscas internas n\u00e3o est\u00e3o danificadas e a soldagem \u00e9 est\u00e1vel.<\/li>\n<li>O assento de aterramento da carca\u00e7a \u00e9 soldado com precis\u00e3o, as roscas internas n\u00e3o est\u00e3o danificadas e a soldagem \u00e9 est\u00e1vel.<\/li>\n<li>Verifique se as dimens\u00f5es externas do gabinete atendem aos requisitos do desenho e se o m\u00e9todo de expans\u00e3o superior \u00e9 consistente com o desenho de especifica\u00e7\u00e3o.<\/li>\n<li>O erro diagonal do gabinete n\u00e3o deve exceder 3 mm.<\/li>\n<li>As caixas que passarem na inspe\u00e7\u00e3o ser\u00e3o carimbadas e assinadas na ficha do processo de produ\u00e7\u00e3o correspondente e instaladas no suporte para ficar em p\u00e9.<\/li>\n<\/ol>\n<p><strong><b>V\u00e1cuo <\/b><\/strong><strong><b>S<\/b><\/strong><strong><b>bruxa <\/b><\/strong><strong><b>T<\/b><\/strong><strong><b>tr\u00eas-<\/b><\/strong><strong><b>S<\/b><\/strong><strong><b>ta\u00e7\u00e3o <\/b><\/strong><strong><b>EU<\/b><\/strong><strong><b>instala\u00e7\u00e3o<\/b><\/strong><\/p>\n<p><img loading=\"lazy\" decoding=\"async\" class=\"alignnone wp-image-2173 size-full\" src=\"http:\/\/www.xminsulation.com\/wp-content\/uploads\/2024\/05\/\u56fe\u724788-2.png\" alt=\"\" width=\"1063\" height=\"1494\" srcset=\"https:\/\/www.xminsulation.com\/wp-content\/uploads\/2024\/05\/\u56fe\u724788-2.png 1063w, https:\/\/www.xminsulation.com\/wp-content\/uploads\/2024\/05\/\u56fe\u724788-2-213x300.png 213w, https:\/\/www.xminsulation.com\/wp-content\/uploads\/2024\/05\/\u56fe\u724788-2-729x1024.png 729w, https:\/\/www.xminsulation.com\/wp-content\/uploads\/2024\/05\/\u56fe\u724788-2-768x1079.png 768w, https:\/\/www.xminsulation.com\/wp-content\/uploads\/2024\/05\/\u56fe\u724788-2-600x843.png 600w\" sizes=\"(max-width: 1063px) 100vw, 1063px\" \/><\/p>\n<p><strong><b>Inspe\u00e7\u00e3o <\/b><\/strong><strong><b>P<\/b><\/strong><strong><b>pomadas e<\/b><\/strong><strong><b>\u00a0P<\/b><\/strong><strong><b>precau\u00e7\u00f5es<\/b><\/strong><\/p>\n<ol>\n<li>Antes de instalar o switch, inspecione-o para garantir que n\u00e3o haja danos em sua superf\u00edcie.<\/li>\n<li>Instale a chave na chapa met\u00e1lica e fixe o corpo da chave com porcas (n\u00e3o aperte as porcas por enquanto e depois aperte o encaixe m\u00f3vel). Certifique-se de que a chave corresponda exatamente ao orif\u00edcio de metal e, em seguida, instale a conex\u00e3o m\u00f3vel.<\/li>\n<li>Depois que o encaixe m\u00f3vel e a chave estiverem fixados e instalados, puxe o encaixe m\u00f3vel para operar a faca de isolamento manualmente. O movimento \u00e9 suave e sem emperramento, e n\u00e3o h\u00e1 deforma\u00e7\u00e3o da faca.<\/li>\n<\/ol>\n<p>&nbsp;<\/p>\n<p><strong><b>Intertravamento <\/b><\/strong><strong><b>D<\/b><\/strong><strong><b>detalhes<\/b><\/strong><\/p>\n<p><img loading=\"lazy\" decoding=\"async\" class=\"alignnone wp-image-2174 size-full\" src=\"http:\/\/www.xminsulation.com\/wp-content\/uploads\/2024\/05\/\u56fe\u724789-2.png\" alt=\"\" width=\"591\" height=\"1467\" srcset=\"https:\/\/www.xminsulation.com\/wp-content\/uploads\/2024\/05\/\u56fe\u724789-2.png 591w, https:\/\/www.xminsulation.com\/wp-content\/uploads\/2024\/05\/\u56fe\u724789-2-121x300.png 121w, https:\/\/www.xminsulation.com\/wp-content\/uploads\/2024\/05\/\u56fe\u724789-2-413x1024.png 413w\" sizes=\"(max-width: 591px) 100vw, 591px\" \/><\/p>\n<h2><strong><b>Opera\u00e7\u00e3o e manuten\u00e7\u00e3o<\/b><\/strong><\/h2>\n<ol>\n<li><strong><b> Operativo <\/b><\/strong><strong><b>C<\/b><\/strong><strong><b>condi\u00e7\u00f5es<\/b><\/strong><strong><b>.<\/b><\/strong><\/li>\n<\/ol>\n<p>SF6-24kV\/630A geralmente opera\/serve em condi\u00e7\u00f5es internas normais e est\u00e1 em conformidade com IEC 62271-1 e GB3906. As condi\u00e7\u00f5es espec\u00edficas s\u00e3o as seguintes:<\/p>\n<ol>\n<li>Temperatura ambiente: temperatura m\u00e1xima +40\u00b0C, temperatura m\u00e1xima m\u00e9dia de 24 horas +35\u00b0C, temperatura m\u00ednima -40\u00b0C.<\/li>\n<li>Umidade: A umidade relativa m\u00e9dia m\u00e1xima medida em 24 horas \u00e9 95%, e a umidade relativa m\u00e9dia m\u00e1xima medida em 1 m\u00eas \u00e9 90%.<\/li>\n<li>Sem reduzir a press\u00e3o do g\u00e1s, a altitude m\u00e1xima de instala\u00e7\u00e3o \u00e9 de 1.500 metros. Quando a altitude de instala\u00e7\u00e3o ultrapassar 1.500 metros, entre em contato com a tecnologia de pr\u00e9-venda.<\/li>\n<li>Condi\u00e7\u00f5es especiais: A opera\u00e7\u00e3o deve atender aos requisitos das normas IEC62271-1 e GB3906. Para condi\u00e7\u00f5es operacionais especiais, o usu\u00e1rio final e o fabricante devem chegar a um acordo. Se estiverem envolvidos ambientes operacionais adversos especiais, o fabricante dever\u00e1 ser consultado. Por exemplo, quando o equipamento el\u00e9trico \u00e9 instalado a uma altitude superior a 1.500 metros, a press\u00e3o atmosf\u00e9rica diminuir\u00e1, causando o incha\u00e7o da caixa de ar.<\/li>\n<\/ol>\n<p>&nbsp;<\/p>\n<ol start=\"2\">\n<li><strong><b> Manuten\u00e7\u00e3o do produto<\/b><\/strong><strong><b>.<\/b><\/strong><\/li>\n<\/ol>\n<p>Todos os componentes dentro do SF6-24kV\/630A s\u00e3o isentos de manuten\u00e7\u00e3o durante a vida \u00fatil declarada do produto.<\/p>\n<p>As posi\u00e7\u00f5es de isolamento e aterramento podem ser observadas para fornecer garantia de seguran\u00e7a para opera\u00e7\u00e3o e constru\u00e7\u00e3o de cabos.<\/p>\n<p>O circuito do sistema \u00e9 completamente isolado da atmosfera e um canal especial de al\u00edvio de press\u00e3o do arco \u00e9 projetado na caixa de ar para garantir a seguran\u00e7a dos operadores e equipamentos.<\/p>\n<p>A parte mec\u00e2nica est\u00e1 localizada na parte externa da caixa de ar e atr\u00e1s do painel frontal. Isso facilita a opera\u00e7\u00e3o e a substitui\u00e7\u00e3o. A superf\u00edcie das pe\u00e7as mec\u00e2nicas passou por tratamento anticorrosivo. Suas partes m\u00f3veis foram lubrificadas antes de sair da f\u00e1brica, o que pode atender ao ciclo de vida do produto. Em ambientes extremos (poeira, areia e sujeira) pode ser necess\u00e1ria inspe\u00e7\u00e3o, manuten\u00e7\u00e3o e, em alguns casos, substitui\u00e7\u00e3o.<\/p>\n<h2>\u25c6Personaliza\u00e7\u00e3o Especial<\/h2>\n<p>Os par\u00e2metros acima s\u00e3o dados t\u00edpicos; se os estilos existentes n\u00e3o atenderem \u00e0s suas demandas espec\u00edficas, entre em contato conosco para um design personalizado. Temos habilidades significativas de desenvolvimento e produ\u00e7\u00e3o de personaliza\u00e7\u00e3o personalizada, o que nos permite fornecer solu\u00e7\u00f5es personalizadas para clientes em todo o mundo.<\/p>","protected":false},"excerpt":{"rendered":"<p>Product Overview The SF6-24 fully enclosed gas insulated ring main unit introduces advanced foreign technology. The SF6-24 inflatable cabinet adopts a modular design, with its perfect unity of fixed type and flexible expansion. SF6-24 inflatable switch cabinet has the characteristics of compact structure, fully insulated, long life, maintenance-free, small footprint, complete solutions, strong scalability, high [&hellip;]<\/p>","protected":false},"featured_media":2164,"template":"","meta":{"site-sidebar-layout":"default","site-content-layout":"","ast-site-content-layout":"default","site-content-style":"default","site-sidebar-style":"default","ast-global-header-display":"","ast-banner-title-visibility":"","ast-main-header-display":"","ast-hfb-above-header-display":"","ast-hfb-below-header-display":"","ast-hfb-mobile-header-display":"","site-post-title":"","ast-breadcrumbs-content":"","ast-featured-img":"","footer-sml-layout":"","theme-transparent-header-meta":"default","adv-header-id-meta":"","stick-header-meta":"","header-above-stick-meta":"","header-main-stick-meta":"","header-below-stick-meta":"","astra-migrate-meta-layouts":"set","ast-page-background-enabled":"default","ast-page-background-meta":{"desktop":{"background-color":"","background-image":"","background-repeat":"repeat","background-position":"center center","background-size":"auto","background-attachment":"scroll","background-type":"","background-media":"","overlay-type":"","overlay-color":"","overlay-gradient":""},"tablet":{"background-color":"","background-image":"","background-repeat":"repeat","background-position":"center center","background-size":"auto","background-attachment":"scroll","background-type":"","background-media":"","overlay-type":"","overlay-color":"","overlay-gradient":""},"mobile":{"background-color":"","background-image":"","background-repeat":"repeat","background-position":"center center","background-size":"auto","background-attachment":"scroll","background-type":"","background-media":"","overlay-type":"","overlay-color":"","overlay-gradient":""}},"ast-content-background-meta":{"desktop":{"background-color":"var(--ast-global-color-5)","background-image":"","background-repeat":"repeat","background-position":"center center","background-size":"auto","background-attachment":"scroll","background-type":"","background-media":"","overlay-type":"","overlay-color":"","overlay-gradient":""},"tablet":{"background-color":"var(--ast-global-color-5)","background-image":"","background-repeat":"repeat","background-position":"center center","background-size":"auto","background-attachment":"scroll","background-type":"","background-media":"","overlay-type":"","overlay-color":"","overlay-gradient":""},"mobile":{"background-color":"var(--ast-global-color-5)","background-image":"","background-repeat":"repeat","background-position":"center center","background-size":"auto","background-attachment":"scroll","background-type":"","background-media":"","overlay-type":"","overlay-color":"","overlay-gradient":""}}},"product_cat":[34],"product_tag":[],"class_list":{"0":"post-2163","1":"product","2":"type-product","3":"status-publish","4":"has-post-thumbnail","6":"product_cat-10-40-5kv-sf6-gas-insulated-switchgear-gis-rmu","7":"desktop-align-left","8":"tablet-align-left","9":"mobile-align-left","11":"first","12":"instock","13":"shipping-taxable","14":"product-type-simple"},"_links":{"self":[{"href":"https:\/\/www.xminsulation.com\/pt\/wp-json\/wp\/v2\/product\/2163","targetHints":{"allow":["GET"]}}],"collection":[{"href":"https:\/\/www.xminsulation.com\/pt\/wp-json\/wp\/v2\/product"}],"about":[{"href":"https:\/\/www.xminsulation.com\/pt\/wp-json\/wp\/v2\/types\/product"}],"wp:featuredmedia":[{"embeddable":true,"href":"https:\/\/www.xminsulation.com\/pt\/wp-json\/wp\/v2\/media\/2164"}],"wp:attachment":[{"href":"https:\/\/www.xminsulation.com\/pt\/wp-json\/wp\/v2\/media?parent=2163"}],"wp:term":[{"taxonomy":"product_cat","embeddable":true,"href":"https:\/\/www.xminsulation.com\/pt\/wp-json\/wp\/v2\/product_cat?post=2163"},{"taxonomy":"product_tag","embeddable":true,"href":"https:\/\/www.xminsulation.com\/pt\/wp-json\/wp\/v2\/product_tag?post=2163"}],"curies":[{"name":"wp","href":"https:\/\/api.w.org\/{rel}","templated":true}]}}