{"id":2152,"date":"2024-05-13T16:43:49","date_gmt":"2024-05-13T08:43:49","guid":{"rendered":"http:\/\/www.xminsulation.com\/?post_type=product&#038;p=2152"},"modified":"2024-05-28T18:20:30","modified_gmt":"2024-05-28T10:20:30","slug":"40-5kv-1250a-sf6-gas-insulated-switchgear-gis-rmu","status":"publish","type":"product","link":"https:\/\/www.xminsulation.com\/pt\/product\/40-5kv-1250a-sf6-gas-insulated-switchgear-gis-rmu\/","title":{"rendered":"GIS RMU isolado a g\u00e1s do painel de distribui\u00e7\u00e3o 40,5kV-1250A SF6"},"content":{"rendered":"<p><img fetchpriority=\"high\" decoding=\"async\" class=\"alignnone wp-image-2154 size-full\" src=\"http:\/\/www.xminsulation.com\/wp-content\/uploads\/2024\/05\/\u56fe\u724771-3.png\" alt=\"\" width=\"1049\" height=\"1049\" srcset=\"https:\/\/www.xminsulation.com\/wp-content\/uploads\/2024\/05\/\u56fe\u724771-3.png 1049w, https:\/\/www.xminsulation.com\/wp-content\/uploads\/2024\/05\/\u56fe\u724771-3-300x300.png 300w, https:\/\/www.xminsulation.com\/wp-content\/uploads\/2024\/05\/\u56fe\u724771-3-1024x1024.png 1024w, https:\/\/www.xminsulation.com\/wp-content\/uploads\/2024\/05\/\u56fe\u724771-3-150x150.png 150w, https:\/\/www.xminsulation.com\/wp-content\/uploads\/2024\/05\/\u56fe\u724771-3-768x768.png 768w, https:\/\/www.xminsulation.com\/wp-content\/uploads\/2024\/05\/\u56fe\u724771-3-600x600.png 600w, https:\/\/www.xminsulation.com\/wp-content\/uploads\/2024\/05\/\u56fe\u724771-3-100x100.png 100w\" sizes=\"(max-width: 1049px) 100vw, 1049px\" \/><\/p>\n<h2><strong><b>G<\/b><\/strong><strong><b>geral <\/b><\/strong><strong><b>EU<\/b><\/strong><strong><b>Introdu\u00e7\u00e3o<\/b><\/strong><\/h2>\n<p>A unidade principal de anel infl\u00e1vel SF6 totalmente fechada e isolada de 40,5 kV-1250 A apresenta tecnologia estrangeira avan\u00e7ada e adota um design modular, com sua unidade perfeita de tipo fixo e expans\u00e3o flex\u00edvel. O gabinete de interruptores infl\u00e1vel SF-40.5 tem as caracter\u00edsticas de estrutura compacta, totalmente isolado, longa vida \u00fatil, livre de manuten\u00e7\u00e3o, tamanho pequeno, solu\u00e7\u00f5es completas, forte escalabilidade, alto fator de seguran\u00e7a e n\u00e3o \u00e9 afetado pelo ambiente.<\/p>\n<p>Pode ser amplamente utilizado em redes de anel industriais, civis e redes de fornecimento de energia terminal. \u00c9 especialmente adequado para pequenas esta\u00e7\u00f5es de distribui\u00e7\u00e3o de energia secund\u00e1ria, esta\u00e7\u00f5es de comuta\u00e7\u00e3o, empresas industriais e de minera\u00e7\u00e3o, aeroportos, ferrovias, rodovias, metr\u00f4s, distritos comerciais, alojamentos, energia e\u00f3lica, fotovoltaica e outros campos. O gabinete de comuta\u00e7\u00e3o \u00e9 totalmente fechado, livre de manuten\u00e7\u00e3o, pequeno em tamanho, excelente em desempenho, seguro e confi\u00e1vel, longa vida \u00fatil e livre de manuten\u00e7\u00e3o, e \u00e9 muito popular entre os usu\u00e1rios.<\/p>\n<h2><strong><b>Caracter\u00edsticas do produto<\/b><\/strong><\/h2>\n<p>Design modular, cada m\u00f3dulo de unidade pode ser combinado e expandido arbitrariamente sem a necessidade de infla\u00e7\u00e3o e defla\u00e7\u00e3o, o que facilita a combina\u00e7\u00e3o de solu\u00e7\u00f5es e o design de medi\u00e7\u00e3o de alta press\u00e3o, e tem uma ampla gama de adaptabilidade. Arm\u00e1rios de entrada e sa\u00edda de disjuntores totalmente isolados SF6 (extin\u00e7\u00e3o de arco a v\u00e1cuo), arm\u00e1rios de entrada e sa\u00edda de interruptores de carga, arm\u00e1rios de conex\u00e3o de barramento, arm\u00e1rios de medi\u00e7\u00e3o, arm\u00e1rios el\u00e9tricos combinados de interruptores de carga-fus\u00edveis e arm\u00e1rios de TV (com ou sem interruptores) solu\u00e7\u00f5es combinadas est\u00e3o dispon\u00edveis Dividido em unidade \u00fanica, duas unidades, tr\u00eas unidades, quatro unidades e outras combina\u00e7\u00f5es compactas, ele fornece amplas perspectivas de aplica\u00e7\u00e3o para arm\u00e1rios de rede em anel totalmente isolados SF6 ou arm\u00e1rios de distribui\u00e7\u00e3o multicircuito.<\/p>\n<p>O gabinete adota uma estrutura blindada. H\u00e1 divis\u00f3rias de metal entre a sala de barramento e a sala de comuta\u00e7\u00e3o, e entre o gabinete de comuta\u00e7\u00e3o e a sala de cabos. O n\u00edvel de prote\u00e7\u00e3o da parte prim\u00e1ria da estrutura totalmente isolada pode atingir IP67. A estanqueidade \u00e9 muito boa, o consumo de ar \u00e9 pequeno e pode garantir nenhum vazamento de ar por 30 anos. O mecanismo operacional \u00e9 feito de metal resistente \u00e0 corros\u00e3o, e os rolamentos das pe\u00e7as rotativas s\u00e3o todos projetos autolubrificantes. O produto n\u00e3o \u00e9 afetado pelo ambiente, n\u00e3o requer manuten\u00e7\u00e3o regular e \u00e9 conectado ao mundo externo. Conveniente, isso resulta em baixa pot\u00eancia operacional, alta confiabilidade e vida \u00fatil mais longa. O barramento de extens\u00e3o usa conectores de silicone plug-in, que s\u00e3o totalmente isolados e blindados para garantir confiabilidade condutiva e n\u00e3o s\u00e3o afetados pelo ambiente ao redor. A conex\u00e3o e expans\u00e3o combinadas s\u00e3o convenientes, o que facilita a expans\u00e3o futura da capacidade e a transforma\u00e7\u00e3o de usu\u00e1rios ou subesta\u00e7\u00f5es.<\/p>\n<h2><strong><b>produtos <\/b><\/strong><strong><b>A<\/b><\/strong><strong><b>vantagens<\/b><\/strong><\/h2>\n<ol>\n<li>Aplica\u00e7\u00e3o em \u00e1reas de plat\u00f4: g\u00e1s SF6, caracter\u00edsticas de isolamento total, n\u00e3o h\u00e1 necessidade de considerar a influ\u00eancia da diferen\u00e7a de press\u00e3o dentro e fora da caixa de g\u00e1s.<\/li>\n<li>Montagem da unidade: conveniente para expans\u00e3o do usu\u00e1rio, altera\u00e7\u00f5es de planos e trocas de circuitos.<\/li>\n<li>Aplica\u00e7\u00e3o de automa\u00e7\u00e3o de rede de distribui\u00e7\u00e3o: Pode cooperar com todos os terminais de automa\u00e7\u00e3o do mercado para realizar facilmente a automa\u00e7\u00e3o da rede de distribui\u00e7\u00e3o.<\/li>\n<li>Aplica\u00e7\u00e3o em \u00e1reas costeiras: O mecanismo \u00e9 totalmente selado e possui tratamento anticorrosivo anti-sal de longo prazo para garantir a opera\u00e7\u00e3o segura do equipamento por um longo tempo.<\/li>\n<li>Aplica\u00e7\u00e3o em \u00e1reas com vento forte e areia: O mecanismo \u00e9 selado, o circuito prim\u00e1rio e o barramento s\u00e3o totalmente selados, e o circuito de controle adota tiras de veda\u00e7\u00e3o espec\u00edficas para autom\u00f3veis para garantir uma opera\u00e7\u00e3o segura a longo prazo em \u00e1reas com vento forte e areia.<\/li>\n<li>As unidades podem ser combinadas livremente para concretizar diferentes solu\u00e7\u00f5es.<\/li>\n<\/ol>\n<h2><strong><b>Gabinete <\/b><\/strong><strong><b>S<\/b><\/strong><strong><b>estrutura<\/b><\/strong><\/h2>\n<p>O compartimento infl\u00e1vel \u00e9 feito de chapa de a\u00e7o inoxid\u00e1vel de 3 a 5 mm de espessura, que \u00e9 soldada por um rob\u00f4 de soldagem ap\u00f3s ser processada por m\u00e1quinas-ferramentas CNC. Tem menos deforma\u00e7\u00e3o de soldagem e boa estanqueidade ao ar. Os compartimentos restantes s\u00e3o feitos de chapas de a\u00e7o laminadas a frio de alta qualidade, que s\u00e3o soldadas ap\u00f3s dobra CNC. Tem as caracter\u00edsticas de alta precis\u00e3o e boa resist\u00eancia; cada unidade funcional \u00e9 um m\u00f3dulo independente, o que \u00e9 extremamente conveniente de montar. Cada compartimento selado do gabinete \u00e9 equipado com um canal de al\u00edvio de press\u00e3o independente para maximizar a seguran\u00e7a pessoal e a opera\u00e7\u00e3o do equipamento.<\/p>\n<p><strong><b>Mais baixo <\/b><\/strong><strong><b>EU<\/b><\/strong><strong><b>sola\u00e7\u00e3o <\/b><\/strong><strong><b>C<\/b><\/strong><strong><b>circuito <\/b><\/strong><strong><b>B<\/b><\/strong><strong><b>reator<\/b><\/strong><\/p>\n<p><img decoding=\"async\" class=\"alignnone wp-image-2155 size-full\" src=\"http:\/\/www.xminsulation.com\/wp-content\/uploads\/2024\/05\/\u56fe\u724772-3.png\" alt=\"\" width=\"1383\" height=\"1248\" srcset=\"https:\/\/www.xminsulation.com\/wp-content\/uploads\/2024\/05\/\u56fe\u724772-3.png 1383w, https:\/\/www.xminsulation.com\/wp-content\/uploads\/2024\/05\/\u56fe\u724772-3-300x271.png 300w, https:\/\/www.xminsulation.com\/wp-content\/uploads\/2024\/05\/\u56fe\u724772-3-1024x924.png 1024w, https:\/\/www.xminsulation.com\/wp-content\/uploads\/2024\/05\/\u56fe\u724772-3-768x693.png 768w, https:\/\/www.xminsulation.com\/wp-content\/uploads\/2024\/05\/\u56fe\u724772-3-600x541.png 600w\" sizes=\"(max-width: 1383px) 100vw, 1383px\" \/><\/p>\n<p><strong><b>Mais baixo <\/b><\/strong><strong><b>EU<\/b><\/strong><strong><b>sola\u00e7\u00e3o <\/b><\/strong><strong><b>Tanque de g\u00e1s<\/b><\/strong><\/p>\n<p><img decoding=\"async\" class=\"alignnone wp-image-2156 size-full\" src=\"http:\/\/www.xminsulation.com\/wp-content\/uploads\/2024\/05\/\u56fe\u724773-2.png\" alt=\"\" width=\"1586\" height=\"1476\" srcset=\"https:\/\/www.xminsulation.com\/wp-content\/uploads\/2024\/05\/\u56fe\u724773-2.png 1586w, https:\/\/www.xminsulation.com\/wp-content\/uploads\/2024\/05\/\u56fe\u724773-2-300x279.png 300w, https:\/\/www.xminsulation.com\/wp-content\/uploads\/2024\/05\/\u56fe\u724773-2-1024x953.png 1024w, https:\/\/www.xminsulation.com\/wp-content\/uploads\/2024\/05\/\u56fe\u724773-2-768x715.png 768w, https:\/\/www.xminsulation.com\/wp-content\/uploads\/2024\/05\/\u56fe\u724773-2-1536x1429.png 1536w, https:\/\/www.xminsulation.com\/wp-content\/uploads\/2024\/05\/\u56fe\u724773-2-600x558.png 600w\" sizes=\"(max-width: 1586px) 100vw, 1586px\" \/><\/p>\n<p><strong><b>Mais baixo <\/b><\/strong><strong><b>EU<\/b><\/strong><strong><b>sola\u00e7\u00e3o <\/b><\/strong><strong><b>C<\/b><\/strong><strong><b>circuito <\/b><\/strong><strong><b>B<\/b><\/strong><strong><b>reator <\/b><\/strong><strong><b>S<\/b><\/strong><strong><b>ize<\/b><\/strong><\/p>\n<p><img loading=\"lazy\" decoding=\"async\" class=\"alignnone wp-image-2157 size-large\" src=\"http:\/\/www.xminsulation.com\/wp-content\/uploads\/2024\/05\/\u56fe\u724774-3-1024x451.png\" alt=\"\" width=\"1024\" height=\"451\" srcset=\"https:\/\/www.xminsulation.com\/wp-content\/uploads\/2024\/05\/\u56fe\u724774-3-1024x451.png 1024w, https:\/\/www.xminsulation.com\/wp-content\/uploads\/2024\/05\/\u56fe\u724774-3-300x132.png 300w, https:\/\/www.xminsulation.com\/wp-content\/uploads\/2024\/05\/\u56fe\u724774-3-768x338.png 768w, https:\/\/www.xminsulation.com\/wp-content\/uploads\/2024\/05\/\u56fe\u724774-3-1536x676.png 1536w, https:\/\/www.xminsulation.com\/wp-content\/uploads\/2024\/05\/\u56fe\u724774-3-600x264.png 600w, https:\/\/www.xminsulation.com\/wp-content\/uploads\/2024\/05\/\u56fe\u724774-3.png 1994w\" sizes=\"(max-width: 1024px) 100vw, 1024px\" \/><\/p>\n<h2><strong><b>Gabinete <\/b><\/strong><strong><b>S<\/b><\/strong><strong><b>ize<\/b><\/strong><\/h2>\n<p><img loading=\"lazy\" decoding=\"async\" class=\"alignnone wp-image-2158 size-large\" src=\"http:\/\/www.xminsulation.com\/wp-content\/uploads\/2024\/05\/\u56fe\u724775-2-1024x973.png\" alt=\"\" width=\"1024\" height=\"973\" srcset=\"https:\/\/www.xminsulation.com\/wp-content\/uploads\/2024\/05\/\u56fe\u724775-2-1024x973.png 1024w, https:\/\/www.xminsulation.com\/wp-content\/uploads\/2024\/05\/\u56fe\u724775-2-300x285.png 300w, https:\/\/www.xminsulation.com\/wp-content\/uploads\/2024\/05\/\u56fe\u724775-2-768x730.png 768w, https:\/\/www.xminsulation.com\/wp-content\/uploads\/2024\/05\/\u56fe\u724775-2-1536x1460.png 1536w, https:\/\/www.xminsulation.com\/wp-content\/uploads\/2024\/05\/\u56fe\u724775-2-600x570.png 600w, https:\/\/www.xminsulation.com\/wp-content\/uploads\/2024\/05\/\u56fe\u724775-2.png 1552w\" sizes=\"(max-width: 1024px) 100vw, 1024px\" \/><\/p>\n<h2><strong><b>Uso <\/b><\/strong><strong><b>E<\/b><\/strong><strong><b>ambiente e <\/b><\/strong><strong><b>C<\/b><\/strong><strong><b>condi\u00e7\u00f5es<\/b><\/strong><\/h2>\n<ol>\n<li>Temperatura do ar: temperatura m\u00e1xima: +40\u2103, temperatura m\u00ednima: -20\u2103.<\/li>\n<li>Temperatura: A temperatura m\u00e9dia mensal \u00e9 de 95%, e a temperatura m\u00e9dia di\u00e1ria \u00e9 de 90%.<\/li>\n<li>Altitude: Altura m\u00e1xima de instala\u00e7\u00e3o: 2500 metros.<\/li>\n<li>N\u00e3o inflam\u00e1vel, explosivo, polui\u00e7\u00e3o grave, corros\u00e3o qu\u00edmica ou vibra\u00e7\u00e3o severa.<\/li>\n<li>Quando a altitude de instala\u00e7\u00e3o exceder 2.500 metros ou houver outras condi\u00e7\u00f5es especiais, entre em contato com o departamento de tecnologia de pr\u00e9-venda.<\/li>\n<\/ol>\n<p><img loading=\"lazy\" decoding=\"async\" class=\"alignnone wp-image-2159 size-full\" src=\"http:\/\/www.xminsulation.com\/wp-content\/uploads\/2024\/05\/\u56fe\u724776-3.png\" alt=\"\" width=\"826\" height=\"764\" srcset=\"https:\/\/www.xminsulation.com\/wp-content\/uploads\/2024\/05\/\u56fe\u724776-3.png 826w, https:\/\/www.xminsulation.com\/wp-content\/uploads\/2024\/05\/\u56fe\u724776-3-300x277.png 300w, https:\/\/www.xminsulation.com\/wp-content\/uploads\/2024\/05\/\u56fe\u724776-3-768x710.png 768w, https:\/\/www.xminsulation.com\/wp-content\/uploads\/2024\/05\/\u56fe\u724776-3-600x555.png 600w\" sizes=\"(max-width: 826px) 100vw, 826px\" \/><\/p>\n<h2><strong><b>instru\u00e7\u00f5es de instala\u00e7\u00e3o<\/b><\/strong><\/h2>\n<ol>\n<li>Limpe a caixa de ar e trate a superf\u00edcie de veda\u00e7\u00e3o antes de usar: limpe a caixa de ar com \u00e1lcool, lixa fina e pano limpo antes da instala\u00e7\u00e3o e do uso.<\/li>\n<li>Inspecione a superf\u00edcie de veda\u00e7\u00e3o da caixa. N\u00e3o deve haver arranh\u00f5es, rebarbas, esc\u00f3ria de soldagem, limalhas de ferro e outras mat\u00e9rias estranhas penetrando na correia de veda\u00e7\u00e3o. Verifique principalmente os seguintes locais: ao redor do furo de instala\u00e7\u00e3o do inv\u00f3lucro, ao redor da instala\u00e7\u00e3o do selo din\u00e2mico, ao redor da instala\u00e7\u00e3o da v\u00e1lvula \u00e0 prova de explos\u00e3o. Orif\u00edcio de montagem do bar\u00f4metro.<\/li>\n<li>A verticalidade do pino soldado \u00e9 boa, os pontos de soldagem ao redor da raiz do pino s\u00e3o uniformes, sem deflex\u00e3o, a rosca \u00e9 lisa e as especifica\u00e7\u00f5es de tamanho atendem aos requisitos do desenho.<\/li>\n<li>O ajuste din\u00e2mico pode caber na superf\u00edcie de veda\u00e7\u00e3o antes de apertar.<\/li>\n<li>A sede da v\u00e1lvula do man\u00f4metro de ar \u00e9 soldada com precis\u00e3o, as roscas internas n\u00e3o est\u00e3o danificadas e a soldagem \u00e9 est\u00e1vel.<\/li>\n<li>O assento de aterramento da carca\u00e7a \u00e9 soldado com precis\u00e3o, as roscas internas n\u00e3o est\u00e3o danificadas e a soldagem \u00e9 est\u00e1vel.<\/li>\n<li>Verifique se as dimens\u00f5es externas do gabinete atendem aos requisitos do desenho e se o m\u00e9todo de expans\u00e3o superior \u00e9 consistente com o desenho de especifica\u00e7\u00e3o.<\/li>\n<li>O erro diagonal do gabinete \u00e9 inferior a 3 mm.<\/li>\n<li>As caixas que passarem na inspe\u00e7\u00e3o ser\u00e3o carimbadas e assinadas na ficha do processo de produ\u00e7\u00e3o correspondente e instaladas no suporte para ficar em p\u00e9.<\/li>\n<\/ol>\n<h2><strong><b>Tanque de g\u00e1s<\/b><\/strong><strong><b>\u00a0<\/b><\/strong><strong><b>EU<\/b><\/strong><strong><b>interno <\/b><\/strong><strong><b>EU<\/b><\/strong><strong><b>instala\u00e7\u00e3o <\/b><\/strong><strong><b>D<\/b><\/strong><strong><b>diagrama<\/b><\/strong><\/h2>\n<p><img loading=\"lazy\" decoding=\"async\" class=\"alignnone wp-image-2160 size-full\" src=\"http:\/\/www.xminsulation.com\/wp-content\/uploads\/2024\/05\/\u56fe\u724777-3.png\" alt=\"\" width=\"868\" height=\"1110\" srcset=\"https:\/\/www.xminsulation.com\/wp-content\/uploads\/2024\/05\/\u56fe\u724777-3.png 868w, https:\/\/www.xminsulation.com\/wp-content\/uploads\/2024\/05\/\u56fe\u724777-3-235x300.png 235w, https:\/\/www.xminsulation.com\/wp-content\/uploads\/2024\/05\/\u56fe\u724777-3-801x1024.png 801w, https:\/\/www.xminsulation.com\/wp-content\/uploads\/2024\/05\/\u56fe\u724777-3-768x982.png 768w, https:\/\/www.xminsulation.com\/wp-content\/uploads\/2024\/05\/\u56fe\u724777-3-600x767.png 600w\" sizes=\"(max-width: 868px) 100vw, 868px\" \/><\/p>\n<p><strong><b>Circuito <\/b><\/strong><strong><b>B<\/b><\/strong><strong><b>reator <\/b><\/strong><strong><b>EU<\/b><\/strong><strong><b>instala\u00e7\u00e3o <\/b><\/strong><strong><b>EU<\/b><\/strong><strong><b>nspec\u00e7\u00e3o <\/b><\/strong><strong><b>P<\/b><\/strong><strong><b>pomadas e <\/b><\/strong><strong><b>P<\/b><\/strong><strong><b>precau\u00e7\u00f5es:<\/b><\/strong><\/p>\n<ol>\n<li>Antes de instalar o interruptor, ele deve ser inspecionado para garantir que n\u00e3o haja danos na superf\u00edcie do interruptor.<\/li>\n<li>Instale o interruptor na chapa met\u00e1lica e fixe o corpo do interruptor com porcas (n\u00e3o aperte as porcas por enquanto e ent\u00e3o aperte o encaixe m\u00f3vel). Certifique-se de que o interruptor corresponda precisamente ao furo de metal e ent\u00e3o monte o encaixe m\u00f3vel.<\/li>\n<li>Ap\u00f3s o ajuste din\u00e2mico e o interruptor serem fixados e instalados, puxe o ajuste m\u00f3vel manualmente para operar a faca de isolamento. O movimento \u00e9 suave e sem emperramento, e n\u00e3o h\u00e1 deforma\u00e7\u00e3o da faca.<\/li>\n<\/ol>\n<p><strong><b>O <\/b><\/strong><strong><b>F<\/b><\/strong><strong><b>seguindo <\/b><\/strong><strong><b>P<\/b><\/strong><strong><b>imagem <\/b><\/strong><strong><b>S<\/b><\/strong><strong><b>como est\u00e1 o <\/b><\/strong><strong><b>EU<\/b><\/strong><strong><b>instala\u00e7\u00e3o do <\/b><\/strong><strong><b>EU<\/b><\/strong><strong><b>Soltando <\/b><\/strong><strong><b>C<\/b><\/strong><strong><b>circuito <\/b><\/strong><strong><b>B<\/b><\/strong><strong><b>reator:<\/b><\/strong><\/p>\n<p><img loading=\"lazy\" decoding=\"async\" class=\"alignnone wp-image-2161 size-full\" src=\"http:\/\/www.xminsulation.com\/wp-content\/uploads\/2024\/05\/\u56fe\u724778-3.png\" alt=\"\" width=\"988\" height=\"1013\" srcset=\"https:\/\/www.xminsulation.com\/wp-content\/uploads\/2024\/05\/\u56fe\u724778-3.png 988w, https:\/\/www.xminsulation.com\/wp-content\/uploads\/2024\/05\/\u56fe\u724778-3-293x300.png 293w, https:\/\/www.xminsulation.com\/wp-content\/uploads\/2024\/05\/\u56fe\u724778-3-768x787.png 768w, https:\/\/www.xminsulation.com\/wp-content\/uploads\/2024\/05\/\u56fe\u724778-3-600x615.png 600w\" sizes=\"(max-width: 988px) 100vw, 988px\" \/><\/p>\n<p><strong><b>O <\/b><\/strong><strong><b>F<\/b><\/strong><strong><b>seguindo <\/b><\/strong><strong><b>P<\/b><\/strong><strong><b>As imagens s\u00e3o <\/b><\/strong><strong><b>EU<\/b><\/strong><strong><b>intertravamento <\/b><\/strong><strong><b>D<\/b><\/strong><strong><b>Detalhes:<\/b><\/strong><\/p>\n<p><img loading=\"lazy\" decoding=\"async\" class=\"alignnone wp-image-2162 size-full\" src=\"http:\/\/www.xminsulation.com\/wp-content\/uploads\/2024\/05\/\u56fe\u724779-2.png\" alt=\"\" width=\"710\" height=\"1311\" srcset=\"https:\/\/www.xminsulation.com\/wp-content\/uploads\/2024\/05\/\u56fe\u724779-2.png 710w, https:\/\/www.xminsulation.com\/wp-content\/uploads\/2024\/05\/\u56fe\u724779-2-162x300.png 162w, https:\/\/www.xminsulation.com\/wp-content\/uploads\/2024\/05\/\u56fe\u724779-2-555x1024.png 555w, https:\/\/www.xminsulation.com\/wp-content\/uploads\/2024\/05\/\u56fe\u724779-2-600x1108.png 600w\" sizes=\"(max-width: 710px) 100vw, 710px\" \/><\/p>\n<h2><strong><b>Opera\u00e7\u00e3o e manuten\u00e7\u00e3o<\/b><\/strong><\/h2>\n<p>1 , Condi\u00e7\u00f5es de opera\u00e7\u00e3o.<br \/>\nSF6-40,5kV\/1250A geralmente opera\/atende sob condi\u00e7\u00f5es internas normais e est\u00e1 em conformidade com IEC 62271-1 e GB3906. As condi\u00e7\u00f5es espec\u00edficas s\u00e3o as seguintes.<br \/>\na. Temperatura ambiente: temperatura m\u00e1xima +40\u2103; temperatura m\u00e1xima m\u00e9dia de 24 horas +35\u2103; temperatura m\u00ednima -40\u2103.<br \/>\nb. Umidade: A umidade relativa m\u00e9dia m\u00e1xima medida em 24 horas \u00e9 95%; a umidade relativa m\u00e9dia m\u00e1xima medida em 1 m\u00eas \u00e9 90%.<br \/>\nc. A altitude m\u00e1xima de instala\u00e7\u00e3o \u00e9 de 2500 metros sem reduzir a press\u00e3o do g\u00e1s. Quando a altitude de instala\u00e7\u00e3o exceder 2500 metros, entre em contato com a tecnologia de pr\u00e9-vendas.<br \/>\nd. Condi\u00e7\u00f5es especiais: A opera\u00e7\u00e3o deve estar em conformidade com os requisitos dos padr\u00f5es IEC62271-1 e GB3906. Para condi\u00e7\u00f5es especiais de opera\u00e7\u00e3o, o usu\u00e1rio final e o fabricante devem chegar a um acordo. Se ambientes operacionais severos especiais estiverem envolvidos, o fabricante deve ser consultado. Por exemplo, quando o equipamento el\u00e9trico \u00e9 instalado em uma altitude acima de 2.500 metros, a press\u00e3o atmosf\u00e9rica diminuir\u00e1, fazendo com que a caixa de ar fique saliente.<\/p>\n<p>2, Manuten\u00e7\u00e3o do produto.<br \/>\na, Todos os componentes internos n\u00e3o necessitam de manuten\u00e7\u00e3o durante a vida \u00fatil declarada do produto.<br \/>\nb. As posi\u00e7\u00f5es de isolamento e aterramento podem ser observadas para fornecer garantia de seguran\u00e7a para opera\u00e7\u00e3o e constru\u00e7\u00e3o do cabo.<br \/>\nc. O circuito do sistema \u00e9 completamente isolado da atmosfera, e um canal especial de al\u00edvio de press\u00e3o do arco \u00e9 projetado na caixa de ar para garantir a seguran\u00e7a dos operadores e do equipamento.<br \/>\nd. A parte mec\u00e2nica est\u00e1 localizada fora da caixa de ar e atr\u00e1s do painel frontal. Isso facilita a opera\u00e7\u00e3o e a substitui\u00e7\u00e3o. A superf\u00edcie das partes mec\u00e2nicas passou por tratamento anticorrosivo. Suas partes m\u00f3veis foram lubrificadas antes de sair da f\u00e1brica, o que pode atender ao uso do ciclo de vida do produto. Em ambientes extremos (poeira, areia e sujeira), inspe\u00e7\u00e3o, manuten\u00e7\u00e3o e, em alguns casos, substitui\u00e7\u00e3o podem ser necess\u00e1rias.<\/p>\n<h2>\u25c6Personaliza\u00e7\u00e3o Especial<\/h2>\n<p>Os par\u00e2metros acima s\u00e3o dados t\u00edpicos; se os estilos existentes n\u00e3o atenderem \u00e0s suas demandas espec\u00edficas, entre em contato conosco para um design personalizado. Temos habilidades significativas de desenvolvimento e produ\u00e7\u00e3o de personaliza\u00e7\u00e3o personalizada, o que nos permite fornecer solu\u00e7\u00f5es personalizadas para clientes em todo o mundo.<\/p>","protected":false},"excerpt":{"rendered":"<p>General Intruduction The 40.5kV-1250A fully enclosed and fully insulated SF6 inflatable ring main unit introduces advanced foreign technology and adopts a modular design, with its perfect unity of fixed type and flexible expansion. SF-40.5 inflatable switch cabinet has the characteristics of compact structure, fully insulated, long life, maintenance-free, small footprint, complete solutions, strong scalability, high [&hellip;]<\/p>","protected":false},"featured_media":2153,"template":"","meta":{"site-sidebar-layout":"default","site-content-layout":"","ast-site-content-layout":"default","site-content-style":"default","site-sidebar-style":"default","ast-global-header-display":"","ast-banner-title-visibility":"","ast-main-header-display":"","ast-hfb-above-header-display":"","ast-hfb-below-header-display":"","ast-hfb-mobile-header-display":"","site-post-title":"","ast-breadcrumbs-content":"","ast-featured-img":"","footer-sml-layout":"","theme-transparent-header-meta":"default","adv-header-id-meta":"","stick-header-meta":"","header-above-stick-meta":"","header-main-stick-meta":"","header-below-stick-meta":"","astra-migrate-meta-layouts":"set","ast-page-background-enabled":"default","ast-page-background-meta":{"desktop":{"background-color":"","background-image":"","background-repeat":"repeat","background-position":"center center","background-size":"auto","background-attachment":"scroll","background-type":"","background-media":"","overlay-type":"","overlay-color":"","overlay-gradient":""},"tablet":{"background-color":"","background-image":"","background-repeat":"repeat","background-position":"center center","background-size":"auto","background-attachment":"scroll","background-type":"","background-media":"","overlay-type":"","overlay-color":"","overlay-gradient":""},"mobile":{"background-color":"","background-image":"","background-repeat":"repeat","background-position":"center center","background-size":"auto","background-attachment":"scroll","background-type":"","background-media":"","overlay-type":"","overlay-color":"","overlay-gradient":""}},"ast-content-background-meta":{"desktop":{"background-color":"var(--ast-global-color-5)","background-image":"","background-repeat":"repeat","background-position":"center center","background-size":"auto","background-attachment":"scroll","background-type":"","background-media":"","overlay-type":"","overlay-color":"","overlay-gradient":""},"tablet":{"background-color":"var(--ast-global-color-5)","background-image":"","background-repeat":"repeat","background-position":"center center","background-size":"auto","background-attachment":"scroll","background-type":"","background-media":"","overlay-type":"","overlay-color":"","overlay-gradient":""},"mobile":{"background-color":"var(--ast-global-color-5)","background-image":"","background-repeat":"repeat","background-position":"center center","background-size":"auto","background-attachment":"scroll","background-type":"","background-media":"","overlay-type":"","overlay-color":"","overlay-gradient":""}}},"product_cat":[34],"product_tag":[],"class_list":{"0":"post-2152","1":"product","2":"type-product","3":"status-publish","4":"has-post-thumbnail","6":"product_cat-10-40-5kv-sf6-gas-insulated-switchgear-gis-rmu","7":"desktop-align-left","8":"tablet-align-left","9":"mobile-align-left","11":"first","12":"instock","13":"shipping-taxable","14":"product-type-simple"},"_links":{"self":[{"href":"https:\/\/www.xminsulation.com\/pt\/wp-json\/wp\/v2\/product\/2152","targetHints":{"allow":["GET"]}}],"collection":[{"href":"https:\/\/www.xminsulation.com\/pt\/wp-json\/wp\/v2\/product"}],"about":[{"href":"https:\/\/www.xminsulation.com\/pt\/wp-json\/wp\/v2\/types\/product"}],"wp:featuredmedia":[{"embeddable":true,"href":"https:\/\/www.xminsulation.com\/pt\/wp-json\/wp\/v2\/media\/2153"}],"wp:attachment":[{"href":"https:\/\/www.xminsulation.com\/pt\/wp-json\/wp\/v2\/media?parent=2152"}],"wp:term":[{"taxonomy":"product_cat","embeddable":true,"href":"https:\/\/www.xminsulation.com\/pt\/wp-json\/wp\/v2\/product_cat?post=2152"},{"taxonomy":"product_tag","embeddable":true,"href":"https:\/\/www.xminsulation.com\/pt\/wp-json\/wp\/v2\/product_tag?post=2152"}],"curies":[{"name":"wp","href":"https:\/\/api.w.org\/{rel}","templated":true}]}}