{"id":2080,"date":"2024-05-17T09:52:36","date_gmt":"2024-05-17T01:52:36","guid":{"rendered":"http:\/\/www.xminsulation.com\/?post_type=product&#038;p=2080"},"modified":"2024-05-17T09:52:36","modified_gmt":"2024-05-17T01:52:36","slug":"spring-operating-mechanism-circuit-breaker-mechanism","status":"publish","type":"product","link":"https:\/\/www.xminsulation.com\/pt\/product\/spring-operating-mechanism-circuit-breaker-mechanism\/","title":{"rendered":"Mecanismo de opera\u00e7\u00e3o de mola - Mecanismo de disjuntor"},"content":{"rendered":"<p><img fetchpriority=\"high\" decoding=\"async\" class=\"alignnone wp-image-2081 size-full\" src=\"http:\/\/www.xminsulation.com\/wp-content\/uploads\/2024\/05\/\u56fe\u724711-4.png\" alt=\"\" width=\"1000\" height=\"1000\" srcset=\"https:\/\/www.xminsulation.com\/wp-content\/uploads\/2024\/05\/\u56fe\u724711-4.png 1000w, https:\/\/www.xminsulation.com\/wp-content\/uploads\/2024\/05\/\u56fe\u724711-4-300x300.png 300w, https:\/\/www.xminsulation.com\/wp-content\/uploads\/2024\/05\/\u56fe\u724711-4-150x150.png 150w, https:\/\/www.xminsulation.com\/wp-content\/uploads\/2024\/05\/\u56fe\u724711-4-768x768.png 768w, https:\/\/www.xminsulation.com\/wp-content\/uploads\/2024\/05\/\u56fe\u724711-4-600x600.png 600w, https:\/\/www.xminsulation.com\/wp-content\/uploads\/2024\/05\/\u56fe\u724711-4-100x100.png 100w\" sizes=\"(max-width: 1000px) 100vw, 1000px\" \/><\/p>\n<h2><strong><b>Informa\u00e7\u00f5es gerais<\/b><\/strong><\/h2>\n<p>O mecanismo de mola atende aos requisitos t\u00e9cnicos da norma GB1984-2003 para disjuntores CA de alta tens\u00e3o. Pode ser adaptado aos produtos das s\u00e9ries 12T\/630T-20 e outras. O mecanismo possui fun\u00e7\u00e3o de religamento e \u00e9 compacto. Tens\u00e3o nominal: CC 220 V, 110 V, 48 V, 24 V, \u00e2ngulo de sa\u00edda do mecanismo: cerca de 88\u00b0, vida \u00fatil mec\u00e2nica: 10.000 vezes.<\/p>\n<p><strong><b> <img decoding=\"async\" class=\"alignnone wp-image-2082 size-full\" src=\"http:\/\/www.xminsulation.com\/wp-content\/uploads\/2024\/05\/\u56fe\u724712-4.png\" alt=\"\" width=\"816\" height=\"498\" srcset=\"https:\/\/www.xminsulation.com\/wp-content\/uploads\/2024\/05\/\u56fe\u724712-4.png 816w, https:\/\/www.xminsulation.com\/wp-content\/uploads\/2024\/05\/\u56fe\u724712-4-300x183.png 300w, https:\/\/www.xminsulation.com\/wp-content\/uploads\/2024\/05\/\u56fe\u724712-4-768x469.png 768w, https:\/\/www.xminsulation.com\/wp-content\/uploads\/2024\/05\/\u56fe\u724712-4-600x366.png 600w\" sizes=\"(max-width: 816px) 100vw, 816px\" \/><\/b><\/strong><\/p>\n<h2><strong><b>\u00d3<\/b><\/strong><strong><b>operando <\/b><\/strong><strong><b>EU<\/b><\/strong><strong><b>instru\u00e7\u00f5es<\/b><\/strong><\/h2>\n<ol>\n<li>Opera\u00e7\u00e3o de armazenamento de energia:<\/li>\n<\/ol>\n<p>Confirme e verifique se o produto sofreu deforma\u00e7\u00f5es durante o transporte. Instale e fixe o mecanismo no interruptor. Use uma al\u00e7a de opera\u00e7\u00e3o especial para inseri-la na parte inferior direita do mecanismo. Gire-a no sentido hor\u00e1rio (ou energize o motor eletricamente) at\u00e9 ouvir um &quot;clique&quot; para concluir a a\u00e7\u00e3o de armazenamento de energia.<\/p>\n<ol start=\"2\">\n<li>Opera\u00e7\u00e3o de encerramento:<\/li>\n<\/ol>\n<p>Pressione o bot\u00e3o verde e o circuito principal do disjuntor ser\u00e1 fechado sob a a\u00e7\u00e3o da for\u00e7a da mola do mecanismo. Ou, durante a opera\u00e7\u00e3o el\u00e9trica, a bobina de fechamento ser\u00e1 energizada para concluir a opera\u00e7\u00e3o de fechamento, enquanto a mola de abertura ser\u00e1 energizada simultaneamente. Nesse momento, a energia poder\u00e1 ser armazenada novamente, mas a opera\u00e7\u00e3o de fechamento n\u00e3o poder\u00e1 ser realizada (com intertravamento).<\/p>\n<ol start=\"3\">\n<li>Opera\u00e7\u00e3o de abertura:<\/li>\n<\/ol>\n<p>Pressione o bot\u00e3o vermelho e o circuito principal do disjuntor se abre sob a a\u00e7\u00e3o da for\u00e7a da mola do mecanismo. Ou, durante a opera\u00e7\u00e3o el\u00e9trica, o mecanismo de energiza\u00e7\u00e3o da bobina de abertura \u00e9 usado para concluir a opera\u00e7\u00e3o de an\u00e1lise.<\/p>\n<h2><strong><b>Tamanho do produto<\/b><\/strong><\/h2>\n<p><img decoding=\"async\" class=\"alignnone wp-image-2083 size-full\" src=\"http:\/\/www.xminsulation.com\/wp-content\/uploads\/2024\/05\/\u56fe\u724713-4.png\" alt=\"\" width=\"1200\" height=\"1200\" srcset=\"https:\/\/www.xminsulation.com\/wp-content\/uploads\/2024\/05\/\u56fe\u724713-4.png 1200w, https:\/\/www.xminsulation.com\/wp-content\/uploads\/2024\/05\/\u56fe\u724713-4-300x300.png 300w, https:\/\/www.xminsulation.com\/wp-content\/uploads\/2024\/05\/\u56fe\u724713-4-1024x1024.png 1024w, https:\/\/www.xminsulation.com\/wp-content\/uploads\/2024\/05\/\u56fe\u724713-4-150x150.png 150w, https:\/\/www.xminsulation.com\/wp-content\/uploads\/2024\/05\/\u56fe\u724713-4-768x768.png 768w, https:\/\/www.xminsulation.com\/wp-content\/uploads\/2024\/05\/\u56fe\u724713-4-600x600.png 600w, https:\/\/www.xminsulation.com\/wp-content\/uploads\/2024\/05\/\u56fe\u724713-4-100x100.png 100w\" sizes=\"(max-width: 1200px) 100vw, 1200px\" \/><\/p>\n<h2>\u25c6Personaliza\u00e7\u00e3o Especial<\/h2>\n<p>Os par\u00e2metros acima s\u00e3o dados t\u00edpicos; se os estilos existentes n\u00e3o atenderem \u00e0s suas demandas espec\u00edficas, entre em contato conosco para um design personalizado. Temos habilidades significativas de desenvolvimento e produ\u00e7\u00e3o de personaliza\u00e7\u00e3o personalizada, o que nos permite fornecer solu\u00e7\u00f5es personalizadas para clientes em todo o mundo.<\/p>\n<p>&nbsp;<\/p>\n<p>&nbsp;<\/p>","protected":false},"excerpt":{"rendered":"<p>General Information The spring mechanism complies with the technical requirements of GB1984-2003 high-voltage AC circuit breakers. Can be adapted to 12T-\/630T-20 and other series products. The mechanism has a reclosing function and is small in size. Rated voltage: DC220V, 110V, 48V, 24V, mechanism output angle: about 88\u00b0, mechanical life: 10,000 times. Operating Instructions Energy storage [&hellip;]<\/p>","protected":false},"featured_media":2081,"template":"","meta":{"site-sidebar-layout":"default","site-content-layout":"","ast-site-content-layout":"default","site-content-style":"default","site-sidebar-style":"default","ast-global-header-display":"","ast-banner-title-visibility":"","ast-main-header-display":"","ast-hfb-above-header-display":"","ast-hfb-below-header-display":"","ast-hfb-mobile-header-display":"","site-post-title":"","ast-breadcrumbs-content":"","ast-featured-img":"","footer-sml-layout":"","theme-transparent-header-meta":"default","adv-header-id-meta":"","stick-header-meta":"","header-above-stick-meta":"","header-main-stick-meta":"","header-below-stick-meta":"","astra-migrate-meta-layouts":"set","ast-page-background-enabled":"default","ast-page-background-meta":{"desktop":{"background-color":"","background-image":"","background-repeat":"repeat","background-position":"center center","background-size":"auto","background-attachment":"scroll","background-type":"","background-media":"","overlay-type":"","overlay-color":"","overlay-gradient":""},"tablet":{"background-color":"","background-image":"","background-repeat":"repeat","background-position":"center center","background-size":"auto","background-attachment":"scroll","background-type":"","background-media":"","overlay-type":"","overlay-color":"","overlay-gradient":""},"mobile":{"background-color":"","background-image":"","background-repeat":"repeat","background-position":"center center","background-size":"auto","background-attachment":"scroll","background-type":"","background-media":"","overlay-type":"","overlay-color":"","overlay-gradient":""}},"ast-content-background-meta":{"desktop":{"background-color":"var(--ast-global-color-5)","background-image":"","background-repeat":"repeat","background-position":"center center","background-size":"auto","background-attachment":"scroll","background-type":"","background-media":"","overlay-type":"","overlay-color":"","overlay-gradient":""},"tablet":{"background-color":"var(--ast-global-color-5)","background-image":"","background-repeat":"repeat","background-position":"center center","background-size":"auto","background-attachment":"scroll","background-type":"","background-media":"","overlay-type":"","overlay-color":"","overlay-gradient":""},"mobile":{"background-color":"var(--ast-global-color-5)","background-image":"","background-repeat":"repeat","background-position":"center center","background-size":"auto","background-attachment":"scroll","background-type":"","background-media":"","overlay-type":"","overlay-color":"","overlay-gradient":""}}},"product_cat":[39],"product_tag":[],"class_list":{"0":"post-2080","1":"product","2":"type-product","3":"status-publish","4":"has-post-thumbnail","6":"product_cat-operating-mechanism","7":"desktop-align-left","8":"tablet-align-left","9":"mobile-align-left","11":"first","12":"instock","13":"shipping-taxable","14":"product-type-simple"},"_links":{"self":[{"href":"https:\/\/www.xminsulation.com\/pt\/wp-json\/wp\/v2\/product\/2080","targetHints":{"allow":["GET"]}}],"collection":[{"href":"https:\/\/www.xminsulation.com\/pt\/wp-json\/wp\/v2\/product"}],"about":[{"href":"https:\/\/www.xminsulation.com\/pt\/wp-json\/wp\/v2\/types\/product"}],"wp:featuredmedia":[{"embeddable":true,"href":"https:\/\/www.xminsulation.com\/pt\/wp-json\/wp\/v2\/media\/2081"}],"wp:attachment":[{"href":"https:\/\/www.xminsulation.com\/pt\/wp-json\/wp\/v2\/media?parent=2080"}],"wp:term":[{"taxonomy":"product_cat","embeddable":true,"href":"https:\/\/www.xminsulation.com\/pt\/wp-json\/wp\/v2\/product_cat?post=2080"},{"taxonomy":"product_tag","embeddable":true,"href":"https:\/\/www.xminsulation.com\/pt\/wp-json\/wp\/v2\/product_tag?post=2080"}],"curies":[{"name":"wp","href":"https:\/\/api.w.org\/{rel}","templated":true}]}}