{"id":2047,"date":"2025-07-18T10:39:46","date_gmt":"2025-07-18T02:39:46","guid":{"rendered":"http:\/\/www.xminsulation.com\/?post_type=product&#038;p=2047"},"modified":"2025-07-18T11:10:11","modified_gmt":"2025-07-18T03:10:11","slug":"12kv-indoor-sf6-switch-disconnector-flrn36-load-break-switch-lbs","status":"publish","type":"product","link":"https:\/\/www.xminsulation.com\/pt\/product\/12kv-indoor-sf6-switch-disconnector-flrn36-load-break-switch-lbs\/","title":{"rendered":"Interruptor-seccionador SF6 interno de 12 kV FL(R)N36 Interruptor de carga LBS"},"content":{"rendered":"<p><img fetchpriority=\"high\" decoding=\"async\" class=\"alignnone wp-image-2048 size-full\" src=\"http:\/\/www.xminsulation.com\/wp-content\/uploads\/2024\/05\/\u56fe\u724781-1.png\" alt=\"\" width=\"1000\" height=\"463\" srcset=\"https:\/\/www.xminsulation.com\/wp-content\/uploads\/2024\/05\/\u56fe\u724781-1.png 1000w, https:\/\/www.xminsulation.com\/wp-content\/uploads\/2024\/05\/\u56fe\u724781-1-300x139.png 300w, https:\/\/www.xminsulation.com\/wp-content\/uploads\/2024\/05\/\u56fe\u724781-1-768x356.png 768w, https:\/\/www.xminsulation.com\/wp-content\/uploads\/2024\/05\/\u56fe\u724781-1-600x278.png 600w\" sizes=\"(max-width: 1000px) 100vw, 1000px\" \/> <img decoding=\"async\" class=\"alignnone wp-image-2049 size-full\" src=\"http:\/\/www.xminsulation.com\/wp-content\/uploads\/2024\/05\/\u56fe\u724782-1.png\" alt=\"\" width=\"1000\" height=\"1000\" srcset=\"https:\/\/www.xminsulation.com\/wp-content\/uploads\/2024\/05\/\u56fe\u724782-1.png 1000w, https:\/\/www.xminsulation.com\/wp-content\/uploads\/2024\/05\/\u56fe\u724782-1-300x300.png 300w, https:\/\/www.xminsulation.com\/wp-content\/uploads\/2024\/05\/\u56fe\u724782-1-150x150.png 150w, https:\/\/www.xminsulation.com\/wp-content\/uploads\/2024\/05\/\u56fe\u724782-1-768x768.png 768w, https:\/\/www.xminsulation.com\/wp-content\/uploads\/2024\/05\/\u56fe\u724782-1-600x600.png 600w, https:\/\/www.xminsulation.com\/wp-content\/uploads\/2024\/05\/\u56fe\u724782-1-100x100.png 100w\" sizes=\"(max-width: 1000px) 100vw, 1000px\" \/> <img decoding=\"async\" class=\"alignnone wp-image-2050 size-full\" src=\"http:\/\/www.xminsulation.com\/wp-content\/uploads\/2024\/05\/\u56fe\u724783-1.png\" alt=\"\" width=\"1000\" height=\"636\" srcset=\"https:\/\/www.xminsulation.com\/wp-content\/uploads\/2024\/05\/\u56fe\u724783-1.png 1000w, https:\/\/www.xminsulation.com\/wp-content\/uploads\/2024\/05\/\u56fe\u724783-1-300x191.png 300w, https:\/\/www.xminsulation.com\/wp-content\/uploads\/2024\/05\/\u56fe\u724783-1-768x488.png 768w, https:\/\/www.xminsulation.com\/wp-content\/uploads\/2024\/05\/\u56fe\u724783-1-600x382.png 600w\" sizes=\"(max-width: 1000px) 100vw, 1000px\" \/><\/p>\n<h2><strong><b>Informa\u00e7\u00f5es gerais<\/b><\/strong><\/h2>\n<p>Interruptor-seccionador SF6 interno de 12 kV FL(R)N36 Interruptor de carga LBS \u00e9 um interruptor de carga rotativo de dupla ruptura que usa g\u00e1s SF6 como meio isolante e extintor de arco. \u00c9 adequado para sistemas de distribui\u00e7\u00e3o de energia de 12 kV. Cada interruptor \u00e9 permanentemente selado ap\u00f3s ser preenchido com g\u00e1s SF6 de press\u00e3o de 0,4 bar. O interruptor pode ser instalado vertical ou horizontalmente. O m\u00e9todo t\u00edpico de instala\u00e7\u00e3o na unidade principal do anel \u00e9 instalar uma divis\u00f3ria de a\u00e7o horizontalmente entre a sala de cabos e a sala de barramento. Este m\u00e9todo de instala\u00e7\u00e3o isola o barramento da junta do cabo para cumprir com os requisitos de seguran\u00e7a para opera\u00e7\u00e3o e manuten\u00e7\u00e3o.<\/p>\n<p>Combinar o interruptor de carga SF6 de alta tens\u00e3o interna FLN36-12 com outros componentes el\u00e9tricos pode realizar fun\u00e7\u00f5es de controle e prote\u00e7\u00e3o e servir como controle e prote\u00e7\u00e3o de equipamentos el\u00e9tricos em empresas industriais e de minera\u00e7\u00e3o, fornecimento de energia civil e subesta\u00e7\u00f5es secund\u00e1rias. Entre eles, o dispositivo combinado interruptor de carga-fus\u00edvel FLRN36-12kV corresponde \u00e0s caracter\u00edsticas de prote\u00e7\u00e3o do transformador e \u00e9 especialmente adequado para unidades de fornecimento de energia de rede em anel.<\/p>\n<h2><strong><b>Estrutural <\/b><\/strong><strong><b>F<\/b><\/strong><strong><b>Recursos<\/b><\/strong><\/h2>\n<ol>\n<li>O interruptor de carga FLN36-12 adota interrup\u00e7\u00e3o dupla e contato m\u00f3vel rotativo, que possui os tr\u00eas estados a seguir: fechamento; abertura; aterramento.<\/li>\n<li>O interruptor de carga usa SF6 como meio de extin\u00e7\u00e3o de arco e isolamento. O interruptor \u00e9 selado pelas conchas superior e inferior fundidas por resina ep\u00f3xi e tem bom desempenho de isolamento.<\/li>\n<li>Se ocorrer arco interno e houver um ponto fraco estrutural na parte traseira do inv\u00f3lucro, ele ser\u00e1 aberto por descarga. Ent\u00e3o, a v\u00e1lvula de vazamento de arco no gabinete ser\u00e1 aberta por descarga e o fluxo de ar de sobrepress\u00e3o ser\u00e1 direcionado para fora do gabinete. O desempenho de seguran\u00e7a \u00e9 bom.<\/li>\n<li>Cada interruptor de carga \u00e9 selado e livre de manuten\u00e7\u00e3o por toda a vida.<\/li>\n<li>A press\u00e3o relativa do g\u00e1s SF6 no interruptor de carga \u00e9 de 0,045 Mpa.<\/li>\n<li>A vida \u00fatil mec\u00e2nica do interruptor de carga \u00e9 de 5000 vezes de fechamento-abertura e 2000 vezes de abertura-abertura.<\/li>\n<li>O interruptor de carga FLN36-12 e o mecanismo de opera\u00e7\u00e3o s\u00e3o colocados na unidade superior destac\u00e1vel. Ele pode ser facilmente alterado para um arm\u00e1rio el\u00e9trico combinado de interruptor de carga + fus\u00edvel, ou um arm\u00e1rio el\u00e9trico combinado de interruptor de carga + fus\u00edvel. em arm\u00e1rio de interruptor de carga.<\/li>\n<\/ol>\n<h2><strong><b>Mecanismo Operacional<\/b><\/strong><\/h2>\n<p>O mecanismo operacional de mola do interruptor de carga e seus aparelhos el\u00e9tricos combinados \u00e9 dividido em mecanismo operacional de mola simples e mecanismo operacional de mola dupla. O interruptor de carga FLN36-12D equipado com um mecanismo operacional de mola simples \u00e9 usado principalmente para a unidade de controle de linha de entrada e sa\u00edda. O aparelho combinado interruptor de carga-fus\u00edvel FLRN36-12D equipado com um mecanismo operacional de mola dupla \u00e9 usado principalmente para unidades de prote\u00e7\u00e3o de transformadores.<\/p>\n<h2><strong><b>Ambiente de uso<\/b><\/strong><\/h2>\n<ol>\n<li>Temperatura do ar ambiente: limite superior +40\u2103, limite inferior -15\u2103.<\/li>\n<li>Umidade ambiental: A umidade relativa m\u00e9dia di\u00e1ria n\u00e3o \u00e9 maior que 95%, e a umidade relativa m\u00e9dia mensal n\u00e3o \u00e9 maior que 90%.<\/li>\n<li>Altitude: A altitude m\u00e1xima do local de instala\u00e7\u00e3o do equipamento \u00e9 de 2000m.<\/li>\n<li>Terremoto: A intensidade do terremoto n\u00e3o ultrapassa 8 graus.<\/li>\n<li>O ar ao redor n\u00e3o deve ser significativamente polu\u00eddo por gases inflam\u00e1veis corrosivos, vapor de \u00e1gua, etc. N\u00e3o deve haver vibra\u00e7\u00f5es severas frequentes.<\/li>\n<\/ol>\n<p><img loading=\"lazy\" decoding=\"async\" class=\"alignnone wp-image-2052 size-full\" src=\"http:\/\/www.xminsulation.com\/wp-content\/uploads\/2024\/05\/\u56fe\u724784-1.png\" alt=\"\" width=\"1206\" height=\"1548\" srcset=\"https:\/\/www.xminsulation.com\/wp-content\/uploads\/2024\/05\/\u56fe\u724784-1.png 1206w, https:\/\/www.xminsulation.com\/wp-content\/uploads\/2024\/05\/\u56fe\u724784-1-234x300.png 234w, https:\/\/www.xminsulation.com\/wp-content\/uploads\/2024\/05\/\u56fe\u724784-1-798x1024.png 798w, https:\/\/www.xminsulation.com\/wp-content\/uploads\/2024\/05\/\u56fe\u724784-1-768x986.png 768w, https:\/\/www.xminsulation.com\/wp-content\/uploads\/2024\/05\/\u56fe\u724784-1-1197x1536.png 1197w, https:\/\/www.xminsulation.com\/wp-content\/uploads\/2024\/05\/\u56fe\u724784-1-600x770.png 600w\" sizes=\"(max-width: 1206px) 100vw, 1206px\" \/><\/p>\n<h2><strong><b>Tamanho de apar\u00eancia um (dist\u00e2ncia de fase 200 mm)<\/b><\/strong><\/h2>\n<p><img loading=\"lazy\" decoding=\"async\" class=\"alignnone wp-image-2053 size-full\" src=\"http:\/\/www.xminsulation.com\/wp-content\/uploads\/2024\/05\/\u56fe\u724785-1.png\" alt=\"\" width=\"1200\" height=\"922\" srcset=\"https:\/\/www.xminsulation.com\/wp-content\/uploads\/2024\/05\/\u56fe\u724785-1.png 1200w, https:\/\/www.xminsulation.com\/wp-content\/uploads\/2024\/05\/\u56fe\u724785-1-300x231.png 300w, https:\/\/www.xminsulation.com\/wp-content\/uploads\/2024\/05\/\u56fe\u724785-1-1024x787.png 1024w, https:\/\/www.xminsulation.com\/wp-content\/uploads\/2024\/05\/\u56fe\u724785-1-768x590.png 768w, https:\/\/www.xminsulation.com\/wp-content\/uploads\/2024\/05\/\u56fe\u724785-1-600x461.png 600w\" sizes=\"(max-width: 1200px) 100vw, 1200px\" \/><\/p>\n<h2><strong><b>Apar\u00eancia <\/b><\/strong><strong><b>S<\/b><\/strong><strong><b>ize <\/b><\/strong><strong><b>T<\/b><\/strong><strong><b>quem (<\/b><\/strong><strong><b>P<\/b><\/strong><strong><b>faz <\/b><\/strong><strong><b>D<\/b><\/strong><strong><b>ist\u00eancia 2<\/b><\/strong><strong><b>1<\/b><\/strong><strong><b>(0 mm)<\/b><\/strong><\/h2>\n<p><strong><b> <img loading=\"lazy\" decoding=\"async\" class=\"alignnone wp-image-2054 size-full\" src=\"http:\/\/www.xminsulation.com\/wp-content\/uploads\/2024\/05\/\u56fe\u724786-1.png\" alt=\"\" width=\"1200\" height=\"922\" srcset=\"https:\/\/www.xminsulation.com\/wp-content\/uploads\/2024\/05\/\u56fe\u724786-1.png 1200w, https:\/\/www.xminsulation.com\/wp-content\/uploads\/2024\/05\/\u56fe\u724786-1-300x231.png 300w, https:\/\/www.xminsulation.com\/wp-content\/uploads\/2024\/05\/\u56fe\u724786-1-1024x787.png 1024w, https:\/\/www.xminsulation.com\/wp-content\/uploads\/2024\/05\/\u56fe\u724786-1-768x590.png 768w, https:\/\/www.xminsulation.com\/wp-content\/uploads\/2024\/05\/\u56fe\u724786-1-600x461.png 600w\" sizes=\"(max-width: 1200px) 100vw, 1200px\" \/><\/b><\/strong><\/p>\n<h2><strong><b>Quebra <\/b><\/strong><strong><b>P<\/b><\/strong><strong><b>princ\u00edpio<\/b><\/strong><\/h2>\n<p>O g\u00e1s SF6 tem um bom desempenho de extin\u00e7\u00e3o de arco. Para extinguir o arco rapidamente, quando o interruptor est\u00e1 interrompendo a corrente, um arco ser\u00e1 gerado quando os contatos m\u00f3veis e est\u00e1ticos forem separados. Neste momento, devido ao campo magn\u00e9tico do \u00edm\u00e3 permanente, o arco ser\u00e1 levado a se mover rapidamente, fazendo com que o arco seja alongado e continuamente combinado com g\u00e1s SF6 para ser rapidamente dissociado e resfriado. Ele \u00e9 extinto quando a corrente cruza zero. A dist\u00e2ncia de abertura de fratura dupla tem o n\u00edvel de isolamento de isolar a fratura. Princ\u00edpio do arco rotativo de \u00edm\u00e3 permanente, pequena pot\u00eancia operacional, forte capacidade de extin\u00e7\u00e3o, queima de contato leve e vida el\u00e9trica estendida.<\/p>\n<p><img loading=\"lazy\" decoding=\"async\" class=\"alignnone wp-image-2055 size-large\" src=\"http:\/\/www.xminsulation.com\/wp-content\/uploads\/2024\/05\/\u56fe\u724787-1-1024x614.png\" alt=\"\" width=\"1024\" height=\"614\" srcset=\"https:\/\/www.xminsulation.com\/wp-content\/uploads\/2024\/05\/\u56fe\u724787-1-1024x614.png 1024w, https:\/\/www.xminsulation.com\/wp-content\/uploads\/2024\/05\/\u56fe\u724787-1-300x180.png 300w, https:\/\/www.xminsulation.com\/wp-content\/uploads\/2024\/05\/\u56fe\u724787-1-768x461.png 768w, https:\/\/www.xminsulation.com\/wp-content\/uploads\/2024\/05\/\u56fe\u724787-1-600x360.png 600w, https:\/\/www.xminsulation.com\/wp-content\/uploads\/2024\/05\/\u56fe\u724787-1.png 1510w\" sizes=\"(max-width: 1024px) 100vw, 1024px\" \/><\/p>\n<p>&nbsp;<\/p>\n<p>&nbsp;<\/p>\n<p><img loading=\"lazy\" decoding=\"async\" class=\"alignnone wp-image-2056\" src=\"http:\/\/www.xminsulation.com\/wp-content\/uploads\/2024\/05\/\u56fe\u724788-1.png\" alt=\"\" width=\"1082\" height=\"417\" srcset=\"https:\/\/www.xminsulation.com\/wp-content\/uploads\/2024\/05\/\u56fe\u724788-1.png 682w, https:\/\/www.xminsulation.com\/wp-content\/uploads\/2024\/05\/\u56fe\u724788-1-300x116.png 300w, https:\/\/www.xminsulation.com\/wp-content\/uploads\/2024\/05\/\u56fe\u724788-1-600x231.png 600w\" sizes=\"(max-width: 1082px) 100vw, 1082px\" \/><\/p>\n<p>&nbsp;<\/p>\n<p>&nbsp;<\/p>\n<p><img loading=\"lazy\" decoding=\"async\" class=\"alignnone wp-image-2057 size-large\" src=\"http:\/\/www.xminsulation.com\/wp-content\/uploads\/2024\/05\/\u56fe\u724789-1-1024x582.png\" alt=\"\" width=\"1024\" height=\"582\" srcset=\"https:\/\/www.xminsulation.com\/wp-content\/uploads\/2024\/05\/\u56fe\u724789-1-1024x582.png 1024w, https:\/\/www.xminsulation.com\/wp-content\/uploads\/2024\/05\/\u56fe\u724789-1-300x170.png 300w, https:\/\/www.xminsulation.com\/wp-content\/uploads\/2024\/05\/\u56fe\u724789-1-768x436.png 768w, https:\/\/www.xminsulation.com\/wp-content\/uploads\/2024\/05\/\u56fe\u724789-1-1536x872.png 1536w, https:\/\/www.xminsulation.com\/wp-content\/uploads\/2024\/05\/\u56fe\u724789-1-600x341.png 600w, https:\/\/www.xminsulation.com\/wp-content\/uploads\/2024\/05\/\u56fe\u724789-1.png 1676w\" sizes=\"(max-width: 1024px) 100vw, 1024px\" \/><\/p>\n<h2><strong><b>Instala\u00e7\u00e3o e <\/b><\/strong><strong><b>D<\/b><\/strong><strong><b>ebugging<\/b><\/strong><\/h2>\n<ol>\n<li>Antes da instala\u00e7\u00e3o e depura\u00e7\u00e3o, certifique-se de ler o manual de instru\u00e7\u00f5es cuidadosamente e fa\u00e7a os seguintes preparativos: Primeiro, verifique se h\u00e1 algum dano na apar\u00eancia. Produtos danificados devem ser interrompidos imediatamente. O segundo passo \u00e9 remover a contamina\u00e7\u00e3o na superf\u00edcie do produto devido ao transporte ou outros motivos.<\/li>\n<li>Quando o mecanismo de opera\u00e7\u00e3o e o corpo do interruptor s\u00e3o montados, deve-se garantir que eles estejam fixados de forma confi\u00e1vel, e suas pe\u00e7as de conex\u00e3o devem ser fixadas de forma confi\u00e1vel no eixo de opera\u00e7\u00e3o do corpo do interruptor, e os componentes que conectam o interruptor de carga tamb\u00e9m devem ser fixados de forma confi\u00e1vel no corpo do interruptor. no interruptor.<\/li>\n<li>Ap\u00f3s a conclus\u00e3o da instala\u00e7\u00e3o, confirme se o interruptor de carga est\u00e1 na posi\u00e7\u00e3o de abertura, insira a alavanca de opera\u00e7\u00e3o no furo de opera\u00e7\u00e3o de aterramento na extremidade superior do painel e gire a alavanca 180 no sentido hor\u00e1rio. Para executar o fechamento do aterramento, gire a alavanca 180 graus no sentido anti-hor\u00e1rio. Conclua o fechamento do interruptor de aterramento.<\/li>\n<li>Ao executar a opera\u00e7\u00e3o de fechamento, primeiro confirme se o interruptor de carga est\u00e1 na posi\u00e7\u00e3o de abertura, depois insira a alavanca de opera\u00e7\u00e3o no orif\u00edcio de opera\u00e7\u00e3o do interruptor de carga na extremidade inferior do painel e gire a alavanca de opera\u00e7\u00e3o 180\u2033 no sentido hor\u00e1rio para concluir a opera\u00e7\u00e3o de fechamento do interruptor de carga.<\/li>\n<li>Durante o processo de movimenta\u00e7\u00e3o do interruptor de carga da posi\u00e7\u00e3o de fechamento para a posi\u00e7\u00e3o de abertura, use o mecanismo de opera\u00e7\u00e3o do tipo K, insira a alavanca de opera\u00e7\u00e3o no orif\u00edcio de opera\u00e7\u00e3o do interruptor de carga e gire a alavanca no sentido anti-hor\u00e1rio 180\u2033 para executar a opera\u00e7\u00e3o de abertura; para o mecanismo de opera\u00e7\u00e3o do tipo A, Mecanismo de opera\u00e7\u00e3o, pressione o bot\u00e3o de abertura para abrir o interruptor de carga, verifique atrav\u00e9s da janela de observa\u00e7\u00e3o se a posi\u00e7\u00e3o do interruptor est\u00e1 correta e se as instru\u00e7\u00f5es de observa\u00e7\u00e3o correspondentes atendem aos requisitos.<\/li>\n<li>Observa\u00e7\u00e3o: O aterramento ou a carga s\u00f3 podem ser fechados quando o interruptor estiver na posi\u00e7\u00e3o aberta!<\/li>\n<\/ol>\n<h2><strong><b>Manuten\u00e7\u00e3o e <\/b><\/strong><strong><b>C<\/b><\/strong><strong><b>s\u00e3o<\/b><\/strong><\/h2>\n<p>Em condi\u00e7\u00f5es normais de uso, onde o ambiente atende aos requisitos das instru\u00e7\u00f5es de instala\u00e7\u00e3o e opera\u00e7\u00e3o, o corpo do interruptor tem garantia de n\u00e3o precisar de manuten\u00e7\u00e3o por 20 anos. Devido \u00e0s diferen\u00e7as ambientais, o trabalho de inspe\u00e7\u00e3o e manuten\u00e7\u00e3o necess\u00e1rio no interruptor de carga ainda \u00e9 necess\u00e1rio.<\/p>\n<ol>\n<li>De acordo com o ambiente de trabalho, realize uma inspe\u00e7\u00e3o visual adequada da cobertura de isolamento entre junho e dezembro e remova superf\u00edcies sujas e \u00famidas.<\/li>\n<li>Realize a lubrifica\u00e7\u00e3o e a inspe\u00e7\u00e3o operacional do mecanismo operacional 1 a 2 vezes por ano para garantir a opera\u00e7\u00e3o normal.<\/li>\n<li>Para interruptores de carga equipados com man\u00f4metros, as leituras dos man\u00f4metros devem ser verificadas periodicamente.<\/li>\n<li>Quando uma corrente de falha passa pelo aparelho de combina\u00e7\u00e3o de fus\u00edveis do interruptor de carga e um fus\u00edvel de fase queima, todos os fus\u00edveis trif\u00e1sicos devem ser substitu\u00eddos. Ao substituir, o interruptor de aterramento deve ser fechado primeiro antes da substitui\u00e7\u00e3o e garantir que todos os fus\u00edveis trif\u00e1sicos estejam instalados no lugar.<\/li>\n<\/ol>\n<h2><strong><b>Trocar <\/b><\/strong><strong><b>C<\/b><\/strong><strong><b>arm\u00e1rio <\/b><\/strong><strong><b>D<\/b><\/strong><strong><b>exibir<\/b><\/strong><\/h2>\n<p><strong><b> <img loading=\"lazy\" decoding=\"async\" class=\"alignnone wp-image-2058 size-full\" src=\"http:\/\/www.xminsulation.com\/wp-content\/uploads\/2024\/05\/\u56fe\u724790-1.png\" alt=\"\" width=\"680\" height=\"755\" srcset=\"https:\/\/www.xminsulation.com\/wp-content\/uploads\/2024\/05\/\u56fe\u724790-1.png 680w, https:\/\/www.xminsulation.com\/wp-content\/uploads\/2024\/05\/\u56fe\u724790-1-270x300.png 270w, https:\/\/www.xminsulation.com\/wp-content\/uploads\/2024\/05\/\u56fe\u724790-1-600x666.png 600w\" sizes=\"(max-width: 680px) 100vw, 680px\" \/> <img loading=\"lazy\" decoding=\"async\" class=\"alignnone wp-image-2059 size-large\" src=\"http:\/\/www.xminsulation.com\/wp-content\/uploads\/2024\/05\/\u56fe\u724791-1024x489.jpg\" alt=\"\" width=\"1024\" height=\"489\" srcset=\"https:\/\/www.xminsulation.com\/wp-content\/uploads\/2024\/05\/\u56fe\u724791-1024x489.jpg 1024w, https:\/\/www.xminsulation.com\/wp-content\/uploads\/2024\/05\/\u56fe\u724791-300x143.jpg 300w, https:\/\/www.xminsulation.com\/wp-content\/uploads\/2024\/05\/\u56fe\u724791-768x367.jpg 768w, https:\/\/www.xminsulation.com\/wp-content\/uploads\/2024\/05\/\u56fe\u724791-600x287.jpg 600w, https:\/\/www.xminsulation.com\/wp-content\/uploads\/2024\/05\/\u56fe\u724791.jpg 1200w\" sizes=\"(max-width: 1024px) 100vw, 1024px\" \/> <img loading=\"lazy\" decoding=\"async\" class=\"alignnone wp-image-2060 size-large\" src=\"http:\/\/www.xminsulation.com\/wp-content\/uploads\/2024\/05\/\u56fe\u724792-1024x719.jpg\" alt=\"\" width=\"1024\" height=\"719\" srcset=\"https:\/\/www.xminsulation.com\/wp-content\/uploads\/2024\/05\/\u56fe\u724792-1024x719.jpg 1024w, https:\/\/www.xminsulation.com\/wp-content\/uploads\/2024\/05\/\u56fe\u724792-300x211.jpg 300w, https:\/\/www.xminsulation.com\/wp-content\/uploads\/2024\/05\/\u56fe\u724792-768x539.jpg 768w, https:\/\/www.xminsulation.com\/wp-content\/uploads\/2024\/05\/\u56fe\u724792-600x421.jpg 600w, https:\/\/www.xminsulation.com\/wp-content\/uploads\/2024\/05\/\u56fe\u724792.jpg 1200w\" sizes=\"(max-width: 1024px) 100vw, 1024px\" \/><\/b><\/strong><\/p>\n<div class=\"wxts\">\n<h2>\u25c6Personaliza\u00e7\u00e3o Especial<\/h2>\n<p>Os par\u00e2metros acima s\u00e3o dados t\u00edpicos; se os estilos existentes n\u00e3o atenderem \u00e0s suas demandas espec\u00edficas, entre em contato conosco para um design personalizado. Temos habilidades significativas de desenvolvimento e produ\u00e7\u00e3o de personaliza\u00e7\u00e3o personalizada, o que nos permite fornecer solu\u00e7\u00f5es personalizadas para clientes em todo o mundo.<\/p>\n<\/div>\n<p>&nbsp;<\/p>","protected":false},"excerpt":{"rendered":"<p>General Information 12kV Indoor SF6 Switch-Disconnector FL(R)N36 Load Break Switch LBS is a double-break rotary load switch using SF6 gas as the insulating and arc-extinguishing medium. It is suitable for 12kV power distribution systems. Each switch is permanently sealed after being filled with 0.4bar pressure SF6 gas. The switch can be installed vertically or horizontally. [&hellip;]<\/p>","protected":false},"featured_media":2051,"template":"","meta":{"site-sidebar-layout":"default","site-content-layout":"","ast-site-content-layout":"default","site-content-style":"default","site-sidebar-style":"default","ast-global-header-display":"","ast-banner-title-visibility":"","ast-main-header-display":"","ast-hfb-above-header-display":"","ast-hfb-below-header-display":"","ast-hfb-mobile-header-display":"","site-post-title":"","ast-breadcrumbs-content":"","ast-featured-img":"","footer-sml-layout":"","theme-transparent-header-meta":"default","adv-header-id-meta":"","stick-header-meta":"","header-above-stick-meta":"","header-main-stick-meta":"","header-below-stick-meta":"","astra-migrate-meta-layouts":"set","ast-page-background-enabled":"default","ast-page-background-meta":{"desktop":{"background-color":"","background-image":"","background-repeat":"repeat","background-position":"center center","background-size":"auto","background-attachment":"scroll","background-type":"","background-media":"","overlay-type":"","overlay-color":"","overlay-gradient":""},"tablet":{"background-color":"","background-image":"","background-repeat":"repeat","background-position":"center center","background-size":"auto","background-attachment":"scroll","background-type":"","background-media":"","overlay-type":"","overlay-color":"","overlay-gradient":""},"mobile":{"background-color":"","background-image":"","background-repeat":"repeat","background-position":"center center","background-size":"auto","background-attachment":"scroll","background-type":"","background-media":"","overlay-type":"","overlay-color":"","overlay-gradient":""}},"ast-content-background-meta":{"desktop":{"background-color":"var(--ast-global-color-5)","background-image":"","background-repeat":"repeat","background-position":"center center","background-size":"auto","background-attachment":"scroll","background-type":"","background-media":"","overlay-type":"","overlay-color":"","overlay-gradient":""},"tablet":{"background-color":"var(--ast-global-color-5)","background-image":"","background-repeat":"repeat","background-position":"center center","background-size":"auto","background-attachment":"scroll","background-type":"","background-media":"","overlay-type":"","overlay-color":"","overlay-gradient":""},"mobile":{"background-color":"var(--ast-global-color-5)","background-image":"","background-repeat":"repeat","background-position":"center center","background-size":"auto","background-attachment":"scroll","background-type":"","background-media":"","overlay-type":"","overlay-color":"","overlay-gradient":""}}},"product_cat":[35],"product_tag":[],"class_list":{"0":"post-2047","1":"product","2":"type-product","3":"status-publish","4":"has-post-thumbnail","6":"product_cat-10-40-5kv-indoor-sf6-load-break-switch-flrn36-lbs","7":"desktop-align-left","8":"tablet-align-left","9":"mobile-align-left","11":"first","12":"instock","13":"shipping-taxable","14":"product-type-simple"},"_links":{"self":[{"href":"https:\/\/www.xminsulation.com\/pt\/wp-json\/wp\/v2\/product\/2047","targetHints":{"allow":["GET"]}}],"collection":[{"href":"https:\/\/www.xminsulation.com\/pt\/wp-json\/wp\/v2\/product"}],"about":[{"href":"https:\/\/www.xminsulation.com\/pt\/wp-json\/wp\/v2\/types\/product"}],"wp:featuredmedia":[{"embeddable":true,"href":"https:\/\/www.xminsulation.com\/pt\/wp-json\/wp\/v2\/media\/2051"}],"wp:attachment":[{"href":"https:\/\/www.xminsulation.com\/pt\/wp-json\/wp\/v2\/media?parent=2047"}],"wp:term":[{"taxonomy":"product_cat","embeddable":true,"href":"https:\/\/www.xminsulation.com\/pt\/wp-json\/wp\/v2\/product_cat?post=2047"},{"taxonomy":"product_tag","embeddable":true,"href":"https:\/\/www.xminsulation.com\/pt\/wp-json\/wp\/v2\/product_tag?post=2047"}],"curies":[{"name":"wp","href":"https:\/\/api.w.org\/{rel}","templated":true}]}}