{"id":2003,"date":"2025-07-11T10:09:15","date_gmt":"2025-07-11T02:09:15","guid":{"rendered":"http:\/\/www.xminsulation.com\/?post_type=product&#038;p=2003"},"modified":"2025-07-18T11:12:28","modified_gmt":"2025-07-18T03:12:28","slug":"15-6kv-eco-friendly-vacuum-circuit-breaker-sf6-free-ais-vcb","status":"publish","type":"product","link":"https:\/\/www.xminsulation.com\/pt\/product\/15-6kv-eco-friendly-vacuum-circuit-breaker-sf6-free-ais-vcb\/","title":{"rendered":"Disjuntor a v\u00e1cuo ecol\u00f3gico de 15,6 kV (AIS VCB sem SF6)"},"content":{"rendered":"<p><img fetchpriority=\"high\" decoding=\"async\" class=\"alignnone wp-image-2004 size-full\" src=\"http:\/\/www.xminsulation.com\/wp-content\/uploads\/2024\/05\/\u56fe\u724745-2.png\" alt=\"\" width=\"1000\" height=\"1000\" srcset=\"https:\/\/www.xminsulation.com\/wp-content\/uploads\/2024\/05\/\u56fe\u724745-2.png 1000w, https:\/\/www.xminsulation.com\/wp-content\/uploads\/2024\/05\/\u56fe\u724745-2-300x300.png 300w, https:\/\/www.xminsulation.com\/wp-content\/uploads\/2024\/05\/\u56fe\u724745-2-150x150.png 150w, https:\/\/www.xminsulation.com\/wp-content\/uploads\/2024\/05\/\u56fe\u724745-2-768x768.png 768w, https:\/\/www.xminsulation.com\/wp-content\/uploads\/2024\/05\/\u56fe\u724745-2-600x600.png 600w, https:\/\/www.xminsulation.com\/wp-content\/uploads\/2024\/05\/\u56fe\u724745-2-100x100.png 100w\" sizes=\"(max-width: 1000px) 100vw, 1000px\" \/> <img decoding=\"async\" class=\"alignnone wp-image-2005 size-full\" src=\"\/wp-content\/uploads\/2024\/05\/\u56fe\u724746-2.png\" alt=\"\" width=\"1000\" height=\"1000\" srcset=\"https:\/\/www.xminsulation.com\/wp-content\/uploads\/2024\/05\/\u56fe\u724746-2.png 1000w, https:\/\/www.xminsulation.com\/wp-content\/uploads\/2024\/05\/\u56fe\u724746-2-300x300.png 300w, https:\/\/www.xminsulation.com\/wp-content\/uploads\/2024\/05\/\u56fe\u724746-2-150x150.png 150w, https:\/\/www.xminsulation.com\/wp-content\/uploads\/2024\/05\/\u56fe\u724746-2-768x768.png 768w, https:\/\/www.xminsulation.com\/wp-content\/uploads\/2024\/05\/\u56fe\u724746-2-600x600.png 600w, https:\/\/www.xminsulation.com\/wp-content\/uploads\/2024\/05\/\u56fe\u724746-2-100x100.png 100w\" sizes=\"(max-width: 1000px) 100vw, 1000px\" \/> <img decoding=\"async\" class=\"alignnone wp-image-2006 size-full\" src=\"\/wp-content\/uploads\/2024\/05\/\u56fe\u724747-2.png\" alt=\"\" width=\"1000\" height=\"1000\" srcset=\"https:\/\/www.xminsulation.com\/wp-content\/uploads\/2024\/05\/\u56fe\u724747-2.png 1000w, https:\/\/www.xminsulation.com\/wp-content\/uploads\/2024\/05\/\u56fe\u724747-2-300x300.png 300w, https:\/\/www.xminsulation.com\/wp-content\/uploads\/2024\/05\/\u56fe\u724747-2-150x150.png 150w, https:\/\/www.xminsulation.com\/wp-content\/uploads\/2024\/05\/\u56fe\u724747-2-768x768.png 768w, https:\/\/www.xminsulation.com\/wp-content\/uploads\/2024\/05\/\u56fe\u724747-2-600x600.png 600w, https:\/\/www.xminsulation.com\/wp-content\/uploads\/2024\/05\/\u56fe\u724747-2-100x100.png 100w\" sizes=\"(max-width: 1000px) 100vw, 1000px\" \/><\/p>\n<h2><strong><b>Informa\u00e7\u00f5es gerais<\/b><\/strong><\/h2>\n<p>Em sistemas de distribui\u00e7\u00e3o de energia de m\u00e9dia tens\u00e3o, os gabinetes de rede em anel mais comumente usados atualmente incluem gabinetes de rede em anel isolados a g\u00e1s SF6, gabinetes de rede em anel com isolamento s\u00f3lido e gabinetes de rede em anel isolados a g\u00e1s ecologicamente corretos. No entanto, devido ao problema de emiss\u00e3o de gases de efeito estufa do SF6 e \u00e0 dificuldade de reciclagem de materiais de isolamento s\u00f3lidos, a aplica\u00e7\u00e3o da unidade principal de anel isolado com g\u00e1s SF6 e da unidade principal de anel isolado s\u00f3lido ser\u00e1 limitada. Com a promo\u00e7\u00e3o global do conceito de desenvolvimento ecol\u00f3gico e ecol\u00f3gico, unidades principais de anel de g\u00e1s totalmente isoladas e ecologicamente corretas que atendem aos mais recentes conceitos e requisitos de prote\u00e7\u00e3o ambiental dar\u00e3o in\u00edcio a oportunidades de desenvolvimento hist\u00f3rico!<\/p>\n<p>Os interruptores ecol\u00f3gicos da s\u00e9rie IE-EcoAir-15.6\/24kV 630A s\u00e3o uma nova gera\u00e7\u00e3o de disjuntores ecol\u00f3gicos, \u201csem fl\u00faor e com baixo teor de res\u00edduos s\u00f3lidos\u201d e unidades principais de anel isoladas a g\u00e1s ecologicamente corretas, desenvolvidas para substituir o isolamento tradicional de g\u00e1s SF6.<\/p>\n<p>O disjuntor ecol\u00f3gico adota uma viga longitudinal integrada de alta resist\u00eancia (poste), e a c\u00e2mara de extin\u00e7\u00e3o de arco a v\u00e1cuo \u00e9 envolvida na estrutura da viga longitudinal (poste). Ele tem as vantagens de estrutura simples, f\u00e1cil montagem e depura\u00e7\u00e3o simples. Ele isola o interruptor de faca, As opera\u00e7\u00f5es de fechamento e aterramento s\u00e3o acionadas pelo fuso de isolamento integrado sem outra transmiss\u00e3o de bra\u00e7o. A posi\u00e7\u00e3o de trabalho \u00e9 mais precisa e a for\u00e7a operacional do mecanismo de isolamento \u00e9 mais leve. O eixo principal do disjuntor adota haste de extra\u00e7\u00e3o de fibra de vidro ep\u00f3xi, que tem alta resist\u00eancia mec\u00e2nica e forte desempenho de isolamento. Por meio do suporte de liga de zinco e came de transmiss\u00e3o, as a\u00e7\u00f5es de abertura e fechamento da c\u00e2mara de extin\u00e7\u00e3o de arco a v\u00e1cuo s\u00e3o realizadas. Existem galp\u00f5es de silicone entre as fases para aumentar a dist\u00e2ncia de fuga. . O disjuntor ecol\u00f3gico n\u00e3o \u00e9 adequado apenas para unidades principais de anel com estrutura de c\u00e2mara de ar selada, mas tamb\u00e9m para unidades principais de anel fechadas de metal de press\u00e3o normal.<\/p>\n<p>Usando uma solu\u00e7\u00e3o de isolamento de g\u00e1s ecologicamente correta e quebra de v\u00e1cuo, a combina\u00e7\u00e3o de vantagens tem alto desempenho geral. A parte energizada do circuito prim\u00e1rio \u00e9 selada com uma caixa de ar, e os componentes de alta tens\u00e3o n\u00e3o s\u00e3o afetados pela altitude. Eles s\u00e3o completamente livres de manuten\u00e7\u00e3o e t\u00eam forte adaptabilidade ambiental. O tamanho do gabinete \u00e9 pequeno e o espa\u00e7o necess\u00e1rio dentro da caixa de ar \u00e9 baixo. Os produtos podem ser usados em redes el\u00e9tricas, grandes ind\u00fastrias, tr\u00e2nsito ferrovi\u00e1rio, edif\u00edcios comerciais e outros cen\u00e1rios de uso.<\/p>\n<p>Este produto \u00e9 usado principalmente em equipamentos de comuta\u00e7\u00e3o de rede de anel interno e externo em sistemas de rede de distribui\u00e7\u00e3o de m\u00e9dia tens\u00e3o de 10-24 kV para receber e distribuir energia el\u00e9trica. Adequado para expans\u00e3o superior, expans\u00e3o lateral e solu\u00e7\u00f5es de gabinete de rede de anel de caixa comum. A taxa comum de pe\u00e7as das solu\u00e7\u00f5es de isolamento superior e inferior atinge mais de 90%. O produto tem alta estabilidade e forte versatilidade e atende totalmente aos requisitos de teste de tipo.<\/p>\n<h2><strong><b>Caracter\u00edsticas do produto<\/b><\/strong><\/h2>\n<h3>1. Verde e ecologicamente correto.<\/h3>\n<p>a. Use ar comprimido seco ou nitrog\u00eanio como g\u00e1s isolante. Ele tem alta intensidade de campo de ioniza\u00e7\u00e3o e intensidade de campo de ruptura. Ele pode restaurar rapidamente o desempenho do isolamento ap\u00f3s a ruptura. Ele tem boa estabilidade qu\u00edmica, \u00e9 n\u00e3o inflam\u00e1vel, n\u00e3o explosivo, n\u00e3o envelhece e n\u00e3o \u00e9 corrosivo. Ele n\u00e3o \u00e9 facilmente decomposto por descarga, tem uma grande capacidade de calor espec\u00edfico e tem boa condutividade t\u00e9rmica e fluidez.<br \/>\nb. Este g\u00e1s isolante ecologicamente correto n\u00e3o \u00e9 apenas at\u00f3xico e inofensivo, mas pode ser descarregado diretamente na atmosfera sem causar polui\u00e7\u00e3o do ar. Ele tamb\u00e9m tem boas propriedades el\u00e9tricas e estabilidade. Durante o processo de s\u00edntese, opera\u00e7\u00e3o do equipamento, arco, vapor de \u00e1gua, Sob a a\u00e7\u00e3o combinada de outros fatores externos e o processo final de decomposi\u00e7\u00e3o e transforma\u00e7\u00e3o, nenhuma subst\u00e2ncia t\u00f3xica ou prejudicial \u00e0s pessoas e ao meio ambiente ser\u00e1 produzida.<br \/>\nc. O switch \u00e9 feito de material termopl\u00e1stico e pode ser reciclado. N\u00e3o h\u00e1 emiss\u00f5es de g\u00e1s de efeito estufa SF6 e nenhum impacto no meio ambiente, como reciclagem de res\u00edduos s\u00f3lidos.<\/p>\n<h3>2. Espa\u00e7o compacto.<\/h3>\n<p>Gabinete de comuta\u00e7\u00e3o compacto, a largura da solu\u00e7\u00e3o t\u00edpica de 15,6 kV pode ser de cerca de 400 mm, o tamanho do gabinete \u00e9 pequeno e o requisito de espa\u00e7o de layout \u00e9 baixo. Instala\u00e7\u00e3o de parede confi\u00e1vel, canal de opera\u00e7\u00e3o de apenas 1 m na frente do gabinete.<\/p>\n<h3>3. Livre de manuten\u00e7\u00e3o.<\/h3>\n<p>a. Usando uma c\u00e2mara de extin\u00e7\u00e3o de arco a v\u00e1cuo de longa dura\u00e7\u00e3o e livre de manuten\u00e7\u00e3o, a parte condutora principal n\u00e3o \u00e9 afetada pelo ambiente externo. Como s\u00e3o usados ar seco e outros gases ecologicamente corretos, n\u00e3o h\u00e1 necessidade de configurar um dispositivo de alarme de vazamento de g\u00e1s SF6 no local. O circuito principal \u00e9 conectado fixamente e n\u00e3o requer manuten\u00e7\u00e3o de entrada e sa\u00edda de rack durante o ciclo de vida.<br \/>\nb. O circuito principal \u00e9 conectado de forma fixa e n\u00e3o requer manuten\u00e7\u00e3o de inser\u00e7\u00e3o e extra\u00e7\u00e3o durante o ciclo de vida.<br \/>\nc. Especialmente adequado para aplica\u00e7\u00f5es em planaltos, litoral, alpinos, alta polui\u00e7\u00e3o e outras \u00e1reas.<\/p>\n<h3>4. Inteligente.<\/h3>\n<p>A integra\u00e7\u00e3o com equipamentos secund\u00e1rios pode realizar monitoramento on-line, controle remoto e prote\u00e7\u00e3o de equipamentos para atender \u00e0s necessidades de rede de distribui\u00e7\u00e3o inteligente.<\/p>\n<h3>5. Modularidade.<\/h3>\n<p>Existem m\u00e9todos de expans\u00e3o lateral e expans\u00e3o superior, e a expans\u00e3o \u00e9 flex\u00edvel e conveniente. Est\u00e1 totalmente em linha com a padroniza\u00e7\u00e3o da rede el\u00e9trica da China e v\u00e1rias solu\u00e7\u00f5es personalizadas.<\/p>\n<h3>6. Seguran\u00e7a.<\/h3>\n<p>A tecnologia sem SF6 evita que o vazamento de g\u00e1s SF6 enfraque\u00e7a o isolamento e as capacidades de extin\u00e7\u00e3o de arco, resultando em falha de ruptura e risco de explos\u00e3o da caixa; possui uma estrutura de intertravamento completa &quot;five-proof&quot;, tornando a opera\u00e7\u00e3o segura e f\u00e1cil.<\/p>\n<h2><strong><b>Operativo <\/b><\/strong><strong><b>C<\/b><\/strong><strong><b>condi\u00e7\u00f5es<\/b><\/strong><\/h2>\n<p>Condi\u00e7\u00f5es ambientais normais:<\/p>\n<ol>\n<li>Temperatura ambiente: temperatura m\u00e1xima +40\u2103; temperatura m\u00e1xima m\u00e9dia de 24 horas +35\u2103; temperatura m\u00ednima -40\u2103.<\/li>\n<li>Umidade: A umidade relativa m\u00e9dia m\u00e1xima medida em 24 horas \u00e9 95%; a umidade relativa m\u00e9dia m\u00e1xima medida em 1 m\u00eas \u00e9 90%.<\/li>\n<li>A altitude m\u00e1xima de instala\u00e7\u00e3o \u00e9 de 1500 metros sem reduzir a press\u00e3o do g\u00e1s. Quando a altitude de instala\u00e7\u00e3o exceder 1500 metros, entre em contato com a tecnologia de pr\u00e9-vendas.<\/li>\n<li>A opera\u00e7\u00e3o deve estar em conformidade com os requisitos dos padr\u00f5es IEC62271-1 e GB3906. Para condi\u00e7\u00f5es operacionais especiais, o usu\u00e1rio final e o fabricante devem concordar. Se ambientes operacionais severos especiais estiverem envolvidos, o fabricante deve ser consultado. Por exemplo, quando o equipamento el\u00e9trico \u00e9 instalado em uma altitude acima de 1.500 metros, a press\u00e3o atmosf\u00e9rica diminuir\u00e1, fazendo com que a caixa de ar fique saliente.<\/li>\n<\/ol>\n<p><img loading=\"lazy\" decoding=\"async\" class=\"alignnone wp-image-2242 size-full\" src=\"http:\/\/www.xminsulation.com\/wp-content\/uploads\/2024\/05\/\u56fe\u7247151.png\" alt=\"\" width=\"1796\" height=\"1966\" srcset=\"https:\/\/www.xminsulation.com\/wp-content\/uploads\/2024\/05\/\u56fe\u7247151.png 1796w, https:\/\/www.xminsulation.com\/wp-content\/uploads\/2024\/05\/\u56fe\u7247151-274x300.png 274w, https:\/\/www.xminsulation.com\/wp-content\/uploads\/2024\/05\/\u56fe\u7247151-935x1024.png 935w, https:\/\/www.xminsulation.com\/wp-content\/uploads\/2024\/05\/\u56fe\u7247151-768x841.png 768w, https:\/\/www.xminsulation.com\/wp-content\/uploads\/2024\/05\/\u56fe\u7247151-1403x1536.png 1403w, https:\/\/www.xminsulation.com\/wp-content\/uploads\/2024\/05\/\u56fe\u7247151-600x657.png 600w\" sizes=\"(max-width: 1796px) 100vw, 1796px\" \/><\/p>\n<h2><strong><b>Circuito <\/b><\/strong><strong><b>B<\/b><\/strong><strong><b>reator <\/b><\/strong><strong><b>S<\/b><\/strong><strong><b>bruxa <\/b><\/strong><strong><b>D<\/b><\/strong><strong><b>diagrama<\/b><\/strong><\/h2>\n<p><img loading=\"lazy\" decoding=\"async\" class=\"alignnone wp-image-2009 size-large\" src=\"http:\/\/www.xminsulation.com\/wp-content\/uploads\/2024\/05\/\u56fe\u724749-2-1012x1024.png\" alt=\"\" width=\"1012\" height=\"1024\" srcset=\"https:\/\/www.xminsulation.com\/wp-content\/uploads\/2024\/05\/\u56fe\u724749-2-1012x1024.png 1012w, https:\/\/www.xminsulation.com\/wp-content\/uploads\/2024\/05\/\u56fe\u724749-2-296x300.png 296w, https:\/\/www.xminsulation.com\/wp-content\/uploads\/2024\/05\/\u56fe\u724749-2-768x777.png 768w, https:\/\/www.xminsulation.com\/wp-content\/uploads\/2024\/05\/\u56fe\u724749-2-1518x1536.png 1518w, https:\/\/www.xminsulation.com\/wp-content\/uploads\/2024\/05\/\u56fe\u724749-2-600x607.png 600w, https:\/\/www.xminsulation.com\/wp-content\/uploads\/2024\/05\/\u56fe\u724749-2-100x100.png 100w, https:\/\/www.xminsulation.com\/wp-content\/uploads\/2024\/05\/\u56fe\u724749-2.png 1687w\" sizes=\"(max-width: 1012px) 100vw, 1012px\" \/><\/p>\n<h2><strong><b>Dimensional <\/b><\/strong><strong><b>D<\/b><\/strong><strong><b>prepara\u00e7\u00e3o de <\/b><\/strong><strong><b>Ecol\u00f3gico<\/b><\/strong><strong><b>\u00a0<\/b><\/strong><strong><b>F<\/b><\/strong><strong><b>amig\u00e1vel <\/b><\/strong><strong><b>C<\/b><\/strong><strong><b>circuito <\/b><\/strong><strong><b>B<\/b><\/strong><strong><b>reator (<\/b><\/strong><strong><b>Com L<\/b><\/strong><strong><b>flor <\/b><\/strong><strong><b>EU<\/b><\/strong><strong><b>sola\u00e7\u00e3o)<\/b><\/strong><\/h2>\n<p><img loading=\"lazy\" decoding=\"async\" class=\"alignnone wp-image-2011 size-large\" src=\"http:\/\/www.xminsulation.com\/wp-content\/uploads\/2024\/05\/\u56fe\u724750-2-1015x1024.jpg\" alt=\"\" width=\"1015\" height=\"1024\" srcset=\"https:\/\/www.xminsulation.com\/wp-content\/uploads\/2024\/05\/\u56fe\u724750-2-1015x1024.jpg 1015w, https:\/\/www.xminsulation.com\/wp-content\/uploads\/2024\/05\/\u56fe\u724750-2-297x300.jpg 297w, https:\/\/www.xminsulation.com\/wp-content\/uploads\/2024\/05\/\u56fe\u724750-2-150x150.jpg 150w, https:\/\/www.xminsulation.com\/wp-content\/uploads\/2024\/05\/\u56fe\u724750-2-768x775.jpg 768w, https:\/\/www.xminsulation.com\/wp-content\/uploads\/2024\/05\/\u56fe\u724750-2-600x606.jpg 600w, https:\/\/www.xminsulation.com\/wp-content\/uploads\/2024\/05\/\u56fe\u724750-2-100x100.jpg 100w, https:\/\/www.xminsulation.com\/wp-content\/uploads\/2024\/05\/\u56fe\u724750-2.jpg 1500w\" sizes=\"(max-width: 1015px) 100vw, 1015px\" \/><\/p>\n<h2><strong><b>Diagrama esquem\u00e1tico do gabinete do disjuntor e do tanque de ar do gabinete PT<\/b><\/strong><\/h2>\n<p><img loading=\"lazy\" decoding=\"async\" class=\"alignnone wp-image-2012 size-full\" src=\"http:\/\/www.xminsulation.com\/wp-content\/uploads\/2024\/05\/\u56fe\u724751-2.png\" alt=\"\" width=\"1073\" height=\"1343\" srcset=\"https:\/\/www.xminsulation.com\/wp-content\/uploads\/2024\/05\/\u56fe\u724751-2.png 1073w, https:\/\/www.xminsulation.com\/wp-content\/uploads\/2024\/05\/\u56fe\u724751-2-240x300.png 240w, https:\/\/www.xminsulation.com\/wp-content\/uploads\/2024\/05\/\u56fe\u724751-2-818x1024.png 818w, https:\/\/www.xminsulation.com\/wp-content\/uploads\/2024\/05\/\u56fe\u724751-2-768x961.png 768w, https:\/\/www.xminsulation.com\/wp-content\/uploads\/2024\/05\/\u56fe\u724751-2-600x751.png 600w\" sizes=\"(max-width: 1073px) 100vw, 1073px\" \/> <img loading=\"lazy\" decoding=\"async\" class=\"alignnone wp-image-2013 size-full\" src=\"http:\/\/www.xminsulation.com\/wp-content\/uploads\/2024\/05\/\u56fe\u724752-2.png\" alt=\"\" width=\"567\" height=\"1248\" srcset=\"https:\/\/www.xminsulation.com\/wp-content\/uploads\/2024\/05\/\u56fe\u724752-2.png 567w, https:\/\/www.xminsulation.com\/wp-content\/uploads\/2024\/05\/\u56fe\u724752-2-136x300.png 136w, https:\/\/www.xminsulation.com\/wp-content\/uploads\/2024\/05\/\u56fe\u724752-2-465x1024.png 465w\" sizes=\"(max-width: 567px) 100vw, 567px\" \/><\/p>\n<h2><strong><b>Desenho dimensional do tanque de ar e gabinete de distribui\u00e7\u00e3o<\/b><\/strong><\/h2>\n<p><img loading=\"lazy\" decoding=\"async\" class=\"alignnone wp-image-2014 size-large\" src=\"http:\/\/www.xminsulation.com\/wp-content\/uploads\/2024\/05\/\u56fe\u724753-2-1024x858.png\" alt=\"\" width=\"1024\" height=\"858\" srcset=\"https:\/\/www.xminsulation.com\/wp-content\/uploads\/2024\/05\/\u56fe\u724753-2-1024x858.png 1024w, https:\/\/www.xminsulation.com\/wp-content\/uploads\/2024\/05\/\u56fe\u724753-2-300x251.png 300w, https:\/\/www.xminsulation.com\/wp-content\/uploads\/2024\/05\/\u56fe\u724753-2-768x644.png 768w, https:\/\/www.xminsulation.com\/wp-content\/uploads\/2024\/05\/\u56fe\u724753-2-1536x1288.png 1536w, https:\/\/www.xminsulation.com\/wp-content\/uploads\/2024\/05\/\u56fe\u724753-2-600x503.png 600w, https:\/\/www.xminsulation.com\/wp-content\/uploads\/2024\/05\/\u56fe\u724753-2.png 1935w\" sizes=\"(max-width: 1024px) 100vw, 1024px\" \/> <img loading=\"lazy\" decoding=\"async\" class=\"alignnone wp-image-2015 size-full\" src=\"http:\/\/www.xminsulation.com\/wp-content\/uploads\/2024\/05\/\u56fe\u724754-2.png\" alt=\"\" width=\"1423\" height=\"1702\" srcset=\"https:\/\/www.xminsulation.com\/wp-content\/uploads\/2024\/05\/\u56fe\u724754-2.png 1423w, https:\/\/www.xminsulation.com\/wp-content\/uploads\/2024\/05\/\u56fe\u724754-2-251x300.png 251w, https:\/\/www.xminsulation.com\/wp-content\/uploads\/2024\/05\/\u56fe\u724754-2-856x1024.png 856w, https:\/\/www.xminsulation.com\/wp-content\/uploads\/2024\/05\/\u56fe\u724754-2-768x919.png 768w, https:\/\/www.xminsulation.com\/wp-content\/uploads\/2024\/05\/\u56fe\u724754-2-1284x1536.png 1284w, https:\/\/www.xminsulation.com\/wp-content\/uploads\/2024\/05\/\u56fe\u724754-2-600x718.png 600w\" sizes=\"(max-width: 1423px) 100vw, 1423px\" \/><\/p>\n<h2><strong><b>Estrutura interna<\/b><\/strong><\/h2>\n<p><img loading=\"lazy\" decoding=\"async\" class=\"alignnone wp-image-2016 size-full\" src=\"http:\/\/www.xminsulation.com\/wp-content\/uploads\/2024\/05\/\u56fe\u724755-2.png\" alt=\"\" width=\"1065\" height=\"786\" srcset=\"https:\/\/www.xminsulation.com\/wp-content\/uploads\/2024\/05\/\u56fe\u724755-2.png 1065w, https:\/\/www.xminsulation.com\/wp-content\/uploads\/2024\/05\/\u56fe\u724755-2-300x221.png 300w, https:\/\/www.xminsulation.com\/wp-content\/uploads\/2024\/05\/\u56fe\u724755-2-1024x756.png 1024w, https:\/\/www.xminsulation.com\/wp-content\/uploads\/2024\/05\/\u56fe\u724755-2-768x567.png 768w, https:\/\/www.xminsulation.com\/wp-content\/uploads\/2024\/05\/\u56fe\u724755-2-600x443.png 600w\" sizes=\"(max-width: 1065px) 100vw, 1065px\" \/><\/p>\n<p>1,\u4fa7\u6269\u5957\u7ba1. Caixa de expans\u00e3o lateral.<\/p>\n<p>2,\u65ad\u8def\u5668(\u8d1f\u8377\u5f00\u5173). Disjuntor (interruptor de carga).<\/p>\n<p>3\uff0c\u4e09\u5de5\u4f4d\u4e0b\u9694\u79bb\u7684\u9694\u79bb\u5f00\u5173. Chave de isolamento de tr\u00eas esta\u00e7\u00f5es.<\/p>\n<p>4,\u6bcd\u7ebf. Barramento.<\/p>\n<p>5,\u8fdb\u7ebf\u5957\u7ba1. Bucha de entrada.<\/p>\n<p>6, \u6c14\u7bb1. Tanque de ar.<\/p>\n<p>7, \u6c14\u538b\u8868. Bar\u00f4metro.<\/p>\n<p>8,\u65ad\u8def\u5668(\u8d1f\u8377\u5f00\u5173)\u673a\u6784. Mecanismo do disjuntor (interruptor de carga).<\/p>\n<p>9,\u89c2\u5bdf\u706f. Luz de observa\u00e7\u00e3o.<\/p>\n<p>10,\u4e09\u5de5\u4f4d\u9694\u79bb\u673a\u6784. Mecanismo de isolamento de tr\u00eas esta\u00e7\u00f5es.<\/p>\n<p>11,\u63a5\u5730\u89c2\u5bdf\u7a97. Janela de observa\u00e7\u00e3o terrestre.<\/p>\n<h2><strong><b>Manuten\u00e7\u00e3o do produto<\/b><\/strong><\/h2>\n<p>Todos os componentes dentro do 15,6 kV\/630 A n\u00e3o necessitam de manuten\u00e7\u00e3o durante a vida \u00fatil declarada do produto.<\/p>\n<p>As posi\u00e7\u00f5es de isolamento e aterramento podem ser observadas para fornecer garantia de seguran\u00e7a para opera\u00e7\u00e3o e constru\u00e7\u00e3o de cabos.<\/p>\n<p>As partes energizadas s\u00e3o completamente isoladas do mundo exterior, e um canal especial de al\u00edvio de press\u00e3o do arco \u00e9 projetado na caixa de g\u00e1s para garantir a seguran\u00e7a dos operadores e do equipamento.<\/p>\n<p>A parte mec\u00e2nica est\u00e1 localizada fora da caixa de ar e atr\u00e1s do painel frontal, facilitando a opera\u00e7\u00e3o e substitui\u00e7\u00e3o. A superf\u00edcie da parte mec\u00e2nica passou por tratamento anticorrosivo, e suas partes m\u00f3veis foram lubrificadas antes de sair da f\u00e1brica, o que pode atender ao aproveitamento do ciclo de vida do produto. Em ambientes extremos (poeira, areia e sujeira) pode ser necess\u00e1ria inspe\u00e7\u00e3o, manuten\u00e7\u00e3o e, em alguns casos, substitui\u00e7\u00e3o.<\/p>\n<div class=\"wxts\">\n<h2>\u25c6Personaliza\u00e7\u00e3o Especial<\/h2>\n<p>Os par\u00e2metros acima s\u00e3o dados t\u00edpicos; se os estilos existentes n\u00e3o atenderem \u00e0s suas demandas espec\u00edficas, entre em contato conosco para um design personalizado. Temos habilidades significativas de desenvolvimento e produ\u00e7\u00e3o de personaliza\u00e7\u00e3o personalizada, o que nos permite fornecer solu\u00e7\u00f5es personalizadas para clientes em todo o mundo.<\/p>\n<\/div>\n<p>&nbsp;<\/p>","protected":false},"excerpt":{"rendered":"<p>General Information In medium-voltage power distribution systems, the most commonly used ring network cabinets currently include SF6 gas insulated ring network cabinets, solid insulated ring network cabinets and environmentally friendly gas insulated ring network cabinets. However, due to the greenhouse gas emission problem of SF6 and the difficulty of recycling solid insulation materials, the application [&hellip;]<\/p>","protected":false},"featured_media":2007,"template":"","meta":{"site-sidebar-layout":"default","site-content-layout":"","ast-site-content-layout":"default","site-content-style":"default","site-sidebar-style":"default","ast-global-header-display":"","ast-banner-title-visibility":"","ast-main-header-display":"","ast-hfb-above-header-display":"","ast-hfb-below-header-display":"","ast-hfb-mobile-header-display":"","site-post-title":"","ast-breadcrumbs-content":"","ast-featured-img":"","footer-sml-layout":"","theme-transparent-header-meta":"default","adv-header-id-meta":"","stick-header-meta":"","header-above-stick-meta":"","header-main-stick-meta":"","header-below-stick-meta":"","astra-migrate-meta-layouts":"set","ast-page-background-enabled":"default","ast-page-background-meta":{"desktop":{"background-color":"","background-image":"","background-repeat":"repeat","background-position":"center center","background-size":"auto","background-attachment":"scroll","background-type":"","background-media":"","overlay-type":"","overlay-color":"","overlay-gradient":""},"tablet":{"background-color":"","background-image":"","background-repeat":"repeat","background-position":"center center","background-size":"auto","background-attachment":"scroll","background-type":"","background-media":"","overlay-type":"","overlay-color":"","overlay-gradient":""},"mobile":{"background-color":"","background-image":"","background-repeat":"repeat","background-position":"center center","background-size":"auto","background-attachment":"scroll","background-type":"","background-media":"","overlay-type":"","overlay-color":"","overlay-gradient":""}},"ast-content-background-meta":{"desktop":{"background-color":"var(--ast-global-color-5)","background-image":"","background-repeat":"repeat","background-position":"center center","background-size":"auto","background-attachment":"scroll","background-type":"","background-media":"","overlay-type":"","overlay-color":"","overlay-gradient":""},"tablet":{"background-color":"var(--ast-global-color-5)","background-image":"","background-repeat":"repeat","background-position":"center center","background-size":"auto","background-attachment":"scroll","background-type":"","background-media":"","overlay-type":"","overlay-color":"","overlay-gradient":""},"mobile":{"background-color":"var(--ast-global-color-5)","background-image":"","background-repeat":"repeat","background-position":"center center","background-size":"auto","background-attachment":"scroll","background-type":"","background-media":"","overlay-type":"","overlay-color":"","overlay-gradient":""}}},"product_cat":[29],"product_tag":[],"class_list":{"0":"post-2003","1":"product","2":"type-product","3":"status-publish","4":"has-post-thumbnail","6":"product_cat-10-24kv-eco-friendly-vacuum-circuit-breaker-sf6-free","7":"desktop-align-left","8":"tablet-align-left","9":"mobile-align-left","11":"first","12":"instock","13":"shipping-taxable","14":"product-type-simple"},"_links":{"self":[{"href":"https:\/\/www.xminsulation.com\/pt\/wp-json\/wp\/v2\/product\/2003","targetHints":{"allow":["GET"]}}],"collection":[{"href":"https:\/\/www.xminsulation.com\/pt\/wp-json\/wp\/v2\/product"}],"about":[{"href":"https:\/\/www.xminsulation.com\/pt\/wp-json\/wp\/v2\/types\/product"}],"wp:featuredmedia":[{"embeddable":true,"href":"https:\/\/www.xminsulation.com\/pt\/wp-json\/wp\/v2\/media\/2007"}],"wp:attachment":[{"href":"https:\/\/www.xminsulation.com\/pt\/wp-json\/wp\/v2\/media?parent=2003"}],"wp:term":[{"taxonomy":"product_cat","embeddable":true,"href":"https:\/\/www.xminsulation.com\/pt\/wp-json\/wp\/v2\/product_cat?post=2003"},{"taxonomy":"product_tag","embeddable":true,"href":"https:\/\/www.xminsulation.com\/pt\/wp-json\/wp\/v2\/product_tag?post=2003"}],"curies":[{"name":"wp","href":"https:\/\/api.w.org\/{rel}","templated":true}]}}