{"id":1799,"date":"2024-05-11T20:57:53","date_gmt":"2024-05-11T12:57:53","guid":{"rendered":"http:\/\/www.xminsulation.com\/?post_type=product&#038;p=1799"},"modified":"2024-05-15T15:45:01","modified_gmt":"2024-05-15T07:45:01","slug":"32-15-6kv-outdoor-pole-mounted-vacuum-auto-recloser-2","status":"publish","type":"product","link":"https:\/\/www.xminsulation.com\/pt\/product\/32-15-6kv-outdoor-pole-mounted-vacuum-auto-recloser-2\/","title":{"rendered":"Religador autom\u00e1tico a v\u00e1cuo montado em poste externo de 32-15,6 kV"},"content":{"rendered":"<p><img fetchpriority=\"high\" decoding=\"async\" class=\"wp-image-1802 size-full aligncenter\" src=\"http:\/\/www.xminsulation.com\/wp-content\/uploads\/2024\/05\/\u56fe\u72471.jpg\" alt=\"\" width=\"1000\" height=\"560\" srcset=\"https:\/\/www.xminsulation.com\/wp-content\/uploads\/2024\/05\/\u56fe\u72471.jpg 1000w, https:\/\/www.xminsulation.com\/wp-content\/uploads\/2024\/05\/\u56fe\u72471-300x168.jpg 300w, https:\/\/www.xminsulation.com\/wp-content\/uploads\/2024\/05\/\u56fe\u72471-768x430.jpg 768w, https:\/\/www.xminsulation.com\/wp-content\/uploads\/2024\/05\/\u56fe\u72471-600x336.jpg 600w\" sizes=\"(max-width: 1000px) 100vw, 1000px\" \/> <img decoding=\"async\" class=\"wp-image-1803 size-full aligncenter\" src=\"http:\/\/www.xminsulation.com\/wp-content\/uploads\/2024\/05\/\u56fe\u72472-3.jpg\" alt=\"\" width=\"1000\" height=\"1000\" srcset=\"https:\/\/www.xminsulation.com\/wp-content\/uploads\/2024\/05\/\u56fe\u72472-3.jpg 1000w, https:\/\/www.xminsulation.com\/wp-content\/uploads\/2024\/05\/\u56fe\u72472-3-300x300.jpg 300w, https:\/\/www.xminsulation.com\/wp-content\/uploads\/2024\/05\/\u56fe\u72472-3-150x150.jpg 150w, https:\/\/www.xminsulation.com\/wp-content\/uploads\/2024\/05\/\u56fe\u72472-3-768x768.jpg 768w, https:\/\/www.xminsulation.com\/wp-content\/uploads\/2024\/05\/\u56fe\u72472-3-600x600.jpg 600w, https:\/\/www.xminsulation.com\/wp-content\/uploads\/2024\/05\/\u56fe\u72472-3-100x100.jpg 100w\" sizes=\"(max-width: 1000px) 100vw, 1000px\" \/> <img decoding=\"async\" class=\"wp-image-1804 size-full aligncenter\" src=\"http:\/\/www.xminsulation.com\/wp-content\/uploads\/2024\/05\/\u56fe\u72473.jpg\" alt=\"\" width=\"1000\" height=\"1023\" srcset=\"https:\/\/www.xminsulation.com\/wp-content\/uploads\/2024\/05\/\u56fe\u72473.jpg 1000w, https:\/\/www.xminsulation.com\/wp-content\/uploads\/2024\/05\/\u56fe\u72473-293x300.jpg 293w, https:\/\/www.xminsulation.com\/wp-content\/uploads\/2024\/05\/\u56fe\u72473-768x786.jpg 768w, https:\/\/www.xminsulation.com\/wp-content\/uploads\/2024\/05\/\u56fe\u72473-600x614.jpg 600w\" sizes=\"(max-width: 1000px) 100vw, 1000px\" \/><\/p>\n<h2><strong><b>P<\/b><\/strong><strong><b>produto <\/b><\/strong><strong><b>D<\/b><\/strong><strong><b>descri\u00e7\u00e3o<\/b><\/strong><\/h2>\n<p>O disjuntor a v\u00e1cuo de alta tens\u00e3o CA para uso externo com religador autom\u00e1tico da s\u00e9rie ZW32 (doravante denominado &quot;religador&quot;) \u00e9 um comutador trif\u00e1sico de alta tens\u00e3o CA de 50 Hz\/60 Hz para uso externo. \u00c9 utilizado principalmente em sistemas de distribui\u00e7\u00e3o de energia externa de 10-35 kV em redes el\u00e9tricas rurais e urbanas, combinado com corrente de carga, corrente de sobrecarga e corrente de curto-circuito, podendo tamb\u00e9m ser utilizado em outros locais semelhantes. O disjuntor a v\u00e1cuo de alta tens\u00e3o CA para uso externo da s\u00e9rie ZW32 atende a normas como a GB 1984 &quot;Disjuntor de Alta Tens\u00e3o CA&quot; e a IEC 60056 da Comiss\u00e3o Eletrot\u00e9cnica Internacional &quot;Disjuntor de Alta Tens\u00e3o CA&quot;.<\/p>\n<h2><strong><b>Estrutural <\/b><\/strong><strong><b>F<\/b><\/strong><strong><b>Caracter\u00edsticas do ZW32 <\/b><\/strong><strong><b>R<\/b><\/strong><strong><b>ecloser<\/b><\/strong><\/h2>\n<ol>\n<li>O religador adota uma estrutura de pilar trif\u00e1sica, que tem as caracter\u00edsticas de desempenho de interrup\u00e7\u00e3o est\u00e1vel e confi\u00e1vel, sem perigo de combust\u00e3o e explos\u00e3o, livre de manuten\u00e7\u00e3o, tamanho pequeno, peso leve e longa vida \u00fatil.<\/li>\n<li>O religador adota uma estrutura totalmente fechada com bom desempenho de veda\u00e7\u00e3o, o que ajuda a melhorar o desempenho \u00e0 prova de umidade e anticondensa\u00e7\u00e3o. \u00c9 especialmente adequado para uso em \u00e1reas frias ou \u00famidas.<\/li>\n<li>Os pilares trif\u00e1sicos e transformadores de corrente s\u00e3o feitos de isolamento s\u00f3lido de resina ep\u00f3xi para uso externo e envoltos em gel de silicone; eles s\u00e3o resistentes a altas e baixas temperaturas, raios ultravioleta e envelhecimento.<\/li>\n<li>O mecanismo de opera\u00e7\u00e3o adota um mecanismo de \u00edm\u00e3 permanente monoest\u00e1vel, com motor de armazenamento de energia de baixa pot\u00eancia, pequeno n\u00famero de pe\u00e7as e alta confiabilidade. O mecanismo de opera\u00e7\u00e3o \u00e9 alojado em uma caixa de mecanismo selada, o que resolve o problema de corros\u00e3o do mecanismo de opera\u00e7\u00e3o e melhora sua confiabilidade.<\/li>\n<li>As opera\u00e7\u00f5es de abertura e fechamento do religador podem ser manuais ou el\u00e9tricas e remotas. Ele pode ser usado com controladores inteligentes para automatizar a distribui\u00e7\u00e3o de energia e tamb\u00e9m com controladores de religador para formar religadores e seccionadores autom\u00e1ticos.<\/li>\n<li>O religador pode ser equipado com um transformador de corrente trif\u00e1sico para prote\u00e7\u00e3o contra sobrecorrente ou curto-circuito. O transformador de corrente trif\u00e1sico pode ser de 600:1A ou 800:1A; 6 sensores capacitivos podem ser instalados para coletar sinais de tens\u00e3o e a tens\u00e3o de sa\u00edda secund\u00e1ria \u00e9 de 3,25V\/\u221a3; ele tamb\u00e9m pode fornecer sinais de coleta de tens\u00e3o e corrente para controladores inteligentes.<\/li>\n<li>Quando combinado com um controlador inteligente, ele pode realizar a fun\u00e7\u00e3o de religamento autom\u00e1tico, bem como controle remoto, telemetria, sinaliza\u00e7\u00e3o remota e ajuste remoto.<\/li>\n<\/ol>\n<p><img loading=\"lazy\" decoding=\"async\" class=\"wp-image-1805 size-full aligncenter\" src=\"http:\/\/www.xminsulation.com\/wp-content\/uploads\/2024\/05\/\u56fe\u72474-2.png\" alt=\"\" width=\"694\" height=\"738\" srcset=\"https:\/\/www.xminsulation.com\/wp-content\/uploads\/2024\/05\/\u56fe\u72474-2.png 694w, https:\/\/www.xminsulation.com\/wp-content\/uploads\/2024\/05\/\u56fe\u72474-2-282x300.png 282w, https:\/\/www.xminsulation.com\/wp-content\/uploads\/2024\/05\/\u56fe\u72474-2-600x638.png 600w\" sizes=\"(max-width: 694px) 100vw, 694px\" \/> <img loading=\"lazy\" decoding=\"async\" class=\"wp-image-1806 size-full aligncenter\" src=\"http:\/\/www.xminsulation.com\/wp-content\/uploads\/2024\/05\/\u56fe\u72475-3.png\" alt=\"\" width=\"694\" height=\"504\" srcset=\"https:\/\/www.xminsulation.com\/wp-content\/uploads\/2024\/05\/\u56fe\u72475-3.png 694w, https:\/\/www.xminsulation.com\/wp-content\/uploads\/2024\/05\/\u56fe\u72475-3-300x218.png 300w, https:\/\/www.xminsulation.com\/wp-content\/uploads\/2024\/05\/\u56fe\u72475-3-600x436.png 600w\" sizes=\"(max-width: 694px) 100vw, 694px\" \/> <img loading=\"lazy\" decoding=\"async\" class=\"wp-image-1807 size-full aligncenter\" src=\"http:\/\/www.xminsulation.com\/wp-content\/uploads\/2024\/05\/\u56fe\u72476-2.png\" alt=\"\" width=\"754\" height=\"950\" srcset=\"https:\/\/www.xminsulation.com\/wp-content\/uploads\/2024\/05\/\u56fe\u72476-2.png 754w, https:\/\/www.xminsulation.com\/wp-content\/uploads\/2024\/05\/\u56fe\u72476-2-238x300.png 238w, https:\/\/www.xminsulation.com\/wp-content\/uploads\/2024\/05\/\u56fe\u72476-2-600x756.png 600w\" sizes=\"(max-width: 754px) 100vw, 754px\" \/><\/p>\n<h2><strong><b>Condi\u00e7\u00f5es de uso<\/b><\/strong><\/h2>\n<p>1. Condi\u00e7\u00f5es normais de uso:<br \/>\na, Temperatura do ar ambiente: -40\u2103\uff5e+60\u2103;<br \/>\nb. Altitude: n\u00e3o mais que 2.000 metros;<br \/>\nc. O ar ao redor pode estar contaminado por poeira, fuma\u00e7a, gases corrosivos, vapor ou n\u00e9voa salina;<br \/>\nd. A velocidade do vento n\u00e3o deve exceder 34m\/s (equivalente a 700Pa na superf\u00edcie do cilindro);<br \/>\ne. Vibra\u00e7\u00e3o ou movimento do solo proveniente de equipamentos de manobra e controle podem ser ignorados;<br \/>\nf. N\u00edvel de polui\u00e7\u00e3o: N\u00edvel III.<br \/>\n2. Condi\u00e7\u00f5es especiais de utiliza\u00e7\u00e3o:<br \/>\nO religador pode ser utilizado em condi\u00e7\u00f5es normais de uso diferentes das especificadas acima. Nesse caso, os requisitos do usu\u00e1rio devem ser negociados com o fabricante e um consenso deve ser alcan\u00e7ado. Se as condi\u00e7\u00f5es normais de uso acima forem excedidas, o usu\u00e1rio dever\u00e1 negociar com o fabricante.<\/p>\n<h2><strong><b>Apar\u00eancia <\/b><\/strong><strong><b>S<\/b><\/strong><strong><b>ize e <\/b><\/strong><strong><b>P<\/b><\/strong><strong><b>produto <\/b><\/strong><strong><b>S<\/b><\/strong><strong><b>estrutura<\/b><\/strong><\/h2>\n<p><img loading=\"lazy\" decoding=\"async\" class=\"wp-image-1808 size-full aligncenter\" src=\"http:\/\/www.xminsulation.com\/wp-content\/uploads\/2024\/05\/\u56fe\u72477-2.png\" alt=\"\" width=\"1500\" height=\"1113\" srcset=\"https:\/\/www.xminsulation.com\/wp-content\/uploads\/2024\/05\/\u56fe\u72477-2.png 1500w, https:\/\/www.xminsulation.com\/wp-content\/uploads\/2024\/05\/\u56fe\u72477-2-300x223.png 300w, https:\/\/www.xminsulation.com\/wp-content\/uploads\/2024\/05\/\u56fe\u72477-2-1024x760.png 1024w, https:\/\/www.xminsulation.com\/wp-content\/uploads\/2024\/05\/\u56fe\u72477-2-768x570.png 768w, https:\/\/www.xminsulation.com\/wp-content\/uploads\/2024\/05\/\u56fe\u72477-2-600x445.png 600w\" sizes=\"(max-width: 1500px) 100vw, 1500px\" \/><\/p>\n<h2><strong><b>Interno <\/b><\/strong><strong><b>S<\/b><\/strong><strong><b>estrutura <\/b><\/strong><strong><b>D<\/b><\/strong><strong><b>diagrama<\/b><\/strong><\/h2>\n<p><img loading=\"lazy\" decoding=\"async\" class=\"wp-image-1809 size-full alignnone\" src=\"http:\/\/www.xminsulation.com\/wp-content\/uploads\/2024\/05\/\u56fe\u72478-2.png\" alt=\"\" width=\"1337\" height=\"1536\" srcset=\"https:\/\/www.xminsulation.com\/wp-content\/uploads\/2024\/05\/\u56fe\u72478-2.png 1337w, https:\/\/www.xminsulation.com\/wp-content\/uploads\/2024\/05\/\u56fe\u72478-2-261x300.png 261w, https:\/\/www.xminsulation.com\/wp-content\/uploads\/2024\/05\/\u56fe\u72478-2-891x1024.png 891w, https:\/\/www.xminsulation.com\/wp-content\/uploads\/2024\/05\/\u56fe\u72478-2-768x882.png 768w, https:\/\/www.xminsulation.com\/wp-content\/uploads\/2024\/05\/\u56fe\u72478-2-600x689.png 600w\" sizes=\"(max-width: 1337px) 100vw, 1337px\" \/><\/p>\n<h2><strong><b>Religador <\/b><\/strong><strong><b>C<\/b><\/strong><strong><b>controlador<\/b><\/strong><\/h2>\n<p>O controlador do religador integra tecnologia de microprocessamento e tecnologia de comunica\u00e7\u00e3o de rede moderna. Ele suporta uma variedade de protocolos de comunica\u00e7\u00e3o e permite a sele\u00e7\u00e3o de v\u00e1rios m\u00e9todos de comunica\u00e7\u00e3o para formar uma rede de comunica\u00e7\u00e3o. O switch pode ser operado localmente, manualmente ou remotamente, ou controlado remotamente por meio da rede de comunica\u00e7\u00e3o. Se equipado com o religador correspondente ou dispositivo de controle de segmenta\u00e7\u00e3o, ele pode ser usado como um religador ou dispositivo de segmenta\u00e7\u00e3o.<\/p>\n<h2><strong><b>Esquem\u00e1tico <\/b><\/strong><strong><b>D<\/b><\/strong><strong><b>diagrama de <\/b><\/strong><strong><b>C<\/b><\/strong><strong><b>conex\u00e3o <\/b><\/strong><strong><b>B<\/b><\/strong><strong><b>entre <\/b><\/strong><strong><b>R<\/b><\/strong><strong><b>ecloser e <\/b><\/strong><strong><b>C<\/b><\/strong><strong><b>controlador<\/b><\/strong><\/h2>\n<p><img loading=\"lazy\" decoding=\"async\" class=\"wp-image-1810 size-full aligncenter\" src=\"http:\/\/www.xminsulation.com\/wp-content\/uploads\/2024\/05\/\u56fe\u72479-2.png\" alt=\"\" width=\"1361\" height=\"1561\" srcset=\"https:\/\/www.xminsulation.com\/wp-content\/uploads\/2024\/05\/\u56fe\u72479-2.png 1361w, https:\/\/www.xminsulation.com\/wp-content\/uploads\/2024\/05\/\u56fe\u72479-2-262x300.png 262w, https:\/\/www.xminsulation.com\/wp-content\/uploads\/2024\/05\/\u56fe\u72479-2-893x1024.png 893w, https:\/\/www.xminsulation.com\/wp-content\/uploads\/2024\/05\/\u56fe\u72479-2-768x881.png 768w, https:\/\/www.xminsulation.com\/wp-content\/uploads\/2024\/05\/\u56fe\u72479-2-1339x1536.png 1339w, https:\/\/www.xminsulation.com\/wp-content\/uploads\/2024\/05\/\u56fe\u72479-2-600x688.png 600w\" sizes=\"(max-width: 1361px) 100vw, 1361px\" \/> <img loading=\"lazy\" decoding=\"async\" class=\"wp-image-1811 size-full aligncenter\" src=\"http:\/\/www.xminsulation.com\/wp-content\/uploads\/2024\/05\/\u56fe\u724710-2.png\" alt=\"\" width=\"563\" height=\"843\" srcset=\"https:\/\/www.xminsulation.com\/wp-content\/uploads\/2024\/05\/\u56fe\u724710-2.png 563w, https:\/\/www.xminsulation.com\/wp-content\/uploads\/2024\/05\/\u56fe\u724710-2-200x300.png 200w\" sizes=\"(max-width: 563px) 100vw, 563px\" \/><\/p>\n<h2><strong><b>Instala\u00e7\u00e3o<\/b><\/strong><\/h2>\n<p><img loading=\"lazy\" decoding=\"async\" class=\"wp-image-1812 size-full aligncenter\" src=\"http:\/\/www.xminsulation.com\/wp-content\/uploads\/2024\/05\/\u56fe\u724711-2.png\" alt=\"\" width=\"1064\" height=\"878\" srcset=\"https:\/\/www.xminsulation.com\/wp-content\/uploads\/2024\/05\/\u56fe\u724711-2.png 1064w, https:\/\/www.xminsulation.com\/wp-content\/uploads\/2024\/05\/\u56fe\u724711-2-300x248.png 300w, https:\/\/www.xminsulation.com\/wp-content\/uploads\/2024\/05\/\u56fe\u724711-2-1024x845.png 1024w, https:\/\/www.xminsulation.com\/wp-content\/uploads\/2024\/05\/\u56fe\u724711-2-768x634.png 768w, https:\/\/www.xminsulation.com\/wp-content\/uploads\/2024\/05\/\u56fe\u724711-2-600x495.png 600w\" sizes=\"(max-width: 1064px) 100vw, 1064px\" \/> <img loading=\"lazy\" decoding=\"async\" class=\"wp-image-1813 size-full aligncenter\" src=\"http:\/\/www.xminsulation.com\/wp-content\/uploads\/2024\/05\/\u56fe\u724712-2.png\" alt=\"\" width=\"750\" height=\"851\" srcset=\"https:\/\/www.xminsulation.com\/wp-content\/uploads\/2024\/05\/\u56fe\u724712-2.png 750w, https:\/\/www.xminsulation.com\/wp-content\/uploads\/2024\/05\/\u56fe\u724712-2-264x300.png 264w, https:\/\/www.xminsulation.com\/wp-content\/uploads\/2024\/05\/\u56fe\u724712-2-600x681.png 600w\" sizes=\"(max-width: 750px) 100vw, 750px\" \/><\/p>\n<p>&nbsp;<\/p>\n<h2 class=\"wxts\">\u25c6Personaliza\u00e7\u00e3o Especial<\/h2>\n<p>Os par\u00e2metros acima s\u00e3o dados t\u00edpicos; se os estilos existentes n\u00e3o atenderem \u00e0s suas demandas espec\u00edficas, entre em contato conosco para um design personalizado. Temos habilidades significativas de desenvolvimento e produ\u00e7\u00e3o de personaliza\u00e7\u00e3o personalizada, o que nos permite fornecer solu\u00e7\u00f5es personalizadas para clientes em todo o mundo.<\/p>","protected":false},"excerpt":{"rendered":"<p>Product Description ZW32 series automatic recloser outdoor AC high-voltage vacuum circuit breaker (hereinafter referred to as &#8220;recloser&#8221;) is a three-phase AC 50Hz\/60Hz outdoor high-voltage switchgear. It is mainly used in 10-35kV outdoor power distribution systems of rural power grids and urban power grids. , combined with load current, overload current and short-circuit current, and can [&hellip;]<\/p>","protected":false},"featured_media":1801,"template":"","meta":{"site-sidebar-layout":"default","site-content-layout":"","ast-site-content-layout":"default","site-content-style":"default","site-sidebar-style":"default","ast-global-header-display":"","ast-banner-title-visibility":"","ast-main-header-display":"","ast-hfb-above-header-display":"","ast-hfb-below-header-display":"","ast-hfb-mobile-header-display":"","site-post-title":"","ast-breadcrumbs-content":"","ast-featured-img":"","footer-sml-layout":"","theme-transparent-header-meta":"default","adv-header-id-meta":"","stick-header-meta":"","header-above-stick-meta":"","header-main-stick-meta":"","header-below-stick-meta":"","astra-migrate-meta-layouts":"set","ast-page-background-enabled":"default","ast-page-background-meta":{"desktop":{"background-color":"","background-image":"","background-repeat":"repeat","background-position":"center center","background-size":"auto","background-attachment":"scroll","background-type":"","background-media":"","overlay-type":"","overlay-color":"","overlay-gradient":""},"tablet":{"background-color":"","background-image":"","background-repeat":"repeat","background-position":"center center","background-size":"auto","background-attachment":"scroll","background-type":"","background-media":"","overlay-type":"","overlay-color":"","overlay-gradient":""},"mobile":{"background-color":"","background-image":"","background-repeat":"repeat","background-position":"center center","background-size":"auto","background-attachment":"scroll","background-type":"","background-media":"","overlay-type":"","overlay-color":"","overlay-gradient":""}},"ast-content-background-meta":{"desktop":{"background-color":"var(--ast-global-color-5)","background-image":"","background-repeat":"repeat","background-position":"center center","background-size":"auto","background-attachment":"scroll","background-type":"","background-media":"","overlay-type":"","overlay-color":"","overlay-gradient":""},"tablet":{"background-color":"var(--ast-global-color-5)","background-image":"","background-repeat":"repeat","background-position":"center center","background-size":"auto","background-attachment":"scroll","background-type":"","background-media":"","overlay-type":"","overlay-color":"","overlay-gradient":""},"mobile":{"background-color":"var(--ast-global-color-5)","background-image":"","background-repeat":"repeat","background-position":"center center","background-size":"auto","background-attachment":"scroll","background-type":"","background-media":"","overlay-type":"","overlay-color":"","overlay-gradient":""}}},"product_cat":[24],"product_tag":[],"class_list":{"0":"post-1799","1":"product","2":"type-product","3":"status-publish","4":"has-post-thumbnail","6":"product_cat-10-40-5kv-outdoor-pole-mounted-vacuum-auto-recloser","7":"desktop-align-left","8":"tablet-align-left","9":"mobile-align-left","11":"first","12":"instock","13":"shipping-taxable","14":"product-type-simple"},"_links":{"self":[{"href":"https:\/\/www.xminsulation.com\/pt\/wp-json\/wp\/v2\/product\/1799","targetHints":{"allow":["GET"]}}],"collection":[{"href":"https:\/\/www.xminsulation.com\/pt\/wp-json\/wp\/v2\/product"}],"about":[{"href":"https:\/\/www.xminsulation.com\/pt\/wp-json\/wp\/v2\/types\/product"}],"wp:featuredmedia":[{"embeddable":true,"href":"https:\/\/www.xminsulation.com\/pt\/wp-json\/wp\/v2\/media\/1801"}],"wp:attachment":[{"href":"https:\/\/www.xminsulation.com\/pt\/wp-json\/wp\/v2\/media?parent=1799"}],"wp:term":[{"taxonomy":"product_cat","embeddable":true,"href":"https:\/\/www.xminsulation.com\/pt\/wp-json\/wp\/v2\/product_cat?post=1799"},{"taxonomy":"product_tag","embeddable":true,"href":"https:\/\/www.xminsulation.com\/pt\/wp-json\/wp\/v2\/product_tag?post=1799"}],"curies":[{"name":"wp","href":"https:\/\/api.w.org\/{rel}","templated":true}]}}