{"id":1626,"date":"2024-05-07T20:03:14","date_gmt":"2024-05-07T12:03:14","guid":{"rendered":"http:\/\/www.xminsulation.com\/?post_type=product&#038;p=1626"},"modified":"2024-05-15T15:48:05","modified_gmt":"2024-05-15T07:48:05","slug":"qjt-12-24-630a-shielded-fore-connector","status":"publish","type":"product","link":"https:\/\/www.xminsulation.com\/pt\/product\/qjt-12-24-630a-shielded-fore-connector\/","title":{"rendered":"QJT 12\/24-630A Conector dianteiro blindado"},"content":{"rendered":"<p><img fetchpriority=\"high\" decoding=\"async\" class=\"alignnone wp-image-1628 size-full\" src=\"http:\/\/www.xminsulation.com\/wp-content\/uploads\/2024\/05\/\u56fe\u7247352-1.jpg\" alt=\"\" width=\"535\" height=\"535\" srcset=\"https:\/\/www.xminsulation.com\/wp-content\/uploads\/2024\/05\/\u56fe\u7247352-1.jpg 535w, https:\/\/www.xminsulation.com\/wp-content\/uploads\/2024\/05\/\u56fe\u7247352-1-300x300.jpg 300w, https:\/\/www.xminsulation.com\/wp-content\/uploads\/2024\/05\/\u56fe\u7247352-1-150x150.jpg 150w, https:\/\/www.xminsulation.com\/wp-content\/uploads\/2024\/05\/\u56fe\u7247352-1-100x100.jpg 100w\" sizes=\"(max-width: 535px) 100vw, 535px\" \/><\/p>\n<h2><strong><b>Aplicativo<\/b><\/strong><\/h2>\n<p>1. Para conex\u00e3o de cabo polim\u00e9rico a transformadores, aparelhagens de manobra, motores e outros equipamentos com um conector separ\u00e1vel pr\u00e9-moldado.<\/p>\n<p>2,Para instala\u00e7\u00f5es internas e externas.<\/p>\n<p>3, Tens\u00e3o do sistema at\u00e9 0 24 kV.<\/p>\n<p>4, Corrente cont\u00ednua 630A (sobrecarga de 900 A por 8 horas).<\/p>\n<p>5, Detalhes do cabo:<\/p>\n<p>a,Cabo polim\u00e9rico (XLPE, EPR, etc.).<\/p>\n<p>b,Condutores de cobre ou alum\u00ednio.<\/p>\n<p>c,Telas semicondutoras ou met\u00e1licas.<\/p>\n<p>d,Tamanho do condutor12kV25-120mm 24kV25-400mm.<\/p>\n<h2><strong><b>Caracter\u00edsticas<\/b><\/strong><\/h2>\n<p>1. Fornece uma conex\u00e3o separ\u00e1vel totalmente blindada e totalmente submers\u00edvel quando acoplada \u00e0 bucha ou plugue adequado.<\/p>\n<p>2,Pode ser usado sob as circunst\u00e2ncias.<\/p>\n<p>3, Ponto de teste capacitivo integrado para determinar o status do circuito ou indicador de falha de instala\u00e7\u00e3o.<\/p>\n<p>4, N\u00e3o h\u00e1 requisitos m\u00ednimos de dist\u00e2ncia de fase.<\/p>\n<p>5. A montagem pode ser vertical, horizontal ou em qualquer \u00e2ngulo intermedi\u00e1rio.<\/p>\n<h2><strong><b>Instala\u00e7\u00e3o<\/b><\/strong><\/h2>\n<p>1,Sem nenhuma ferramenta especial.<\/p>\n<p>2. Quando terminar a instala\u00e7\u00e3o do conector de cotovelo, a energia pode ser fornecida diretamente.<\/p>\n<p>3,De acordo com a Folha de Instru\u00e7\u00f5es de Instala\u00e7\u00e3o.<\/p>\n<p>4. Qualquer outro requisito especial, entre em contato com nosso engenheiro de vendas.<\/p>\n<p><img decoding=\"async\" class=\"alignnone wp-image-1629 size-full\" src=\"http:\/\/www.xminsulation.com\/wp-content\/uploads\/2024\/05\/\u56fe\u7247353.png\" alt=\"\" width=\"360\" height=\"651\" srcset=\"https:\/\/www.xminsulation.com\/wp-content\/uploads\/2024\/05\/\u56fe\u7247353.png 360w, https:\/\/www.xminsulation.com\/wp-content\/uploads\/2024\/05\/\u56fe\u7247353-166x300.png 166w\" sizes=\"(max-width: 360px) 100vw, 360px\" \/> <img decoding=\"async\" class=\"alignnone wp-image-1630 size-full\" src=\"http:\/\/www.xminsulation.com\/wp-content\/uploads\/2024\/05\/\u56fe\u7247354.png\" alt=\"\" width=\"238\" height=\"584\" srcset=\"https:\/\/www.xminsulation.com\/wp-content\/uploads\/2024\/05\/\u56fe\u7247354.png 238w, https:\/\/www.xminsulation.com\/wp-content\/uploads\/2024\/05\/\u56fe\u7247354-122x300.png 122w\" sizes=\"(max-width: 238px) 100vw, 238px\" \/><\/p>\n<h2><strong><b>Estrutura do produto<\/b><\/strong><\/h2>\n<ol>\n<li>PARAFUSO DE DUAS CABE\u00c7AS: Para garantir um bom contato com a bucha do aparelho.<\/li>\n<li>ISOLAMENTO: A borracha isolante EPDM moldada \u00e9 formulada e misturada internamente para garantir alta qualidade.<\/li>\n<li>PLUGUE ISOLANTE: O plugue isolante de ep\u00f3xi moldado proporciona excelente confiabilidade el\u00e9trica, t\u00e9rmica e mec\u00e2nica.<\/li>\n<li>INSER\u00c7\u00c3O SEMICONDUTORA: Tela de borracha condutora moldada em EPDM controla o estresse el\u00e9trico.<\/li>\n<li>AL\u00cdVIO DE TENS\u00c3O: A configura\u00e7\u00e3o da tela externa e do adaptador de cabo proporcionam al\u00edvio de tens\u00e3o no cabo.<\/li>\n<li>OLHAL DE ATERRAMENTO: Moldado na blindagem externa para conex\u00e3o de um fio terra.<\/li>\n<li>BLINDAGEM SEMI-CONDUTIVA: Borracha condutora de EPDM moldada acopla-se \u00e0 blindagem do cabo para manter a blindagem<\/li>\n<\/ol>\n<p>continuidade e garantir que o conjunto esteja no potencial de terra.<\/p>\n<ol start=\"8\">\n<li>TERMINAL DO CABO CONDUTOR: O conector de compress\u00e3o de alum\u00ednio \u00e9 dimensionado para garantir um conector de funcionamento a frio com o m\u00e1ximo<\/li>\n<\/ol>\n<p>transfer\u00eancia atual.<\/p>\n<p><img loading=\"lazy\" decoding=\"async\" class=\"alignnone wp-image-1631 size-full\" src=\"http:\/\/www.xminsulation.com\/wp-content\/uploads\/2024\/05\/\u56fe\u7247355.png\" alt=\"\" width=\"1142\" height=\"570\" srcset=\"https:\/\/www.xminsulation.com\/wp-content\/uploads\/2024\/05\/\u56fe\u7247355.png 1142w, https:\/\/www.xminsulation.com\/wp-content\/uploads\/2024\/05\/\u56fe\u7247355-300x150.png 300w, https:\/\/www.xminsulation.com\/wp-content\/uploads\/2024\/05\/\u56fe\u7247355-1024x511.png 1024w, https:\/\/www.xminsulation.com\/wp-content\/uploads\/2024\/05\/\u56fe\u7247355-768x383.png 768w, https:\/\/www.xminsulation.com\/wp-content\/uploads\/2024\/05\/\u56fe\u7247355-600x299.png 600w\" sizes=\"(max-width: 1142px) 100vw, 1142px\" \/> <img loading=\"lazy\" decoding=\"async\" class=\"alignnone wp-image-1632 size-full\" src=\"http:\/\/www.xminsulation.com\/wp-content\/uploads\/2024\/05\/\u56fe\u7247356.png\" alt=\"\" width=\"1166\" height=\"616\" srcset=\"https:\/\/www.xminsulation.com\/wp-content\/uploads\/2024\/05\/\u56fe\u7247356.png 1166w, https:\/\/www.xminsulation.com\/wp-content\/uploads\/2024\/05\/\u56fe\u7247356-300x158.png 300w, https:\/\/www.xminsulation.com\/wp-content\/uploads\/2024\/05\/\u56fe\u7247356-1024x541.png 1024w, https:\/\/www.xminsulation.com\/wp-content\/uploads\/2024\/05\/\u56fe\u7247356-768x406.png 768w, https:\/\/www.xminsulation.com\/wp-content\/uploads\/2024\/05\/\u56fe\u7247356-600x317.png 600w\" sizes=\"(max-width: 1166px) 100vw, 1166px\" \/><\/p>\n<h2><strong><b>europeu <\/b><\/strong><strong><b>T<\/b><\/strong><strong><b>toc\u00e1vel <\/b><\/strong><strong><b>S<\/b><\/strong><strong><b>s\u00e9ries <\/b><\/strong><strong><b>C<\/b><\/strong><strong><b>capaz <\/b><\/strong><strong><b>C<\/b><\/strong><strong><b>conector <\/b><\/strong><strong><b>EU<\/b><\/strong><strong><b>instala\u00e7\u00e3o <\/b><\/strong><strong><b>EU<\/b><\/strong><strong><b>instru\u00e7\u00f5es<\/b><\/strong><\/h2>\n<p><strong><b> <img loading=\"lazy\" decoding=\"async\" class=\"alignnone wp-image-1633 size-full\" src=\"http:\/\/www.xminsulation.com\/wp-content\/uploads\/2024\/05\/\u56fe\u7247357.png\" alt=\"\" width=\"796\" height=\"576\" srcset=\"https:\/\/www.xminsulation.com\/wp-content\/uploads\/2024\/05\/\u56fe\u7247357.png 796w, https:\/\/www.xminsulation.com\/wp-content\/uploads\/2024\/05\/\u56fe\u7247357-300x217.png 300w, https:\/\/www.xminsulation.com\/wp-content\/uploads\/2024\/05\/\u56fe\u7247357-768x556.png 768w, https:\/\/www.xminsulation.com\/wp-content\/uploads\/2024\/05\/\u56fe\u7247357-600x434.png 600w\" sizes=\"(max-width: 796px) 100vw, 796px\" \/><\/b><\/strong><\/p>\n<h2><strong><b>P<\/b><\/strong><strong><b>produto <\/b><\/strong><strong><b>D<\/b><\/strong><strong><b>descri\u00e7\u00e3o<\/b><\/strong><\/h2>\n<p>Esta s\u00e9rie de juntas de cabos \u00e9 uma junta de cabos de s\u00e9rie toc\u00e1vel de estilo europeu, totalmente isolada, totalmente blindada e \u00e0 prova d&#039;\u00e1gua. O material \u00e9 borracha de silicone importada, utilizando o processo de moldagem composta de tr\u00eas camadas por inje\u00e7\u00e3o completa, avan\u00e7ado internacionalmente. \u00c9 adequada para unidades principais de anel, caixas de deriva\u00e7\u00e3o de cabos e subesta\u00e7\u00f5es do tipo caixa que atendem \u00e0 norma DIN47636 e t\u00eam uma corrente nominal de 630 A. Pode ser conectada a n\u00edveis de tens\u00e3o de 15 kV e inferiores, e o di\u00e2metro de isolamento \u00e9 de cabo XLPE de 16-35 mm (25-400).<\/p>\n<p>Componentes do produto do conector frontal toc\u00e1vel: corpo do conector frontal toc\u00e1vel, cone de tens\u00e3o, terminal de crimpagem, fivela, plugue isolante, tampa final, parafuso redutor M16\/12, porca, arruela plana, arruela el\u00e1stica, graxa de silicone lubrificante, fio de aterramento, len\u00e7os de limpeza.<\/p>\n<p>Componentes do produto do conector traseiro toc\u00e1vel: corpo do conector traseiro toc\u00e1vel, cone de tens\u00e3o, terminal de crimpagem, fivela, haste condutora, parafuso M12, graxa de silicone lubrificante, fio de aterramento, toalha de limpeza. Componentes do produto do p\u00e1ra-raios conectado na parte traseira: corpo do p\u00e1ra-raios conectado na parte traseira, haste condutora, parafuso M12, graxa de silicone lubrificante, fio de aterramento, toalha de limpeza.<\/p>\n<p>Ferramentas de instala\u00e7\u00e3o: chave de soquete, chave ajust\u00e1vel.<\/p>\n<p><strong><b>EU<\/b><\/strong><strong><b>instala\u00e7\u00e3o <\/b><\/strong><strong><b>S<\/b><\/strong><strong><b>passos<\/b><\/strong><\/p>\n<ol>\n<li>Processamento de separa\u00e7\u00e3o de fases de cabo de tr\u00eas n\u00facleos:<\/li>\n<\/ol>\n<p>1.1 Posicione o cabo verticalmente e realize a separa\u00e7\u00e3o de fases a 1,0-1,5 m do terminal do cabo. Corte a bainha externa e a cinta de blindagem de a\u00e7o nesta se\u00e7\u00e3o. Em seguida, descole 30 mm da bainha externa para baixo, deixando 10 mm da bainha interna para cima, e retire o excesso de bainha interna e o enchimento. Preste aten\u00e7\u00e3o ao aterramento separado da fita de blindagem de cobre e da blindagem de a\u00e7o.<\/p>\n<ol start=\"2\">\n<li>Processamento de cabo de n\u00facleo \u00fanico:\n<ul>\n<li>Tratamento de blindagem de cobre do cabo: Coloque o cabo verticalmente, me\u00e7a 190 mm para baixo a partir do topo do cabo, retire a capa externa e a fita de blindagem de cobre do cabo e exponha a camada de blindagem do cabo.<\/li>\n<li>Tratamento da camada de blindagem do cabo: Me\u00e7a 165 mm da parte superior do cabo para baixo e retire cuidadosamente a camada de blindagem do cabo. Lembre-se de n\u00e3o danificar a camada de isolamento principal do cabo ao remover a camada de blindagem! Fa\u00e7a isso na transi\u00e7\u00e3o entre a camada de isolamento e a camada de blindagem. Alise os chanfros para garantir transi\u00e7\u00f5es suaves. Esta opera\u00e7\u00e3o \u00e9 uma etapa importante para garantir o bom funcionamento do cabo!<\/li>\n<li>Tratamento da camada de isolamento do cabo: Me\u00e7a 52 mm para baixo a partir da parte superior do cabo, retire a camada de isolamento do cabo e exponha o n\u00facleo do cabo. Em seguida, fa\u00e7a um chanfro suave a cerca de 3 mm da parte superior da camada de isolamento para evitar arranh\u00f5es durante a instala\u00e7\u00e3o do cone de tens\u00e3o.<\/li>\n<\/ul>\n<\/li>\n<\/ol>\n<p><img loading=\"lazy\" decoding=\"async\" class=\"alignnone wp-image-1634 size-full\" src=\"http:\/\/www.xminsulation.com\/wp-content\/uploads\/2024\/05\/\u56fe\u7247358.png\" alt=\"\" width=\"650\" height=\"667\" srcset=\"https:\/\/www.xminsulation.com\/wp-content\/uploads\/2024\/05\/\u56fe\u7247358.png 650w, https:\/\/www.xminsulation.com\/wp-content\/uploads\/2024\/05\/\u56fe\u7247358-292x300.png 292w, https:\/\/www.xminsulation.com\/wp-content\/uploads\/2024\/05\/\u56fe\u7247358-600x616.png 600w\" sizes=\"(max-width: 650px) 100vw, 650px\" \/><\/p>\n<p>&nbsp;<\/p>\n<ol start=\"3\">\n<li>Instale o cone de tens\u00e3o e o terminal de crimpagem:<\/li>\n<\/ol>\n<p>3.1. Instale a fivela: Enrole a fivela ao redor da extremidade inferior da blindagem do cabo, perto da blindagem de cobre (a extremidade superior do tubo de isolamento) e, em seguida, trave-a.<\/p>\n<p>A fivela tem tr\u00eas cores: vermelho, amarelo e verde, separadas pela fase do cabo.<\/p>\n<p>3.2. Instale o cone de tens\u00e3o: limpe a superf\u00edcie da camada isolante e a superf\u00edcie interna do cone de tens\u00e3o e aplique graxa de silicone uniformemente. Em seguida, insira o cone de tens\u00e3o a partir do n\u00facleo do fio e pressione-o para baixo at\u00e9 que a superf\u00edcie inferior fique plana contra a fivela.<\/p>\n<p>Observa\u00e7\u00e3o: o cone de estresse n\u00e3o pode ser colocado ao contr\u00e1rio, com a parte preta voltada para baixo.<\/p>\n<p>3.3. Instala\u00e7\u00e3o do terminal de crimpagem: Insira o terminal de crimpagem no n\u00facleo do fio e gire a dire\u00e7\u00e3o do terminal at\u00e9 que o plano da cabe\u00e7a do terminal fique paralelo \u00e0 face final da luva. Pressione o terminal para baixo a partir da posi\u00e7\u00e3o da cabe\u00e7a do terminal, de acordo com a marca de crimpagem no terminal. (Recomenda-se aplicar press\u00e3o de confinamento). Ap\u00f3s a conclus\u00e3o da crimpagem, as arestas vivas formadas durante a crimpagem devem ser alisadas com uma lima e limpas. Observa\u00e7\u00e3o: \u00c9 necess\u00e1rio utilizar terminais de crimpagem com as mesmas especifica\u00e7\u00f5es dos cabos. Utilize terminais de cobre para cabos com n\u00facleo de cobre e terminais de transi\u00e7\u00e3o cobre-alum\u00ednio para cabos com n\u00facleo de alum\u00ednio.<\/p>\n<p><img loading=\"lazy\" decoding=\"async\" class=\"alignnone wp-image-1635 size-full\" src=\"http:\/\/www.xminsulation.com\/wp-content\/uploads\/2024\/05\/\u56fe\u7247359.png\" alt=\"\" width=\"480\" height=\"391\" srcset=\"https:\/\/www.xminsulation.com\/wp-content\/uploads\/2024\/05\/\u56fe\u7247359.png 480w, https:\/\/www.xminsulation.com\/wp-content\/uploads\/2024\/05\/\u56fe\u7247359-300x244.png 300w\" sizes=\"(max-width: 480px) 100vw, 480px\" \/><\/p>\n<ol start=\"4\">\n<li>Instalar conector frontal sens\u00edvel ao toque de estilo europeu:<\/li>\n<\/ol>\n<p>4.1. Verifique o furo do parafuso da carca\u00e7a do equipamento (a rosca padr\u00e3o \u00e9 M16; caso contr\u00e1rio, notifique a empresa a tempo para que sejam feitas as devidas altera\u00e7\u00f5es). Rosqueie o parafuso redutor M16\/12 no furo do parafuso da carca\u00e7a e aperte-o. A profundidade de aparafusamento do parafuso na carca\u00e7a deve ser de no m\u00ednimo 25 mm.<\/p>\n<p>4.2. Limpe a luva do equipamento, o conector frontal, o terminal de crimpagem, o cone de tens\u00e3o, o plugue de isolamento e a tampa final e aplique uniformemente graxa de silicone na superf\u00edcie externa do cone de tens\u00e3o, na superf\u00edcie interna do conector frontal, na superf\u00edcie externa da luva do equipamento e na superf\u00edcie externa do plugue de isolamento.<\/p>\n<p>4.3, Coloque o cabo com terminais crimpados no conector frontal at\u00e9 que o furo na parte superior do terminal esteja no centro do conector frontal.<\/p>\n<p>4.4. Coloque o conector frontal no inv\u00f3lucro do equipamento e o parafuso de redu\u00e7\u00e3o deve passar pelo orif\u00edcio redondo do terminal de crimpagem.<\/p>\n<p>4.5. Se desejar instalar um conector traseiro ou um para-raios posteriormente, v\u00e1 para a etapa 5 da instala\u00e7\u00e3o.<\/p>\n<p>4.6, Coloque a arruela plana, a arruela de press\u00e3o e a porca no parafuso em sequ\u00eancia, aperte a porca com uma chave de soquete, depois coloque o plugue isolante e cubra a tampa da extremidade.<\/p>\n<p>4.7. Verifique o aperto do fio terra no corpo do conector frontal. Se estiver frouxo, aperte-o. Fa\u00e7a uma boa conex\u00e3o com o aterramento do sistema na outra extremidade do fio terra.<\/p>\n<p>4.8. Verifique todas as conex\u00f5es e confirme se est\u00e3o corretas. O conector frontal sens\u00edvel ao toque est\u00e1 instalado.<\/p>\n<p><img loading=\"lazy\" decoding=\"async\" class=\"alignnone wp-image-1636 size-full\" src=\"http:\/\/www.xminsulation.com\/wp-content\/uploads\/2024\/05\/\u56fe\u7247360.png\" alt=\"\" width=\"1137\" height=\"2009\" srcset=\"https:\/\/www.xminsulation.com\/wp-content\/uploads\/2024\/05\/\u56fe\u7247360.png 1137w, https:\/\/www.xminsulation.com\/wp-content\/uploads\/2024\/05\/\u56fe\u7247360-170x300.png 170w, https:\/\/www.xminsulation.com\/wp-content\/uploads\/2024\/05\/\u56fe\u7247360-580x1024.png 580w, https:\/\/www.xminsulation.com\/wp-content\/uploads\/2024\/05\/\u56fe\u7247360-768x1357.png 768w, https:\/\/www.xminsulation.com\/wp-content\/uploads\/2024\/05\/\u56fe\u7247360-869x1536.png 869w, https:\/\/www.xminsulation.com\/wp-content\/uploads\/2024\/05\/\u56fe\u7247360-600x1060.png 600w\" sizes=\"(max-width: 1137px) 100vw, 1137px\" \/><\/p>\n<ol start=\"5\">\n<li>Instalar conector traseiro toc\u00e1vel:<\/li>\n<\/ol>\n<p>5.1. Use uma chave inglesa para apertar a haste condutora no parafuso da junta frontal para garantir que a haste condutora do polo fa\u00e7a bom contato com o terminal de crimpagem do conector frontal. Em seguida, aperte os parafusos M12.<\/p>\n<p>5.2, Insira o cabo com os terminais processados de acordo com as etapas 1, 2 e 3.<\/p>\n<p>Conector at\u00e9 que o furo na parte superior do terminal fique no centro do conector traseiro.<\/p>\n<p>5.3. Alinhe o conector traseiro do cabo instalado com o conector frontal e insira-o. Certifique-se de que a haste condutora esteja nivelada com a superf\u00edcie do terminal do conector traseiro e que o parafuso passe pelo orif\u00edcio redondo do terminal do conector traseiro.<\/p>\n<p>5.4, Se for necess\u00e1ria expans\u00e3o, siga o mesmo m\u00e9todo para instalar a junta traseira ou<\/p>\n<p>para-raios.<\/p>\n<p>5.5. Se nenhuma expans\u00e3o for necess\u00e1ria, siga a sequ\u00eancia de instala\u00e7\u00e3o 4.6-4.8 na etapa 4. para instalar o conector traseiro.<\/p>\n<p><img loading=\"lazy\" decoding=\"async\" class=\"alignnone wp-image-1637 size-full\" src=\"http:\/\/www.xminsulation.com\/wp-content\/uploads\/2024\/05\/\u56fe\u7247361.png\" alt=\"\" width=\"472\" height=\"397\" srcset=\"https:\/\/www.xminsulation.com\/wp-content\/uploads\/2024\/05\/\u56fe\u7247361.png 472w, https:\/\/www.xminsulation.com\/wp-content\/uploads\/2024\/05\/\u56fe\u7247361-300x252.png 300w\" sizes=\"(max-width: 472px) 100vw, 472px\" \/><\/p>\n<ol start=\"6\">\n<li>Instalar o para-raios montado na parte traseira:<\/li>\n<\/ol>\n<p>6.1. Limpe a superf\u00edcie externa do p\u00e1ra-raios e aplique uniformemente graxa de silicone lubrificante.<\/p>\n<p>6.2, repita os passos 5.1.<\/p>\n<p>6.3. Alinhe o p\u00e1ra-raios com o conector frontal (ou conector traseiro) e insira-o.<\/p>\n<p>6.4. Repita as etapas 4.6 a 4.8 da etapa 4 para conectar o plugue de isolamento e a tampa final.<\/p>\n<p>6.5, Aperte o fio terra ao ponto de aterramento do sistema.<\/p>\n<p><img loading=\"lazy\" decoding=\"async\" class=\"alignnone wp-image-1638 size-large\" src=\"http:\/\/www.xminsulation.com\/wp-content\/uploads\/2024\/05\/\u56fe\u7247362-1024x786.png\" alt=\"\" width=\"1024\" height=\"786\" srcset=\"https:\/\/www.xminsulation.com\/wp-content\/uploads\/2024\/05\/\u56fe\u7247362-1024x786.png 1024w, https:\/\/www.xminsulation.com\/wp-content\/uploads\/2024\/05\/\u56fe\u7247362-300x230.png 300w, https:\/\/www.xminsulation.com\/wp-content\/uploads\/2024\/05\/\u56fe\u7247362-768x589.png 768w, https:\/\/www.xminsulation.com\/wp-content\/uploads\/2024\/05\/\u56fe\u7247362-600x460.png 600w, https:\/\/www.xminsulation.com\/wp-content\/uploads\/2024\/05\/\u56fe\u7247362.png 1263w\" sizes=\"(max-width: 1024px) 100vw, 1024px\" \/> <img loading=\"lazy\" decoding=\"async\" class=\"alignnone wp-image-1639 size-full\" src=\"http:\/\/www.xminsulation.com\/wp-content\/uploads\/2024\/05\/\u56fe\u7247363.png\" alt=\"\" width=\"726\" height=\"379\" srcset=\"https:\/\/www.xminsulation.com\/wp-content\/uploads\/2024\/05\/\u56fe\u7247363.png 726w, https:\/\/www.xminsulation.com\/wp-content\/uploads\/2024\/05\/\u56fe\u7247363-300x157.png 300w, https:\/\/www.xminsulation.com\/wp-content\/uploads\/2024\/05\/\u56fe\u7247363-600x313.png 600w\" sizes=\"(max-width: 726px) 100vw, 726px\" \/><\/p>\n<p>1, \u8bbe\u5907\u6807\u51c6\u5957\u7ba1. Inv\u00f3lucro padr\u00e3o do equipamento.<\/p>\n<p>2, Parafuso M16. Parafuso M16.<\/p>\n<p>3, agora. Conector frontal.<\/p>\n<p>4, Barra condutora.<\/p>\n<p>5, Parafuso M16. Parafuso M16.<\/p>\n<p>6, Conector traseiro.<\/p>\n<p>7, \u540e\u63a5\u907f\u96f7\u5668. P\u00e1ra-raios traseiro.<\/p>\n<p>8, \u5e73\u57ab. Almofada plana.<\/p>\n<p>9, \u5f39\u57ab. Almofada de mola.<\/p>\n<p>10, Porca.<\/p>\n<p>11, \u7edd\u7f18\u585e. Plugue isolante.<\/p>\n<p>12, \u540e\u7aef\u76d6. Tampa da extremidade traseira.<\/p>\n<p>13, \u538b\u63a5\u7aef\u5b50. Terminal de crimpagem.<\/p>\n<p>14, Cabo XLPE. Cabo XLPE.<\/p>\n<p>15, Cone de estresse.<\/p>\n<p>16, fivela.<\/p>\n<div class=\"wxts\">\n<h2>\u25c6Personaliza\u00e7\u00e3o Especial<\/h2>\n<p>Os par\u00e2metros acima s\u00e3o dados t\u00edpicos; se os estilos existentes n\u00e3o atenderem \u00e0s suas demandas espec\u00edficas, entre em contato conosco para um design personalizado. Temos habilidades significativas de desenvolvimento e produ\u00e7\u00e3o de personaliza\u00e7\u00e3o personalizada, o que nos permite fornecer solu\u00e7\u00f5es personalizadas para clientes em todo o mundo.<\/p>\n<\/div>","protected":false},"excerpt":{"rendered":"<p>Application 1,For connection of\u00a0polymeric cable to transformers, switchgear, motors and other\u00a0equipment with a premoulded separable connector. 2,For indoor and outdoor installations. 3,System voltage up t0 24 kV. 4,Continuous cu rrent 630A(900 A ove rload for 8 hours). 5,Cable particulars: a,Polymeric cable(XLPE,EPR, etc.). b,Copper or aluminum conductors. c,Semiconducting or metallic screens. d,Conductor size12kV25-120mm 24kV25-400mm. Features 1,Provides [&hellip;]<\/p>","protected":false},"featured_media":1627,"template":"","meta":{"site-sidebar-layout":"default","site-content-layout":"","ast-site-content-layout":"default","site-content-style":"default","site-sidebar-style":"default","ast-global-header-display":"","ast-banner-title-visibility":"","ast-main-header-display":"","ast-hfb-above-header-display":"","ast-hfb-below-header-display":"","ast-hfb-mobile-header-display":"","site-post-title":"","ast-breadcrumbs-content":"","ast-featured-img":"","footer-sml-layout":"","theme-transparent-header-meta":"default","adv-header-id-meta":"","stick-header-meta":"","header-above-stick-meta":"","header-main-stick-meta":"","header-below-stick-meta":"","astra-migrate-meta-layouts":"set","ast-page-background-enabled":"default","ast-page-background-meta":{"desktop":{"background-color":"","background-image":"","background-repeat":"repeat","background-position":"center center","background-size":"auto","background-attachment":"scroll","background-type":"","background-media":"","overlay-type":"","overlay-color":"","overlay-gradient":""},"tablet":{"background-color":"","background-image":"","background-repeat":"repeat","background-position":"center center","background-size":"auto","background-attachment":"scroll","background-type":"","background-media":"","overlay-type":"","overlay-color":"","overlay-gradient":""},"mobile":{"background-color":"","background-image":"","background-repeat":"repeat","background-position":"center center","background-size":"auto","background-attachment":"scroll","background-type":"","background-media":"","overlay-type":"","overlay-color":"","overlay-gradient":""}},"ast-content-background-meta":{"desktop":{"background-color":"var(--ast-global-color-5)","background-image":"","background-repeat":"repeat","background-position":"center center","background-size":"auto","background-attachment":"scroll","background-type":"","background-media":"","overlay-type":"","overlay-color":"","overlay-gradient":""},"tablet":{"background-color":"var(--ast-global-color-5)","background-image":"","background-repeat":"repeat","background-position":"center center","background-size":"auto","background-attachment":"scroll","background-type":"","background-media":"","overlay-type":"","overlay-color":"","overlay-gradient":""},"mobile":{"background-color":"var(--ast-global-color-5)","background-image":"","background-repeat":"repeat","background-position":"center center","background-size":"auto","background-attachment":"scroll","background-type":"","background-media":"","overlay-type":"","overlay-color":"","overlay-gradient":""}}},"product_cat":[53],"product_tag":[],"class_list":{"0":"post-1626","1":"product","2":"type-product","3":"status-publish","4":"has-post-thumbnail","6":"product_cat-oushi","7":"desktop-align-left","8":"tablet-align-left","9":"mobile-align-left","11":"first","12":"instock","13":"shipping-taxable","14":"product-type-simple"},"_links":{"self":[{"href":"https:\/\/www.xminsulation.com\/pt\/wp-json\/wp\/v2\/product\/1626","targetHints":{"allow":["GET"]}}],"collection":[{"href":"https:\/\/www.xminsulation.com\/pt\/wp-json\/wp\/v2\/product"}],"about":[{"href":"https:\/\/www.xminsulation.com\/pt\/wp-json\/wp\/v2\/types\/product"}],"wp:featuredmedia":[{"embeddable":true,"href":"https:\/\/www.xminsulation.com\/pt\/wp-json\/wp\/v2\/media\/1627"}],"wp:attachment":[{"href":"https:\/\/www.xminsulation.com\/pt\/wp-json\/wp\/v2\/media?parent=1626"}],"wp:term":[{"taxonomy":"product_cat","embeddable":true,"href":"https:\/\/www.xminsulation.com\/pt\/wp-json\/wp\/v2\/product_cat?post=1626"},{"taxonomy":"product_tag","embeddable":true,"href":"https:\/\/www.xminsulation.com\/pt\/wp-json\/wp\/v2\/product_tag?post=1626"}],"curies":[{"name":"wp","href":"https:\/\/api.w.org\/{rel}","templated":true}]}}