{"id":1618,"date":"2024-05-07T19:56:25","date_gmt":"2024-05-07T11:56:25","guid":{"rendered":"http:\/\/www.xminsulation.com\/?post_type=product&#038;p=1618"},"modified":"2024-05-15T15:48:36","modified_gmt":"2024-05-15T07:48:36","slug":"hjt-12-24-630a-shielded-end-connector","status":"publish","type":"product","link":"https:\/\/www.xminsulation.com\/pt\/product\/hjt-12-24-630a-shielded-end-connector\/","title":{"rendered":"Conector de extremidade blindado HJT 12\/24-630A"},"content":{"rendered":"<p><img fetchpriority=\"high\" decoding=\"async\" class=\"alignnone wp-image-1620 size-full\" src=\"http:\/\/www.xminsulation.com\/wp-content\/uploads\/2024\/05\/\u56fe\u7247347-1.png\" alt=\"\" width=\"561\" height=\"561\" srcset=\"https:\/\/www.xminsulation.com\/wp-content\/uploads\/2024\/05\/\u56fe\u7247347-1.png 561w, https:\/\/www.xminsulation.com\/wp-content\/uploads\/2024\/05\/\u56fe\u7247347-1-300x300.png 300w, https:\/\/www.xminsulation.com\/wp-content\/uploads\/2024\/05\/\u56fe\u7247347-1-150x150.png 150w, https:\/\/www.xminsulation.com\/wp-content\/uploads\/2024\/05\/\u56fe\u7247347-1-100x100.png 100w\" sizes=\"(max-width: 561px) 100vw, 561px\" \/><\/p>\n<h2><strong><b>Informa\u00e7\u00f5es gerais<\/b><\/strong><\/h2>\n<p>O conector traseiro 630AT pode ser usado junto com o conector T Fore e algum outro conector traseiro, ele pode fornecer mais ramifica\u00e7\u00f5es, e eles n\u00e3o podem ser conectados diretamente com a bucha, cubra a tampa de prote\u00e7\u00e3o traseira na extremidade da tampa de obtura\u00e7\u00e3o.<\/p>\n<h2><strong><b>produtos <\/b><\/strong><strong><b>Caracter\u00edsticas<\/b><\/strong><strong><b>\u00a0<\/b><\/strong><\/h2>\n<p>1. Fornece uma conex\u00e3o separ\u00e1vel totalmente blindada e totalmente submers\u00edvel quando acoplada \u00e0 bucha ou plugue profissional.<\/p>\n<p>2. Pode ser usado nessas circunst\u00e2ncias.<\/p>\n<p>3, Ponto de teste capacitivo integrado para determinar o status do circuito ou instalar um indicador de falha. N\u00e3o h\u00e1 requisitos m\u00ednimos de folga de fase.<\/p>\n<p>4. A montagem pode ser vertical, horizontal ou em qualquer \u00e2ngulo intermedi\u00e1rio.<\/p>\n<p><img decoding=\"async\" class=\"alignnone wp-image-1621 size-full\" src=\"http:\/\/www.xminsulation.com\/wp-content\/uploads\/2024\/05\/\u56fe\u7247348.png\" alt=\"\" width=\"311\" height=\"578\" srcset=\"https:\/\/www.xminsulation.com\/wp-content\/uploads\/2024\/05\/\u56fe\u7247348.png 311w, https:\/\/www.xminsulation.com\/wp-content\/uploads\/2024\/05\/\u56fe\u7247348-161x300.png 161w\" sizes=\"(max-width: 311px) 100vw, 311px\" \/> <img decoding=\"async\" class=\"alignnone wp-image-1622 size-full\" src=\"http:\/\/www.xminsulation.com\/wp-content\/uploads\/2024\/05\/\u56fe\u7247349.png\" alt=\"\" width=\"289\" height=\"645\" srcset=\"https:\/\/www.xminsulation.com\/wp-content\/uploads\/2024\/05\/\u56fe\u7247349.png 289w, https:\/\/www.xminsulation.com\/wp-content\/uploads\/2024\/05\/\u56fe\u7247349-134x300.png 134w\" sizes=\"(max-width: 289px) 100vw, 289px\" \/><\/p>\n<h2><strong><b>Estrutura do produto<\/b><\/strong><\/h2>\n<ol>\n<li>PARAFUSO DE DUAS CABE\u00c7AS: Para garantir um bom contato com a bucha do aparelho.<\/li>\n<li>ISOLAMENTO: A borracha isolante EPDM moldada \u00e9 formulada e misturada internamente para garantir alta qualidade.<\/li>\n<li>PLUGUE ISOLANTE: O plugue isolante de ep\u00f3xi moldado proporciona excelente confiabilidade el\u00e9trica, t\u00e9rmica e mec\u00e2nica.<\/li>\n<li>INSER\u00c7\u00c3O SEMICONDUTORA: Tela de borracha condutora moldada em EPDM controla o estresse el\u00e9trico.<\/li>\n<li>AL\u00cdVIO DE TENS\u00c3O: A configura\u00e7\u00e3o da tela externa e do adaptador de cabo proporcionam al\u00edvio de tens\u00e3o no cabo.<\/li>\n<li>OLHAL DE ATERRAMENTO: Moldado na blindagem externa para conex\u00e3o de um fio terra.<\/li>\n<li>Blindagem semicondutora: A combina\u00e7\u00e3o da borracha condutiva EPDM pr\u00e9-fabricada e da blindagem do cabo pode realizar a continuidade da blindagem<\/li>\n<\/ol>\n<p>e garantir que a camada semicondutora externa esteja aterrada.<\/p>\n<ol start=\"8\">\n<li>Terminal de crimpagem: Todos os terminais de crimpagem de cobre ou alum\u00ednio-cobre s\u00e3o adequados para condutores de cobre ou alum\u00ednio.<\/li>\n<\/ol>\n<p><img loading=\"lazy\" decoding=\"async\" class=\"alignnone wp-image-1623 size-large\" src=\"http:\/\/www.xminsulation.com\/wp-content\/uploads\/2024\/05\/\u56fe\u7247350-1024x578.png\" alt=\"\" width=\"1024\" height=\"578\" srcset=\"https:\/\/www.xminsulation.com\/wp-content\/uploads\/2024\/05\/\u56fe\u7247350-1024x578.png 1024w, https:\/\/www.xminsulation.com\/wp-content\/uploads\/2024\/05\/\u56fe\u7247350-300x169.png 300w, https:\/\/www.xminsulation.com\/wp-content\/uploads\/2024\/05\/\u56fe\u7247350-768x434.png 768w, https:\/\/www.xminsulation.com\/wp-content\/uploads\/2024\/05\/\u56fe\u7247350-600x339.png 600w, https:\/\/www.xminsulation.com\/wp-content\/uploads\/2024\/05\/\u56fe\u7247350.png 1038w\" sizes=\"(max-width: 1024px) 100vw, 1024px\" \/> <img loading=\"lazy\" decoding=\"async\" class=\"alignnone wp-image-1624 size-large\" src=\"http:\/\/www.xminsulation.com\/wp-content\/uploads\/2024\/05\/\u56fe\u7247351-1024x616.png\" alt=\"\" width=\"1024\" height=\"616\" srcset=\"https:\/\/www.xminsulation.com\/wp-content\/uploads\/2024\/05\/\u56fe\u7247351-1024x616.png 1024w, https:\/\/www.xminsulation.com\/wp-content\/uploads\/2024\/05\/\u56fe\u7247351-300x181.png 300w, https:\/\/www.xminsulation.com\/wp-content\/uploads\/2024\/05\/\u56fe\u7247351-768x462.png 768w, https:\/\/www.xminsulation.com\/wp-content\/uploads\/2024\/05\/\u56fe\u7247351-600x361.png 600w, https:\/\/www.xminsulation.com\/wp-content\/uploads\/2024\/05\/\u56fe\u7247351.png 1030w\" sizes=\"(max-width: 1024px) 100vw, 1024px\" \/><\/p>\n<p>&nbsp;<\/p>\n<div class=\"wxts\">\n<h2>\u25c6Personaliza\u00e7\u00e3o Especial<\/h2>\n<p>Os par\u00e2metros acima s\u00e3o dados t\u00edpicos; se os estilos existentes n\u00e3o atenderem \u00e0s suas demandas espec\u00edficas, entre em contato conosco para um design personalizado. Temos habilidades significativas de desenvolvimento e produ\u00e7\u00e3o de personaliza\u00e7\u00e3o personalizada, o que nos permite fornecer solu\u00e7\u00f5es personalizadas para clientes em todo o mundo.<\/p>\n<\/div>","protected":false},"excerpt":{"rendered":"<p>General Information 630AT Back connector can be use together with the T Fore connector and some other back connector , it can be provide more branches, and they can not together with the bushing directly, cover the back protection cap on the end of the blanking cover. Product Features\u00a0 1,Provides a fully screened and fully [&hellip;]<\/p>","protected":false},"featured_media":1619,"template":"","meta":{"site-sidebar-layout":"default","site-content-layout":"","ast-site-content-layout":"default","site-content-style":"default","site-sidebar-style":"default","ast-global-header-display":"","ast-banner-title-visibility":"","ast-main-header-display":"","ast-hfb-above-header-display":"","ast-hfb-below-header-display":"","ast-hfb-mobile-header-display":"","site-post-title":"","ast-breadcrumbs-content":"","ast-featured-img":"","footer-sml-layout":"","theme-transparent-header-meta":"default","adv-header-id-meta":"","stick-header-meta":"","header-above-stick-meta":"","header-main-stick-meta":"","header-below-stick-meta":"","astra-migrate-meta-layouts":"set","ast-page-background-enabled":"default","ast-page-background-meta":{"desktop":{"background-color":"","background-image":"","background-repeat":"repeat","background-position":"center center","background-size":"auto","background-attachment":"scroll","background-type":"","background-media":"","overlay-type":"","overlay-color":"","overlay-gradient":""},"tablet":{"background-color":"","background-image":"","background-repeat":"repeat","background-position":"center center","background-size":"auto","background-attachment":"scroll","background-type":"","background-media":"","overlay-type":"","overlay-color":"","overlay-gradient":""},"mobile":{"background-color":"","background-image":"","background-repeat":"repeat","background-position":"center center","background-size":"auto","background-attachment":"scroll","background-type":"","background-media":"","overlay-type":"","overlay-color":"","overlay-gradient":""}},"ast-content-background-meta":{"desktop":{"background-color":"var(--ast-global-color-5)","background-image":"","background-repeat":"repeat","background-position":"center center","background-size":"auto","background-attachment":"scroll","background-type":"","background-media":"","overlay-type":"","overlay-color":"","overlay-gradient":""},"tablet":{"background-color":"var(--ast-global-color-5)","background-image":"","background-repeat":"repeat","background-position":"center center","background-size":"auto","background-attachment":"scroll","background-type":"","background-media":"","overlay-type":"","overlay-color":"","overlay-gradient":""},"mobile":{"background-color":"var(--ast-global-color-5)","background-image":"","background-repeat":"repeat","background-position":"center center","background-size":"auto","background-attachment":"scroll","background-type":"","background-media":"","overlay-type":"","overlay-color":"","overlay-gradient":""}}},"product_cat":[53],"product_tag":[],"class_list":{"0":"post-1618","1":"product","2":"type-product","3":"status-publish","4":"has-post-thumbnail","6":"product_cat-oushi","7":"desktop-align-left","8":"tablet-align-left","9":"mobile-align-left","11":"first","12":"instock","13":"shipping-taxable","14":"product-type-simple"},"_links":{"self":[{"href":"https:\/\/www.xminsulation.com\/pt\/wp-json\/wp\/v2\/product\/1618","targetHints":{"allow":["GET"]}}],"collection":[{"href":"https:\/\/www.xminsulation.com\/pt\/wp-json\/wp\/v2\/product"}],"about":[{"href":"https:\/\/www.xminsulation.com\/pt\/wp-json\/wp\/v2\/types\/product"}],"wp:featuredmedia":[{"embeddable":true,"href":"https:\/\/www.xminsulation.com\/pt\/wp-json\/wp\/v2\/media\/1619"}],"wp:attachment":[{"href":"https:\/\/www.xminsulation.com\/pt\/wp-json\/wp\/v2\/media?parent=1618"}],"wp:term":[{"taxonomy":"product_cat","embeddable":true,"href":"https:\/\/www.xminsulation.com\/pt\/wp-json\/wp\/v2\/product_cat?post=1618"},{"taxonomy":"product_tag","embeddable":true,"href":"https:\/\/www.xminsulation.com\/pt\/wp-json\/wp\/v2\/product_tag?post=1618"}],"curies":[{"name":"wp","href":"https:\/\/api.w.org\/{rel}","templated":true}]}}