{"id":1584,"date":"2024-05-07T19:41:08","date_gmt":"2024-05-07T11:41:08","guid":{"rendered":"http:\/\/www.xminsulation.com\/?post_type=product&#038;p=1584"},"modified":"2024-05-15T15:55:04","modified_gmt":"2024-05-15T07:55:04","slug":"hblq-17-50-m-0-v-bushing-rear-surge-arrester","status":"publish","type":"product","link":"https:\/\/www.xminsulation.com\/pt\/product\/hblq-17-50-m-0-v-bushing-rear-surge-arrester\/","title":{"rendered":"Bucha HBLQ-17\/50 M.0.V para-raios traseiro"},"content":{"rendered":"<p><img fetchpriority=\"high\" decoding=\"async\" class=\"alignnone wp-image-1586 size-full\" src=\"http:\/\/www.xminsulation.com\/wp-content\/uploads\/2024\/05\/\u56fe\u7247328-1.png\" alt=\"\" width=\"567\" height=\"567\" srcset=\"https:\/\/www.xminsulation.com\/wp-content\/uploads\/2024\/05\/\u56fe\u7247328-1.png 567w, https:\/\/www.xminsulation.com\/wp-content\/uploads\/2024\/05\/\u56fe\u7247328-1-300x300.png 300w, https:\/\/www.xminsulation.com\/wp-content\/uploads\/2024\/05\/\u56fe\u7247328-1-150x150.png 150w, https:\/\/www.xminsulation.com\/wp-content\/uploads\/2024\/05\/\u56fe\u7247328-1-100x100.png 100w\" sizes=\"(max-width: 567px) 100vw, 567px\" \/><\/p>\n<h2><strong><b>Informa\u00e7\u00f5es gerais<\/b><\/strong><\/h2>\n<p>O para-raios com bucha MOV 17\/50 kV fornece uma rede de m\u00e9dia tens\u00e3o de prote\u00e7\u00e3o confi\u00e1vel. Usando a blindagem semicondutora para garantir que a pessoa esteja segura e que o equipamento possa funcionar bem, eles tamb\u00e9m t\u00eam grande quantidade para garantir que possam trabalhar nas circunst\u00e2ncias.<\/p>\n<p>O para-raios com bucha MOV 17\/50 kV pode ser usado junto com o conector T back.<\/p>\n<p><img decoding=\"async\" class=\"alignnone wp-image-1587 size-full\" src=\"http:\/\/www.xminsulation.com\/wp-content\/uploads\/2024\/05\/\u56fe\u7247329.png\" alt=\"\" width=\"337\" height=\"627\" srcset=\"https:\/\/www.xminsulation.com\/wp-content\/uploads\/2024\/05\/\u56fe\u7247329.png 337w, https:\/\/www.xminsulation.com\/wp-content\/uploads\/2024\/05\/\u56fe\u7247329-161x300.png 161w\" sizes=\"(max-width: 337px) 100vw, 337px\" \/><\/p>\n<h2><strong><b>Estrutura do produto<\/b><\/strong><\/h2>\n<ol>\n<li>a camada de isolamento: uma formula\u00e7\u00e3o exclusiva e tecnologia de mistura para garantir a qualidade da borracha de isolamento EPDM pr\u00e9-moldada.<\/li>\n<li>a camada semicondutora externa: borracha condutora EPDM pr\u00e9-fabricada em conformidade com o padr\u00e3o IEEE592.<\/li>\n<li>n\u00facleo do para-raios: composto de \u00f3xido de zinco MOA por meio de processamento artesanal especial.<\/li>\n<li>cobre, tampa inferior de cobre, tampa inferior e a camada condutora externa do p\u00e1ra-raios de perto, fazem um p\u00e1ra-raios \u00e0 prova d&#039;\u00e1gua eficaz e fornecem aterramento para o p\u00e1ra-raios.<\/li>\n<li>a extremidade inferior do fio de aterramento: p\u00e1ra-raios aterrados a bordo, aterrar\u00e3o efetivamente para tens\u00e3o de impulso de raio<\/li>\n<\/ol>\n<p>levou \u00e0 posi\u00e7\u00e3o de aterramento.<\/p>\n<ol start=\"6\">\n<li>uma camada semicondutora interna: borracha condutora EPDM pr\u00e9-fabricada, controle eficaz do estresse el\u00e9trico.<\/li>\n<li>parafuso de cabe\u00e7a dupla: parafuso condutor de cobre estanhado e o inv\u00f3lucro para garantir uma coordena\u00e7\u00e3o estreita.<\/li>\n<li>tampa da extremidade do isolador: o produto tem um efeito de veda\u00e7\u00e3o isolante.<\/li>\n<\/ol>\n<p><img decoding=\"async\" class=\"alignnone wp-image-1588 size-full\" src=\"http:\/\/www.xminsulation.com\/wp-content\/uploads\/2024\/05\/\u56fe\u7247330.png\" alt=\"\" width=\"838\" height=\"216\" srcset=\"https:\/\/www.xminsulation.com\/wp-content\/uploads\/2024\/05\/\u56fe\u7247330.png 838w, https:\/\/www.xminsulation.com\/wp-content\/uploads\/2024\/05\/\u56fe\u7247330-300x77.png 300w, https:\/\/www.xminsulation.com\/wp-content\/uploads\/2024\/05\/\u56fe\u7247330-768x198.png 768w, https:\/\/www.xminsulation.com\/wp-content\/uploads\/2024\/05\/\u56fe\u7247330-600x155.png 600w\" sizes=\"(max-width: 838px) 100vw, 838px\" \/><\/p>\n<p>&nbsp;<\/p>\n<div class=\"wxts\">\n<h2>\u25c6Personaliza\u00e7\u00e3o Especial<\/h2>\n<p>Os par\u00e2metros acima s\u00e3o dados t\u00edpicos; se os estilos existentes n\u00e3o atenderem \u00e0s suas demandas espec\u00edficas, entre em contato conosco para um design personalizado. Temos habilidades significativas de desenvolvimento e produ\u00e7\u00e3o de personaliza\u00e7\u00e3o personalizada, o que nos permite fornecer solu\u00e7\u00f5es personalizadas para clientes em todo o mundo.<\/p>\n<\/div>","protected":false},"excerpt":{"rendered":"<p>General Information 17\/50kV M.O.V Bushing Surge Arrester provide a reliable protective medium voltage network . using the semi-conductive shield to make sure the person is safe and the equipment can work well, also they have the high quantity to make sure they can work in the Circumstances. The 17\/50kV M.O.V Bushing Surge\u00a0Arrester can be use [&hellip;]<\/p>","protected":false},"featured_media":1585,"template":"","meta":{"site-sidebar-layout":"default","site-content-layout":"","ast-site-content-layout":"default","site-content-style":"default","site-sidebar-style":"default","ast-global-header-display":"","ast-banner-title-visibility":"","ast-main-header-display":"","ast-hfb-above-header-display":"","ast-hfb-below-header-display":"","ast-hfb-mobile-header-display":"","site-post-title":"","ast-breadcrumbs-content":"","ast-featured-img":"","footer-sml-layout":"","theme-transparent-header-meta":"default","adv-header-id-meta":"","stick-header-meta":"","header-above-stick-meta":"","header-main-stick-meta":"","header-below-stick-meta":"","astra-migrate-meta-layouts":"set","ast-page-background-enabled":"default","ast-page-background-meta":{"desktop":{"background-color":"","background-image":"","background-repeat":"repeat","background-position":"center center","background-size":"auto","background-attachment":"scroll","background-type":"","background-media":"","overlay-type":"","overlay-color":"","overlay-gradient":""},"tablet":{"background-color":"","background-image":"","background-repeat":"repeat","background-position":"center center","background-size":"auto","background-attachment":"scroll","background-type":"","background-media":"","overlay-type":"","overlay-color":"","overlay-gradient":""},"mobile":{"background-color":"","background-image":"","background-repeat":"repeat","background-position":"center center","background-size":"auto","background-attachment":"scroll","background-type":"","background-media":"","overlay-type":"","overlay-color":"","overlay-gradient":""}},"ast-content-background-meta":{"desktop":{"background-color":"var(--ast-global-color-5)","background-image":"","background-repeat":"repeat","background-position":"center center","background-size":"auto","background-attachment":"scroll","background-type":"","background-media":"","overlay-type":"","overlay-color":"","overlay-gradient":""},"tablet":{"background-color":"var(--ast-global-color-5)","background-image":"","background-repeat":"repeat","background-position":"center center","background-size":"auto","background-attachment":"scroll","background-type":"","background-media":"","overlay-type":"","overlay-color":"","overlay-gradient":""},"mobile":{"background-color":"var(--ast-global-color-5)","background-image":"","background-repeat":"repeat","background-position":"center center","background-size":"auto","background-attachment":"scroll","background-type":"","background-media":"","overlay-type":"","overlay-color":"","overlay-gradient":""}}},"product_cat":[53],"product_tag":[],"class_list":{"0":"post-1584","1":"product","2":"type-product","3":"status-publish","4":"has-post-thumbnail","6":"product_cat-oushi","7":"desktop-align-left","8":"tablet-align-left","9":"mobile-align-left","11":"first","12":"instock","13":"shipping-taxable","14":"product-type-simple"},"_links":{"self":[{"href":"https:\/\/www.xminsulation.com\/pt\/wp-json\/wp\/v2\/product\/1584","targetHints":{"allow":["GET"]}}],"collection":[{"href":"https:\/\/www.xminsulation.com\/pt\/wp-json\/wp\/v2\/product"}],"about":[{"href":"https:\/\/www.xminsulation.com\/pt\/wp-json\/wp\/v2\/types\/product"}],"wp:featuredmedia":[{"embeddable":true,"href":"https:\/\/www.xminsulation.com\/pt\/wp-json\/wp\/v2\/media\/1585"}],"wp:attachment":[{"href":"https:\/\/www.xminsulation.com\/pt\/wp-json\/wp\/v2\/media?parent=1584"}],"wp:term":[{"taxonomy":"product_cat","embeddable":true,"href":"https:\/\/www.xminsulation.com\/pt\/wp-json\/wp\/v2\/product_cat?post=1584"},{"taxonomy":"product_tag","embeddable":true,"href":"https:\/\/www.xminsulation.com\/pt\/wp-json\/wp\/v2\/product_tag?post=1584"}],"curies":[{"name":"wp","href":"https:\/\/api.w.org\/{rel}","templated":true}]}}