{"id":1555,"date":"2024-05-07T17:54:59","date_gmt":"2024-05-07T09:54:59","guid":{"rendered":"http:\/\/www.xminsulation.com\/?post_type=product&#038;p=1555"},"modified":"2024-05-15T16:06:15","modified_gmt":"2024-05-15T08:06:15","slug":"tt-35kv-630a-t-cable-rear-connector","status":"publish","type":"product","link":"https:\/\/www.xminsulation.com\/pt\/product\/tt-35kv-630a-t-cable-rear-connector\/","title":{"rendered":"Conector traseiro do cabo T TT-35kV 630A"},"content":{"rendered":"<p><img fetchpriority=\"high\" decoding=\"async\" class=\"alignnone wp-image-1557 size-full\" src=\"http:\/\/www.xminsulation.com\/wp-content\/uploads\/2024\/05\/\u56fe\u7247310-1.png\" alt=\"\" width=\"548\" height=\"548\" srcset=\"https:\/\/www.xminsulation.com\/wp-content\/uploads\/2024\/05\/\u56fe\u7247310-1.png 548w, https:\/\/www.xminsulation.com\/wp-content\/uploads\/2024\/05\/\u56fe\u7247310-1-300x300.png 300w, https:\/\/www.xminsulation.com\/wp-content\/uploads\/2024\/05\/\u56fe\u7247310-1-150x150.png 150w, https:\/\/www.xminsulation.com\/wp-content\/uploads\/2024\/05\/\u56fe\u7247310-1-100x100.png 100w\" sizes=\"(max-width: 548px) 100vw, 548px\" \/><\/p>\n<h2><strong><b>Informa\u00e7\u00f5es gerais<\/b><\/strong><\/h2>\n<p>Adequado para aparelhos el\u00e9tricos de alta tens\u00e3o de usinas de energia, esta\u00e7\u00f5es de transforma\u00e7\u00e3o de energia com tens\u00e3o igual ou inferior a 35 kV, como caixas de deriva\u00e7\u00e3o de cabos, transformadores combinados e linhas de entrada\/sa\u00edda de sistemas CIS. Totalmente isolado, totalmente selado e totalmente blindado. Adota tecnologia avan\u00e7ada de inje\u00e7\u00e3o preta, o desempenho el\u00e9trico atinge o n\u00edvel l\u00edder internacional. Mais seguro e confi\u00e1vel. Pouca influ\u00eancia do mau tempo nas condi\u00e7\u00f5es de montagem. Resistente \u00e0 forma\u00e7\u00e3o de creme de orvalho de coagula\u00e7\u00e3o e \u00e0 prova de contamina\u00e7\u00e3o, livre de manuten\u00e7\u00e3o. A tens\u00e3o \u00e9 resolvida com alto n\u00edvel de descarga parcial, utilizando tecnologia alem\u00e3. O pequeno tamanho atende suficientemente aos requisitos de espa\u00e7o de montagem. Conector de cabo pr\u00e9-fabricado l\u00edder no mercado. A se\u00e7\u00e3o transversal do condutor \u00e9 de 50-630 mm\u00b2.<\/p>\n<p><img decoding=\"async\" class=\"alignnone wp-image-1558 size-full\" src=\"http:\/\/www.xminsulation.com\/wp-content\/uploads\/2024\/05\/\u56fe\u7247311.png\" alt=\"\" width=\"334\" height=\"392\" srcset=\"https:\/\/www.xminsulation.com\/wp-content\/uploads\/2024\/05\/\u56fe\u7247311.png 334w, https:\/\/www.xminsulation.com\/wp-content\/uploads\/2024\/05\/\u56fe\u7247311-256x300.png 256w\" sizes=\"(max-width: 334px) 100vw, 334px\" \/> <img decoding=\"async\" class=\"alignnone wp-image-1559 size-full\" src=\"http:\/\/www.xminsulation.com\/wp-content\/uploads\/2024\/05\/\u56fe\u7247312.png\" alt=\"\" width=\"1018\" height=\"480\" srcset=\"https:\/\/www.xminsulation.com\/wp-content\/uploads\/2024\/05\/\u56fe\u7247312.png 1018w, https:\/\/www.xminsulation.com\/wp-content\/uploads\/2024\/05\/\u56fe\u7247312-300x141.png 300w, https:\/\/www.xminsulation.com\/wp-content\/uploads\/2024\/05\/\u56fe\u7247312-768x362.png 768w, https:\/\/www.xminsulation.com\/wp-content\/uploads\/2024\/05\/\u56fe\u7247312-600x283.png 600w\" sizes=\"(max-width: 1018px) 100vw, 1018px\" \/><\/p>\n<p>&nbsp;<\/p>\n<div class=\"wxts\">\n<h2>\u25c6Personaliza\u00e7\u00e3o Especial<\/h2>\n<p>Os par\u00e2metros acima s\u00e3o dados t\u00edpicos; se os estilos existentes n\u00e3o atenderem \u00e0s suas demandas espec\u00edficas, entre em contato conosco para um design personalizado. Temos habilidades significativas de desenvolvimento e produ\u00e7\u00e3o de personaliza\u00e7\u00e3o personalizada, o que nos permite fornecer solu\u00e7\u00f5es personalizadas para clientes em todo o mundo.<\/p>\n<\/div>","protected":false},"excerpt":{"rendered":"<p>General Information Suitable\u00a0for\u00a0high voltage electrical apparatus of power plant, power transform station at or under 35kV,such as cable branch box, combination transformer and incoming\/outing line of CIS system. Fully insulated, fully sealed and fully screened. Adopt advanced\u00a0black injecting technology, the electric\u00a0performance reach the international leading level. More safe and reliable. Little affect by bad weather [&hellip;]<\/p>","protected":false},"featured_media":1556,"template":"","meta":{"site-sidebar-layout":"default","site-content-layout":"","ast-site-content-layout":"default","site-content-style":"default","site-sidebar-style":"default","ast-global-header-display":"","ast-banner-title-visibility":"","ast-main-header-display":"","ast-hfb-above-header-display":"","ast-hfb-below-header-display":"","ast-hfb-mobile-header-display":"","site-post-title":"","ast-breadcrumbs-content":"","ast-featured-img":"","footer-sml-layout":"","theme-transparent-header-meta":"default","adv-header-id-meta":"","stick-header-meta":"","header-above-stick-meta":"","header-main-stick-meta":"","header-below-stick-meta":"","astra-migrate-meta-layouts":"set","ast-page-background-enabled":"default","ast-page-background-meta":{"desktop":{"background-color":"","background-image":"","background-repeat":"repeat","background-position":"center center","background-size":"auto","background-attachment":"scroll","background-type":"","background-media":"","overlay-type":"","overlay-color":"","overlay-gradient":""},"tablet":{"background-color":"","background-image":"","background-repeat":"repeat","background-position":"center center","background-size":"auto","background-attachment":"scroll","background-type":"","background-media":"","overlay-type":"","overlay-color":"","overlay-gradient":""},"mobile":{"background-color":"","background-image":"","background-repeat":"repeat","background-position":"center center","background-size":"auto","background-attachment":"scroll","background-type":"","background-media":"","overlay-type":"","overlay-color":"","overlay-gradient":""}},"ast-content-background-meta":{"desktop":{"background-color":"var(--ast-global-color-5)","background-image":"","background-repeat":"repeat","background-position":"center center","background-size":"auto","background-attachment":"scroll","background-type":"","background-media":"","overlay-type":"","overlay-color":"","overlay-gradient":""},"tablet":{"background-color":"var(--ast-global-color-5)","background-image":"","background-repeat":"repeat","background-position":"center center","background-size":"auto","background-attachment":"scroll","background-type":"","background-media":"","overlay-type":"","overlay-color":"","overlay-gradient":""},"mobile":{"background-color":"var(--ast-global-color-5)","background-image":"","background-repeat":"repeat","background-position":"center center","background-size":"auto","background-attachment":"scroll","background-type":"","background-media":"","overlay-type":"","overlay-color":"","overlay-gradient":""}}},"product_cat":[53],"product_tag":[],"class_list":{"0":"post-1555","1":"product","2":"type-product","3":"status-publish","4":"has-post-thumbnail","6":"product_cat-oushi","7":"desktop-align-left","8":"tablet-align-left","9":"mobile-align-left","11":"first","12":"instock","13":"shipping-taxable","14":"product-type-simple"},"_links":{"self":[{"href":"https:\/\/www.xminsulation.com\/pt\/wp-json\/wp\/v2\/product\/1555","targetHints":{"allow":["GET"]}}],"collection":[{"href":"https:\/\/www.xminsulation.com\/pt\/wp-json\/wp\/v2\/product"}],"about":[{"href":"https:\/\/www.xminsulation.com\/pt\/wp-json\/wp\/v2\/types\/product"}],"wp:featuredmedia":[{"embeddable":true,"href":"https:\/\/www.xminsulation.com\/pt\/wp-json\/wp\/v2\/media\/1556"}],"wp:attachment":[{"href":"https:\/\/www.xminsulation.com\/pt\/wp-json\/wp\/v2\/media?parent=1555"}],"wp:term":[{"taxonomy":"product_cat","embeddable":true,"href":"https:\/\/www.xminsulation.com\/pt\/wp-json\/wp\/v2\/product_cat?post=1555"},{"taxonomy":"product_tag","embeddable":true,"href":"https:\/\/www.xminsulation.com\/pt\/wp-json\/wp\/v2\/product_tag?post=1555"}],"curies":[{"name":"wp","href":"https:\/\/api.w.org\/{rel}","templated":true}]}}