{"id":1538,"date":"2024-05-07T17:48:57","date_gmt":"2024-05-07T09:48:57","guid":{"rendered":"http:\/\/www.xminsulation.com\/?post_type=product&#038;p=1538"},"modified":"2024-05-15T16:07:16","modified_gmt":"2024-05-15T08:07:16","slug":"zt-25kv-200a-elbow-cable-connector","status":"publish","type":"product","link":"https:\/\/www.xminsulation.com\/pt\/product\/zt-25kv-200a-elbow-cable-connector\/","title":{"rendered":"Conector de cabo de cotovelo ZT-25kV-200A"},"content":{"rendered":"<p><img fetchpriority=\"high\" decoding=\"async\" class=\"alignnone wp-image-1540 size-full\" src=\"http:\/\/www.xminsulation.com\/wp-content\/uploads\/2024\/05\/\u56fe\u7247297-1.png\" alt=\"\" width=\"739\" height=\"739\" srcset=\"https:\/\/www.xminsulation.com\/wp-content\/uploads\/2024\/05\/\u56fe\u7247297-1.png 739w, https:\/\/www.xminsulation.com\/wp-content\/uploads\/2024\/05\/\u56fe\u7247297-1-300x300.png 300w, https:\/\/www.xminsulation.com\/wp-content\/uploads\/2024\/05\/\u56fe\u7247297-1-150x150.png 150w, https:\/\/www.xminsulation.com\/wp-content\/uploads\/2024\/05\/\u56fe\u7247297-1-600x600.png 600w, https:\/\/www.xminsulation.com\/wp-content\/uploads\/2024\/05\/\u56fe\u7247297-1-100x100.png 100w\" sizes=\"(max-width: 739px) 100vw, 739px\" \/><\/p>\n<h2><strong><b>Informa\u00e7\u00f5es gerais<\/b><\/strong><\/h2>\n<p>O Conector Curvo de 25 kV 200 A para interrup\u00e7\u00e3o de carga \u00e9 uma termina\u00e7\u00e3o plug-in totalmente blindada e isolada para conectar cabos subterr\u00e2neos ao sistema de distribui\u00e7\u00e3o de energia de transformadores pad-mound, caixas de deriva\u00e7\u00e3o de alimenta\u00e7\u00e3o de energia circundantes e caixas de deriva\u00e7\u00e3o de cabos equipadas com buchas de interrup\u00e7\u00e3o de carga. O conector curvo e o inserto de bucha constituem os componentes essenciais de todas as conex\u00f5es de interrup\u00e7\u00e3o de carga. Ele pode atender \u00e0 demanda de linhas em instala\u00e7\u00f5es nucleares.<\/p>\n<p>Os cotovelos de prote\u00e7\u00e3o contra curto-circuito s\u00e3o moldados com isolamento de alta qualidade curado com enxofre e borracha EPDM semicondutora. Os recursos padr\u00e3o incluem um conector com topo de cobre, uma sonda de prote\u00e7\u00e3o contra curto-circuito em cobre estanhado com ponta seguidora de arco ablativa e olhal de tra\u00e7\u00e3o refor\u00e7ado em a\u00e7o inoxid\u00e1vel. Um ponto de teste capacitivo opcional, feito de pl\u00e1stico resistente \u00e0 corros\u00e3o, est\u00e1 dispon\u00edvel para uso com indicadores de falha. A se\u00e7\u00e3o transversal do condutor dispon\u00edvel \u00e9 de 25-150 mm\u00b2 para cabos de 25 kV. O polo condutor com fun\u00e7\u00e3o de extin\u00e7\u00e3o de arco voltaico.<\/p>\n<p><img decoding=\"async\" class=\"alignnone wp-image-1541 size-full\" src=\"http:\/\/www.xminsulation.com\/wp-content\/uploads\/2024\/05\/\u56fe\u7247298.png\" alt=\"\" width=\"414\" height=\"633\" srcset=\"https:\/\/www.xminsulation.com\/wp-content\/uploads\/2024\/05\/\u56fe\u7247298.png 414w, https:\/\/www.xminsulation.com\/wp-content\/uploads\/2024\/05\/\u56fe\u7247298-196x300.png 196w\" sizes=\"(max-width: 414px) 100vw, 414px\" \/> <img decoding=\"async\" class=\"alignnone wp-image-1542 size-full\" src=\"http:\/\/www.xminsulation.com\/wp-content\/uploads\/2024\/05\/\u56fe\u7247299.png\" alt=\"\" width=\"356\" height=\"618\" srcset=\"https:\/\/www.xminsulation.com\/wp-content\/uploads\/2024\/05\/\u56fe\u7247299.png 356w, https:\/\/www.xminsulation.com\/wp-content\/uploads\/2024\/05\/\u56fe\u7247299-173x300.png 173w\" sizes=\"(max-width: 356px) 100vw, 356px\" \/><\/p>\n<h2><strong><b>Estrutura do produto<\/b><\/strong><\/h2>\n<p>1\u3001PULLINGEYE: A\u00e7o inoxid\u00e1vel refor\u00e7ado para opera\u00e7\u00f5es de troca de manche de espingarda positivas.<\/p>\n<p>2\u3001ISOLAMENTO: Borracha EPDM de alta qualidade formulada, misturada e fresada internamente para desempenho consistente e confi\u00e1vel em campo.<\/p>\n<p>3\u3001INSER\u00c7\u00c3O SEMI-CONDUTORA: Borracha EPDM de alta qualidade cria uma superf\u00edcie lisa ao redor da \u201ctroca de corrente\u201d para distribuir uniformemente o estresse el\u00e9trico dentro do isolamento.<\/p>\n<p>4\u3001PONTO DE TESTE (OPCIONAL): O eletrodo condutor e resistente \u00e0 corros\u00e3o fornece tens\u00e3o capacitiva consistente para aplica\u00e7\u00e3o de indicadores de falha e determina\u00e7\u00e3o do estado de um circuito (capacitor n\u00e3o mostrado).<\/p>\n<p>5\u3001BLINDAGEM SEMICONDUTIVA: Borracha EPDM de alta qualidade fornece prote\u00e7\u00e3o frontal morta que atende aos requisitos do Padr\u00e3o IEEE 592.<\/p>\n<p>6\u3001SONDA DE QUEBRA DE CARGA: Sonda de cobre estanhado com ponta ablativa de arco (seguidor de arco).<\/p>\n<p>7\u3001BLOCO DE CABO CONDUTOR: O cilindro de alum\u00ednio soldado por in\u00e9rcia e o terminal de cobre rosqueado facilitam a crimpagem e garantem uma conex\u00e3o el\u00e9trica firme e confi\u00e1vel com a sonda de interrup\u00e7\u00e3o de carga.<\/p>\n<p><img loading=\"lazy\" decoding=\"async\" class=\"alignnone wp-image-1543 size-large\" src=\"http:\/\/www.xminsulation.com\/wp-content\/uploads\/2024\/05\/\u56fe\u7247300-1024x541.png\" alt=\"\" width=\"1024\" height=\"541\" srcset=\"https:\/\/www.xminsulation.com\/wp-content\/uploads\/2024\/05\/\u56fe\u7247300-1024x541.png 1024w, https:\/\/www.xminsulation.com\/wp-content\/uploads\/2024\/05\/\u56fe\u7247300-300x159.png 300w, https:\/\/www.xminsulation.com\/wp-content\/uploads\/2024\/05\/\u56fe\u7247300-768x406.png 768w, https:\/\/www.xminsulation.com\/wp-content\/uploads\/2024\/05\/\u56fe\u7247300-600x317.png 600w, https:\/\/www.xminsulation.com\/wp-content\/uploads\/2024\/05\/\u56fe\u7247300.png 1112w\" sizes=\"(max-width: 1024px) 100vw, 1024px\" \/><\/p>\n<p><strong><b>200A \u7535\u7f06\u9644\u4ef6\u5e94\u7528\u793a\u4f8b<\/b><\/strong><\/p>\n<p><strong><b>200A Aplica\u00e7\u00e3o de acess\u00f3rios de cabo<\/b><\/strong><\/p>\n<p><img loading=\"lazy\" decoding=\"async\" class=\"alignnone wp-image-1544 size-large\" src=\"http:\/\/www.xminsulation.com\/wp-content\/uploads\/2024\/05\/\u56fe\u7247301-1024x702.png\" alt=\"\" width=\"1024\" height=\"702\" srcset=\"https:\/\/www.xminsulation.com\/wp-content\/uploads\/2024\/05\/\u56fe\u7247301-1024x702.png 1024w, https:\/\/www.xminsulation.com\/wp-content\/uploads\/2024\/05\/\u56fe\u7247301-300x206.png 300w, https:\/\/www.xminsulation.com\/wp-content\/uploads\/2024\/05\/\u56fe\u7247301-768x527.png 768w, https:\/\/www.xminsulation.com\/wp-content\/uploads\/2024\/05\/\u56fe\u7247301-600x412.png 600w, https:\/\/www.xminsulation.com\/wp-content\/uploads\/2024\/05\/\u56fe\u7247301.png 1350w\" sizes=\"(max-width: 1024px) 100vw, 1024px\" \/> <img loading=\"lazy\" decoding=\"async\" class=\"alignnone wp-image-1545 size-large\" src=\"http:\/\/www.xminsulation.com\/wp-content\/uploads\/2024\/05\/\u56fe\u7247302-1024x946.png\" alt=\"\" width=\"1024\" height=\"946\" srcset=\"https:\/\/www.xminsulation.com\/wp-content\/uploads\/2024\/05\/\u56fe\u7247302-1024x946.png 1024w, https:\/\/www.xminsulation.com\/wp-content\/uploads\/2024\/05\/\u56fe\u7247302-300x277.png 300w, https:\/\/www.xminsulation.com\/wp-content\/uploads\/2024\/05\/\u56fe\u7247302-768x709.png 768w, https:\/\/www.xminsulation.com\/wp-content\/uploads\/2024\/05\/\u56fe\u7247302-600x554.png 600w, https:\/\/www.xminsulation.com\/wp-content\/uploads\/2024\/05\/\u56fe\u7247302.png 1350w\" sizes=\"(max-width: 1024px) 100vw, 1024px\" \/><\/p>\n<p>&nbsp;<\/p>\n<div class=\"wxts\">\n<h2>\u25c6Personaliza\u00e7\u00e3o Especial<\/h2>\n<p>Os par\u00e2metros acima s\u00e3o dados t\u00edpicos; se os estilos existentes n\u00e3o atenderem \u00e0s suas demandas espec\u00edficas, entre em contato conosco para um design personalizado. Temos habilidades significativas de desenvolvimento e produ\u00e7\u00e3o de personaliza\u00e7\u00e3o personalizada, o que nos permite fornecer solu\u00e7\u00f5es personalizadas para clientes em todo o mundo.<\/p>\n<\/div>","protected":false},"excerpt":{"rendered":"<p>General Information 25kV 200A loadbreak Elbow Connector is a fully-shielded and insulated plug- in termination for connecting underground cable to distribution power system of pad-mound transformer, surrounding power supply branch box, cable branch box equipped with loadbreak bushings. The elbow connector and bushing insert comprise the essential components of all loadbreak connections. It can meet [&hellip;]<\/p>","protected":false},"featured_media":1539,"template":"","meta":{"site-sidebar-layout":"default","site-content-layout":"","ast-site-content-layout":"default","site-content-style":"default","site-sidebar-style":"default","ast-global-header-display":"","ast-banner-title-visibility":"","ast-main-header-display":"","ast-hfb-above-header-display":"","ast-hfb-below-header-display":"","ast-hfb-mobile-header-display":"","site-post-title":"","ast-breadcrumbs-content":"","ast-featured-img":"","footer-sml-layout":"","theme-transparent-header-meta":"default","adv-header-id-meta":"","stick-header-meta":"","header-above-stick-meta":"","header-main-stick-meta":"","header-below-stick-meta":"","astra-migrate-meta-layouts":"set","ast-page-background-enabled":"default","ast-page-background-meta":{"desktop":{"background-color":"","background-image":"","background-repeat":"repeat","background-position":"center center","background-size":"auto","background-attachment":"scroll","background-type":"","background-media":"","overlay-type":"","overlay-color":"","overlay-gradient":""},"tablet":{"background-color":"","background-image":"","background-repeat":"repeat","background-position":"center center","background-size":"auto","background-attachment":"scroll","background-type":"","background-media":"","overlay-type":"","overlay-color":"","overlay-gradient":""},"mobile":{"background-color":"","background-image":"","background-repeat":"repeat","background-position":"center center","background-size":"auto","background-attachment":"scroll","background-type":"","background-media":"","overlay-type":"","overlay-color":"","overlay-gradient":""}},"ast-content-background-meta":{"desktop":{"background-color":"var(--ast-global-color-5)","background-image":"","background-repeat":"repeat","background-position":"center center","background-size":"auto","background-attachment":"scroll","background-type":"","background-media":"","overlay-type":"","overlay-color":"","overlay-gradient":""},"tablet":{"background-color":"var(--ast-global-color-5)","background-image":"","background-repeat":"repeat","background-position":"center center","background-size":"auto","background-attachment":"scroll","background-type":"","background-media":"","overlay-type":"","overlay-color":"","overlay-gradient":""},"mobile":{"background-color":"var(--ast-global-color-5)","background-image":"","background-repeat":"repeat","background-position":"center center","background-size":"auto","background-attachment":"scroll","background-type":"","background-media":"","overlay-type":"","overlay-color":"","overlay-gradient":""}}},"product_cat":[52],"product_tag":[],"class_list":{"0":"post-1538","1":"product","2":"type-product","3":"status-publish","4":"has-post-thumbnail","6":"product_cat-meishi","7":"desktop-align-left","8":"tablet-align-left","9":"mobile-align-left","11":"first","12":"instock","13":"shipping-taxable","14":"product-type-simple"},"_links":{"self":[{"href":"https:\/\/www.xminsulation.com\/pt\/wp-json\/wp\/v2\/product\/1538","targetHints":{"allow":["GET"]}}],"collection":[{"href":"https:\/\/www.xminsulation.com\/pt\/wp-json\/wp\/v2\/product"}],"about":[{"href":"https:\/\/www.xminsulation.com\/pt\/wp-json\/wp\/v2\/types\/product"}],"wp:featuredmedia":[{"embeddable":true,"href":"https:\/\/www.xminsulation.com\/pt\/wp-json\/wp\/v2\/media\/1539"}],"wp:attachment":[{"href":"https:\/\/www.xminsulation.com\/pt\/wp-json\/wp\/v2\/media?parent=1538"}],"wp:term":[{"taxonomy":"product_cat","embeddable":true,"href":"https:\/\/www.xminsulation.com\/pt\/wp-json\/wp\/v2\/product_cat?post=1538"},{"taxonomy":"product_tag","embeddable":true,"href":"https:\/\/www.xminsulation.com\/pt\/wp-json\/wp\/v2\/product_tag?post=1538"}],"curies":[{"name":"wp","href":"https:\/\/api.w.org\/{rel}","templated":true}]}}