{"id":1525,"date":"2024-05-07T17:42:51","date_gmt":"2024-05-07T09:42:51","guid":{"rendered":"http:\/\/www.xminsulation.com\/?post_type=product&#038;p=1525"},"modified":"2024-05-15T16:08:18","modified_gmt":"2024-05-15T08:08:18","slug":"dtt-15kv-200a-bushing-insert","status":"publish","type":"product","link":"https:\/\/www.xminsulation.com\/pt\/product\/dtt-15kv-200a-bushing-insert\/","title":{"rendered":"Bucha de inser\u00e7\u00e3o DTT-15kV-200A"},"content":{"rendered":"<p><img fetchpriority=\"high\" decoding=\"async\" class=\"alignnone wp-image-1527 size-full\" src=\"http:\/\/www.xminsulation.com\/wp-content\/uploads\/2024\/05\/\u56fe\u7247289-1.png\" alt=\"\" width=\"800\" height=\"800\" srcset=\"https:\/\/www.xminsulation.com\/wp-content\/uploads\/2024\/05\/\u56fe\u7247289-1.png 800w, https:\/\/www.xminsulation.com\/wp-content\/uploads\/2024\/05\/\u56fe\u7247289-1-300x300.png 300w, https:\/\/www.xminsulation.com\/wp-content\/uploads\/2024\/05\/\u56fe\u7247289-1-150x150.png 150w, https:\/\/www.xminsulation.com\/wp-content\/uploads\/2024\/05\/\u56fe\u7247289-1-768x768.png 768w, https:\/\/www.xminsulation.com\/wp-content\/uploads\/2024\/05\/\u56fe\u7247289-1-600x600.png 600w, https:\/\/www.xminsulation.com\/wp-content\/uploads\/2024\/05\/\u56fe\u7247289-1-100x100.png 100w\" sizes=\"(max-width: 800px) 100vw, 800px\" \/><\/p>\n<h2><strong><b>Informa\u00e7\u00f5es gerais<\/b><\/strong><\/h2>\n<p>A inser\u00e7\u00e3o de bucha de 15kV-200A \u00e9 rosqueada em um po\u00e7o de bucha universal para fornecer a mesma fun\u00e7\u00e3o de uma bucha de ruptura de carga integral. O uso de inser\u00e7\u00f5es de bucha torna a instala\u00e7\u00e3o e a substitui\u00e7\u00e3o em campo poss\u00edveis e eficientes. Inser\u00e7\u00f5es de bucha e conectores de cotovelo compreendem os componentes essenciais de todas as conex\u00f5es de ruptura de carga. A inser\u00e7\u00e3o de bucha usa um caminho de corrente totalmente patenteado, contendo apenas um ponto de transfer\u00eancia de corrente, dentro da pr\u00f3pria inser\u00e7\u00e3o. A natureza descomplicada do design do caminho de corrente oferece desempenho superior e confi\u00e1vel.<\/p>\n<p>Uma broca interna permite instala\u00e7\u00e3o controlada por torque positivo. Usando a ferramenta de torque de instala\u00e7\u00e3o opcional, o inserto da bucha pode ser apertado corretamente no po\u00e7o da bucha sem o medo de quebrar acidentalmente o pino do po\u00e7o da bucha. O anel indicador de trava exclusivo de energia, localizado na circunfer\u00eancia do colar da bucha, elimina a adivinha\u00e7\u00e3o da instala\u00e7\u00e3o do cotovelo de ruptura de carga do inserto da bucha.<\/p>\n<p>O anel amarelo brilhante fornece feedback imediato para determinar se o cotovelo est\u00e1 instalado corretamente no inserto.<\/p>\n<p>O inserto de bucha \u00e9 moldado usando isolamento de enxofre de alta qualidade e borracha EPDM semicondutora. Quando acoplado a um componente com classifica\u00e7\u00e3o compar\u00e1vel, o inserto de bucha fornece uma conex\u00e3o totalmente blindada e submers\u00edvel para opera\u00e7\u00e3o de interrup\u00e7\u00e3o de carga.<\/p>\n<p><img decoding=\"async\" class=\"alignnone wp-image-1528 size-full\" src=\"http:\/\/www.xminsulation.com\/wp-content\/uploads\/2024\/05\/\u56fe\u7247290.png\" alt=\"\" width=\"269\" height=\"589\" srcset=\"https:\/\/www.xminsulation.com\/wp-content\/uploads\/2024\/05\/\u56fe\u7247290.png 269w, https:\/\/www.xminsulation.com\/wp-content\/uploads\/2024\/05\/\u56fe\u7247290-137x300.png 137w\" sizes=\"(max-width: 269px) 100vw, 269px\" \/> <img decoding=\"async\" class=\"alignnone wp-image-1529 size-full\" src=\"http:\/\/www.xminsulation.com\/wp-content\/uploads\/2024\/05\/\u56fe\u7247291.png\" alt=\"\" width=\"261\" height=\"519\" srcset=\"https:\/\/www.xminsulation.com\/wp-content\/uploads\/2024\/05\/\u56fe\u7247291.png 261w, https:\/\/www.xminsulation.com\/wp-content\/uploads\/2024\/05\/\u56fe\u7247291-151x300.png 151w\" sizes=\"(max-width: 261px) 100vw, 261px\" \/><\/p>\n<h2><strong><b>Estrutura do produto<\/b><\/strong><\/h2>\n<p>1\u3001Isolamento: Borracha EPDM de alta qualidade formulada, misturada e fresada internamente para desempenho consistente e confi\u00e1vel em campo.<\/p>\n<p>2\u3001Anel indicador de trava: O anel amarelo brilhante moldado elimina as suposi\u00e7\u00f5es na instala\u00e7\u00e3o do cotovelo, garantindo uma conex\u00e3o de qualidade.<\/p>\n<p>3\u3001Escudo SEMI-condutor: Borracha EPDM de alta qualidade fornece escudo frontal protetor que garante aterramento;<\/p>\n<p>4\u3001Base rosqueada: Roscas de cobre UNC de 3\/8\u2033-16 fornecem conex\u00e3o ao pino do po\u00e7o da bucha.<\/p>\n<p>5\u3001Seis cantos internos: coopera com a chave de seis \u00e2ngulos interna, instala\u00e7\u00e3o conveniente.<\/p>\n<p>6\u3001Junta de pino: feita de bom material condutor.<\/p>\n<p>7\u3001C\u00e2mara de supress\u00e3o de arco: elimina efetivamente o arco gerado durante a opera\u00e7\u00e3o da junta do cabo e garante a opera\u00e7\u00e3o segura do equipamento.<\/p>\n<p><img loading=\"lazy\" decoding=\"async\" class=\"alignnone wp-image-1530 size-large\" src=\"http:\/\/www.xminsulation.com\/wp-content\/uploads\/2024\/05\/\u56fe\u7247292-1024x219.png\" alt=\"\" width=\"1024\" height=\"219\" srcset=\"https:\/\/www.xminsulation.com\/wp-content\/uploads\/2024\/05\/\u56fe\u7247292-1024x219.png 1024w, https:\/\/www.xminsulation.com\/wp-content\/uploads\/2024\/05\/\u56fe\u7247292-300x64.png 300w, https:\/\/www.xminsulation.com\/wp-content\/uploads\/2024\/05\/\u56fe\u7247292-768x164.png 768w, https:\/\/www.xminsulation.com\/wp-content\/uploads\/2024\/05\/\u56fe\u7247292-600x129.png 600w, https:\/\/www.xminsulation.com\/wp-content\/uploads\/2024\/05\/\u56fe\u7247292.png 1214w\" sizes=\"(max-width: 1024px) 100vw, 1024px\" \/><\/p>\n<p>&nbsp;<\/p>\n<div class=\"wxts\">\n<h2>\u25c6Personaliza\u00e7\u00e3o Especial<\/h2>\n<p>Os par\u00e2metros acima s\u00e3o dados t\u00edpicos; se os estilos existentes n\u00e3o atenderem \u00e0s suas demandas espec\u00edficas, entre em contato conosco para um design personalizado. Temos habilidades significativas de desenvolvimento e produ\u00e7\u00e3o de personaliza\u00e7\u00e3o personalizada, o que nos permite fornecer solu\u00e7\u00f5es personalizadas para clientes em todo o mundo.<\/p>\n<\/div>","protected":false},"excerpt":{"rendered":"<p>General Information 15kV-200A bushing insert threads into a universal bushing well to provide the same function as an integral loadbreak bushing. Using bushing inserts makes field installation and replacement possible and efficient. Bushing inserts and elbow connectors comprise the essential components of all loadbreak connections. The bushing Insert uses a patented wholly current path, containing [&hellip;]<\/p>","protected":false},"featured_media":1526,"template":"","meta":{"site-sidebar-layout":"default","site-content-layout":"","ast-site-content-layout":"default","site-content-style":"default","site-sidebar-style":"default","ast-global-header-display":"","ast-banner-title-visibility":"","ast-main-header-display":"","ast-hfb-above-header-display":"","ast-hfb-below-header-display":"","ast-hfb-mobile-header-display":"","site-post-title":"","ast-breadcrumbs-content":"","ast-featured-img":"","footer-sml-layout":"","theme-transparent-header-meta":"default","adv-header-id-meta":"","stick-header-meta":"","header-above-stick-meta":"","header-main-stick-meta":"","header-below-stick-meta":"","astra-migrate-meta-layouts":"set","ast-page-background-enabled":"default","ast-page-background-meta":{"desktop":{"background-color":"","background-image":"","background-repeat":"repeat","background-position":"center center","background-size":"auto","background-attachment":"scroll","background-type":"","background-media":"","overlay-type":"","overlay-color":"","overlay-gradient":""},"tablet":{"background-color":"","background-image":"","background-repeat":"repeat","background-position":"center center","background-size":"auto","background-attachment":"scroll","background-type":"","background-media":"","overlay-type":"","overlay-color":"","overlay-gradient":""},"mobile":{"background-color":"","background-image":"","background-repeat":"repeat","background-position":"center center","background-size":"auto","background-attachment":"scroll","background-type":"","background-media":"","overlay-type":"","overlay-color":"","overlay-gradient":""}},"ast-content-background-meta":{"desktop":{"background-color":"var(--ast-global-color-5)","background-image":"","background-repeat":"repeat","background-position":"center center","background-size":"auto","background-attachment":"scroll","background-type":"","background-media":"","overlay-type":"","overlay-color":"","overlay-gradient":""},"tablet":{"background-color":"var(--ast-global-color-5)","background-image":"","background-repeat":"repeat","background-position":"center center","background-size":"auto","background-attachment":"scroll","background-type":"","background-media":"","overlay-type":"","overlay-color":"","overlay-gradient":""},"mobile":{"background-color":"var(--ast-global-color-5)","background-image":"","background-repeat":"repeat","background-position":"center center","background-size":"auto","background-attachment":"scroll","background-type":"","background-media":"","overlay-type":"","overlay-color":"","overlay-gradient":""}}},"product_cat":[52],"product_tag":[],"class_list":{"0":"post-1525","1":"product","2":"type-product","3":"status-publish","4":"has-post-thumbnail","6":"product_cat-meishi","7":"desktop-align-left","8":"tablet-align-left","9":"mobile-align-left","11":"first","12":"instock","13":"shipping-taxable","14":"product-type-simple"},"_links":{"self":[{"href":"https:\/\/www.xminsulation.com\/pt\/wp-json\/wp\/v2\/product\/1525","targetHints":{"allow":["GET"]}}],"collection":[{"href":"https:\/\/www.xminsulation.com\/pt\/wp-json\/wp\/v2\/product"}],"about":[{"href":"https:\/\/www.xminsulation.com\/pt\/wp-json\/wp\/v2\/types\/product"}],"wp:featuredmedia":[{"embeddable":true,"href":"https:\/\/www.xminsulation.com\/pt\/wp-json\/wp\/v2\/media\/1526"}],"wp:attachment":[{"href":"https:\/\/www.xminsulation.com\/pt\/wp-json\/wp\/v2\/media?parent=1525"}],"wp:term":[{"taxonomy":"product_cat","embeddable":true,"href":"https:\/\/www.xminsulation.com\/pt\/wp-json\/wp\/v2\/product_cat?post=1525"},{"taxonomy":"product_tag","embeddable":true,"href":"https:\/\/www.xminsulation.com\/pt\/wp-json\/wp\/v2\/product_tag?post=1525"}],"curies":[{"name":"wp","href":"https:\/\/api.w.org\/{rel}","templated":true}]}}