{"id":1503,"date":"2024-05-07T17:27:22","date_gmt":"2024-05-07T09:27:22","guid":{"rendered":"http:\/\/www.xminsulation.com\/?post_type=product&#038;p=1503"},"modified":"2024-05-15T16:12:35","modified_gmt":"2024-05-15T08:12:35","slug":"jdzt-15kv-200a-grounding-elbow","status":"publish","type":"product","link":"https:\/\/www.xminsulation.com\/pt\/product\/jdzt-15kv-200a-grounding-elbow\/","title":{"rendered":"Cotovelo de aterramento JDZT-15kV-200A"},"content":{"rendered":"<p><img fetchpriority=\"high\" decoding=\"async\" class=\"alignnone wp-image-1505 size-full\" src=\"http:\/\/www.xminsulation.com\/wp-content\/uploads\/2024\/05\/\u56fe\u7247276-1.jpg\" alt=\"\" width=\"427\" height=\"427\" srcset=\"https:\/\/www.xminsulation.com\/wp-content\/uploads\/2024\/05\/\u56fe\u7247276-1.jpg 427w, https:\/\/www.xminsulation.com\/wp-content\/uploads\/2024\/05\/\u56fe\u7247276-1-300x300.jpg 300w, https:\/\/www.xminsulation.com\/wp-content\/uploads\/2024\/05\/\u56fe\u7247276-1-150x150.jpg 150w, https:\/\/www.xminsulation.com\/wp-content\/uploads\/2024\/05\/\u56fe\u7247276-1-100x100.jpg 100w\" sizes=\"(max-width: 427px) 100vw, 427px\" \/><\/p>\n<h2><strong><b>Informa\u00e7\u00f5es gerais<\/b><\/strong><strong><b>\u00a0<\/b><\/strong><\/h2>\n<p>O cotovelo de aterramento de 15 kV 200 A \u00e9 a melhor escolha para sistemas de energia subterr\u00e2neos. Ele pode fornecer uma linha de sa\u00edda de aterramento para verifica\u00e7\u00e3o do cabo na aplica\u00e7\u00e3o pr\u00e1tica ou exame.<\/p>\n<p>O cotovelo de aterramento pode ser usado sozinho ou conectado com o inserto de bucha, inserto de passagem rotativo do transformador montado na plataforma e gabinete de fonte de alimenta\u00e7\u00e3o ao redor, o que pode estruturar um ponto de aterramento vis\u00edvel.<\/p>\n<p>O cotovelo de aterramento cont\u00e9m contato condutor de cobre, conector de compress\u00e3o de cobre e borracha isolante fundida de alto isolamento e antienvelhecimento. Isso garante uma blindagem completa do produto. Um cabo de aterramento de 2 metros \u00e9 conectado \u00e0 extremidade do cotovelo de aterramento. O valor de isolamento da blindagem externa do cabo de aterramento \u00e9 de 600 V, portanto, ao inspecion\u00e1-lo, verifique se est\u00e1 acima da cabe\u00e7a.<\/p>\n<p><img decoding=\"async\" class=\"alignnone wp-image-1506 size-full\" src=\"http:\/\/www.xminsulation.com\/wp-content\/uploads\/2024\/05\/\u56fe\u7247277.png\" alt=\"\" width=\"546\" height=\"996\" srcset=\"https:\/\/www.xminsulation.com\/wp-content\/uploads\/2024\/05\/\u56fe\u7247277.png 546w, https:\/\/www.xminsulation.com\/wp-content\/uploads\/2024\/05\/\u56fe\u7247277-164x300.png 164w\" sizes=\"(max-width: 546px) 100vw, 546px\" \/><\/p>\n<h2><strong><b>Estrutura do produto<\/b><\/strong><\/h2>\n<ol>\n<li>a opera\u00e7\u00e3o do anel: feito de anel de a\u00e7o inoxid\u00e1vel, o uso de garantias e suporte de haste de opera\u00e7\u00e3o isolado.<\/li>\n<\/ol>\n<p>2. Terminal de crimpagem de cobre: produtos e cabos intimamente conectados.<\/p>\n<p>3. a camada de isolamento: uma formula\u00e7\u00e3o exclusiva e tecnologia de mistura para garantir a excelente qualidade da borracha de isolamento EPDM pr\u00e9-fabricada.<\/p>\n<p>4. uma camada semicondutora interna: borracha condutora EPDM pr\u00e9-fabricada, controle eficaz do estresse el\u00e9trico.<\/p>\n<p>Cabo de n\u00facleo \u00fanico de 5.600 V: grau de tens\u00e3o de 600 V, aterramento eficaz.<\/p>\n<p>6. haste de inser\u00e7\u00e3o de arco: barra condutora de cobre estanhado com fun\u00e7\u00e3o de supress\u00e3o de arco.<\/p>\n<p><img decoding=\"async\" class=\"alignnone wp-image-1507 size-large\" src=\"http:\/\/www.xminsulation.com\/wp-content\/uploads\/2024\/05\/\u56fe\u7247278-1024x181.png\" alt=\"\" width=\"1024\" height=\"181\" srcset=\"https:\/\/www.xminsulation.com\/wp-content\/uploads\/2024\/05\/\u56fe\u7247278-1024x181.png 1024w, https:\/\/www.xminsulation.com\/wp-content\/uploads\/2024\/05\/\u56fe\u7247278-300x53.png 300w, https:\/\/www.xminsulation.com\/wp-content\/uploads\/2024\/05\/\u56fe\u7247278-768x136.png 768w, https:\/\/www.xminsulation.com\/wp-content\/uploads\/2024\/05\/\u56fe\u7247278-600x106.png 600w, https:\/\/www.xminsulation.com\/wp-content\/uploads\/2024\/05\/\u56fe\u7247278.png 1502w\" sizes=\"(max-width: 1024px) 100vw, 1024px\" \/><\/p>\n<p>&nbsp;<\/p>\n<div class=\"wxts\">\n<h2>\u25c6Personaliza\u00e7\u00e3o Especial<\/h2>\n<p>Os par\u00e2metros acima s\u00e3o dados t\u00edpicos; se os estilos existentes n\u00e3o atenderem \u00e0s suas demandas espec\u00edficas, entre em contato conosco para um design personalizado. Temos habilidades significativas de desenvolvimento e produ\u00e7\u00e3o de personaliza\u00e7\u00e3o personalizada, o que nos permite fornecer solu\u00e7\u00f5es personalizadas para clientes em todo o mundo.<\/p>\n<\/div>","protected":false},"excerpt":{"rendered":"<p>General Information\u00a0 15kV 200A Grounding Elbow is the best choice for subterranean power systems.It can provide an grounding outgoing line for checking up the cable in the practical application or examination. Grounding Elbow could use alone or connect with Bushing Insert, Rotatable Feedthru Insert of pad mounted transformer and surrounding power supply cabinet,which could structure [&hellip;]<\/p>","protected":false},"featured_media":1504,"template":"","meta":{"site-sidebar-layout":"default","site-content-layout":"","ast-site-content-layout":"default","site-content-style":"default","site-sidebar-style":"default","ast-global-header-display":"","ast-banner-title-visibility":"","ast-main-header-display":"","ast-hfb-above-header-display":"","ast-hfb-below-header-display":"","ast-hfb-mobile-header-display":"","site-post-title":"","ast-breadcrumbs-content":"","ast-featured-img":"","footer-sml-layout":"","theme-transparent-header-meta":"default","adv-header-id-meta":"","stick-header-meta":"","header-above-stick-meta":"","header-main-stick-meta":"","header-below-stick-meta":"","astra-migrate-meta-layouts":"set","ast-page-background-enabled":"default","ast-page-background-meta":{"desktop":{"background-color":"","background-image":"","background-repeat":"repeat","background-position":"center center","background-size":"auto","background-attachment":"scroll","background-type":"","background-media":"","overlay-type":"","overlay-color":"","overlay-gradient":""},"tablet":{"background-color":"","background-image":"","background-repeat":"repeat","background-position":"center center","background-size":"auto","background-attachment":"scroll","background-type":"","background-media":"","overlay-type":"","overlay-color":"","overlay-gradient":""},"mobile":{"background-color":"","background-image":"","background-repeat":"repeat","background-position":"center center","background-size":"auto","background-attachment":"scroll","background-type":"","background-media":"","overlay-type":"","overlay-color":"","overlay-gradient":""}},"ast-content-background-meta":{"desktop":{"background-color":"var(--ast-global-color-5)","background-image":"","background-repeat":"repeat","background-position":"center center","background-size":"auto","background-attachment":"scroll","background-type":"","background-media":"","overlay-type":"","overlay-color":"","overlay-gradient":""},"tablet":{"background-color":"var(--ast-global-color-5)","background-image":"","background-repeat":"repeat","background-position":"center center","background-size":"auto","background-attachment":"scroll","background-type":"","background-media":"","overlay-type":"","overlay-color":"","overlay-gradient":""},"mobile":{"background-color":"var(--ast-global-color-5)","background-image":"","background-repeat":"repeat","background-position":"center center","background-size":"auto","background-attachment":"scroll","background-type":"","background-media":"","overlay-type":"","overlay-color":"","overlay-gradient":""}}},"product_cat":[52],"product_tag":[],"class_list":{"0":"post-1503","1":"product","2":"type-product","3":"status-publish","4":"has-post-thumbnail","6":"product_cat-meishi","7":"desktop-align-left","8":"tablet-align-left","9":"mobile-align-left","11":"first","12":"instock","13":"shipping-taxable","14":"product-type-simple"},"_links":{"self":[{"href":"https:\/\/www.xminsulation.com\/pt\/wp-json\/wp\/v2\/product\/1503","targetHints":{"allow":["GET"]}}],"collection":[{"href":"https:\/\/www.xminsulation.com\/pt\/wp-json\/wp\/v2\/product"}],"about":[{"href":"https:\/\/www.xminsulation.com\/pt\/wp-json\/wp\/v2\/types\/product"}],"wp:featuredmedia":[{"embeddable":true,"href":"https:\/\/www.xminsulation.com\/pt\/wp-json\/wp\/v2\/media\/1504"}],"wp:attachment":[{"href":"https:\/\/www.xminsulation.com\/pt\/wp-json\/wp\/v2\/media?parent=1503"}],"wp:term":[{"taxonomy":"product_cat","embeddable":true,"href":"https:\/\/www.xminsulation.com\/pt\/wp-json\/wp\/v2\/product_cat?post=1503"},{"taxonomy":"product_tag","embeddable":true,"href":"https:\/\/www.xminsulation.com\/pt\/wp-json\/wp\/v2\/product_tag?post=1503"}],"curies":[{"name":"wp","href":"https:\/\/api.w.org\/{rel}","templated":true}]}}