{"id":1489,"date":"2024-05-07T17:22:05","date_gmt":"2024-05-07T09:22:05","guid":{"rendered":"http:\/\/www.xminsulation.com\/?post_type=product&#038;p=1489"},"modified":"2024-05-15T16:14:18","modified_gmt":"2024-05-15T08:14:18","slug":"jctgz-15kv-200a-insulated-bushing-extenders","status":"publish","type":"product","link":"https:\/\/www.xminsulation.com\/pt\/product\/jctgz-15kv-200a-insulated-bushing-extenders\/","title":{"rendered":"Extensores de bucha isolados JCTGZ-15kV-200A"},"content":{"rendered":"<p><img fetchpriority=\"high\" decoding=\"async\" class=\"alignnone wp-image-1491 size-full\" src=\"http:\/\/www.xminsulation.com\/wp-content\/uploads\/2024\/05\/\u56fe\u7247267-1.png\" alt=\"\" width=\"463\" height=\"463\" srcset=\"https:\/\/www.xminsulation.com\/wp-content\/uploads\/2024\/05\/\u56fe\u7247267-1.png 463w, https:\/\/www.xminsulation.com\/wp-content\/uploads\/2024\/05\/\u56fe\u7247267-1-300x300.png 300w, https:\/\/www.xminsulation.com\/wp-content\/uploads\/2024\/05\/\u56fe\u7247267-1-150x150.png 150w, https:\/\/www.xminsulation.com\/wp-content\/uploads\/2024\/05\/\u56fe\u7247267-1-100x100.png 100w\" sizes=\"(max-width: 463px) 100vw, 463px\" \/><\/p>\n<h2><strong><b>Informa\u00e7\u00f5es gerais<\/b><\/strong><\/h2>\n<p>Extensores de bucha isolados de 15 kV e 200 A projetados para transformadores, arm\u00e1rios de alimenta\u00e7\u00e3o de cabos externos e arm\u00e1rios de distribui\u00e7\u00e3o. Isolados para a linha de sa\u00edda de 200 A. O extensor de bucha isolado de 200 A e 15 kV conecta-se com conector de bucha de passagem \u00fanica, conector de bucha bidirecional e conector de bucha de passagem \u00fanica para para-raios.<\/p>\n<p>O Bushing Well \u00e9 moldado usando material isolante de alta qualidade EPDM e, quando acoplado a produtos de classifica\u00e7\u00e3o compar\u00e1vel, fornece uma conex\u00e3o isolante totalmente blindada.<\/p>\n<p><img decoding=\"async\" class=\"alignnone wp-image-1492 size-full\" src=\"http:\/\/www.xminsulation.com\/wp-content\/uploads\/2024\/05\/\u56fe\u7247268.png\" alt=\"\" width=\"299\" height=\"668\" srcset=\"https:\/\/www.xminsulation.com\/wp-content\/uploads\/2024\/05\/\u56fe\u7247268.png 299w, https:\/\/www.xminsulation.com\/wp-content\/uploads\/2024\/05\/\u56fe\u7247268-134x300.png 134w\" sizes=\"(max-width: 299px) 100vw, 299px\" \/> <img decoding=\"async\" class=\"alignnone wp-image-1493 size-full\" src=\"http:\/\/www.xminsulation.com\/wp-content\/uploads\/2024\/05\/\u56fe\u7247269.png\" alt=\"\" width=\"651\" height=\"392\" srcset=\"https:\/\/www.xminsulation.com\/wp-content\/uploads\/2024\/05\/\u56fe\u7247269.png 651w, https:\/\/www.xminsulation.com\/wp-content\/uploads\/2024\/05\/\u56fe\u7247269-300x181.png 300w, https:\/\/www.xminsulation.com\/wp-content\/uploads\/2024\/05\/\u56fe\u7247269-600x361.png 600w\" sizes=\"(max-width: 651px) 100vw, 651px\" \/> <img loading=\"lazy\" decoding=\"async\" class=\"alignnone wp-image-1494 size-full\" src=\"http:\/\/www.xminsulation.com\/wp-content\/uploads\/2024\/05\/\u56fe\u7247270.png\" alt=\"\" width=\"237\" height=\"532\" srcset=\"https:\/\/www.xminsulation.com\/wp-content\/uploads\/2024\/05\/\u56fe\u7247270.png 237w, https:\/\/www.xminsulation.com\/wp-content\/uploads\/2024\/05\/\u56fe\u7247270-134x300.png 134w\" sizes=\"(max-width: 237px) 100vw, 237px\" \/><\/p>\n<h2><strong><b>Estrutura do produto<\/b><\/strong><\/h2>\n<ol>\n<li>Ranhura do anel de veda\u00e7\u00e3o: usada para colocar an\u00e9is de veda\u00e7\u00e3o para isolar e vedar de forma eficaz.<\/li>\n<li>Corpo do suporte de luva estendida: feito de resina ep\u00f3xi atrav\u00e9s do processo APG, possui boas propriedades mec\u00e2nicas e el\u00e9tricas.<\/li>\n<li>Barra condutora: A barra condutora de cobre tratada com tecnologia especial pode ser combinada de forma est\u00e1vel com resina ep\u00f3xi e tem boa condutividade.<\/li>\n<\/ol>\n<p><strong><b> <img loading=\"lazy\" decoding=\"async\" class=\"alignnone wp-image-1495 size-full\" src=\"http:\/\/www.xminsulation.com\/wp-content\/uploads\/2024\/05\/\u56fe\u7247271.png\" alt=\"\" width=\"1016\" height=\"240\" srcset=\"https:\/\/www.xminsulation.com\/wp-content\/uploads\/2024\/05\/\u56fe\u7247271.png 1016w, https:\/\/www.xminsulation.com\/wp-content\/uploads\/2024\/05\/\u56fe\u7247271-300x71.png 300w, https:\/\/www.xminsulation.com\/wp-content\/uploads\/2024\/05\/\u56fe\u7247271-768x181.png 768w, https:\/\/www.xminsulation.com\/wp-content\/uploads\/2024\/05\/\u56fe\u7247271-600x142.png 600w\" sizes=\"(max-width: 1016px) 100vw, 1016px\" \/><\/b><\/strong><\/p>\n<p><strong><b>\u00a0<\/b><\/strong><\/p>\n<div class=\"wxts\">\n<h2>\u25c6Personaliza\u00e7\u00e3o Especial<\/h2>\n<p>Os par\u00e2metros acima s\u00e3o dados t\u00edpicos; se os estilos existentes n\u00e3o atenderem \u00e0s suas demandas espec\u00edficas, entre em contato conosco para um design personalizado. Temos habilidades significativas de desenvolvimento e produ\u00e7\u00e3o de personaliza\u00e7\u00e3o personalizada, o que nos permite fornecer solu\u00e7\u00f5es personalizadas para clientes em todo o mundo.<\/p>\n<\/div>","protected":false},"excerpt":{"rendered":"<p>General Information 15kV 200A insulated bushing extenders designed for transformers, outdoor surrounding cable supply cabinet and switch cabinet. Insulated for the 200A outgoing line. 200A 15kV Insulated Bushing Extender connect with single pass bushing connector, two-way bushing connector and single pass bushing connector for surge arrester. The Bushing Well is molded using high quality insulating [&hellip;]<\/p>","protected":false},"featured_media":1490,"template":"","meta":{"site-sidebar-layout":"default","site-content-layout":"","ast-site-content-layout":"default","site-content-style":"default","site-sidebar-style":"default","ast-global-header-display":"","ast-banner-title-visibility":"","ast-main-header-display":"","ast-hfb-above-header-display":"","ast-hfb-below-header-display":"","ast-hfb-mobile-header-display":"","site-post-title":"","ast-breadcrumbs-content":"","ast-featured-img":"","footer-sml-layout":"","theme-transparent-header-meta":"default","adv-header-id-meta":"","stick-header-meta":"","header-above-stick-meta":"","header-main-stick-meta":"","header-below-stick-meta":"","astra-migrate-meta-layouts":"set","ast-page-background-enabled":"default","ast-page-background-meta":{"desktop":{"background-color":"","background-image":"","background-repeat":"repeat","background-position":"center center","background-size":"auto","background-attachment":"scroll","background-type":"","background-media":"","overlay-type":"","overlay-color":"","overlay-gradient":""},"tablet":{"background-color":"","background-image":"","background-repeat":"repeat","background-position":"center center","background-size":"auto","background-attachment":"scroll","background-type":"","background-media":"","overlay-type":"","overlay-color":"","overlay-gradient":""},"mobile":{"background-color":"","background-image":"","background-repeat":"repeat","background-position":"center center","background-size":"auto","background-attachment":"scroll","background-type":"","background-media":"","overlay-type":"","overlay-color":"","overlay-gradient":""}},"ast-content-background-meta":{"desktop":{"background-color":"var(--ast-global-color-5)","background-image":"","background-repeat":"repeat","background-position":"center center","background-size":"auto","background-attachment":"scroll","background-type":"","background-media":"","overlay-type":"","overlay-color":"","overlay-gradient":""},"tablet":{"background-color":"var(--ast-global-color-5)","background-image":"","background-repeat":"repeat","background-position":"center center","background-size":"auto","background-attachment":"scroll","background-type":"","background-media":"","overlay-type":"","overlay-color":"","overlay-gradient":""},"mobile":{"background-color":"var(--ast-global-color-5)","background-image":"","background-repeat":"repeat","background-position":"center center","background-size":"auto","background-attachment":"scroll","background-type":"","background-media":"","overlay-type":"","overlay-color":"","overlay-gradient":""}}},"product_cat":[52],"product_tag":[],"class_list":{"0":"post-1489","1":"product","2":"type-product","3":"status-publish","4":"has-post-thumbnail","6":"product_cat-meishi","7":"desktop-align-left","8":"tablet-align-left","9":"mobile-align-left","11":"first","12":"instock","13":"shipping-taxable","14":"product-type-simple"},"_links":{"self":[{"href":"https:\/\/www.xminsulation.com\/pt\/wp-json\/wp\/v2\/product\/1489","targetHints":{"allow":["GET"]}}],"collection":[{"href":"https:\/\/www.xminsulation.com\/pt\/wp-json\/wp\/v2\/product"}],"about":[{"href":"https:\/\/www.xminsulation.com\/pt\/wp-json\/wp\/v2\/types\/product"}],"wp:featuredmedia":[{"embeddable":true,"href":"https:\/\/www.xminsulation.com\/pt\/wp-json\/wp\/v2\/media\/1490"}],"wp:attachment":[{"href":"https:\/\/www.xminsulation.com\/pt\/wp-json\/wp\/v2\/media?parent=1489"}],"wp:term":[{"taxonomy":"product_cat","embeddable":true,"href":"https:\/\/www.xminsulation.com\/pt\/wp-json\/wp\/v2\/product_cat?post=1489"},{"taxonomy":"product_tag","embeddable":true,"href":"https:\/\/www.xminsulation.com\/pt\/wp-json\/wp\/v2\/product_tag?post=1489"}],"curies":[{"name":"wp","href":"https:\/\/api.w.org\/{rel}","templated":true}]}}