{"id":1458,"date":"2024-05-07T17:08:50","date_gmt":"2024-05-07T09:08:50","guid":{"rendered":"http:\/\/www.xminsulation.com\/?post_type=product&#038;p=1458"},"modified":"2024-05-15T16:17:35","modified_gmt":"2024-05-15T08:17:35","slug":"dtblq-17-50kv-200a-surge-arrester-insert","status":"publish","type":"product","link":"https:\/\/www.xminsulation.com\/pt\/product\/dtblq-17-50kv-200a-surge-arrester-insert\/","title":{"rendered":"Inser\u00e7\u00e3o de para-raios DTBLQ-17\/50kV-200A"},"content":{"rendered":"<p><strong><b><img fetchpriority=\"high\" decoding=\"async\" class=\"alignnone wp-image-1460 size-full\" src=\"http:\/\/www.xminsulation.com\/wp-content\/uploads\/2024\/05\/\u56fe\u7247247-1.png\" alt=\"\" width=\"586\" height=\"586\" srcset=\"https:\/\/www.xminsulation.com\/wp-content\/uploads\/2024\/05\/\u56fe\u7247247-1.png 586w, https:\/\/www.xminsulation.com\/wp-content\/uploads\/2024\/05\/\u56fe\u7247247-1-300x300.png 300w, https:\/\/www.xminsulation.com\/wp-content\/uploads\/2024\/05\/\u56fe\u7247247-1-150x150.png 150w, https:\/\/www.xminsulation.com\/wp-content\/uploads\/2024\/05\/\u56fe\u7247247-1-100x100.png 100w\" sizes=\"(max-width: 586px) 100vw, 586px\" \/>\u00a0<\/b><\/strong><\/p>\n<h2><strong><b>Informa\u00e7\u00f5es gerais<\/b><\/strong><\/h2>\n<p>O inserto para-raios de 17\/50 kV \u00e9 amplamente utilizado em redes de m\u00e9dia tens\u00e3o, como transformadores, engrenagens de comuta\u00e7\u00e3o, cabos e outros. Usado junto com acess\u00f3rios de cabo de interrup\u00e7\u00e3o de carga, como conector de cotovelo de bucha e tampa protetora isolada.<\/p>\n<p><img decoding=\"async\" class=\"alignnone wp-image-1461 size-full\" src=\"http:\/\/www.xminsulation.com\/wp-content\/uploads\/2024\/05\/\u56fe\u7247248.png\" alt=\"\" width=\"958\" height=\"1106\" srcset=\"https:\/\/www.xminsulation.com\/wp-content\/uploads\/2024\/05\/\u56fe\u7247248.png 958w, https:\/\/www.xminsulation.com\/wp-content\/uploads\/2024\/05\/\u56fe\u7247248-260x300.png 260w, https:\/\/www.xminsulation.com\/wp-content\/uploads\/2024\/05\/\u56fe\u7247248-887x1024.png 887w, https:\/\/www.xminsulation.com\/wp-content\/uploads\/2024\/05\/\u56fe\u7247248-768x887.png 768w, https:\/\/www.xminsulation.com\/wp-content\/uploads\/2024\/05\/\u56fe\u7247248-600x693.png 600w\" sizes=\"(max-width: 958px) 100vw, 958px\" \/> <img decoding=\"async\" class=\"alignnone wp-image-1462 size-full\" src=\"http:\/\/www.xminsulation.com\/wp-content\/uploads\/2024\/05\/\u56fe\u7247249.png\" alt=\"\" width=\"772\" height=\"1054\" srcset=\"https:\/\/www.xminsulation.com\/wp-content\/uploads\/2024\/05\/\u56fe\u7247249.png 772w, https:\/\/www.xminsulation.com\/wp-content\/uploads\/2024\/05\/\u56fe\u7247249-220x300.png 220w, https:\/\/www.xminsulation.com\/wp-content\/uploads\/2024\/05\/\u56fe\u7247249-750x1024.png 750w, https:\/\/www.xminsulation.com\/wp-content\/uploads\/2024\/05\/\u56fe\u7247249-768x1049.png 768w, https:\/\/www.xminsulation.com\/wp-content\/uploads\/2024\/05\/\u56fe\u7247249-600x819.png 600w\" sizes=\"(max-width: 772px) 100vw, 772px\" \/><\/p>\n<h2><strong><b>Estrutura do produto<\/b><\/strong><\/h2>\n<p>1\u3001ISOLAMENTO EPDM: O isolamento EPDM curado com enxofre de alta qualidade \u00e9 misturado e formulado internamente para controle completo das caracter\u00edsticas da borracha de isolamento.<\/p>\n<p>2\u3001BLINDAGEM SEMI-CONDUTIVA: A blindagem EPDM semicondutiva moldada atende aos requisitos da Norma ANSI\/IEEE 592.<\/p>\n<p>3\u3001N\u00daCLEO DO PARA-RAIOS: Composto por uma fatia de v\u00e1lvula para-raios de \u00f3xido de zinco que passa por um tratamento de processo especial.<\/p>\n<p>4\u3001MONTAGEM DO APAGADOR DE ARCO: O pl\u00e1stico ablativo de arco produz g\u00e1s extintor de arco durante opera\u00e7\u00f5es de comuta\u00e7\u00e3o de interrup\u00e7\u00e3o de carga.<\/p>\n<p>5\u3001SONDA: A sonda fornece um caminho condutor confi\u00e1vel com contatos f\u00eameas correspondentes.<\/p>\n<p>6\u3001FIO DE ATERRAMENTO: (Opcional para fio de aterramento maior) Usado para tens\u00e3o de impulso efetiva ap\u00f3s os fios serem colocados na posi\u00e7\u00e3o de aterramento.<\/p>\n<p><img loading=\"lazy\" decoding=\"async\" class=\"alignnone wp-image-1463 size-large\" src=\"http:\/\/www.xminsulation.com\/wp-content\/uploads\/2024\/05\/\u56fe\u7247250-1024x207.png\" alt=\"\" width=\"1024\" height=\"207\" srcset=\"https:\/\/www.xminsulation.com\/wp-content\/uploads\/2024\/05\/\u56fe\u7247250-1024x207.png 1024w, https:\/\/www.xminsulation.com\/wp-content\/uploads\/2024\/05\/\u56fe\u7247250-300x61.png 300w, https:\/\/www.xminsulation.com\/wp-content\/uploads\/2024\/05\/\u56fe\u7247250-768x155.png 768w, https:\/\/www.xminsulation.com\/wp-content\/uploads\/2024\/05\/\u56fe\u7247250-600x121.png 600w, https:\/\/www.xminsulation.com\/wp-content\/uploads\/2024\/05\/\u56fe\u7247250.png 1226w\" sizes=\"(max-width: 1024px) 100vw, 1024px\" \/><\/p>\n<p>&nbsp;<\/p>\n<div class=\"wxts\">\n<h2>\u25c6Personaliza\u00e7\u00e3o Especial<\/h2>\n<p>Os par\u00e2metros acima s\u00e3o dados t\u00edpicos; se os estilos existentes n\u00e3o atenderem \u00e0s suas demandas espec\u00edficas, entre em contato conosco para um design personalizado. Temos habilidades significativas de desenvolvimento e produ\u00e7\u00e3o de personaliza\u00e7\u00e3o personalizada, o que nos permite fornecer solu\u00e7\u00f5es personalizadas para clientes em todo o mundo.<\/p>\n<\/div>","protected":false},"excerpt":{"rendered":"<p>\u00a0 General Information 17\/50kV Surge Arrester Insert is widely used on medium voltage network, such as transformers switch gears and cable and others, Used together with loadbreak cable accessories such as bushing elbow connector and insulated protective cap. Product Structure 1\u3001EPDM INSULATION: High quality sulfur cured EPDM insulation is mixed and formulated in-house for complete [&hellip;]<\/p>","protected":false},"featured_media":1459,"template":"","meta":{"site-sidebar-layout":"default","site-content-layout":"","ast-site-content-layout":"default","site-content-style":"default","site-sidebar-style":"default","ast-global-header-display":"","ast-banner-title-visibility":"","ast-main-header-display":"","ast-hfb-above-header-display":"","ast-hfb-below-header-display":"","ast-hfb-mobile-header-display":"","site-post-title":"","ast-breadcrumbs-content":"","ast-featured-img":"","footer-sml-layout":"","theme-transparent-header-meta":"default","adv-header-id-meta":"","stick-header-meta":"","header-above-stick-meta":"","header-main-stick-meta":"","header-below-stick-meta":"","astra-migrate-meta-layouts":"set","ast-page-background-enabled":"default","ast-page-background-meta":{"desktop":{"background-color":"","background-image":"","background-repeat":"repeat","background-position":"center center","background-size":"auto","background-attachment":"scroll","background-type":"","background-media":"","overlay-type":"","overlay-color":"","overlay-gradient":""},"tablet":{"background-color":"","background-image":"","background-repeat":"repeat","background-position":"center center","background-size":"auto","background-attachment":"scroll","background-type":"","background-media":"","overlay-type":"","overlay-color":"","overlay-gradient":""},"mobile":{"background-color":"","background-image":"","background-repeat":"repeat","background-position":"center center","background-size":"auto","background-attachment":"scroll","background-type":"","background-media":"","overlay-type":"","overlay-color":"","overlay-gradient":""}},"ast-content-background-meta":{"desktop":{"background-color":"var(--ast-global-color-5)","background-image":"","background-repeat":"repeat","background-position":"center center","background-size":"auto","background-attachment":"scroll","background-type":"","background-media":"","overlay-type":"","overlay-color":"","overlay-gradient":""},"tablet":{"background-color":"var(--ast-global-color-5)","background-image":"","background-repeat":"repeat","background-position":"center center","background-size":"auto","background-attachment":"scroll","background-type":"","background-media":"","overlay-type":"","overlay-color":"","overlay-gradient":""},"mobile":{"background-color":"var(--ast-global-color-5)","background-image":"","background-repeat":"repeat","background-position":"center center","background-size":"auto","background-attachment":"scroll","background-type":"","background-media":"","overlay-type":"","overlay-color":"","overlay-gradient":""}}},"product_cat":[52],"product_tag":[],"class_list":{"0":"post-1458","1":"product","2":"type-product","3":"status-publish","4":"has-post-thumbnail","6":"product_cat-meishi","7":"desktop-align-left","8":"tablet-align-left","9":"mobile-align-left","11":"first","12":"instock","13":"shipping-taxable","14":"product-type-simple"},"_links":{"self":[{"href":"https:\/\/www.xminsulation.com\/pt\/wp-json\/wp\/v2\/product\/1458","targetHints":{"allow":["GET"]}}],"collection":[{"href":"https:\/\/www.xminsulation.com\/pt\/wp-json\/wp\/v2\/product"}],"about":[{"href":"https:\/\/www.xminsulation.com\/pt\/wp-json\/wp\/v2\/types\/product"}],"wp:featuredmedia":[{"embeddable":true,"href":"https:\/\/www.xminsulation.com\/pt\/wp-json\/wp\/v2\/media\/1459"}],"wp:attachment":[{"href":"https:\/\/www.xminsulation.com\/pt\/wp-json\/wp\/v2\/media?parent=1458"}],"wp:term":[{"taxonomy":"product_cat","embeddable":true,"href":"https:\/\/www.xminsulation.com\/pt\/wp-json\/wp\/v2\/product_cat?post=1458"},{"taxonomy":"product_tag","embeddable":true,"href":"https:\/\/www.xminsulation.com\/pt\/wp-json\/wp\/v2\/product_tag?post=1458"}],"curies":[{"name":"wp","href":"https:\/\/api.w.org\/{rel}","templated":true}]}}