{"id":1438,"date":"2024-05-07T17:00:10","date_gmt":"2024-05-07T09:00:10","guid":{"rendered":"http:\/\/www.xminsulation.com\/?post_type=product&#038;p=1438"},"modified":"2024-05-15T16:21:36","modified_gmt":"2024-05-15T08:21:36","slug":"stt-24kv-200a-double-pass-casing-connector","status":"publish","type":"product","link":"https:\/\/www.xminsulation.com\/pt\/product\/stt-24kv-200a-double-pass-casing-connector\/","title":{"rendered":"Conector de inv\u00f3lucro de passagem dupla STT-24kV-200A"},"content":{"rendered":"<p><img fetchpriority=\"high\" decoding=\"async\" class=\"alignnone wp-image-1440 size-full\" src=\"http:\/\/www.xminsulation.com\/wp-content\/uploads\/2024\/05\/\u56fe\u7247233-1.png\" alt=\"\" width=\"412\" height=\"412\" srcset=\"https:\/\/www.xminsulation.com\/wp-content\/uploads\/2024\/05\/\u56fe\u7247233-1.png 412w, https:\/\/www.xminsulation.com\/wp-content\/uploads\/2024\/05\/\u56fe\u7247233-1-300x300.png 300w, https:\/\/www.xminsulation.com\/wp-content\/uploads\/2024\/05\/\u56fe\u7247233-1-150x150.png 150w, https:\/\/www.xminsulation.com\/wp-content\/uploads\/2024\/05\/\u56fe\u7247233-1-100x100.png 100w\" sizes=\"(max-width: 412px) 100vw, 412px\" \/><\/p>\n<h2><strong><b>Informa\u00e7\u00f5es gerais<\/b><\/strong><strong><b>\u00a0<\/b><\/strong><\/h2>\n<p>O conector de revestimento de passagem dupla de 24 kV 200 A \u00e9 usado para fornecer buchas duplas a partir de um \u00fanico po\u00e7o de bucha do aparelho. Ele torna a convers\u00e3o de transformadores de alimenta\u00e7\u00e3o radial em transformadores de alimenta\u00e7\u00e3o cont\u00ednua e a adi\u00e7\u00e3o de prote\u00e7\u00e3o de p\u00e1ra-raios em linha f\u00e1cil e pr\u00e1tica. Sua catraca limitadora de torque patenteada e integrada evita que os operadores quebrem acidentalmente os pinos do po\u00e7o de bucha durante a instala\u00e7\u00e3o.<\/p>\n<p>O conector de revestimento de passagem dupla de 200 A para conectar o cabo subterr\u00e2neo ao sistema de distribui\u00e7\u00e3o de energia do transformador de bloco, envolvendo a caixa de deriva\u00e7\u00e3o de alimenta\u00e7\u00e3o el\u00e9trica, \u00e9 usado junto com: conector de cotovelo de interrup\u00e7\u00e3o de carga, p\u00e1ra-raios de cotovelo e bucha do aparelho.<\/p>\n<p>Os cotovelos de interrup\u00e7\u00e3o de carga s\u00e3o moldados usando borracha EPDM isolante e semicondutora de alta qualidade curada com enxofre. Quando acoplados a produtos de classifica\u00e7\u00e3o compar\u00e1vel, o inserto fornece uma conex\u00e3o de aparelho de interrup\u00e7\u00e3o de carga totalmente blindada e submers\u00edvel.<\/p>\n<p>O anel indicador de trava do conector de revestimento de dupla passagem, localizado na circunfer\u00eancia do colar da bucha, elimina a incerteza na instala\u00e7\u00e3o do cotovelo de interrup\u00e7\u00e3o de carga na interface da bucha. O anel amarelo brilhante fornece feedback imediato para determinar se o cotovelo est\u00e1 instalado corretamente na bucha. Se o anel amarelo estiver completamente coberto pelo cotovelo de interrup\u00e7\u00e3o de carga, ele est\u00e1 totalmente &quot;travado&quot;; se o anel estiver vis\u00edvel, o cotovelo pode ser instalado corretamente antes que qualquer problema ocorra.<\/p>\n<p><img decoding=\"async\" class=\"alignnone wp-image-1441 size-full\" src=\"http:\/\/www.xminsulation.com\/wp-content\/uploads\/2024\/05\/\u56fe\u7247234.png\" alt=\"\" width=\"570\" height=\"1146\" srcset=\"https:\/\/www.xminsulation.com\/wp-content\/uploads\/2024\/05\/\u56fe\u7247234.png 570w, https:\/\/www.xminsulation.com\/wp-content\/uploads\/2024\/05\/\u56fe\u7247234-149x300.png 149w, https:\/\/www.xminsulation.com\/wp-content\/uploads\/2024\/05\/\u56fe\u7247234-509x1024.png 509w\" sizes=\"(max-width: 570px) 100vw, 570px\" \/> <img decoding=\"async\" class=\"alignnone wp-image-1442 size-full\" src=\"http:\/\/www.xminsulation.com\/wp-content\/uploads\/2024\/05\/\u56fe\u7247235.png\" alt=\"\" width=\"1294\" height=\"248\" srcset=\"https:\/\/www.xminsulation.com\/wp-content\/uploads\/2024\/05\/\u56fe\u7247235.png 1294w, https:\/\/www.xminsulation.com\/wp-content\/uploads\/2024\/05\/\u56fe\u7247235-300x57.png 300w, https:\/\/www.xminsulation.com\/wp-content\/uploads\/2024\/05\/\u56fe\u7247235-1024x196.png 1024w, https:\/\/www.xminsulation.com\/wp-content\/uploads\/2024\/05\/\u56fe\u7247235-768x147.png 768w, https:\/\/www.xminsulation.com\/wp-content\/uploads\/2024\/05\/\u56fe\u7247235-600x115.png 600w\" sizes=\"(max-width: 1294px) 100vw, 1294px\" \/><\/p>\n<p>&nbsp;<\/p>\n<div class=\"wxts\">\n<h2>\u25c6Personaliza\u00e7\u00e3o Especial<\/h2>\n<p>Os par\u00e2metros acima s\u00e3o dados t\u00edpicos; se os estilos existentes n\u00e3o atenderem \u00e0s suas demandas espec\u00edficas, entre em contato conosco para um design personalizado. Temos habilidades significativas de desenvolvimento e produ\u00e7\u00e3o de personaliza\u00e7\u00e3o personalizada, o que nos permite fornecer solu\u00e7\u00f5es personalizadas para clientes em todo o mundo.<\/p>\n<\/div>","protected":false},"excerpt":{"rendered":"<p>General Information\u00a0 24kV 200A Double-pass casing connector is used to provide dual bushings from a single apparatus bushing well. It makes converting radial-feed transfor- mers to feed thru transformers and adding in-line arrester protection both easy and practical. Its patented, built-in torque limiting ratchet prevents operators from a- ccidentally breaking bushing well studs during installation. [&hellip;]<\/p>","protected":false},"featured_media":1439,"template":"","meta":{"site-sidebar-layout":"default","site-content-layout":"","ast-site-content-layout":"default","site-content-style":"default","site-sidebar-style":"default","ast-global-header-display":"","ast-banner-title-visibility":"","ast-main-header-display":"","ast-hfb-above-header-display":"","ast-hfb-below-header-display":"","ast-hfb-mobile-header-display":"","site-post-title":"","ast-breadcrumbs-content":"","ast-featured-img":"","footer-sml-layout":"","theme-transparent-header-meta":"default","adv-header-id-meta":"","stick-header-meta":"","header-above-stick-meta":"","header-main-stick-meta":"","header-below-stick-meta":"","astra-migrate-meta-layouts":"set","ast-page-background-enabled":"default","ast-page-background-meta":{"desktop":{"background-color":"","background-image":"","background-repeat":"repeat","background-position":"center center","background-size":"auto","background-attachment":"scroll","background-type":"","background-media":"","overlay-type":"","overlay-color":"","overlay-gradient":""},"tablet":{"background-color":"","background-image":"","background-repeat":"repeat","background-position":"center center","background-size":"auto","background-attachment":"scroll","background-type":"","background-media":"","overlay-type":"","overlay-color":"","overlay-gradient":""},"mobile":{"background-color":"","background-image":"","background-repeat":"repeat","background-position":"center center","background-size":"auto","background-attachment":"scroll","background-type":"","background-media":"","overlay-type":"","overlay-color":"","overlay-gradient":""}},"ast-content-background-meta":{"desktop":{"background-color":"var(--ast-global-color-5)","background-image":"","background-repeat":"repeat","background-position":"center center","background-size":"auto","background-attachment":"scroll","background-type":"","background-media":"","overlay-type":"","overlay-color":"","overlay-gradient":""},"tablet":{"background-color":"var(--ast-global-color-5)","background-image":"","background-repeat":"repeat","background-position":"center center","background-size":"auto","background-attachment":"scroll","background-type":"","background-media":"","overlay-type":"","overlay-color":"","overlay-gradient":""},"mobile":{"background-color":"var(--ast-global-color-5)","background-image":"","background-repeat":"repeat","background-position":"center center","background-size":"auto","background-attachment":"scroll","background-type":"","background-media":"","overlay-type":"","overlay-color":"","overlay-gradient":""}}},"product_cat":[52],"product_tag":[],"class_list":{"0":"post-1438","1":"product","2":"type-product","3":"status-publish","4":"has-post-thumbnail","6":"product_cat-meishi","7":"desktop-align-left","8":"tablet-align-left","9":"mobile-align-left","11":"first","12":"instock","13":"shipping-taxable","14":"product-type-simple"},"_links":{"self":[{"href":"https:\/\/www.xminsulation.com\/pt\/wp-json\/wp\/v2\/product\/1438","targetHints":{"allow":["GET"]}}],"collection":[{"href":"https:\/\/www.xminsulation.com\/pt\/wp-json\/wp\/v2\/product"}],"about":[{"href":"https:\/\/www.xminsulation.com\/pt\/wp-json\/wp\/v2\/types\/product"}],"wp:featuredmedia":[{"embeddable":true,"href":"https:\/\/www.xminsulation.com\/pt\/wp-json\/wp\/v2\/media\/1439"}],"wp:attachment":[{"href":"https:\/\/www.xminsulation.com\/pt\/wp-json\/wp\/v2\/media?parent=1438"}],"wp:term":[{"taxonomy":"product_cat","embeddable":true,"href":"https:\/\/www.xminsulation.com\/pt\/wp-json\/wp\/v2\/product_cat?post=1438"},{"taxonomy":"product_tag","embeddable":true,"href":"https:\/\/www.xminsulation.com\/pt\/wp-json\/wp\/v2\/product_tag?post=1438"}],"curies":[{"name":"wp","href":"https:\/\/api.w.org\/{rel}","templated":true}]}}