{"id":1433,"date":"2024-05-07T16:58:07","date_gmt":"2024-05-07T08:58:07","guid":{"rendered":"http:\/\/www.xminsulation.com\/?post_type=product&#038;p=1433"},"modified":"2024-05-15T16:22:31","modified_gmt":"2024-05-15T08:22:31","slug":"zt-25kv-200a-loadbreak-elbow-connector","status":"publish","type":"product","link":"https:\/\/www.xminsulation.com\/pt\/product\/zt-25kv-200a-loadbreak-elbow-connector\/","title":{"rendered":"Conector de cotovelo de ruptura de carga ZT-25kV 200A"},"content":{"rendered":"<p><img fetchpriority=\"high\" decoding=\"async\" class=\"alignnone wp-image-1435 size-full\" src=\"http:\/\/www.xminsulation.com\/wp-content\/uploads\/2024\/05\/\u56fe\u7247230-1.png\" alt=\"\" width=\"378\" height=\"378\" srcset=\"https:\/\/www.xminsulation.com\/wp-content\/uploads\/2024\/05\/\u56fe\u7247230-1.png 378w, https:\/\/www.xminsulation.com\/wp-content\/uploads\/2024\/05\/\u56fe\u7247230-1-300x300.png 300w, https:\/\/www.xminsulation.com\/wp-content\/uploads\/2024\/05\/\u56fe\u7247230-1-150x150.png 150w, https:\/\/www.xminsulation.com\/wp-content\/uploads\/2024\/05\/\u56fe\u7247230-1-100x100.png 100w\" sizes=\"(max-width: 378px) 100vw, 378px\" \/><\/p>\n<h2><strong><b>Informa\u00e7\u00f5es gerais<\/b><\/strong><\/h2>\n<p>O Conector Curvo de 25 kV 200 A para interrup\u00e7\u00e3o de carga \u00e9 uma termina\u00e7\u00e3o plug-in totalmente blindada e isolada para conectar cabos subterr\u00e2neos ao sistema de distribui\u00e7\u00e3o de energia de transformadores pad-mound, caixas de deriva\u00e7\u00e3o de alimenta\u00e7\u00e3o de energia circundantes e caixas de deriva\u00e7\u00e3o de cabos equipadas com buchas de interrup\u00e7\u00e3o de carga. O conector curvo e a bucha de inser\u00e7\u00e3o s\u00e3o os componentes essenciais de todas as conex\u00f5es de interrup\u00e7\u00e3o de carga. Ele pode atender \u00e0 demanda de linhas em instala\u00e7\u00f5es nucleares.<\/p>\n<p>Os cotovelos de interrup\u00e7\u00e3o de carga s\u00e3o moldados com isolamento de alta qualidade curado com enxofre e borracha EPDM semicondutora. Os recursos padr\u00e3o incluem um conector de cobre, uma sonda de interrup\u00e7\u00e3o de carga em cobre estanhado com ponta seguidora de arco ablativa e olhal de tra\u00e7\u00e3o refor\u00e7ado em a\u00e7o inoxid\u00e1vel. Um ponto de teste capacitivo opcional, feito de pl\u00e1stico resistente \u00e0 corros\u00e3o, est\u00e1 dispon\u00edvel para uso com indicadores de falha.<\/p>\n<p>A se\u00e7\u00e3o transversal do condutor dispon\u00edvel \u00e9 de 25-150 mm\u00b2 para cabos de 25 kV. O polo condutor com arco el\u00e9trico (ARC) possui fun\u00e7\u00e3o de extin\u00e7\u00e3o.<\/p>\n<p><img decoding=\"async\" class=\"alignnone wp-image-1436 size-full\" src=\"http:\/\/www.xminsulation.com\/wp-content\/uploads\/2024\/05\/\u56fe\u7247231.png\" alt=\"\" width=\"626\" height=\"1246\" srcset=\"https:\/\/www.xminsulation.com\/wp-content\/uploads\/2024\/05\/\u56fe\u7247231.png 626w, https:\/\/www.xminsulation.com\/wp-content\/uploads\/2024\/05\/\u56fe\u7247231-151x300.png 151w, https:\/\/www.xminsulation.com\/wp-content\/uploads\/2024\/05\/\u56fe\u7247231-514x1024.png 514w, https:\/\/www.xminsulation.com\/wp-content\/uploads\/2024\/05\/\u56fe\u7247231-600x1194.png 600w\" sizes=\"(max-width: 626px) 100vw, 626px\" \/> <img decoding=\"async\" class=\"alignnone wp-image-1437 size-full\" src=\"http:\/\/www.xminsulation.com\/wp-content\/uploads\/2024\/05\/\u56fe\u7247232.png\" alt=\"\" width=\"1038\" height=\"548\" srcset=\"https:\/\/www.xminsulation.com\/wp-content\/uploads\/2024\/05\/\u56fe\u7247232.png 1038w, https:\/\/www.xminsulation.com\/wp-content\/uploads\/2024\/05\/\u56fe\u7247232-300x158.png 300w, https:\/\/www.xminsulation.com\/wp-content\/uploads\/2024\/05\/\u56fe\u7247232-1024x541.png 1024w, https:\/\/www.xminsulation.com\/wp-content\/uploads\/2024\/05\/\u56fe\u7247232-768x405.png 768w, https:\/\/www.xminsulation.com\/wp-content\/uploads\/2024\/05\/\u56fe\u7247232-600x317.png 600w\" sizes=\"(max-width: 1038px) 100vw, 1038px\" \/><\/p>\n<p>&nbsp;<\/p>\n<div class=\"wxts\">\n<h2>\u25c6Personaliza\u00e7\u00e3o Especial<\/h2>\n<p>Os par\u00e2metros acima s\u00e3o dados t\u00edpicos; se os estilos existentes n\u00e3o atenderem \u00e0s suas demandas espec\u00edficas, entre em contato conosco para um design personalizado. Temos habilidades significativas de desenvolvimento e produ\u00e7\u00e3o de personaliza\u00e7\u00e3o personalizada, o que nos permite fornecer solu\u00e7\u00f5es personalizadas para clientes em todo o mundo.<\/p>\n<\/div>","protected":false},"excerpt":{"rendered":"<p>General Information 25kV 200A loadbreak Elbow Connector is a fully-shielded and insulated plug- in termination for connecting underground cable to distribution power system of pad-mound transformer,surrounding power supply branch box, cable branch box equipped with loadbreak bushings. The elbow connector and bushing insert comprise the essential components of all loadbreak connections. It can meet the [&hellip;]<\/p>","protected":false},"featured_media":1434,"template":"","meta":{"site-sidebar-layout":"default","site-content-layout":"","ast-site-content-layout":"default","site-content-style":"default","site-sidebar-style":"default","ast-global-header-display":"","ast-banner-title-visibility":"","ast-main-header-display":"","ast-hfb-above-header-display":"","ast-hfb-below-header-display":"","ast-hfb-mobile-header-display":"","site-post-title":"","ast-breadcrumbs-content":"","ast-featured-img":"","footer-sml-layout":"","theme-transparent-header-meta":"default","adv-header-id-meta":"","stick-header-meta":"","header-above-stick-meta":"","header-main-stick-meta":"","header-below-stick-meta":"","astra-migrate-meta-layouts":"set","ast-page-background-enabled":"default","ast-page-background-meta":{"desktop":{"background-color":"","background-image":"","background-repeat":"repeat","background-position":"center center","background-size":"auto","background-attachment":"scroll","background-type":"","background-media":"","overlay-type":"","overlay-color":"","overlay-gradient":""},"tablet":{"background-color":"","background-image":"","background-repeat":"repeat","background-position":"center center","background-size":"auto","background-attachment":"scroll","background-type":"","background-media":"","overlay-type":"","overlay-color":"","overlay-gradient":""},"mobile":{"background-color":"","background-image":"","background-repeat":"repeat","background-position":"center center","background-size":"auto","background-attachment":"scroll","background-type":"","background-media":"","overlay-type":"","overlay-color":"","overlay-gradient":""}},"ast-content-background-meta":{"desktop":{"background-color":"var(--ast-global-color-5)","background-image":"","background-repeat":"repeat","background-position":"center center","background-size":"auto","background-attachment":"scroll","background-type":"","background-media":"","overlay-type":"","overlay-color":"","overlay-gradient":""},"tablet":{"background-color":"var(--ast-global-color-5)","background-image":"","background-repeat":"repeat","background-position":"center center","background-size":"auto","background-attachment":"scroll","background-type":"","background-media":"","overlay-type":"","overlay-color":"","overlay-gradient":""},"mobile":{"background-color":"var(--ast-global-color-5)","background-image":"","background-repeat":"repeat","background-position":"center center","background-size":"auto","background-attachment":"scroll","background-type":"","background-media":"","overlay-type":"","overlay-color":"","overlay-gradient":""}}},"product_cat":[52],"product_tag":[],"class_list":{"0":"post-1433","1":"product","2":"type-product","3":"status-publish","4":"has-post-thumbnail","6":"product_cat-meishi","7":"desktop-align-left","8":"tablet-align-left","9":"mobile-align-left","11":"first","12":"instock","13":"shipping-taxable","14":"product-type-simple"},"_links":{"self":[{"href":"https:\/\/www.xminsulation.com\/pt\/wp-json\/wp\/v2\/product\/1433","targetHints":{"allow":["GET"]}}],"collection":[{"href":"https:\/\/www.xminsulation.com\/pt\/wp-json\/wp\/v2\/product"}],"about":[{"href":"https:\/\/www.xminsulation.com\/pt\/wp-json\/wp\/v2\/types\/product"}],"wp:featuredmedia":[{"embeddable":true,"href":"https:\/\/www.xminsulation.com\/pt\/wp-json\/wp\/v2\/media\/1434"}],"wp:attachment":[{"href":"https:\/\/www.xminsulation.com\/pt\/wp-json\/wp\/v2\/media?parent=1433"}],"wp:term":[{"taxonomy":"product_cat","embeddable":true,"href":"https:\/\/www.xminsulation.com\/pt\/wp-json\/wp\/v2\/product_cat?post=1433"},{"taxonomy":"product_tag","embeddable":true,"href":"https:\/\/www.xminsulation.com\/pt\/wp-json\/wp\/v2\/product_tag?post=1433"}],"curies":[{"name":"wp","href":"https:\/\/api.w.org\/{rel}","templated":true}]}}