{"id":1310,"date":"2024-05-07T12:06:44","date_gmt":"2024-05-07T04:06:44","guid":{"rendered":"http:\/\/www.xminsulation.com\/?post_type=product&#038;p=1310"},"modified":"2024-05-11T22:53:29","modified_gmt":"2024-05-11T14:53:29","slug":"heat-shrinkable-power-cable-terminal","status":"publish","type":"product","link":"https:\/\/www.xminsulation.com\/pt\/product\/heat-shrinkable-power-cable-terminal\/","title":{"rendered":"Terminal de cabo de alimenta\u00e7\u00e3o termoencolh\u00edvel"},"content":{"rendered":"<p><strong><b>10kV<\/b><\/strong><strong><b>O que \u00e9 um livro de hist\u00f3rias de amor?<\/b><\/strong><\/p>\n<p><strong><b>10kV <\/b><\/strong><strong><b>Aquecer <\/b><\/strong><strong><b>S<\/b><\/strong><strong><b>encolh\u00edvel <\/b><\/strong><strong><b>P<\/b><\/strong><strong><b>flor <\/b><\/strong><strong><b>C<\/b><\/strong><strong><b>capaz <\/b><\/strong><strong><b>T<\/b><\/strong><strong><b>terminal<\/b><\/strong><\/p>\n<p><img fetchpriority=\"high\" decoding=\"async\" class=\"alignnone wp-image-1312 size-full\" src=\"http:\/\/www.xminsulation.com\/wp-content\/uploads\/2024\/05\/\u56fe\u7247153-1.png\" alt=\"\" width=\"881\" height=\"856\" srcset=\"https:\/\/www.xminsulation.com\/wp-content\/uploads\/2024\/05\/\u56fe\u7247153-1.png 881w, https:\/\/www.xminsulation.com\/wp-content\/uploads\/2024\/05\/\u56fe\u7247153-1-300x291.png 300w, https:\/\/www.xminsulation.com\/wp-content\/uploads\/2024\/05\/\u56fe\u7247153-1-768x746.png 768w, https:\/\/www.xminsulation.com\/wp-content\/uploads\/2024\/05\/\u56fe\u7247153-1-600x583.png 600w\" sizes=\"(max-width: 881px) 100vw, 881px\" \/><\/p>\n<p><strong><b>20kV<\/b><\/strong><strong><b>O que \u00e9 um livro de hist\u00f3rias de amor?<\/b><\/strong><\/p>\n<p><strong><b>20kV <\/b><\/strong><strong><b>Aquecer <\/b><\/strong><strong><b>S<\/b><\/strong><strong><b>encolh\u00edvel <\/b><\/strong><strong><b>P<\/b><\/strong><strong><b>flor <\/b><\/strong><strong><b>C<\/b><\/strong><strong><b>capaz <\/b><\/strong><strong><b>T<\/b><\/strong><strong><b>terminal<\/b><\/strong><\/p>\n<p><img decoding=\"async\" class=\"alignnone wp-image-1313 size-full\" src=\"http:\/\/www.xminsulation.com\/wp-content\/uploads\/2024\/05\/\u56fe\u7247154.png\" alt=\"\" width=\"873\" height=\"857\" srcset=\"https:\/\/www.xminsulation.com\/wp-content\/uploads\/2024\/05\/\u56fe\u7247154.png 873w, https:\/\/www.xminsulation.com\/wp-content\/uploads\/2024\/05\/\u56fe\u7247154-300x295.png 300w, https:\/\/www.xminsulation.com\/wp-content\/uploads\/2024\/05\/\u56fe\u7247154-768x754.png 768w, https:\/\/www.xminsulation.com\/wp-content\/uploads\/2024\/05\/\u56fe\u7247154-600x589.png 600w\" sizes=\"(max-width: 873px) 100vw, 873px\" \/><\/p>\n<p><strong><b>35kV<\/b><\/strong><strong><b>O que \u00e9 um livro de hist\u00f3rias de amor?<\/b><\/strong><\/p>\n<p><strong><b>35kV <\/b><\/strong><strong><b>Aquecer <\/b><\/strong><strong><b>S<\/b><\/strong><strong><b>encolh\u00edvel <\/b><\/strong><strong><b>P<\/b><\/strong><strong><b>flor <\/b><\/strong><strong><b>C<\/b><\/strong><strong><b>capaz <\/b><\/strong><strong><b>T<\/b><\/strong><strong><b>terminal<\/b><\/strong><\/p>\n<p><img decoding=\"async\" class=\"alignnone wp-image-1314 size-full\" src=\"http:\/\/www.xminsulation.com\/wp-content\/uploads\/2024\/05\/\u56fe\u7247155.png\" alt=\"\" width=\"876\" height=\"859\" srcset=\"https:\/\/www.xminsulation.com\/wp-content\/uploads\/2024\/05\/\u56fe\u7247155.png 876w, https:\/\/www.xminsulation.com\/wp-content\/uploads\/2024\/05\/\u56fe\u7247155-300x294.png 300w, https:\/\/www.xminsulation.com\/wp-content\/uploads\/2024\/05\/\u56fe\u7247155-768x753.png 768w, https:\/\/www.xminsulation.com\/wp-content\/uploads\/2024\/05\/\u56fe\u7247155-600x588.png 600w\" sizes=\"(max-width: 876px) 100vw, 876px\" \/><\/p>\n<p>&nbsp;<\/p>\n<div class=\"wxts\">\n<h2>\u25c6Personaliza\u00e7\u00e3o especial.<\/h2>\n<p>Os par\u00e2metros acima s\u00e3o dados t\u00edpicos; se os estilos existentes n\u00e3o atenderem \u00e0s suas demandas espec\u00edficas, entre em contato conosco para um design personalizado. Temos habilidades significativas de desenvolvimento e produ\u00e7\u00e3o de personaliza\u00e7\u00e3o personalizada, o que nos permite fornecer solu\u00e7\u00f5es personalizadas para clientes em todo o mundo.<\/p>\n<\/div>","protected":false},"excerpt":{"rendered":"<p>10kV\u70ed\u7f29\u7535\u529b\u7535\u7f06\u7ec8\u7aef 10kV Heat Shrinkable Power Cable Terminal 20kV\u70ed\u7f29\u7535\u529b\u7535\u7f06\u7ec8\u7aef 20kV Heat Shrinkable Power Cable Terminal 35kV\u70ed\u7f29\u7535\u529b\u7535\u7f06\u7ec8\u7aef 35kV Heat Shrinkable Power Cable Terminal &nbsp; \u25c6Special Customization. The above parameters\u00a0are typical data; if the existing styles do not meet your specific demands, please contact us for a custom design.We have significant personalized customization development and production skills, allowing [&hellip;]<\/p>","protected":false},"featured_media":1311,"template":"","meta":{"site-sidebar-layout":"default","site-content-layout":"","ast-site-content-layout":"default","site-content-style":"default","site-sidebar-style":"default","ast-global-header-display":"","ast-banner-title-visibility":"","ast-main-header-display":"","ast-hfb-above-header-display":"","ast-hfb-below-header-display":"","ast-hfb-mobile-header-display":"","site-post-title":"","ast-breadcrumbs-content":"","ast-featured-img":"","footer-sml-layout":"","theme-transparent-header-meta":"default","adv-header-id-meta":"","stick-header-meta":"","header-above-stick-meta":"","header-main-stick-meta":"","header-below-stick-meta":"","astra-migrate-meta-layouts":"set","ast-page-background-enabled":"default","ast-page-background-meta":{"desktop":{"background-color":"","background-image":"","background-repeat":"repeat","background-position":"center center","background-size":"auto","background-attachment":"scroll","background-type":"","background-media":"","overlay-type":"","overlay-color":"","overlay-gradient":""},"tablet":{"background-color":"","background-image":"","background-repeat":"repeat","background-position":"center center","background-size":"auto","background-attachment":"scroll","background-type":"","background-media":"","overlay-type":"","overlay-color":"","overlay-gradient":""},"mobile":{"background-color":"","background-image":"","background-repeat":"repeat","background-position":"center center","background-size":"auto","background-attachment":"scroll","background-type":"","background-media":"","overlay-type":"","overlay-color":"","overlay-gradient":""}},"ast-content-background-meta":{"desktop":{"background-color":"var(--ast-global-color-5)","background-image":"","background-repeat":"repeat","background-position":"center center","background-size":"auto","background-attachment":"scroll","background-type":"","background-media":"","overlay-type":"","overlay-color":"","overlay-gradient":""},"tablet":{"background-color":"var(--ast-global-color-5)","background-image":"","background-repeat":"repeat","background-position":"center center","background-size":"auto","background-attachment":"scroll","background-type":"","background-media":"","overlay-type":"","overlay-color":"","overlay-gradient":""},"mobile":{"background-color":"var(--ast-global-color-5)","background-image":"","background-repeat":"repeat","background-position":"center center","background-size":"auto","background-attachment":"scroll","background-type":"","background-media":"","overlay-type":"","overlay-color":"","overlay-gradient":""}}},"product_cat":[54],"product_tag":[],"class_list":{"0":"post-1310","1":"product","2":"type-product","3":"status-publish","4":"has-post-thumbnail","6":"product_cat-heat-shrink-tubing","7":"desktop-align-left","8":"tablet-align-left","9":"mobile-align-left","11":"first","12":"instock","13":"shipping-taxable","14":"product-type-simple"},"_links":{"self":[{"href":"https:\/\/www.xminsulation.com\/pt\/wp-json\/wp\/v2\/product\/1310","targetHints":{"allow":["GET"]}}],"collection":[{"href":"https:\/\/www.xminsulation.com\/pt\/wp-json\/wp\/v2\/product"}],"about":[{"href":"https:\/\/www.xminsulation.com\/pt\/wp-json\/wp\/v2\/types\/product"}],"wp:featuredmedia":[{"embeddable":true,"href":"https:\/\/www.xminsulation.com\/pt\/wp-json\/wp\/v2\/media\/1311"}],"wp:attachment":[{"href":"https:\/\/www.xminsulation.com\/pt\/wp-json\/wp\/v2\/media?parent=1310"}],"wp:term":[{"taxonomy":"product_cat","embeddable":true,"href":"https:\/\/www.xminsulation.com\/pt\/wp-json\/wp\/v2\/product_cat?post=1310"},{"taxonomy":"product_tag","embeddable":true,"href":"https:\/\/www.xminsulation.com\/pt\/wp-json\/wp\/v2\/product_tag?post=1310"}],"curies":[{"name":"wp","href":"https:\/\/api.w.org\/{rel}","templated":true}]}}