{"id":1303,"date":"2024-05-07T11:51:37","date_gmt":"2024-05-07T03:51:37","guid":{"rendered":"http:\/\/www.xminsulation.com\/?post_type=product&#038;p=1303"},"modified":"2024-05-07T12:07:44","modified_gmt":"2024-05-07T04:07:44","slug":"customized-sheet-metal-materials-or-sheet-metal-cabinets","status":"publish","type":"product","link":"https:\/\/www.xminsulation.com\/pt\/product\/customized-sheet-metal-materials-or-sheet-metal-cabinets\/","title":{"rendered":"Materiais de chapa met\u00e1lica personalizados ou gabinetes de chapa met\u00e1lica"},"content":{"rendered":"<p>Nossa f\u00e1brica se concentra em produtos de m\u00e9dia tens\u00e3o. Contamos tamb\u00e9m com uma f\u00e1brica parceira, uma f\u00e1brica de montagem completa de alta e baixa tens\u00e3o em larga escala. O consumo e o volume de compras de diversos materiais de chapa met\u00e1lica s\u00e3o enormes. Podemos aproveitar os canais de aquisi\u00e7\u00e3o existentes da nossa f\u00e1brica parceira e as vantagens de custo dos produtos de chapa met\u00e1lica, e fornecer aos clientes estrangeiros servi\u00e7os de aquisi\u00e7\u00e3o e compra de diversos produtos de chapa met\u00e1lica.<\/p>\n<p>Chapas de a\u00e7o laminadas a frio, chapas de a\u00e7o inoxid\u00e1vel, chapas revestidas de alum\u00ednio-zinco, chapas de a\u00e7o laminadas a quente, chapas de alum\u00ednio-liga de alta resist\u00eancia e outros materiais. Elas podem ser simplesmente cortadas no comprimento e largura desejados pelo cliente e enviadas, ou estampadas a laser\/em formatos irregulares e perfuradas, etc. \u00c9 claro que tamb\u00e9m podemos fabricar arm\u00e1rios para voc\u00ea.<\/p>\n<p>N\u00e3o importa se a quantidade \u00e9 pequena ou grande, se \u00e9 de uso comum ou especial, podemos personaliz\u00e1-los para voc\u00ea, sem quantidade m\u00ednima.<\/p>\n<p><img fetchpriority=\"high\" decoding=\"async\" class=\"alignnone wp-image-1305 size-full\" src=\"http:\/\/www.xminsulation.com\/wp-content\/uploads\/2024\/05\/\u56fe\u7247148-1.png\" alt=\"\" width=\"675\" height=\"675\" srcset=\"https:\/\/www.xminsulation.com\/wp-content\/uploads\/2024\/05\/\u56fe\u7247148-1.png 675w, https:\/\/www.xminsulation.com\/wp-content\/uploads\/2024\/05\/\u56fe\u7247148-1-300x300.png 300w, https:\/\/www.xminsulation.com\/wp-content\/uploads\/2024\/05\/\u56fe\u7247148-1-150x150.png 150w, https:\/\/www.xminsulation.com\/wp-content\/uploads\/2024\/05\/\u56fe\u7247148-1-600x600.png 600w, https:\/\/www.xminsulation.com\/wp-content\/uploads\/2024\/05\/\u56fe\u7247148-1-100x100.png 100w\" sizes=\"(max-width: 675px) 100vw, 675px\" \/><\/p>\n<p>O gabinete de distribui\u00e7\u00e3o para processamento de chapas met\u00e1licas \u00e9 um processo de processamento de chapas met\u00e1licas em caixas de distribui\u00e7\u00e3o que atendem aos requisitos de projeto por meio de corte, dobra, soldagem, etc. Uma caixa de distribui\u00e7\u00e3o \u00e9 uma estrutura met\u00e1lica fechada usada para instalar interruptores, instrumentos, dispositivos de prote\u00e7\u00e3o e equipamentos auxiliares. \u00c9 um dispositivo que pode controlar, distribuir e proteger o sistema de energia.<\/p>\n<h2><strong><b>Processo <\/b><\/strong><strong><b>F<\/b><\/strong><strong><b>baixo de <\/b><\/strong><strong><b>S<\/b><\/strong><strong><b>folha <\/b><\/strong><strong><b>M<\/b><\/strong><strong><b>etal <\/b><\/strong><strong><b>P<\/b><\/strong><strong><b>processamento <\/b><\/strong><strong><b>D<\/b><\/strong><strong><b>distribui\u00e7\u00e3o <\/b><\/strong><strong><b>B<\/b><\/strong><strong><b>boi e <\/b><\/strong><strong><b>C<\/b><\/strong><strong><b>arm\u00e1rio<\/b><\/strong><\/h2>\n<p><img decoding=\"async\" class=\"alignnone wp-image-1306 size-full\" src=\"http:\/\/www.xminsulation.com\/wp-content\/uploads\/2024\/05\/\u56fe\u7247149.png\" alt=\"\" width=\"919\" height=\"369\" srcset=\"https:\/\/www.xminsulation.com\/wp-content\/uploads\/2024\/05\/\u56fe\u7247149.png 919w, https:\/\/www.xminsulation.com\/wp-content\/uploads\/2024\/05\/\u56fe\u7247149-300x120.png 300w, https:\/\/www.xminsulation.com\/wp-content\/uploads\/2024\/05\/\u56fe\u7247149-768x308.png 768w, https:\/\/www.xminsulation.com\/wp-content\/uploads\/2024\/05\/\u56fe\u7247149-600x241.png 600w\" sizes=\"(max-width: 919px) 100vw, 919px\" \/><\/p>\n<ol>\n<li>Desenhos de projeto e desenho: De acordo com as fun\u00e7\u00f5es, especifica\u00e7\u00f5es, local de instala\u00e7\u00e3o e outros requisitos da caixa de distribui\u00e7\u00e3o ou gabinete, projete e desenhe os desenhos da caixa de distribui\u00e7\u00e3o ou gabinete de distribui\u00e7\u00e3o para processamento de chapas met\u00e1licas, incluindo plantas, eleva\u00e7\u00f5es e desenhos de se\u00e7\u00e3o, diagramas de expans\u00e3o, etc., determinando o tamanho, a forma, a posi\u00e7\u00e3o e o m\u00e9todo de conex\u00e3o de cada componente.<\/li>\n<li>Fa\u00e7a uma amostra: de acordo com o desenho, selecione o material de chapa met\u00e1lica apropriado, como a\u00e7o inoxid\u00e1vel, liga de alum\u00ednio, chapa galvanizada, etc., use m\u00e1quinas de corte, pun\u00e7\u00f5es e outros equipamentos para cortar o material de chapa met\u00e1lica no formato e tamanho necess\u00e1rios e, em seguida, use m\u00e1quinas de dobrar, m\u00e1quinas de dobrar chapas e outros equipamentos para dobrar o material de chapa met\u00e1lica no \u00e2ngulo e curvatura necess\u00e1rios e, finalmente, use m\u00e1quinas de solda, parafusos e outros m\u00e9todos para conectar os componentes em um modelo.<\/li>\n<\/ol>\n<p><img decoding=\"async\" class=\"alignnone wp-image-1307 size-full\" src=\"http:\/\/www.xminsulation.com\/wp-content\/uploads\/2024\/05\/\u56fe\u7247150.jpg\" alt=\"\" width=\"1000\" height=\"750\" srcset=\"https:\/\/www.xminsulation.com\/wp-content\/uploads\/2024\/05\/\u56fe\u7247150.jpg 1000w, https:\/\/www.xminsulation.com\/wp-content\/uploads\/2024\/05\/\u56fe\u7247150-300x225.jpg 300w, https:\/\/www.xminsulation.com\/wp-content\/uploads\/2024\/05\/\u56fe\u7247150-768x576.jpg 768w, https:\/\/www.xminsulation.com\/wp-content\/uploads\/2024\/05\/\u56fe\u7247150-600x450.jpg 600w\" sizes=\"(max-width: 1000px) 100vw, 1000px\" \/><\/p>\n<ol start=\"3\">\n<li>Inspecione e modifique o modelo: compare o modelo com os desenhos e verifique se ele atende aos requisitos de projeto, como tamanho, formato, posi\u00e7\u00e3o, resist\u00eancia da conex\u00e3o, etc. Se houver alguma discrep\u00e2ncia, modifique e ajuste-o a tempo at\u00e9 que o modelo atinja um efeito de qualidade satisfat\u00f3rio.<\/li>\n<li>Produ\u00e7\u00e3o em massa: Com base na amostra, use os mesmos materiais e equipamentos de chapa met\u00e1lica e siga o mesmo fluxo de processo para produzir em massa caixas de distribui\u00e7\u00e3o e arm\u00e1rios de distribui\u00e7\u00e3o de processamento de chapa met\u00e1lica, numere e marque-os.<\/li>\n<\/ol>\n<p><img loading=\"lazy\" decoding=\"async\" class=\"alignnone wp-image-1308 size-full\" src=\"http:\/\/www.xminsulation.com\/wp-content\/uploads\/2024\/05\/\u56fe\u7247151.jpg\" alt=\"\" width=\"1056\" height=\"1052\" srcset=\"https:\/\/www.xminsulation.com\/wp-content\/uploads\/2024\/05\/\u56fe\u7247151.jpg 1056w, https:\/\/www.xminsulation.com\/wp-content\/uploads\/2024\/05\/\u56fe\u7247151-300x300.jpg 300w, https:\/\/www.xminsulation.com\/wp-content\/uploads\/2024\/05\/\u56fe\u7247151-1024x1020.jpg 1024w, https:\/\/www.xminsulation.com\/wp-content\/uploads\/2024\/05\/\u56fe\u7247151-150x150.jpg 150w, https:\/\/www.xminsulation.com\/wp-content\/uploads\/2024\/05\/\u56fe\u7247151-768x765.jpg 768w, https:\/\/www.xminsulation.com\/wp-content\/uploads\/2024\/05\/\u56fe\u7247151-600x598.jpg 600w, https:\/\/www.xminsulation.com\/wp-content\/uploads\/2024\/05\/\u56fe\u7247151-100x100.jpg 100w\" sizes=\"(max-width: 1056px) 100vw, 1056px\" \/><\/p>\n<ol start=\"5\">\n<li>Tratamento de superf\u00edcie: Para melhorar a est\u00e9tica e a resist\u00eancia \u00e0 corros\u00e3o da caixa de distribui\u00e7\u00e3o de processamento de chapa met\u00e1lica, geralmente \u00e9 necess\u00e1rio tratamento de superf\u00edcie, como pulveriza\u00e7\u00e3o, galvanoplastia, polimento, etc., para dar uma determinada cor e brilho.<\/li>\n<li>Montagem e depura\u00e7\u00e3o: Instale interruptores, instrumentos, dispositivos de prote\u00e7\u00e3o e equipamentos auxiliares dentro da caixa de distribui\u00e7\u00e3o para processamento de chapas met\u00e1licas e execute a fia\u00e7\u00e3o e a fia\u00e7\u00e3o. Em seguida, depure e teste para verificar se funciona normalmente e se est\u00e1 em conformidade com os regulamentos, normas e especifica\u00e7\u00f5es relevantes.<\/li>\n<\/ol>\n<p><img loading=\"lazy\" decoding=\"async\" class=\"alignnone wp-image-1309 size-full\" src=\"http:\/\/www.xminsulation.com\/wp-content\/uploads\/2024\/05\/\u56fe\u7247152.jpg\" alt=\"\" width=\"1000\" height=\"828\" srcset=\"https:\/\/www.xminsulation.com\/wp-content\/uploads\/2024\/05\/\u56fe\u7247152.jpg 1000w, https:\/\/www.xminsulation.com\/wp-content\/uploads\/2024\/05\/\u56fe\u7247152-300x248.jpg 300w, https:\/\/www.xminsulation.com\/wp-content\/uploads\/2024\/05\/\u56fe\u7247152-768x636.jpg 768w, https:\/\/www.xminsulation.com\/wp-content\/uploads\/2024\/05\/\u56fe\u7247152-600x497.jpg 600w\" sizes=\"(max-width: 1000px) 100vw, 1000px\" \/><\/p>\n<p>&nbsp;<\/p>\n<p>&nbsp;<\/p>","protected":false},"excerpt":{"rendered":"<p>Our factory focuses on medium-voltage related products. We also have a brother factory, which is a large-scale high and low voltage complete assembly factory. The usage and purchase volume of various sheet metal materials are very huge. We can use our brother factory\u2019s existing procurement channels and cost advantages of sheet metal products, and provide [&hellip;]<\/p>","protected":false},"featured_media":1304,"template":"","meta":{"site-sidebar-layout":"default","site-content-layout":"","ast-site-content-layout":"default","site-content-style":"default","site-sidebar-style":"default","ast-global-header-display":"","ast-banner-title-visibility":"","ast-main-header-display":"","ast-hfb-above-header-display":"","ast-hfb-below-header-display":"","ast-hfb-mobile-header-display":"","site-post-title":"","ast-breadcrumbs-content":"","ast-featured-img":"","footer-sml-layout":"","theme-transparent-header-meta":"default","adv-header-id-meta":"","stick-header-meta":"","header-above-stick-meta":"","header-main-stick-meta":"","header-below-stick-meta":"","astra-migrate-meta-layouts":"set","ast-page-background-enabled":"default","ast-page-background-meta":{"desktop":{"background-color":"","background-image":"","background-repeat":"repeat","background-position":"center center","background-size":"auto","background-attachment":"scroll","background-type":"","background-media":"","overlay-type":"","overlay-color":"","overlay-gradient":""},"tablet":{"background-color":"","background-image":"","background-repeat":"repeat","background-position":"center center","background-size":"auto","background-attachment":"scroll","background-type":"","background-media":"","overlay-type":"","overlay-color":"","overlay-gradient":""},"mobile":{"background-color":"","background-image":"","background-repeat":"repeat","background-position":"center center","background-size":"auto","background-attachment":"scroll","background-type":"","background-media":"","overlay-type":"","overlay-color":"","overlay-gradient":""}},"ast-content-background-meta":{"desktop":{"background-color":"var(--ast-global-color-5)","background-image":"","background-repeat":"repeat","background-position":"center center","background-size":"auto","background-attachment":"scroll","background-type":"","background-media":"","overlay-type":"","overlay-color":"","overlay-gradient":""},"tablet":{"background-color":"var(--ast-global-color-5)","background-image":"","background-repeat":"repeat","background-position":"center center","background-size":"auto","background-attachment":"scroll","background-type":"","background-media":"","overlay-type":"","overlay-color":"","overlay-gradient":""},"mobile":{"background-color":"var(--ast-global-color-5)","background-image":"","background-repeat":"repeat","background-position":"center center","background-size":"auto","background-attachment":"scroll","background-type":"","background-media":"","overlay-type":"","overlay-color":"","overlay-gradient":""}}},"product_cat":[47],"product_tag":[],"class_list":{"0":"post-1303","1":"product","2":"type-product","3":"status-publish","4":"has-post-thumbnail","6":"product_cat-customized-sheet-metal-materials-or-sheet-metal-cabinets","7":"desktop-align-left","8":"tablet-align-left","9":"mobile-align-left","11":"first","12":"instock","13":"shipping-taxable","14":"product-type-simple"},"_links":{"self":[{"href":"https:\/\/www.xminsulation.com\/pt\/wp-json\/wp\/v2\/product\/1303","targetHints":{"allow":["GET"]}}],"collection":[{"href":"https:\/\/www.xminsulation.com\/pt\/wp-json\/wp\/v2\/product"}],"about":[{"href":"https:\/\/www.xminsulation.com\/pt\/wp-json\/wp\/v2\/types\/product"}],"wp:featuredmedia":[{"embeddable":true,"href":"https:\/\/www.xminsulation.com\/pt\/wp-json\/wp\/v2\/media\/1304"}],"wp:attachment":[{"href":"https:\/\/www.xminsulation.com\/pt\/wp-json\/wp\/v2\/media?parent=1303"}],"wp:term":[{"taxonomy":"product_cat","embeddable":true,"href":"https:\/\/www.xminsulation.com\/pt\/wp-json\/wp\/v2\/product_cat?post=1303"},{"taxonomy":"product_tag","embeddable":true,"href":"https:\/\/www.xminsulation.com\/pt\/wp-json\/wp\/v2\/product_tag?post=1303"}],"curies":[{"name":"wp","href":"https:\/\/api.w.org\/{rel}","templated":true}]}}