{"id":1251,"date":"2024-05-07T11:13:29","date_gmt":"2024-05-07T03:13:29","guid":{"rendered":"http:\/\/www.xminsulation.com\/?post_type=product&#038;p=1251"},"modified":"2024-05-15T16:34:24","modified_gmt":"2024-05-15T08:34:24","slug":"sf6-high-voltage-cable-branch-box-with-switch","status":"publish","type":"product","link":"https:\/\/www.xminsulation.com\/pt\/product\/sf6-high-voltage-cable-branch-box-with-switch\/","title":{"rendered":"Caixa de deriva\u00e7\u00e3o de cabo de alta tens\u00e3o SF6 com interruptor"},"content":{"rendered":"<p><img fetchpriority=\"high\" decoding=\"async\" class=\"alignnone wp-image-1253 size-full\" src=\"http:\/\/www.xminsulation.com\/wp-content\/uploads\/2024\/05\/\u56fe\u7247102-1.jpg\" alt=\"\" width=\"726\" height=\"726\" srcset=\"https:\/\/www.xminsulation.com\/wp-content\/uploads\/2024\/05\/\u56fe\u7247102-1.jpg 726w, https:\/\/www.xminsulation.com\/wp-content\/uploads\/2024\/05\/\u56fe\u7247102-1-300x300.jpg 300w, https:\/\/www.xminsulation.com\/wp-content\/uploads\/2024\/05\/\u56fe\u7247102-1-150x150.jpg 150w, https:\/\/www.xminsulation.com\/wp-content\/uploads\/2024\/05\/\u56fe\u7247102-1-600x600.jpg 600w, https:\/\/www.xminsulation.com\/wp-content\/uploads\/2024\/05\/\u56fe\u7247102-1-100x100.jpg 100w\" sizes=\"(max-width: 726px) 100vw, 726px\" \/> <img decoding=\"async\" class=\"alignnone wp-image-1254 size-full\" src=\"http:\/\/www.xminsulation.com\/wp-content\/uploads\/2024\/05\/\u56fe\u7247103.png\" alt=\"\" width=\"719\" height=\"548\" srcset=\"https:\/\/www.xminsulation.com\/wp-content\/uploads\/2024\/05\/\u56fe\u7247103.png 719w, https:\/\/www.xminsulation.com\/wp-content\/uploads\/2024\/05\/\u56fe\u7247103-300x229.png 300w, https:\/\/www.xminsulation.com\/wp-content\/uploads\/2024\/05\/\u56fe\u7247103-600x457.png 600w\" sizes=\"(max-width: 719px) 100vw, 719px\" \/><\/p>\n<h2><strong><b>Informa\u00e7\u00f5es gerais<\/b><\/strong><\/h2>\n<p>Este produto utiliza um interruptor de carga de hexafluoreto de enxofre de alto desempenho com g\u00e1s isolante SF6 integrado e uma junta de cabo de borracha sint\u00e9tica importada com prote\u00e7\u00e3o contra toque. Possui forte capacidade de interrup\u00e7\u00e3o de correntes de cabo em carga ativa e em vazio, al\u00e9m de capacidade de fechamento de correntes de curto-circuito. Pode ser equipado com para-raios e indicadores de falha de aterramento, de acordo com as necessidades do usu\u00e1rio.<\/p>\n<p>Cada linha de rede em anel desta s\u00e9rie de produtos \u00e9 equipada com uma chave de carga ou disjuntor a v\u00e1cuo. Qualquer circuito derivado pode ser retirado e colocado em opera\u00e7\u00e3o livremente, sem afetar outros circuitos da rede em anel. Fus\u00edveis tamb\u00e9m podem ser acoplados \u00e0 chave de carga. Quando ocorre uma falha de curto-circuito em um circuito derivado, o fus\u00edvel no circuito derivado pode desconectar rapidamente o circuito defeituoso e acionar a libera\u00e7\u00e3o da chave de carga para abri-lo. O circuito defeituoso \u00e9 isolado, garantindo assim a seguran\u00e7a do circuito derivado sem falha. Continuidade da alimenta\u00e7\u00e3o.<\/p>\n<p>Este produto \u00e9 amplamente utilizado em deriva\u00e7\u00f5es de cabos em sistemas de energia de 10 kV. Seu m\u00e9todo de conex\u00e3o \u00e9 simples, flex\u00edvel, conveniente, seguro e confi\u00e1vel. O gabinete \u00e9 feito de chapa de a\u00e7o inoxid\u00e1vel, que \u00e9 forte e dur\u00e1vel. As partes energizadas s\u00e3o totalmente isoladas e seladas. Se o cabe\u00e7ote de cabo \u00e0 prova de inunda\u00e7\u00e3o for utilizado, ele tamb\u00e9m pode suportar inunda\u00e7\u00f5es e melhorar significativamente a confiabilidade do fornecimento de energia. Este produto \u00e9 amplamente utilizado em redes de distribui\u00e7\u00e3o em \u00e1reas industriais urbanas, \u00e1reas residenciais, centros comerciais, \u00e1reas de minera\u00e7\u00e3o, aeroportos, ferrovias, usinas e\u00f3licas, centrais telef\u00f4nicas e grandes empresas como sider\u00fargicas, petrol\u00edferas, qu\u00edmicas, cimenteiras, etc., bem como em outras ocasi\u00f5es. \u00c9 especialmente adequado para vias urbanas. O projeto de transforma\u00e7\u00e3o da rede el\u00e9trica pode economizar significativamente o investimento em equipamentos e cabos el\u00e9tricos e melhorar a confiabilidade do fornecimento de energia.<\/p>\n<p><img decoding=\"async\" class=\"alignnone wp-image-1255 size-full\" src=\"http:\/\/www.xminsulation.com\/wp-content\/uploads\/2024\/05\/\u56fe\u7247104.png\" alt=\"\" width=\"697\" height=\"456\" srcset=\"https:\/\/www.xminsulation.com\/wp-content\/uploads\/2024\/05\/\u56fe\u7247104.png 697w, https:\/\/www.xminsulation.com\/wp-content\/uploads\/2024\/05\/\u56fe\u7247104-300x196.png 300w, https:\/\/www.xminsulation.com\/wp-content\/uploads\/2024\/05\/\u56fe\u7247104-600x393.png 600w\" sizes=\"(max-width: 697px) 100vw, 697px\" \/><\/p>\n<h2><strong><b>T\u00e9cnico <\/b><\/strong><strong><b>P<\/b><\/strong><strong><b>aram\u00f4metros de <\/b><\/strong><strong><b>C<\/b><\/strong><strong><b>capaz <\/b><\/strong><strong><b>B<\/b><\/strong><strong><b>rancho <\/b><\/strong><strong><b>B<\/b><\/strong><strong><b>boi <\/b><\/strong><strong><b>c<\/b><\/strong><strong><b>com SF6 <\/b><\/strong><strong><b>eu<\/b><\/strong><strong><b>carga <\/b><\/strong><strong><b>S<\/b><\/strong><strong><b>bruxa<\/b><\/strong><\/h2>\n<p><img loading=\"lazy\" decoding=\"async\" class=\"alignnone wp-image-1256 size-full\" src=\"http:\/\/www.xminsulation.com\/wp-content\/uploads\/2024\/05\/\u56fe\u7247105.png\" alt=\"\" width=\"1000\" height=\"442\" srcset=\"https:\/\/www.xminsulation.com\/wp-content\/uploads\/2024\/05\/\u56fe\u7247105.png 1000w, https:\/\/www.xminsulation.com\/wp-content\/uploads\/2024\/05\/\u56fe\u7247105-300x133.png 300w, https:\/\/www.xminsulation.com\/wp-content\/uploads\/2024\/05\/\u56fe\u7247105-768x339.png 768w, https:\/\/www.xminsulation.com\/wp-content\/uploads\/2024\/05\/\u56fe\u7247105-600x265.png 600w\" sizes=\"(max-width: 1000px) 100vw, 1000px\" \/><\/p>\n<h2><strong><b>Estrutural <\/b><\/strong><strong><b>E<\/b><\/strong><strong><b>exemplo de <\/b><\/strong><strong><b>C<\/b><\/strong><strong><b>capaz <\/b><\/strong><strong><b>B<\/b><\/strong><strong><b>rancho <\/b><\/strong><strong><b>B<\/b><\/strong><strong><b>boi <\/b><\/strong><strong><b>c<\/b><\/strong><strong><b>com SF6 <\/b><\/strong><strong><b>eu<\/b><\/strong><strong><b>carga <\/b><\/strong><strong><b>S<\/b><\/strong><strong><b>bruxa<\/b><\/strong><\/h2>\n<p><strong><b> <img loading=\"lazy\" decoding=\"async\" class=\"alignnone wp-image-1257 size-full\" src=\"http:\/\/www.xminsulation.com\/wp-content\/uploads\/2024\/05\/\u56fe\u7247106.png\" alt=\"\" width=\"875\" height=\"539\" srcset=\"https:\/\/www.xminsulation.com\/wp-content\/uploads\/2024\/05\/\u56fe\u7247106.png 875w, https:\/\/www.xminsulation.com\/wp-content\/uploads\/2024\/05\/\u56fe\u7247106-300x185.png 300w, https:\/\/www.xminsulation.com\/wp-content\/uploads\/2024\/05\/\u56fe\u7247106-768x473.png 768w, https:\/\/www.xminsulation.com\/wp-content\/uploads\/2024\/05\/\u56fe\u7247106-600x370.png 600w\" sizes=\"(max-width: 875px) 100vw, 875px\" \/> <img loading=\"lazy\" decoding=\"async\" class=\"alignnone wp-image-1258 size-full\" src=\"http:\/\/www.xminsulation.com\/wp-content\/uploads\/2024\/05\/\u56fe\u7247107.png\" alt=\"\" width=\"781\" height=\"411\" srcset=\"https:\/\/www.xminsulation.com\/wp-content\/uploads\/2024\/05\/\u56fe\u7247107.png 781w, https:\/\/www.xminsulation.com\/wp-content\/uploads\/2024\/05\/\u56fe\u7247107-300x158.png 300w, https:\/\/www.xminsulation.com\/wp-content\/uploads\/2024\/05\/\u56fe\u7247107-768x404.png 768w, https:\/\/www.xminsulation.com\/wp-content\/uploads\/2024\/05\/\u56fe\u7247107-600x316.png 600w\" sizes=\"(max-width: 781px) 100vw, 781px\" \/><\/b><\/strong><\/p>\n<h2><strong><b>Cabo <\/b><\/strong><strong><b>B<\/b><\/strong><strong><b>rancho <\/b><\/strong><strong><b>B<\/b><\/strong><strong><b>boi <\/b><\/strong><strong><b>C<\/b><\/strong><strong><b>configura\u00e7\u00e3o <\/b><\/strong><strong><b>S<\/b><\/strong><strong><b>quimio com SF6 <\/b><\/strong><strong><b>eu<\/b><\/strong><strong><b>carga <\/b><\/strong><strong><b>S<\/b><\/strong><strong><b>bruxa<\/b><\/strong><\/h2>\n<p><strong><b> <img loading=\"lazy\" decoding=\"async\" class=\"alignnone wp-image-1259 size-full\" src=\"http:\/\/www.xminsulation.com\/wp-content\/uploads\/2024\/05\/\u56fe\u7247108.png\" alt=\"\" width=\"1106\" height=\"1112\" srcset=\"https:\/\/www.xminsulation.com\/wp-content\/uploads\/2024\/05\/\u56fe\u7247108.png 1106w, https:\/\/www.xminsulation.com\/wp-content\/uploads\/2024\/05\/\u56fe\u7247108-298x300.png 298w, https:\/\/www.xminsulation.com\/wp-content\/uploads\/2024\/05\/\u56fe\u7247108-1018x1024.png 1018w, https:\/\/www.xminsulation.com\/wp-content\/uploads\/2024\/05\/\u56fe\u7247108-150x150.png 150w, https:\/\/www.xminsulation.com\/wp-content\/uploads\/2024\/05\/\u56fe\u7247108-768x772.png 768w, https:\/\/www.xminsulation.com\/wp-content\/uploads\/2024\/05\/\u56fe\u7247108-600x603.png 600w, https:\/\/www.xminsulation.com\/wp-content\/uploads\/2024\/05\/\u56fe\u7247108-100x100.png 100w\" sizes=\"(max-width: 1106px) 100vw, 1106px\" \/><\/b><\/strong><\/p>\n<h2><strong><b>Cabo <\/b><\/strong><strong><b>B<\/b><\/strong><strong><b>rancho <\/b><\/strong><strong><b>B<\/b><\/strong><strong><b>boi <\/b><\/strong><strong><b>C<\/b><\/strong><strong><b>configura\u00e7\u00e3o com SF6 <\/b><\/strong><strong><b>eu<\/b><\/strong><strong><b>carga <\/b><\/strong><strong><b>S<\/b><\/strong><strong><b>bruxa<\/b><\/strong><\/h2>\n<p>&nbsp;<\/p>\n<h2><strong><b> <img loading=\"lazy\" decoding=\"async\" class=\"alignnone wp-image-1260 size-full\" src=\"http:\/\/www.xminsulation.com\/wp-content\/uploads\/2024\/05\/\u56fe\u7247109.png\" alt=\"\" width=\"686\" height=\"333\" srcset=\"https:\/\/www.xminsulation.com\/wp-content\/uploads\/2024\/05\/\u56fe\u7247109.png 686w, https:\/\/www.xminsulation.com\/wp-content\/uploads\/2024\/05\/\u56fe\u7247109-300x146.png 300w, https:\/\/www.xminsulation.com\/wp-content\/uploads\/2024\/05\/\u56fe\u7247109-600x291.png 600w\" sizes=\"(max-width: 686px) 100vw, 686px\" \/><\/b><\/strong><\/h2>\n<p>&nbsp;<\/p>\n<h2><strong><b>Cabo <\/b><\/strong><strong><b>B<\/b><\/strong><strong><b>rancho <\/b><\/strong><strong><b>B<\/b><\/strong><strong><b>boi <\/b><\/strong><strong><b>C<\/b><\/strong><strong><b>com <\/b><\/strong><strong><b>V<\/b><\/strong><strong><b>acuum <\/b><\/strong><strong><b>eu<\/b><\/strong><strong><b>carga <\/b><\/strong><strong><b>S<\/b><\/strong><strong><b>bruxa (<\/b><\/strong><strong><b>V<\/b><\/strong><strong><b>acuum <\/b><\/strong><strong><b>C<\/b><\/strong><strong><b>circuito <\/b><\/strong><strong><b>B<\/b><\/strong><strong><b>reator)<\/b><\/strong><\/h2>\n<p>\u00c9 montado utilizando interruptores de carga a v\u00e1cuo dom\u00e9sticos de alta qualidade (disjuntores a v\u00e1cuo), linhas de entrada e sa\u00edda esquerda e direita inteligentemente separadas, design estrutural minimalista e fun\u00e7\u00e3o de configura\u00e7\u00e3o de cabos robusta, com at\u00e9 8 linhas de entrada e sa\u00edda. Esta caixa de deriva\u00e7\u00e3o n\u00e3o s\u00f3 mant\u00e9m as vantagens da caixa de deriva\u00e7\u00e3o tradicional, como tamb\u00e9m possui algumas vantagens da unidade principal em anel. \u00c9 um equipamento ideal para a transforma\u00e7\u00e3o de redes urbanas. Tamanho compacto, livre de manuten\u00e7\u00e3o, boa economia t\u00e9cnica, alta confiabilidade, instala\u00e7\u00e3o simples e uso conveniente.<\/p>\n<p>As caracter\u00edsticas da caixa de deriva\u00e7\u00e3o de cabos com chave de carga a v\u00e1cuo s\u00e3o: a caixa possui tr\u00eas compartimentos, um dos quais \u00e9 selado. O mecanismo de opera\u00e7\u00e3o da chave de carga est\u00e1 localizado diretamente na frente da caixa de deriva\u00e7\u00e3o e pode ser operado manualmente ou eletricamente. O compartimento de cabos possui linhas de cabos. O terminal do cabo \u00e9 conectado \u00e0 chave de carga. O compartimento de cabos pode ser protegido por um fus\u00edvel, se necess\u00e1rio. O design \u00e9 diversificado e permite fun\u00e7\u00f5es como telemetria, controle remoto e sinaliza\u00e7\u00e3o remota.<\/p>\n<p><strong><b><img loading=\"lazy\" decoding=\"async\" class=\"alignnone wp-image-1261 size-full\" src=\"http:\/\/www.xminsulation.com\/wp-content\/uploads\/2024\/05\/\u56fe\u7247110.png\" alt=\"\" width=\"1000\" height=\"408\" srcset=\"https:\/\/www.xminsulation.com\/wp-content\/uploads\/2024\/05\/\u56fe\u7247110.png 1000w, https:\/\/www.xminsulation.com\/wp-content\/uploads\/2024\/05\/\u56fe\u7247110-300x122.png 300w, https:\/\/www.xminsulation.com\/wp-content\/uploads\/2024\/05\/\u56fe\u7247110-768x313.png 768w, https:\/\/www.xminsulation.com\/wp-content\/uploads\/2024\/05\/\u56fe\u7247110-600x245.png 600w\" sizes=\"(max-width: 1000px) 100vw, 1000px\" \/> <img loading=\"lazy\" decoding=\"async\" class=\"alignnone wp-image-1262 size-full\" src=\"http:\/\/www.xminsulation.com\/wp-content\/uploads\/2024\/05\/\u56fe\u7247111.png\" alt=\"\" width=\"1000\" height=\"590\" srcset=\"https:\/\/www.xminsulation.com\/wp-content\/uploads\/2024\/05\/\u56fe\u7247111.png 1000w, https:\/\/www.xminsulation.com\/wp-content\/uploads\/2024\/05\/\u56fe\u7247111-300x177.png 300w, https:\/\/www.xminsulation.com\/wp-content\/uploads\/2024\/05\/\u56fe\u7247111-768x453.png 768w, https:\/\/www.xminsulation.com\/wp-content\/uploads\/2024\/05\/\u56fe\u7247111-600x354.png 600w\" sizes=\"(max-width: 1000px) 100vw, 1000px\" \/><\/b><\/strong><\/p>\n<h2><strong><b>Diagrama t\u00edpico do sistema prim\u00e1rio<\/b><\/strong><\/h2>\n<p><strong><b><img loading=\"lazy\" decoding=\"async\" class=\"alignnone wp-image-1263 size-full\" src=\"http:\/\/www.xminsulation.com\/wp-content\/uploads\/2024\/05\/\u56fe\u7247112.png\" alt=\"\" width=\"1000\" height=\"1367\" srcset=\"https:\/\/www.xminsulation.com\/wp-content\/uploads\/2024\/05\/\u56fe\u7247112.png 1000w, https:\/\/www.xminsulation.com\/wp-content\/uploads\/2024\/05\/\u56fe\u7247112-219x300.png 219w, https:\/\/www.xminsulation.com\/wp-content\/uploads\/2024\/05\/\u56fe\u7247112-749x1024.png 749w, https:\/\/www.xminsulation.com\/wp-content\/uploads\/2024\/05\/\u56fe\u7247112-768x1050.png 768w, https:\/\/www.xminsulation.com\/wp-content\/uploads\/2024\/05\/\u56fe\u7247112-600x820.png 600w\" sizes=\"(max-width: 1000px) 100vw, 1000px\" \/><\/b><\/strong><\/p>\n<p><strong><b>\u00a0<\/b><\/strong><\/p>\n<div class=\"wxts\">\n<h2>\u25c6Personaliza\u00e7\u00e3o Especial<\/h2>\n<p>Os par\u00e2metros acima s\u00e3o dados t\u00edpicos; se os estilos existentes n\u00e3o atenderem \u00e0s suas demandas espec\u00edficas, entre em contato conosco para um design personalizado. Temos habilidades significativas de desenvolvimento e produ\u00e7\u00e3o de personaliza\u00e7\u00e3o personalizada, o que nos permite fornecer solu\u00e7\u00f5es personalizadas para clientes em todo o mundo.<\/p>\n<\/div>","protected":false},"excerpt":{"rendered":"<p>General Information This product adopts a high-performance sulfur hexafluoride load switch with built-in SF6 insulating gas and a touch-shielded imported synthetic rubber cable joint. It has strong breaking ability of active load and no-load cable current and closing ability of short-circuit current. And can be equipped with lightning arresters and ground fault indicators according to [&hellip;]<\/p>","protected":false},"featured_media":1252,"template":"","meta":{"site-sidebar-layout":"default","site-content-layout":"","ast-site-content-layout":"default","site-content-style":"default","site-sidebar-style":"default","ast-global-header-display":"","ast-banner-title-visibility":"","ast-main-header-display":"","ast-hfb-above-header-display":"","ast-hfb-below-header-display":"","ast-hfb-mobile-header-display":"","site-post-title":"","ast-breadcrumbs-content":"","ast-featured-img":"","footer-sml-layout":"","theme-transparent-header-meta":"default","adv-header-id-meta":"","stick-header-meta":"","header-above-stick-meta":"","header-main-stick-meta":"","header-below-stick-meta":"","astra-migrate-meta-layouts":"set","ast-page-background-enabled":"default","ast-page-background-meta":{"desktop":{"background-color":"","background-image":"","background-repeat":"repeat","background-position":"center center","background-size":"auto","background-attachment":"scroll","background-type":"","background-media":"","overlay-type":"","overlay-color":"","overlay-gradient":""},"tablet":{"background-color":"","background-image":"","background-repeat":"repeat","background-position":"center center","background-size":"auto","background-attachment":"scroll","background-type":"","background-media":"","overlay-type":"","overlay-color":"","overlay-gradient":""},"mobile":{"background-color":"","background-image":"","background-repeat":"repeat","background-position":"center center","background-size":"auto","background-attachment":"scroll","background-type":"","background-media":"","overlay-type":"","overlay-color":"","overlay-gradient":""}},"ast-content-background-meta":{"desktop":{"background-color":"var(--ast-global-color-5)","background-image":"","background-repeat":"repeat","background-position":"center center","background-size":"auto","background-attachment":"scroll","background-type":"","background-media":"","overlay-type":"","overlay-color":"","overlay-gradient":""},"tablet":{"background-color":"var(--ast-global-color-5)","background-image":"","background-repeat":"repeat","background-position":"center center","background-size":"auto","background-attachment":"scroll","background-type":"","background-media":"","overlay-type":"","overlay-color":"","overlay-gradient":""},"mobile":{"background-color":"var(--ast-global-color-5)","background-image":"","background-repeat":"repeat","background-position":"center center","background-size":"auto","background-attachment":"scroll","background-type":"","background-media":"","overlay-type":"","overlay-color":"","overlay-gradient":""}}},"product_cat":[40],"product_tag":[],"class_list":{"0":"post-1251","1":"product","2":"type-product","3":"status-publish","4":"has-post-thumbnail","6":"product_cat-10-35kv-high-voltage-cable-branch-box","7":"desktop-align-left","8":"tablet-align-left","9":"mobile-align-left","11":"first","12":"instock","13":"shipping-taxable","14":"product-type-simple"},"_links":{"self":[{"href":"https:\/\/www.xminsulation.com\/pt\/wp-json\/wp\/v2\/product\/1251","targetHints":{"allow":["GET"]}}],"collection":[{"href":"https:\/\/www.xminsulation.com\/pt\/wp-json\/wp\/v2\/product"}],"about":[{"href":"https:\/\/www.xminsulation.com\/pt\/wp-json\/wp\/v2\/types\/product"}],"wp:featuredmedia":[{"embeddable":true,"href":"https:\/\/www.xminsulation.com\/pt\/wp-json\/wp\/v2\/media\/1252"}],"wp:attachment":[{"href":"https:\/\/www.xminsulation.com\/pt\/wp-json\/wp\/v2\/media?parent=1251"}],"wp:term":[{"taxonomy":"product_cat","embeddable":true,"href":"https:\/\/www.xminsulation.com\/pt\/wp-json\/wp\/v2\/product_cat?post=1251"},{"taxonomy":"product_tag","embeddable":true,"href":"https:\/\/www.xminsulation.com\/pt\/wp-json\/wp\/v2\/product_tag?post=1251"}],"curies":[{"name":"wp","href":"https:\/\/api.w.org\/{rel}","templated":true}]}}