{"id":1239,"date":"2024-05-07T11:03:22","date_gmt":"2024-05-07T03:03:22","guid":{"rendered":"http:\/\/www.xminsulation.com\/?post_type=product&#038;p=1239"},"modified":"2024-05-15T16:34:57","modified_gmt":"2024-05-15T08:34:57","slug":"200-600a-high-voltage-cable-branch-box-american-style","status":"publish","type":"product","link":"https:\/\/www.xminsulation.com\/pt\/product\/200-600a-high-voltage-cable-branch-box-american-style\/","title":{"rendered":"Caixa de deriva\u00e7\u00e3o de cabo de alta tens\u00e3o 200\/600A (estilo americano)"},"content":{"rendered":"<p><img fetchpriority=\"high\" decoding=\"async\" class=\"alignnone wp-image-1241 size-full\" src=\"http:\/\/www.xminsulation.com\/wp-content\/uploads\/2024\/05\/\u56fe\u724793-1.jpg\" alt=\"\" width=\"1000\" height=\"1000\" srcset=\"https:\/\/www.xminsulation.com\/wp-content\/uploads\/2024\/05\/\u56fe\u724793-1.jpg 1000w, https:\/\/www.xminsulation.com\/wp-content\/uploads\/2024\/05\/\u56fe\u724793-1-300x300.jpg 300w, https:\/\/www.xminsulation.com\/wp-content\/uploads\/2024\/05\/\u56fe\u724793-1-150x150.jpg 150w, https:\/\/www.xminsulation.com\/wp-content\/uploads\/2024\/05\/\u56fe\u724793-1-768x768.jpg 768w, https:\/\/www.xminsulation.com\/wp-content\/uploads\/2024\/05\/\u56fe\u724793-1-600x600.jpg 600w, https:\/\/www.xminsulation.com\/wp-content\/uploads\/2024\/05\/\u56fe\u724793-1-100x100.jpg 100w\" sizes=\"(max-width: 1000px) 100vw, 1000px\" \/> <img decoding=\"async\" class=\"alignnone wp-image-1242 size-full\" src=\"http:\/\/www.xminsulation.com\/wp-content\/uploads\/2024\/05\/\u56fe\u724794.png\" alt=\"\" width=\"1000\" height=\"752\" srcset=\"https:\/\/www.xminsulation.com\/wp-content\/uploads\/2024\/05\/\u56fe\u724794.png 1000w, https:\/\/www.xminsulation.com\/wp-content\/uploads\/2024\/05\/\u56fe\u724794-300x226.png 300w, https:\/\/www.xminsulation.com\/wp-content\/uploads\/2024\/05\/\u56fe\u724794-768x578.png 768w, https:\/\/www.xminsulation.com\/wp-content\/uploads\/2024\/05\/\u56fe\u724794-600x451.png 600w\" sizes=\"(max-width: 1000px) 100vw, 1000px\" \/><\/p>\n<h2><strong><b>Informa\u00e7\u00f5es gerais<\/b><\/strong><\/h2>\n<p>As caixas de distribui\u00e7\u00e3o de cabos de estilo americano produzidas pela empresa, com seu excelente desempenho, design padronizado e bela apar\u00eancia, s\u00e3o amplamente utilizadas em equipamentos de engenharia de cabos em sistemas de rede de distribui\u00e7\u00e3o de cabos. S\u00e3o utilizadas em grandes parques industriais, \u00e1reas residenciais e cidades densamente povoadas. S\u00e3o amplamente reconhecidas em diversos locais, como distritos, centros comerciais e edif\u00edcios altos. Caracterizam-se pela abertura de porta unidirecional e barramento multipassagem horizontal. Apresentam vantagens significativas, como largura reduzida, combina\u00e7\u00e3o flex\u00edvel, isolamento completo e veda\u00e7\u00e3o completa. De acordo com a corrente nominal, podem ser geralmente divididas em dois tipos: circuito principal de 600 A e circuito derivado de 200 A. O circuito principal de 600 A adota conex\u00e3o fixa por parafuso; o circuito derivado de 200 A adota conex\u00e3o plug-in e pode ser conectado e conectado sob carga.<\/p>\n<h2><strong><b>produtos <\/b><\/strong><strong><b>Caracter\u00edsticas<\/b><\/strong><\/h2>\n<ol>\n<li>Estrutura compacta, tamanho pequeno, f\u00e1cil instala\u00e7\u00e3o, f\u00e1cil opera\u00e7\u00e3o e sem necessidade de manuten\u00e7\u00e3o.<\/li>\n<li>O corpo da caixa \u00e9 todo feito de chapa de a\u00e7o ou a\u00e7o inoxid\u00e1vel com espessura de 2 mm. Possui design anticorrosivo e tratamento especial de pintura em spray para operar de forma confi\u00e1vel em ambientes adversos (vida \u00fatil \u2265 30 anos).<\/li>\n<li>Estrutura de prote\u00e7\u00e3o total para \u00e1reas externas, resistente a todas as condi\u00e7\u00f5es clim\u00e1ticas, adequada para altas temperaturas, frio intenso, imers\u00e3o em inunda\u00e7\u00f5es e \u00e1reas com muita poeira.<\/li>\n<li>Estrutura totalmente selada e isolada, sem necessidade de dist\u00e2ncia de isolamento, todas as partes energizadas de alta tens\u00e3o s\u00e3o conectores de cabo pr\u00e9-fabricados de borracha de silicone ou EPDM, garantindo efetivamente a seguran\u00e7a pessoal.<\/li>\n<li>A combina\u00e7\u00e3o flex\u00edvel permite que o n\u00famero de deriva\u00e7\u00f5es de sa\u00edda chegue a sete, que podem ser combinadas com SF. O interruptor de carga forma uma rede em anel para fornecimento de energia, atendendo plenamente a diversos requisitos de fia\u00e7\u00e3o.<\/li>\n<li>A junta do cabo pode ser usada como um interruptor, que pode ser conectado e desconectado sob carga para interromper a corrente de carga de 200 A.<\/li>\n<li>Ap\u00f3s a instala\u00e7\u00e3o do indicador de falha, as falhas do circuito podem ser detectadas rapidamente.<\/li>\n<li>O investimento \u00fanico \u00e9 pequeno, o comprimento do cabo \u00e9 reduzido, a \u00e1rea constru\u00edda n\u00e3o \u00e9 ocupada e dinheiro \u00e9 economizado.<\/li>\n<li>O conector do cabo utilizado est\u00e1 em conformidade com o padr\u00e3o IEEE386.<\/li>\n<li>Todas as juntas de cabos s\u00e3o adequadas para cabos isolados com polietileno reticulado. A junta de 200 A \u00e9 adequada para cabos com se\u00e7\u00e3o transversal de 35 mm\u00b2 a 180 mm\u00b2; a junta de 600 A \u00e9 adequada para cabos com se\u00e7\u00e3o transversal de 25 mm\u00b2 a 500 mm\u00b2.<\/li>\n<\/ol>\n<p><img decoding=\"async\" class=\"alignnone wp-image-1243 size-full\" src=\"http:\/\/www.xminsulation.com\/wp-content\/uploads\/2024\/05\/\u56fe\u724795.png\" alt=\"\" width=\"1234\" height=\"968\" srcset=\"https:\/\/www.xminsulation.com\/wp-content\/uploads\/2024\/05\/\u56fe\u724795.png 1234w, https:\/\/www.xminsulation.com\/wp-content\/uploads\/2024\/05\/\u56fe\u724795-300x235.png 300w, https:\/\/www.xminsulation.com\/wp-content\/uploads\/2024\/05\/\u56fe\u724795-1024x803.png 1024w, https:\/\/www.xminsulation.com\/wp-content\/uploads\/2024\/05\/\u56fe\u724795-768x602.png 768w, https:\/\/www.xminsulation.com\/wp-content\/uploads\/2024\/05\/\u56fe\u724795-600x471.png 600w\" sizes=\"(max-width: 1234px) 100vw, 1234px\" \/><\/p>\n<h2><strong><b>Uso <\/b><\/strong><strong><b>E<\/b><\/strong><strong><b>meio ambiente<\/b><\/strong><\/h2>\n<ol>\n<li>Temperatura ambiente da fase: temperatura m\u00e1xima: +40\u2103, temperatura m\u00ednima: -30\u2103.<\/li>\n<li>Velocidade do vento: quando 34m\/s (n\u00e3o maior que 700Pa).<\/li>\n<li>Umidade: A umidade relativa m\u00e9dia di\u00e1ria n\u00e3o \u00e9 maior que 95%; a umidade relativa m\u00e9dia mensal n\u00e3o \u00e9 maior que 95%.<\/li>\n<li>\u00c0 prova de choque: a acelera\u00e7\u00e3o horizontal n\u00e3o \u00e9 maior que 0,4 m\/s2 e a acelera\u00e7\u00e3o vertical n\u00e3o \u00e9 maior que 0,15 m\/s2.<\/li>\n<li>Inclina\u00e7\u00e3o do local de instala\u00e7\u00e3o: n\u00e3o mais que 3\u00b0.<\/li>\n<li>Ambiente de instala\u00e7\u00e3o: O ar ao redor n\u00e3o deve ser significativamente contaminado por gases corrosivos, inflam\u00e1veis, vapor de \u00e1gua, etc., e n\u00e3o deve haver vibra\u00e7\u00e3o severa no local de instala\u00e7\u00e3o.<\/li>\n<\/ol>\n<h2><strong><b>Gabinete <\/b><\/strong><strong><b>C<\/b><\/strong><strong><b>configura\u00e7\u00e3o <\/b><\/strong><strong><b>P<\/b><\/strong><strong><b>Ian<\/b><\/strong><\/h2>\n<p><img loading=\"lazy\" decoding=\"async\" class=\"alignnone wp-image-1244 size-full\" src=\"http:\/\/www.xminsulation.com\/wp-content\/uploads\/2024\/05\/\u56fe\u724796.png\" alt=\"\" width=\"842\" height=\"1246\" srcset=\"https:\/\/www.xminsulation.com\/wp-content\/uploads\/2024\/05\/\u56fe\u724796.png 842w, https:\/\/www.xminsulation.com\/wp-content\/uploads\/2024\/05\/\u56fe\u724796-203x300.png 203w, https:\/\/www.xminsulation.com\/wp-content\/uploads\/2024\/05\/\u56fe\u724796-692x1024.png 692w, https:\/\/www.xminsulation.com\/wp-content\/uploads\/2024\/05\/\u56fe\u724796-768x1136.png 768w, https:\/\/www.xminsulation.com\/wp-content\/uploads\/2024\/05\/\u56fe\u724796-600x888.png 600w\" sizes=\"(max-width: 842px) 100vw, 842px\" \/><\/p>\n<h2><strong><b>americano <\/b><\/strong><strong><b>C<\/b><\/strong><strong><b>capaz <\/b><\/strong><strong><b>D<\/b><\/strong><strong><b>distribui\u00e7\u00e3o <\/b><\/strong><strong><b>B<\/b><\/strong><strong><b>boi <\/b><\/strong><strong><b>S<\/b><\/strong><strong><b>estrutura <\/b><\/strong><strong><b>E<\/b><\/strong><strong><b>exemplo <\/b><\/strong><strong><b>D<\/b><\/strong><strong><b>diagrama<\/b><\/strong><\/h2>\n<p>&nbsp;<\/p>\n<p>Se a caixa de distribui\u00e7\u00e3o de cabos n\u00e3o puder ser colocada devido a limita\u00e7\u00f5es do local, as juntas dos cabos podem ser combinadas diretamente para formar v\u00e1rias ramifica\u00e7\u00f5es de cabos (n\u00e3o s\u00e3o necess\u00e1rios barramentos, veja o m\u00e9todo de conex\u00e3o abaixo) e colocadas na vala de cabos ou em outros locais.<\/p>\n<p>Exemplo 1: Quatro linhas de entrada e sa\u00edda (2x600A+2x200A).<\/p>\n<p>Cada grupo \u00e9 composto por dois conectores de cabo T-II, dois conectores em cotovelo e um conector intermedi\u00e1rio. A junta de cabo tipo T-II 200A \u00e9 conectada a uma junta de cabo em cotovelo de um lado (e a um para-raios de \u00f3xido totalmente isolado do outro lado).<\/p>\n<p>Exemplo 2: Tr\u00eas linhas de entrada e sa\u00edda (3x600A).<\/p>\n<p>Cada fase consiste em tr\u00eas conectores de cabo em forma de T e dois conectores de conex\u00e3o intermedi\u00e1rios.<\/p>\n<p><img loading=\"lazy\" decoding=\"async\" class=\"alignnone wp-image-1245 size-full\" src=\"http:\/\/www.xminsulation.com\/wp-content\/uploads\/2024\/05\/\u56fe\u724797.jpg\" alt=\"\" width=\"1000\" height=\"1118\" srcset=\"https:\/\/www.xminsulation.com\/wp-content\/uploads\/2024\/05\/\u56fe\u724797.jpg 1000w, https:\/\/www.xminsulation.com\/wp-content\/uploads\/2024\/05\/\u56fe\u724797-268x300.jpg 268w, https:\/\/www.xminsulation.com\/wp-content\/uploads\/2024\/05\/\u56fe\u724797-916x1024.jpg 916w, https:\/\/www.xminsulation.com\/wp-content\/uploads\/2024\/05\/\u56fe\u724797-768x859.jpg 768w, https:\/\/www.xminsulation.com\/wp-content\/uploads\/2024\/05\/\u56fe\u724797-600x671.jpg 600w\" sizes=\"(max-width: 1000px) 100vw, 1000px\" \/> <img loading=\"lazy\" decoding=\"async\" class=\"alignnone wp-image-1246 size-full\" src=\"http:\/\/www.xminsulation.com\/wp-content\/uploads\/2024\/05\/\u56fe\u724798.jpg\" alt=\"\" width=\"1000\" height=\"721\" srcset=\"https:\/\/www.xminsulation.com\/wp-content\/uploads\/2024\/05\/\u56fe\u724798.jpg 1000w, https:\/\/www.xminsulation.com\/wp-content\/uploads\/2024\/05\/\u56fe\u724798-300x216.jpg 300w, https:\/\/www.xminsulation.com\/wp-content\/uploads\/2024\/05\/\u56fe\u724798-768x554.jpg 768w, https:\/\/www.xminsulation.com\/wp-content\/uploads\/2024\/05\/\u56fe\u724798-600x433.jpg 600w\" sizes=\"(max-width: 1000px) 100vw, 1000px\" \/> <img loading=\"lazy\" decoding=\"async\" class=\"alignnone wp-image-1247 size-full\" src=\"http:\/\/www.xminsulation.com\/wp-content\/uploads\/2024\/05\/\u56fe\u724799.jpg\" alt=\"\" width=\"1000\" height=\"714\" srcset=\"https:\/\/www.xminsulation.com\/wp-content\/uploads\/2024\/05\/\u56fe\u724799.jpg 1000w, https:\/\/www.xminsulation.com\/wp-content\/uploads\/2024\/05\/\u56fe\u724799-300x214.jpg 300w, https:\/\/www.xminsulation.com\/wp-content\/uploads\/2024\/05\/\u56fe\u724799-768x548.jpg 768w, https:\/\/www.xminsulation.com\/wp-content\/uploads\/2024\/05\/\u56fe\u724799-600x428.jpg 600w\" sizes=\"(max-width: 1000px) 100vw, 1000px\" \/><\/p>\n<h2><strong><b>Cabo <\/b><\/strong><strong><b>P<\/b><\/strong><strong><b>arrastar <\/b><\/strong><strong><b>EU<\/b><\/strong><strong><b>instala\u00e7\u00e3o <\/b><\/strong><strong><b>D<\/b><\/strong><strong><b>diagrama<\/b><\/strong><\/h2>\n<p><img loading=\"lazy\" decoding=\"async\" class=\"alignnone wp-image-1248 size-full\" src=\"http:\/\/www.xminsulation.com\/wp-content\/uploads\/2024\/05\/\u56fe\u7247100.jpg\" alt=\"\" width=\"1000\" height=\"848\" srcset=\"https:\/\/www.xminsulation.com\/wp-content\/uploads\/2024\/05\/\u56fe\u7247100.jpg 1000w, https:\/\/www.xminsulation.com\/wp-content\/uploads\/2024\/05\/\u56fe\u7247100-300x254.jpg 300w, https:\/\/www.xminsulation.com\/wp-content\/uploads\/2024\/05\/\u56fe\u7247100-768x651.jpg 768w, https:\/\/www.xminsulation.com\/wp-content\/uploads\/2024\/05\/\u56fe\u7247100-600x509.jpg 600w\" sizes=\"(max-width: 1000px) 100vw, 1000px\" \/><\/p>\n<h2><strong><b>americano <\/b><\/strong><strong><b>C<\/b><\/strong><strong><b>capaz <\/b><\/strong><strong><b>B<\/b><\/strong><strong><b>rancho <\/b><\/strong><strong><b>B<\/b><\/strong><strong><b>boi <\/b><\/strong><strong><b>F<\/b><\/strong><strong><b>funda\u00e7\u00e3o <\/b><\/strong><strong><b>D<\/b><\/strong><strong><b>diagrama<\/b><\/strong><\/h2>\n<p><img loading=\"lazy\" decoding=\"async\" class=\"alignnone wp-image-1249 size-full\" src=\"http:\/\/www.xminsulation.com\/wp-content\/uploads\/2024\/05\/\u56fe\u7247101.jpg\" alt=\"\" width=\"1000\" height=\"628\" srcset=\"https:\/\/www.xminsulation.com\/wp-content\/uploads\/2024\/05\/\u56fe\u7247101.jpg 1000w, https:\/\/www.xminsulation.com\/wp-content\/uploads\/2024\/05\/\u56fe\u7247101-300x188.jpg 300w, https:\/\/www.xminsulation.com\/wp-content\/uploads\/2024\/05\/\u56fe\u7247101-768x482.jpg 768w, https:\/\/www.xminsulation.com\/wp-content\/uploads\/2024\/05\/\u56fe\u7247101-600x377.jpg 600w\" sizes=\"(max-width: 1000px) 100vw, 1000px\" \/><\/p>\n<div class=\"wxts\">\n<h2>\u25c6Personaliza\u00e7\u00e3o Especial<\/h2>\n<p>Os par\u00e2metros acima s\u00e3o dados t\u00edpicos; se os estilos existentes n\u00e3o atenderem \u00e0s suas demandas espec\u00edficas, entre em contato conosco para um design personalizado. Temos habilidades significativas de desenvolvimento e produ\u00e7\u00e3o de personaliza\u00e7\u00e3o personalizada, o que nos permite fornecer solu\u00e7\u00f5es personalizadas para clientes em todo o mundo.<\/p>\n<\/div>","protected":false},"excerpt":{"rendered":"<p>General Information The American-style cable distribution boxes produced by the company, with their excellent performance, standardized design, and beautiful appearance, are widely used in cable engineering equipment in cable distribution network systems. They are used in major industrial parks, residential areas, and densely populated cities. It is widely recognized in various places such as districts, [&hellip;]<\/p>","protected":false},"featured_media":1250,"template":"","meta":{"site-sidebar-layout":"default","site-content-layout":"","ast-site-content-layout":"default","site-content-style":"default","site-sidebar-style":"default","ast-global-header-display":"","ast-banner-title-visibility":"","ast-main-header-display":"","ast-hfb-above-header-display":"","ast-hfb-below-header-display":"","ast-hfb-mobile-header-display":"","site-post-title":"","ast-breadcrumbs-content":"","ast-featured-img":"","footer-sml-layout":"","theme-transparent-header-meta":"default","adv-header-id-meta":"","stick-header-meta":"","header-above-stick-meta":"","header-main-stick-meta":"","header-below-stick-meta":"","astra-migrate-meta-layouts":"set","ast-page-background-enabled":"default","ast-page-background-meta":{"desktop":{"background-color":"","background-image":"","background-repeat":"repeat","background-position":"center center","background-size":"auto","background-attachment":"scroll","background-type":"","background-media":"","overlay-type":"","overlay-color":"","overlay-gradient":""},"tablet":{"background-color":"","background-image":"","background-repeat":"repeat","background-position":"center center","background-size":"auto","background-attachment":"scroll","background-type":"","background-media":"","overlay-type":"","overlay-color":"","overlay-gradient":""},"mobile":{"background-color":"","background-image":"","background-repeat":"repeat","background-position":"center center","background-size":"auto","background-attachment":"scroll","background-type":"","background-media":"","overlay-type":"","overlay-color":"","overlay-gradient":""}},"ast-content-background-meta":{"desktop":{"background-color":"var(--ast-global-color-5)","background-image":"","background-repeat":"repeat","background-position":"center center","background-size":"auto","background-attachment":"scroll","background-type":"","background-media":"","overlay-type":"","overlay-color":"","overlay-gradient":""},"tablet":{"background-color":"var(--ast-global-color-5)","background-image":"","background-repeat":"repeat","background-position":"center center","background-size":"auto","background-attachment":"scroll","background-type":"","background-media":"","overlay-type":"","overlay-color":"","overlay-gradient":""},"mobile":{"background-color":"var(--ast-global-color-5)","background-image":"","background-repeat":"repeat","background-position":"center center","background-size":"auto","background-attachment":"scroll","background-type":"","background-media":"","overlay-type":"","overlay-color":"","overlay-gradient":""}}},"product_cat":[40],"product_tag":[],"class_list":{"0":"post-1239","1":"product","2":"type-product","3":"status-publish","4":"has-post-thumbnail","6":"product_cat-10-35kv-high-voltage-cable-branch-box","7":"desktop-align-left","8":"tablet-align-left","9":"mobile-align-left","11":"first","12":"instock","13":"shipping-taxable","14":"product-type-simple"},"_links":{"self":[{"href":"https:\/\/www.xminsulation.com\/pt\/wp-json\/wp\/v2\/product\/1239","targetHints":{"allow":["GET"]}}],"collection":[{"href":"https:\/\/www.xminsulation.com\/pt\/wp-json\/wp\/v2\/product"}],"about":[{"href":"https:\/\/www.xminsulation.com\/pt\/wp-json\/wp\/v2\/types\/product"}],"wp:featuredmedia":[{"embeddable":true,"href":"https:\/\/www.xminsulation.com\/pt\/wp-json\/wp\/v2\/media\/1250"}],"wp:attachment":[{"href":"https:\/\/www.xminsulation.com\/pt\/wp-json\/wp\/v2\/media?parent=1239"}],"wp:term":[{"taxonomy":"product_cat","embeddable":true,"href":"https:\/\/www.xminsulation.com\/pt\/wp-json\/wp\/v2\/product_cat?post=1239"},{"taxonomy":"product_tag","embeddable":true,"href":"https:\/\/www.xminsulation.com\/pt\/wp-json\/wp\/v2\/product_tag?post=1239"}],"curies":[{"name":"wp","href":"https:\/\/api.w.org\/{rel}","templated":true}]}}