{"id":1226,"date":"2024-05-07T10:55:07","date_gmt":"2024-05-07T02:55:07","guid":{"rendered":"http:\/\/www.xminsulation.com\/?post_type=product&#038;p=1226"},"modified":"2024-05-15T16:35:26","modified_gmt":"2024-05-15T08:35:26","slug":"10-24-35km-high-voltage-cable-branch-box-european-style","status":"publish","type":"product","link":"https:\/\/www.xminsulation.com\/pt\/product\/10-24-35km-high-voltage-cable-branch-box-european-style\/","title":{"rendered":"Caixa de deriva\u00e7\u00e3o de cabo de alta tens\u00e3o 10\/24\/35kM (estilo europeu)"},"content":{"rendered":"<p><img fetchpriority=\"high\" decoding=\"async\" class=\"alignnone wp-image-1228 size-full\" src=\"http:\/\/www.xminsulation.com\/wp-content\/uploads\/2024\/05\/\u56fe\u724782-1.jpg\" alt=\"\" width=\"1000\" height=\"1000\" srcset=\"https:\/\/www.xminsulation.com\/wp-content\/uploads\/2024\/05\/\u56fe\u724782-1.jpg 1000w, https:\/\/www.xminsulation.com\/wp-content\/uploads\/2024\/05\/\u56fe\u724782-1-300x300.jpg 300w, https:\/\/www.xminsulation.com\/wp-content\/uploads\/2024\/05\/\u56fe\u724782-1-150x150.jpg 150w, https:\/\/www.xminsulation.com\/wp-content\/uploads\/2024\/05\/\u56fe\u724782-1-768x768.jpg 768w, https:\/\/www.xminsulation.com\/wp-content\/uploads\/2024\/05\/\u56fe\u724782-1-600x600.jpg 600w, https:\/\/www.xminsulation.com\/wp-content\/uploads\/2024\/05\/\u56fe\u724782-1-100x100.jpg 100w\" sizes=\"(max-width: 1000px) 100vw, 1000px\" \/> <img decoding=\"async\" class=\"alignnone wp-image-1229 size-full\" src=\"http:\/\/www.xminsulation.com\/wp-content\/uploads\/2024\/05\/\u56fe\u724783.png\" alt=\"\" width=\"651\" height=\"696\" srcset=\"https:\/\/www.xminsulation.com\/wp-content\/uploads\/2024\/05\/\u56fe\u724783.png 651w, https:\/\/www.xminsulation.com\/wp-content\/uploads\/2024\/05\/\u56fe\u724783-281x300.png 281w, https:\/\/www.xminsulation.com\/wp-content\/uploads\/2024\/05\/\u56fe\u724783-600x641.png 600w\" sizes=\"(max-width: 651px) 100vw, 651px\" \/> <img decoding=\"async\" class=\"alignnone wp-image-1230 size-full\" src=\"http:\/\/www.xminsulation.com\/wp-content\/uploads\/2024\/05\/\u56fe\u724784.png\" alt=\"\" width=\"766\" height=\"818\" srcset=\"https:\/\/www.xminsulation.com\/wp-content\/uploads\/2024\/05\/\u56fe\u724784.png 766w, https:\/\/www.xminsulation.com\/wp-content\/uploads\/2024\/05\/\u56fe\u724784-281x300.png 281w, https:\/\/www.xminsulation.com\/wp-content\/uploads\/2024\/05\/\u56fe\u724784-600x641.png 600w\" sizes=\"(max-width: 766px) 100vw, 766px\" \/> <img loading=\"lazy\" decoding=\"async\" class=\"alignnone wp-image-1231 size-full\" src=\"http:\/\/www.xminsulation.com\/wp-content\/uploads\/2024\/05\/\u56fe\u724785.png\" alt=\"\" width=\"783\" height=\"826\" srcset=\"https:\/\/www.xminsulation.com\/wp-content\/uploads\/2024\/05\/\u56fe\u724785.png 783w, https:\/\/www.xminsulation.com\/wp-content\/uploads\/2024\/05\/\u56fe\u724785-284x300.png 284w, https:\/\/www.xminsulation.com\/wp-content\/uploads\/2024\/05\/\u56fe\u724785-768x810.png 768w, https:\/\/www.xminsulation.com\/wp-content\/uploads\/2024\/05\/\u56fe\u724785-600x633.png 600w\" sizes=\"(max-width: 783px) 100vw, 783px\" \/><\/p>\n<h2><strong><b>Informa\u00e7\u00f5es gerais<\/b><\/strong><\/h2>\n<p>Caixas de deriva\u00e7\u00e3o de cabos de alta tens\u00e3o s\u00e3o amplamente utilizadas para conex\u00f5es de n\u00f3s em sistemas de cabos de 10 kV, 24 kV e 35 kV. S\u00e3o o principal equipamento el\u00e9trico para coleta e deriva\u00e7\u00e3o de cabos ap\u00f3s a sa\u00edda do quadro de distribui\u00e7\u00e3o. As juntas dos cabos da caixa de deriva\u00e7\u00e3o s\u00e3o firmemente isoladas com borracha importada isolante de alta qualidade e n\u00e3o apresentam partes energizadas expostas; as chaves na caixa de deriva\u00e7\u00e3o com chaves s\u00e3o todas chaves de carga isoladas com SF6.<\/p>\n<p>A caixa de deriva\u00e7\u00e3o foi projetada para opera\u00e7\u00e3o externa sem necessidade de manuten\u00e7\u00e3o, sendo segura e confi\u00e1vel. Seu n\u00edvel de prote\u00e7\u00e3o atinge IP33 e a deriva\u00e7\u00e3o subterr\u00e2nea pode suportar inunda\u00e7\u00f5es. Este produto \u00e9 amplamente utilizado em redes de distribui\u00e7\u00e3o em \u00e1reas industriais urbanas, \u00e1reas residenciais, centros comerciais, \u00e1reas de minera\u00e7\u00e3o e grandes empresas, como sider\u00fargicas, automobil\u00edsticas, petrol\u00edferas, qu\u00edmicas, de cimento, entre outras. \u00c9 especialmente adequado para projetos de transforma\u00e7\u00e3o da rede el\u00e9trica urbana e pode economizar significativamente em equipamentos el\u00e9tricos e investir em cabos para melhorar a confiabilidade do fornecimento de energia.<\/p>\n<h2><strong><b>produtos <\/b><\/strong><strong><b>Caracter\u00edsticas<\/b><\/strong><\/h2>\n<ol>\n<li>Estrutura compacta, tamanho pequeno, f\u00e1cil instala\u00e7\u00e3o, f\u00e1cil opera\u00e7\u00e3o e sem necessidade de manuten\u00e7\u00e3o.<\/li>\n<li>O corpo da caixa \u00e9 todo feito de chapa de a\u00e7o ou a\u00e7o inoxid\u00e1vel com espessura de 2 mm. Possui design anticorrosivo e tratamento especial de pintura em spray para operar de forma confi\u00e1vel em ambientes adversos (vida \u00fatil \u2265 30 anos).<\/li>\n<li>Estrutura de prote\u00e7\u00e3o total para \u00e1reas externas, resistente a todas as condi\u00e7\u00f5es clim\u00e1ticas, adequada para altas temperaturas, frio intenso, imers\u00e3o em inunda\u00e7\u00f5es e \u00e1reas com muita poeira.<\/li>\n<li>Estrutura totalmente selada e isolada, sem necessidade de dist\u00e2ncia de isolamento, todas as partes energizadas de alta tens\u00e3o s\u00e3o conectores de cabo pr\u00e9-fabricados de borracha de silicone ou EPDM, garantindo efetivamente a seguran\u00e7a pessoal.<\/li>\n<li>A combina\u00e7\u00e3o flex\u00edvel permite que o n\u00famero de deriva\u00e7\u00f5es de sa\u00edda chegue a sete, que podem ser combinadas com SF. O interruptor de carga forma uma rede em anel para fornecimento de energia, atendendo plenamente a diversos requisitos de fia\u00e7\u00e3o.<\/li>\n<li>A junta do cabo pode ser usada como um interruptor, que pode ser conectado e desconectado sob carga para interromper a corrente de carga de 200 A.<\/li>\n<li>Ap\u00f3s a instala\u00e7\u00e3o do indicador de falha, as falhas do circuito podem ser detectadas rapidamente.<\/li>\n<li>O investimento \u00fanico \u00e9 pequeno, o comprimento do cabo \u00e9 reduzido, a \u00e1rea constru\u00edda n\u00e3o \u00e9 ocupada e dinheiro \u00e9 economizado.<\/li>\n<li>O conector do cabo utilizado est\u00e1 em conformidade com o padr\u00e3o IEEE386.<\/li>\n<li>Todas as juntas de cabos s\u00e3o adequadas para cabos isolados com polietileno reticulado. A junta de 200 A \u00e9 adequada para cabos com se\u00e7\u00e3o transversal de 35 mm\u00b2 a 180 mm\u00b2; a junta de 600 A \u00e9 adequada para cabos com se\u00e7\u00e3o transversal de 25 mm\u00b2 a 500 mm\u00b2.<\/li>\n<\/ol>\n<h2><strong><b>Par\u00e2metros t\u00e9cnicos<\/b><\/strong><\/h2>\n<p><strong><b> <img loading=\"lazy\" decoding=\"async\" class=\"alignnone wp-image-1232 size-full\" src=\"http:\/\/www.xminsulation.com\/wp-content\/uploads\/2024\/05\/\u56fe\u724786.png\" alt=\"\" width=\"966\" height=\"736\" srcset=\"https:\/\/www.xminsulation.com\/wp-content\/uploads\/2024\/05\/\u56fe\u724786.png 966w, https:\/\/www.xminsulation.com\/wp-content\/uploads\/2024\/05\/\u56fe\u724786-300x229.png 300w, https:\/\/www.xminsulation.com\/wp-content\/uploads\/2024\/05\/\u56fe\u724786-768x585.png 768w, https:\/\/www.xminsulation.com\/wp-content\/uploads\/2024\/05\/\u56fe\u724786-600x457.png 600w\" sizes=\"(max-width: 966px) 100vw, 966px\" \/><\/b><\/strong><\/p>\n<h2><strong><b>Uso <\/b><\/strong><strong><b>E<\/b><\/strong><strong><b>meio ambiente<\/b><\/strong><\/h2>\n<ol>\n<li>Temperatura ambiente: temperatura m\u00e1xima: +40\u2103, temperatura m\u00ednima: -30\u2103.<\/li>\n<li>Velocidade do vento: equivalente a 34m\/s (n\u00e3o mais que 700Pa).<\/li>\n<li>Umidade: A umidade relativa m\u00e9dia di\u00e1ria n\u00e3o \u00e9 maior que 95%; a umidade relativa m\u00e9dia mensal n\u00e3o \u00e9 maior que 95%.<\/li>\n<li>\u00c0 prova de choque: a acelera\u00e7\u00e3o horizontal n\u00e3o \u00e9 maior que 0,4 m\/s2 e a acelera\u00e7\u00e3o vertical n\u00e3o \u00e9 maior que 0,15 m\/s2.<\/li>\n<li>Inclina\u00e7\u00e3o do local de instala\u00e7\u00e3o: n\u00e3o mais que 3\u00b0.<\/li>\n<li>Ambiente de instala\u00e7\u00e3o: O ar ao redor n\u00e3o deve ser significativamente contaminado por gases corrosivos, inflam\u00e1veis, vapor de \u00e1gua, etc., e n\u00e3o deve haver vibra\u00e7\u00e3o severa no local de instala\u00e7\u00e3o.<\/li>\n<\/ol>\n<h2><strong><b>C<\/b><\/strong><strong><b>configura\u00e7\u00e3o <\/b><\/strong><strong><b>P<\/b><\/strong><strong><b>Ian<\/b><\/strong><\/h2>\n<p><img loading=\"lazy\" decoding=\"async\" class=\"alignnone wp-image-1233 size-full\" src=\"http:\/\/www.xminsulation.com\/wp-content\/uploads\/2024\/05\/\u56fe\u724787.png\" alt=\"\" width=\"1078\" height=\"1092\" srcset=\"https:\/\/www.xminsulation.com\/wp-content\/uploads\/2024\/05\/\u56fe\u724787.png 1078w, https:\/\/www.xminsulation.com\/wp-content\/uploads\/2024\/05\/\u56fe\u724787-296x300.png 296w, https:\/\/www.xminsulation.com\/wp-content\/uploads\/2024\/05\/\u56fe\u724787-1011x1024.png 1011w, https:\/\/www.xminsulation.com\/wp-content\/uploads\/2024\/05\/\u56fe\u724787-768x778.png 768w, https:\/\/www.xminsulation.com\/wp-content\/uploads\/2024\/05\/\u56fe\u724787-600x608.png 600w, https:\/\/www.xminsulation.com\/wp-content\/uploads\/2024\/05\/\u56fe\u724787-100x100.png 100w\" sizes=\"(max-width: 1078px) 100vw, 1078px\" \/> <img loading=\"lazy\" decoding=\"async\" class=\"alignnone wp-image-1234 size-full\" src=\"http:\/\/www.xminsulation.com\/wp-content\/uploads\/2024\/05\/\u56fe\u724788.png\" alt=\"\" width=\"1078\" height=\"1147\" srcset=\"https:\/\/www.xminsulation.com\/wp-content\/uploads\/2024\/05\/\u56fe\u724788.png 1078w, https:\/\/www.xminsulation.com\/wp-content\/uploads\/2024\/05\/\u56fe\u724788-282x300.png 282w, https:\/\/www.xminsulation.com\/wp-content\/uploads\/2024\/05\/\u56fe\u724788-962x1024.png 962w, https:\/\/www.xminsulation.com\/wp-content\/uploads\/2024\/05\/\u56fe\u724788-768x817.png 768w, https:\/\/www.xminsulation.com\/wp-content\/uploads\/2024\/05\/\u56fe\u724788-600x638.png 600w\" sizes=\"(max-width: 1078px) 100vw, 1078px\" \/><\/p>\n<h2><strong><b>europeu <\/b><\/strong><strong><b>C<\/b><\/strong><strong><b>capaz <\/b><\/strong><strong><b>B<\/b><\/strong><strong><b>rancho <\/b><\/strong><strong><b>B<\/b><\/strong><strong><b>boi <\/b><\/strong><strong><b>S<\/b><\/strong><strong><b>estrutura <\/b><\/strong><strong><b>E<\/b><\/strong><strong><b>exemplo <\/b><\/strong><strong><b>D<\/b><\/strong><strong><b>diagrama<\/b><\/strong><\/h2>\n<p>&nbsp;<\/p>\n<p>Se a caixa de distribui\u00e7\u00e3o de cabos n\u00e3o puder ser colocada devido a limita\u00e7\u00f5es do local, as juntas dos cabos podem ser combinadas diretamente para formar v\u00e1rias ramifica\u00e7\u00f5es de cabos (n\u00e3o s\u00e3o necess\u00e1rios barramentos, veja o m\u00e9todo de conex\u00e3o abaixo) e colocadas na vala de cabos ou em outros locais.<\/p>\n<p>Exemplo 1: Quatro linhas de entrada e sa\u00edda.<\/p>\n<p>Cada fase consiste em duas juntas frontais de estilo europeu e duas juntas traseiras de estilo europeu, conectadas por uma bucha de topo de estilo europeu no meio. As extremidades dos conectores traseiros europeus s\u00e3o seladas com isoladores e tampas semicondutoras.<\/p>\n<p>Exemplo 2: Dois entram e tr\u00eas saem.<\/p>\n<p>Cada fase consiste em tr\u00eas juntas frontais de estilo europeu e duas juntas traseiras de estilo europeu, conectadas com buchas de topo de estilo europeu no meio. As extremidades dos conectores traseiros europeus s\u00e3o seladas com isoladores e tampas semicondutoras.<\/p>\n<p><img loading=\"lazy\" decoding=\"async\" class=\"alignnone wp-image-1235 size-full\" src=\"http:\/\/www.xminsulation.com\/wp-content\/uploads\/2024\/05\/\u56fe\u724789.png\" alt=\"\" width=\"1000\" height=\"280\" srcset=\"https:\/\/www.xminsulation.com\/wp-content\/uploads\/2024\/05\/\u56fe\u724789.png 1000w, https:\/\/www.xminsulation.com\/wp-content\/uploads\/2024\/05\/\u56fe\u724789-300x84.png 300w, https:\/\/www.xminsulation.com\/wp-content\/uploads\/2024\/05\/\u56fe\u724789-768x215.png 768w, https:\/\/www.xminsulation.com\/wp-content\/uploads\/2024\/05\/\u56fe\u724789-600x168.png 600w\" sizes=\"(max-width: 1000px) 100vw, 1000px\" \/><\/p>\n<p><strong><b>O programa de treinamento de treinamento de for\u00e7a de trabalho<\/b><\/strong><\/p>\n<p><strong><b>Cabo <\/b><\/strong><strong><b>P<\/b><\/strong><strong><b>arrastar <\/b><\/strong><strong><b>EU<\/b><\/strong><strong><b>instala\u00e7\u00e3o <\/b><\/strong><strong><b>D<\/b><\/strong><strong><b>diagrama<\/b><\/strong><\/p>\n<p><img loading=\"lazy\" decoding=\"async\" class=\"alignnone wp-image-1236 size-full\" src=\"http:\/\/www.xminsulation.com\/wp-content\/uploads\/2024\/05\/\u56fe\u724790.png\" alt=\"\" width=\"860\" height=\"720\" srcset=\"https:\/\/www.xminsulation.com\/wp-content\/uploads\/2024\/05\/\u56fe\u724790.png 860w, https:\/\/www.xminsulation.com\/wp-content\/uploads\/2024\/05\/\u56fe\u724790-300x251.png 300w, https:\/\/www.xminsulation.com\/wp-content\/uploads\/2024\/05\/\u56fe\u724790-768x643.png 768w, https:\/\/www.xminsulation.com\/wp-content\/uploads\/2024\/05\/\u56fe\u724790-600x502.png 600w\" sizes=\"(max-width: 860px) 100vw, 860px\" \/> <img loading=\"lazy\" decoding=\"async\" class=\"alignnone wp-image-1237 size-full\" src=\"http:\/\/www.xminsulation.com\/wp-content\/uploads\/2024\/05\/\u56fe\u724791.png\" alt=\"\" width=\"988\" height=\"468\" srcset=\"https:\/\/www.xminsulation.com\/wp-content\/uploads\/2024\/05\/\u56fe\u724791.png 988w, https:\/\/www.xminsulation.com\/wp-content\/uploads\/2024\/05\/\u56fe\u724791-300x142.png 300w, https:\/\/www.xminsulation.com\/wp-content\/uploads\/2024\/05\/\u56fe\u724791-768x364.png 768w, https:\/\/www.xminsulation.com\/wp-content\/uploads\/2024\/05\/\u56fe\u724791-600x284.png 600w\" sizes=\"(max-width: 988px) 100vw, 988px\" \/><\/p>\n<p><strong><b>europeu <\/b><\/strong><strong><b>C<\/b><\/strong><strong><b>capaz <\/b><\/strong><strong><b>B<\/b><\/strong><strong><b>rancho <\/b><\/strong><strong><b>B<\/b><\/strong><strong><b>boi <\/b><\/strong><strong><b>F<\/b><\/strong><strong><b>funda\u00e7\u00e3o <\/b><\/strong><strong><b>D<\/b><\/strong><strong><b>diagrama<\/b><\/strong><\/p>\n<p><img loading=\"lazy\" decoding=\"async\" class=\"alignnone wp-image-1238 size-full\" src=\"http:\/\/www.xminsulation.com\/wp-content\/uploads\/2024\/05\/\u56fe\u724792.png\" alt=\"\" width=\"622\" height=\"835\" srcset=\"https:\/\/www.xminsulation.com\/wp-content\/uploads\/2024\/05\/\u56fe\u724792.png 622w, https:\/\/www.xminsulation.com\/wp-content\/uploads\/2024\/05\/\u56fe\u724792-223x300.png 223w, https:\/\/www.xminsulation.com\/wp-content\/uploads\/2024\/05\/\u56fe\u724792-600x805.png 600w\" sizes=\"(max-width: 622px) 100vw, 622px\" \/><\/p>\n<p>&nbsp;<\/p>\n<div class=\"wxts\">\n<h2>\u25c6Personaliza\u00e7\u00e3o Especial<\/h2>\n<p>Os par\u00e2metros acima s\u00e3o dados t\u00edpicos; se os estilos existentes n\u00e3o atenderem \u00e0s suas demandas espec\u00edficas, entre em contato conosco para um design personalizado. Temos habilidades significativas de desenvolvimento e produ\u00e7\u00e3o de personaliza\u00e7\u00e3o personalizada, o que nos permite fornecer solu\u00e7\u00f5es personalizadas para clientes em todo o mundo.<\/p>\n<\/div>\n<p>&nbsp;<\/p>","protected":false},"excerpt":{"rendered":"<p>General Information High-voltage cable branch boxes are widely used for node connections in 10kV, 24kV, and 35kV cable systems. They are the main electrical equipment for gathering and tapping cables after they exit the switch cabinet. The cable joints of the tap box are tightly insulated with high-grade insulated imported rubber and have no exposed [&hellip;]<\/p>","protected":false},"featured_media":1227,"template":"","meta":{"site-sidebar-layout":"default","site-content-layout":"","ast-site-content-layout":"default","site-content-style":"default","site-sidebar-style":"default","ast-global-header-display":"","ast-banner-title-visibility":"","ast-main-header-display":"","ast-hfb-above-header-display":"","ast-hfb-below-header-display":"","ast-hfb-mobile-header-display":"","site-post-title":"","ast-breadcrumbs-content":"","ast-featured-img":"","footer-sml-layout":"","theme-transparent-header-meta":"default","adv-header-id-meta":"","stick-header-meta":"","header-above-stick-meta":"","header-main-stick-meta":"","header-below-stick-meta":"","astra-migrate-meta-layouts":"set","ast-page-background-enabled":"default","ast-page-background-meta":{"desktop":{"background-color":"","background-image":"","background-repeat":"repeat","background-position":"center center","background-size":"auto","background-attachment":"scroll","background-type":"","background-media":"","overlay-type":"","overlay-color":"","overlay-gradient":""},"tablet":{"background-color":"","background-image":"","background-repeat":"repeat","background-position":"center center","background-size":"auto","background-attachment":"scroll","background-type":"","background-media":"","overlay-type":"","overlay-color":"","overlay-gradient":""},"mobile":{"background-color":"","background-image":"","background-repeat":"repeat","background-position":"center center","background-size":"auto","background-attachment":"scroll","background-type":"","background-media":"","overlay-type":"","overlay-color":"","overlay-gradient":""}},"ast-content-background-meta":{"desktop":{"background-color":"var(--ast-global-color-5)","background-image":"","background-repeat":"repeat","background-position":"center center","background-size":"auto","background-attachment":"scroll","background-type":"","background-media":"","overlay-type":"","overlay-color":"","overlay-gradient":""},"tablet":{"background-color":"var(--ast-global-color-5)","background-image":"","background-repeat":"repeat","background-position":"center center","background-size":"auto","background-attachment":"scroll","background-type":"","background-media":"","overlay-type":"","overlay-color":"","overlay-gradient":""},"mobile":{"background-color":"var(--ast-global-color-5)","background-image":"","background-repeat":"repeat","background-position":"center center","background-size":"auto","background-attachment":"scroll","background-type":"","background-media":"","overlay-type":"","overlay-color":"","overlay-gradient":""}}},"product_cat":[40],"product_tag":[],"class_list":{"0":"post-1226","1":"product","2":"type-product","3":"status-publish","4":"has-post-thumbnail","6":"product_cat-10-35kv-high-voltage-cable-branch-box","7":"desktop-align-left","8":"tablet-align-left","9":"mobile-align-left","11":"first","12":"instock","13":"shipping-taxable","14":"product-type-simple"},"_links":{"self":[{"href":"https:\/\/www.xminsulation.com\/pt\/wp-json\/wp\/v2\/product\/1226","targetHints":{"allow":["GET"]}}],"collection":[{"href":"https:\/\/www.xminsulation.com\/pt\/wp-json\/wp\/v2\/product"}],"about":[{"href":"https:\/\/www.xminsulation.com\/pt\/wp-json\/wp\/v2\/types\/product"}],"wp:featuredmedia":[{"embeddable":true,"href":"https:\/\/www.xminsulation.com\/pt\/wp-json\/wp\/v2\/media\/1227"}],"wp:attachment":[{"href":"https:\/\/www.xminsulation.com\/pt\/wp-json\/wp\/v2\/media?parent=1226"}],"wp:term":[{"taxonomy":"product_cat","embeddable":true,"href":"https:\/\/www.xminsulation.com\/pt\/wp-json\/wp\/v2\/product_cat?post=1226"},{"taxonomy":"product_tag","embeddable":true,"href":"https:\/\/www.xminsulation.com\/pt\/wp-json\/wp\/v2\/product_tag?post=1226"}],"curies":[{"name":"wp","href":"https:\/\/api.w.org\/{rel}","templated":true}]}}