{"id":1223,"date":"2024-05-27T10:47:04","date_gmt":"2024-05-27T02:47:04","guid":{"rendered":"http:\/\/www.xminsulation.com\/?post_type=product&#038;p=1223"},"modified":"2024-05-28T18:27:21","modified_gmt":"2024-05-28T10:27:21","slug":"design-and-development-of-medium-voltage-distribution-related-components-and-various-molds","status":"publish","type":"product","link":"https:\/\/www.xminsulation.com\/pt\/product\/design-and-development-of-medium-voltage-distribution-related-components-and-various-molds\/","title":{"rendered":"Projeto e Desenvolvimento de Componentes Relacionados \u00e0 Distribui\u00e7\u00e3o de M\u00e9dia Tens\u00e3o e Moldes Diversos"},"content":{"rendered":"<p>Al\u00e9m de personalizar, desenvolver e produzir v\u00e1rios &quot;produtos grandes&quot; n\u00e3o padronizados na \u00e1rea de distribui\u00e7\u00e3o de energia de m\u00e9dia tens\u00e3o, como disjuntores a v\u00e1cuo, chaves seccionadoras de carga, chaves seccionadoras de isolamento, religadores externos, chaves seccionadoras de carga externas, mecanismos operacionais, unidades principais de anel, subesta\u00e7\u00f5es pr\u00e9-fabricadas, conjuntos de equipamentos etc., tamb\u00e9m podemos fornecer projeto de moldes, fabrica\u00e7\u00e3o de moldes, amostragem, produ\u00e7\u00e3o de produtos e outros servi\u00e7os para os &quot;pequenos produtos&quot; microsc\u00f3picos contidos nesses &quot;produtos grandes&quot;.<\/p>\n<p>Por possuirmos um profundo conhecimento das fun\u00e7\u00f5es e requisitos de produtos el\u00e9tricos completos, compreendermos fatores de influ\u00eancia como descarga parcial, resist\u00eancia \u00e0 tens\u00e3o, compatibilidade eletromagn\u00e9tica, correntes parasitas, dissipa\u00e7\u00e3o de calor, energia el\u00e9trica e padr\u00f5es de produtos relacionados, e compreendermos como alcan\u00e7ar a unidade org\u00e2nica entre macro e micro, bem como entre o geral e o local. Portanto, se nos confiar o desenvolvimento de moldes e as tarefas de fabrica\u00e7\u00e3o dos &quot;pequenos produtos&quot; envolvidos nos &quot;grandes produtos&quot; mencionados acima, como resina ep\u00f3xi, silicone, pl\u00e1stico, pe\u00e7as de cobre, ligas de zinco e outros pequenos componentes, acess\u00f3rios, pe\u00e7as de reposi\u00e7\u00e3o, etc., podemos efetivamente evitar o risco de defeitos funcionais ou incapacidade de adapta\u00e7\u00e3o devido \u00e0 falta de compreens\u00e3o das aplica\u00e7\u00f5es industriais, caracter\u00edsticas do produto e compreens\u00e3o inadequada.<\/p>\n<p>Os moldes incluem moldes de isoladores de resina ep\u00f3xi APG, moldes de inje\u00e7\u00e3o de borracha de silicone, moldes de inje\u00e7\u00e3o de pl\u00e1stico, moldes de estampagem de cobre ou forjamento a frio ou a quente, moldes de fundi\u00e7\u00e3o sob press\u00e3o de liga de zinco, etc.<\/p>\n<p>Nos est\u00e1gios iniciais do design do produto, levaremos em considera\u00e7\u00e3o a tecnologia, os materiais, as fun\u00e7\u00f5es e outros fatores abrangentes mais razo\u00e1veis necess\u00e1rios para o produto.<\/p>\n<p>Nosso compromisso solene \u00e9 ajud\u00e1-lo a evitar desvios e projetar e desenvolver componentes relacionados \u00e0 distribui\u00e7\u00e3o de m\u00e9dia tens\u00e3o e v\u00e1rios moldes de forma r\u00e1pida e eficaz!<\/p>\n<p><img fetchpriority=\"high\" decoding=\"async\" class=\"alignnone wp-image-1224 size-full\" src=\"\/wp-content\/uploads\/2024\/05\/\u56fe\u724780.jpg\" alt=\"\" width=\"1018\" height=\"1018\" srcset=\"https:\/\/www.xminsulation.com\/wp-content\/uploads\/2024\/05\/\u56fe\u724780.jpg 1018w, https:\/\/www.xminsulation.com\/wp-content\/uploads\/2024\/05\/\u56fe\u724780-300x300.jpg 300w, https:\/\/www.xminsulation.com\/wp-content\/uploads\/2024\/05\/\u56fe\u724780-150x150.jpg 150w, https:\/\/www.xminsulation.com\/wp-content\/uploads\/2024\/05\/\u56fe\u724780-768x768.jpg 768w, https:\/\/www.xminsulation.com\/wp-content\/uploads\/2024\/05\/\u56fe\u724780-600x600.jpg 600w, https:\/\/www.xminsulation.com\/wp-content\/uploads\/2024\/05\/\u56fe\u724780-100x100.jpg 100w\" sizes=\"(max-width: 1018px) 100vw, 1018px\" \/> <img decoding=\"async\" class=\"alignnone wp-image-1225 size-full\" src=\"\/wp-content\/uploads\/2024\/05\/\u56fe\u724781.jpg\" alt=\"\" width=\"1000\" height=\"623\" srcset=\"https:\/\/www.xminsulation.com\/wp-content\/uploads\/2024\/05\/\u56fe\u724781.jpg 1000w, https:\/\/www.xminsulation.com\/wp-content\/uploads\/2024\/05\/\u56fe\u724781-300x187.jpg 300w, https:\/\/www.xminsulation.com\/wp-content\/uploads\/2024\/05\/\u56fe\u724781-768x478.jpg 768w, https:\/\/www.xminsulation.com\/wp-content\/uploads\/2024\/05\/\u56fe\u724781-600x374.jpg 600w\" sizes=\"(max-width: 1000px) 100vw, 1000px\" \/><\/p>\n<p>&nbsp;<\/p>\n<p><strong><b>\u00a0<\/b><\/strong><\/p>","protected":false},"excerpt":{"rendered":"<p>In addition to customizing, developing and producing various non-standard &#8220;large products&#8221; in the field of medium voltage power distribution, such as vacuum circuit breakers, load break switches, isolating switches, outdoor reclosers, outdoor load break switches, operating mechanisms, ring main units, prefabricated substations, sets of equipment etc., we can also provide mold design, mold manufacturing, sampling, [&hellip;]<\/p>","protected":false},"featured_media":1224,"template":"","meta":{"site-sidebar-layout":"default","site-content-layout":"","ast-site-content-layout":"default","site-content-style":"default","site-sidebar-style":"default","ast-global-header-display":"","ast-banner-title-visibility":"","ast-main-header-display":"","ast-hfb-above-header-display":"","ast-hfb-below-header-display":"","ast-hfb-mobile-header-display":"","site-post-title":"","ast-breadcrumbs-content":"","ast-featured-img":"","footer-sml-layout":"","theme-transparent-header-meta":"default","adv-header-id-meta":"","stick-header-meta":"","header-above-stick-meta":"","header-main-stick-meta":"","header-below-stick-meta":"","astra-migrate-meta-layouts":"set","ast-page-background-enabled":"default","ast-page-background-meta":{"desktop":{"background-color":"","background-image":"","background-repeat":"repeat","background-position":"center center","background-size":"auto","background-attachment":"scroll","background-type":"","background-media":"","overlay-type":"","overlay-color":"","overlay-gradient":""},"tablet":{"background-color":"","background-image":"","background-repeat":"repeat","background-position":"center center","background-size":"auto","background-attachment":"scroll","background-type":"","background-media":"","overlay-type":"","overlay-color":"","overlay-gradient":""},"mobile":{"background-color":"","background-image":"","background-repeat":"repeat","background-position":"center center","background-size":"auto","background-attachment":"scroll","background-type":"","background-media":"","overlay-type":"","overlay-color":"","overlay-gradient":""}},"ast-content-background-meta":{"desktop":{"background-color":"var(--ast-global-color-5)","background-image":"","background-repeat":"repeat","background-position":"center center","background-size":"auto","background-attachment":"scroll","background-type":"","background-media":"","overlay-type":"","overlay-color":"","overlay-gradient":""},"tablet":{"background-color":"var(--ast-global-color-5)","background-image":"","background-repeat":"repeat","background-position":"center center","background-size":"auto","background-attachment":"scroll","background-type":"","background-media":"","overlay-type":"","overlay-color":"","overlay-gradient":""},"mobile":{"background-color":"var(--ast-global-color-5)","background-image":"","background-repeat":"repeat","background-position":"center center","background-size":"auto","background-attachment":"scroll","background-type":"","background-media":"","overlay-type":"","overlay-color":"","overlay-gradient":""}}},"product_cat":[48],"product_tag":[],"class_list":{"0":"post-1223","1":"product","2":"type-product","3":"status-publish","4":"has-post-thumbnail","6":"product_cat-components-and-various-molds-design-and-development","7":"desktop-align-left","8":"tablet-align-left","9":"mobile-align-left","11":"first","12":"instock","13":"shipping-taxable","14":"product-type-simple"},"_links":{"self":[{"href":"https:\/\/www.xminsulation.com\/pt\/wp-json\/wp\/v2\/product\/1223","targetHints":{"allow":["GET"]}}],"collection":[{"href":"https:\/\/www.xminsulation.com\/pt\/wp-json\/wp\/v2\/product"}],"about":[{"href":"https:\/\/www.xminsulation.com\/pt\/wp-json\/wp\/v2\/types\/product"}],"wp:featuredmedia":[{"embeddable":true,"href":"https:\/\/www.xminsulation.com\/pt\/wp-json\/wp\/v2\/media\/1224"}],"wp:attachment":[{"href":"https:\/\/www.xminsulation.com\/pt\/wp-json\/wp\/v2\/media?parent=1223"}],"wp:term":[{"taxonomy":"product_cat","embeddable":true,"href":"https:\/\/www.xminsulation.com\/pt\/wp-json\/wp\/v2\/product_cat?post=1223"},{"taxonomy":"product_tag","embeddable":true,"href":"https:\/\/www.xminsulation.com\/pt\/wp-json\/wp\/v2\/product_tag?post=1223"}],"curies":[{"name":"wp","href":"https:\/\/api.w.org\/{rel}","templated":true}]}}