{"id":1204,"date":"2024-05-07T10:27:27","date_gmt":"2024-05-07T02:27:27","guid":{"rendered":"http:\/\/www.xminsulation.com\/?post_type=product&#038;p=1204"},"modified":"2024-05-15T16:37:26","modified_gmt":"2024-05-15T08:37:26","slug":"kyn28-24kv-metal-clad-withdrawable-switchgear","status":"publish","type":"product","link":"https:\/\/www.xminsulation.com\/pt\/product\/kyn28-24kv-metal-clad-withdrawable-switchgear\/","title":{"rendered":"Aparelhagem de manobra extra\u00edvel revestida de metal KYN28-24kV"},"content":{"rendered":"<p><img fetchpriority=\"high\" decoding=\"async\" class=\"alignnone wp-image-1206 size-full\" src=\"http:\/\/www.xminsulation.com\/wp-content\/uploads\/2024\/05\/\u56fe\u724766-1.jpg\" alt=\"\" width=\"800\" height=\"800\" srcset=\"https:\/\/www.xminsulation.com\/wp-content\/uploads\/2024\/05\/\u56fe\u724766-1.jpg 800w, https:\/\/www.xminsulation.com\/wp-content\/uploads\/2024\/05\/\u56fe\u724766-1-300x300.jpg 300w, https:\/\/www.xminsulation.com\/wp-content\/uploads\/2024\/05\/\u56fe\u724766-1-150x150.jpg 150w, https:\/\/www.xminsulation.com\/wp-content\/uploads\/2024\/05\/\u56fe\u724766-1-768x768.jpg 768w, https:\/\/www.xminsulation.com\/wp-content\/uploads\/2024\/05\/\u56fe\u724766-1-600x600.jpg 600w, https:\/\/www.xminsulation.com\/wp-content\/uploads\/2024\/05\/\u56fe\u724766-1-100x100.jpg 100w\" sizes=\"(max-width: 800px) 100vw, 800px\" \/><\/p>\n<h2><strong><b>Informa\u00e7\u00f5es gerais<\/b><\/strong><\/h2>\n<p>O quadro de distribui\u00e7\u00e3o CA blindado extra\u00edvel KYN28-24, com inv\u00f3lucro met\u00e1lico, \u00e9 adequado para sistemas internos de energia trif\u00e1sica de 50\/60 Hz e tens\u00e3o nominal de 24 kV. \u00c9 utilizado principalmente em usinas de energia, subesta\u00e7\u00f5es, empreendimentos industriais e de minera\u00e7\u00e3o, al\u00e9m de edif\u00edcios altos. Recebe e distribui energia el\u00e9trica, controlando, protegendo e monitorando circuitos.<\/p>\n<p>O quadro de distribui\u00e7\u00e3o KYN28-24 possui v\u00e1rias fun\u00e7\u00f5es para evitar opera\u00e7\u00e3o incorreta, incluindo impedir que o carrinho de m\u00e3o se mova com a carga, impedir que o interruptor de aterramento feche o disjuntor na posi\u00e7\u00e3o fechada, impedir que o interruptor de aterramento seja ligado e impedir a entrada acidental no compartimento energizado.<\/p>\n<p>O equipamento de comuta\u00e7\u00e3o \u00e9 equipado com disjuntores a v\u00e1cuo CA de m\u00e9dia tens\u00e3o das s\u00e9ries VS1 e VN2 e interruptores a v\u00e1cuo selados com excelente desempenho. O circuito secund\u00e1rio do quadro de distribui\u00e7\u00e3o \u00e9 equipado com componentes de controle e prote\u00e7\u00e3o inovadores e confi\u00e1veis; o barramento adota material isolante termoencolh\u00edvel ou meio isolante revestido de oxig\u00eanio, o formato do eletrodo \u00e9 otimizado e a estrutura do gabinete \u00e9 compacta. Este quadro de distribui\u00e7\u00e3o \u00e9 tecnologicamente inovador, possui desempenho est\u00e1vel e uma estrutura razo\u00e1vel. Equipamento de distribui\u00e7\u00e3o de energia f\u00e1cil de usar, seguro e confi\u00e1vel.<\/p>\n<p>Este produto est\u00e1 em conformidade com GB 3906, IEC 62271-200 e outros requisitos padr\u00e3o.<\/p>\n<p><img decoding=\"async\" class=\"alignnone wp-image-1207 size-full\" src=\"http:\/\/www.xminsulation.com\/wp-content\/uploads\/2024\/05\/\u56fe\u724767-1.png\" alt=\"\" width=\"1000\" height=\"556\" srcset=\"https:\/\/www.xminsulation.com\/wp-content\/uploads\/2024\/05\/\u56fe\u724767-1.png 1000w, https:\/\/www.xminsulation.com\/wp-content\/uploads\/2024\/05\/\u56fe\u724767-1-300x167.png 300w, https:\/\/www.xminsulation.com\/wp-content\/uploads\/2024\/05\/\u56fe\u724767-1-768x427.png 768w, https:\/\/www.xminsulation.com\/wp-content\/uploads\/2024\/05\/\u56fe\u724767-1-600x334.png 600w\" sizes=\"(max-width: 1000px) 100vw, 1000px\" \/><\/p>\n<h2><strong><b>Uso <\/b><\/strong><strong><b>E<\/b><\/strong><strong><b>meio ambiente<\/b><\/strong><\/h2>\n<ol>\n<li>Temperatura ambiente: temperatura m\u00e1xima +40\u2103, temperatura m\u00ednima -15\u2103 e o valor m\u00e9dio medido em 24 horas n\u00e3o excede 35\u2103.<\/li>\n<li>As condi\u00e7\u00f5es de umidade s\u00e3o as seguintes: a umidade relativa m\u00e9dia di\u00e1ria n\u00e3o excede 95%, a press\u00e3o m\u00e9dia di\u00e1ria de vapor d&#039;\u00e1gua n\u00e3o excede 2,2 kPa e a press\u00e3o m\u00e9dia mensal de vapor d&#039;\u00e1gua n\u00e3o excede 1,8 kPa. Pode ocorrer condensa\u00e7\u00e3o ocasionalmente nessas condi\u00e7\u00f5es.<\/li>\n<li>A altitude n\u00e3o ultrapassa 1000m.<\/li>\n<li>O ar ao redor n\u00e3o \u00e9 significativamente contaminado por poeira, fuma\u00e7a, gases corrosivos e\/ou inflam\u00e1veis, vapores ou n\u00e9voa salina.<\/li>\n<li>Vibra\u00e7\u00f5es ou movimentos do solo vindos de fora do equipamento de manobra e controle podem ser ignorados.<\/li>\n<li>A amplitude da interfer\u00eancia eletromagn\u00e9tica induzida no sistema secund\u00e1rio n\u00e3o excede 1,6 KV.<\/li>\n<li>Condi\u00e7\u00f5es especiais de uso: Quando utilizado em condi\u00e7\u00f5es ambientais normais que excedam as especificadas na GB\/T11022, a empresa e o usu\u00e1rio podem negociar e chegar a um acordo sobre condi\u00e7\u00f5es especiais de opera\u00e7\u00e3o que excedam as condi\u00e7\u00f5es normais de opera\u00e7\u00e3o. Para evitar a condensa\u00e7\u00e3o, o quadro de distribui\u00e7\u00e3o \u00e9 equipado com um aquecedor, que deve ser colocado em opera\u00e7\u00e3o quando o quadro de distribui\u00e7\u00e3o estiver em modo de espera. Tamb\u00e9m deve-se prestar aten\u00e7\u00e3o ao colocar o aquecedor em opera\u00e7\u00e3o quando o quadro de distribui\u00e7\u00e3o estiver operando normalmente.<\/li>\n<\/ol>\n<h2><strong><b>Estrutura e <\/b><\/strong><strong><b>C<\/b><\/strong><strong><b>trabalhando <\/b><\/strong><strong><b>P<\/b><\/strong><strong><b>princ\u00edpio<\/b><\/strong><\/h2>\n<p>O quadro de distribui\u00e7\u00e3o KYN28-24 \u00e9 composto por duas partes: o gabinete e a parte remov\u00edvel (comumente conhecida como carrinho de m\u00e3o). O gabinete \u00e9 dividido em v\u00e1rios compartimentos funcionais com divis\u00f3rias met\u00e1licas, como sala de barramentos, sala de disjuntores, sala de cabos, sala de instrumentos de rel\u00e9s, etc. As partes remov\u00edveis do quadro de distribui\u00e7\u00e3o podem ser equipadas com carrinhos de disjuntores a v\u00e1cuo, carrinhos de transformadores de potencial, carrinhos de para-raios, carrinhos de isolamento e carrinhos de fus\u00edveis, etc.<\/p>\n<p><img decoding=\"async\" class=\"alignnone wp-image-1208 size-full\" src=\"http:\/\/www.xminsulation.com\/wp-content\/uploads\/2024\/05\/\u56fe\u724768-1.png\" alt=\"\" width=\"1002\" height=\"713\" srcset=\"https:\/\/www.xminsulation.com\/wp-content\/uploads\/2024\/05\/\u56fe\u724768-1.png 1002w, https:\/\/www.xminsulation.com\/wp-content\/uploads\/2024\/05\/\u56fe\u724768-1-300x213.png 300w, https:\/\/www.xminsulation.com\/wp-content\/uploads\/2024\/05\/\u56fe\u724768-1-768x546.png 768w, https:\/\/www.xminsulation.com\/wp-content\/uploads\/2024\/05\/\u56fe\u724768-1-600x427.png 600w\" sizes=\"(max-width: 1002px) 100vw, 1002px\" \/><\/p>\n<p>A\u3001\u6bcd\u7ebf\u5ba4Sala de \u00f4nibus.<\/p>\n<p>B\u3001\u65ad\u8def\u5668\u624b\u8f66\u5ba4Sala do carrinho de m\u00e3o do disjuntor.<\/p>\n<p>C\u3001\u7535\u7f06\u5ba4Sala de cabos.<\/p>\n<p>D\u3001\u7ee7\u7535\u5668\u4eea\u8868\u5ba4Sala de instrumentos de rel\u00e9.<\/p>\n<p><img loading=\"lazy\" decoding=\"async\" class=\"alignnone wp-image-1209 size-full\" src=\"http:\/\/www.xminsulation.com\/wp-content\/uploads\/2024\/05\/\u56fe\u724769.jpg\" alt=\"\" width=\"1000\" height=\"995\" srcset=\"https:\/\/www.xminsulation.com\/wp-content\/uploads\/2024\/05\/\u56fe\u724769.jpg 1000w, https:\/\/www.xminsulation.com\/wp-content\/uploads\/2024\/05\/\u56fe\u724769-300x300.jpg 300w, https:\/\/www.xminsulation.com\/wp-content\/uploads\/2024\/05\/\u56fe\u724769-150x150.jpg 150w, https:\/\/www.xminsulation.com\/wp-content\/uploads\/2024\/05\/\u56fe\u724769-768x764.jpg 768w, https:\/\/www.xminsulation.com\/wp-content\/uploads\/2024\/05\/\u56fe\u724769-600x597.jpg 600w, https:\/\/www.xminsulation.com\/wp-content\/uploads\/2024\/05\/\u56fe\u724769-100x100.jpg 100w\" sizes=\"(max-width: 1000px) 100vw, 1000px\" \/><\/p>\n<p>1\u3001\u4e8c\u6b21\u63d2\u5934Plugue secund\u00e1rio.<\/p>\n<p>2\u3001\u5206\u5408\u6307\u793aIndica\u00e7\u00e3o de abertura e fechamento.<\/p>\n<p>3\u3001\u50a8\u80fd\u6307\u793aIndica\u00e7\u00e3o de armazenamento de energia.<\/p>\n<p>4. Contador.<\/p>\n<p>5\u3001\u5206\u95f8\u6309\u94aeBot\u00e3o de abertura.<\/p>\n<p>6\u3001\u5408\u95f8\u6309\u94aeBot\u00e3o de fechamento.<\/p>\n<p>7\u3001\u624b\u52a8\u50a8\u80fdArmazenamento manual de energia.<\/p>\n<p>8\u3001\u6447\u8fdb\u673a\u6784Mecanismo de agita\u00e7\u00e3o.<\/p>\n<p>9\u3001\u8f6c\u8fd0\u8f66\u9501\u5b54Buraco da fechadura do ve\u00edculo de transfer\u00eancia.<\/p>\n<p>10\u3001\u8f6c\u8fd0\u8f66\u5b9a\u4f4dTransferir o posicionamento do ve\u00edculo.<\/p>\n<p>11\u3001\u63a5\u5730\u5f00\u5173Interruptor de aterramento.<\/p>\n<p>12\u3001\u7d27\u6025\u89e3\u9501Desbloqueio de emerg\u00eancia.<\/p>\n<h2><strong><b>Desenho Dimensional de Instala\u00e7\u00e3o<\/b><\/strong><\/h2>\n<p><img loading=\"lazy\" decoding=\"async\" class=\"alignnone wp-image-1211 size-full\" src=\"http:\/\/www.xminsulation.com\/wp-content\/uploads\/2024\/05\/\u56fe\u724770.jpg\" alt=\"\" width=\"1000\" height=\"1634\" srcset=\"https:\/\/www.xminsulation.com\/wp-content\/uploads\/2024\/05\/\u56fe\u724770.jpg 1000w, https:\/\/www.xminsulation.com\/wp-content\/uploads\/2024\/05\/\u56fe\u724770-184x300.jpg 184w, https:\/\/www.xminsulation.com\/wp-content\/uploads\/2024\/05\/\u56fe\u724770-627x1024.jpg 627w, https:\/\/www.xminsulation.com\/wp-content\/uploads\/2024\/05\/\u56fe\u724770-768x1255.jpg 768w, https:\/\/www.xminsulation.com\/wp-content\/uploads\/2024\/05\/\u56fe\u724770-940x1536.jpg 940w, https:\/\/www.xminsulation.com\/wp-content\/uploads\/2024\/05\/\u56fe\u724770-600x980.jpg 600w\" sizes=\"(max-width: 1000px) 100vw, 1000px\" \/><\/p>\n<p>&nbsp;<\/p>\n<div class=\"wxts\">\n<h2>\u25c6Personaliza\u00e7\u00e3o Especial<\/h2>\n<p>Os par\u00e2metros acima s\u00e3o dados t\u00edpicos; se os estilos existentes n\u00e3o atenderem \u00e0s suas demandas espec\u00edficas, entre em contato conosco para um design personalizado. Temos habilidades significativas de desenvolvimento e produ\u00e7\u00e3o de personaliza\u00e7\u00e3o personalizada, o que nos permite fornecer solu\u00e7\u00f5es personalizadas para clientes em todo o mundo.<\/p>\n<\/div>","protected":false},"excerpt":{"rendered":"<p>General Information KYN28-24 armored withdrawable AC metal-enclosed switchgear is suitable for indoor three-phase 50\/60HZ, rated voltage 24kV power systems. It is mainly used in power plants, substations, industrial and mining enterprises and high-rise buildings. Receive and distribute electrical energy and control, protect and monitor circuits. KYN28-24 switchgear has various functions to prevent misoperation, including preventing [&hellip;]<\/p>","protected":false},"featured_media":1205,"template":"","meta":{"site-sidebar-layout":"default","site-content-layout":"","ast-site-content-layout":"default","site-content-style":"default","site-sidebar-style":"default","ast-global-header-display":"","ast-banner-title-visibility":"","ast-main-header-display":"","ast-hfb-above-header-display":"","ast-hfb-below-header-display":"","ast-hfb-mobile-header-display":"","site-post-title":"","ast-breadcrumbs-content":"","ast-featured-img":"","footer-sml-layout":"","theme-transparent-header-meta":"default","adv-header-id-meta":"","stick-header-meta":"","header-above-stick-meta":"","header-main-stick-meta":"","header-below-stick-meta":"","astra-migrate-meta-layouts":"set","ast-page-background-enabled":"default","ast-page-background-meta":{"desktop":{"background-color":"","background-image":"","background-repeat":"repeat","background-position":"center center","background-size":"auto","background-attachment":"scroll","background-type":"","background-media":"","overlay-type":"","overlay-color":"","overlay-gradient":""},"tablet":{"background-color":"","background-image":"","background-repeat":"repeat","background-position":"center center","background-size":"auto","background-attachment":"scroll","background-type":"","background-media":"","overlay-type":"","overlay-color":"","overlay-gradient":""},"mobile":{"background-color":"","background-image":"","background-repeat":"repeat","background-position":"center center","background-size":"auto","background-attachment":"scroll","background-type":"","background-media":"","overlay-type":"","overlay-color":"","overlay-gradient":""}},"ast-content-background-meta":{"desktop":{"background-color":"var(--ast-global-color-5)","background-image":"","background-repeat":"repeat","background-position":"center center","background-size":"auto","background-attachment":"scroll","background-type":"","background-media":"","overlay-type":"","overlay-color":"","overlay-gradient":""},"tablet":{"background-color":"var(--ast-global-color-5)","background-image":"","background-repeat":"repeat","background-position":"center center","background-size":"auto","background-attachment":"scroll","background-type":"","background-media":"","overlay-type":"","overlay-color":"","overlay-gradient":""},"mobile":{"background-color":"var(--ast-global-color-5)","background-image":"","background-repeat":"repeat","background-position":"center center","background-size":"auto","background-attachment":"scroll","background-type":"","background-media":"","overlay-type":"","overlay-color":"","overlay-gradient":""}}},"product_cat":[36],"product_tag":[],"class_list":{"0":"post-1204","1":"product","2":"type-product","3":"status-publish","4":"has-post-thumbnail","6":"product_cat-metal-clad-withdrawable-switchgear","7":"desktop-align-left","8":"tablet-align-left","9":"mobile-align-left","11":"first","12":"instock","13":"shipping-taxable","14":"product-type-simple"},"_links":{"self":[{"href":"https:\/\/www.xminsulation.com\/pt\/wp-json\/wp\/v2\/product\/1204","targetHints":{"allow":["GET"]}}],"collection":[{"href":"https:\/\/www.xminsulation.com\/pt\/wp-json\/wp\/v2\/product"}],"about":[{"href":"https:\/\/www.xminsulation.com\/pt\/wp-json\/wp\/v2\/types\/product"}],"wp:featuredmedia":[{"embeddable":true,"href":"https:\/\/www.xminsulation.com\/pt\/wp-json\/wp\/v2\/media\/1205"}],"wp:attachment":[{"href":"https:\/\/www.xminsulation.com\/pt\/wp-json\/wp\/v2\/media?parent=1204"}],"wp:term":[{"taxonomy":"product_cat","embeddable":true,"href":"https:\/\/www.xminsulation.com\/pt\/wp-json\/wp\/v2\/product_cat?post=1204"},{"taxonomy":"product_tag","embeddable":true,"href":"https:\/\/www.xminsulation.com\/pt\/wp-json\/wp\/v2\/product_tag?post=1204"}],"curies":[{"name":"wp","href":"https:\/\/api.w.org\/{rel}","templated":true}]}}