{"id":1194,"date":"2024-05-07T10:03:39","date_gmt":"2024-05-07T02:03:39","guid":{"rendered":"http:\/\/www.xminsulation.com\/?post_type=product&#038;p=1194"},"modified":"2024-05-15T16:38:00","modified_gmt":"2024-05-15T08:38:00","slug":"kyn550-12kv-metal-clad-withdrawable-switchgear","status":"publish","type":"product","link":"https:\/\/www.xminsulation.com\/pt\/product\/kyn550-12kv-metal-clad-withdrawable-switchgear\/","title":{"rendered":"KYN550-12kV Painel de distribui\u00e7\u00e3o extra\u00edvel revestido de metal"},"content":{"rendered":"<p><img fetchpriority=\"high\" decoding=\"async\" class=\"alignnone wp-image-1196 size-full\" src=\"http:\/\/www.xminsulation.com\/wp-content\/uploads\/2024\/05\/\u56fe\u724758-2.png\" alt=\"\" width=\"1000\" height=\"1000\" srcset=\"https:\/\/www.xminsulation.com\/wp-content\/uploads\/2024\/05\/\u56fe\u724758-2.png 1000w, https:\/\/www.xminsulation.com\/wp-content\/uploads\/2024\/05\/\u56fe\u724758-2-300x300.png 300w, https:\/\/www.xminsulation.com\/wp-content\/uploads\/2024\/05\/\u56fe\u724758-2-150x150.png 150w, https:\/\/www.xminsulation.com\/wp-content\/uploads\/2024\/05\/\u56fe\u724758-2-768x768.png 768w, https:\/\/www.xminsulation.com\/wp-content\/uploads\/2024\/05\/\u56fe\u724758-2-600x600.png 600w, https:\/\/www.xminsulation.com\/wp-content\/uploads\/2024\/05\/\u56fe\u724758-2-100x100.png 100w\" sizes=\"(max-width: 1000px) 100vw, 1000px\" \/><\/p>\n<h2><strong><b>Principal <\/b><\/strong><strong><b>E<\/b><\/strong><strong><b>Destaques<\/b><\/strong><\/h2>\n<ol>\n<li>O barramento principal circular tem muitas vantagens, como alta resist\u00eancia mec\u00e2nica, distribui\u00e7\u00e3o uniforme do campo el\u00e9trico e resist\u00eancia t\u00e3o baixa quanto 15-20u\u03a9.<\/li>\n<li>O disjuntor a v\u00e1cuo modular \u00e9 um projeto tipo F integrado com excelente desempenho de isolamento, poucas pe\u00e7as, vida \u00fatil mec\u00e2nica de 30.000 vezes e excelente desempenho.<\/li>\n<li>O design integrado em forma de U do transformador de corrente modular extra\u00edvel tem uma grande dist\u00e2ncia de fuga e a tens\u00e3o de resist\u00eancia \u00e0 frequ\u00eancia de energia pode atingir 4,5 kV (para o solo).<\/li>\n<li>O interruptor de aterramento modular remov\u00edvel tem uma estrutura simples, opera\u00e7\u00e3o que economiza m\u00e3o de obra e instala\u00e7\u00e3o conveniente.<\/li>\n<li>Gerenciamento completo do ciclo de vida Gerenciamento completo do ciclo de vida, os materiais dos produtos podem ser reciclados, s\u00e3o verdes e t\u00eam baixo teor de carbono.<\/li>\n<\/ol>\n<p><img decoding=\"async\" class=\"alignnone wp-image-1197 size-full\" src=\"http:\/\/www.xminsulation.com\/wp-content\/uploads\/2024\/05\/\u56fe\u724759.jpg\" alt=\"\" width=\"1000\" height=\"533\" srcset=\"https:\/\/www.xminsulation.com\/wp-content\/uploads\/2024\/05\/\u56fe\u724759.jpg 1000w, https:\/\/www.xminsulation.com\/wp-content\/uploads\/2024\/05\/\u56fe\u724759-300x160.jpg 300w, https:\/\/www.xminsulation.com\/wp-content\/uploads\/2024\/05\/\u56fe\u724759-768x409.jpg 768w, https:\/\/www.xminsulation.com\/wp-content\/uploads\/2024\/05\/\u56fe\u724759-600x320.jpg 600w\" sizes=\"(max-width: 1000px) 100vw, 1000px\" \/><\/p>\n<h2><strong><b>Princ\u00edpios de design<\/b><\/strong><\/h2>\n<p>&nbsp;<\/p>\n<h2><strong><b>Humanizado <\/b><\/strong><strong><b>D<\/b><\/strong><strong><b>design eletr\u00f4nico<\/b><\/strong><\/h2>\n<ol>\n<li>A fechadura de porta de abertura rotativa permite uma abertura f\u00e1cil e um travamento forte.<\/li>\n<li>O design da fechadura da porta com ma\u00e7aneta \u00e9 mais pr\u00e1tico, mais bonito e mais seguro.<\/li>\n<li>Todos os componentes do painel s\u00e3o dispostos de acordo com princ\u00edpios ergon\u00f4micos, e todas as instru\u00e7\u00f5es de opera\u00e7\u00e3o t\u00eam instru\u00e7\u00f5es humanizadas.<\/li>\n<li>O arm\u00e1rio de distribui\u00e7\u00e3o adota o princ\u00edpio de ventila\u00e7\u00e3o natural, e o tamanho e a altura das aberturas de entrada e sa\u00edda s\u00e3o cuidadosamente projetados para garantir que o aumento da temperatura dentro do arm\u00e1rio de distribui\u00e7\u00e3o esteja dentro de uma faixa control\u00e1vel.<\/li>\n<li>Abra a porta traseira do gabinete de distribui\u00e7\u00e3o e os cabos poder\u00e3o ser instalados.<\/li>\n<li>Podem ser utilizados conectores de cabo convencionais, adequados para conectar v\u00e1rios cabos de diversas especifica\u00e7\u00f5es comuns.<\/li>\n<li>O painel configura a simula\u00e7\u00e3o din\u00e2mica do circuito principal e visualiza o status da posi\u00e7\u00e3o de v\u00e1rios componentes.<\/li>\n<li>O processo de instala\u00e7\u00e3o no local e montagem do gabinete \u00e9 simples e n\u00e3o requer ferramentas especiais. O sistema pode ser expandido em ambos os lados e tamb\u00e9m pode ser expandido e emendado com a s\u00e9rie de gabinetes KYN28.<\/li>\n<li>Gerenciamento completo do ciclo de vida, emiss\u00e3o zero, sem polui\u00e7\u00e3o, verde e ecologicamente correto, com vida \u00fatil de at\u00e9 25 anos.<\/li>\n<\/ol>\n<h2><strong><b>Inteligente <\/b><\/strong><strong><b>D<\/b><\/strong><strong><b>design eletr\u00f4nico<\/b><\/strong><\/h2>\n<p>O controle inteligente do quadro de distribui\u00e7\u00e3o blindado com inv\u00f3lucro met\u00e1lico KYN550-12 pode realizar detec\u00e7\u00e3o on-line e diagn\u00f3stico de falhas de seus equipamentos, incluindo disjuntores e contatos.<\/p>\n<p>Ele tamb\u00e9m pode fornecer alarmes de falha e ligar e desligar automaticamente equipamentos auxiliares, como ventiladores e aquecedores. Ele tamb\u00e9m tem a fun\u00e7\u00e3o de comunica\u00e7\u00e3o remota de microcomputador, que pode realizar remotamente a abertura e o fechamento do disjuntor de alta tens\u00e3o, alternando entre a posi\u00e7\u00e3o de trabalho e a posi\u00e7\u00e3o de teste, a opera\u00e7\u00e3o de abertura e fechamento do interruptor de aterramento, etc. Ele tem controle de toque inteligente, exibi\u00e7\u00e3o de dados on-line em tempo real e aviso de risco.<\/p>\n<p><img decoding=\"async\" class=\"alignnone wp-image-1198 size-full\" src=\"http:\/\/www.xminsulation.com\/wp-content\/uploads\/2024\/05\/\u56fe\u724760.jpg\" alt=\"\" width=\"1000\" height=\"1000\" srcset=\"https:\/\/www.xminsulation.com\/wp-content\/uploads\/2024\/05\/\u56fe\u724760.jpg 1000w, https:\/\/www.xminsulation.com\/wp-content\/uploads\/2024\/05\/\u56fe\u724760-300x300.jpg 300w, https:\/\/www.xminsulation.com\/wp-content\/uploads\/2024\/05\/\u56fe\u724760-150x150.jpg 150w, https:\/\/www.xminsulation.com\/wp-content\/uploads\/2024\/05\/\u56fe\u724760-768x768.jpg 768w, https:\/\/www.xminsulation.com\/wp-content\/uploads\/2024\/05\/\u56fe\u724760-600x600.jpg 600w, https:\/\/www.xminsulation.com\/wp-content\/uploads\/2024\/05\/\u56fe\u724760-100x100.jpg 100w\" sizes=\"(max-width: 1000px) 100vw, 1000px\" \/><\/p>\n<h2><strong><b>Seguran\u00e7a <\/b><\/strong><strong><b>P<\/b><\/strong><strong><b>desempenho <\/b><\/strong><strong><b>D<\/b><\/strong><strong><b>design eletr\u00f4nico<\/b><\/strong><\/h2>\n<ol>\n<li>A armadura de metal e a estrutura totalmente fechada podem impedir a entrada de sujeira e pequenos animais.<\/li>\n<li>O gabinete adota tecnologia de rebitagem de alta resist\u00eancia, e as pe\u00e7as padr\u00e3o de alta resist\u00eancia usadas na instala\u00e7\u00e3o de cada componente s\u00e3o todas cabe\u00e7as semicirculares de n\u00edvel 10,9 para evitar descarga de ponta.<\/li>\n<li>Adota estrutura de isolamento composto, que tem melhor resist\u00eancia ao calor, isolamento e resist\u00eancia \u00e0 corros\u00e3o. O fornecimento cont\u00ednuo de energia \u00e9 confi\u00e1vel e garante a opera\u00e7\u00e3o do equipamento.<\/li>\n<li>Opera\u00e7\u00e3o de fechamento obrigat\u00f3ria para garantir a seguran\u00e7a pessoal dos operadores.<\/li>\n<li>Dispositivo de intertravamento confi\u00e1vel e abrangente previne efetivamente opera\u00e7\u00f5es incorretas.<\/li>\n<li>O interruptor de aterramento de fechamento r\u00e1pido \u00e9 usado para aterramento no lado do cabo para facilitar a manuten\u00e7\u00e3o e a inspe\u00e7\u00e3o.<\/li>\n<li>Tamanho pequeno e peso leve. Peso aproximado do gabinete: KYN28\/458Kg&gt;KYN550\/420Kg, peso do disjuntor: KYN28\/135Kg&gt;KYN550\/95Kg.<\/li>\n<li>A dist\u00e2ncia de fuga \u00e9 maior e o desempenho de seguran\u00e7a \u00e9 melhor. Dist\u00e2ncia de fuga: KYN28\/180mm<\/li>\n<li>Longa vida \u00fatil e melhor desempenho. A resist\u00eancia do circuito de todo o gabinete: KYN28\/\u2264150u\u03a9&gt;KYN550\/\u226495u\u03a9, a vida \u00fatil do equipamento: KYN28\/20 anos<\/li>\n<li>Ambiente amplamente aplic\u00e1vel. Ambiente de baixa temperatura: KYN28\/-15\u2103<\/li>\n<\/ol>\n<p><img loading=\"lazy\" decoding=\"async\" class=\"alignnone wp-image-1199 size-full\" src=\"http:\/\/www.xminsulation.com\/wp-content\/uploads\/2024\/05\/\u56fe\u724761.jpg\" alt=\"\" width=\"1000\" height=\"1000\" srcset=\"https:\/\/www.xminsulation.com\/wp-content\/uploads\/2024\/05\/\u56fe\u724761.jpg 1000w, https:\/\/www.xminsulation.com\/wp-content\/uploads\/2024\/05\/\u56fe\u724761-300x300.jpg 300w, https:\/\/www.xminsulation.com\/wp-content\/uploads\/2024\/05\/\u56fe\u724761-150x150.jpg 150w, https:\/\/www.xminsulation.com\/wp-content\/uploads\/2024\/05\/\u56fe\u724761-768x768.jpg 768w, https:\/\/www.xminsulation.com\/wp-content\/uploads\/2024\/05\/\u56fe\u724761-600x600.jpg 600w, https:\/\/www.xminsulation.com\/wp-content\/uploads\/2024\/05\/\u56fe\u724761-100x100.jpg 100w\" sizes=\"(max-width: 1000px) 100vw, 1000px\" \/> <img loading=\"lazy\" decoding=\"async\" class=\"alignnone wp-image-1200 size-full\" src=\"http:\/\/www.xminsulation.com\/wp-content\/uploads\/2024\/05\/\u56fe\u724762.png\" alt=\"\" width=\"1000\" height=\"545\" srcset=\"https:\/\/www.xminsulation.com\/wp-content\/uploads\/2024\/05\/\u56fe\u724762.png 1000w, https:\/\/www.xminsulation.com\/wp-content\/uploads\/2024\/05\/\u56fe\u724762-300x164.png 300w, https:\/\/www.xminsulation.com\/wp-content\/uploads\/2024\/05\/\u56fe\u724762-768x419.png 768w, https:\/\/www.xminsulation.com\/wp-content\/uploads\/2024\/05\/\u56fe\u724762-600x327.png 600w\" sizes=\"(max-width: 1000px) 100vw, 1000px\" \/><\/p>\n<h2><strong><b>Usar <\/b><\/strong><strong><b>C<\/b><\/strong><strong><b>convencional <\/b><\/strong><strong><b>E<\/b><\/strong><strong><b>meio ambiente<\/b><\/strong><\/h2>\n<ol>\n<li>Temperatura do ar: temperatura m\u00ednima -15\u2103, temperatura m\u00e1xima +40\u2103, temperatura m\u00e9dia de 24 horas +35\u2103.<\/li>\n<li>Altitude: 2000m.<\/li>\n<li>Umidade (humidade relativa), m\u00e9dia di\u00e1ria \u226495%, m\u00e9dia mensal \u226490%.<\/li>\n<\/ol>\n<h2><strong><b>Instala\u00e7\u00e3o e <\/b><\/strong><strong><b>C<\/b><\/strong><strong><b>omiss\u00e3o<\/b><\/strong><\/h2>\n<p>A constru\u00e7\u00e3o da funda\u00e7\u00e3o de instala\u00e7\u00e3o dos arm\u00e1rios de distribui\u00e7\u00e3o deve estar em conformidade com as disposi\u00e7\u00f5es relevantes das \u201cEspecifica\u00e7\u00f5es T\u00e9cnicas para Constru\u00e7\u00e3o e Aceita\u00e7\u00e3o de Energia El\u00e9trica\u201d. A funda\u00e7\u00e3o de instala\u00e7\u00e3o do arm\u00e1rio de distribui\u00e7\u00e3o geralmente requer vazamento secund\u00e1rio de concreto. A primeira vez \u00e9 a base de instala\u00e7\u00e3o dos componentes de instala\u00e7\u00e3o do arm\u00e1rio de distribui\u00e7\u00e3o, ou seja, componentes de a\u00e7o angular, a\u00e7o quadrado ou a\u00e7o de canal. Ao despejar concreto pela segunda vez, a camada suplementar no solo tem geralmente 60 mm de espessura. Ao despejar a camada suplementar de concreto, a altura do concreto deve ser 1 a 3 mm mais baixa do que o plano do componente. Durante a constru\u00e7\u00e3o civil, a eleva\u00e7\u00e3o da funda\u00e7\u00e3o do arm\u00e1rio de distribui\u00e7\u00e3o deve considerar reservar a altura do a\u00e7o do canal do arm\u00e1rio de funda\u00e7\u00e3o, com uma pequena margem, e pr\u00e9-embutir placas de a\u00e7o no arm\u00e1rio de distribui\u00e7\u00e3o em intervalos de 1 a 1,5 metros ao longo da dire\u00e7\u00e3o longitudinal da estrutura.<\/p>\n<p>Ao instalar a estrutura b\u00e1sica, a qualidade da instala\u00e7\u00e3o deve ser garantida. O padr\u00e3o t\u00e9cnico para instala\u00e7\u00e3o da estrutura \u00e9 uma toler\u00e2ncia de 1 mm por metro quadrado. A estrutura b\u00e1sica \u00e9 composta de a\u00e7o de canal soldado e a\u00e7o angular. Os requisitos b\u00e1sicos de tamanho da estrutura e o layout do canal de cabos s\u00e3o mostrados no desenho anexo. A dist\u00e2ncia de extens\u00e3o do a\u00e7o do canal da estrutura b\u00e1sica deve ser consistente com o tamanho da estrutura do corpo do gabinete de distribui\u00e7\u00e3o. Quando os gabinetes s\u00e3o dispostos em uma \u00fanica fileira, o corredor na frente do gabinete \u00e9 preferencialmente de 2,5 metros; quando os gabinetes s\u00e3o dispostos em fileiras duplas, o corredor operacional entre os gabinetes \u00e9 preferencialmente de 3 metros.<\/p>\n<p>Durante o transporte de arm\u00e1rios de distribui\u00e7\u00e3o, meios espec\u00edficos de transporte devem ser usados, como guindastes ou empilhadeiras. \u00c9 estritamente proibido usar p\u00e9s de cabra rolantes, e \u00e9 estritamente proibido empurrar o carrinho de m\u00e3o do disjuntor para dentro do arm\u00e1rio e transport\u00e1-lo junto. O carrinho de m\u00e3o do disjuntor (e outros carrinhos de m\u00e3o) s\u00f3 podem ser empurrados para a sala pequena correspondente ap\u00f3s o arm\u00e1rio ser instalado.<\/p>\n<p><img loading=\"lazy\" decoding=\"async\" class=\"alignnone wp-image-1201 size-full\" src=\"http:\/\/www.xminsulation.com\/wp-content\/uploads\/2024\/05\/\u56fe\u724763-1.png\" alt=\"\" width=\"640\" height=\"825\" srcset=\"https:\/\/www.xminsulation.com\/wp-content\/uploads\/2024\/05\/\u56fe\u724763-1.png 640w, https:\/\/www.xminsulation.com\/wp-content\/uploads\/2024\/05\/\u56fe\u724763-1-233x300.png 233w, https:\/\/www.xminsulation.com\/wp-content\/uploads\/2024\/05\/\u56fe\u724763-1-600x773.png 600w\" sizes=\"(max-width: 640px) 100vw, 640px\" \/><\/p>\n<h2><strong><b>Desenho de funda\u00e7\u00e3o de constru\u00e7\u00e3o<\/b><\/strong><\/h2>\n<p><img loading=\"lazy\" decoding=\"async\" class=\"alignnone wp-image-1202 size-full\" src=\"http:\/\/www.xminsulation.com\/wp-content\/uploads\/2024\/05\/\u56fe\u724764-1.png\" alt=\"\" width=\"1000\" height=\"833\" srcset=\"https:\/\/www.xminsulation.com\/wp-content\/uploads\/2024\/05\/\u56fe\u724764-1.png 1000w, https:\/\/www.xminsulation.com\/wp-content\/uploads\/2024\/05\/\u56fe\u724764-1-300x250.png 300w, https:\/\/www.xminsulation.com\/wp-content\/uploads\/2024\/05\/\u56fe\u724764-1-768x640.png 768w, https:\/\/www.xminsulation.com\/wp-content\/uploads\/2024\/05\/\u56fe\u724764-1-600x500.png 600w\" sizes=\"(max-width: 1000px) 100vw, 1000px\" \/> <img loading=\"lazy\" decoding=\"async\" class=\"alignnone wp-image-1203 size-full\" src=\"http:\/\/www.xminsulation.com\/wp-content\/uploads\/2024\/05\/\u56fe\u724765-1.png\" alt=\"\" width=\"1000\" height=\"550\" srcset=\"https:\/\/www.xminsulation.com\/wp-content\/uploads\/2024\/05\/\u56fe\u724765-1.png 1000w, https:\/\/www.xminsulation.com\/wp-content\/uploads\/2024\/05\/\u56fe\u724765-1-300x165.png 300w, https:\/\/www.xminsulation.com\/wp-content\/uploads\/2024\/05\/\u56fe\u724765-1-768x422.png 768w, https:\/\/www.xminsulation.com\/wp-content\/uploads\/2024\/05\/\u56fe\u724765-1-600x330.png 600w\" sizes=\"(max-width: 1000px) 100vw, 1000px\" \/><\/p>\n<p>&nbsp;<\/p>\n<p>&nbsp;<\/p>\n<div class=\"wxts\">\n<h2>\u25c6Personaliza\u00e7\u00e3o Especial<\/h2>\n<p>Os par\u00e2metros acima s\u00e3o dados t\u00edpicos; se os estilos existentes n\u00e3o atenderem \u00e0s suas demandas espec\u00edficas, entre em contato conosco para um design personalizado. Temos habilidades significativas de desenvolvimento e produ\u00e7\u00e3o de personaliza\u00e7\u00e3o personalizada, o que nos permite fornecer solu\u00e7\u00f5es personalizadas para clientes em todo o mundo.<\/p>\n<\/div>\n<p>&nbsp;<\/p>","protected":false},"excerpt":{"rendered":"<p>Main Highlights The circular main busbar has many advantages such as high mechanical strength, uniform electric field distribution, and resistance as low as 15-20u\u03a9. The modular vacuum circuit breaker is an integrated F-type design with excellent insulation performance, few parts, a mechanical life of 30,000 times, and excellent performance. The U-shaped integrated design of the [&hellip;]<\/p>","protected":false},"featured_media":1195,"template":"","meta":{"site-sidebar-layout":"default","site-content-layout":"","ast-site-content-layout":"default","site-content-style":"default","site-sidebar-style":"default","ast-global-header-display":"","ast-banner-title-visibility":"","ast-main-header-display":"","ast-hfb-above-header-display":"","ast-hfb-below-header-display":"","ast-hfb-mobile-header-display":"","site-post-title":"","ast-breadcrumbs-content":"","ast-featured-img":"","footer-sml-layout":"","theme-transparent-header-meta":"default","adv-header-id-meta":"","stick-header-meta":"","header-above-stick-meta":"","header-main-stick-meta":"","header-below-stick-meta":"","astra-migrate-meta-layouts":"set","ast-page-background-enabled":"default","ast-page-background-meta":{"desktop":{"background-color":"","background-image":"","background-repeat":"repeat","background-position":"center center","background-size":"auto","background-attachment":"scroll","background-type":"","background-media":"","overlay-type":"","overlay-color":"","overlay-gradient":""},"tablet":{"background-color":"","background-image":"","background-repeat":"repeat","background-position":"center center","background-size":"auto","background-attachment":"scroll","background-type":"","background-media":"","overlay-type":"","overlay-color":"","overlay-gradient":""},"mobile":{"background-color":"","background-image":"","background-repeat":"repeat","background-position":"center center","background-size":"auto","background-attachment":"scroll","background-type":"","background-media":"","overlay-type":"","overlay-color":"","overlay-gradient":""}},"ast-content-background-meta":{"desktop":{"background-color":"var(--ast-global-color-5)","background-image":"","background-repeat":"repeat","background-position":"center center","background-size":"auto","background-attachment":"scroll","background-type":"","background-media":"","overlay-type":"","overlay-color":"","overlay-gradient":""},"tablet":{"background-color":"var(--ast-global-color-5)","background-image":"","background-repeat":"repeat","background-position":"center center","background-size":"auto","background-attachment":"scroll","background-type":"","background-media":"","overlay-type":"","overlay-color":"","overlay-gradient":""},"mobile":{"background-color":"var(--ast-global-color-5)","background-image":"","background-repeat":"repeat","background-position":"center center","background-size":"auto","background-attachment":"scroll","background-type":"","background-media":"","overlay-type":"","overlay-color":"","overlay-gradient":""}}},"product_cat":[36],"product_tag":[],"class_list":{"0":"post-1194","1":"product","2":"type-product","3":"status-publish","4":"has-post-thumbnail","6":"product_cat-metal-clad-withdrawable-switchgear","7":"desktop-align-left","8":"tablet-align-left","9":"mobile-align-left","11":"first","12":"instock","13":"shipping-taxable","14":"product-type-simple"},"_links":{"self":[{"href":"https:\/\/www.xminsulation.com\/pt\/wp-json\/wp\/v2\/product\/1194","targetHints":{"allow":["GET"]}}],"collection":[{"href":"https:\/\/www.xminsulation.com\/pt\/wp-json\/wp\/v2\/product"}],"about":[{"href":"https:\/\/www.xminsulation.com\/pt\/wp-json\/wp\/v2\/types\/product"}],"wp:featuredmedia":[{"embeddable":true,"href":"https:\/\/www.xminsulation.com\/pt\/wp-json\/wp\/v2\/media\/1195"}],"wp:attachment":[{"href":"https:\/\/www.xminsulation.com\/pt\/wp-json\/wp\/v2\/media?parent=1194"}],"wp:term":[{"taxonomy":"product_cat","embeddable":true,"href":"https:\/\/www.xminsulation.com\/pt\/wp-json\/wp\/v2\/product_cat?post=1194"},{"taxonomy":"product_tag","embeddable":true,"href":"https:\/\/www.xminsulation.com\/pt\/wp-json\/wp\/v2\/product_tag?post=1194"}],"curies":[{"name":"wp","href":"https:\/\/api.w.org\/{rel}","templated":true}]}}