{"id":1184,"date":"2024-05-07T09:54:08","date_gmt":"2024-05-07T01:54:08","guid":{"rendered":"http:\/\/www.xminsulation.com\/?post_type=product&#038;p=1184"},"modified":"2024-05-15T16:39:01","modified_gmt":"2024-05-15T08:39:01","slug":"zw32-12kv-intelligent-outdoor-pole-mounted-vacuum-circuit-breaker-2","status":"publish","type":"product","link":"https:\/\/www.xminsulation.com\/pt\/product\/zw32-12kv-intelligent-outdoor-pole-mounted-vacuum-circuit-breaker-2\/","title":{"rendered":"Disjuntor a v\u00e1cuo inteligente para montagem em poste externo ZW32-12kV"},"content":{"rendered":"<p><img fetchpriority=\"high\" decoding=\"async\" class=\"alignnone wp-image-1186 size-full\" src=\"http:\/\/www.xminsulation.com\/wp-content\/uploads\/2024\/05\/\u56fe\u724750-1.jpg\" alt=\"\" width=\"743\" height=\"743\" srcset=\"https:\/\/www.xminsulation.com\/wp-content\/uploads\/2024\/05\/\u56fe\u724750-1.jpg 743w, https:\/\/www.xminsulation.com\/wp-content\/uploads\/2024\/05\/\u56fe\u724750-1-300x300.jpg 300w, https:\/\/www.xminsulation.com\/wp-content\/uploads\/2024\/05\/\u56fe\u724750-1-150x150.jpg 150w, https:\/\/www.xminsulation.com\/wp-content\/uploads\/2024\/05\/\u56fe\u724750-1-600x600.jpg 600w, https:\/\/www.xminsulation.com\/wp-content\/uploads\/2024\/05\/\u56fe\u724750-1-100x100.jpg 100w\" sizes=\"(max-width: 743px) 100vw, 743px\" \/> <img decoding=\"async\" class=\"alignnone wp-image-1187 size-full\" src=\"http:\/\/www.xminsulation.com\/wp-content\/uploads\/2024\/05\/\u56fe\u724751-1.png\" alt=\"\" width=\"1000\" height=\"882\" srcset=\"https:\/\/www.xminsulation.com\/wp-content\/uploads\/2024\/05\/\u56fe\u724751-1.png 1000w, https:\/\/www.xminsulation.com\/wp-content\/uploads\/2024\/05\/\u56fe\u724751-1-300x265.png 300w, https:\/\/www.xminsulation.com\/wp-content\/uploads\/2024\/05\/\u56fe\u724751-1-768x677.png 768w, https:\/\/www.xminsulation.com\/wp-content\/uploads\/2024\/05\/\u56fe\u724751-1-600x529.png 600w\" sizes=\"(max-width: 1000px) 100vw, 1000px\" \/><\/p>\n<p>&nbsp;<\/p>\n<h2><strong><b>Descri\u00e7\u00e3o do produto<\/b><\/strong><\/h2>\n<p>Disjuntor a v\u00e1cuo externo integrado prim\u00e1rio e secund\u00e1rio ZW32-12kV montado em poste, tens\u00e3o nominal de 12kV, equipamento de comuta\u00e7\u00e3o prim\u00e1ria externa trif\u00e1sica CA 50Hz\/60Hz, usado principalmente para interromper e fechar corrente de carga, corrente de sobrecarga e corrente de curto-circuito no sistema de energia. \u00c9 adequado para prote\u00e7\u00e3o e controle em sistemas de distribui\u00e7\u00e3o de energia de subesta\u00e7\u00f5es e empresas industriais e de minera\u00e7\u00e3o, e \u00e9 mais adequado para redes de energia rurais e locais com opera\u00e7\u00f5es frequentes.<\/p>\n<p>Este produto \u00e9 combinado com o controlador para atender aos requisitos do sistema de automa\u00e7\u00e3o de distribui\u00e7\u00e3o e pode completar de forma confi\u00e1vel e eficaz a fun\u00e7\u00e3o de religador tradicional.<\/p>\n<h2><strong><b>Estrutura do produto<\/b><\/strong><\/h2>\n<ol>\n<li>Adote uma estrutura de coluna separada trif\u00e1sica e instale o circuito prim\u00e1rio trif\u00e1sico na luva isolante de cada fase. Quando ocorre uma falha monof\u00e1sica, ela n\u00e3o causar\u00e1 um curto-circuito trif\u00e1sico.<\/li>\n<li>Usando uma nova c\u00e2mara de extin\u00e7\u00e3o de arco a v\u00e1cuo miniaturizada, inv\u00f3lucro de cer\u00e2mica, contatos de cobre-cromo e m\u00e9todo de extin\u00e7\u00e3o de arco de campo magn\u00e9tico longitudinal, o desempenho de interrup\u00e7\u00e3o \u00e9 est\u00e1vel e confi\u00e1vel, os contatos apresentam pouco desgaste e n\u00e3o h\u00e1 perigo de queimadura ou explos\u00e3o.<\/li>\n<li>A c\u00e2mara de extin\u00e7\u00e3o de arco a v\u00e1cuo \u00e9 instalada em uma luva isolante, e uma luva de borracha de silicone \u00e9 usada para selar toda a c\u00e2mara de extin\u00e7\u00e3o de arco a v\u00e1cuo na luva isolante, o que elimina falhas de curto-circuito causadas por condensa\u00e7\u00e3o e n\u00e3o requer manuten\u00e7\u00e3o por 20 anos.<\/li>\n<li>O cilindro de isolamento \u00e9 feito de material de resina ep\u00f3xi para exterior ou material de borracha de silicone. Ele tem boa hidrofobicidade e capacidade antipolui\u00e7\u00e3o e pode ser usado em ambientes externos severos.<\/li>\n<li>O mecanismo operacional pode usar um mecanismo operacional de \u00edm\u00e3 permanente ou um mecanismo operacional de mola. O mecanismo de \u00edm\u00e3 permanente \u00e9 pequeno em tamanho, confi\u00e1vel em desempenho e tem uma vida mec\u00e2nica de mais de 10.000 vezes.<\/li>\n<li>Adota uma estrutura totalmente selada e o mecanismo operacional \u00e9 instalado na caixa. Tem bom desempenho de veda\u00e7\u00e3o e melhora o desempenho \u00e0 prova de umidade e ferrugem. N\u00e3o h\u00e1 \u00f3leo de transformador ou g\u00e1s hexafluoreto de enxofre na caixa, o que atende aos requisitos de transforma\u00e7\u00e3o sem \u00f3leo e prote\u00e7\u00e3o ambiental.<\/li>\n<li>A superf\u00edcie da caixa adota o avan\u00e7ado processo de revestimento Dacromet ou material de a\u00e7o inoxid\u00e1vel, que possui excelente resist\u00eancia \u00e0 corros\u00e3o.<\/li>\n<li>Instale um transformador de corrente de prote\u00e7\u00e3o externo e um controlador composto com fun\u00e7\u00e3o anti-inrush na fase A e fase C do disjuntor, respectivamente. Quando ocorre uma corrente de inrush na linha, o disjuntor \u00e9 atrasado por um per\u00edodo de tempo para evitar a corrente de inrush e prevenir o mau funcionamento do disjuntor; quando ocorre uma falha na linha, o disjuntor pode ser aberto rapidamente. A rela\u00e7\u00e3o do transformador \u00e9 configurada de acordo com os requisitos do usu\u00e1rio.<\/li>\n<li>O disjuntor pode ser equipado com um dispositivo de controle remoto sob o poste, e o controle remoto pode ser usado para abrir e fechar o interruptor sob o poste.<\/li>\n<li>O disjuntor pode ser equipado com um TP externo ou TP eletr\u00f4nico para fornecer energia operacional ao disjuntor.<\/li>\n<li>O disjuntor pode ser equipado com um controlador de religamento e um controlador seccionalizador para formar um religador autom\u00e1tico e um seccionalizador autom\u00e1tico. \u00c9 um dispositivo ideal para realizar automa\u00e7\u00e3o de rede de distribui\u00e7\u00e3o.<\/li>\n<\/ol>\n<p><img decoding=\"async\" class=\"alignnone wp-image-1188 size-full\" src=\"http:\/\/www.xminsulation.com\/wp-content\/uploads\/2024\/05\/\u56fe\u724752-1.png\" alt=\"\" width=\"1190\" height=\"940\" srcset=\"https:\/\/www.xminsulation.com\/wp-content\/uploads\/2024\/05\/\u56fe\u724752-1.png 1190w, https:\/\/www.xminsulation.com\/wp-content\/uploads\/2024\/05\/\u56fe\u724752-1-300x237.png 300w, https:\/\/www.xminsulation.com\/wp-content\/uploads\/2024\/05\/\u56fe\u724752-1-1024x809.png 1024w, https:\/\/www.xminsulation.com\/wp-content\/uploads\/2024\/05\/\u56fe\u724752-1-768x607.png 768w, https:\/\/www.xminsulation.com\/wp-content\/uploads\/2024\/05\/\u56fe\u724752-1-600x474.png 600w\" sizes=\"(max-width: 1190px) 100vw, 1190px\" \/><\/p>\n<h2><strong><b>Diagrama da estrutura interna do disjuntor ZW32-12kV<\/b><\/strong><\/h2>\n<p>&nbsp;<\/p>\n<p>1\u6c38\u78c1\u673a\u6784Mecanismo de \u00edm\u00e3 permanente.<\/p>\n<p>2\u624b\u52a8\u5206\u95f8\u8f6c\u8f6eRoda de abertura manual.<\/p>\n<p>3. Acione a barra plana.<\/p>\n<p>4\u8f85\u52a9\u5f00\u5173Interruptor auxiliar.<\/p>\n<p>5 de maioAbertura da primavera.<\/p>\n<p>6\u00aa temporadaShell.<\/p>\n<p>7\u00ba ano de fabrica\u00e7\u00e3oBarra de isolamento.<\/p>\n<p>8\u4e0b\u7edd\u7f18\u7b52Barril de isolamento inferior.<\/p>\n<p>9\u8f6f\u8fde\u63a5Conex\u00e3o flex\u00edvel.<\/p>\n<p>10\u4e0a\u7edd\u7f18\u7b52Barril de isolamento superior.<\/p>\n<p>11\u771f\u7a7a\u706d\u5f27\u5ba4Interruptor de v\u00e1cuo.<\/p>\n<p><img loading=\"lazy\" decoding=\"async\" class=\"alignnone wp-image-1189 size-full\" src=\"http:\/\/www.xminsulation.com\/wp-content\/uploads\/2024\/05\/\u56fe\u724753-1.png\" alt=\"\" width=\"1000\" height=\"1122\" srcset=\"https:\/\/www.xminsulation.com\/wp-content\/uploads\/2024\/05\/\u56fe\u724753-1.png 1000w, https:\/\/www.xminsulation.com\/wp-content\/uploads\/2024\/05\/\u56fe\u724753-1-267x300.png 267w, https:\/\/www.xminsulation.com\/wp-content\/uploads\/2024\/05\/\u56fe\u724753-1-913x1024.png 913w, https:\/\/www.xminsulation.com\/wp-content\/uploads\/2024\/05\/\u56fe\u724753-1-768x862.png 768w, https:\/\/www.xminsulation.com\/wp-content\/uploads\/2024\/05\/\u56fe\u724753-1-600x673.png 600w\" sizes=\"(max-width: 1000px) 100vw, 1000px\" \/> <img loading=\"lazy\" decoding=\"async\" class=\"alignnone wp-image-1190 size-full\" src=\"http:\/\/www.xminsulation.com\/wp-content\/uploads\/2024\/05\/\u56fe\u724754-1.png\" alt=\"\" width=\"1000\" height=\"1013\" srcset=\"https:\/\/www.xminsulation.com\/wp-content\/uploads\/2024\/05\/\u56fe\u724754-1.png 1000w, https:\/\/www.xminsulation.com\/wp-content\/uploads\/2024\/05\/\u56fe\u724754-1-296x300.png 296w, https:\/\/www.xminsulation.com\/wp-content\/uploads\/2024\/05\/\u56fe\u724754-1-768x778.png 768w, https:\/\/www.xminsulation.com\/wp-content\/uploads\/2024\/05\/\u56fe\u724754-1-600x608.png 600w, https:\/\/www.xminsulation.com\/wp-content\/uploads\/2024\/05\/\u56fe\u724754-1-100x100.png 100w\" sizes=\"(max-width: 1000px) 100vw, 1000px\" \/> <img loading=\"lazy\" decoding=\"async\" class=\"alignnone wp-image-1191 size-full\" src=\"http:\/\/www.xminsulation.com\/wp-content\/uploads\/2024\/05\/\u56fe\u724755-1.png\" alt=\"\" width=\"1000\" height=\"541\" srcset=\"https:\/\/www.xminsulation.com\/wp-content\/uploads\/2024\/05\/\u56fe\u724755-1.png 1000w, https:\/\/www.xminsulation.com\/wp-content\/uploads\/2024\/05\/\u56fe\u724755-1-300x162.png 300w, https:\/\/www.xminsulation.com\/wp-content\/uploads\/2024\/05\/\u56fe\u724755-1-768x415.png 768w, https:\/\/www.xminsulation.com\/wp-content\/uploads\/2024\/05\/\u56fe\u724755-1-600x325.png 600w\" sizes=\"(max-width: 1000px) 100vw, 1000px\" \/><\/p>\n<h2><strong><b>Ambiente e condi\u00e7\u00f5es de uso<\/b><\/strong><\/h2>\n<ol>\n<li>Temperatura do ar ambiente: -40\u00b0C~+40\u00b0C, diferen\u00e7a de temperatura di\u00e1ria de 25\u00b0C.<\/li>\n<li>Altitude: n\u00e3o mais que 2000 metros.<\/li>\n<li>Press\u00e3o do vento: n\u00e3o mais que 700 Pa (equivalente a uma velocidade do vento de 35 m\/s).<\/li>\n<li>N\u00edvel de polui\u00e7\u00e3o do ar: N\u00edvel IV.<\/li>\n<li>Intensidade do terremoto: n\u00e3o mais que 8 graus.<\/li>\n<li>Local de instala\u00e7\u00e3o: um local sem inflamabilidade, risco de explos\u00e3o, corros\u00e3o qu\u00edmica ou vibra\u00e7\u00e3o severa.<\/li>\n<\/ol>\n<h2><strong><b>Dimens\u00f5es gerais da instala\u00e7\u00e3o<\/b><\/strong><\/h2>\n<p><img loading=\"lazy\" decoding=\"async\" class=\"alignnone wp-image-1192 size-full\" src=\"http:\/\/www.xminsulation.com\/wp-content\/uploads\/2024\/05\/\u56fe\u724756-1.png\" alt=\"\" width=\"1000\" height=\"767\" srcset=\"https:\/\/www.xminsulation.com\/wp-content\/uploads\/2024\/05\/\u56fe\u724756-1.png 1000w, https:\/\/www.xminsulation.com\/wp-content\/uploads\/2024\/05\/\u56fe\u724756-1-300x230.png 300w, https:\/\/www.xminsulation.com\/wp-content\/uploads\/2024\/05\/\u56fe\u724756-1-768x589.png 768w, https:\/\/www.xminsulation.com\/wp-content\/uploads\/2024\/05\/\u56fe\u724756-1-600x460.png 600w\" sizes=\"(max-width: 1000px) 100vw, 1000px\" \/><\/p>\n<h2><strong><b>Transporte, Aceita\u00e7\u00e3o e Armazenamento<\/b><\/strong><\/h2>\n<ol>\n<li>Durante o transporte, toda a unidade deve ser embalada em uma caixa de embalagem fechada e fixada. Ela n\u00e3o deve ser virada ou inclinada durante o transporte, e medidas \u00e0 prova de choque devem ser tomadas. Ao carregar o disjuntor com as m\u00e3os nuas, levante os guarda-corpos em ambos os lados do disjuntor. \u00c9 estritamente proibido levantar as mangas isolantes de entrada e sa\u00edda. Ao levantar o disjuntor, voc\u00ea deve prender o dispositivo de eleva\u00e7\u00e3o na caixa.<\/li>\n<li>Aceita\u00e7\u00e3o. Ap\u00f3s receber o produto, o usu\u00e1rio dever\u00e1 executar as seguintes tarefas:<\/li>\n<li>Verifique se a embalagem est\u00e1 danificada.<\/li>\n<li>Ap\u00f3s desembalar, verifique se os inv\u00f3lucros de entrada e sa\u00edda do interruptor est\u00e3o rachados, se a caixa est\u00e1 deformada, se as instru\u00e7\u00f5es de abertura e fechamento est\u00e3o completas, se a placa de identifica\u00e7\u00e3o e o certificado do produto s\u00e3o consistentes com o formul\u00e1rio de pedido e se a lista de embalagem \u00e9 consistente com o produto real.<\/li>\n<li>Verifique se os documentos, acess\u00f3rios e pe\u00e7as de reposi\u00e7\u00e3o est\u00e3o completos em rela\u00e7\u00e3o \u00e0 lista de embalagem do produto.<\/li>\n<li>Verifique se os par\u00e2metros t\u00e9cnicos e o certificado do produto na placa de identifica\u00e7\u00e3o do disjuntor a v\u00e1cuo atendem aos requisitos do pedido.<\/li>\n<li>Os par\u00e2metros de contato e os par\u00e2metros de caracter\u00edsticas mec\u00e2nicas do disjuntor foram ajustados durante a inspe\u00e7\u00e3o de f\u00e1brica. Os usu\u00e1rios n\u00e3o precisam desembalar e inspecionar o disjuntor. Eles podem instal\u00e1-lo ap\u00f3s realizar um teste de tens\u00e3o de resist\u00eancia, conforme necess\u00e1rio. A inspe\u00e7\u00e3o das caracter\u00edsticas mec\u00e2nicas pode ser realizada conforme necess\u00e1rio, se as condi\u00e7\u00f5es permitirem.<\/li>\n<li>Armazenamento. O disjuntor a v\u00e1cuo e o controlador devem ser armazenados em uma sala seca, ventilada, \u00e0 prova de umidade, \u00e0 prova de choque e \u00e0 prova de g\u00e1s prejudicial. Para armazenamento de longo prazo, o ambiente deve ser verificado regularmente para ver se atende aos requisitos. A embalagem, desembalagem e armazenamento devem ser feitos em uma sala seca, e os produtos e componentes devem ser verificados quanto \u00e0 integridade e consist\u00eancia. E a altura de sobreposi\u00e7\u00e3o do corpo do controlador n\u00e3o deve exceder 3 camadas.<\/li>\n<\/ol>\n<h2><strong><b>Instala\u00e7\u00e3o e comissionamento<\/b><\/strong><\/h2>\n<ol>\n<li>Inspe\u00e7\u00e3o e comissionamento antes da instala\u00e7\u00e3o.<\/li>\n<li>Verifique se o modelo e as especifica\u00e7\u00f5es do disjuntor est\u00e3o de acordo com o contrato do pedido.<\/li>\n<li>Verifique se os documentos e anexos que acompanham est\u00e3o completos.<\/li>\n<li>Verifique se a superf\u00edcie do disjuntor est\u00e1 machucada e se as partes isolantes est\u00e3o danificadas ou rachadas.<\/li>\n<li>Verifique se a caixa est\u00e1 deformada e verifique sua veda\u00e7\u00e3o.<\/li>\n<li>Se os fixadores est\u00e3o soltos.<\/li>\n<li>H\u00e1 algum ru\u00eddo anormal dentro da caixa?<\/li>\n<li>O disjuntor operado manualmente ou eletricamente \u00e9 fechado e aberto 10 vezes, e a abertura e o fechamento devem ser confi\u00e1veis.<\/li>\n<\/ol>\n<p>h, realize um teste de sobrecorrente e o valor de configura\u00e7\u00e3o de sobrecorrente deve atender aos requisitos.<\/p>\n<ol>\n<li>Use o m\u00e9todo de tens\u00e3o de resist\u00eancia de frequ\u00eancia de energia para verificar o grau de v\u00e1cuo da c\u00e2mara de extin\u00e7\u00e3o de arco de v\u00e1cuo. Quando o disjuntor estiver na posi\u00e7\u00e3o aberta, aplique uma tens\u00e3o de frequ\u00eancia de energia de 48 kV entre as fraturas por 1 minuto e n\u00e3o deve haver flashover ou quebra.<\/li>\n<li>N\u00e3o deve haver flashover ou quebra quando uma tens\u00e3o de frequ\u00eancia de energia de 42 kV for aplicada entre as fases e ao aterramento do disjuntor por 1 minuto.<\/li>\n<li>Quando o produto estiver danificado ou apresentar outros problemas, \u00e9 recomend\u00e1vel tirar fotos do dano no local e notificar o fornecedor em tempo h\u00e1bil.<\/li>\n<li>Instala\u00e7\u00e3o.<\/li>\n<li>Preste aten\u00e7\u00e3o \u00e0 seguran\u00e7a ao levantar. Voc\u00ea deve prender os quatro an\u00e9is de eleva\u00e7\u00e3o na caixa e levant\u00e1-la horizontalmente.<\/li>\n<li>Fixe o disjuntor no suporte de montagem com parafusos. A superf\u00edcie de montagem deve ser plana. Se os quatro pontos de montagem n\u00e3o estiverem no mesmo plano, arruelas devem ser adicionadas para evitar que a estrutura geral do disjuntor se deforme devido ao estresse.<\/li>\n<li>Quando o disjuntor \u00e9 conectado ao barramento, a extremidade de sa\u00edda do disjuntor n\u00e3o pode ser submetida a tens\u00e3o, press\u00e3o ou torque permanentes.<\/li>\n<li>Ap\u00f3s a instala\u00e7\u00e3o, o disjuntor deve ser inspecionado e limpo.<\/li>\n<\/ol>\n<p><img loading=\"lazy\" decoding=\"async\" class=\"alignnone wp-image-1193 size-full\" src=\"http:\/\/www.xminsulation.com\/wp-content\/uploads\/2024\/05\/\u56fe\u724757-1.png\" alt=\"\" width=\"1167\" height=\"740\" srcset=\"https:\/\/www.xminsulation.com\/wp-content\/uploads\/2024\/05\/\u56fe\u724757-1.png 1167w, https:\/\/www.xminsulation.com\/wp-content\/uploads\/2024\/05\/\u56fe\u724757-1-300x190.png 300w, https:\/\/www.xminsulation.com\/wp-content\/uploads\/2024\/05\/\u56fe\u724757-1-1024x649.png 1024w, https:\/\/www.xminsulation.com\/wp-content\/uploads\/2024\/05\/\u56fe\u724757-1-768x487.png 768w, https:\/\/www.xminsulation.com\/wp-content\/uploads\/2024\/05\/\u56fe\u724757-1-600x380.png 600w\" sizes=\"(max-width: 1167px) 100vw, 1167px\" \/><\/p>\n<h2><strong><b>Manuten\u00e7\u00e3o<\/b><\/strong><\/h2>\n<ol>\n<li>O disjuntor deve ser inspecionado a cada cinco anos para limpar a superf\u00edcie das pe\u00e7as isolantes, verificar o desgaste das partes m\u00f3veis do mecanismo e injetar graxa nas pe\u00e7as da transmiss\u00e3o.<\/li>\n<li>Verifique se os fixadores est\u00e3o soltos e se os an\u00e9is de fixa\u00e7\u00e3o e os circlips est\u00e3o deformados ou ca\u00eddos. Se estiverem, eles devem ser restaurados ao status normal em tempo.<\/li>\n<li>Quando o disjuntor \u00e9 deixado por um longo tempo ou raramente operado, a parte m\u00f3vel pode ser bloqueada. Se estiver equipado com um mecanismo de opera\u00e7\u00e3o de mola, o disjuntor deve ser armazenado e fechado e aberto pelo menos 5 vezes por ano. Se o controlador do mecanismo de \u00edm\u00e3 permanente configurado perder energia, voc\u00ea precisa usar uma fonte de alimenta\u00e7\u00e3o externa para carregar o capacitor interno do controlador e, em seguida, executar pelo menos 5 opera\u00e7\u00f5es de fechamento e abertura.<\/li>\n<li>Realize um teste de tens\u00e3o de resist\u00eancia \u00e0 frequ\u00eancia de energia para determinar se a c\u00e2mara de extin\u00e7\u00e3o de arco a v\u00e1cuo est\u00e1 com vazamento cr\u00f4nico ou se a resist\u00eancia do isolamento de outras pe\u00e7as isolantes est\u00e1 reduzida.<\/li>\n<li>Para locais com opera\u00e7\u00f5es frequentes, deve-se prestar aten\u00e7\u00e3o ao desgaste dos contatos, n\u00e3o podendo ser utilizado al\u00e9m do n\u00famero permitido de interrup\u00e7\u00f5es de curto-circuito e da vida \u00fatil mec\u00e2nica da c\u00e2mara de extin\u00e7\u00e3o de arco a v\u00e1cuo.<\/li>\n<li>Coisas a serem observadas:<\/li>\n<li>Durante a manuten\u00e7\u00e3o, o disjuntor deve estar em estado de n\u00e3o armazenamento de energia e aberto, e todas as fontes de alimenta\u00e7\u00e3o devem ser desconectadas. Devido ao armazenamento de energia e fechamento<\/li>\n<\/ol>\n<p>As molas de estado acumulam toda energia. Se voc\u00ea n\u00e3o for cuidadoso durante a manuten\u00e7\u00e3o, o movimento do mecanismo pode causar ferimentos nas m\u00e3os humanas.<\/p>\n<ol>\n<li>A manuten\u00e7\u00e3o deve ser realizada por profissionais.<\/li>\n<li>Ap\u00f3s a manuten\u00e7\u00e3o, especialmente ap\u00f3s a substitui\u00e7\u00e3o de pe\u00e7as ou reajuste, as caracter\u00edsticas mec\u00e2nicas do interruptor devem ser testadas para garantir que ele atenda \u00e0s condi\u00e7\u00f5es t\u00e9cnicas.<\/li>\n<\/ol>\n<div class=\"wxts\">\n<h2>\u25c6Personaliza\u00e7\u00e3o Especial<\/h2>\n<p>Os par\u00e2metros acima s\u00e3o dados t\u00edpicos; se os estilos existentes n\u00e3o atenderem \u00e0s suas demandas espec\u00edficas, entre em contato conosco para um design personalizado. Temos habilidades significativas de desenvolvimento e produ\u00e7\u00e3o de personaliza\u00e7\u00e3o personalizada, o que nos permite fornecer solu\u00e7\u00f5es personalizadas para clientes em todo o mundo.<\/p>\n<\/div>","protected":false},"excerpt":{"rendered":"<p>&nbsp; Product Description ZW32-12kV primary and secondary integrated outdoor pole-mounted vacuum circuit breaker, rated voltage 12kV, three-phase AC 50Hz\/60Hz outdoor primary switching equipment, mainly used for breaking and closing load current, overload current and short-circuit current in the power system . It is suitable for protection and control in power distribution systems of substations and [&hellip;]<\/p>","protected":false},"featured_media":1185,"template":"","meta":{"site-sidebar-layout":"default","site-content-layout":"","ast-site-content-layout":"default","site-content-style":"default","site-sidebar-style":"default","ast-global-header-display":"","ast-banner-title-visibility":"","ast-main-header-display":"","ast-hfb-above-header-display":"","ast-hfb-below-header-display":"","ast-hfb-mobile-header-display":"","site-post-title":"","ast-breadcrumbs-content":"","ast-featured-img":"","footer-sml-layout":"","theme-transparent-header-meta":"default","adv-header-id-meta":"","stick-header-meta":"","header-above-stick-meta":"","header-main-stick-meta":"","header-below-stick-meta":"","astra-migrate-meta-layouts":"set","ast-page-background-enabled":"default","ast-page-background-meta":{"desktop":{"background-color":"","background-image":"","background-repeat":"repeat","background-position":"center center","background-size":"auto","background-attachment":"scroll","background-type":"","background-media":"","overlay-type":"","overlay-color":"","overlay-gradient":""},"tablet":{"background-color":"","background-image":"","background-repeat":"repeat","background-position":"center center","background-size":"auto","background-attachment":"scroll","background-type":"","background-media":"","overlay-type":"","overlay-color":"","overlay-gradient":""},"mobile":{"background-color":"","background-image":"","background-repeat":"repeat","background-position":"center center","background-size":"auto","background-attachment":"scroll","background-type":"","background-media":"","overlay-type":"","overlay-color":"","overlay-gradient":""}},"ast-content-background-meta":{"desktop":{"background-color":"var(--ast-global-color-5)","background-image":"","background-repeat":"repeat","background-position":"center center","background-size":"auto","background-attachment":"scroll","background-type":"","background-media":"","overlay-type":"","overlay-color":"","overlay-gradient":""},"tablet":{"background-color":"var(--ast-global-color-5)","background-image":"","background-repeat":"repeat","background-position":"center center","background-size":"auto","background-attachment":"scroll","background-type":"","background-media":"","overlay-type":"","overlay-color":"","overlay-gradient":""},"mobile":{"background-color":"var(--ast-global-color-5)","background-image":"","background-repeat":"repeat","background-position":"center center","background-size":"auto","background-attachment":"scroll","background-type":"","background-media":"","overlay-type":"","overlay-color":"","overlay-gradient":""}}},"product_cat":[24],"product_tag":[],"class_list":{"0":"post-1184","1":"product","2":"type-product","3":"status-publish","4":"has-post-thumbnail","6":"product_cat-10-40-5kv-outdoor-pole-mounted-vacuum-auto-recloser","7":"desktop-align-left","8":"tablet-align-left","9":"mobile-align-left","11":"first","12":"instock","13":"shipping-taxable","14":"product-type-simple"},"_links":{"self":[{"href":"https:\/\/www.xminsulation.com\/pt\/wp-json\/wp\/v2\/product\/1184","targetHints":{"allow":["GET"]}}],"collection":[{"href":"https:\/\/www.xminsulation.com\/pt\/wp-json\/wp\/v2\/product"}],"about":[{"href":"https:\/\/www.xminsulation.com\/pt\/wp-json\/wp\/v2\/types\/product"}],"wp:featuredmedia":[{"embeddable":true,"href":"https:\/\/www.xminsulation.com\/pt\/wp-json\/wp\/v2\/media\/1185"}],"wp:attachment":[{"href":"https:\/\/www.xminsulation.com\/pt\/wp-json\/wp\/v2\/media?parent=1184"}],"wp:term":[{"taxonomy":"product_cat","embeddable":true,"href":"https:\/\/www.xminsulation.com\/pt\/wp-json\/wp\/v2\/product_cat?post=1184"},{"taxonomy":"product_tag","embeddable":true,"href":"https:\/\/www.xminsulation.com\/pt\/wp-json\/wp\/v2\/product_tag?post=1184"}],"curies":[{"name":"wp","href":"https:\/\/api.w.org\/{rel}","templated":true}]}}