{"id":1069,"date":"2024-05-06T11:09:04","date_gmt":"2024-05-06T03:09:04","guid":{"rendered":"http:\/\/www.xminsulation.com\/?post_type=product&#038;p=1069"},"modified":"2024-05-15T16:42:26","modified_gmt":"2024-05-15T08:42:26","slug":"quik-lock-plugs-and-receptacles-for-low-voltage","status":"publish","type":"product","link":"https:\/\/www.xminsulation.com\/pt\/product\/quik-lock-plugs-and-receptacles-for-low-voltage\/","title":{"rendered":"Plugues e recept\u00e1culos Quik-Lock para baixa tens\u00e3o"},"content":{"rendered":"<p><img fetchpriority=\"high\" decoding=\"async\" class=\"alignnone wp-image-1071 size-full\" src=\"http:\/\/www.xminsulation.com\/wp-content\/uploads\/2024\/05\/\u56fe\u724762-1.jpg\" alt=\"\" width=\"800\" height=\"800\" srcset=\"https:\/\/www.xminsulation.com\/wp-content\/uploads\/2024\/05\/\u56fe\u724762-1.jpg 800w, https:\/\/www.xminsulation.com\/wp-content\/uploads\/2024\/05\/\u56fe\u724762-1-300x300.jpg 300w, https:\/\/www.xminsulation.com\/wp-content\/uploads\/2024\/05\/\u56fe\u724762-1-150x150.jpg 150w, https:\/\/www.xminsulation.com\/wp-content\/uploads\/2024\/05\/\u56fe\u724762-1-768x768.jpg 768w, https:\/\/www.xminsulation.com\/wp-content\/uploads\/2024\/05\/\u56fe\u724762-1-600x600.jpg 600w, https:\/\/www.xminsulation.com\/wp-content\/uploads\/2024\/05\/\u56fe\u724762-1-100x100.jpg 100w\" sizes=\"(max-width: 800px) 100vw, 800px\" \/> <img decoding=\"async\" class=\"alignnone wp-image-1072 size-full\" src=\"http:\/\/www.xminsulation.com\/wp-content\/uploads\/2024\/05\/\u56fe\u724763.png\" alt=\"\" width=\"808\" height=\"377\" srcset=\"https:\/\/www.xminsulation.com\/wp-content\/uploads\/2024\/05\/\u56fe\u724763.png 808w, https:\/\/www.xminsulation.com\/wp-content\/uploads\/2024\/05\/\u56fe\u724763-300x140.png 300w, https:\/\/www.xminsulation.com\/wp-content\/uploads\/2024\/05\/\u56fe\u724763-768x358.png 768w, https:\/\/www.xminsulation.com\/wp-content\/uploads\/2024\/05\/\u56fe\u724763-600x280.png 600w\" sizes=\"(max-width: 808px) 100vw, 808px\" \/> <img decoding=\"async\" class=\"alignnone wp-image-1073 size-full\" src=\"http:\/\/www.xminsulation.com\/wp-content\/uploads\/2024\/05\/\u56fe\u724764.png\" alt=\"\" width=\"694\" height=\"376\" srcset=\"https:\/\/www.xminsulation.com\/wp-content\/uploads\/2024\/05\/\u56fe\u724764.png 694w, https:\/\/www.xminsulation.com\/wp-content\/uploads\/2024\/05\/\u56fe\u724764-300x163.png 300w, https:\/\/www.xminsulation.com\/wp-content\/uploads\/2024\/05\/\u56fe\u724764-600x325.png 600w\" sizes=\"(max-width: 694px) 100vw, 694px\" \/><\/p>\n<h2><strong><b>Informa\u00e7\u00f5es gerais<\/b><\/strong><\/h2>\n<p>A interface de plugue r\u00e1pido de fonte de alimenta\u00e7\u00e3o de emerg\u00eancia de baixa tens\u00e3o tamb\u00e9m \u00e9 chamada de acoplador de conex\u00e3o r\u00e1pida de fonte de alimenta\u00e7\u00e3o de emerg\u00eancia. Uma extremidade dela \u00e9 conectada e fixada com o conector no carro gerador, e a outra extremidade \u00e9 conectada e fixada com a interface de energia de emerg\u00eancia no gabinete de comuta\u00e7\u00e3o de m\u00e9dia ou baixa tens\u00e3o para formar um sistema de acesso r\u00e1pido de fonte de alimenta\u00e7\u00e3o de emerg\u00eancia. . Amplamente utilizado em ve\u00edculos de gera\u00e7\u00e3o de energia, geradores, gabinetes de distribui\u00e7\u00e3o, distribui\u00e7\u00e3o de energia, etc. Os produtos s\u00e3o divididos em dois n\u00edveis de tens\u00e3o: m\u00e9dia tens\u00e3o e baixa tens\u00e3o.<\/p>\n<p>Ve\u00edculo de gera\u00e7\u00e3o de energia de emerg\u00eancia \u00e9 um tipo de equipamento de gera\u00e7\u00e3o de energia de backup de emerg\u00eancia, que geralmente \u00e9 usado para fornecer energia quando h\u00e1 uma queda repentina de energia ou o local n\u00e3o pode ser conectado \u00e0 rede el\u00e9trica. Ve\u00edculos de gera\u00e7\u00e3o de energia de emerg\u00eancia s\u00e3o usados principalmente nos seguintes cen\u00e1rios: Primeiro, h\u00e1 uma queda repentina de energia ou o local n\u00e3o pode ser conectado \u00e0 rede el\u00e9trica. Por exemplo, no caso de uma queda de energia ou o local n\u00e3o pode ser conectado \u00e0 rede el\u00e9trica devido a desastres naturais, falhas de instala\u00e7\u00f5es, manuten\u00e7\u00e3o de linha ou equipamento, etc., a gera\u00e7\u00e3o de energia de emerg\u00eancia \u00e9 necess\u00e1ria. O carro pode fornecer servi\u00e7o de fornecimento de energia como uma fonte de energia de backup. A segunda \u00e9 a demanda tempor\u00e1ria de energia, como constru\u00e7\u00e3o, desempenho e outros projetos. No caso de demanda tempor\u00e1ria de energia, ve\u00edculos de gera\u00e7\u00e3o de energia de emerg\u00eancia podem fornecer a capacidade de sa\u00edda de energia necess\u00e1ria para atender \u00e0 demanda tempor\u00e1ria de energia. A terceira \u00e9 a demanda por fornecimento de energia m\u00f3vel. Devido \u00e0 sua alta mobilidade, pode facilitar o fornecimento de energia e a resposta de emerg\u00eancia quando necess\u00e1rio.<\/p>\n<p>Na China, atualmente, os ve\u00edculos de gera\u00e7\u00e3o de energia s\u00e3o divididos principalmente em ve\u00edculos de gera\u00e7\u00e3o de energia de m\u00e9dia tens\u00e3o de 10 kV e ve\u00edculos de gera\u00e7\u00e3o de energia de baixa tens\u00e3o de 0,4 kV. Carros geradores conectados \u00e0 rede de baixa tens\u00e3o t\u00eam uma ampla gama de aplica\u00e7\u00f5es e podem ser conectados a arm\u00e1rios de distribui\u00e7\u00e3o montados na parede, no ch\u00e3o ou embutidos.<\/p>\n<p>Para garantir o fornecimento r\u00e1pido de energia para reparos de emerg\u00eancia em \u00e1reas residenciais urbanas e usu\u00e1rios importantes, reservar\/instalar dispositivos de acesso r\u00e1pido de emerg\u00eancia em conjuntos completos de baixa tens\u00e3o existentes de aparelhagem de manobra pode economizar muito tempo de prepara\u00e7\u00e3o do fornecimento de energia de emerg\u00eancia e melhorar a seguran\u00e7a e a confiabilidade do fornecimento de energia. Este produto \u00e9 amplamente utilizado em testes de fornecimento de energia, ve\u00edculos de gera\u00e7\u00e3o de energia, ve\u00edculos de fornecimento de energia de emerg\u00eancia, interruptor de bypass, gabinetes de distribui\u00e7\u00e3o, distribui\u00e7\u00e3o de energia e outros cen\u00e1rios.<\/p>\n<h2><strong><b>Caracter\u00edsticas do produto<\/b><\/strong><\/h2>\n<ol>\n<li>Este produto \u00e9 seguro e confi\u00e1vel, e n\u00e3o h\u00e1 fa\u00edsca ao conectar ou desconectar. O conector adota um sistema de conex\u00e3o com um mecanismo de travamento, que \u00e9 firmemente conectado e tem a fun\u00e7\u00e3o de evitar choque el\u00e9trico.<\/li>\n<li>Tamanho pequeno, conex\u00e3o r\u00e1pida, opera\u00e7\u00e3o simples e conex\u00e3o conveniente.<\/li>\n<li>O conector r\u00e1pido tem forte capacidade de condu\u00e7\u00e3o de corrente, resist\u00eancia de contato extremamente pequena, contato confi\u00e1vel, pode passar grandes correntes e gera muito pouco calor (a tecnologia central do princ\u00edpio de contato multiponto de dedo de contato el\u00e1stico tem sido amplamente utilizada em solu\u00e7\u00f5es multinacionais de aparelhagem de alta tens\u00e3o, como Siemens e ABB. Contato confi\u00e1vel e problemas m\u00ednimos de aumento de temperatura).<\/li>\n<li>Vida \u00fatil mec\u00e2nica: O acoplador do soquete do painel pode ser conectado e desconectado no m\u00ednimo 5.000 vezes no m\u00e9todo correto de conex\u00e3o e desconex\u00e3o.<\/li>\n<li>Resistente \u00e0 corros\u00e3o por n\u00e9voa salina (aplic\u00e1vel a portas), robusto e dur\u00e1vel, adequado para ambientes adversos e com longa vida \u00fatil.<\/li>\n<li>\u00c1rea da se\u00e7\u00e3o transversal do cabo aplic\u00e1vel: 50~240 mm\u00b2.<\/li>\n<li>Grau de prote\u00e7\u00e3o IP65.<\/li>\n<li>Livre de manuten\u00e7\u00e3o, economiza energia e \u00e9 ecologicamente correto.<\/li>\n<\/ol>\n<p><img loading=\"lazy\" decoding=\"async\" class=\"alignnone wp-image-1074 size-full\" src=\"http:\/\/www.xminsulation.com\/wp-content\/uploads\/2024\/05\/\u56fe\u724765.png\" alt=\"\" width=\"1000\" height=\"1056\" srcset=\"https:\/\/www.xminsulation.com\/wp-content\/uploads\/2024\/05\/\u56fe\u724765.png 1000w, https:\/\/www.xminsulation.com\/wp-content\/uploads\/2024\/05\/\u56fe\u724765-284x300.png 284w, https:\/\/www.xminsulation.com\/wp-content\/uploads\/2024\/05\/\u56fe\u724765-970x1024.png 970w, https:\/\/www.xminsulation.com\/wp-content\/uploads\/2024\/05\/\u56fe\u724765-768x811.png 768w, https:\/\/www.xminsulation.com\/wp-content\/uploads\/2024\/05\/\u56fe\u724765-600x634.png 600w\" sizes=\"(max-width: 1000px) 100vw, 1000px\" \/><\/p>\n<h2><strong><b>Direto <\/b><\/strong><strong><b>P<\/b><\/strong><strong><b>anel <\/b><\/strong><strong><b>R<\/b><\/strong><strong><b>Estrutura geral e dimens\u00f5es de instala\u00e7\u00e3o do eceptacle<\/b><\/strong><\/h2>\n<p><strong><b> <img loading=\"lazy\" decoding=\"async\" class=\"alignnone wp-image-1075 size-full\" src=\"http:\/\/www.xminsulation.com\/wp-content\/uploads\/2024\/05\/\u56fe\u724766.png\" alt=\"\" width=\"1000\" height=\"520\" srcset=\"https:\/\/www.xminsulation.com\/wp-content\/uploads\/2024\/05\/\u56fe\u724766.png 1000w, https:\/\/www.xminsulation.com\/wp-content\/uploads\/2024\/05\/\u56fe\u724766-300x156.png 300w, https:\/\/www.xminsulation.com\/wp-content\/uploads\/2024\/05\/\u56fe\u724766-768x399.png 768w, https:\/\/www.xminsulation.com\/wp-content\/uploads\/2024\/05\/\u56fe\u724766-600x312.png 600w\" sizes=\"(max-width: 1000px) 100vw, 1000px\" \/> <img loading=\"lazy\" decoding=\"async\" class=\"alignnone wp-image-1076 size-full\" src=\"http:\/\/www.xminsulation.com\/wp-content\/uploads\/2024\/05\/\u56fe\u724767.png\" alt=\"\" width=\"1000\" height=\"412\" srcset=\"https:\/\/www.xminsulation.com\/wp-content\/uploads\/2024\/05\/\u56fe\u724767.png 1000w, https:\/\/www.xminsulation.com\/wp-content\/uploads\/2024\/05\/\u56fe\u724767-300x124.png 300w, https:\/\/www.xminsulation.com\/wp-content\/uploads\/2024\/05\/\u56fe\u724767-768x316.png 768w, https:\/\/www.xminsulation.com\/wp-content\/uploads\/2024\/05\/\u56fe\u724767-600x247.png 600w\" sizes=\"(max-width: 1000px) 100vw, 1000px\" \/><\/b><\/strong><strong><b>\u00a0<\/b><\/strong><\/p>\n<h2><strong><b>Plugue reto<\/b><\/strong><\/h2>\n<p><img loading=\"lazy\" decoding=\"async\" class=\"alignnone wp-image-1077 size-full\" src=\"http:\/\/www.xminsulation.com\/wp-content\/uploads\/2024\/05\/\u56fe\u724768.png\" alt=\"\" width=\"862\" height=\"677\" srcset=\"https:\/\/www.xminsulation.com\/wp-content\/uploads\/2024\/05\/\u56fe\u724768.png 862w, https:\/\/www.xminsulation.com\/wp-content\/uploads\/2024\/05\/\u56fe\u724768-300x236.png 300w, https:\/\/www.xminsulation.com\/wp-content\/uploads\/2024\/05\/\u56fe\u724768-768x603.png 768w, https:\/\/www.xminsulation.com\/wp-content\/uploads\/2024\/05\/\u56fe\u724768-600x471.png 600w\" sizes=\"(max-width: 862px) 100vw, 862px\" \/> <img loading=\"lazy\" decoding=\"async\" class=\"alignnone wp-image-1078 size-full\" src=\"http:\/\/www.xminsulation.com\/wp-content\/uploads\/2024\/05\/\u56fe\u724769.png\" alt=\"\" width=\"1404\" height=\"411\" srcset=\"https:\/\/www.xminsulation.com\/wp-content\/uploads\/2024\/05\/\u56fe\u724769.png 1404w, https:\/\/www.xminsulation.com\/wp-content\/uploads\/2024\/05\/\u56fe\u724769-300x88.png 300w, https:\/\/www.xminsulation.com\/wp-content\/uploads\/2024\/05\/\u56fe\u724769-1024x300.png 1024w, https:\/\/www.xminsulation.com\/wp-content\/uploads\/2024\/05\/\u56fe\u724769-768x225.png 768w, https:\/\/www.xminsulation.com\/wp-content\/uploads\/2024\/05\/\u56fe\u724769-600x176.png 600w\" sizes=\"(max-width: 1404px) 100vw, 1404px\" \/> <img loading=\"lazy\" decoding=\"async\" class=\"alignnone wp-image-1079 size-full\" src=\"http:\/\/www.xminsulation.com\/wp-content\/uploads\/2024\/05\/\u56fe\u724770.png\" alt=\"\" width=\"1000\" height=\"378\" srcset=\"https:\/\/www.xminsulation.com\/wp-content\/uploads\/2024\/05\/\u56fe\u724770.png 1000w, https:\/\/www.xminsulation.com\/wp-content\/uploads\/2024\/05\/\u56fe\u724770-300x113.png 300w, https:\/\/www.xminsulation.com\/wp-content\/uploads\/2024\/05\/\u56fe\u724770-768x290.png 768w, https:\/\/www.xminsulation.com\/wp-content\/uploads\/2024\/05\/\u56fe\u724770-600x227.png 600w\" sizes=\"(max-width: 1000px) 100vw, 1000px\" \/><\/p>\n<h2><strong><b>Cen\u00e1rios de aplica\u00e7\u00e3o<\/b><\/strong><\/h2>\n<p><img loading=\"lazy\" decoding=\"async\" class=\"alignnone wp-image-1080 size-full\" src=\"http:\/\/www.xminsulation.com\/wp-content\/uploads\/2024\/05\/\u56fe\u724771.png\" alt=\"\" width=\"759\" height=\"659\" srcset=\"https:\/\/www.xminsulation.com\/wp-content\/uploads\/2024\/05\/\u56fe\u724771.png 759w, https:\/\/www.xminsulation.com\/wp-content\/uploads\/2024\/05\/\u56fe\u724771-300x260.png 300w, https:\/\/www.xminsulation.com\/wp-content\/uploads\/2024\/05\/\u56fe\u724771-600x521.png 600w\" sizes=\"(max-width: 759px) 100vw, 759px\" \/><\/p>\n<p><strong><b>Caixa de acesso r\u00e1pido para gerador de emerg\u00eancia de baixa tens\u00e3o (caixa de acesso r\u00e1pido para gerador de circuito duplo (pode ser personalizada)<\/b><\/strong><\/p>\n<p><strong><b> <img loading=\"lazy\" decoding=\"async\" class=\"alignnone wp-image-1081 size-full\" src=\"http:\/\/www.xminsulation.com\/wp-content\/uploads\/2024\/05\/\u56fe\u724772.png\" alt=\"\" width=\"1000\" height=\"768\" srcset=\"https:\/\/www.xminsulation.com\/wp-content\/uploads\/2024\/05\/\u56fe\u724772.png 1000w, https:\/\/www.xminsulation.com\/wp-content\/uploads\/2024\/05\/\u56fe\u724772-300x230.png 300w, https:\/\/www.xminsulation.com\/wp-content\/uploads\/2024\/05\/\u56fe\u724772-768x590.png 768w, https:\/\/www.xminsulation.com\/wp-content\/uploads\/2024\/05\/\u56fe\u724772-600x461.png 600w\" sizes=\"(max-width: 1000px) 100vw, 1000px\" \/><\/b><\/strong><\/p>\n<h2><strong><b>Cen\u00e1rios de uso do gerador<\/b><\/strong><\/h2>\n<p><strong><b> <img loading=\"lazy\" decoding=\"async\" class=\"alignnone size-medium wp-image-1082\" src=\"http:\/\/www.xminsulation.com\/wp-content\/uploads\/2024\/05\/\u56fe\u724773-263x300.png\" alt=\"\" width=\"263\" height=\"300\" srcset=\"https:\/\/www.xminsulation.com\/wp-content\/uploads\/2024\/05\/\u56fe\u724773-263x300.png 263w, https:\/\/www.xminsulation.com\/wp-content\/uploads\/2024\/05\/\u56fe\u724773.png 600w\" sizes=\"(max-width: 263px) 100vw, 263px\" \/><\/b><\/strong><\/p>\n<p><strong><b>\u00a0<\/b><\/strong><\/p>\n<h2 class=\"wxts\">\u25c6Personaliza\u00e7\u00e3o Especial<\/h2>\n<p>Os par\u00e2metros acima s\u00e3o dados t\u00edpicos; se os estilos existentes n\u00e3o atenderem \u00e0s suas demandas espec\u00edficas, entre em contato conosco para um design personalizado. Temos habilidades significativas de desenvolvimento e produ\u00e7\u00e3o de personaliza\u00e7\u00e3o personalizada, o que nos permite fornecer solu\u00e7\u00f5es personalizadas para clientes em todo o mundo.<\/p>","protected":false},"excerpt":{"rendered":"<p>General Information The low-voltage emergency power supply quick-plug interface is also called the emergency power supply quick-connect coupler. One end of it is connected and fixed with the connector on the generator car, and the other end is connected and fixed with the emergency power interface on the medium-voltage or low-voltage switch cabinet to form [&hellip;]<\/p>","protected":false},"featured_media":1070,"template":"","meta":{"site-sidebar-layout":"default","site-content-layout":"","ast-site-content-layout":"default","site-content-style":"default","site-sidebar-style":"default","ast-global-header-display":"","ast-banner-title-visibility":"","ast-main-header-display":"","ast-hfb-above-header-display":"","ast-hfb-below-header-display":"","ast-hfb-mobile-header-display":"","site-post-title":"","ast-breadcrumbs-content":"","ast-featured-img":"","footer-sml-layout":"","theme-transparent-header-meta":"default","adv-header-id-meta":"","stick-header-meta":"","header-above-stick-meta":"","header-main-stick-meta":"","header-below-stick-meta":"","astra-migrate-meta-layouts":"set","ast-page-background-enabled":"default","ast-page-background-meta":{"desktop":{"background-color":"","background-image":"","background-repeat":"repeat","background-position":"center center","background-size":"auto","background-attachment":"scroll","background-type":"","background-media":"","overlay-type":"","overlay-color":"","overlay-gradient":""},"tablet":{"background-color":"","background-image":"","background-repeat":"repeat","background-position":"center center","background-size":"auto","background-attachment":"scroll","background-type":"","background-media":"","overlay-type":"","overlay-color":"","overlay-gradient":""},"mobile":{"background-color":"","background-image":"","background-repeat":"repeat","background-position":"center center","background-size":"auto","background-attachment":"scroll","background-type":"","background-media":"","overlay-type":"","overlay-color":"","overlay-gradient":""}},"ast-content-background-meta":{"desktop":{"background-color":"var(--ast-global-color-5)","background-image":"","background-repeat":"repeat","background-position":"center center","background-size":"auto","background-attachment":"scroll","background-type":"","background-media":"","overlay-type":"","overlay-color":"","overlay-gradient":""},"tablet":{"background-color":"var(--ast-global-color-5)","background-image":"","background-repeat":"repeat","background-position":"center center","background-size":"auto","background-attachment":"scroll","background-type":"","background-media":"","overlay-type":"","overlay-color":"","overlay-gradient":""},"mobile":{"background-color":"var(--ast-global-color-5)","background-image":"","background-repeat":"repeat","background-position":"center center","background-size":"auto","background-attachment":"scroll","background-type":"","background-media":"","overlay-type":"","overlay-color":"","overlay-gradient":""}}},"product_cat":[44],"product_tag":[],"class_list":{"0":"post-1069","1":"product","2":"type-product","3":"status-publish","4":"has-post-thumbnail","6":"product_cat-quik-lock-plugs-and-receptacles-mvlv","7":"desktop-align-left","8":"tablet-align-left","9":"mobile-align-left","11":"first","12":"instock","13":"shipping-taxable","14":"product-type-simple"},"_links":{"self":[{"href":"https:\/\/www.xminsulation.com\/pt\/wp-json\/wp\/v2\/product\/1069","targetHints":{"allow":["GET"]}}],"collection":[{"href":"https:\/\/www.xminsulation.com\/pt\/wp-json\/wp\/v2\/product"}],"about":[{"href":"https:\/\/www.xminsulation.com\/pt\/wp-json\/wp\/v2\/types\/product"}],"wp:featuredmedia":[{"embeddable":true,"href":"https:\/\/www.xminsulation.com\/pt\/wp-json\/wp\/v2\/media\/1070"}],"wp:attachment":[{"href":"https:\/\/www.xminsulation.com\/pt\/wp-json\/wp\/v2\/media?parent=1069"}],"wp:term":[{"taxonomy":"product_cat","embeddable":true,"href":"https:\/\/www.xminsulation.com\/pt\/wp-json\/wp\/v2\/product_cat?post=1069"},{"taxonomy":"product_tag","embeddable":true,"href":"https:\/\/www.xminsulation.com\/pt\/wp-json\/wp\/v2\/product_tag?post=1069"}],"curies":[{"name":"wp","href":"https:\/\/api.w.org\/{rel}","templated":true}]}}