{"id":1005,"date":"2024-05-06T10:07:26","date_gmt":"2024-05-06T02:07:26","guid":{"rendered":"http:\/\/www.xminsulation.com\/?post_type=product&#038;p=1005"},"modified":"2024-05-23T21:39:00","modified_gmt":"2024-05-23T13:39:00","slug":"24kv-630a-sf6-gis-circuit-breaker-switch","status":"publish","type":"product","link":"https:\/\/www.xminsulation.com\/pt\/product\/24kv-630a-sf6-gis-circuit-breaker-switch\/","title":{"rendered":"Disjuntor GIS SF6 24kV-630A"},"content":{"rendered":"<p><img fetchpriority=\"high\" decoding=\"async\" class=\"alignnone wp-image-1007 size-full\" src=\"http:\/\/www.xminsulation.com\/wp-content\/uploads\/2024\/05\/\u56fe\u72475-1.png\" alt=\"\" width=\"1000\" height=\"1000\" srcset=\"https:\/\/www.xminsulation.com\/wp-content\/uploads\/2024\/05\/\u56fe\u72475-1.png 1000w, https:\/\/www.xminsulation.com\/wp-content\/uploads\/2024\/05\/\u56fe\u72475-1-300x300.png 300w, https:\/\/www.xminsulation.com\/wp-content\/uploads\/2024\/05\/\u56fe\u72475-1-150x150.png 150w, https:\/\/www.xminsulation.com\/wp-content\/uploads\/2024\/05\/\u56fe\u72475-1-768x768.png 768w, https:\/\/www.xminsulation.com\/wp-content\/uploads\/2024\/05\/\u56fe\u72475-1-600x600.png 600w, https:\/\/www.xminsulation.com\/wp-content\/uploads\/2024\/05\/\u56fe\u72475-1-100x100.png 100w\" sizes=\"(max-width: 1000px) 100vw, 1000px\" \/><\/p>\n<p>&nbsp;<\/p>\n<h2><strong><b>Informa\u00e7\u00f5es gerais<\/b><\/strong><\/h2>\n<p>O disjuntor a v\u00e1cuo de alta tens\u00e3o SF6 GIS 24kV-630A totalmente isolado e totalmente selado \u00e9 um disjuntor a v\u00e1cuo especial para gabinete isolado a g\u00e1s SF6 de 24kV. O interruptor adota estrutura do tipo tala, que tem as vantagens de desempenho de interrup\u00e7\u00e3o confi\u00e1vel, longa vida \u00fatil, livre de manuten\u00e7\u00e3o e f\u00e1cil instala\u00e7\u00e3o.<\/p>\n<p>O disjuntor a v\u00e1cuo 24kV-630A \u00e9 usado principalmente no mercado comum de aparelhagem de metal fechado totalmente isolada SF6 tipo ABB ou para outros tipos semelhantes de gabinete de infla\u00e7\u00e3o SF6, pois os principais componentes do gabinete de infla\u00e7\u00e3o desempenham a fun\u00e7\u00e3o principal, com a corrente nominal e a corrente de carga; Desempenho de corrente de curto-circuito de fechamento e interrup\u00e7\u00e3o.<\/p>\n<h2><strong><b>Condi\u00e7\u00f5es ambientais de uso<\/b><\/strong><\/h2>\n<ol>\n<li>Local de instala\u00e7\u00e3o: Dentro do tanque de g\u00e1s.<\/li>\n<li>Temperatura ambiente (\u2103): -45~+40.<\/li>\n<li>Altitude(m):\u22642000.<\/li>\n<li>Umidade do ar (%): A m\u00e9dia di\u00e1ria n\u00e3o \u00e9 superior a 95%, e a m\u00e9dia mensal n\u00e3o \u00e9 superior a 90%.<\/li>\n<li>Intensidade s\u00edsmica: \u22648 graus<\/li>\n<\/ol>\n<p><img decoding=\"async\" class=\"alignnone wp-image-1008 size-full\" src=\"http:\/\/www.xminsulation.com\/wp-content\/uploads\/2024\/05\/\u56fe\u72476.png\" alt=\"\" width=\"1216\" height=\"934\" srcset=\"https:\/\/www.xminsulation.com\/wp-content\/uploads\/2024\/05\/\u56fe\u72476.png 1216w, https:\/\/www.xminsulation.com\/wp-content\/uploads\/2024\/05\/\u56fe\u72476-300x230.png 300w, https:\/\/www.xminsulation.com\/wp-content\/uploads\/2024\/05\/\u56fe\u72476-1024x787.png 1024w, https:\/\/www.xminsulation.com\/wp-content\/uploads\/2024\/05\/\u56fe\u72476-768x590.png 768w, https:\/\/www.xminsulation.com\/wp-content\/uploads\/2024\/05\/\u56fe\u72476-600x461.png 600w\" sizes=\"(max-width: 1216px) 100vw, 1216px\" \/><\/p>\n<h2><strong><b>Dimens\u00f5es da estrutura e instala\u00e7\u00e3o<\/b><\/strong><\/h2>\n<p><img decoding=\"async\" class=\"alignnone wp-image-1009 size-full\" src=\"http:\/\/www.xminsulation.com\/wp-content\/uploads\/2024\/05\/\u56fe\u72477.png\" alt=\"\" width=\"1072\" height=\"1174\" srcset=\"https:\/\/www.xminsulation.com\/wp-content\/uploads\/2024\/05\/\u56fe\u72477.png 1072w, https:\/\/www.xminsulation.com\/wp-content\/uploads\/2024\/05\/\u56fe\u72477-274x300.png 274w, https:\/\/www.xminsulation.com\/wp-content\/uploads\/2024\/05\/\u56fe\u72477-935x1024.png 935w, https:\/\/www.xminsulation.com\/wp-content\/uploads\/2024\/05\/\u56fe\u72477-768x841.png 768w, https:\/\/www.xminsulation.com\/wp-content\/uploads\/2024\/05\/\u56fe\u72477-600x657.png 600w\" sizes=\"(max-width: 1072px) 100vw, 1072px\" \/> <img loading=\"lazy\" decoding=\"async\" class=\"alignnone wp-image-1010 size-full\" src=\"http:\/\/www.xminsulation.com\/wp-content\/uploads\/2024\/05\/\u56fe\u72478.png\" alt=\"\" width=\"672\" height=\"517\" srcset=\"https:\/\/www.xminsulation.com\/wp-content\/uploads\/2024\/05\/\u56fe\u72478.png 672w, https:\/\/www.xminsulation.com\/wp-content\/uploads\/2024\/05\/\u56fe\u72478-300x231.png 300w, https:\/\/www.xminsulation.com\/wp-content\/uploads\/2024\/05\/\u56fe\u72478-600x462.png 600w\" sizes=\"(max-width: 672px) 100vw, 672px\" \/><\/p>\n<div class=\"wxts\">\n<h2>\u25c6Personaliza\u00e7\u00e3o Especial<\/h2>\n<p>Os par\u00e2metros acima s\u00e3o dados t\u00edpicos; se os estilos existentes n\u00e3o atenderem \u00e0s suas demandas espec\u00edficas, entre em contato conosco para um design personalizado. Temos habilidades significativas de desenvolvimento e produ\u00e7\u00e3o de personaliza\u00e7\u00e3o personalizada, o que nos permite fornecer solu\u00e7\u00f5es personalizadas para clientes em todo o mundo.<\/p>\n<\/div>","protected":false},"excerpt":{"rendered":"<p>&nbsp; General Information 24kV-630A Fully insulated and fully sealed SF6 GIS high-voltage Vacuum circuit breaker is a special vacuum circuit breaker for 24kV SF6 gas insulated cabinet. The switch adopts splint type structure, which has the advantages of reliable breaking performance, long service life, maintenance-free and easy installation. 24kV-630A vacuum circuit breaker is mainly used [&hellip;]<\/p>","protected":false},"featured_media":1006,"template":"","meta":{"site-sidebar-layout":"default","site-content-layout":"","ast-site-content-layout":"default","site-content-style":"default","site-sidebar-style":"default","ast-global-header-display":"","ast-banner-title-visibility":"","ast-main-header-display":"","ast-hfb-above-header-display":"","ast-hfb-below-header-display":"","ast-hfb-mobile-header-display":"","site-post-title":"","ast-breadcrumbs-content":"","ast-featured-img":"","footer-sml-layout":"","theme-transparent-header-meta":"default","adv-header-id-meta":"","stick-header-meta":"","header-above-stick-meta":"","header-main-stick-meta":"","header-below-stick-meta":"","astra-migrate-meta-layouts":"set","ast-page-background-enabled":"default","ast-page-background-meta":{"desktop":{"background-color":"","background-image":"","background-repeat":"repeat","background-position":"center center","background-size":"auto","background-attachment":"scroll","background-type":"","background-media":"","overlay-type":"","overlay-color":"","overlay-gradient":""},"tablet":{"background-color":"","background-image":"","background-repeat":"repeat","background-position":"center center","background-size":"auto","background-attachment":"scroll","background-type":"","background-media":"","overlay-type":"","overlay-color":"","overlay-gradient":""},"mobile":{"background-color":"","background-image":"","background-repeat":"repeat","background-position":"center center","background-size":"auto","background-attachment":"scroll","background-type":"","background-media":"","overlay-type":"","overlay-color":"","overlay-gradient":""}},"ast-content-background-meta":{"desktop":{"background-color":"var(--ast-global-color-5)","background-image":"","background-repeat":"repeat","background-position":"center center","background-size":"auto","background-attachment":"scroll","background-type":"","background-media":"","overlay-type":"","overlay-color":"","overlay-gradient":""},"tablet":{"background-color":"var(--ast-global-color-5)","background-image":"","background-repeat":"repeat","background-position":"center center","background-size":"auto","background-attachment":"scroll","background-type":"","background-media":"","overlay-type":"","overlay-color":"","overlay-gradient":""},"mobile":{"background-color":"var(--ast-global-color-5)","background-image":"","background-repeat":"repeat","background-position":"center center","background-size":"auto","background-attachment":"scroll","background-type":"","background-media":"","overlay-type":"","overlay-color":"","overlay-gradient":""}}},"product_cat":[31],"product_tag":[],"class_list":{"0":"post-1005","1":"product","2":"type-product","3":"status-publish","4":"has-post-thumbnail","6":"product_cat-10-40-5kv-indoor-sf6-circuit-breaker-switch","7":"desktop-align-left","8":"tablet-align-left","9":"mobile-align-left","11":"first","12":"instock","13":"shipping-taxable","14":"product-type-simple"},"_links":{"self":[{"href":"https:\/\/www.xminsulation.com\/pt\/wp-json\/wp\/v2\/product\/1005","targetHints":{"allow":["GET"]}}],"collection":[{"href":"https:\/\/www.xminsulation.com\/pt\/wp-json\/wp\/v2\/product"}],"about":[{"href":"https:\/\/www.xminsulation.com\/pt\/wp-json\/wp\/v2\/types\/product"}],"wp:featuredmedia":[{"embeddable":true,"href":"https:\/\/www.xminsulation.com\/pt\/wp-json\/wp\/v2\/media\/1006"}],"wp:attachment":[{"href":"https:\/\/www.xminsulation.com\/pt\/wp-json\/wp\/v2\/media?parent=1005"}],"wp:term":[{"taxonomy":"product_cat","embeddable":true,"href":"https:\/\/www.xminsulation.com\/pt\/wp-json\/wp\/v2\/product_cat?post=1005"},{"taxonomy":"product_tag","embeddable":true,"href":"https:\/\/www.xminsulation.com\/pt\/wp-json\/wp\/v2\/product_tag?post=1005"}],"curies":[{"name":"wp","href":"https:\/\/api.w.org\/{rel}","templated":true}]}}