{"id":436,"date":"2018-06-07T05:37:02","date_gmt":"2018-06-07T05:37:02","guid":{"rendered":"http:\/\/www.xminsulation.com\/about\/"},"modified":"2025-07-19T10:58:57","modified_gmt":"2025-07-19T02:58:57","slug":"about","status":"publish","type":"page","link":"https:\/\/www.xminsulation.com\/pt\/about\/","title":{"rendered":"About"},"content":{"rendered":"<div data-elementor-type=\"wp-post\" data-elementor-id=\"436\" class=\"elementor elementor-436\">\r\n\t\t\t\t<div class=\"elementor-element elementor-element-c27523c e-flex e-con-boxed e-con e-parent\" data-id=\"c27523c\" data-element_type=\"container\" data-settings=\"{&quot;background_background&quot;:&quot;classic&quot;}\">\r\n\t\t\t\t\t<div class=\"e-con-inner\">\r\n\t\t<div class=\"elementor-element elementor-element-76accec e-con-full e-flex e-con e-child\" data-id=\"76accec\" data-element_type=\"container\">\r\n\t\t\t\t<div class=\"elementor-element elementor-element-8a00b87 elementor-widget elementor-widget-heading\" data-id=\"8a00b87\" data-element_type=\"widget\" data-widget_type=\"heading.default\">\r\n\t\t\t\t<div class=\"elementor-widget-container\">\r\n\t\t\t<style>\/*! elementor - v3.21.0 - 25-04-2024 *\/\n.elementor-heading-title{padding:0;margin:0;line-height:1}.elementor-widget-heading .elementor-heading-title[class*=elementor-size-]>a{color:inherit;font-size:inherit;line-height:inherit}.elementor-widget-heading .elementor-heading-title.elementor-size-small{font-size:15px}.elementor-widget-heading .elementor-heading-title.elementor-size-medium{font-size:19px}.elementor-widget-heading .elementor-heading-title.elementor-size-large{font-size:29px}.elementor-widget-heading .elementor-heading-title.elementor-size-xl{font-size:39px}.elementor-widget-heading .elementor-heading-title.elementor-size-xxl{font-size:59px}<\/style><h1 class=\"elementor-heading-title elementor-size-default\">PERFIL DE COMPANHIA<\/h1>\t\t<\/div>\r\n\t\t\t\t<\/div>\r\n\t\t\t\t<\/div>\r\n\t\t\t\t\t<\/div>\r\n\t\t\t\t<\/div>\r\n\t\t<div class=\"elementor-element elementor-element-50d530a e-flex e-con-boxed e-con e-parent\" data-id=\"50d530a\" data-element_type=\"container\">\r\n\t\t\t\t\t<div class=\"e-con-inner\">\r\n\t\t\t\t<div class=\"elementor-element elementor-element-e64260f elementor-widget elementor-widget-text-editor\" data-id=\"e64260f\" data-element_type=\"widget\" data-widget_type=\"text-editor.default\">\r\n\t\t\t\t<div class=\"elementor-widget-container\">\r\n\t\t\t<style>\/*! elementor - v3.21.0 - 25-04-2024 *\/\n.elementor-widget-text-editor.elementor-drop-cap-view-stacked .elementor-drop-cap{background-color:#69727d;color:#fff}.elementor-widget-text-editor.elementor-drop-cap-view-framed .elementor-drop-cap{color:#69727d;border:3px solid;background-color:transparent}.elementor-widget-text-editor:not(.elementor-drop-cap-view-default) .elementor-drop-cap{margin-top:8px}.elementor-widget-text-editor:not(.elementor-drop-cap-view-default) .elementor-drop-cap-letter{width:1em;height:1em}.elementor-widget-text-editor .elementor-drop-cap{float:left;text-align:center;line-height:1;font-size:50px}.elementor-widget-text-editor .elementor-drop-cap-letter{display:inline-block}<\/style>\t\t\t\t<div><p><span style=\"background-color: var(--ast-global-color-5); color: var(--ast-global-color-3); font-size: 16.8px; font-style: inherit; font-weight: inherit; text-align: var(--text-align);\">\u00a0<\/span><\/p><p><span style=\"font-style: inherit; font-weight: inherit; text-align: var(--text-align); background-color: initial; font-family: Arial; color: #000000; font-size: 14pt;\">Cidade de Xiamen<\/span><span style=\"font-style: inherit; font-weight: inherit; text-align: var(--text-align); background-color: initial; font-family: Arial; color: #000000; font-size: 14pt;\">ula\u00e7\u00e3o <\/span><span style=\"font-style: inherit; font-weight: inherit; text-align: var(--text-align); background-color: initial; font-family: Arial; color: #000000; font-size: 14pt;\">A Electrical Technology Co., Ltd. foi fundada em 2013. Inicialmente especializou-se na produ\u00e7\u00e3o e venda de pe\u00e7as de isolamento de m\u00e9dia tens\u00e3o. Agora se expandiu para P&amp;D, produ\u00e7\u00e3o e vendas de equipamentos internos e externos<\/span><span style=\"font-style: inherit; font-weight: inherit; text-align: var(--text-align); background-color: initial; font-family: Arial; color: #000000; font-size: 14pt;\">\u00a0<\/span><span style=\"font-style: inherit; font-weight: inherit; text-align: var(--text-align); background-color: initial; font-family: Arial; color: #000000; font-size: 14pt;\">produtos de distribui\u00e7\u00e3o de m\u00e9dia tens\u00e3o, como carga <\/span><span style=\"font-style: inherit; font-weight: inherit; text-align: var(--text-align); background-color: initial; font-family: Arial; color: #000000; font-size: 14pt;\">quebrar <\/span><span style=\"font-style: inherit; font-weight: inherit; text-align: var(--text-align); background-color: initial; font-family: Arial; color: #000000; font-size: 14pt;\">comuta, <\/span><span style=\"font-style: inherit; font-weight: inherit; text-align: var(--text-align); background-color: initial; font-family: Arial; color: #000000; font-size: 14pt;\">v\u00e1cuo <\/span><span style=\"font-style: inherit; font-weight: inherit; text-align: var(--text-align); background-color: initial; font-family: Arial; color: #000000; font-size: 14pt;\">disjuntores,<\/span><span style=\"font-style: inherit; font-weight: inherit; text-align: var(--text-align); background-color: initial; font-family: \u5b8b\u4f53; color: #000000; font-size: 14pt;\">\u00a0<span style=\"font-family: Arial;\">interruptor de isolamento, unidades principais em anel, subesta\u00e7\u00f5es pr\u00e9-fabricadas, <\/span><\/span><span style=\"font-style: inherit; font-weight: inherit; text-align: var(--text-align); background-color: initial; font-family: Arial; color: #000000; font-size: 14pt;\">religadores externos, carga externa <\/span><span style=\"font-style: inherit; font-weight: inherit; text-align: var(--text-align); background-color: initial; font-family: \u5b8b\u4f53; color: #000000; font-size: 14pt;\"><span style=\"font-family: Arial;\">quebrar <\/span><\/span><span style=\"font-style: inherit; font-weight: inherit; text-align: var(--text-align); background-color: initial; font-family: Arial; color: #000000; font-size: 14pt;\">interruptores e inteligentes <\/span><span style=\"font-style: inherit; font-weight: inherit; text-align: var(--text-align); background-color: initial; font-family: Arial; color: #000000; font-size: 14pt;\">corte <\/span><span style=\"font-style: inherit; font-weight: inherit; text-align: var(--text-align); background-color: initial; font-family: Arial; color: #000000; font-size: 14pt;\">fora dos fus\u00edveis<\/span><span style=\"font-style: inherit; font-weight: inherit; text-align: var(--text-align); background-color: initial; font-family: \u5b8b\u4f53; color: #000000; font-size: 14pt;\">\u00a0<span style=\"font-family: Arial;\">etc. <\/span><\/span><span style=\"font-style: inherit; font-weight: inherit; text-align: var(--text-align); background-color: initial; font-family: Arial; color: #000000; font-size: 14pt;\">Os produtos s\u00e3o vendidos para cinco continentes ao redor do mundo.<\/span><\/p><p><span style=\"font-style: inherit; font-weight: inherit; text-align: var(--text-align); background-color: initial; font-family: Arial; color: #000000; font-size: 14pt;\">Temos uma equipe s\u00eanior de P&amp;D e muitos especialistas t\u00e9cnicos t\u00eam mais de 20 anos de experi\u00eancia no setor. Nosso engenheiro-chefe \u00e9 proficiente em produtos de m\u00e9dia e baixa tens\u00e3o, internos e externos, especialmente no projeto, desenvolvimento e fabrica\u00e7\u00e3o de interruptores e componentes, mecanismos operacionais, <\/span><span style=\"font-style: inherit; font-weight: inherit; text-align: var(--text-align); background-color: initial; font-family: \u5b8b\u4f53; color: #000000; font-size: 14pt;\"><span style=\"font-family: Arial;\">projeto de ferramenta<\/span><\/span><span style=\"font-style: inherit; font-weight: inherit; text-align: var(--text-align); background-color: initial; font-family: Arial; color: #000000; font-size: 14pt;\">, m\u00e1quinas, conjuntos completos de equipamentos, etc.,<\/span><span style=\"font-style: inherit; font-weight: inherit; text-align: var(--text-align); background-color: initial; font-family: \u5b8b\u4f53; color: #000000; font-size: 14pt;\">\u00a0<\/span><span style=\"font-style: inherit; font-weight: inherit; text-align: var(--text-align); background-color: initial; font-family: Arial; color: #000000; font-size: 14pt;\">e liderou muitos produtos populares no desenvolvimento da ind\u00fastria de m\u00e9dia tens\u00e3o.<\/span><\/p><p><span style=\"mso-spacerun: 'yes'; font-family: Arial; mso-fareast-font-family: \u5b8b\u4f53; color: #000000; font-size: 14.0000pt; mso-font-kerning: 0.5000pt;\">\u00a0<\/span><span style=\"color: #000000; font-family: Arial; font-size: 14pt; font-style: inherit; font-weight: inherit; text-align: var(--text-align); background-color: initial;\">Sempre aderimos \u00e0 inova\u00e7\u00e3o independente, criando v\u00e1rios componentes essenciais e solu\u00e7\u00f5es globais para clientes em todo o mundo, embarcando num caminho de inova\u00e7\u00e3o com caracter\u00edsticas pr\u00f3prias e tornando-nos especialistas na \u00e1rea de desenvolvimento personalizado de distribui\u00e7\u00e3o de energia de m\u00e9dia tens\u00e3o com inicial influ\u00eancia no pa\u00eds e no exterior.<\/span><\/p><p><span style=\"mso-spacerun: 'yes'; font-family: Arial; mso-fareast-font-family: \u5b8b\u4f53; color: #000000; font-size: 14.0000pt; mso-font-kerning: 0.5000pt;\">Recebemos o t\u00edtulo de \u201cEmpresa Nacional de Alta Tecnologia\u201d em outubro de 2020, o n\u00famero do certificado \u00e9 GR201735100369, recebemos o t\u00edtulo de \u201c<\/span><span style=\"font-family: Arial; letter-spacing: 0pt; font-size: 14pt; background-image: initial; background-position: initial; background-size: initial; background-repeat: initial; background-attachment: initial; background-origin: initial; background-clip: initial;\">Pequena empresa gigante de tecnologia da prov\u00edncia de Fujian<\/span><span style=\"mso-spacerun: 'yes'; font-family: Arial; mso-fareast-font-family: \u5b8b\u4f53; color: #000000; font-size: 14.0000pt; mso-font-kerning: 0.5000pt;\">\u201dem julho de 2020, o n\u00famero do certificado \u00e9 20200220 e recebeu o t\u00edtulo <\/span><span style=\"mso-spacerun: 'yes'; font-family: Arial; mso-fareast-font-family: \u5b8b\u4f53; color: #000000; font-size: 14.0000pt; mso-font-kerning: 0.5000pt;\">de \u201cEmpresas SRDI de Xiamen\u201d <\/span><span style=\"mso-spacerun: 'yes'; font-family: Arial; mso-fareast-font-family: \u5b8b\u4f53; color: #000000; font-size: 14.0000pt; mso-font-kerning: 0.5000pt;\">em junho de 2018.<\/span><span style=\"mso-spacerun: 'yes'; font-family: \u5b8b\u4f53; mso-ascii-font-family: Arial; mso-hansi-font-family: Arial; mso-bidi-font-family: Arial; color: #000000; font-size: 14.0000pt; mso-font-kerning: 0.5000pt;\">\u00a0<span style=\"font-family: Arial;\">Possu\u00edmos uma s\u00e9rie de patentes e estabelecemos bases conjuntas de pesquisa e inova\u00e7\u00e3o em P&amp;D com universidades como a Universidade de Tecnologia de Xiamen.<\/span><\/span><\/p><p><span style=\"mso-spacerun: 'yes'; font-family: Arial; mso-fareast-font-family: \u5b8b\u4f53; color: #000000; font-size: 14.0000pt; mso-font-kerning: 0.5000pt;\">Nossa f\u00e1brica possui uma \u00e1rea constru\u00edda de 15.000 metros quadrados e est\u00e1 totalmente equipada com m\u00e1quinas de produ\u00e7\u00e3o de \u00faltima gera\u00e7\u00e3o. <\/span><span style=\"mso-spacerun: 'yes'; font-family: Arial; mso-fareast-font-family: \u5b8b\u4f53; color: #000000; font-size: 14.0000pt; mso-font-kerning: 0.0000pt;\">Somos totalmente capazes de criar interruptores de m\u00e9dia tens\u00e3o, mecanismos operacionais, componentes principais e conjuntos completos de equipamentos, al\u00e9m de materiais isolantes APG e pe\u00e7as de silicone.<\/span><\/p><p><span style=\"mso-spacerun: 'yes'; font-family: \u5b8b\u4f53; mso-ascii-font-family: Arial; mso-hansi-font-family: Arial; mso-bidi-font-family: Arial; color: #000000; font-size: 14.0000pt; mso-font-kerning: 0.5000pt;\"><span style=\"font-family: Arial;\">Al\u00e9m de<\/span><\/span><span style=\"mso-spacerun: 'yes'; font-family: Arial; mso-fareast-font-family: \u5b8b\u4f53; color: #000000; font-size: 14.0000pt; mso-font-kerning: 0.5000pt;\">\u00a0<\/span><span style=\"mso-spacerun: 'yes'; font-family: Arial; mso-fareast-font-family: \u5b8b\u4f53; color: #000000; font-size: 14.0000pt; mso-font-kerning: 0.5000pt;\">Capacidades de P&amp;D e fabrica\u00e7\u00e3o, tamb\u00e9m experimentamos equipes de inspe\u00e7\u00e3o de qualidade, vendas e servi\u00e7o p\u00f3s-venda para garantir que os clientes <\/span><span style=\"mso-spacerun: 'yes'; font-family: \u5b8b\u4f53; mso-ascii-font-family: Arial; mso-hansi-font-family: Arial; mso-bidi-font-family: Arial; color: #000000; font-size: 14.0000pt; mso-font-kerning: 0.5000pt;\"><span style=\"font-family: Arial;\">obtivermos<\/span><\/span><span style=\"mso-spacerun: 'yes'; font-family: Arial; mso-fareast-font-family: \u5b8b\u4f53; color: #000000; font-size: 14.0000pt; mso-font-kerning: 0.5000pt;\">\u00a0produtos e servi\u00e7os de alta qualidade.<\/span><\/p><p><span style=\"mso-spacerun: 'yes'; font-family: Arial; mso-fareast-font-family: \u5b8b\u4f53; color: #000000; font-size: 14.0000pt; mso-font-kerning: 0.5000pt;\">Temos uma variedade de equipamentos de teste profissionais, incluindo rel\u00e2mpagos <\/span><span style=\"mso-spacerun: 'yes'; font-family: \u5b8b\u4f53; mso-ascii-font-family: Arial; mso-hansi-font-family: Arial; mso-bidi-font-family: Arial; color: #000000; font-size: 14.0000pt; mso-font-kerning: 0.5000pt;\"><span style=\"font-family: Arial;\">impulso <\/span><\/span><span style=\"mso-spacerun: 'yes'; font-family: Arial; mso-fareast-font-family: \u5b8b\u4f53; color: #000000; font-size: 14.0000pt; mso-font-kerning: 0.5000pt;\">dispositivos de surto,<\/span><span style=\"mso-spacerun: 'yes'; font-family: \u5b8b\u4f53; mso-ascii-font-family: Arial; mso-hansi-font-family: Arial; mso-bidi-font-family: Arial; color: #000000; font-size: 14.0000pt; mso-font-kerning: 0.5000pt;\">\u00a0<\/span><span style=\"mso-spacerun: 'yes'; font-family: Arial; mso-fareast-font-family: \u5b8b\u4f53; color: #000000; font-size: 14.0000pt; mso-font-kerning: 0.5000pt;\">Detectores de falhas de raios X,<\/span><span style=\"mso-spacerun: 'yes'; font-family: \u5b8b\u4f53; mso-ascii-font-family: Arial; mso-hansi-font-family: Arial; mso-bidi-font-family: Arial; color: #000000; font-size: 14.0000pt; mso-font-kerning: 0.5000pt;\">\u00a0<\/span><span style=\"mso-spacerun: 'yes'; font-family: Arial; mso-fareast-font-family: \u5b8b\u4f53; color: #000000; font-size: 14.0000pt; mso-font-kerning: 0.5000pt;\">equipamentos de resist\u00eancia \u00e0 frequ\u00eancia de energia e detec\u00e7\u00e3o de descarga parcial, laborat\u00f3rios de blindagem el\u00e9trica, equipamentos de ciclo de alta e baixa temperatura, espectr\u00f4metros de massa de h\u00e9lio e equipamentos de teste de \u00e1gua de alta press\u00e3o, m\u00e1quinas universais de teste de tra\u00e7\u00e3o<\/span><span style=\"mso-spacerun: 'yes'; font-family: Arial; mso-fareast-font-family: \u5b8b\u4f53; color: #000000; font-size: 14.0000pt; mso-font-kerning: 0.5000pt;\">, testadores de resist\u00eancia de loop<\/span><span style=\"mso-spacerun: 'yes'; font-family: Arial; mso-fareast-font-family: \u5b8b\u4f53; color: #000000; font-size: 14.0000pt; mso-font-kerning: 0.5000pt;\">.<\/span><\/p><p><span style=\"mso-spacerun: 'yes'; font-family: Arial; mso-fareast-font-family: \u5b8b\u4f53; color: #000000; font-size: 14.0000pt; mso-font-kerning: 0.5000pt;\">De componentes a gabinetes completos, de pe\u00e7as a conjuntos completos, ao longo dos anos acumulamos dados experimentais ricos e representativos sobre diversos produtos e modelos. Quando os clientes exigem customiza\u00e7\u00e3o de acordo com os padr\u00f5es do pa\u00eds onde est\u00e3o localizados, j\u00e1 temos planos e par\u00e2metros relevantes que podem ser aplicados diretamente, encurtando muito o tempo de ciclo de novos produtos customizados e personalizados e garantindo que os produtos atendam aos padr\u00f5es de teste do pa\u00eds ou regi\u00e3o de destino.<\/span><\/p><p><span style=\"mso-spacerun: 'yes'; font-family: Arial; mso-fareast-font-family: \u5b8b\u4f53; color: #000000; font-size: 14.0000pt; mso-font-kerning: 0.5000pt;\">Quer o seu projeto seja pequeno ou grande, europeu ou americano, ou o padr\u00e3o de um pa\u00eds espec\u00edfico, desde que seja um produto e projeto de distribui\u00e7\u00e3o de m\u00e9dia tens\u00e3o, faremos o nosso melhor para lhe fornecer o produto mais eficiente, econ\u00f4mico e adequado, produtos e servi\u00e7os com boa rela\u00e7\u00e3o custo-benef\u00edcio.<\/span><\/p><p><div style=\"width: 1000px;\" class=\"wp-video\"><!--[if lt IE 9]><script>document.createElement('video');<\/script><![endif]-->\n<video class=\"wp-video-shortcode\" id=\"video-436-1\" width=\"1000\" height=\"544\" poster=\"https:\/\/www.xminsulation.com\/wp-content\/uploads\/2025\/07\/\u5fae\u4fe1\u622a\u56fe_20240516091346-1.jpg\" preload=\"auto\" controls=\"controls\"><source type=\"video\/mp4\" src=\"\/wp-content\/uploads\/2024\/05\/c9e74ac166f2c9aff9c84f126aa9b547.mp4?_=1\" \/><a href=\"\/wp-content\/uploads\/2024\/05\/c9e74ac166f2c9aff9c84f126aa9b547.mp4\">\/wp-content\/uploads\/2024\/05\/c9e74ac166f2c9aff9c84f126aa9b547.mp4<\/a><\/video><\/div><\/p><\/div>\t\t\t\t\t\t<\/div>\r\n\t\t\t\t<\/div>\r\n\t\t\t\t\t<\/div>\r\n\t\t\t\t<\/div>\r\n\t\t\t\t<\/div>","protected":false},"excerpt":{"rendered":"<p>COMPANY PROFILE \u00a0 Xiamen Insulation Electrical Technology Co., Ltd. was established in 2013. It initially specialized in the production and sales of medium voltage insulation parts. It has now expanded to the R&amp;D, production and sales of indoor and outdoor\u00a0medium-voltage distribution products such as load break switches, vacuum circuit breakers,\u00a0isolating switch, ring main units, prefabricated [&hellip;]<\/p>","protected":false},"author":1,"featured_media":0,"parent":0,"menu_order":0,"comment_status":"closed","ping_status":"closed","template":"","meta":{"site-sidebar-layout":"no-sidebar","site-content-layout":"page-builder","ast-site-content-layout":"","site-content-style":"default","site-sidebar-style":"default","ast-global-header-display":"","ast-banner-title-visibility":"","ast-main-header-display":"","ast-hfb-above-header-display":"","ast-hfb-below-header-display":"","ast-hfb-mobile-header-display":"","site-post-title":"disabled","ast-breadcrumbs-content":"","ast-featured-img":"disabled","footer-sml-layout":"","theme-transparent-header-meta":"","adv-header-id-meta":"","stick-header-meta":"","header-above-stick-meta":"","header-main-stick-meta":"","header-below-stick-meta":"","astra-migrate-meta-layouts":"default","ast-page-background-enabled":"default","ast-page-background-meta":{"desktop":{"background-color":"","background-image":"","background-repeat":"repeat","background-position":"center center","background-size":"auto","background-attachment":"scroll","background-type":"","background-media":"","overlay-type":"","overlay-color":"","overlay-gradient":""},"tablet":{"background-color":"","background-image":"","background-repeat":"repeat","background-position":"center center","background-size":"auto","background-attachment":"scroll","background-type":"","background-media":"","overlay-type":"","overlay-color":"","overlay-gradient":""},"mobile":{"background-color":"","background-image":"","background-repeat":"repeat","background-position":"center center","background-size":"auto","background-attachment":"scroll","background-type":"","background-media":"","overlay-type":"","overlay-color":"","overlay-gradient":""}},"ast-content-background-meta":{"desktop":{"background-color":"var(--ast-global-color-5)","background-image":"","background-repeat":"repeat","background-position":"center center","background-size":"auto","background-attachment":"scroll","background-type":"","background-media":"","overlay-type":"","overlay-color":"","overlay-gradient":""},"tablet":{"background-color":"var(--ast-global-color-5)","background-image":"","background-repeat":"repeat","background-position":"center center","background-size":"auto","background-attachment":"scroll","background-type":"","background-media":"","overlay-type":"","overlay-color":"","overlay-gradient":""},"mobile":{"background-color":"var(--ast-global-color-5)","background-image":"","background-repeat":"repeat","background-position":"center center","background-size":"auto","background-attachment":"scroll","background-type":"","background-media":"","overlay-type":"","overlay-color":"","overlay-gradient":""}},"footnotes":""},"class_list":["post-436","page","type-page","status-publish","hentry"],"_links":{"self":[{"href":"https:\/\/www.xminsulation.com\/pt\/wp-json\/wp\/v2\/pages\/436","targetHints":{"allow":["GET"]}}],"collection":[{"href":"https:\/\/www.xminsulation.com\/pt\/wp-json\/wp\/v2\/pages"}],"about":[{"href":"https:\/\/www.xminsulation.com\/pt\/wp-json\/wp\/v2\/types\/page"}],"author":[{"embeddable":true,"href":"https:\/\/www.xminsulation.com\/pt\/wp-json\/wp\/v2\/users\/1"}],"replies":[{"embeddable":true,"href":"https:\/\/www.xminsulation.com\/pt\/wp-json\/wp\/v2\/comments?post=436"}],"version-history":[{"count":69,"href":"https:\/\/www.xminsulation.com\/pt\/wp-json\/wp\/v2\/pages\/436\/revisions"}],"predecessor-version":[{"id":4102,"href":"https:\/\/www.xminsulation.com\/pt\/wp-json\/wp\/v2\/pages\/436\/revisions\/4102"}],"wp:attachment":[{"href":"https:\/\/www.xminsulation.com\/pt\/wp-json\/wp\/v2\/media?parent=436"}],"curies":[{"name":"wp","href":"https:\/\/api.w.org\/{rel}","templated":true}]}}