{"id":3427,"date":"2024-12-13T09:17:11","date_gmt":"2024-12-13T01:17:11","guid":{"rendered":"https:\/\/www.xminsulation.com\/?page_id=3427"},"modified":"2025-02-14T17:55:52","modified_gmt":"2025-02-14T09:55:52","slug":"sf6-free","status":"publish","type":"page","link":"https:\/\/www.xminsulation.com\/pt\/sf6-free\/","title":{"rendered":"SEM SF6"},"content":{"rendered":"<div data-elementor-type=\"wp-page\" data-elementor-id=\"3427\" class=\"elementor elementor-3427\">\r\n\t\t\t\t<div class=\"elementor-element elementor-element-105f454 e-flex e-con-boxed e-con e-parent\" data-id=\"105f454\" data-element_type=\"container\">\r\n\t\t\t\t\t<div class=\"e-con-inner\">\r\n\t\t\t\t<div class=\"elementor-element elementor-element-75686fa elementor-widget elementor-widget-text-editor\" data-id=\"75686fa\" data-element_type=\"widget\" data-widget_type=\"text-editor.default\">\r\n\t\t\t\t<div class=\"elementor-widget-container\">\r\n\t\t\t<style>\/*! elementor - v3.21.0 - 25-04-2024 *\/\n.elementor-widget-text-editor.elementor-drop-cap-view-stacked .elementor-drop-cap{background-color:#69727d;color:#fff}.elementor-widget-text-editor.elementor-drop-cap-view-framed .elementor-drop-cap{color:#69727d;border:3px solid;background-color:transparent}.elementor-widget-text-editor:not(.elementor-drop-cap-view-default) .elementor-drop-cap{margin-top:8px}.elementor-widget-text-editor:not(.elementor-drop-cap-view-default) .elementor-drop-cap-letter{width:1em;height:1em}.elementor-widget-text-editor .elementor-drop-cap{float:left;text-align:center;line-height:1;font-size:50px}.elementor-widget-text-editor .elementor-drop-cap-letter{display:inline-block}<\/style>\t\t\t\t<p>\u00a0<\/p><h3 class=\"entry-title\" style=\"color: #558022;\">Nossa empresa designa 2025 como o \u201cAno de desenvolvimento de produtos livres de SF6\u201d<\/h3>\t\t\t\t\t\t<\/div>\r\n\t\t\t\t<\/div>\r\n\t\t\t\t<div class=\"elementor-element elementor-element-66c538d elementor-widget elementor-widget-text-editor\" data-id=\"66c538d\" data-element_type=\"widget\" data-widget_type=\"text-editor.default\">\r\n\t\t\t\t<div class=\"elementor-widget-container\">\r\n\t\t\t\t\t\t\t<p>\u00a0Em 2025, nossa empresa se concentrar\u00e1 em atingir a meta do \u201cSF6-Free Product Development Year\u201d promovendo totalmente o desenvolvimento de produtos ecologicamente corretos. Esta iniciativa foi anunciada oficialmente por nosso Engenheiro T\u00e9cnico Chefe, Sr. Zhuang Yu, em 12 de dezembro, demonstrando nossa determina\u00e7\u00e3o e comprometimento em avan\u00e7ar o desenvolvimento verde.<\/p><p>Nos \u00faltimos anos, nossa empresa fez progressos significativos no desenvolvimento de produtos ecol\u00f3gicos, incluindo:<\/p><ul><li><strong><a href=\"https:\/\/www.xminsulation.com\/pt\/categoria-produto\/products\/10-24kv-solid-insulated-vacuum-circuit-breaker-sf6-free\/\">Aparelhagem de manobra isolada s\u00f3lida sem SF6 (10kV-24kV)<\/a><\/strong><\/li><li><strong><a href=\"https:\/\/www.xminsulation.com\/pt\/categoria-produto\/products\/eco-friendly-vacuum-circuit-breaker-sf6-free\/\">Aparelhagem de distribui\u00e7\u00e3o ecol\u00f3gica sem SF6 (10kV-24kV, 630A-2000A)<\/a><\/strong><\/li><li><strong><a href=\"https:\/\/www.xminsulation.com\/pt\/categoria-produto\/products\/10-40-5kv-outdoor-pole-mounted-vacuum-auto-recloser\/\">Disjuntor a v\u00e1cuo montado em poste sem SF6 (religador) (10kV-40,5kV)<\/a><\/strong><\/li><\/ul><p>Esses produtos foram bem recebidos pelos clientes por seu desempenho confi\u00e1vel e benef\u00edcios ambientais.<\/p><p>No entanto, \u00e0 medida que a aplica\u00e7\u00e3o dos Padr\u00f5es Livres de SF6 de 2026 da Europa para aparelhagem de m\u00e9dia tens\u00e3o se aproxima, e a demanda por alternativas de SF6 se torna mais forte em pa\u00edses desenvolvidos, a demanda do mercado por aparelhagem de seccionamento de carga livre de SF6 (C-Panel) e gabinetes combinados de interruptor de carga-fus\u00edvel (F-Panel) est\u00e1 se tornando cada vez mais urgente. \u00c0 luz disso, nossa empresa reconhece a necessidade urgente de acelerar o desenvolvimento da &quot;S\u00e9rie de Produtos Livres de SF6&quot; para atender \u00e0s expectativas de clientes nacionais e internacionais.<\/p><p><strong><b>Discuss\u00f5es abrangentes<\/b><\/strong><\/p><p><strong><b>E<\/b><\/strong><strong><b>\u00a0<\/b><\/strong><strong><b>Planejamento estrat\u00e9gico<\/b><\/strong><\/p><p>Recentemente, nossa alta ger\u00eancia e equipes t\u00e9cnicas realizaram mais de dez semin\u00e1rios especializados, conduzindo uma an\u00e1lise aprofundada dos \u00faltimos avan\u00e7os tecnol\u00f3gicos, caracter\u00edsticas do produto, tend\u00eancias de desenvolvimento e caminhos t\u00e9cnicos no campo. Aproveitando nossa expertise t\u00e9cnica, ampla experi\u00eancia em desenvolvimento de produtos, dados experimentais e estudos de viabilidade, identificamos o desenvolvimento da \u201cSF6-Free Product Series\u201d como um foco principal para 2025. Um plano de desenvolvimento detalhado e cronograma foram estabelecidos, visando concluir o prot\u00f3tipo no primeiro semestre de 2025.<\/p><p>As principais etapas do processo de desenvolvimento foram meticulosamente detalhadas durante as reuni\u00f5es, incluindo:<\/p><ul><li>Design e Moldagem<\/li><li>Mecanismo de comuta\u00e7\u00e3o e interruptores a v\u00e1cuo<\/li><li>Experimentos de Simula\u00e7\u00e3o e Modelagem<\/li><li>Testes Internos e Valida\u00e7\u00e3o Externa<\/li><\/ul><p><strong><b>Principais produtos \u201csem SF6\u201d<\/b><\/strong><\/p><p><strong><b>T<\/b><\/strong><strong><b>o Ser desenvolvido em 2025<\/b><\/strong><\/p><p>Em 2025, nossa empresa planeja desenvolver as seguintes s\u00e9ries de produtos livres de SF6:<\/p><ol><li>Unidades principais Green FL(R)N36Ring: Painel C e Painel F sem SF6 com tens\u00f5es nominais de 10 kV-25,8 kV.<\/li><li>Unidades principais de anel AISR verde: Painel C sem SF6 (LBS verde) e Painel F (LBS verde com combina\u00e7\u00e3o de fus\u00edveis) com classifica\u00e7\u00f5es de tens\u00e3o de 10 kV a 25,8 kV.<\/li><li>Interruptor de interrup\u00e7\u00e3o de carga montado em poste verde: LBS sem SF6 com tens\u00f5es nominais de 10 kV-27,5 kV.<\/li><\/ol><p><strong><b>Criando Momentum para o Sucesso Futuro<\/b><\/strong><\/p><p>Desde 2024, nossa empresa atingiu marcos significativos na explora\u00e7\u00e3o de tecnologia livre de SF6, verifica\u00e7\u00e3o experimental, desenvolvimento de moldes e testes de componentes cr\u00edticos. Essas conquistas estabeleceram uma base s\u00f3lida para o impulso abrangente em 2025.<\/p><p>Temos a confian\u00e7a e a capacidade de concluir a tarefa de desenvolvimento de \u201cprodutos da s\u00e9rie sem SF6\u201d e contribuir para reduzir as emiss\u00f5es de gases de efeito estufa e promover a transforma\u00e7\u00e3o verde de interruptores e aparelhagens de m\u00e9dia tens\u00e3o!<\/p>\t\t\t\t\t\t<\/div>\r\n\t\t\t\t<\/div>\r\n\t\t\t\t\t<\/div>\r\n\t\t\t\t<\/div>\r\n\t\t\t\t<\/div>","protected":false},"excerpt":{"rendered":"<p>\u00a0 Our Company Designates 2025 as the \u201cSF6-Free Product Development Year\u201d \u00a0In 2025, our company will focus on achieving the goal of the \u201cSF6-Free Product Development Year\u201d by fully promoting the development of environmentally friendly products. This initiative was officially announced by our Chief Technical Engineer, Mr. Zhuang Yu, on December 12, showcasing our determination [&hellip;]<\/p>","protected":false},"author":2,"featured_media":0,"parent":0,"menu_order":0,"comment_status":"closed","ping_status":"closed","template":"","meta":{"site-sidebar-layout":"no-sidebar","site-content-layout":"page-builder","ast-site-content-layout":"full-width-container","site-content-style":"default","site-sidebar-style":"default","ast-global-header-display":"","ast-banner-title-visibility":"","ast-main-header-display":"","ast-hfb-above-header-display":"","ast-hfb-below-header-display":"","ast-hfb-mobile-header-display":"","site-post-title":"disabled","ast-breadcrumbs-content":"","ast-featured-img":"disabled","footer-sml-layout":"","theme-transparent-header-meta":"","adv-header-id-meta":"","stick-header-meta":"","header-above-stick-meta":"","header-main-stick-meta":"","header-below-stick-meta":"","astra-migrate-meta-layouts":"set","ast-page-background-enabled":"default","ast-page-background-meta":{"desktop":{"background-color":"","background-image":"","background-repeat":"repeat","background-position":"center center","background-size":"auto","background-attachment":"scroll","background-type":"","background-media":"","overlay-type":"","overlay-color":"","overlay-gradient":""},"tablet":{"background-color":"","background-image":"","background-repeat":"repeat","background-position":"center center","background-size":"auto","background-attachment":"scroll","background-type":"","background-media":"","overlay-type":"","overlay-color":"","overlay-gradient":""},"mobile":{"background-color":"","background-image":"","background-repeat":"repeat","background-position":"center center","background-size":"auto","background-attachment":"scroll","background-type":"","background-media":"","overlay-type":"","overlay-color":"","overlay-gradient":""}},"ast-content-background-meta":{"desktop":{"background-color":"var(--ast-global-color-5)","background-image":"","background-repeat":"repeat","background-position":"center center","background-size":"auto","background-attachment":"scroll","background-type":"","background-media":"","overlay-type":"","overlay-color":"","overlay-gradient":""},"tablet":{"background-color":"var(--ast-global-color-5)","background-image":"","background-repeat":"repeat","background-position":"center center","background-size":"auto","background-attachment":"scroll","background-type":"","background-media":"","overlay-type":"","overlay-color":"","overlay-gradient":""},"mobile":{"background-color":"var(--ast-global-color-5)","background-image":"","background-repeat":"repeat","background-position":"center center","background-size":"auto","background-attachment":"scroll","background-type":"","background-media":"","overlay-type":"","overlay-color":"","overlay-gradient":""}},"footnotes":""},"class_list":["post-3427","page","type-page","status-publish","hentry"],"_links":{"self":[{"href":"https:\/\/www.xminsulation.com\/pt\/wp-json\/wp\/v2\/pages\/3427","targetHints":{"allow":["GET"]}}],"collection":[{"href":"https:\/\/www.xminsulation.com\/pt\/wp-json\/wp\/v2\/pages"}],"about":[{"href":"https:\/\/www.xminsulation.com\/pt\/wp-json\/wp\/v2\/types\/page"}],"author":[{"embeddable":true,"href":"https:\/\/www.xminsulation.com\/pt\/wp-json\/wp\/v2\/users\/2"}],"replies":[{"embeddable":true,"href":"https:\/\/www.xminsulation.com\/pt\/wp-json\/wp\/v2\/comments?post=3427"}],"version-history":[{"count":22,"href":"https:\/\/www.xminsulation.com\/pt\/wp-json\/wp\/v2\/pages\/3427\/revisions"}],"predecessor-version":[{"id":3652,"href":"https:\/\/www.xminsulation.com\/pt\/wp-json\/wp\/v2\/pages\/3427\/revisions\/3652"}],"wp:attachment":[{"href":"https:\/\/www.xminsulation.com\/pt\/wp-json\/wp\/v2\/media?parent=3427"}],"curies":[{"name":"wp","href":"https:\/\/api.w.org\/{rel}","templated":true}]}}