{"id":3843,"date":"2025-07-10T08:31:35","date_gmt":"2025-07-10T00:31:35","guid":{"rendered":"https:\/\/www.xminsulation.com\/?post_type=product&#038;p=3843"},"modified":"2025-07-18T11:12:37","modified_gmt":"2025-07-18T03:12:37","slug":"24kv-eco-friendly-vacuum-circuit-breaker-ais-vcb-sf6-free","status":"publish","type":"product","link":"https:\/\/www.xminsulation.com\/nl\/product\/24kv-eco-friendly-vacuum-circuit-breaker-ais-vcb-sf6-free\/","title":{"rendered":"24kV milieuvriendelijke vacu\u00fcmschakelaar AIS VCB (SF6-vrij)"},"content":{"rendered":"<p><img fetchpriority=\"high\" decoding=\"async\" class=\"size-full wp-image-3844 aligncenter\" src=\"https:\/\/www.xminsulation.com\/wp-content\/uploads\/2025\/07\/\u56fe\u72472.png\" alt=\"\" width=\"1101\" height=\"1237\" srcset=\"https:\/\/www.xminsulation.com\/wp-content\/uploads\/2025\/07\/\u56fe\u72472.png 1101w, https:\/\/www.xminsulation.com\/wp-content\/uploads\/2025\/07\/\u56fe\u72472-267x300.png 267w, https:\/\/www.xminsulation.com\/wp-content\/uploads\/2025\/07\/\u56fe\u72472-911x1024.png 911w, https:\/\/www.xminsulation.com\/wp-content\/uploads\/2025\/07\/\u56fe\u72472-768x863.png 768w, https:\/\/www.xminsulation.com\/wp-content\/uploads\/2025\/07\/\u56fe\u72472-11x12.png 11w, https:\/\/www.xminsulation.com\/wp-content\/uploads\/2025\/07\/\u56fe\u72472-600x674.png 600w\" sizes=\"(max-width: 1101px) 100vw, 1101px\" \/> <img decoding=\"async\" class=\"size-full wp-image-3845 aligncenter\" src=\"https:\/\/www.xminsulation.com\/wp-content\/uploads\/2025\/07\/\u56fe\u72473.png\" alt=\"\" width=\"1231\" height=\"1327\" srcset=\"https:\/\/www.xminsulation.com\/wp-content\/uploads\/2025\/07\/\u56fe\u72473.png 1231w, https:\/\/www.xminsulation.com\/wp-content\/uploads\/2025\/07\/\u56fe\u72473-278x300.png 278w, https:\/\/www.xminsulation.com\/wp-content\/uploads\/2025\/07\/\u56fe\u72473-950x1024.png 950w, https:\/\/www.xminsulation.com\/wp-content\/uploads\/2025\/07\/\u56fe\u72473-768x828.png 768w, https:\/\/www.xminsulation.com\/wp-content\/uploads\/2025\/07\/\u56fe\u72473-11x12.png 11w, https:\/\/www.xminsulation.com\/wp-content\/uploads\/2025\/07\/\u56fe\u72473-600x647.png 600w\" sizes=\"(max-width: 1231px) 100vw, 1231px\" \/><\/p>\n<h2><strong><b>P<\/b><\/strong><strong><b>product <\/b><\/strong><strong><b>D<\/b><\/strong><strong><b>beschrijving<\/b><\/strong><\/h2>\n<p>In middenspanningsstroomdistributiesystemen omvatten de meest gebruikte ringnetwerkkasten momenteel SF6 gasge\u00efsoleerde ringnetwerkkasten, solide ge\u00efsoleerde ringnetwerkkasten en milieuvriendelijke gasge\u00efsoleerde ringnetwerkkasten. Vanwege het broeikasgasemissieprobleem van SF6 en de moeilijkheid om vaste isolatiematerialen te recyclen, zal de toepassing van SF6 gasge\u00efsoleerde ringhoofdunits en massieve ge\u00efsoleerde ringhoofdunits echter beperkt zijn. Met de wereldwijde promotie van het concept van groene en milieuvriendelijke ontwikkeling zullen volledig ge\u00efsoleerde, milieuvriendelijke gasringhoofdeenheden die voldoen aan de nieuwste concepten en eisen op het gebied van milieubescherming historische ontwikkelingsmogelijkheden inluiden!<\/p>\n<p>De milieuvriendelijke schakelaars uit de IE-EcoAir-12\/24kV 630A-serie zijn een nieuwe generatie \u201cfluorvrije en milieuvriendelijke groene schakelaars met een laag vast afval\u201d en milieuvriendelijke gasge\u00efsoleerde ringhoofdunits, ontwikkeld ter vervanging van traditionele SF6-gasisolatie.<\/p>\n<p>De milieuvriendelijke stroomonderbrekerschakelaar gebruikt een ge\u00efntegreerde, zeer sterke longitudinale balk en de vacu\u00fcmboogbluskamer is omhuld door de longitudinale balkstructuur. Het heeft de voordelen van een betrouwbare structuur en eenvoudig debuggen. Het isoleert de openings-, sluit- en aardingsbewerkingen van de messchakelaar door een ge\u00efntegreerde isolatiespindel. Aangedreven door de machine is er geen andere armtransmissie, is de werkpositie nauwkeuriger en is de bedieningskracht van het isolatiemechanisme lichter. De hoofdas van de stroomonderbreker is gemaakt van epoxyvezelglas-triggerstang, die een hoge mechanische sterkte en sterke isolatieprestaties heeft. Door de legeringbeugel en transmissienok worden de openings- en sluitacties van de vacu\u00fcmboogbluskamer gerealiseerd. De fasen zijn versterkt met siliconen paraplurokken om de kruipafstand te vergroten. De milieuvriendelijke stroomonderbrekerschakelaar is niet alleen geschikt voor ringhoofdunits met een afgesloten luchtkamerstructuur, maar ook voor normale druk metalen omsloten ringhoofdunits.<\/p>\n<p>Met behulp van een oplossing van milieuvriendelijke gasisolatie en vacu\u00fcmonderbreking, heeft de combinatie van voordelen een hoge algehele prestatie. Het primaire circuit is gasdicht, de hogedrukcomponenten worden niet be\u00efnvloed door hoogte, zijn volledig onderhoudsvrij en hebben een sterke aanpasbaarheid aan het milieu. De kastgrootte is klein en de vereiste lay-outruimte is laag. Producten kunnen worden gebruikt in elektriciteitsnetten, grote industrie\u00ebn, spoorwegvervoer, commerci\u00eble gebouwen en andere gebruiksscenario&#039;s.<\/p>\n<p>Dit product wordt voornamelijk gebruikt in binnen- en buitenringnetwerkschakelapparatuur in 10-24kV middenspanningsdistributienetwerksystemen om elektrische energie te ontvangen en te distribueren. Het is geschikt voor bovenuitbreiding, zijuitbreiding en gemeenschappelijke doos (maximaal drie eenheden) ringnetwerkkastoplossingen. De gemeenschappelijke onderdelensnelheid van de bovenste en onderste isolatieoplossingen bereikt meer dan 90%. Het product heeft een hoge stabiliteit en sterke veelzijdigheid en voldoet volledig aan de typetestvereisten.<\/p>\n<h2><strong><b>Product <\/b><\/strong><strong><b>Functies<\/b><\/strong><\/h2>\n<p>&nbsp;<\/p>\n<ol>\n<li>\n<h3><strong><b> Groen en <\/b><\/strong><strong><b>E<\/b><\/strong><strong><b>milieuvriendelijk <\/b><\/strong><strong><b>F<\/b><\/strong><strong><b>vriendelijk.<\/b><\/strong><\/h3>\n<\/li>\n<\/ol>\n<p>Droge perslucht wordt gebruikt als isolatiegas, dat een hoge ionisatieveldsterkte en doorslagsterkte heeft. Het kan de isolatieprestaties na doorslag snel herstellen. Het heeft een goede chemische stabiliteit, is niet ontvlambaar, niet explosief, veroudert niet, is niet corrosief en wordt niet gemakkelijk aangetast door ontlading. Het ontleedt, heeft een hoge soortelijke warmtecapaciteit, goede thermische geleidbaarheid en vloeibaarheid. Dit milieuvriendelijke isolatiegas is niet alleen niet-giftig en onschadelijk, maar kan ook direct in de atmosfeer worden geloosd zonder luchtvervuiling te veroorzaken. Het heeft ook goede elektrische eigenschappen en stabiliteit en kan worden gebruikt in synthetische verwerkingsprocessen, apparatuurbediening, boogontlading, waterdamp en andere omstandigheden. Onder de gecombineerde werking van externe factoren en tijdens het uiteindelijke ontledings- en transformatieproces worden geen giftige of schadelijke stoffen voor mens en milieu geproduceerd. De schakelaar is gemaakt van thermoplastisch materiaal en is recyclebaar. Er is geen SF6-broeikasgasuitstoot en geen impact op het milieu, zoals recycling van vast afval.<\/p>\n<ol start=\"2\">\n<li>\n<h3><strong><b> Compact <\/b><\/strong><strong><b>S<\/b><\/strong><strong><b>tempo.<\/b><\/strong><\/h3>\n<\/li>\n<\/ol>\n<p>Compacte schakelkast, de typische kastbreedte voor 24 kV-oplossingen is slechts ongeveer 460 mm, de kastafmetingen zijn klein en de benodigde ruimte is laag. Betrouwbare wandmontage, slechts 1 m werkkanaal v\u00f3\u00f3r de kast.<\/p>\n<ol start=\"3\">\n<li>\n<h3><strong><b> Onderhoud-<\/b><\/strong><strong><b>F<\/b><\/strong><strong><b>rood.<\/b><\/strong><\/h3>\n<\/li>\n<\/ol>\n<p>Dankzij een onderhoudsvrije vacu\u00fcmboogblusser met een lange levensduur wordt het geleidende hoofdonderdeel niet be\u00efnvloed door de externe omgeving en is het niet nodig om ter plaatse een SF6-gaslekmelder te installeren. Het hoofdcircuit is vast aangesloten en vereist gedurende de levenscyclus geen onderhoud aan de rack-in- en rack-out-installatie. Bijzonder geschikt voor toepassingen in hoogvlakten, kustgebieden, berggebieden, gebieden met veel vervuiling en andere gebieden.<\/p>\n<ol start=\"4\">\n<li>\n<h3><strong><b> Intelligent.<\/b><\/strong><\/h3>\n<\/li>\n<\/ol>\n<p>Integratie met secundaire apparatuur kan online monitoring, afstandsbediening en bescherming van apparatuur realiseren om aan de behoeften van een intelligent distributienetwerk te voldoen.<\/p>\n<ol start=\"5\">\n<li>\n<h3><strong><b> Modulariteit.<\/b><\/strong><\/h3>\n<\/li>\n<\/ol>\n<p>Er zijn zij- en bovenuitbreidingsmethoden. De uitbreiding is flexibel en handig en voldoet volledig aan het gestandaardiseerde maatwerkplan van State Grid.<\/p>\n<ol start=\"6\">\n<li>\n<h3><strong><b> Beveiliging.<\/b><\/strong><\/h3>\n<\/li>\n<\/ol>\n<p>Door de toepassing van een isolatiestructuur met gesplitste fasen is er geen risico op explosie bij kortsluiting van fase naar fase; de niet-SF6-technologie voorkomt SF6-gaslekkage, wat kan leiden tot verzwakking van de isolatie en de vlamboogdovende capaciteiten, wat kan resulteren in breukstoringen en het risico op een explosie van de doos; het heeft een complete &quot;vijf preventie&quot;-vergrendelingsstructuur, veilig en eenvoudig te bedienen.<\/p>\n<p><img decoding=\"async\" class=\"size-full wp-image-3846 aligncenter\" src=\"https:\/\/www.xminsulation.com\/wp-content\/uploads\/2025\/07\/\u56fe\u72474.png\" alt=\"\" width=\"1972\" height=\"1590\" srcset=\"https:\/\/www.xminsulation.com\/wp-content\/uploads\/2025\/07\/\u56fe\u72474.png 1972w, https:\/\/www.xminsulation.com\/wp-content\/uploads\/2025\/07\/\u56fe\u72474-300x242.png 300w, https:\/\/www.xminsulation.com\/wp-content\/uploads\/2025\/07\/\u56fe\u72474-1024x826.png 1024w, https:\/\/www.xminsulation.com\/wp-content\/uploads\/2025\/07\/\u56fe\u72474-768x619.png 768w, https:\/\/www.xminsulation.com\/wp-content\/uploads\/2025\/07\/\u56fe\u72474-1536x1238.png 1536w, https:\/\/www.xminsulation.com\/wp-content\/uploads\/2025\/07\/\u56fe\u72474-15x12.png 15w, https:\/\/www.xminsulation.com\/wp-content\/uploads\/2025\/07\/\u56fe\u72474-600x484.png 600w\" sizes=\"(max-width: 1972px) 100vw, 1972px\" \/><\/p>\n<h2><strong><b>Operationeel <\/b><\/strong><strong><b>C<\/b><\/strong><strong><b>omstandigheden<\/b><\/strong><\/h2>\n<p>&nbsp;<\/p>\n<p>Normale omgevingsomstandigheden:<\/p>\n<p>IE-EcoAir-24kV\/630A werkt over het algemeen onder normale omstandigheden binnenshuis en voldoet aan IEC 62271-1 en GB3906.<\/p>\n<p>De specifieke voorwaarden zijn als volgt:<\/p>\n<p>Omgevingstemperatuur:<\/p>\n<p>Maximale temperatuur: +40\u2103.<\/p>\n<p>Maximale temperatuur (gemiddelde over 24 uur): +35\u00b0C.<\/p>\n<p>Minimale temperatuur: -40\u2103.<\/p>\n<p>vochtigheid:<\/p>\n<p>Maximale gemiddelde relatieve vochtigheid gemeten over 24 uur: 95%.<\/p>\n<p>Maximale gemiddelde relatieve vochtigheid gemeten over een maand: 90%.<\/p>\n<p>De maximale installatiehoogte zonder gasdrukverlaging is 1500 meter. Neem contact op met de afdeling pre-salestechnologie als de installatiehoogte hoger is dan 2500 meter.<\/p>\n<p>Bijzondere voorwaarden:<\/p>\n<p>De werking moet voldoen aan de vereisten van de normen IEC62271-1 en GB3906. Voor speciale bedrijfsomstandigheden moeten de eindgebruiker en de fabrikant een overeenkomst bereiken. Als er sprake is van speciale zware bedrijfsomstandigheden, moet de fabrikant worden geraadpleegd. Wanneer bijvoorbeeld elektrische apparatuur op een hoogte van meer dan 1500 meter wordt ge\u00efnstalleerd, zal de atmosferische druk afnemen, waardoor de luchtkast gaat uitpuilen.<\/p>\n<p>&nbsp;<\/p>\n<h2><strong><b>Maattekening van luchttank en schakelkast<\/b><\/strong><\/h2>\n<p><strong><b>\u00a0<\/b><\/strong><\/p>\n<p><img loading=\"lazy\" decoding=\"async\" class=\"size-full wp-image-3847 aligncenter\" src=\"https:\/\/www.xminsulation.com\/wp-content\/uploads\/2025\/07\/\u56fe\u72475.png\" alt=\"\" width=\"1925\" height=\"1498\" srcset=\"https:\/\/www.xminsulation.com\/wp-content\/uploads\/2025\/07\/\u56fe\u72475.png 1925w, https:\/\/www.xminsulation.com\/wp-content\/uploads\/2025\/07\/\u56fe\u72475-300x233.png 300w, https:\/\/www.xminsulation.com\/wp-content\/uploads\/2025\/07\/\u56fe\u72475-1024x797.png 1024w, https:\/\/www.xminsulation.com\/wp-content\/uploads\/2025\/07\/\u56fe\u72475-768x598.png 768w, https:\/\/www.xminsulation.com\/wp-content\/uploads\/2025\/07\/\u56fe\u72475-1536x1195.png 1536w, https:\/\/www.xminsulation.com\/wp-content\/uploads\/2025\/07\/\u56fe\u72475-15x12.png 15w, https:\/\/www.xminsulation.com\/wp-content\/uploads\/2025\/07\/\u56fe\u72475-600x467.png 600w\" sizes=\"(max-width: 1925px) 100vw, 1925px\" \/> <img loading=\"lazy\" decoding=\"async\" class=\"size-full wp-image-3848 aligncenter\" src=\"https:\/\/www.xminsulation.com\/wp-content\/uploads\/2025\/07\/\u56fe\u72476.png\" alt=\"\" width=\"1505\" height=\"1837\" srcset=\"https:\/\/www.xminsulation.com\/wp-content\/uploads\/2025\/07\/\u56fe\u72476.png 1505w, https:\/\/www.xminsulation.com\/wp-content\/uploads\/2025\/07\/\u56fe\u72476-246x300.png 246w, https:\/\/www.xminsulation.com\/wp-content\/uploads\/2025\/07\/\u56fe\u72476-839x1024.png 839w, https:\/\/www.xminsulation.com\/wp-content\/uploads\/2025\/07\/\u56fe\u72476-768x937.png 768w, https:\/\/www.xminsulation.com\/wp-content\/uploads\/2025\/07\/\u56fe\u72476-1258x1536.png 1258w, https:\/\/www.xminsulation.com\/wp-content\/uploads\/2025\/07\/\u56fe\u72476-10x12.png 10w, https:\/\/www.xminsulation.com\/wp-content\/uploads\/2025\/07\/\u56fe\u72476-600x732.png 600w\" sizes=\"(max-width: 1505px) 100vw, 1505px\" \/><\/p>\n<h2><strong><b>Interne structuur<\/b><\/strong><\/h2>\n<p>&nbsp;<\/p>\n<p><img loading=\"lazy\" decoding=\"async\" class=\"size-full wp-image-3849 aligncenter\" src=\"https:\/\/www.xminsulation.com\/wp-content\/uploads\/2025\/07\/\u56fe\u72477.png\" alt=\"\" width=\"1065\" height=\"786\" srcset=\"https:\/\/www.xminsulation.com\/wp-content\/uploads\/2025\/07\/\u56fe\u72477.png 1065w, https:\/\/www.xminsulation.com\/wp-content\/uploads\/2025\/07\/\u56fe\u72477-300x221.png 300w, https:\/\/www.xminsulation.com\/wp-content\/uploads\/2025\/07\/\u56fe\u72477-1024x756.png 1024w, https:\/\/www.xminsulation.com\/wp-content\/uploads\/2025\/07\/\u56fe\u72477-768x567.png 768w, https:\/\/www.xminsulation.com\/wp-content\/uploads\/2025\/07\/\u56fe\u72477-16x12.png 16w, https:\/\/www.xminsulation.com\/wp-content\/uploads\/2025\/07\/\u56fe\u72477-600x443.png 600w\" sizes=\"(max-width: 1065px) 100vw, 1065px\" \/><\/p>\n<p>1\uff0cZijwaartse expansiebehuizing.<\/p>\n<p>2. Stroomonderbreker (lastschakelaar).<\/p>\n<p>3. Drie-stations isolatieschakelaar.<\/p>\n<p>4. Busbar.<\/p>\n<p>5. Ingangsbus.<\/p>\n<p>6. Luchttank.<\/p>\n<p>7. Monometer.<\/p>\n<p>8. Mechanisme voor stroomonderbreker (lastschakelaar).<\/p>\n<p>9. Observatielicht.<\/p>\n<p>10. Isolatiemechanisme met drie stations.<\/p>\n<p>11. Grondobservatievenster.<\/p>\n<p><strong><b>\u00a0<\/b><\/strong><\/p>\n<h2><strong><b>Productonderhoud<\/b><\/strong><\/h2>\n<p><strong><b>\u00a0<\/b><\/strong><\/p>\n<p>Alle componenten in de IE-EcoAir-24kV 630A zijn onderhoudsvrij gedurende de aangegeven levensduur van het product.<\/p>\n<p>De isolatie- en aardingsposities kunnen in acht worden genomen om een veiligheidsgarantie te bieden voor de werking en kabelconstructie.<\/p>\n<p>De systeemlus is volledig ge\u00efsoleerd van de atmosfeer en op de luchtkast is een speciaal kanaal voor boogdrukontlasting ontworpen om de veiligheid van de operators en de apparatuur te garanderen.<\/p>\n<p>Het mechanische deel bevindt zich buiten de luchtkast en achter het voorpaneel, waardoor het gemakkelijker te bedienen en te vervangen is. Het oppervlak van het mechanische onderdeel heeft een anticorrosiebehandeling ondergaan en de bewegende delen zijn gesmeerd voordat ze de fabriek verlaten, wat kan voldoen aan de gebruikscyclus van het product. In extreme omgevingen (stof, zand en vuil) kan inspectie, onderhoud en in sommige gevallen vervanging noodzakelijk zijn.<\/p>\n<p>&nbsp;<\/p>\n<h2>\u25c6Speciale aanpassingen<\/h2>\n<p>De bovenstaande parameters zijn typische gegevens; als de bestaande stijlen niet aan uw specifieke eisen voldoen, neem dan contact met ons op voor een ontwerp op maat. We beschikken over aanzienlijke gepersonaliseerde ontwikkelings- en productievaardigheden op het gebied van maatwerk, waardoor we op maat gemaakte oplossingen kunnen bieden aan klanten over de hele wereld.<\/p>","protected":false},"excerpt":{"rendered":"<p>Product Description In medium-voltage power distribution systems, the most commonly used ring network cabinets currently include SF6 gas insulated ring network cabinets, solid insulated ring network cabinets and environmentally friendly gas insulated ring network cabinets. However, due to the greenhouse gas emission problem of SF6 and the difficulty of recycling solid insulation materials, the application [&hellip;]<\/p>","protected":false},"featured_media":3850,"template":"","meta":{"site-sidebar-layout":"default","site-content-layout":"","ast-site-content-layout":"default","site-content-style":"default","site-sidebar-style":"default","ast-global-header-display":"","ast-banner-title-visibility":"","ast-main-header-display":"","ast-hfb-above-header-display":"","ast-hfb-below-header-display":"","ast-hfb-mobile-header-display":"","site-post-title":"","ast-breadcrumbs-content":"","ast-featured-img":"","footer-sml-layout":"","theme-transparent-header-meta":"default","adv-header-id-meta":"","stick-header-meta":"","header-above-stick-meta":"","header-main-stick-meta":"","header-below-stick-meta":"","astra-migrate-meta-layouts":"set","ast-page-background-enabled":"default","ast-page-background-meta":{"desktop":{"background-color":"","background-image":"","background-repeat":"repeat","background-position":"center center","background-size":"auto","background-attachment":"scroll","background-type":"","background-media":"","overlay-type":"","overlay-color":"","overlay-gradient":""},"tablet":{"background-color":"","background-image":"","background-repeat":"repeat","background-position":"center center","background-size":"auto","background-attachment":"scroll","background-type":"","background-media":"","overlay-type":"","overlay-color":"","overlay-gradient":""},"mobile":{"background-color":"","background-image":"","background-repeat":"repeat","background-position":"center center","background-size":"auto","background-attachment":"scroll","background-type":"","background-media":"","overlay-type":"","overlay-color":"","overlay-gradient":""}},"ast-content-background-meta":{"desktop":{"background-color":"var(--ast-global-color-5)","background-image":"","background-repeat":"repeat","background-position":"center center","background-size":"auto","background-attachment":"scroll","background-type":"","background-media":"","overlay-type":"","overlay-color":"","overlay-gradient":""},"tablet":{"background-color":"var(--ast-global-color-5)","background-image":"","background-repeat":"repeat","background-position":"center center","background-size":"auto","background-attachment":"scroll","background-type":"","background-media":"","overlay-type":"","overlay-color":"","overlay-gradient":""},"mobile":{"background-color":"var(--ast-global-color-5)","background-image":"","background-repeat":"repeat","background-position":"center center","background-size":"auto","background-attachment":"scroll","background-type":"","background-media":"","overlay-type":"","overlay-color":"","overlay-gradient":""}}},"product_cat":[29],"product_tag":[],"class_list":{"0":"post-3843","1":"product","2":"type-product","3":"status-publish","4":"has-post-thumbnail","6":"product_cat-10-24kv-eco-friendly-vacuum-circuit-breaker-sf6-free","7":"desktop-align-left","8":"tablet-align-left","9":"mobile-align-left","11":"first","12":"instock","13":"shipping-taxable","14":"product-type-simple"},"_links":{"self":[{"href":"https:\/\/www.xminsulation.com\/nl\/wp-json\/wp\/v2\/product\/3843","targetHints":{"allow":["GET"]}}],"collection":[{"href":"https:\/\/www.xminsulation.com\/nl\/wp-json\/wp\/v2\/product"}],"about":[{"href":"https:\/\/www.xminsulation.com\/nl\/wp-json\/wp\/v2\/types\/product"}],"wp:featuredmedia":[{"embeddable":true,"href":"https:\/\/www.xminsulation.com\/nl\/wp-json\/wp\/v2\/media\/3850"}],"wp:attachment":[{"href":"https:\/\/www.xminsulation.com\/nl\/wp-json\/wp\/v2\/media?parent=3843"}],"wp:term":[{"taxonomy":"product_cat","embeddable":true,"href":"https:\/\/www.xminsulation.com\/nl\/wp-json\/wp\/v2\/product_cat?post=3843"},{"taxonomy":"product_tag","embeddable":true,"href":"https:\/\/www.xminsulation.com\/nl\/wp-json\/wp\/v2\/product_tag?post=3843"}],"curies":[{"name":"wp","href":"https:\/\/api.w.org\/{rel}","templated":true}]}}