{"id":2152,"date":"2024-05-13T16:43:49","date_gmt":"2024-05-13T08:43:49","guid":{"rendered":"http:\/\/www.xminsulation.com\/?post_type=product&#038;p=2152"},"modified":"2024-05-28T18:20:30","modified_gmt":"2024-05-28T10:20:30","slug":"40-5kv-1250a-sf6-gas-insulated-switchgear-gis-rmu","status":"publish","type":"product","link":"https:\/\/www.xminsulation.com\/nl\/product\/40-5kv-1250a-sf6-gas-insulated-switchgear-gis-rmu\/","title":{"rendered":"40,5 kV-1250A SF6 gasge\u00efsoleerde schakelapparatuur GIS RMU"},"content":{"rendered":"<p><img fetchpriority=\"high\" decoding=\"async\" class=\"alignnone wp-image-2154 size-full\" src=\"http:\/\/www.xminsulation.com\/wp-content\/uploads\/2024\/05\/\u56fe\u724771-3.png\" alt=\"\" width=\"1049\" height=\"1049\" srcset=\"https:\/\/www.xminsulation.com\/wp-content\/uploads\/2024\/05\/\u56fe\u724771-3.png 1049w, https:\/\/www.xminsulation.com\/wp-content\/uploads\/2024\/05\/\u56fe\u724771-3-300x300.png 300w, https:\/\/www.xminsulation.com\/wp-content\/uploads\/2024\/05\/\u56fe\u724771-3-1024x1024.png 1024w, https:\/\/www.xminsulation.com\/wp-content\/uploads\/2024\/05\/\u56fe\u724771-3-150x150.png 150w, https:\/\/www.xminsulation.com\/wp-content\/uploads\/2024\/05\/\u56fe\u724771-3-768x768.png 768w, https:\/\/www.xminsulation.com\/wp-content\/uploads\/2024\/05\/\u56fe\u724771-3-600x600.png 600w, https:\/\/www.xminsulation.com\/wp-content\/uploads\/2024\/05\/\u56fe\u724771-3-100x100.png 100w\" sizes=\"(max-width: 1049px) 100vw, 1049px\" \/><\/p>\n<h2><strong><b>G<\/b><\/strong><strong><b>algemeen <\/b><\/strong><strong><b>I<\/b><\/strong><strong><b>introductie<\/b><\/strong><\/h2>\n<p>De 40,5 kV-1250A volledig omsloten en volledig ge\u00efsoleerde SF6 opblaasbare ringhoofdeenheid introduceert geavanceerde buitenlandse technologie en maakt gebruik van een modulair ontwerp, met zijn perfecte eenheid van vast type en flexibele uitbreiding. De SF-40.5 opblaasbare schakelkast heeft de kenmerken van een compacte structuur, volledig ge\u00efsoleerd, lange levensduur, onderhoudsvrij, kleine voetafdruk, complete oplossingen, sterke schaalbaarheid, hoge veiligheidsfactor en wordt niet be\u00efnvloed door de omgeving.<\/p>\n<p>Het kan breed worden gebruikt in industri\u00eble, civiele ringnetwerken en terminale stroomvoorzieningsnetwerken. Het is met name geschikt voor kleine secundaire stroomdistributiestations, schakelstations, industri\u00eble en mijnbouwbedrijven, luchthavens, spoorwegen, snelwegen, metro&#039;s, commerci\u00eble districten, woonruimten, windenergie, fotovolta\u00efsche cellen en andere gebieden. De schakelkast is volledig gesloten, onderhoudsvrij, klein van formaat, uitstekende prestaties, veilig en betrouwbaar, lang in levensduur en onderhoudsvrij, en is erg populair onder gebruikers.<\/p>\n<h2><strong><b>Producteigenschappen<\/b><\/strong><\/h2>\n<p>Modulair ontwerp, elke eenheidsmodule kan willekeurig worden gecombineerd en uitgebreid zonder dat er opgeblazen en leeggelopen hoeft te worden, wat de combinatie van oplossingen en het ontwerp van hogedrukmetering vergemakkelijkt en een breed scala aan aanpasbaarheid heeft. SF6 volledig ge\u00efsoleerde inlaat- en uitlaatkasten voor stroomonderbrekers (vacu\u00fcmboogblussing), inlaat- en uitlaatkasten voor lastschakelaars, bus-tiekasten, meterkasten, elektrische kasten met lastschakelaar-zekeringcombinatie en tv-kasten (met of zonder schakelaars) zijn combinatieoplossingen beschikbaar. Verdeeld in enkele eenheid, twee eenheden, drie eenheden, vier eenheden en andere compacte combinaties, biedt het brede toepassingsmogelijkheden voor SF6 volledig ge\u00efsoleerde ringnetwerkkasten of multi-circuit verdeelkasten.<\/p>\n<p>De kast heeft een gepantserde structuur. Er zijn metalen scheidingswanden tussen de busbarruimte en de schakelruimte, en tussen de schakelkast en de kabelruimte. Het beschermingsniveau van het primaire deel van de volledig ge\u00efsoleerde structuur kan IP67 bereiken. De luchtdichtheid is erg goed, het luchtverbruik is klein en het kan garanderen dat er gedurende 30 jaar geen lucht lekt. Het bedieningsmechanisme is gemaakt van corrosiebestendig metaal en de lagers van de roterende delen zijn allemaal zelf-smerende ontwerpen. Het product wordt niet be\u00efnvloed door de omgeving, vereist geen regelmatig onderhoud en is verbonden met de buitenwereld. Handig, dit resulteert in een laag bedrijfsvermogen, hoge betrouwbaarheid en een langere levensduur. De extensiebus maakt gebruik van plug-in siliconen connectoren, die volledig ge\u00efsoleerd en afgeschermd zijn om geleidende betrouwbaarheid te garanderen en niet worden be\u00efnvloed door de omgeving. De combinatie van verbinding en uitbreiding is handig, wat toekomstige capaciteitsuitbreiding en transformatie van gebruikers of onderstations vergemakkelijkt.<\/p>\n<h2><strong><b>Product <\/b><\/strong><strong><b>A<\/b><\/strong><strong><b>Voordelen<\/b><\/strong><\/h2>\n<ol>\n<li>Toepassing in plateaugebieden: SF6-gas, volledige isolatie-eigenschappen, geen noodzaak om rekening te houden met de invloed van drukverschillen binnen en buiten de gaskast.<\/li>\n<li>Montage van de unit: handig voor uitbreiding door de gebruiker, planwijzigingen en circuituitwisselingen.<\/li>\n<li>Toepassing voor automatisering van distributienetwerken: Het kan samenwerken met alle automatiseringsterminals op de markt om op eenvoudige wijze automatisering van distributienetwerken te realiseren.<\/li>\n<li>Toepassing in kustgebieden: Het mechanisme is volledig afgedicht en heeft een langdurige anti-zoutnevel- en anti-corrosiebehandeling ondergaan om een veilige werking van de apparatuur op lange termijn te garanderen.<\/li>\n<li>Toepassing in gebieden met sterke wind en zand: het mechanisme is afgedicht, het primaire circuit en de busbar zijn volledig afgedicht en het regelcircuit is voorzien van autospecifieke afdichtingsstrips om een veilige werking op de lange termijn te garanderen in gebieden met sterke wind en zand.<\/li>\n<li>De units kunnen vrij worden gecombineerd om verschillende oplossingen te realiseren.<\/li>\n<\/ol>\n<h2><strong><b>Kastje <\/b><\/strong><strong><b>S<\/b><\/strong><strong><b>structuur<\/b><\/strong><\/h2>\n<p>Het opblaasbare compartiment is gemaakt van 3~5mm dikke roestvrijstalen plaat, die wordt gelast door een lasrobot nadat deze is verwerkt door CNC-machinegereedschappen. Het heeft minder lasdeformatie en een goede luchtdichtheid. De overige compartimenten zijn gemaakt van hoogwaardige koudgewalste stalen platen, die worden gelast na CNC-buigen. Het heeft de kenmerken van hoge precisie en goede sterkte; elke functionele eenheid is een onafhankelijke module, die uiterst gemakkelijk te monteren is. Elk verzegeld compartiment van de kast is uitgerust met een onafhankelijk drukontlastingskanaal om de persoonlijke veiligheid en de werking van de apparatuur te maximaliseren.<\/p>\n<p><strong><b>Lager <\/b><\/strong><strong><b>I<\/b><\/strong><strong><b>solatie <\/b><\/strong><strong><b>C<\/b><\/strong><strong><b>stroom <\/b><\/strong><strong><b>B<\/b><\/strong><strong><b>reaguurder<\/b><\/strong><\/p>\n<p><img decoding=\"async\" class=\"alignnone wp-image-2155 size-full\" src=\"http:\/\/www.xminsulation.com\/wp-content\/uploads\/2024\/05\/\u56fe\u724772-3.png\" alt=\"\" width=\"1383\" height=\"1248\" srcset=\"https:\/\/www.xminsulation.com\/wp-content\/uploads\/2024\/05\/\u56fe\u724772-3.png 1383w, https:\/\/www.xminsulation.com\/wp-content\/uploads\/2024\/05\/\u56fe\u724772-3-300x271.png 300w, https:\/\/www.xminsulation.com\/wp-content\/uploads\/2024\/05\/\u56fe\u724772-3-1024x924.png 1024w, https:\/\/www.xminsulation.com\/wp-content\/uploads\/2024\/05\/\u56fe\u724772-3-768x693.png 768w, https:\/\/www.xminsulation.com\/wp-content\/uploads\/2024\/05\/\u56fe\u724772-3-600x541.png 600w\" sizes=\"(max-width: 1383px) 100vw, 1383px\" \/><\/p>\n<p><strong><b>Lager <\/b><\/strong><strong><b>I<\/b><\/strong><strong><b>solatie <\/b><\/strong><strong><b>Gastank<\/b><\/strong><\/p>\n<p><img decoding=\"async\" class=\"alignnone wp-image-2156 size-full\" src=\"http:\/\/www.xminsulation.com\/wp-content\/uploads\/2024\/05\/\u56fe\u724773-2.png\" alt=\"\" width=\"1586\" height=\"1476\" srcset=\"https:\/\/www.xminsulation.com\/wp-content\/uploads\/2024\/05\/\u56fe\u724773-2.png 1586w, https:\/\/www.xminsulation.com\/wp-content\/uploads\/2024\/05\/\u56fe\u724773-2-300x279.png 300w, https:\/\/www.xminsulation.com\/wp-content\/uploads\/2024\/05\/\u56fe\u724773-2-1024x953.png 1024w, https:\/\/www.xminsulation.com\/wp-content\/uploads\/2024\/05\/\u56fe\u724773-2-768x715.png 768w, https:\/\/www.xminsulation.com\/wp-content\/uploads\/2024\/05\/\u56fe\u724773-2-1536x1429.png 1536w, https:\/\/www.xminsulation.com\/wp-content\/uploads\/2024\/05\/\u56fe\u724773-2-600x558.png 600w\" sizes=\"(max-width: 1586px) 100vw, 1586px\" \/><\/p>\n<p><strong><b>Lager <\/b><\/strong><strong><b>I<\/b><\/strong><strong><b>solatie <\/b><\/strong><strong><b>C<\/b><\/strong><strong><b>stroom <\/b><\/strong><strong><b>B<\/b><\/strong><strong><b>reaguurder <\/b><\/strong><strong><b>S<\/b><\/strong><strong><b>grootte<\/b><\/strong><\/p>\n<p><img loading=\"lazy\" decoding=\"async\" class=\"alignnone wp-image-2157 size-large\" src=\"http:\/\/www.xminsulation.com\/wp-content\/uploads\/2024\/05\/\u56fe\u724774-3-1024x451.png\" alt=\"\" width=\"1024\" height=\"451\" srcset=\"https:\/\/www.xminsulation.com\/wp-content\/uploads\/2024\/05\/\u56fe\u724774-3-1024x451.png 1024w, https:\/\/www.xminsulation.com\/wp-content\/uploads\/2024\/05\/\u56fe\u724774-3-300x132.png 300w, https:\/\/www.xminsulation.com\/wp-content\/uploads\/2024\/05\/\u56fe\u724774-3-768x338.png 768w, https:\/\/www.xminsulation.com\/wp-content\/uploads\/2024\/05\/\u56fe\u724774-3-1536x676.png 1536w, https:\/\/www.xminsulation.com\/wp-content\/uploads\/2024\/05\/\u56fe\u724774-3-600x264.png 600w, https:\/\/www.xminsulation.com\/wp-content\/uploads\/2024\/05\/\u56fe\u724774-3.png 1994w\" sizes=\"(max-width: 1024px) 100vw, 1024px\" \/><\/p>\n<h2><strong><b>Kastje <\/b><\/strong><strong><b>S<\/b><\/strong><strong><b>grootte<\/b><\/strong><\/h2>\n<p><img loading=\"lazy\" decoding=\"async\" class=\"alignnone wp-image-2158 size-large\" src=\"http:\/\/www.xminsulation.com\/wp-content\/uploads\/2024\/05\/\u56fe\u724775-2-1024x973.png\" alt=\"\" width=\"1024\" height=\"973\" srcset=\"https:\/\/www.xminsulation.com\/wp-content\/uploads\/2024\/05\/\u56fe\u724775-2-1024x973.png 1024w, https:\/\/www.xminsulation.com\/wp-content\/uploads\/2024\/05\/\u56fe\u724775-2-300x285.png 300w, https:\/\/www.xminsulation.com\/wp-content\/uploads\/2024\/05\/\u56fe\u724775-2-768x730.png 768w, https:\/\/www.xminsulation.com\/wp-content\/uploads\/2024\/05\/\u56fe\u724775-2-1536x1460.png 1536w, https:\/\/www.xminsulation.com\/wp-content\/uploads\/2024\/05\/\u56fe\u724775-2-600x570.png 600w, https:\/\/www.xminsulation.com\/wp-content\/uploads\/2024\/05\/\u56fe\u724775-2.png 1552w\" sizes=\"(max-width: 1024px) 100vw, 1024px\" \/><\/p>\n<h2><strong><b>Gebruik <\/b><\/strong><strong><b>E<\/b><\/strong><strong><b>milieu en <\/b><\/strong><strong><b>C<\/b><\/strong><strong><b>omstandigheden<\/b><\/strong><\/h2>\n<ol>\n<li>Luchttemperatuur: maximumtemperatuur: +40\u2103, minimumtemperatuur: -20\u2103.<\/li>\n<li>Temperatuur: De gemiddelde maandelijkse temperatuur is 95%, en de gemiddelde dagelijkse temperatuur is 90%.<\/li>\n<li>Hoogte: Maximale installatiehoogte: 2500 meter.<\/li>\n<li>Geen brandbare, explosieve, ernstige vervuiling, chemische corrosie of zware trillingen.<\/li>\n<li>Wanneer de installatiehoogte meer dan 2500 meter bedraagt of er andere bijzondere omstandigheden zijn, neem dan contact op met de afdeling pre-salestechnologie.<\/li>\n<\/ol>\n<p><img loading=\"lazy\" decoding=\"async\" class=\"alignnone wp-image-2159 size-full\" src=\"http:\/\/www.xminsulation.com\/wp-content\/uploads\/2024\/05\/\u56fe\u724776-3.png\" alt=\"\" width=\"826\" height=\"764\" srcset=\"https:\/\/www.xminsulation.com\/wp-content\/uploads\/2024\/05\/\u56fe\u724776-3.png 826w, https:\/\/www.xminsulation.com\/wp-content\/uploads\/2024\/05\/\u56fe\u724776-3-300x277.png 300w, https:\/\/www.xminsulation.com\/wp-content\/uploads\/2024\/05\/\u56fe\u724776-3-768x710.png 768w, https:\/\/www.xminsulation.com\/wp-content\/uploads\/2024\/05\/\u56fe\u724776-3-600x555.png 600w\" sizes=\"(max-width: 826px) 100vw, 826px\" \/><\/p>\n<h2><strong><b>Installatie-instructies<\/b><\/strong><\/h2>\n<ol>\n<li>Maak de luchtkast schoon en behandel het afdichtingsoppervlak v\u00f3\u00f3r gebruik: veeg de luchtkast af met alcohol, fijn schuurpapier en een schone doek v\u00f3\u00f3r installatie en gebruik.<\/li>\n<li>Controleer het afdichtingsoppervlak van de doos. Er mogen geen krassen, bramen, lasslakken, ijzervijlsel en andere vreemde stoffen in de afdichtingsband zitten. Controleer vooral de volgende locaties: rond het installatiegat van de behuizing, rond de installatie van de dynamische afdichting, rond de installatie van de explosieveilige klep. Montagegat van de barometer.<\/li>\n<li>De verticaliteit van de gelaste stift is goed, de laspunten rond de wortel van de stift zijn gelijkmatig, zonder doorbuiging, de draad is glad en de maatspecificaties voldoen aan de tekeningvereisten.<\/li>\n<li>Dankzij de dynamische pasvorm kan het afdichtingsoppervlak worden aangepast voordat het wordt vastgedraaid.<\/li>\n<li>De klepzitting van de luchtdrukmeter is nauwkeurig gelast, de interne schroefdraad is niet beschadigd en de las is stabiel.<\/li>\n<li>De aardingszitting van de behuizing is nauwkeurig gelast, de interne schroefdraad is niet beschadigd en de las is stabiel.<\/li>\n<li>Controleer of de buitenafmetingen van de kast voldoen aan de tekeningvereisten en of de methode voor de bovenste uitbreiding overeenkomt met de specificatietekening.<\/li>\n<li>De diagonale fout van de kast bedraagt minder dan 3 mm.<\/li>\n<li>De dozen die de inspectie doorstaan, worden op de bijbehorende productieproceskaart gestempeld en ondertekend en vervolgens rechtop op de beugel ge\u00efnstalleerd.<\/li>\n<\/ol>\n<h2><strong><b>Gastank<\/b><\/strong><strong><b>\u00a0<\/b><\/strong><strong><b>I<\/b><\/strong><strong><b>intern <\/b><\/strong><strong><b>I<\/b><\/strong><strong><b>installatie <\/b><\/strong><strong><b>D<\/b><\/strong><strong><b>diagram<\/b><\/strong><\/h2>\n<p><img loading=\"lazy\" decoding=\"async\" class=\"alignnone wp-image-2160 size-full\" src=\"http:\/\/www.xminsulation.com\/wp-content\/uploads\/2024\/05\/\u56fe\u724777-3.png\" alt=\"\" width=\"868\" height=\"1110\" srcset=\"https:\/\/www.xminsulation.com\/wp-content\/uploads\/2024\/05\/\u56fe\u724777-3.png 868w, https:\/\/www.xminsulation.com\/wp-content\/uploads\/2024\/05\/\u56fe\u724777-3-235x300.png 235w, https:\/\/www.xminsulation.com\/wp-content\/uploads\/2024\/05\/\u56fe\u724777-3-801x1024.png 801w, https:\/\/www.xminsulation.com\/wp-content\/uploads\/2024\/05\/\u56fe\u724777-3-768x982.png 768w, https:\/\/www.xminsulation.com\/wp-content\/uploads\/2024\/05\/\u56fe\u724777-3-600x767.png 600w\" sizes=\"(max-width: 868px) 100vw, 868px\" \/><\/p>\n<p><strong><b>Circuit <\/b><\/strong><strong><b>B<\/b><\/strong><strong><b>reaguurder <\/b><\/strong><strong><b>I<\/b><\/strong><strong><b>installatie <\/b><\/strong><strong><b>I<\/b><\/strong><strong><b>inspectie <\/b><\/strong><strong><b>P<\/b><\/strong><strong><b>zalven en <\/b><\/strong><strong><b>P<\/b><\/strong><strong><b>opmerkingen:<\/b><\/strong><\/p>\n<ol>\n<li>Voordat u de schakelaar installeert, moet u deze inspecteren om er zeker van te zijn dat het oppervlak ervan niet beschadigd is.<\/li>\n<li>Installeer de schakelaar in het plaatwerk en bevestig de schakelaarbehuizing met moeren (draai de moeren nu nog niet vast en draai daarna de beweegbare fitting vast). Zorg ervoor dat de schakelaar nauwkeurig overeenkomt met het metalen gat en monteer vervolgens de beweegbare fitting.<\/li>\n<li>Nadat de dynamische pasvorm en schakelaar zijn bevestigd en ge\u00efnstalleerd, trekt u de beweegbare pasvorm met de hand om het isolatiemes te bedienen. De beweging is soepel en zonder vastlopen, en er is geen vervorming van het mes.<\/li>\n<\/ol>\n<p><strong><b>De <\/b><\/strong><strong><b>F<\/b><\/strong><strong><b>volgend <\/b><\/strong><strong><b>P<\/b><\/strong><strong><b>afbeelding <\/b><\/strong><strong><b>S<\/b><\/strong><strong><b>hoe is de <\/b><\/strong><strong><b>I<\/b><\/strong><strong><b>installatie van de <\/b><\/strong><strong><b>I<\/b><\/strong><strong><b>solateren <\/b><\/strong><strong><b>C<\/b><\/strong><strong><b>stroom <\/b><\/strong><strong><b>B<\/b><\/strong><strong><b>lezer:<\/b><\/strong><\/p>\n<p><img loading=\"lazy\" decoding=\"async\" class=\"alignnone wp-image-2161 size-full\" src=\"http:\/\/www.xminsulation.com\/wp-content\/uploads\/2024\/05\/\u56fe\u724778-3.png\" alt=\"\" width=\"988\" height=\"1013\" srcset=\"https:\/\/www.xminsulation.com\/wp-content\/uploads\/2024\/05\/\u56fe\u724778-3.png 988w, https:\/\/www.xminsulation.com\/wp-content\/uploads\/2024\/05\/\u56fe\u724778-3-293x300.png 293w, https:\/\/www.xminsulation.com\/wp-content\/uploads\/2024\/05\/\u56fe\u724778-3-768x787.png 768w, https:\/\/www.xminsulation.com\/wp-content\/uploads\/2024\/05\/\u56fe\u724778-3-600x615.png 600w\" sizes=\"(max-width: 988px) 100vw, 988px\" \/><\/p>\n<p><strong><b>De <\/b><\/strong><strong><b>F<\/b><\/strong><strong><b>volgend <\/b><\/strong><strong><b>P<\/b><\/strong><strong><b>afbeeldingen zijn <\/b><\/strong><strong><b>I<\/b><\/strong><strong><b>in elkaar grijpend <\/b><\/strong><strong><b>D<\/b><\/strong><strong><b>details:<\/b><\/strong><\/p>\n<p><img loading=\"lazy\" decoding=\"async\" class=\"alignnone wp-image-2162 size-full\" src=\"http:\/\/www.xminsulation.com\/wp-content\/uploads\/2024\/05\/\u56fe\u724779-2.png\" alt=\"\" width=\"710\" height=\"1311\" srcset=\"https:\/\/www.xminsulation.com\/wp-content\/uploads\/2024\/05\/\u56fe\u724779-2.png 710w, https:\/\/www.xminsulation.com\/wp-content\/uploads\/2024\/05\/\u56fe\u724779-2-162x300.png 162w, https:\/\/www.xminsulation.com\/wp-content\/uploads\/2024\/05\/\u56fe\u724779-2-555x1024.png 555w, https:\/\/www.xminsulation.com\/wp-content\/uploads\/2024\/05\/\u56fe\u724779-2-600x1108.png 600w\" sizes=\"(max-width: 710px) 100vw, 710px\" \/><\/p>\n<h2><strong><b>Bediening en onderhoud<\/b><\/strong><\/h2>\n<p>1 , Bedrijfsomstandigheden.<br \/>\nSF6-40,5 kV\/1250A werkt\/dient over het algemeen onder normale binnenomstandigheden en voldoet aan IEC 62271-1 en GB3906. De specifieke omstandigheden zijn als volgt.<br \/>\na. Omgevingstemperatuur: maximumtemperatuur +40\u2103; 24-uurs gemiddelde maximumtemperatuur +35\u2103; minimumtemperatuur -40\u2103.<br \/>\nb. Vochtigheid: De maximale gemiddelde relatieve vochtigheid gemeten in 24 uur is 95%; de maximale gemiddelde relatieve vochtigheid gemeten in 1 maand is 90%.<br \/>\nc. De maximale installatiehoogte is 2500 meter zonder de gasdruk te verlagen. Wanneer de installatiehoogte 2500 meter overschrijdt, neem dan contact op met pre-sales technology.<br \/>\nd. Speciale omstandigheden: De werking moet voldoen aan de vereisten van de normen IEC62271-1 en GB3906. Voor speciale bedrijfsomstandigheden moeten de eindgebruiker en de fabrikant een overeenkomst bereiken. Als er sprake is van speciale zware bedrijfsomstandigheden, moet de fabrikant worden geraadpleegd. Wanneer bijvoorbeeld elektrische apparatuur op een hoogte van meer dan 2500 meter wordt ge\u00efnstalleerd, zal de atmosferische druk afnemen, waardoor de luchtkast gaat uitpuilen.<\/p>\n<p>2. Productonderhoud.<br \/>\na, Alle componenten binnenin zijn onderhoudsvrij gedurende de aangegeven levensduur van het product.<br \/>\nb. De isolatie- en aardingsposities kunnen in acht worden genomen om een veiligheidsgarantie te bieden voor de werking en de kabelconstructie.<br \/>\nc. De systeemlus is volledig ge\u00efsoleerd van de atmosfeer en er is een speciaal boogdrukontlastingskanaal ontworpen op de luchtkast om de veiligheid van operators en apparatuur te garanderen.<br \/>\nd. Het mechanische onderdeel bevindt zich buiten de luchtkast en achter het voorpaneel. Dit maakt bediening en vervanging eenvoudiger. Het oppervlak van de mechanische onderdelen heeft een anti-corrosiebehandeling ondergaan. De bewegende onderdelen zijn gesmeerd voordat ze de fabriek verlieten, wat voldoet aan de gebruikscyclus van het product. In extreme omgevingen (stof, zand en vuil) kunnen inspectie, onderhoud en in sommige gevallen vervanging noodzakelijk zijn.<\/p>\n<h2>\u25c6Speciale aanpassingen<\/h2>\n<p>De bovenstaande parameters zijn typische gegevens; als de bestaande stijlen niet aan uw specifieke eisen voldoen, neem dan contact met ons op voor een ontwerp op maat. We beschikken over aanzienlijke gepersonaliseerde ontwikkelings- en productievaardigheden op het gebied van maatwerk, waardoor we op maat gemaakte oplossingen kunnen bieden aan klanten over de hele wereld.<\/p>","protected":false},"excerpt":{"rendered":"<p>General Intruduction The 40.5kV-1250A fully enclosed and fully insulated SF6 inflatable ring main unit introduces advanced foreign technology and adopts a modular design, with its perfect unity of fixed type and flexible expansion. SF-40.5 inflatable switch cabinet has the characteristics of compact structure, fully insulated, long life, maintenance-free, small footprint, complete solutions, strong scalability, high [&hellip;]<\/p>","protected":false},"featured_media":2153,"template":"","meta":{"site-sidebar-layout":"default","site-content-layout":"","ast-site-content-layout":"default","site-content-style":"default","site-sidebar-style":"default","ast-global-header-display":"","ast-banner-title-visibility":"","ast-main-header-display":"","ast-hfb-above-header-display":"","ast-hfb-below-header-display":"","ast-hfb-mobile-header-display":"","site-post-title":"","ast-breadcrumbs-content":"","ast-featured-img":"","footer-sml-layout":"","theme-transparent-header-meta":"default","adv-header-id-meta":"","stick-header-meta":"","header-above-stick-meta":"","header-main-stick-meta":"","header-below-stick-meta":"","astra-migrate-meta-layouts":"set","ast-page-background-enabled":"default","ast-page-background-meta":{"desktop":{"background-color":"","background-image":"","background-repeat":"repeat","background-position":"center center","background-size":"auto","background-attachment":"scroll","background-type":"","background-media":"","overlay-type":"","overlay-color":"","overlay-gradient":""},"tablet":{"background-color":"","background-image":"","background-repeat":"repeat","background-position":"center center","background-size":"auto","background-attachment":"scroll","background-type":"","background-media":"","overlay-type":"","overlay-color":"","overlay-gradient":""},"mobile":{"background-color":"","background-image":"","background-repeat":"repeat","background-position":"center center","background-size":"auto","background-attachment":"scroll","background-type":"","background-media":"","overlay-type":"","overlay-color":"","overlay-gradient":""}},"ast-content-background-meta":{"desktop":{"background-color":"var(--ast-global-color-5)","background-image":"","background-repeat":"repeat","background-position":"center center","background-size":"auto","background-attachment":"scroll","background-type":"","background-media":"","overlay-type":"","overlay-color":"","overlay-gradient":""},"tablet":{"background-color":"var(--ast-global-color-5)","background-image":"","background-repeat":"repeat","background-position":"center center","background-size":"auto","background-attachment":"scroll","background-type":"","background-media":"","overlay-type":"","overlay-color":"","overlay-gradient":""},"mobile":{"background-color":"var(--ast-global-color-5)","background-image":"","background-repeat":"repeat","background-position":"center center","background-size":"auto","background-attachment":"scroll","background-type":"","background-media":"","overlay-type":"","overlay-color":"","overlay-gradient":""}}},"product_cat":[34],"product_tag":[],"class_list":{"0":"post-2152","1":"product","2":"type-product","3":"status-publish","4":"has-post-thumbnail","6":"product_cat-10-40-5kv-sf6-gas-insulated-switchgear-gis-rmu","7":"desktop-align-left","8":"tablet-align-left","9":"mobile-align-left","11":"first","12":"instock","13":"shipping-taxable","14":"product-type-simple"},"_links":{"self":[{"href":"https:\/\/www.xminsulation.com\/nl\/wp-json\/wp\/v2\/product\/2152","targetHints":{"allow":["GET"]}}],"collection":[{"href":"https:\/\/www.xminsulation.com\/nl\/wp-json\/wp\/v2\/product"}],"about":[{"href":"https:\/\/www.xminsulation.com\/nl\/wp-json\/wp\/v2\/types\/product"}],"wp:featuredmedia":[{"embeddable":true,"href":"https:\/\/www.xminsulation.com\/nl\/wp-json\/wp\/v2\/media\/2153"}],"wp:attachment":[{"href":"https:\/\/www.xminsulation.com\/nl\/wp-json\/wp\/v2\/media?parent=2152"}],"wp:term":[{"taxonomy":"product_cat","embeddable":true,"href":"https:\/\/www.xminsulation.com\/nl\/wp-json\/wp\/v2\/product_cat?post=2152"},{"taxonomy":"product_tag","embeddable":true,"href":"https:\/\/www.xminsulation.com\/nl\/wp-json\/wp\/v2\/product_tag?post=2152"}],"curies":[{"name":"wp","href":"https:\/\/api.w.org\/{rel}","templated":true}]}}