{"id":2096,"date":"2024-05-17T10:10:32","date_gmt":"2024-05-17T02:10:32","guid":{"rendered":"http:\/\/www.xminsulation.com\/?post_type=product&#038;p=2096"},"modified":"2024-05-17T10:10:33","modified_gmt":"2024-05-17T02:10:33","slug":"15-6kv-dry-air-insulated-ring-main-unit-sf6-free-ais-rmu","status":"publish","type":"product","link":"https:\/\/www.xminsulation.com\/nl\/product\/15-6kv-dry-air-insulated-ring-main-unit-sf6-free-ais-rmu\/","title":{"rendered":"15,6 kV droge lucht ge\u00efsoleerde ringhoofdunit (SF6-vrije AIS RMU)"},"content":{"rendered":"<p><img fetchpriority=\"high\" decoding=\"async\" class=\"alignnone wp-image-2097 size-full\" src=\"http:\/\/www.xminsulation.com\/wp-content\/uploads\/2024\/05\/\u56fe\u724724-2.png\" alt=\"\" width=\"1000\" height=\"1000\" srcset=\"https:\/\/www.xminsulation.com\/wp-content\/uploads\/2024\/05\/\u56fe\u724724-2.png 1000w, https:\/\/www.xminsulation.com\/wp-content\/uploads\/2024\/05\/\u56fe\u724724-2-300x300.png 300w, https:\/\/www.xminsulation.com\/wp-content\/uploads\/2024\/05\/\u56fe\u724724-2-150x150.png 150w, https:\/\/www.xminsulation.com\/wp-content\/uploads\/2024\/05\/\u56fe\u724724-2-768x768.png 768w, https:\/\/www.xminsulation.com\/wp-content\/uploads\/2024\/05\/\u56fe\u724724-2-600x600.png 600w, https:\/\/www.xminsulation.com\/wp-content\/uploads\/2024\/05\/\u56fe\u724724-2-100x100.png 100w\" sizes=\"(max-width: 1000px) 100vw, 1000px\" \/><img decoding=\"async\" class=\"alignnone wp-image-2098 size-full\" src=\"http:\/\/www.xminsulation.com\/wp-content\/uploads\/2024\/05\/\u56fe\u724725-2.png\" alt=\"\" width=\"1000\" height=\"1000\" srcset=\"https:\/\/www.xminsulation.com\/wp-content\/uploads\/2024\/05\/\u56fe\u724725-2.png 1000w, https:\/\/www.xminsulation.com\/wp-content\/uploads\/2024\/05\/\u56fe\u724725-2-300x300.png 300w, https:\/\/www.xminsulation.com\/wp-content\/uploads\/2024\/05\/\u56fe\u724725-2-150x150.png 150w, https:\/\/www.xminsulation.com\/wp-content\/uploads\/2024\/05\/\u56fe\u724725-2-768x768.png 768w, https:\/\/www.xminsulation.com\/wp-content\/uploads\/2024\/05\/\u56fe\u724725-2-600x600.png 600w, https:\/\/www.xminsulation.com\/wp-content\/uploads\/2024\/05\/\u56fe\u724725-2-100x100.png 100w\" sizes=\"(max-width: 1000px) 100vw, 1000px\" \/> <img decoding=\"async\" class=\"alignnone wp-image-2099 size-full\" src=\"http:\/\/www.xminsulation.com\/wp-content\/uploads\/2024\/05\/\u56fe\u724726-3.png\" alt=\"\" width=\"1000\" height=\"1000\" srcset=\"https:\/\/www.xminsulation.com\/wp-content\/uploads\/2024\/05\/\u56fe\u724726-3.png 1000w, https:\/\/www.xminsulation.com\/wp-content\/uploads\/2024\/05\/\u56fe\u724726-3-300x300.png 300w, https:\/\/www.xminsulation.com\/wp-content\/uploads\/2024\/05\/\u56fe\u724726-3-150x150.png 150w, https:\/\/www.xminsulation.com\/wp-content\/uploads\/2024\/05\/\u56fe\u724726-3-768x768.png 768w, https:\/\/www.xminsulation.com\/wp-content\/uploads\/2024\/05\/\u56fe\u724726-3-600x600.png 600w, https:\/\/www.xminsulation.com\/wp-content\/uploads\/2024\/05\/\u56fe\u724726-3-100x100.png 100w\" sizes=\"(max-width: 1000px) 100vw, 1000px\" \/><\/p>\n<h2><strong><b>Algemene informatie<\/b><\/strong><\/h2>\n<p>In middenspanningsstroomdistributiesystemen omvatten de meest gebruikte ringnetwerkkasten momenteel SF6 gasge\u00efsoleerde ringnetwerkkasten, solide ge\u00efsoleerde ringnetwerkkasten en milieuvriendelijke gasge\u00efsoleerde ringnetwerkkasten. Vanwege het broeikasgasemissieprobleem van SF6 en de moeilijkheid om vaste isolatiematerialen te recyclen, zal de toepassing van SF6 gasge\u00efsoleerde ringhoofdunits en massieve ge\u00efsoleerde ringhoofdunits echter beperkt zijn. Met de wereldwijde promotie van het concept van groene en milieuvriendelijke ontwikkeling zullen volledig ge\u00efsoleerde, milieuvriendelijke gasringhoofdeenheden die voldoen aan de nieuwste concepten en eisen op het gebied van milieubescherming historische ontwikkelingsmogelijkheden inluiden!<\/p>\n<p>Milieuvriendelijke schakelaars uit de IE-EcoAir-15.6\/24kV 630A-serie zijn een nieuwe generatie \u201cfluorvrije en milieuvriendelijke groene stroomonderbrekerschakelaars en milieuvriendelijke gasge\u00efsoleerde ringhoofdunits, ontwikkeld ter vervanging van traditionele SF6-gasisolatie.<\/p>\n<p>De milieuvriendelijke stroomonderbrekerschakelaar gebruikt een ge\u00efntegreerde, zeer sterke longitudinale balk en de vacu\u00fcmboogbluskamer is omhuld door de longitudinale balkstructuur. Het heeft de voordelen van een betrouwbare structuur en eenvoudig debuggen. Het isoleert de openings-, sluit- en aardingsbewerkingen van de messchakelaar door een ge\u00efntegreerde isolatiespindel. Aangedreven door de machine is er geen andere armtransmissie, is de werkpositie nauwkeuriger en is de bedieningskracht van het isolatiemechanisme lichter. De hoofdas van de stroomonderbreker is gemaakt van epoxyvezelglas-triggerstang, die een hoge mechanische sterkte en sterke isolatieprestaties heeft. Door de legeringbeugel en transmissienok worden de openings- en sluitacties van de vacu\u00fcmboogbluskamer gerealiseerd. De fasen zijn versterkt met siliconen paraplurokken om de kruipafstand te vergroten. De milieuvriendelijke stroomonderbrekerschakelaar is niet alleen geschikt voor ringhoofdunits met een afgesloten luchtkamerstructuur, maar ook voor normale druk metalen omsloten ringhoofdunits.<\/p>\n<p>Met behulp van een oplossing van milieuvriendelijke gasisolatie en vacu\u00fcmonderbreking, heeft de combinatie van voordelen een hoge algehele prestatie. Het primaire circuit is gasdicht, de hogedrukcomponenten worden niet be\u00efnvloed door hoogte, zijn volledig onderhoudsvrij en hebben een sterke aanpasbaarheid aan het milieu. De kastgrootte is klein en de vereiste lay-outruimte is laag. Producten kunnen worden gebruikt in elektriciteitsnetten, grote industrie\u00ebn, spoorwegvervoer, commerci\u00eble gebouwen en andere gebruiksscenario&#039;s.<\/p>\n<p>Dit product wordt voornamelijk gebruikt in binnen- en buitenringnetwerkschakelapparatuur in 10-24kV middenspanningsdistributienetwerksystemen om elektrische energie te ontvangen en te distribueren. Het is geschikt voor bovenuitbreiding, zijuitbreiding en gemeenschappelijke doos (maximaal drie eenheden) ringnetwerkkastoplossingen. De gemeenschappelijke onderdelensnelheid van de bovenste en onderste isolatieoplossingen bereikt meer dan 90%. Het product heeft een hoge stabiliteit en sterke veelzijdigheid en voldoet volledig aan de typetestvereisten.<\/p>\n<h2><strong><b>Producteigenschappen<\/b><\/strong><strong><b>\u00a0<\/b><\/strong><\/h2>\n<ol>\n<li><b><\/b><strong><b>Groente<\/b><\/strong><strong><b>.<\/b><\/strong><\/li>\n<\/ol>\n<p>Droge perslucht wordt gebruikt als isolatiegas, dat een hoge ionisatieveldsterkte en doorslagveldsterkte heeft. Het kan de isolatieprestaties snel herstellen na doorslag. Het heeft een goede chemische stabiliteit, is niet-ontvlambaar, niet-explosief, niet-verouderend, niet-corrosief en niet vatbaar voor ontlading. Het is ontbonden en heeft een grote specifieke warmtecapaciteit, goede thermische geleidbaarheid en vloeibaarheid. Dit milieuvriendelijke isolatiegas is niet alleen niet-toxisch en onschadelijk, maar kan ook rechtstreeks in de atmosfeer worden geloosd zonder luchtvervuiling te veroorzaken. Het heeft ook goede elektrische eigenschappen en stabiliteit en kan worden gebruikt in het proces van synthetische verwerking, apparatuurbediening, boog, waterdamp en andere omstandigheden. Onder de gecombineerde werking van externe factoren en tijdens het uiteindelijke ontledings- en transformatieproces worden geen giftige of schadelijke stoffen voor mens en milieu geproduceerd. De schakelaar is gemaakt van thermoplastisch materiaal en is recyclebaar. Er zijn geen SF6-broeikasgasemissies en geen impact op het milieu, zoals recycling van vast afval.<\/p>\n<ol start=\"2\">\n<li><b><\/b><strong><b>Compact <\/b><\/strong><strong><b>S<\/b><\/strong><strong><b>tempo<\/b><\/strong><strong><b>.<\/b><\/strong><\/li>\n<\/ol>\n<p>Compacte schakelkast, de breedte van een typische 15,6 kV-oplossing is slechts ongeveer 400 mm, de kast is klein en de benodigde ruimte is laag. Betrouwbare wandmontage, slechts 1 m werkkanaal v\u00f3\u00f3r de kast.<\/p>\n<ol start=\"3\">\n<li><b><\/b><strong><b>M<\/b><\/strong><strong><b>onderhoud <\/b><\/strong><strong><b>F<\/b><\/strong><strong><b>rood<\/b><\/strong><strong><b>.<\/b><\/strong><\/li>\n<\/ol>\n<p>Bij gebruik van een onderhoudsvrije vacu\u00fcmboogblusser met een lange levensduur wordt het geleidende hoofdonderdeel niet be\u00efnvloed door de externe omgeving en hoeft er ter plaatse geen SF6-gas te worden geconfigureerd.<\/p>\n<p>Lekalarmapparaat. Het hoofdcircuit is vast aangesloten en vereist geen rack-in en rack-out onderhoud gedurende de levenscyclus. Speciaal geschikt voor toepassingen in plateaus, kustgebieden, alpengebieden, gebieden met veel vervuiling en andere gebieden.<\/p>\n<ol start=\"4\">\n<li><b><\/b><strong><b>Intelligent<\/b><\/strong><strong><b>.<\/b><\/strong><\/li>\n<\/ol>\n<p>Integratie met secundaire apparatuur kan online monitoring, afstandsbediening en bescherming van apparatuur realiseren om aan de behoeften van een intelligent distributienetwerk te voldoen.<\/p>\n<ol start=\"5\">\n<li><b><\/b><strong><b>Modulair<\/b><\/strong><strong><b>.<\/b><\/strong><\/li>\n<\/ol>\n<p>Het beschikt over zij- en bovenuitbreidingsmethoden, flexibele en handige uitbreiding, het is volledig in overeenstemming met de standaardisatie van het Chinese elektriciteitsnet en verschillende op maat gemaakte oplossingen.<\/p>\n<ol start=\"6\">\n<li><b><\/b><strong><b>S<\/b><\/strong><strong><b>veiligheid<\/b><\/strong><strong><b>.<\/b><\/strong><\/li>\n<\/ol>\n<p>Door de toepassing van een isolatiestructuur met gesplitste fasen bestaat er geen risico op explosie bij kortsluiting tussen fasen. De technologie zonder SF6 voorkomt lekkage van SF6-gas, wat kan leiden tot verzwakking van de isolatie en de vlamboogdovende capaciteiten, wat kan resulteren in breuk en het risico op een explosie van de doos. De technologie heeft een volledige, in elkaar grijpende structuur met &quot;vijf preventies&quot;, en is veilig en eenvoudig te bedienen.<\/p>\n<p><strong><b> <img loading=\"lazy\" decoding=\"async\" class=\"alignnone wp-image-2100 size-large\" src=\"http:\/\/www.xminsulation.com\/wp-content\/uploads\/2024\/05\/\u56fe\u724727-3-935x1024.png\" alt=\"\" width=\"935\" height=\"1024\" srcset=\"https:\/\/www.xminsulation.com\/wp-content\/uploads\/2024\/05\/\u56fe\u724727-3-935x1024.png 935w, https:\/\/www.xminsulation.com\/wp-content\/uploads\/2024\/05\/\u56fe\u724727-3-274x300.png 274w, https:\/\/www.xminsulation.com\/wp-content\/uploads\/2024\/05\/\u56fe\u724727-3-768x841.png 768w, https:\/\/www.xminsulation.com\/wp-content\/uploads\/2024\/05\/\u56fe\u724727-3-1403x1536.png 1403w, https:\/\/www.xminsulation.com\/wp-content\/uploads\/2024\/05\/\u56fe\u724727-3-600x657.png 600w, https:\/\/www.xminsulation.com\/wp-content\/uploads\/2024\/05\/\u56fe\u724727-3.png 1796w\" sizes=\"(max-width: 935px) 100vw, 935px\" \/><\/b><\/strong><\/p>\n<h2><strong><b>Operationeel <\/b><\/strong><strong><b>C<\/b><\/strong><strong><b>omstandigheden<\/b><\/strong><\/h2>\n<p>IE-EcoAir-15.6\/24 kV 630A wordt over het algemeen gebruikt\/onderhouden onder normale binnenomstandigheden en voldoet aan IEC 62271-1 en GB3906. De specifieke omstandigheden zijn als volgt:<\/p>\n<ol>\n<li>Omgevingstemperatuur.<\/li>\n<\/ol>\n<p>Maximale temperatuur: +40\u2103.<\/p>\n<p>Maximale temperatuur (gemiddelde over 24 uur): +35\u00b0C.<\/p>\n<p>Minimale temperatuur: -40\u2103.<\/p>\n<ol start=\"2\">\n<li>Vochtigheid. Maximale gemiddelde relatieve vochtigheid gemeten over 24 uur: 95%. Maximale gemiddelde relatieve vochtigheid gemeten over een maand: 90%.<\/li>\n<li>De maximale hoogte van de installatie zonder gasdruk te verlagen is 1500 meter. Wanneer de installatiehoogte 1500 meter overschrijdt, neem dan contact op met pre-sales technology.<\/li>\n<li>De werking moet voldoen aan de vereisten van de normen IEC62271-1 en GB3906. Voor speciale bedrijfsomstandigheden moeten de eindgebruiker en de fabrikant een overeenkomst bereiken. Als er sprake is van speciale zware bedrijfsomstandigheden, moet de fabrikant worden geraadpleegd. Wanneer bijvoorbeeld elektrische apparatuur op een hoogte van meer dan 1500 meter wordt ge\u00efnstalleerd, zal de atmosferische druk afnemen, waardoor de luchtkast gaat uitpuilen.<\/li>\n<\/ol>\n<h2><strong><b>Maattekening van luchttank en schakelkast<\/b><\/strong><\/h2>\n<p><img loading=\"lazy\" decoding=\"async\" class=\"alignnone wp-image-2101 size-full\" src=\"http:\/\/www.xminsulation.com\/wp-content\/uploads\/2024\/05\/\u56fe\u724728-3.png\" alt=\"\" width=\"1000\" height=\"838\" srcset=\"https:\/\/www.xminsulation.com\/wp-content\/uploads\/2024\/05\/\u56fe\u724728-3.png 1000w, https:\/\/www.xminsulation.com\/wp-content\/uploads\/2024\/05\/\u56fe\u724728-3-300x251.png 300w, https:\/\/www.xminsulation.com\/wp-content\/uploads\/2024\/05\/\u56fe\u724728-3-768x644.png 768w, https:\/\/www.xminsulation.com\/wp-content\/uploads\/2024\/05\/\u56fe\u724728-3-600x503.png 600w\" sizes=\"(max-width: 1000px) 100vw, 1000px\" \/> <img loading=\"lazy\" decoding=\"async\" class=\"alignnone wp-image-2102 size-full\" src=\"http:\/\/www.xminsulation.com\/wp-content\/uploads\/2024\/05\/\u56fe\u724729-2.png\" alt=\"\" width=\"1000\" height=\"1196\" srcset=\"https:\/\/www.xminsulation.com\/wp-content\/uploads\/2024\/05\/\u56fe\u724729-2.png 1000w, https:\/\/www.xminsulation.com\/wp-content\/uploads\/2024\/05\/\u56fe\u724729-2-251x300.png 251w, https:\/\/www.xminsulation.com\/wp-content\/uploads\/2024\/05\/\u56fe\u724729-2-856x1024.png 856w, https:\/\/www.xminsulation.com\/wp-content\/uploads\/2024\/05\/\u56fe\u724729-2-768x919.png 768w, https:\/\/www.xminsulation.com\/wp-content\/uploads\/2024\/05\/\u56fe\u724729-2-600x718.png 600w\" sizes=\"(max-width: 1000px) 100vw, 1000px\" \/><\/p>\n<h2><strong><b>Intern <\/b><\/strong><strong><b>S<\/b><\/strong><strong><b>structuur van <\/b><\/strong><strong><b>L<\/b><\/strong><strong><b>bloem <\/b><\/strong><strong><b>I<\/b><\/strong><strong><b>solatie <\/b><\/strong><strong><b>Droge lucht ge\u00efsoleerde schakelapparatuur<\/b><\/strong><\/h2>\n<p><img loading=\"lazy\" decoding=\"async\" class=\"alignnone wp-image-2103 size-full\" src=\"http:\/\/www.xminsulation.com\/wp-content\/uploads\/2024\/05\/\u56fe\u724730-2.png\" alt=\"\" width=\"1065\" height=\"786\" srcset=\"https:\/\/www.xminsulation.com\/wp-content\/uploads\/2024\/05\/\u56fe\u724730-2.png 1065w, https:\/\/www.xminsulation.com\/wp-content\/uploads\/2024\/05\/\u56fe\u724730-2-300x221.png 300w, https:\/\/www.xminsulation.com\/wp-content\/uploads\/2024\/05\/\u56fe\u724730-2-1024x756.png 1024w, https:\/\/www.xminsulation.com\/wp-content\/uploads\/2024\/05\/\u56fe\u724730-2-768x567.png 768w, https:\/\/www.xminsulation.com\/wp-content\/uploads\/2024\/05\/\u56fe\u724730-2-600x443.png 600w\" sizes=\"(max-width: 1065px) 100vw, 1065px\" \/><\/p>\n<p>1. Uitbreidingsbehuizing aan de zijkant.<\/p>\n<p>2,\u65ad\u8def\u5668(\u8d1f\u8377\u5f00\u5173). Stroomonderbreker (belastingsschakelaar).<\/p>\n<p>3. Er zijn verschillende manieren waarop u dit kunt doen. Drie-station isolatieschakelaar.<\/p>\n<p>4, \u6bcd\u7ebf. Busbar.<\/p>\n<p>5, \u8fdb\u7ebf\u5957\u7ba1. Ingangsbus.<\/p>\n<p>6, \u6c14\u7bb1. Lucht tank.<\/p>\n<p>7, \u6c14\u538b\u8868. Barometer.<\/p>\n<p>8,\u65ad\u8def\u5668(\u8d1f\u8377\u5f00\u5173)\u673a\u6784. Stroomonderbreker (belastingsschakelaar) mechanisme.<\/p>\n<p>9, \u89c2\u5bdf\u706f. Observatie licht.<\/p>\n<p>10, \u4e09\u5de5\u4f4d\u9694\u79bb\u673a\u6784. Isolatiemechanisme met drie stations.<\/p>\n<p>11, \u63a5\u5730\u89c2\u5bdf\u7a97. Grondobservatievenster.<\/p>\n<h2><strong><b>Uitbreidingsplan voor de schakelkastzijde<\/b><\/strong><\/h2>\n<p><img loading=\"lazy\" decoding=\"async\" class=\"alignnone wp-image-2104 size-full\" src=\"http:\/\/www.xminsulation.com\/wp-content\/uploads\/2024\/05\/\u56fe\u724731-2.png\" alt=\"\" width=\"621\" height=\"532\" srcset=\"https:\/\/www.xminsulation.com\/wp-content\/uploads\/2024\/05\/\u56fe\u724731-2.png 621w, https:\/\/www.xminsulation.com\/wp-content\/uploads\/2024\/05\/\u56fe\u724731-2-300x257.png 300w, https:\/\/www.xminsulation.com\/wp-content\/uploads\/2024\/05\/\u56fe\u724731-2-600x514.png 600w\" sizes=\"(max-width: 621px) 100vw, 621px\" \/><\/p>\n<h2><strong><b>Schakelkast <\/b><\/strong><strong><b>Bovenkant<\/b><\/strong><strong><b>\u00a0Uitbreidingsplan<\/b><\/strong><\/h2>\n<p><img loading=\"lazy\" decoding=\"async\" class=\"alignnone wp-image-2105 size-full\" src=\"http:\/\/www.xminsulation.com\/wp-content\/uploads\/2024\/05\/\u56fe\u724732-3.png\" alt=\"\" width=\"687\" height=\"630\" srcset=\"https:\/\/www.xminsulation.com\/wp-content\/uploads\/2024\/05\/\u56fe\u724732-3.png 687w, https:\/\/www.xminsulation.com\/wp-content\/uploads\/2024\/05\/\u56fe\u724732-3-300x275.png 300w, https:\/\/www.xminsulation.com\/wp-content\/uploads\/2024\/05\/\u56fe\u724732-3-600x550.png 600w\" sizes=\"(max-width: 687px) 100vw, 687px\" \/><\/p>\n<h2><strong><b>Installatie-opmerkingen<\/b><\/strong><\/h2>\n<p>Dit product moet worden ge\u00efnstalleerd op het ingebedde stalen kanaal op het betonnen platform. De platformbasis moet groot genoeg zijn om het totale gewicht van de apparatuur te dragen.<\/p>\n<p>Let op: Het funderingskanaalstaal voor secundair storten is geknikt en de oneffenheid per meter is niet meer dan 1 mm. De schakelkast is bevestigd op het funderingskanaalstaal en de basisbelasting van de gelaste schakelkast mag 500-700 kg\/eenheid zijn.<\/p>\n<p><strong><b>Fundering en totale afmetingen (mm):<\/b><\/strong><\/p>\n<p><strong><b><img loading=\"lazy\" decoding=\"async\" class=\"alignnone wp-image-2106 size-large\" src=\"http:\/\/www.xminsulation.com\/wp-content\/uploads\/2024\/05\/\u56fe\u724733-4-1024x1021.png\" alt=\"\" width=\"1024\" height=\"1021\" srcset=\"https:\/\/www.xminsulation.com\/wp-content\/uploads\/2024\/05\/\u56fe\u724733-4-1024x1021.png 1024w, https:\/\/www.xminsulation.com\/wp-content\/uploads\/2024\/05\/\u56fe\u724733-4-300x300.png 300w, https:\/\/www.xminsulation.com\/wp-content\/uploads\/2024\/05\/\u56fe\u724733-4-150x150.png 150w, https:\/\/www.xminsulation.com\/wp-content\/uploads\/2024\/05\/\u56fe\u724733-4-768x766.png 768w, https:\/\/www.xminsulation.com\/wp-content\/uploads\/2024\/05\/\u56fe\u724733-4-1536x1531.png 1536w, https:\/\/www.xminsulation.com\/wp-content\/uploads\/2024\/05\/\u56fe\u724733-4-600x598.png 600w, https:\/\/www.xminsulation.com\/wp-content\/uploads\/2024\/05\/\u56fe\u724733-4-100x100.png 100w, https:\/\/www.xminsulation.com\/wp-content\/uploads\/2024\/05\/\u56fe\u724733-4.png 1677w\" sizes=\"(max-width: 1024px) 100vw, 1024px\" \/><\/b><\/strong><\/p>\n<p><strong><b>Schakelaar <\/b><\/strong><strong><b>C<\/b><\/strong><strong><b>kast en <\/b><\/strong><strong><b>A<\/b><\/strong><strong><b>verschijning <\/b><\/strong><strong><b>I<\/b><\/strong><strong><b>installatie <\/b><\/strong><strong><b>D<\/b><\/strong><strong><b>afmetingen (mm):<\/b><\/strong><\/p>\n<p>De hoogte van de schakelkast is 1650mm (zonder onafhankelijke instrumentenruimte). Als onafhankelijke instrumenten nodig zijn, is de schakelhoogte 2000mm. De standaardconfiguratie kastdiepte is 850mm.<\/p>\n<p><img loading=\"lazy\" decoding=\"async\" class=\"alignnone wp-image-2107 size-full\" src=\"http:\/\/www.xminsulation.com\/wp-content\/uploads\/2024\/05\/\u56fe\u724734-3.png\" alt=\"\" width=\"1103\" height=\"1595\" srcset=\"https:\/\/www.xminsulation.com\/wp-content\/uploads\/2024\/05\/\u56fe\u724734-3.png 1103w, https:\/\/www.xminsulation.com\/wp-content\/uploads\/2024\/05\/\u56fe\u724734-3-207x300.png 207w, https:\/\/www.xminsulation.com\/wp-content\/uploads\/2024\/05\/\u56fe\u724734-3-708x1024.png 708w, https:\/\/www.xminsulation.com\/wp-content\/uploads\/2024\/05\/\u56fe\u724734-3-768x1111.png 768w, https:\/\/www.xminsulation.com\/wp-content\/uploads\/2024\/05\/\u56fe\u724734-3-1062x1536.png 1062w, https:\/\/www.xminsulation.com\/wp-content\/uploads\/2024\/05\/\u56fe\u724734-3-600x868.png 600w\" sizes=\"(max-width: 1103px) 100vw, 1103px\" \/><\/p>\n<h2><strong><b>Productonderhoud<\/b><\/strong><\/h2>\n<p>Alle componenten in de 15,6 kV\/630 A zijn onderhoudsvrij gedurende de aangegeven levensduur van het product.<\/p>\n<p>De isolatie- en aardingsposities kunnen in acht worden genomen om een veiligheidsgarantie te bieden voor de werking en kabelconstructie.<\/p>\n<p>De systeemlus is volledig ge\u00efsoleerd van de atmosfeer en op de luchtkast is een speciaal kanaal voor boogdrukontlasting ontworpen om de veiligheid van de operators en de apparatuur te garanderen.<\/p>\n<p>Het mechanische deel bevindt zich buiten de luchtkast en achter het voorpaneel, waardoor het gemakkelijker te bedienen en te vervangen is. Het oppervlak van het mechanische onderdeel heeft een anticorrosiebehandeling ondergaan en de bewegende delen zijn gesmeerd voordat ze de fabriek verlaten, wat kan voldoen aan de gebruikscyclus van het product. In extreme omgevingen (stof, zand en vuil) kan inspectie, onderhoud en in sommige gevallen vervanging noodzakelijk zijn.<\/p>\n<h2>\u25c6Speciale aanpassingen<\/h2>\n<p>De bovenstaande parameters zijn typische gegevens; als de bestaande stijlen niet aan uw specifieke eisen voldoen, neem dan contact met ons op voor een ontwerp op maat. We beschikken over aanzienlijke gepersonaliseerde ontwikkelings- en productievaardigheden op het gebied van maatwerk, waardoor we op maat gemaakte oplossingen kunnen bieden aan klanten over de hele wereld.<\/p>","protected":false},"excerpt":{"rendered":"<p>General Information In medium-voltage power distribution systems, the most commonly used ring network cabinets currently include SF6 gas insulated ring network cabinets, solid insulated ring network cabinets and environmentally friendly gas insulated ring network cabinets. However, due to the greenhouse gas emission problem of SF6 and the difficulty of recycling solid insulation materials, the application [&hellip;]<\/p>","protected":false},"featured_media":2097,"template":"","meta":{"site-sidebar-layout":"default","site-content-layout":"","ast-site-content-layout":"default","site-content-style":"default","site-sidebar-style":"default","ast-global-header-display":"","ast-banner-title-visibility":"","ast-main-header-display":"","ast-hfb-above-header-display":"","ast-hfb-below-header-display":"","ast-hfb-mobile-header-display":"","site-post-title":"","ast-breadcrumbs-content":"","ast-featured-img":"","footer-sml-layout":"","theme-transparent-header-meta":"default","adv-header-id-meta":"","stick-header-meta":"","header-above-stick-meta":"","header-main-stick-meta":"","header-below-stick-meta":"","astra-migrate-meta-layouts":"set","ast-page-background-enabled":"default","ast-page-background-meta":{"desktop":{"background-color":"","background-image":"","background-repeat":"repeat","background-position":"center center","background-size":"auto","background-attachment":"scroll","background-type":"","background-media":"","overlay-type":"","overlay-color":"","overlay-gradient":""},"tablet":{"background-color":"","background-image":"","background-repeat":"repeat","background-position":"center center","background-size":"auto","background-attachment":"scroll","background-type":"","background-media":"","overlay-type":"","overlay-color":"","overlay-gradient":""},"mobile":{"background-color":"","background-image":"","background-repeat":"repeat","background-position":"center center","background-size":"auto","background-attachment":"scroll","background-type":"","background-media":"","overlay-type":"","overlay-color":"","overlay-gradient":""}},"ast-content-background-meta":{"desktop":{"background-color":"var(--ast-global-color-5)","background-image":"","background-repeat":"repeat","background-position":"center center","background-size":"auto","background-attachment":"scroll","background-type":"","background-media":"","overlay-type":"","overlay-color":"","overlay-gradient":""},"tablet":{"background-color":"var(--ast-global-color-5)","background-image":"","background-repeat":"repeat","background-position":"center center","background-size":"auto","background-attachment":"scroll","background-type":"","background-media":"","overlay-type":"","overlay-color":"","overlay-gradient":""},"mobile":{"background-color":"var(--ast-global-color-5)","background-image":"","background-repeat":"repeat","background-position":"center center","background-size":"auto","background-attachment":"scroll","background-type":"","background-media":"","overlay-type":"","overlay-color":"","overlay-gradient":""}}},"product_cat":[32],"product_tag":[],"class_list":{"0":"post-2096","1":"product","2":"type-product","3":"status-publish","4":"has-post-thumbnail","6":"product_cat-10-24kv-dry-air-insulated-switchgear-rmu-sf6-free","7":"desktop-align-left","8":"tablet-align-left","9":"mobile-align-left","11":"first","12":"instock","13":"shipping-taxable","14":"product-type-simple"},"_links":{"self":[{"href":"https:\/\/www.xminsulation.com\/nl\/wp-json\/wp\/v2\/product\/2096","targetHints":{"allow":["GET"]}}],"collection":[{"href":"https:\/\/www.xminsulation.com\/nl\/wp-json\/wp\/v2\/product"}],"about":[{"href":"https:\/\/www.xminsulation.com\/nl\/wp-json\/wp\/v2\/types\/product"}],"wp:featuredmedia":[{"embeddable":true,"href":"https:\/\/www.xminsulation.com\/nl\/wp-json\/wp\/v2\/media\/2097"}],"wp:attachment":[{"href":"https:\/\/www.xminsulation.com\/nl\/wp-json\/wp\/v2\/media?parent=2096"}],"wp:term":[{"taxonomy":"product_cat","embeddable":true,"href":"https:\/\/www.xminsulation.com\/nl\/wp-json\/wp\/v2\/product_cat?post=2096"},{"taxonomy":"product_tag","embeddable":true,"href":"https:\/\/www.xminsulation.com\/nl\/wp-json\/wp\/v2\/product_tag?post=2096"}],"curies":[{"name":"wp","href":"https:\/\/api.w.org\/{rel}","templated":true}]}}