{"id":1974,"date":"2024-05-16T09:48:19","date_gmt":"2024-05-16T01:48:19","guid":{"rendered":"http:\/\/www.xminsulation.com\/?post_type=product&#038;p=1974"},"modified":"2024-05-23T21:23:46","modified_gmt":"2024-05-23T13:23:46","slug":"15-6kv-solid-insulated-vacuum-circuit-breaker-sf6-free-sis-vcb","status":"publish","type":"product","link":"https:\/\/www.xminsulation.com\/nl\/product\/15-6kv-solid-insulated-vacuum-circuit-breaker-sf6-free-sis-vcb\/","title":{"rendered":"15,6 kV solide ge\u00efsoleerde vacu\u00fcmstroomonderbreker (SF6 vrij) SIS VCB"},"content":{"rendered":"<p><img fetchpriority=\"high\" decoding=\"async\" class=\"alignnone wp-image-1975 size-full\" src=\"http:\/\/www.xminsulation.com\/wp-content\/uploads\/2024\/05\/\u56fe\u724719-2.png\" alt=\"\" width=\"1000\" height=\"1000\" srcset=\"https:\/\/www.xminsulation.com\/wp-content\/uploads\/2024\/05\/\u56fe\u724719-2.png 1000w, https:\/\/www.xminsulation.com\/wp-content\/uploads\/2024\/05\/\u56fe\u724719-2-300x300.png 300w, https:\/\/www.xminsulation.com\/wp-content\/uploads\/2024\/05\/\u56fe\u724719-2-150x150.png 150w, https:\/\/www.xminsulation.com\/wp-content\/uploads\/2024\/05\/\u56fe\u724719-2-768x768.png 768w, https:\/\/www.xminsulation.com\/wp-content\/uploads\/2024\/05\/\u56fe\u724719-2-600x600.png 600w, https:\/\/www.xminsulation.com\/wp-content\/uploads\/2024\/05\/\u56fe\u724719-2-100x100.png 100w\" sizes=\"(max-width: 1000px) 100vw, 1000px\" \/> <img decoding=\"async\" class=\"alignnone wp-image-1976 size-full\" src=\"http:\/\/www.xminsulation.com\/wp-content\/uploads\/2024\/05\/\u56fe\u724720-2.png\" alt=\"\" width=\"1000\" height=\"1000\" srcset=\"https:\/\/www.xminsulation.com\/wp-content\/uploads\/2024\/05\/\u56fe\u724720-2.png 1000w, https:\/\/www.xminsulation.com\/wp-content\/uploads\/2024\/05\/\u56fe\u724720-2-300x300.png 300w, https:\/\/www.xminsulation.com\/wp-content\/uploads\/2024\/05\/\u56fe\u724720-2-150x150.png 150w, https:\/\/www.xminsulation.com\/wp-content\/uploads\/2024\/05\/\u56fe\u724720-2-768x768.png 768w, https:\/\/www.xminsulation.com\/wp-content\/uploads\/2024\/05\/\u56fe\u724720-2-600x600.png 600w, https:\/\/www.xminsulation.com\/wp-content\/uploads\/2024\/05\/\u56fe\u724720-2-100x100.png 100w\" sizes=\"(max-width: 1000px) 100vw, 1000px\" \/> <img decoding=\"async\" class=\"alignnone wp-image-1977 size-full\" src=\"http:\/\/www.xminsulation.com\/wp-content\/uploads\/2024\/05\/\u56fe\u724721-2.png\" alt=\"\" width=\"1000\" height=\"1000\" srcset=\"https:\/\/www.xminsulation.com\/wp-content\/uploads\/2024\/05\/\u56fe\u724721-2.png 1000w, https:\/\/www.xminsulation.com\/wp-content\/uploads\/2024\/05\/\u56fe\u724721-2-300x300.png 300w, https:\/\/www.xminsulation.com\/wp-content\/uploads\/2024\/05\/\u56fe\u724721-2-150x150.png 150w, https:\/\/www.xminsulation.com\/wp-content\/uploads\/2024\/05\/\u56fe\u724721-2-768x768.png 768w, https:\/\/www.xminsulation.com\/wp-content\/uploads\/2024\/05\/\u56fe\u724721-2-600x600.png 600w, https:\/\/www.xminsulation.com\/wp-content\/uploads\/2024\/05\/\u56fe\u724721-2-100x100.png 100w\" sizes=\"(max-width: 1000px) 100vw, 1000px\" \/><\/p>\n<h2><strong>Algemene informatie<\/strong><\/h2>\n<p>IE-15.6kV solide ge\u00efsoleerde ringhoofdunit is een nieuwe generatie milieuvriendelijke composiet ge\u00efsoleerde ringhoofdunit die onafhankelijk door ons bedrijf is ontwikkeld. Het is een volledig ge\u00efsoleerde en volledig afgedichte voedingseenheid. Alle onder spanning staande onderdelen en schakelaars van het primaire onderdeel zijn volledig afgedicht in een epoxy plastic omhulsel en er zit geen SF6-gas in het omhulsel. De gehele schakelinstallatie wordt niet be\u00efnvloed door de externe omgeving, wat zorgt voor operationele betrouwbaarheid en persoonlijke veiligheid, en is onderhoudsvrij.<\/p>\n<p>De solide afgedichte paal, gevormd door het APG-proces, kapselt de stroomvoerende geleiders zoals de vacu\u00fcmboogdovende kamer en de bovenste en onderste uitlaatzittingen in tot een geheel. De scheidingsschakelaar wordt ge\u00efnstalleerd in de holte van de solide afgedichte paal, zodat de belangrijkste isolatiemethode tussen fasen solide isolatie is. Het eenfasige ge\u00efsoleerde railontwerp voorkomt ernstige fouten zoals fase-naar-fase en aarding. Het schaalbare railontwerp maakt onbeperkte uitbreiding van functionele eenheden mogelijk.<\/p>\n<p>De ringnetwerkkast heeft de kenmerken van een eenvoudige structuur, flexibele werking, betrouwbare vergrendeling en eenvoudige installatie. Het is geschikt voor 50Hz\/60Hz, 15,6\/24 kV-voedingssystemen en wordt veel gebruikt in industri\u00eble en civiele kabelringnetwerken en distributienetwerkterminalprojecten. Voor het ontvangen en distribueren van elektrische energie is het met name geschikt voor stroomdistributie in stedelijke woonwijken, kleine onderstations, schakelstations, kabelvertakkingsdozen, onderstations van het type box, industri\u00eble en mijnbouwbedrijven, winkelcentra, luchthavens, metro&#039;s, windenergieopwekking, ziekenhuizen, stadions, spoorwegen, tunnels en andere plaatsen.<\/p>\n<h2><strong><b>Functies en kenmerken<\/b><\/strong><\/h2>\n<h3><strong><b>Milieubescherming:<\/b><\/strong><\/h3>\n<p>Het is ontworpen met milieuvriendelijke materialen, gebruikt geen SF6-gas als boogblusmiddel en isolatie en vervuilt het milieu niet. Het primaire circuit maakt gebruik van een minimaal contactontwerp om een laag energieverbruik tijdens bedrijf te garanderen.<\/p>\n<h3><strong><b>Onderhoudsvrij:<\/b><\/strong><\/h3>\n<p>Het solide ge\u00efsoleerde AC-hoogspanningsvacu\u00fcmschakelapparaat voor binnen bevindt zich in een volledig afgedichte staat, afgezien van het bedieningsmechanisme. Dit elimineert de noodzaak voor reiniging en onderhoud en verlaagt de bedrijfs- en onderhoudskosten. De IP-classificatie kan IP65 bereiken.<\/p>\n<h3><strong><b>Veiligheid:<\/b><\/strong><\/h3>\n<p>Omdat de aanraakbare delen zijn afgeschermd, wordt het optreden van persoonlijke elektrische schokken ge\u00eblimineerd en wordt de gebruiksveiligheid verbeterd. Het perfecte in elkaar grijpende vergrendelingssysteem, de driefasige isolatiebreuk is duidelijk zichtbaar, waardoor ongelukken met verkeerde bediening worden voorkomen. De toepassing van SF6-gas is volledig ge\u00eblimineerd, waardoor explosie-ongelukken worden vermeden die worden veroorzaakt door de afname van de isolatieprestaties en het boogdovende vermogen van de SF6-ringhoofdeenheid als gevolg van onvoldoende gasdruk. Versterk de fase-isolatiestructuur om te voorkomen dat fase- of kortsluitingen met meerdere circuits zich uitbreiden of explosieongevallen veroorzaken. Er is een duidelijk visueel venster voor de isolatiebreuk aan de voorkant van de kast. U kunt de isolatiesluitpositie, isolatiescheidingspositie en aardingssluitpositie controleren. De drie werkposities zijn handig voor personeel ter plaatse om de positie van het isolatiemes te controleren en te bepalen, wat zeer veilig is.<\/p>\n<h3><strong><b>Gebruiksgemak:<\/b><\/strong><\/h3>\n<p>De scheidingsschakelaar en de aardingsschakelaar delen \u00e9\u00e9n bedieningshendel, dus er is geen noodzaak om fouten te identificeren of u zorgen over te maken. Wanneer de stroomonderbreker in werking is, kunnen de bedieningshendels van de scheidingsschakelaar en de aardingsschakelaar niet worden bediend. De bedieningsprocedures zijn in \u00e9\u00e9n oogopslag duidelijk. Iedereen met een beetje kennis van elektriciens kan ze bedienen. Voer complexe vaardigheidstrainingen in volgorde uit. Dit maakt de bediening extreem eenvoudig en elimineert operationele fouten.<\/p>\n<p><img loading=\"lazy\" decoding=\"async\" class=\"alignnone wp-image-1978 size-full\" src=\"http:\/\/www.xminsulation.com\/wp-content\/uploads\/2024\/05\/\u56fe\u724722-2.png\" alt=\"\" width=\"1870\" height=\"1844\" srcset=\"https:\/\/www.xminsulation.com\/wp-content\/uploads\/2024\/05\/\u56fe\u724722-2.png 1870w, https:\/\/www.xminsulation.com\/wp-content\/uploads\/2024\/05\/\u56fe\u724722-2-300x296.png 300w, https:\/\/www.xminsulation.com\/wp-content\/uploads\/2024\/05\/\u56fe\u724722-2-1024x1010.png 1024w, https:\/\/www.xminsulation.com\/wp-content\/uploads\/2024\/05\/\u56fe\u724722-2-768x757.png 768w, https:\/\/www.xminsulation.com\/wp-content\/uploads\/2024\/05\/\u56fe\u724722-2-1536x1515.png 1536w, https:\/\/www.xminsulation.com\/wp-content\/uploads\/2024\/05\/\u56fe\u724722-2-600x592.png 600w, https:\/\/www.xminsulation.com\/wp-content\/uploads\/2024\/05\/\u56fe\u724722-2-100x100.png 100w\" sizes=\"(max-width: 1870px) 100vw, 1870px\" \/><\/p>\n<h2><strong><b>Gebruik <\/b><\/strong><strong><b>E<\/b><\/strong><strong><b>milieuvriendelijk <\/b><\/strong><strong><b>C<\/b><\/strong><strong><b>omstandigheden<\/b><\/strong><\/h2>\n<ol>\n<li>Over het algemeen gebruikt\/onderhouden onder normale binnenomstandigheden, in overeenstemming met IEC 62271-1 en GB3906.<\/li>\n<li>Omgevingsluchttemperatuur: -40\u2103~+40\u2103.<\/li>\n<li>Relatieve luchtvochtigheid: de daggemiddelde waarde is niet groter dan 95% en de maandgemiddelde waarde is niet groter dan 90%.<\/li>\n<li>De hoogte bedraagt niet meer dan 1500 meter.<\/li>\n<li>De omringende lucht mag niet significant vervuild zijn door stof, waterdamp, zoutnevel, corrosieve gassen of brandbare gassen; het buitentype kan worden gebruikt in zware omgevingsomstandigheden. Vooral geschikt voor toepassingen in plateau-, kust-, alpiene, hoge vervuilings- en andere gebieden.<\/li>\n<li>Er zijn geen ernstige trillingen op de installatieplaats en de aardbevingsintensiteit bedraagt niet meer dan 8 graden.<\/li>\n<li>Wanneer de bovenstaande gebruiksomgevingsomstandigheden niet aan de gebruikseisen kunnen voldoen, zal de gebruiker met de fabrikant onderhandelen.<\/li>\n<\/ol>\n<h2><strong><b>Brekend principe<\/b><\/strong><\/h2>\n<p><img loading=\"lazy\" decoding=\"async\" class=\"alignnone wp-image-1979 size-full\" src=\"http:\/\/www.xminsulation.com\/wp-content\/uploads\/2024\/05\/\u56fe\u724723.jpg\" alt=\"\" width=\"1390\" height=\"1835\" srcset=\"https:\/\/www.xminsulation.com\/wp-content\/uploads\/2024\/05\/\u56fe\u724723.jpg 1390w, https:\/\/www.xminsulation.com\/wp-content\/uploads\/2024\/05\/\u56fe\u724723-227x300.jpg 227w, https:\/\/www.xminsulation.com\/wp-content\/uploads\/2024\/05\/\u56fe\u724723-776x1024.jpg 776w, https:\/\/www.xminsulation.com\/wp-content\/uploads\/2024\/05\/\u56fe\u724723-768x1014.jpg 768w, https:\/\/www.xminsulation.com\/wp-content\/uploads\/2024\/05\/\u56fe\u724723-1164x1536.jpg 1164w, https:\/\/www.xminsulation.com\/wp-content\/uploads\/2024\/05\/\u56fe\u724723-600x792.jpg 600w\" sizes=\"(max-width: 1390px) 100vw, 1390px\" \/> <img loading=\"lazy\" decoding=\"async\" class=\"alignnone wp-image-1980 size-full\" src=\"http:\/\/www.xminsulation.com\/wp-content\/uploads\/2024\/05\/\u56fe\u724724-1.png\" alt=\"\" width=\"667\" height=\"696\" srcset=\"https:\/\/www.xminsulation.com\/wp-content\/uploads\/2024\/05\/\u56fe\u724724-1.png 667w, https:\/\/www.xminsulation.com\/wp-content\/uploads\/2024\/05\/\u56fe\u724724-1-288x300.png 288w, https:\/\/www.xminsulation.com\/wp-content\/uploads\/2024\/05\/\u56fe\u724724-1-600x626.png 600w\" sizes=\"(max-width: 667px) 100vw, 667px\" \/><\/p>\n<h2><strong><b>Product grootte<\/b><\/strong><\/h2>\n<p><img loading=\"lazy\" decoding=\"async\" class=\"alignnone wp-image-1981 size-full\" src=\"http:\/\/www.xminsulation.com\/wp-content\/uploads\/2024\/05\/\u56fe\u724725-1.png\" alt=\"\" width=\"1862\" height=\"1256\" srcset=\"https:\/\/www.xminsulation.com\/wp-content\/uploads\/2024\/05\/\u56fe\u724725-1.png 1862w, https:\/\/www.xminsulation.com\/wp-content\/uploads\/2024\/05\/\u56fe\u724725-1-300x202.png 300w, https:\/\/www.xminsulation.com\/wp-content\/uploads\/2024\/05\/\u56fe\u724725-1-1024x691.png 1024w, https:\/\/www.xminsulation.com\/wp-content\/uploads\/2024\/05\/\u56fe\u724725-1-768x518.png 768w, https:\/\/www.xminsulation.com\/wp-content\/uploads\/2024\/05\/\u56fe\u724725-1-1536x1036.png 1536w, https:\/\/www.xminsulation.com\/wp-content\/uploads\/2024\/05\/\u56fe\u724725-1-600x405.png 600w\" sizes=\"(max-width: 1862px) 100vw, 1862px\" \/><\/p>\n<h2><strong><b>Structuurdiagram<\/b><\/strong><\/h2>\n<p><img loading=\"lazy\" decoding=\"async\" class=\"alignnone wp-image-1982 size-full\" src=\"http:\/\/www.xminsulation.com\/wp-content\/uploads\/2024\/05\/\u56fe\u724726-2.png\" alt=\"\" width=\"850\" height=\"1262\" srcset=\"https:\/\/www.xminsulation.com\/wp-content\/uploads\/2024\/05\/\u56fe\u724726-2.png 850w, https:\/\/www.xminsulation.com\/wp-content\/uploads\/2024\/05\/\u56fe\u724726-2-202x300.png 202w, https:\/\/www.xminsulation.com\/wp-content\/uploads\/2024\/05\/\u56fe\u724726-2-690x1024.png 690w, https:\/\/www.xminsulation.com\/wp-content\/uploads\/2024\/05\/\u56fe\u724726-2-768x1140.png 768w, https:\/\/www.xminsulation.com\/wp-content\/uploads\/2024\/05\/\u56fe\u724726-2-600x891.png 600w\" sizes=\"(max-width: 850px) 100vw, 850px\" \/><\/p>\n<p>1.LED-knop.LED-knop.<br \/>\n2. Indicator voor kortsluiting en aardfout.<br \/>\n3. Live weergave.<br \/>\n4. Oplaadopening voor stroomonderbreker.<br \/>\n5. Open knop voor stroomonderbreker.<br \/>\n6,\u65ad\u8def\u5668\u50a8\u80fd\u6307\u793a. Laadindicator voor stroomonderbreker.<br \/>\n7,\u65ad\u8def\u5668\u5408\u95f8\u6309\u94ae. Sluitknop stroomonderbreker.<br \/>\n8,\u63a5\u5730\u5f00\u5173\u7535\u78c1\u9501.Elektromagnetisch slot voor aardingsschakelaar.<br \/>\n9,\u9694\u79bb\u5f00\u5173\u7a0b\u5e8f\u9501.Programmavergrendeling met scheidingsschakelaar.<br \/>\n10. Bedieningsgat aardingsschakelaar.<br \/>\n11. Bedieningsgat scheidingsschakelaar.<br \/>\n12. Kijkvenster.<br \/>\n13,\u7535\u7f06\u5ba4\u89c2\u5bdf\u7a97.Kabelcompartiment kijkvenster.<br \/>\n14,\u7535\u7f06\u5ba4.Kabelcompartiment.<\/p>\n<p><img loading=\"lazy\" decoding=\"async\" class=\"alignnone wp-image-1983 size-large\" src=\"http:\/\/www.xminsulation.com\/wp-content\/uploads\/2024\/05\/\u56fe\u724727-2-961x1024.png\" alt=\"\" width=\"961\" height=\"1024\" srcset=\"https:\/\/www.xminsulation.com\/wp-content\/uploads\/2024\/05\/\u56fe\u724727-2-961x1024.png 961w, https:\/\/www.xminsulation.com\/wp-content\/uploads\/2024\/05\/\u56fe\u724727-2-282x300.png 282w, https:\/\/www.xminsulation.com\/wp-content\/uploads\/2024\/05\/\u56fe\u724727-2-768x818.png 768w, https:\/\/www.xminsulation.com\/wp-content\/uploads\/2024\/05\/\u56fe\u724727-2-1442x1536.png 1442w, https:\/\/www.xminsulation.com\/wp-content\/uploads\/2024\/05\/\u56fe\u724727-2-600x639.png 600w, https:\/\/www.xminsulation.com\/wp-content\/uploads\/2024\/05\/\u56fe\u724727-2.png 1590w\" sizes=\"(max-width: 961px) 100vw, 961px\" \/><\/p>\n<h2><strong><b>Schakelapparatuur weergeven<\/b><\/strong><\/h2>\n<h3><strong><b>V: Vacu\u00fcm <\/b><\/strong><strong><b>Zekering<\/b><\/strong><strong><b>\u00a0Kastje<\/b><\/strong><\/h3>\n<p><img loading=\"lazy\" decoding=\"async\" class=\"alignnone wp-image-1984 size-full\" src=\"http:\/\/www.xminsulation.com\/wp-content\/uploads\/2024\/05\/\u56fe\u724728-2.png\" alt=\"\" width=\"918\" height=\"1574\" srcset=\"https:\/\/www.xminsulation.com\/wp-content\/uploads\/2024\/05\/\u56fe\u724728-2.png 918w, https:\/\/www.xminsulation.com\/wp-content\/uploads\/2024\/05\/\u56fe\u724728-2-175x300.png 175w, https:\/\/www.xminsulation.com\/wp-content\/uploads\/2024\/05\/\u56fe\u724728-2-597x1024.png 597w, https:\/\/www.xminsulation.com\/wp-content\/uploads\/2024\/05\/\u56fe\u724728-2-768x1317.png 768w, https:\/\/www.xminsulation.com\/wp-content\/uploads\/2024\/05\/\u56fe\u724728-2-896x1536.png 896w, https:\/\/www.xminsulation.com\/wp-content\/uploads\/2024\/05\/\u56fe\u724728-2-600x1029.png 600w\" sizes=\"(max-width: 918px) 100vw, 918px\" \/><\/p>\n<h3><strong><b>C: <\/b><\/strong><strong><b>Laden <\/b><\/strong><strong><b>Pauze <\/b><\/strong><strong><b>Schakelaar<\/b><\/strong><strong><b>\u00a0Kastje<\/b><\/strong><\/h3>\n<p><img loading=\"lazy\" decoding=\"async\" class=\"alignnone wp-image-1985 size-full\" src=\"http:\/\/www.xminsulation.com\/wp-content\/uploads\/2024\/05\/\u56fe\u724729-1.png\" alt=\"\" width=\"918\" height=\"1574\" srcset=\"https:\/\/www.xminsulation.com\/wp-content\/uploads\/2024\/05\/\u56fe\u724729-1.png 918w, https:\/\/www.xminsulation.com\/wp-content\/uploads\/2024\/05\/\u56fe\u724729-1-175x300.png 175w, https:\/\/www.xminsulation.com\/wp-content\/uploads\/2024\/05\/\u56fe\u724729-1-597x1024.png 597w, https:\/\/www.xminsulation.com\/wp-content\/uploads\/2024\/05\/\u56fe\u724729-1-768x1317.png 768w, https:\/\/www.xminsulation.com\/wp-content\/uploads\/2024\/05\/\u56fe\u724729-1-896x1536.png 896w, https:\/\/www.xminsulation.com\/wp-content\/uploads\/2024\/05\/\u56fe\u724729-1-600x1029.png 600w\" sizes=\"(max-width: 918px) 100vw, 918px\" \/><\/p>\n<h3><strong><b>D<\/b><\/strong><strong><b>: <\/b><\/strong><strong><b>Directe kabel<\/b><\/strong><strong><b>\u00a0Verbindingskast<\/b><\/strong><\/h3>\n<p><img loading=\"lazy\" decoding=\"async\" class=\"alignnone wp-image-1986 size-full\" src=\"http:\/\/www.xminsulation.com\/wp-content\/uploads\/2024\/05\/\u56fe\u724730-1.png\" alt=\"\" width=\"751\" height=\"1314\" srcset=\"https:\/\/www.xminsulation.com\/wp-content\/uploads\/2024\/05\/\u56fe\u724730-1.png 751w, https:\/\/www.xminsulation.com\/wp-content\/uploads\/2024\/05\/\u56fe\u724730-1-171x300.png 171w, https:\/\/www.xminsulation.com\/wp-content\/uploads\/2024\/05\/\u56fe\u724730-1-585x1024.png 585w, https:\/\/www.xminsulation.com\/wp-content\/uploads\/2024\/05\/\u56fe\u724730-1-600x1050.png 600w\" sizes=\"(max-width: 751px) 100vw, 751px\" \/><\/p>\n<h3><strong><b>Scheidingsschakelaar + VT<\/b><\/strong><strong><b>\u00a0Kastje<\/b><\/strong><\/h3>\n<p><img loading=\"lazy\" decoding=\"async\" class=\"alignnone wp-image-1987 size-full\" src=\"http:\/\/www.xminsulation.com\/wp-content\/uploads\/2024\/05\/\u56fe\u724731-1.png\" alt=\"\" width=\"790\" height=\"1258\" srcset=\"https:\/\/www.xminsulation.com\/wp-content\/uploads\/2024\/05\/\u56fe\u724731-1.png 790w, https:\/\/www.xminsulation.com\/wp-content\/uploads\/2024\/05\/\u56fe\u724731-1-188x300.png 188w, https:\/\/www.xminsulation.com\/wp-content\/uploads\/2024\/05\/\u56fe\u724731-1-643x1024.png 643w, https:\/\/www.xminsulation.com\/wp-content\/uploads\/2024\/05\/\u56fe\u724731-1-768x1223.png 768w, https:\/\/www.xminsulation.com\/wp-content\/uploads\/2024\/05\/\u56fe\u724731-1-600x955.png 600w\" sizes=\"(max-width: 790px) 100vw, 790px\" \/><\/p>\n<h3><strong><b>Mij<\/b><\/strong><strong><b>: <\/b><\/strong><strong><b>Hoogspanningsmeting<\/b><\/strong><strong><b>\u00a0Kastje<\/b><\/strong><\/h3>\n<p><img loading=\"lazy\" decoding=\"async\" class=\"alignnone wp-image-1988 size-full\" src=\"http:\/\/www.xminsulation.com\/wp-content\/uploads\/2024\/05\/\u56fe\u724732-2.png\" alt=\"\" width=\"828\" height=\"1281\" srcset=\"https:\/\/www.xminsulation.com\/wp-content\/uploads\/2024\/05\/\u56fe\u724732-2.png 828w, https:\/\/www.xminsulation.com\/wp-content\/uploads\/2024\/05\/\u56fe\u724732-2-194x300.png 194w, https:\/\/www.xminsulation.com\/wp-content\/uploads\/2024\/05\/\u56fe\u724732-2-662x1024.png 662w, https:\/\/www.xminsulation.com\/wp-content\/uploads\/2024\/05\/\u56fe\u724732-2-768x1188.png 768w, https:\/\/www.xminsulation.com\/wp-content\/uploads\/2024\/05\/\u56fe\u724732-2-600x928.png 600w\" sizes=\"(max-width: 828px) 100vw, 828px\" \/><\/p>\n<h3><strong><b>SV<\/b><\/strong><strong><b>: <\/b><\/strong><strong><b>CL-railsecties<\/b><\/strong><strong><b>\u00a0Kastje<\/b><\/strong><\/h3>\n<p><img loading=\"lazy\" decoding=\"async\" class=\"alignnone wp-image-1989 size-full\" src=\"http:\/\/www.xminsulation.com\/wp-content\/uploads\/2024\/05\/\u56fe\u724733-3.png\" alt=\"\" width=\"779\" height=\"1284\" srcset=\"https:\/\/www.xminsulation.com\/wp-content\/uploads\/2024\/05\/\u56fe\u724733-3.png 779w, https:\/\/www.xminsulation.com\/wp-content\/uploads\/2024\/05\/\u56fe\u724733-3-182x300.png 182w, https:\/\/www.xminsulation.com\/wp-content\/uploads\/2024\/05\/\u56fe\u724733-3-621x1024.png 621w, https:\/\/www.xminsulation.com\/wp-content\/uploads\/2024\/05\/\u56fe\u724733-3-768x1266.png 768w, https:\/\/www.xminsulation.com\/wp-content\/uploads\/2024\/05\/\u56fe\u724733-3-600x989.png 600w\" sizes=\"(max-width: 779px) 100vw, 779px\" \/><\/p>\n<h2><strong><b>Schematisch diagram van kastcombinatie<\/b><\/strong><\/h2>\n<p><img loading=\"lazy\" decoding=\"async\" class=\"alignnone wp-image-1990 size-large\" src=\"http:\/\/www.xminsulation.com\/wp-content\/uploads\/2024\/05\/\u56fe\u724734-2-1024x659.png\" alt=\"\" width=\"1024\" height=\"659\" srcset=\"https:\/\/www.xminsulation.com\/wp-content\/uploads\/2024\/05\/\u56fe\u724734-2-1024x659.png 1024w, https:\/\/www.xminsulation.com\/wp-content\/uploads\/2024\/05\/\u56fe\u724734-2-300x193.png 300w, https:\/\/www.xminsulation.com\/wp-content\/uploads\/2024\/05\/\u56fe\u724734-2-768x494.png 768w, https:\/\/www.xminsulation.com\/wp-content\/uploads\/2024\/05\/\u56fe\u724734-2-600x386.png 600w, https:\/\/www.xminsulation.com\/wp-content\/uploads\/2024\/05\/\u56fe\u724734-2.png 1055w\" sizes=\"(max-width: 1024px) 100vw, 1024px\" \/> <img loading=\"lazy\" decoding=\"async\" class=\"alignnone wp-image-1991 size-full\" src=\"http:\/\/www.xminsulation.com\/wp-content\/uploads\/2024\/05\/\u56fe\u724735-1.png\" alt=\"\" width=\"857\" height=\"787\" srcset=\"https:\/\/www.xminsulation.com\/wp-content\/uploads\/2024\/05\/\u56fe\u724735-1.png 857w, https:\/\/www.xminsulation.com\/wp-content\/uploads\/2024\/05\/\u56fe\u724735-1-300x275.png 300w, https:\/\/www.xminsulation.com\/wp-content\/uploads\/2024\/05\/\u56fe\u724735-1-768x705.png 768w, https:\/\/www.xminsulation.com\/wp-content\/uploads\/2024\/05\/\u56fe\u724735-1-600x551.png 600w\" sizes=\"(max-width: 857px) 100vw, 857px\" \/> <img loading=\"lazy\" decoding=\"async\" class=\"alignnone wp-image-1992 size-large\" src=\"http:\/\/www.xminsulation.com\/wp-content\/uploads\/2024\/05\/\u56fe\u724736-1-821x1024.png\" alt=\"\" width=\"821\" height=\"1024\" srcset=\"https:\/\/www.xminsulation.com\/wp-content\/uploads\/2024\/05\/\u56fe\u724736-1-821x1024.png 821w, https:\/\/www.xminsulation.com\/wp-content\/uploads\/2024\/05\/\u56fe\u724736-1-241x300.png 241w, https:\/\/www.xminsulation.com\/wp-content\/uploads\/2024\/05\/\u56fe\u724736-1-768x957.png 768w, https:\/\/www.xminsulation.com\/wp-content\/uploads\/2024\/05\/\u56fe\u724736-1-1232x1536.png 1232w, https:\/\/www.xminsulation.com\/wp-content\/uploads\/2024\/05\/\u56fe\u724736-1-1643x2048.png 1643w, https:\/\/www.xminsulation.com\/wp-content\/uploads\/2024\/05\/\u56fe\u724736-1-600x748.png 600w, https:\/\/www.xminsulation.com\/wp-content\/uploads\/2024\/05\/\u56fe\u724736-1.png 1678w\" sizes=\"(max-width: 821px) 100vw, 821px\" \/><\/p>\n<div class=\"wxts\">\n<h2>\u25c6Speciale aanpassingen<\/h2>\n<p>De bovenstaande parameters zijn typische gegevens; als de bestaande stijlen niet aan uw specifieke eisen voldoen, neem dan contact met ons op voor een ontwerp op maat. We beschikken over aanzienlijke gepersonaliseerde ontwikkelings- en productievaardigheden op het gebied van maatwerk, waardoor we op maat gemaakte oplossingen kunnen bieden aan klanten over de hele wereld.<\/p>\n<\/div>\n<p>&nbsp;<\/p>","protected":false},"excerpt":{"rendered":"<p>General Information IE-15.6kV solid insulated ring main unit is a new generation of environmentally friendly composite insulated ring main unit independently developed by our company. It is a fully insulated and fully sealed power supply unit. All live parts and switches of the primary part are completely sealed in an epoxy plastic shell, and there [&hellip;]<\/p>","protected":false},"featured_media":1976,"template":"","meta":{"site-sidebar-layout":"default","site-content-layout":"","ast-site-content-layout":"default","site-content-style":"default","site-sidebar-style":"default","ast-global-header-display":"","ast-banner-title-visibility":"","ast-main-header-display":"","ast-hfb-above-header-display":"","ast-hfb-below-header-display":"","ast-hfb-mobile-header-display":"","site-post-title":"","ast-breadcrumbs-content":"","ast-featured-img":"","footer-sml-layout":"","theme-transparent-header-meta":"default","adv-header-id-meta":"","stick-header-meta":"","header-above-stick-meta":"","header-main-stick-meta":"","header-below-stick-meta":"","astra-migrate-meta-layouts":"set","ast-page-background-enabled":"default","ast-page-background-meta":{"desktop":{"background-color":"","background-image":"","background-repeat":"repeat","background-position":"center center","background-size":"auto","background-attachment":"scroll","background-type":"","background-media":"","overlay-type":"","overlay-color":"","overlay-gradient":""},"tablet":{"background-color":"","background-image":"","background-repeat":"repeat","background-position":"center center","background-size":"auto","background-attachment":"scroll","background-type":"","background-media":"","overlay-type":"","overlay-color":"","overlay-gradient":""},"mobile":{"background-color":"","background-image":"","background-repeat":"repeat","background-position":"center center","background-size":"auto","background-attachment":"scroll","background-type":"","background-media":"","overlay-type":"","overlay-color":"","overlay-gradient":""}},"ast-content-background-meta":{"desktop":{"background-color":"var(--ast-global-color-5)","background-image":"","background-repeat":"repeat","background-position":"center center","background-size":"auto","background-attachment":"scroll","background-type":"","background-media":"","overlay-type":"","overlay-color":"","overlay-gradient":""},"tablet":{"background-color":"var(--ast-global-color-5)","background-image":"","background-repeat":"repeat","background-position":"center center","background-size":"auto","background-attachment":"scroll","background-type":"","background-media":"","overlay-type":"","overlay-color":"","overlay-gradient":""},"mobile":{"background-color":"var(--ast-global-color-5)","background-image":"","background-repeat":"repeat","background-position":"center center","background-size":"auto","background-attachment":"scroll","background-type":"","background-media":"","overlay-type":"","overlay-color":"","overlay-gradient":""}}},"product_cat":[30],"product_tag":[],"class_list":{"0":"post-1974","1":"product","2":"type-product","3":"status-publish","4":"has-post-thumbnail","6":"product_cat-10-24kv-solid-insulated-vacuum-circuit-breaker-sf6-free","7":"desktop-align-left","8":"tablet-align-left","9":"mobile-align-left","11":"first","12":"instock","13":"shipping-taxable","14":"product-type-simple"},"_links":{"self":[{"href":"https:\/\/www.xminsulation.com\/nl\/wp-json\/wp\/v2\/product\/1974","targetHints":{"allow":["GET"]}}],"collection":[{"href":"https:\/\/www.xminsulation.com\/nl\/wp-json\/wp\/v2\/product"}],"about":[{"href":"https:\/\/www.xminsulation.com\/nl\/wp-json\/wp\/v2\/types\/product"}],"wp:featuredmedia":[{"embeddable":true,"href":"https:\/\/www.xminsulation.com\/nl\/wp-json\/wp\/v2\/media\/1976"}],"wp:attachment":[{"href":"https:\/\/www.xminsulation.com\/nl\/wp-json\/wp\/v2\/media?parent=1974"}],"wp:term":[{"taxonomy":"product_cat","embeddable":true,"href":"https:\/\/www.xminsulation.com\/nl\/wp-json\/wp\/v2\/product_cat?post=1974"},{"taxonomy":"product_tag","embeddable":true,"href":"https:\/\/www.xminsulation.com\/nl\/wp-json\/wp\/v2\/product_tag?post=1974"}],"curies":[{"name":"wp","href":"https:\/\/api.w.org\/{rel}","templated":true}]}}