{"id":1952,"date":"2024-05-12T09:37:25","date_gmt":"2024-05-12T01:37:25","guid":{"rendered":"http:\/\/www.xminsulation.com\/?post_type=product&#038;p=1952"},"modified":"2024-05-28T18:19:09","modified_gmt":"2024-05-28T10:19:09","slug":"24kv-solid-insulated-vacuum-circuit-breaker-sf6-free","status":"publish","type":"product","link":"https:\/\/www.xminsulation.com\/nl\/product\/24kv-solid-insulated-vacuum-circuit-breaker-sf6-free\/","title":{"rendered":"24kV solide ge\u00efsoleerde vacu\u00fcmstroomonderbreker (SF6 vrij)"},"content":{"rendered":"<p><img fetchpriority=\"high\" decoding=\"async\" class=\"alignnone wp-image-1954 size-full\" src=\"http:\/\/www.xminsulation.com\/wp-content\/uploads\/2024\/05\/\u56fe\u72471-2.png\" alt=\"\" width=\"1000\" height=\"1000\" srcset=\"https:\/\/www.xminsulation.com\/wp-content\/uploads\/2024\/05\/\u56fe\u72471-2.png 1000w, https:\/\/www.xminsulation.com\/wp-content\/uploads\/2024\/05\/\u56fe\u72471-2-300x300.png 300w, https:\/\/www.xminsulation.com\/wp-content\/uploads\/2024\/05\/\u56fe\u72471-2-150x150.png 150w, https:\/\/www.xminsulation.com\/wp-content\/uploads\/2024\/05\/\u56fe\u72471-2-768x768.png 768w, https:\/\/www.xminsulation.com\/wp-content\/uploads\/2024\/05\/\u56fe\u72471-2-600x600.png 600w, https:\/\/www.xminsulation.com\/wp-content\/uploads\/2024\/05\/\u56fe\u72471-2-100x100.png 100w\" sizes=\"(max-width: 1000px) 100vw, 1000px\" \/> <img decoding=\"async\" class=\"alignnone wp-image-1955 size-full\" src=\"http:\/\/www.xminsulation.com\/wp-content\/uploads\/2024\/05\/\u56fe\u72472-4.png\" alt=\"\" width=\"1000\" height=\"1000\" srcset=\"https:\/\/www.xminsulation.com\/wp-content\/uploads\/2024\/05\/\u56fe\u72472-4.png 1000w, https:\/\/www.xminsulation.com\/wp-content\/uploads\/2024\/05\/\u56fe\u72472-4-300x300.png 300w, https:\/\/www.xminsulation.com\/wp-content\/uploads\/2024\/05\/\u56fe\u72472-4-150x150.png 150w, https:\/\/www.xminsulation.com\/wp-content\/uploads\/2024\/05\/\u56fe\u72472-4-768x768.png 768w, https:\/\/www.xminsulation.com\/wp-content\/uploads\/2024\/05\/\u56fe\u72472-4-600x600.png 600w, https:\/\/www.xminsulation.com\/wp-content\/uploads\/2024\/05\/\u56fe\u72472-4-100x100.png 100w\" sizes=\"(max-width: 1000px) 100vw, 1000px\" \/> <img decoding=\"async\" class=\"alignnone wp-image-1956 size-full\" src=\"http:\/\/www.xminsulation.com\/wp-content\/uploads\/2024\/05\/\u56fe\u72473-3.png\" alt=\"\" width=\"1000\" height=\"1000\" srcset=\"https:\/\/www.xminsulation.com\/wp-content\/uploads\/2024\/05\/\u56fe\u72473-3.png 1000w, https:\/\/www.xminsulation.com\/wp-content\/uploads\/2024\/05\/\u56fe\u72473-3-300x300.png 300w, https:\/\/www.xminsulation.com\/wp-content\/uploads\/2024\/05\/\u56fe\u72473-3-150x150.png 150w, https:\/\/www.xminsulation.com\/wp-content\/uploads\/2024\/05\/\u56fe\u72473-3-768x768.png 768w, https:\/\/www.xminsulation.com\/wp-content\/uploads\/2024\/05\/\u56fe\u72473-3-600x600.png 600w, https:\/\/www.xminsulation.com\/wp-content\/uploads\/2024\/05\/\u56fe\u72473-3-100x100.png 100w\" sizes=\"(max-width: 1000px) 100vw, 1000px\" \/><\/p>\n<h2><strong>Productinformatie<\/strong><\/h2>\n<p>IE-24kV solide ge\u00efsoleerde ringhoofdunit is een nieuwe generatie milieuvriendelijke composiet ge\u00efsoleerde ringhoofdunit, onafhankelijk ontwikkeld door ons bedrijf. Het is een volledig ge\u00efsoleerde en volledig afgedichte voedingseenheid. Alle onder spanning staande onderdelen en schakelaars van het primaire onderdeel zijn volledig afgedicht in een behuizing van epoxykunststof en er zit geen SF6-gas in de schaal. De gehele schakelapparatuur wordt niet be\u00efnvloed door de externe omgeving, wat de bedrijfszekerheid en persoonlijke veiligheid garandeert, en is onderhoudsvrij.<\/p>\n<p>De solide afgedichte paal, gevormd door het APG-proces, kapselt de stroomvoerende geleiders zoals de vacu\u00fcmboogdovende kamer en de bovenste en onderste uitlaatzittingen in tot een geheel. De scheidingsschakelaar wordt ge\u00efnstalleerd in de holte van de solide afgedichte paal, zodat de belangrijkste isolatiemethode tussen fasen solide isolatie is. Het eenfasige ge\u00efsoleerde railontwerp voorkomt ernstige fouten zoals fase-naar-fase en aarding. Het schaalbare railontwerp maakt onbeperkte uitbreiding van functionele eenheden mogelijk.<\/p>\n<p>De ringnetwerkkast heeft de kenmerken van een eenvoudige structuur, flexibele bediening, betrouwbare vergrendeling en eenvoudige installatie. Het is geschikt voor 50 Hz\/60 Hz, 12\/24 kV-stroomsystemen en wordt veel gebruikt in industri\u00eble en civiele kabelringnetwerken en terminalprojecten voor distributienetwerken. Voor het ontvangen en distribueren van elektrische energie is het vooral geschikt voor stroomdistributie in stedelijke woonwijken, kleine onderstations, schakelstations, kabelaftakdozen, box-type onderstations, industri\u00eble en mijnbouwbedrijven, winkelcentra, luchthavens, metro&#039;s, windenergie energieopwekking, ziekenhuizen, stadions, spoorwegen, tunnels en andere plaatsen.<\/p>\n<h2><strong><b>Functies en kenmerken<\/b><\/strong><\/h2>\n<h3><strong><b>Milieu <\/b><\/strong><strong><b>P<\/b><\/strong><strong><b>bescherming:<\/b><\/strong><\/h3>\n<p>Het is ontworpen met milieuvriendelijke materialen, gebruikt geen SF6-gas als boogblusmiddel en isolatie en vervuilt het milieu niet. Het primaire circuit maakt gebruik van een minimaal contactontwerp om een laag energieverbruik tijdens bedrijf te garanderen.<\/p>\n<h3><strong><b>Onderhoud <\/b><\/strong><strong><b>F<\/b><\/strong><strong><b>ree:<\/b><\/strong><\/h3>\n<p>Het solide ge\u00efsoleerde AC-hoogspanningsvacu\u00fcmschakelapparaat voor binnen bevindt zich in een volledig afgedichte staat, afgezien van het bedieningsmechanisme. Dit elimineert de noodzaak voor reiniging en onderhoud en verlaagt de bedrijfs- en onderhoudskosten. De IP-classificatie kan IP65 bereiken.<\/p>\n<h3><strong><b>S<\/b><\/strong><strong><b>veiligheid:<\/b><\/strong><\/h3>\n<p>Omdat de aanraakbare delen zijn afgeschermd, wordt het optreden van persoonlijke elektrische schokken ge\u00eblimineerd en wordt de gebruiksveiligheid verbeterd. Het perfecte in elkaar grijpende vergrendelingssysteem, de driefasige isolatiebreuk is duidelijk zichtbaar, waardoor ongelukken met verkeerde bediening worden voorkomen. De toepassing van SF6-gas is volledig ge\u00eblimineerd, waardoor explosie-ongelukken worden vermeden die worden veroorzaakt door de afname van de isolatieprestaties en het boogdovende vermogen van de SF6-ringhoofdeenheid als gevolg van onvoldoende gasdruk. Versterk de fase-isolatiestructuur om te voorkomen dat fase- of kortsluitingen met meerdere circuits zich uitbreiden of explosieongevallen veroorzaken. Er is een duidelijk visueel venster voor de isolatiebreuk aan de voorkant van de kast. U kunt de isolatiesluitpositie, isolatiescheidingspositie en aardingssluitpositie controleren. De drie werkposities zijn handig voor personeel ter plaatse om de positie van het isolatiemes te controleren en te bepalen, wat zeer veilig is.<\/p>\n<h3><strong><b>Gemak <\/b><\/strong><strong><b>O<\/b><\/strong><strong><b>peratie:<\/b><\/strong><\/h3>\n<p>De scheidingsschakelaar en de aardingsschakelaar delen \u00e9\u00e9n bedieningshendel, zodat u zich geen zorgen hoeft te maken over fouten. Wanneer de stroomonderbreker in werking is, kunnen de bedieningshendels van de scheidingsschakelaar en de aardingsschakelaar niet worden bediend. De bedieningsprocedures zijn in \u00e9\u00e9n oogopslag duidelijk. Iedereen met een beetje kennis van elektriciens kan ze zonder enige noodzaak bedienen. Het geven van complexe vaardigheidstrainingen. Dit maakt de bediening uiterst eenvoudig en elimineert bedieningsfouten.<\/p>\n<p><img loading=\"lazy\" decoding=\"async\" class=\"alignnone wp-image-1957 size-full\" src=\"http:\/\/www.xminsulation.com\/wp-content\/uploads\/2024\/05\/\u56fe\u72474-3.png\" alt=\"\" width=\"1500\" height=\"1520\" srcset=\"https:\/\/www.xminsulation.com\/wp-content\/uploads\/2024\/05\/\u56fe\u72474-3.png 1500w, https:\/\/www.xminsulation.com\/wp-content\/uploads\/2024\/05\/\u56fe\u72474-3-296x300.png 296w, https:\/\/www.xminsulation.com\/wp-content\/uploads\/2024\/05\/\u56fe\u72474-3-1011x1024.png 1011w, https:\/\/www.xminsulation.com\/wp-content\/uploads\/2024\/05\/\u56fe\u72474-3-768x778.png 768w, https:\/\/www.xminsulation.com\/wp-content\/uploads\/2024\/05\/\u56fe\u72474-3-600x608.png 600w, https:\/\/www.xminsulation.com\/wp-content\/uploads\/2024\/05\/\u56fe\u72474-3-100x100.png 100w\" sizes=\"(max-width: 1500px) 100vw, 1500px\" \/><\/p>\n<h2><strong><b>Gebruik <\/b><\/strong><strong><b>E<\/b><\/strong><strong><b>milieuvriendelijk <\/b><\/strong><strong><b>C<\/b><\/strong><strong><b>omstandigheden<\/b><\/strong><\/h2>\n<ol>\n<li>Over het algemeen gebruikt\/onderhouden onder normale binnenomstandigheden, in overeenstemming met IEC 62271-1 en GB3906.<\/li>\n<li>Omgevingsluchttemperatuur: -40\u2103~+40\u2103.<\/li>\n<li>Relatieve luchtvochtigheid: de dagelijkse gemiddelde waarde is niet groter dan 95% en de maandelijkse gemiddelde waarde is niet groter dan 90%.<\/li>\n<li>De hoogte mag niet groter zijn dan 2500 meter.<\/li>\n<li>De omringende lucht mag niet significant vervuild zijn door stof, waterdamp, zoutnevel, corrosieve gassen of brandbare gassen; het buitentype kan worden gebruikt in zware omgevingsomstandigheden. Vooral geschikt voor toepassingen in plateau-, kust-, alpiene, hoge vervuilings- en andere gebieden.<\/li>\n<li>Er zijn geen ernstige trillingen op de installatieplaats en de aardbevingsintensiteit bedraagt niet meer dan 8 graden.<\/li>\n<li>Wanneer de bovenstaande gebruiksomgevingsomstandigheden niet aan de gebruikseisen kunnen voldoen, zal de gebruiker met de fabrikant onderhandelen.<\/li>\n<\/ol>\n<h2><strong><b>Product grootte<\/b><\/strong><\/h2>\n<p><img loading=\"lazy\" decoding=\"async\" class=\"alignnone wp-image-1958 size-full\" src=\"http:\/\/www.xminsulation.com\/wp-content\/uploads\/2024\/05\/\u56fe\u72475-4.png\" alt=\"\" width=\"1625\" height=\"1161\" srcset=\"https:\/\/www.xminsulation.com\/wp-content\/uploads\/2024\/05\/\u56fe\u72475-4.png 1625w, https:\/\/www.xminsulation.com\/wp-content\/uploads\/2024\/05\/\u56fe\u72475-4-300x214.png 300w, https:\/\/www.xminsulation.com\/wp-content\/uploads\/2024\/05\/\u56fe\u72475-4-1024x732.png 1024w, https:\/\/www.xminsulation.com\/wp-content\/uploads\/2024\/05\/\u56fe\u72475-4-768x549.png 768w, https:\/\/www.xminsulation.com\/wp-content\/uploads\/2024\/05\/\u56fe\u72475-4-1536x1097.png 1536w, https:\/\/www.xminsulation.com\/wp-content\/uploads\/2024\/05\/\u56fe\u72475-4-600x429.png 600w\" sizes=\"(max-width: 1625px) 100vw, 1625px\" \/><\/p>\n<h2><strong><b>Brekend principe<\/b><\/strong><\/h2>\n<p><img loading=\"lazy\" decoding=\"async\" class=\"alignnone wp-image-1959 size-full\" src=\"http:\/\/www.xminsulation.com\/wp-content\/uploads\/2024\/05\/\u56fe\u72476-3.png\" alt=\"\" width=\"1000\" height=\"1322\" srcset=\"https:\/\/www.xminsulation.com\/wp-content\/uploads\/2024\/05\/\u56fe\u72476-3.png 1000w, https:\/\/www.xminsulation.com\/wp-content\/uploads\/2024\/05\/\u56fe\u72476-3-227x300.png 227w, https:\/\/www.xminsulation.com\/wp-content\/uploads\/2024\/05\/\u56fe\u72476-3-775x1024.png 775w, https:\/\/www.xminsulation.com\/wp-content\/uploads\/2024\/05\/\u56fe\u72476-3-768x1015.png 768w, https:\/\/www.xminsulation.com\/wp-content\/uploads\/2024\/05\/\u56fe\u72476-3-600x793.png 600w\" sizes=\"(max-width: 1000px) 100vw, 1000px\" \/> <img loading=\"lazy\" decoding=\"async\" class=\"alignnone wp-image-1960 size-full\" src=\"http:\/\/www.xminsulation.com\/wp-content\/uploads\/2024\/05\/\u56fe\u72477-3.png\" alt=\"\" width=\"667\" height=\"696\" srcset=\"https:\/\/www.xminsulation.com\/wp-content\/uploads\/2024\/05\/\u56fe\u72477-3.png 667w, https:\/\/www.xminsulation.com\/wp-content\/uploads\/2024\/05\/\u56fe\u72477-3-288x300.png 288w, https:\/\/www.xminsulation.com\/wp-content\/uploads\/2024\/05\/\u56fe\u72477-3-600x626.png 600w\" sizes=\"(max-width: 667px) 100vw, 667px\" \/><\/p>\n<h2><strong><b>Structuurdiagram<\/b><\/strong><\/h2>\n<p><img loading=\"lazy\" decoding=\"async\" class=\"alignnone wp-image-1961 size-full\" src=\"http:\/\/www.xminsulation.com\/wp-content\/uploads\/2024\/05\/\u56fe\u72478-3.png\" alt=\"\" width=\"850\" height=\"1262\" srcset=\"https:\/\/www.xminsulation.com\/wp-content\/uploads\/2024\/05\/\u56fe\u72478-3.png 850w, https:\/\/www.xminsulation.com\/wp-content\/uploads\/2024\/05\/\u56fe\u72478-3-202x300.png 202w, https:\/\/www.xminsulation.com\/wp-content\/uploads\/2024\/05\/\u56fe\u72478-3-690x1024.png 690w, https:\/\/www.xminsulation.com\/wp-content\/uploads\/2024\/05\/\u56fe\u72478-3-768x1140.png 768w, https:\/\/www.xminsulation.com\/wp-content\/uploads\/2024\/05\/\u56fe\u72478-3-600x891.png 600w\" sizes=\"(max-width: 850px) 100vw, 850px\" \/><\/p>\n<p>1.LED-knop.LED-knop.<br \/>\n2. Indicator voor kortsluiting en aardfout.<br \/>\n3. Live weergave.<br \/>\n4. Oplaadopening voor stroomonderbreker.<br \/>\n5. Open knop voor stroomonderbreker.<br \/>\n6,\u65ad\u8def\u5668\u50a8\u80fd\u6307\u793a. Laadindicator voor stroomonderbreker.<br \/>\n7,\u65ad\u8def\u5668\u5408\u95f8\u6309\u94ae. Sluitknop stroomonderbreker.<br \/>\n8,\u63a5\u5730\u5f00\u5173\u7535\u78c1\u9501.Elektromagnetisch slot voor aardingsschakelaar.<br \/>\n9,\u9694\u79bb\u5f00\u5173\u7a0b\u5e8f\u9501.Programmavergrendeling met scheidingsschakelaar.<br \/>\n10. Bedieningsgat aardingsschakelaar.<br \/>\n11. Bedieningsgat scheidingsschakelaar.<br \/>\n12. Kijkvenster.<br \/>\n13,\u7535\u7f06\u5ba4\u89c2\u5bdf\u7a97.Kabelcompartiment kijkvenster.<br \/>\n14,\u7535\u7f06\u5ba4.Kabelcompartiment.<\/p>\n<p><img loading=\"lazy\" decoding=\"async\" class=\"alignnone wp-image-1962 size-full\" src=\"http:\/\/www.xminsulation.com\/wp-content\/uploads\/2024\/05\/\u56fe\u72479-3.png\" alt=\"\" width=\"1580\" height=\"1608\" srcset=\"https:\/\/www.xminsulation.com\/wp-content\/uploads\/2024\/05\/\u56fe\u72479-3.png 1580w, https:\/\/www.xminsulation.com\/wp-content\/uploads\/2024\/05\/\u56fe\u72479-3-295x300.png 295w, https:\/\/www.xminsulation.com\/wp-content\/uploads\/2024\/05\/\u56fe\u72479-3-1006x1024.png 1006w, https:\/\/www.xminsulation.com\/wp-content\/uploads\/2024\/05\/\u56fe\u72479-3-768x782.png 768w, https:\/\/www.xminsulation.com\/wp-content\/uploads\/2024\/05\/\u56fe\u72479-3-1509x1536.png 1509w, https:\/\/www.xminsulation.com\/wp-content\/uploads\/2024\/05\/\u56fe\u72479-3-600x611.png 600w\" sizes=\"(max-width: 1580px) 100vw, 1580px\" \/><\/p>\n<h2><strong><b>Schakelapparatuur weergeven<\/b><\/strong><\/h2>\n<h3><strong><b>V: Vacu\u00fcm <\/b><\/strong><strong><b>Zekering<\/b><\/strong><strong><b>\u00a0Kastje<\/b><\/strong><\/h3>\n<p><img loading=\"lazy\" decoding=\"async\" class=\"alignnone wp-image-1963 size-full\" src=\"http:\/\/www.xminsulation.com\/wp-content\/uploads\/2024\/05\/\u56fe\u724710-3.png\" alt=\"\" width=\"918\" height=\"1574\" srcset=\"https:\/\/www.xminsulation.com\/wp-content\/uploads\/2024\/05\/\u56fe\u724710-3.png 918w, https:\/\/www.xminsulation.com\/wp-content\/uploads\/2024\/05\/\u56fe\u724710-3-175x300.png 175w, https:\/\/www.xminsulation.com\/wp-content\/uploads\/2024\/05\/\u56fe\u724710-3-597x1024.png 597w, https:\/\/www.xminsulation.com\/wp-content\/uploads\/2024\/05\/\u56fe\u724710-3-768x1317.png 768w, https:\/\/www.xminsulation.com\/wp-content\/uploads\/2024\/05\/\u56fe\u724710-3-896x1536.png 896w, https:\/\/www.xminsulation.com\/wp-content\/uploads\/2024\/05\/\u56fe\u724710-3-600x1029.png 600w\" sizes=\"(max-width: 918px) 100vw, 918px\" \/><\/p>\n<h3><strong><b>C: <\/b><\/strong><strong><b>Laden <\/b><\/strong><strong><b>Pauze <\/b><\/strong><strong><b>Schakelaar<\/b><\/strong><strong><b>\u00a0Kastje<\/b><\/strong><\/h3>\n<p><img loading=\"lazy\" decoding=\"async\" class=\"alignnone wp-image-1964 size-full\" src=\"http:\/\/www.xminsulation.com\/wp-content\/uploads\/2024\/05\/\u56fe\u724711-3.png\" alt=\"\" width=\"918\" height=\"1574\" srcset=\"https:\/\/www.xminsulation.com\/wp-content\/uploads\/2024\/05\/\u56fe\u724711-3.png 918w, https:\/\/www.xminsulation.com\/wp-content\/uploads\/2024\/05\/\u56fe\u724711-3-175x300.png 175w, https:\/\/www.xminsulation.com\/wp-content\/uploads\/2024\/05\/\u56fe\u724711-3-597x1024.png 597w, https:\/\/www.xminsulation.com\/wp-content\/uploads\/2024\/05\/\u56fe\u724711-3-768x1317.png 768w, https:\/\/www.xminsulation.com\/wp-content\/uploads\/2024\/05\/\u56fe\u724711-3-896x1536.png 896w, https:\/\/www.xminsulation.com\/wp-content\/uploads\/2024\/05\/\u56fe\u724711-3-600x1029.png 600w\" sizes=\"(max-width: 918px) 100vw, 918px\" \/><\/p>\n<h3><strong><b>D<\/b><\/strong><strong><b>: <\/b><\/strong><strong><b>Directe kabel<\/b><\/strong><strong><b>\u00a0Verbindingskast<\/b><\/strong><\/h3>\n<p><img loading=\"lazy\" decoding=\"async\" class=\"alignnone wp-image-1967 size-full\" src=\"http:\/\/www.xminsulation.com\/wp-content\/uploads\/2024\/05\/\u56fe\u724712-3.png\" alt=\"\" width=\"751\" height=\"1314\" srcset=\"https:\/\/www.xminsulation.com\/wp-content\/uploads\/2024\/05\/\u56fe\u724712-3.png 751w, https:\/\/www.xminsulation.com\/wp-content\/uploads\/2024\/05\/\u56fe\u724712-3-171x300.png 171w, https:\/\/www.xminsulation.com\/wp-content\/uploads\/2024\/05\/\u56fe\u724712-3-585x1024.png 585w, https:\/\/www.xminsulation.com\/wp-content\/uploads\/2024\/05\/\u56fe\u724712-3-600x1050.png 600w\" sizes=\"(max-width: 751px) 100vw, 751px\" \/><\/p>\n<h3><strong><b>Scheidingsschakelaar + VT<\/b><\/strong><strong><b>\u00a0Kastje<\/b><\/strong><\/h3>\n<p><img loading=\"lazy\" decoding=\"async\" class=\"alignnone wp-image-1968 size-full\" src=\"http:\/\/www.xminsulation.com\/wp-content\/uploads\/2024\/05\/\u56fe\u724713-3.png\" alt=\"\" width=\"790\" height=\"1258\" srcset=\"https:\/\/www.xminsulation.com\/wp-content\/uploads\/2024\/05\/\u56fe\u724713-3.png 790w, https:\/\/www.xminsulation.com\/wp-content\/uploads\/2024\/05\/\u56fe\u724713-3-188x300.png 188w, https:\/\/www.xminsulation.com\/wp-content\/uploads\/2024\/05\/\u56fe\u724713-3-643x1024.png 643w, https:\/\/www.xminsulation.com\/wp-content\/uploads\/2024\/05\/\u56fe\u724713-3-768x1223.png 768w, https:\/\/www.xminsulation.com\/wp-content\/uploads\/2024\/05\/\u56fe\u724713-3-600x955.png 600w\" sizes=\"(max-width: 790px) 100vw, 790px\" \/><\/p>\n<h3><strong><b>Mij<\/b><\/strong><strong><b>: <\/b><\/strong><strong><b>Hoogspanningsmeting<\/b><\/strong><strong><b>\u00a0Kastje<\/b><\/strong><\/h3>\n<p><img loading=\"lazy\" decoding=\"async\" class=\"alignnone wp-image-1969 size-full\" src=\"http:\/\/www.xminsulation.com\/wp-content\/uploads\/2024\/05\/\u56fe\u724714-2.png\" alt=\"\" width=\"828\" height=\"1281\" srcset=\"https:\/\/www.xminsulation.com\/wp-content\/uploads\/2024\/05\/\u56fe\u724714-2.png 828w, https:\/\/www.xminsulation.com\/wp-content\/uploads\/2024\/05\/\u56fe\u724714-2-194x300.png 194w, https:\/\/www.xminsulation.com\/wp-content\/uploads\/2024\/05\/\u56fe\u724714-2-662x1024.png 662w, https:\/\/www.xminsulation.com\/wp-content\/uploads\/2024\/05\/\u56fe\u724714-2-768x1188.png 768w, https:\/\/www.xminsulation.com\/wp-content\/uploads\/2024\/05\/\u56fe\u724714-2-600x928.png 600w\" sizes=\"(max-width: 828px) 100vw, 828px\" \/><\/p>\n<h3><strong><b>SV<\/b><\/strong><strong><b>: <\/b><\/strong><strong><b>CL-railsecties<\/b><\/strong><strong><b>\u00a0Kastje<\/b><\/strong><\/h3>\n<p><img loading=\"lazy\" decoding=\"async\" class=\"alignnone wp-image-1970 size-full\" src=\"http:\/\/www.xminsulation.com\/wp-content\/uploads\/2024\/05\/\u56fe\u724715-2.png\" alt=\"\" width=\"779\" height=\"1284\" srcset=\"https:\/\/www.xminsulation.com\/wp-content\/uploads\/2024\/05\/\u56fe\u724715-2.png 779w, https:\/\/www.xminsulation.com\/wp-content\/uploads\/2024\/05\/\u56fe\u724715-2-182x300.png 182w, https:\/\/www.xminsulation.com\/wp-content\/uploads\/2024\/05\/\u56fe\u724715-2-621x1024.png 621w, https:\/\/www.xminsulation.com\/wp-content\/uploads\/2024\/05\/\u56fe\u724715-2-768x1266.png 768w, https:\/\/www.xminsulation.com\/wp-content\/uploads\/2024\/05\/\u56fe\u724715-2-600x989.png 600w\" sizes=\"(max-width: 779px) 100vw, 779px\" \/><\/p>\n<h2><strong><b>Schematisch diagram van kastcombinatie<\/b><\/strong><\/h2>\n<p><img loading=\"lazy\" decoding=\"async\" class=\"alignnone wp-image-1971 size-full\" src=\"http:\/\/www.xminsulation.com\/wp-content\/uploads\/2024\/05\/\u56fe\u724716-2.png\" alt=\"\" width=\"1055\" height=\"679\" srcset=\"https:\/\/www.xminsulation.com\/wp-content\/uploads\/2024\/05\/\u56fe\u724716-2.png 1055w, https:\/\/www.xminsulation.com\/wp-content\/uploads\/2024\/05\/\u56fe\u724716-2-300x193.png 300w, https:\/\/www.xminsulation.com\/wp-content\/uploads\/2024\/05\/\u56fe\u724716-2-1024x659.png 1024w, https:\/\/www.xminsulation.com\/wp-content\/uploads\/2024\/05\/\u56fe\u724716-2-768x494.png 768w, https:\/\/www.xminsulation.com\/wp-content\/uploads\/2024\/05\/\u56fe\u724716-2-600x386.png 600w\" sizes=\"(max-width: 1055px) 100vw, 1055px\" \/> <img loading=\"lazy\" decoding=\"async\" class=\"alignnone wp-image-1972 size-full\" src=\"http:\/\/www.xminsulation.com\/wp-content\/uploads\/2024\/05\/\u56fe\u724717-2.png\" alt=\"\" width=\"857\" height=\"787\" srcset=\"https:\/\/www.xminsulation.com\/wp-content\/uploads\/2024\/05\/\u56fe\u724717-2.png 857w, https:\/\/www.xminsulation.com\/wp-content\/uploads\/2024\/05\/\u56fe\u724717-2-300x275.png 300w, https:\/\/www.xminsulation.com\/wp-content\/uploads\/2024\/05\/\u56fe\u724717-2-768x705.png 768w, https:\/\/www.xminsulation.com\/wp-content\/uploads\/2024\/05\/\u56fe\u724717-2-600x551.png 600w\" sizes=\"(max-width: 857px) 100vw, 857px\" \/> <img loading=\"lazy\" decoding=\"async\" class=\"alignnone wp-image-1973 size-full\" src=\"http:\/\/www.xminsulation.com\/wp-content\/uploads\/2024\/05\/\u56fe\u724718-2.png\" alt=\"\" width=\"1678\" height=\"2092\" srcset=\"https:\/\/www.xminsulation.com\/wp-content\/uploads\/2024\/05\/\u56fe\u724718-2.png 1678w, https:\/\/www.xminsulation.com\/wp-content\/uploads\/2024\/05\/\u56fe\u724718-2-241x300.png 241w, https:\/\/www.xminsulation.com\/wp-content\/uploads\/2024\/05\/\u56fe\u724718-2-821x1024.png 821w, https:\/\/www.xminsulation.com\/wp-content\/uploads\/2024\/05\/\u56fe\u724718-2-768x957.png 768w, https:\/\/www.xminsulation.com\/wp-content\/uploads\/2024\/05\/\u56fe\u724718-2-1232x1536.png 1232w, https:\/\/www.xminsulation.com\/wp-content\/uploads\/2024\/05\/\u56fe\u724718-2-1643x2048.png 1643w, https:\/\/www.xminsulation.com\/wp-content\/uploads\/2024\/05\/\u56fe\u724718-2-600x748.png 600w\" sizes=\"(max-width: 1678px) 100vw, 1678px\" \/><\/p>\n<h2 class=\"wxts\">\u25c6Speciale aanpassingen<\/h2>\n<p>De bovenstaande parameters zijn typische gegevens; als de bestaande stijlen niet aan uw specifieke eisen voldoen, neem dan contact met ons op voor een ontwerp op maat. We beschikken over aanzienlijke gepersonaliseerde ontwikkelings- en productievaardigheden op het gebied van maatwerk, waardoor we op maat gemaakte oplossingen kunnen bieden aan klanten over de hele wereld.<\/p>\n<p>&nbsp;<\/p>\n<p>&nbsp;<\/p>","protected":false},"excerpt":{"rendered":"<p>Product Information IE-24kV solid insulated ring main unit is a new generation of environmentally friendly composite insulated ring main unit independently developed by our company. It is a fully insulated and fully sealed power supply unit. All live parts and switches of the primary part are completely sealed in an epoxy plastic shell, and there [&hellip;]<\/p>","protected":false},"featured_media":1953,"template":"","meta":{"site-sidebar-layout":"default","site-content-layout":"","ast-site-content-layout":"default","site-content-style":"default","site-sidebar-style":"default","ast-global-header-display":"","ast-banner-title-visibility":"","ast-main-header-display":"","ast-hfb-above-header-display":"","ast-hfb-below-header-display":"","ast-hfb-mobile-header-display":"","site-post-title":"","ast-breadcrumbs-content":"","ast-featured-img":"","footer-sml-layout":"","theme-transparent-header-meta":"default","adv-header-id-meta":"","stick-header-meta":"","header-above-stick-meta":"","header-main-stick-meta":"","header-below-stick-meta":"","astra-migrate-meta-layouts":"set","ast-page-background-enabled":"default","ast-page-background-meta":{"desktop":{"background-color":"","background-image":"","background-repeat":"repeat","background-position":"center center","background-size":"auto","background-attachment":"scroll","background-type":"","background-media":"","overlay-type":"","overlay-color":"","overlay-gradient":""},"tablet":{"background-color":"","background-image":"","background-repeat":"repeat","background-position":"center center","background-size":"auto","background-attachment":"scroll","background-type":"","background-media":"","overlay-type":"","overlay-color":"","overlay-gradient":""},"mobile":{"background-color":"","background-image":"","background-repeat":"repeat","background-position":"center center","background-size":"auto","background-attachment":"scroll","background-type":"","background-media":"","overlay-type":"","overlay-color":"","overlay-gradient":""}},"ast-content-background-meta":{"desktop":{"background-color":"var(--ast-global-color-5)","background-image":"","background-repeat":"repeat","background-position":"center center","background-size":"auto","background-attachment":"scroll","background-type":"","background-media":"","overlay-type":"","overlay-color":"","overlay-gradient":""},"tablet":{"background-color":"var(--ast-global-color-5)","background-image":"","background-repeat":"repeat","background-position":"center center","background-size":"auto","background-attachment":"scroll","background-type":"","background-media":"","overlay-type":"","overlay-color":"","overlay-gradient":""},"mobile":{"background-color":"var(--ast-global-color-5)","background-image":"","background-repeat":"repeat","background-position":"center center","background-size":"auto","background-attachment":"scroll","background-type":"","background-media":"","overlay-type":"","overlay-color":"","overlay-gradient":""}}},"product_cat":[30],"product_tag":[],"class_list":{"0":"post-1952","1":"product","2":"type-product","3":"status-publish","4":"has-post-thumbnail","6":"product_cat-10-24kv-solid-insulated-vacuum-circuit-breaker-sf6-free","7":"desktop-align-left","8":"tablet-align-left","9":"mobile-align-left","11":"first","12":"instock","13":"shipping-taxable","14":"product-type-simple"},"_links":{"self":[{"href":"https:\/\/www.xminsulation.com\/nl\/wp-json\/wp\/v2\/product\/1952","targetHints":{"allow":["GET"]}}],"collection":[{"href":"https:\/\/www.xminsulation.com\/nl\/wp-json\/wp\/v2\/product"}],"about":[{"href":"https:\/\/www.xminsulation.com\/nl\/wp-json\/wp\/v2\/types\/product"}],"wp:featuredmedia":[{"embeddable":true,"href":"https:\/\/www.xminsulation.com\/nl\/wp-json\/wp\/v2\/media\/1953"}],"wp:attachment":[{"href":"https:\/\/www.xminsulation.com\/nl\/wp-json\/wp\/v2\/media?parent=1952"}],"wp:term":[{"taxonomy":"product_cat","embeddable":true,"href":"https:\/\/www.xminsulation.com\/nl\/wp-json\/wp\/v2\/product_cat?post=1952"},{"taxonomy":"product_tag","embeddable":true,"href":"https:\/\/www.xminsulation.com\/nl\/wp-json\/wp\/v2\/product_tag?post=1952"}],"curies":[{"name":"wp","href":"https:\/\/api.w.org\/{rel}","templated":true}]}}