{"id":1226,"date":"2024-05-07T10:55:07","date_gmt":"2024-05-07T02:55:07","guid":{"rendered":"http:\/\/www.xminsulation.com\/?post_type=product&#038;p=1226"},"modified":"2024-05-15T16:35:26","modified_gmt":"2024-05-15T08:35:26","slug":"10-24-35km-high-voltage-cable-branch-box-european-style","status":"publish","type":"product","link":"https:\/\/www.xminsulation.com\/nl\/product\/10-24-35km-high-voltage-cable-branch-box-european-style\/","title":{"rendered":"10\/24\/35kM hoogspanningskabelaftakdoos (Europese stijl)"},"content":{"rendered":"<p><img fetchpriority=\"high\" decoding=\"async\" class=\"alignnone wp-image-1228 size-full\" src=\"http:\/\/www.xminsulation.com\/wp-content\/uploads\/2024\/05\/\u56fe\u724782-1.jpg\" alt=\"\" width=\"1000\" height=\"1000\" srcset=\"https:\/\/www.xminsulation.com\/wp-content\/uploads\/2024\/05\/\u56fe\u724782-1.jpg 1000w, https:\/\/www.xminsulation.com\/wp-content\/uploads\/2024\/05\/\u56fe\u724782-1-300x300.jpg 300w, https:\/\/www.xminsulation.com\/wp-content\/uploads\/2024\/05\/\u56fe\u724782-1-150x150.jpg 150w, https:\/\/www.xminsulation.com\/wp-content\/uploads\/2024\/05\/\u56fe\u724782-1-768x768.jpg 768w, https:\/\/www.xminsulation.com\/wp-content\/uploads\/2024\/05\/\u56fe\u724782-1-600x600.jpg 600w, https:\/\/www.xminsulation.com\/wp-content\/uploads\/2024\/05\/\u56fe\u724782-1-100x100.jpg 100w\" sizes=\"(max-width: 1000px) 100vw, 1000px\" \/> <img decoding=\"async\" class=\"alignnone wp-image-1229 size-full\" src=\"http:\/\/www.xminsulation.com\/wp-content\/uploads\/2024\/05\/\u56fe\u724783.png\" alt=\"\" width=\"651\" height=\"696\" srcset=\"https:\/\/www.xminsulation.com\/wp-content\/uploads\/2024\/05\/\u56fe\u724783.png 651w, https:\/\/www.xminsulation.com\/wp-content\/uploads\/2024\/05\/\u56fe\u724783-281x300.png 281w, https:\/\/www.xminsulation.com\/wp-content\/uploads\/2024\/05\/\u56fe\u724783-600x641.png 600w\" sizes=\"(max-width: 651px) 100vw, 651px\" \/> <img decoding=\"async\" class=\"alignnone wp-image-1230 size-full\" src=\"http:\/\/www.xminsulation.com\/wp-content\/uploads\/2024\/05\/\u56fe\u724784.png\" alt=\"\" width=\"766\" height=\"818\" srcset=\"https:\/\/www.xminsulation.com\/wp-content\/uploads\/2024\/05\/\u56fe\u724784.png 766w, https:\/\/www.xminsulation.com\/wp-content\/uploads\/2024\/05\/\u56fe\u724784-281x300.png 281w, https:\/\/www.xminsulation.com\/wp-content\/uploads\/2024\/05\/\u56fe\u724784-600x641.png 600w\" sizes=\"(max-width: 766px) 100vw, 766px\" \/> <img loading=\"lazy\" decoding=\"async\" class=\"alignnone wp-image-1231 size-full\" src=\"http:\/\/www.xminsulation.com\/wp-content\/uploads\/2024\/05\/\u56fe\u724785.png\" alt=\"\" width=\"783\" height=\"826\" srcset=\"https:\/\/www.xminsulation.com\/wp-content\/uploads\/2024\/05\/\u56fe\u724785.png 783w, https:\/\/www.xminsulation.com\/wp-content\/uploads\/2024\/05\/\u56fe\u724785-284x300.png 284w, https:\/\/www.xminsulation.com\/wp-content\/uploads\/2024\/05\/\u56fe\u724785-768x810.png 768w, https:\/\/www.xminsulation.com\/wp-content\/uploads\/2024\/05\/\u56fe\u724785-600x633.png 600w\" sizes=\"(max-width: 783px) 100vw, 783px\" \/><\/p>\n<h2><strong><b>Algemene informatie<\/b><\/strong><\/h2>\n<p>Aftakdozen voor hoogspanningskabels worden veel gebruikt voor knooppuntverbindingen in 10 kV-, 24 kV- en 35 kV-kabelsystemen. Ze vormen de belangrijkste elektrische apparatuur voor het verzamelen en aftakken van kabels nadat ze de schakelkast hebben verlaten. De kabelverbindingen van de aftakdoos zijn goed ge\u00efsoleerd met hoogwaardig ge\u00efsoleerd ge\u00efmporteerd rubber en hebben geen blootliggende, onder spanning staande delen; de schakelaars in de aftakdoos met schakelaars zijn allemaal SF6-ge\u00efsoleerde lastschakelaars.<\/p>\n<p>De aftapkast is ontworpen voor onderhoudsvrij gebruik buitenshuis, wat veilig en betrouwbaar is. De beschermingsgraad bedraagt IP33 en de ondergrondse aftap is bestand tegen overstromingen. Dit product wordt veel gebruikt in distributienetwerken in stedelijke industriegebieden, woonwijken, winkelcentra, mijngebieden en grote ondernemingen in de staal-, auto-, petroleum-, chemische en cementindustrie. Het is met name geschikt voor projecten voor de transformatie van het stedelijke elektriciteitsnet en kan aanzienlijke besparingen opleveren op elektrische apparatuur en investeringen in kabels om de betrouwbaarheid van de stroomvoorziening te verbeteren.<\/p>\n<h2><strong><b>Product <\/b><\/strong><strong><b>Functies<\/b><\/strong><\/h2>\n<ol>\n<li>Compacte structuur, kleine voetafdruk, eenvoudige installatie, eenvoudige bediening en onderhoudsvrij.<\/li>\n<li>De behuizing is volledig gemaakt van staalplaat of roestvrij staal met een dikte van 2 mm. De behuizing is corrosiebestendig en voorzien van een speciale spuitlakbehandeling voor betrouwbare werking in zware omstandigheden (levensduur \u2265 30 jaar).<\/li>\n<li>Buitenconstructie voor alle weersomstandigheden, volledig beschermend, geschikt voor hoge temperaturen, extreme kou, onderdompeling in water en gebieden met veel stof.<\/li>\n<li>Volledig afgedichte en volledig ge\u00efsoleerde structuur, geen isolatieafstand vereist, alle onder hoogspanning staande delen zijn vervaardigd van siliconenrubber of EPDM-geprefabriceerde kabelconnectoren, waardoor de persoonlijke veiligheid effectief wordt gegarandeerd.<\/li>\n<li>Flexibele combinatiemogelijkheden maken het mogelijk om het aantal aftakkingen op te voeren tot zeven, die gecombineerd kunnen worden met SF. De lastschakelaar vormt een ringnetwerk voor de stroomvoorziening en voldoet volledig aan diverse bedradingsvereisten.<\/li>\n<li>De kabelverbinding kan worden gebruikt als een schakelaar die onder belasting kan worden in- en uitgeschakeld om de belastingstroom van 200A te onderbreken.<\/li>\n<li>Nadat u de storingsindicator hebt ge\u00efnstalleerd, kunt u storingen in het circuit snel detecteren.<\/li>\n<li>De eenmalige investering is klein, de kabellengte is korter, er is geen bebouwde oppervlakte nodig en er wordt geld bespaard.<\/li>\n<li>De gebruikte kabelconnector voldoet aan de IEEE386-standaard.<\/li>\n<li>Alle kabelmoffen zijn geschikt voor kabels met vernet polyethyleenisolatie. De 200A kabelmoffen zijn geschikt voor kabels met een kabeldoorsnede van 35 mm\u00b2 tot 180 mm\u00b2; de 600A kabelmoffen zijn geschikt voor kabels met een kabeldoorsnede van 25 mm\u00b2 tot 500 mm\u00b2.<\/li>\n<\/ol>\n<h2><strong><b>Technische parameters<\/b><\/strong><\/h2>\n<p><strong><b> <img loading=\"lazy\" decoding=\"async\" class=\"alignnone wp-image-1232 size-full\" src=\"http:\/\/www.xminsulation.com\/wp-content\/uploads\/2024\/05\/\u56fe\u724786.png\" alt=\"\" width=\"966\" height=\"736\" srcset=\"https:\/\/www.xminsulation.com\/wp-content\/uploads\/2024\/05\/\u56fe\u724786.png 966w, https:\/\/www.xminsulation.com\/wp-content\/uploads\/2024\/05\/\u56fe\u724786-300x229.png 300w, https:\/\/www.xminsulation.com\/wp-content\/uploads\/2024\/05\/\u56fe\u724786-768x585.png 768w, https:\/\/www.xminsulation.com\/wp-content\/uploads\/2024\/05\/\u56fe\u724786-600x457.png 600w\" sizes=\"(max-width: 966px) 100vw, 966px\" \/><\/b><\/strong><\/p>\n<h2><strong><b>Gebruik <\/b><\/strong><strong><b>E<\/b><\/strong><strong><b>omgeving<\/b><\/strong><\/h2>\n<ol>\n<li>Omgevingstemperatuur: maximale temperatuur: +40\u2103, minimale temperatuur: -30\u2103.<\/li>\n<li>Windsnelheid: equivalent aan 34 m\/s (niet meer dan 700 Pa).<\/li>\n<li>Vochtigheid: De dagelijkse gemiddelde relatieve vochtigheid is niet groter dan 95%; de maandelijkse gemiddelde relatieve vochtigheid is niet groter dan 95%.<\/li>\n<li>Schokbestendig: de horizontale versnelling is niet groter dan 0,4 m\/s2 en de verticale versnelling is niet groter dan 0,15 m\/s2.<\/li>\n<li>Hellingshoek van de installatieplaats: maximaal 3\u00b0.<\/li>\n<li>Installatieomgeving: De omringende lucht mag niet ernstig verontreinigd zijn met corrosieve, brandbare gassen, waterdamp, enz. en er mogen geen hevige trillingen op de installatielocatie optreden.<\/li>\n<\/ol>\n<h2><strong><b>C<\/b><\/strong><strong><b>configuratie <\/b><\/strong><strong><b>P<\/b><\/strong><strong><b>laan<\/b><\/strong><\/h2>\n<p><img loading=\"lazy\" decoding=\"async\" class=\"alignnone wp-image-1233 size-full\" src=\"http:\/\/www.xminsulation.com\/wp-content\/uploads\/2024\/05\/\u56fe\u724787.png\" alt=\"\" width=\"1078\" height=\"1092\" srcset=\"https:\/\/www.xminsulation.com\/wp-content\/uploads\/2024\/05\/\u56fe\u724787.png 1078w, https:\/\/www.xminsulation.com\/wp-content\/uploads\/2024\/05\/\u56fe\u724787-296x300.png 296w, https:\/\/www.xminsulation.com\/wp-content\/uploads\/2024\/05\/\u56fe\u724787-1011x1024.png 1011w, https:\/\/www.xminsulation.com\/wp-content\/uploads\/2024\/05\/\u56fe\u724787-768x778.png 768w, https:\/\/www.xminsulation.com\/wp-content\/uploads\/2024\/05\/\u56fe\u724787-600x608.png 600w, https:\/\/www.xminsulation.com\/wp-content\/uploads\/2024\/05\/\u56fe\u724787-100x100.png 100w\" sizes=\"(max-width: 1078px) 100vw, 1078px\" \/> <img loading=\"lazy\" decoding=\"async\" class=\"alignnone wp-image-1234 size-full\" src=\"http:\/\/www.xminsulation.com\/wp-content\/uploads\/2024\/05\/\u56fe\u724788.png\" alt=\"\" width=\"1078\" height=\"1147\" srcset=\"https:\/\/www.xminsulation.com\/wp-content\/uploads\/2024\/05\/\u56fe\u724788.png 1078w, https:\/\/www.xminsulation.com\/wp-content\/uploads\/2024\/05\/\u56fe\u724788-282x300.png 282w, https:\/\/www.xminsulation.com\/wp-content\/uploads\/2024\/05\/\u56fe\u724788-962x1024.png 962w, https:\/\/www.xminsulation.com\/wp-content\/uploads\/2024\/05\/\u56fe\u724788-768x817.png 768w, https:\/\/www.xminsulation.com\/wp-content\/uploads\/2024\/05\/\u56fe\u724788-600x638.png 600w\" sizes=\"(max-width: 1078px) 100vw, 1078px\" \/><\/p>\n<h2><strong><b>Europese <\/b><\/strong><strong><b>C<\/b><\/strong><strong><b>bekwaam <\/b><\/strong><strong><b>B<\/b><\/strong><strong><b>boerderij <\/b><\/strong><strong><b>B<\/b><\/strong><strong><b>os <\/b><\/strong><strong><b>S<\/b><\/strong><strong><b>structuur <\/b><\/strong><strong><b>E<\/b><\/strong><strong><b>voorbeeld <\/b><\/strong><strong><b>D<\/b><\/strong><strong><b>diagram<\/b><\/strong><\/h2>\n<p>&nbsp;<\/p>\n<p>Indien de kabelverdeeldoos vanwege locatiebeperkingen niet geplaatst kan worden, kunnen de kabelverbindingen direct gecombineerd worden tot meerdere kabelaftakkingen (hiervoor zijn geen busbars nodig, zie onderstaande aansluitmethode) en in de kabelgoot of op een andere locatie geplaatst worden.<\/p>\n<p>Voorbeeld 1: Vier inkomende en uitgaande lijnen.<\/p>\n<p>Elke fase bestaat uit twee Europese voorverbindingen en twee Europese achterverbindingen, verbonden door een Europese stootbus in het midden. De uiteinden van de Europese achterverbindingen zijn afgedicht met isolatoren en halfgeleidende eindkappen.<\/p>\n<p>Voorbeeld 2: Twee erin en drie eruit.<\/p>\n<p>Elke fase bestaat uit drie Europese voorverbindingen en twee Europese achterverbindingen, die in het midden met Europese stootbussen zijn verbonden. De uiteinden van de Europese achterverbindingen zijn afgedicht met isolatoren en halfgeleidende eindkappen.<\/p>\n<p><img loading=\"lazy\" decoding=\"async\" class=\"alignnone wp-image-1235 size-full\" src=\"http:\/\/www.xminsulation.com\/wp-content\/uploads\/2024\/05\/\u56fe\u724789.png\" alt=\"\" width=\"1000\" height=\"280\" srcset=\"https:\/\/www.xminsulation.com\/wp-content\/uploads\/2024\/05\/\u56fe\u724789.png 1000w, https:\/\/www.xminsulation.com\/wp-content\/uploads\/2024\/05\/\u56fe\u724789-300x84.png 300w, https:\/\/www.xminsulation.com\/wp-content\/uploads\/2024\/05\/\u56fe\u724789-768x215.png 768w, https:\/\/www.xminsulation.com\/wp-content\/uploads\/2024\/05\/\u56fe\u724789-600x168.png 600w\" sizes=\"(max-width: 1000px) 100vw, 1000px\" \/><\/p>\n<p><strong><b>\u7535\u7f06\u63d2\u5934\u5b89\u88c5\u793a\u610f\u56fe<\/b><\/strong><\/p>\n<p><strong><b>Kabel <\/b><\/strong><strong><b>P<\/b><\/strong><strong><b>sjouwen <\/b><\/strong><strong><b>I<\/b><\/strong><strong><b>installatie <\/b><\/strong><strong><b>D<\/b><\/strong><strong><b>diagram<\/b><\/strong><\/p>\n<p><img loading=\"lazy\" decoding=\"async\" class=\"alignnone wp-image-1236 size-full\" src=\"http:\/\/www.xminsulation.com\/wp-content\/uploads\/2024\/05\/\u56fe\u724790.png\" alt=\"\" width=\"860\" height=\"720\" srcset=\"https:\/\/www.xminsulation.com\/wp-content\/uploads\/2024\/05\/\u56fe\u724790.png 860w, https:\/\/www.xminsulation.com\/wp-content\/uploads\/2024\/05\/\u56fe\u724790-300x251.png 300w, https:\/\/www.xminsulation.com\/wp-content\/uploads\/2024\/05\/\u56fe\u724790-768x643.png 768w, https:\/\/www.xminsulation.com\/wp-content\/uploads\/2024\/05\/\u56fe\u724790-600x502.png 600w\" sizes=\"(max-width: 860px) 100vw, 860px\" \/> <img loading=\"lazy\" decoding=\"async\" class=\"alignnone wp-image-1237 size-full\" src=\"http:\/\/www.xminsulation.com\/wp-content\/uploads\/2024\/05\/\u56fe\u724791.png\" alt=\"\" width=\"988\" height=\"468\" srcset=\"https:\/\/www.xminsulation.com\/wp-content\/uploads\/2024\/05\/\u56fe\u724791.png 988w, https:\/\/www.xminsulation.com\/wp-content\/uploads\/2024\/05\/\u56fe\u724791-300x142.png 300w, https:\/\/www.xminsulation.com\/wp-content\/uploads\/2024\/05\/\u56fe\u724791-768x364.png 768w, https:\/\/www.xminsulation.com\/wp-content\/uploads\/2024\/05\/\u56fe\u724791-600x284.png 600w\" sizes=\"(max-width: 988px) 100vw, 988px\" \/><\/p>\n<p><strong><b>Europese <\/b><\/strong><strong><b>C<\/b><\/strong><strong><b>bekwaam <\/b><\/strong><strong><b>B<\/b><\/strong><strong><b>boerderij <\/b><\/strong><strong><b>B<\/b><\/strong><strong><b>os <\/b><\/strong><strong><b>F<\/b><\/strong><strong><b>fundering <\/b><\/strong><strong><b>D<\/b><\/strong><strong><b>diagram<\/b><\/strong><\/p>\n<p><img loading=\"lazy\" decoding=\"async\" class=\"alignnone wp-image-1238 size-full\" src=\"http:\/\/www.xminsulation.com\/wp-content\/uploads\/2024\/05\/\u56fe\u724792.png\" alt=\"\" width=\"622\" height=\"835\" srcset=\"https:\/\/www.xminsulation.com\/wp-content\/uploads\/2024\/05\/\u56fe\u724792.png 622w, https:\/\/www.xminsulation.com\/wp-content\/uploads\/2024\/05\/\u56fe\u724792-223x300.png 223w, https:\/\/www.xminsulation.com\/wp-content\/uploads\/2024\/05\/\u56fe\u724792-600x805.png 600w\" sizes=\"(max-width: 622px) 100vw, 622px\" \/><\/p>\n<p>&nbsp;<\/p>\n<div class=\"wxts\">\n<h2>\u25c6Speciale aanpassingen<\/h2>\n<p>De bovenstaande parameters zijn typische gegevens; als de bestaande stijlen niet aan uw specifieke eisen voldoen, neem dan contact met ons op voor een ontwerp op maat. We beschikken over aanzienlijke gepersonaliseerde ontwikkelings- en productievaardigheden op het gebied van maatwerk, waardoor we op maat gemaakte oplossingen kunnen bieden aan klanten over de hele wereld.<\/p>\n<\/div>\n<p>&nbsp;<\/p>","protected":false},"excerpt":{"rendered":"<p>General Information High-voltage cable branch boxes are widely used for node connections in 10kV, 24kV, and 35kV cable systems. They are the main electrical equipment for gathering and tapping cables after they exit the switch cabinet. The cable joints of the tap box are tightly insulated with high-grade insulated imported rubber and have no exposed [&hellip;]<\/p>","protected":false},"featured_media":1227,"template":"","meta":{"site-sidebar-layout":"default","site-content-layout":"","ast-site-content-layout":"default","site-content-style":"default","site-sidebar-style":"default","ast-global-header-display":"","ast-banner-title-visibility":"","ast-main-header-display":"","ast-hfb-above-header-display":"","ast-hfb-below-header-display":"","ast-hfb-mobile-header-display":"","site-post-title":"","ast-breadcrumbs-content":"","ast-featured-img":"","footer-sml-layout":"","theme-transparent-header-meta":"default","adv-header-id-meta":"","stick-header-meta":"","header-above-stick-meta":"","header-main-stick-meta":"","header-below-stick-meta":"","astra-migrate-meta-layouts":"set","ast-page-background-enabled":"default","ast-page-background-meta":{"desktop":{"background-color":"","background-image":"","background-repeat":"repeat","background-position":"center center","background-size":"auto","background-attachment":"scroll","background-type":"","background-media":"","overlay-type":"","overlay-color":"","overlay-gradient":""},"tablet":{"background-color":"","background-image":"","background-repeat":"repeat","background-position":"center center","background-size":"auto","background-attachment":"scroll","background-type":"","background-media":"","overlay-type":"","overlay-color":"","overlay-gradient":""},"mobile":{"background-color":"","background-image":"","background-repeat":"repeat","background-position":"center center","background-size":"auto","background-attachment":"scroll","background-type":"","background-media":"","overlay-type":"","overlay-color":"","overlay-gradient":""}},"ast-content-background-meta":{"desktop":{"background-color":"var(--ast-global-color-5)","background-image":"","background-repeat":"repeat","background-position":"center center","background-size":"auto","background-attachment":"scroll","background-type":"","background-media":"","overlay-type":"","overlay-color":"","overlay-gradient":""},"tablet":{"background-color":"var(--ast-global-color-5)","background-image":"","background-repeat":"repeat","background-position":"center center","background-size":"auto","background-attachment":"scroll","background-type":"","background-media":"","overlay-type":"","overlay-color":"","overlay-gradient":""},"mobile":{"background-color":"var(--ast-global-color-5)","background-image":"","background-repeat":"repeat","background-position":"center center","background-size":"auto","background-attachment":"scroll","background-type":"","background-media":"","overlay-type":"","overlay-color":"","overlay-gradient":""}}},"product_cat":[40],"product_tag":[],"class_list":{"0":"post-1226","1":"product","2":"type-product","3":"status-publish","4":"has-post-thumbnail","6":"product_cat-10-35kv-high-voltage-cable-branch-box","7":"desktop-align-left","8":"tablet-align-left","9":"mobile-align-left","11":"first","12":"instock","13":"shipping-taxable","14":"product-type-simple"},"_links":{"self":[{"href":"https:\/\/www.xminsulation.com\/nl\/wp-json\/wp\/v2\/product\/1226","targetHints":{"allow":["GET"]}}],"collection":[{"href":"https:\/\/www.xminsulation.com\/nl\/wp-json\/wp\/v2\/product"}],"about":[{"href":"https:\/\/www.xminsulation.com\/nl\/wp-json\/wp\/v2\/types\/product"}],"wp:featuredmedia":[{"embeddable":true,"href":"https:\/\/www.xminsulation.com\/nl\/wp-json\/wp\/v2\/media\/1227"}],"wp:attachment":[{"href":"https:\/\/www.xminsulation.com\/nl\/wp-json\/wp\/v2\/media?parent=1226"}],"wp:term":[{"taxonomy":"product_cat","embeddable":true,"href":"https:\/\/www.xminsulation.com\/nl\/wp-json\/wp\/v2\/product_cat?post=1226"},{"taxonomy":"product_tag","embeddable":true,"href":"https:\/\/www.xminsulation.com\/nl\/wp-json\/wp\/v2\/product_tag?post=1226"}],"curies":[{"name":"wp","href":"https:\/\/api.w.org\/{rel}","templated":true}]}}