{"id":1145,"date":"2024-05-07T09:29:58","date_gmt":"2024-05-07T01:29:58","guid":{"rendered":"http:\/\/www.xminsulation.com\/?post_type=product&#038;p=1145"},"modified":"2024-05-16T10:45:33","modified_gmt":"2024-05-16T02:45:33","slug":"zw32-27kv-outdoor-pole-mounted-vacuum-auto-recloser","status":"publish","type":"product","link":"https:\/\/www.xminsulation.com\/nl\/product\/zw32-27kv-outdoor-pole-mounted-vacuum-auto-recloser\/","title":{"rendered":"ZW32-27kV Buitenpaal gemonteerde vacu\u00fcm automatische hersluiter"},"content":{"rendered":"<p><img fetchpriority=\"high\" decoding=\"async\" class=\"alignnone wp-image-1146 size-full\" src=\"http:\/\/www.xminsulation.com\/wp-content\/uploads\/2024\/05\/\u56fe\u724716-1.png\" alt=\"\" width=\"1000\" height=\"1000\" srcset=\"https:\/\/www.xminsulation.com\/wp-content\/uploads\/2024\/05\/\u56fe\u724716-1.png 1000w, https:\/\/www.xminsulation.com\/wp-content\/uploads\/2024\/05\/\u56fe\u724716-1-300x300.png 300w, https:\/\/www.xminsulation.com\/wp-content\/uploads\/2024\/05\/\u56fe\u724716-1-150x150.png 150w, https:\/\/www.xminsulation.com\/wp-content\/uploads\/2024\/05\/\u56fe\u724716-1-768x768.png 768w, https:\/\/www.xminsulation.com\/wp-content\/uploads\/2024\/05\/\u56fe\u724716-1-600x600.png 600w, https:\/\/www.xminsulation.com\/wp-content\/uploads\/2024\/05\/\u56fe\u724716-1-100x100.png 100w\" sizes=\"(max-width: 1000px) 100vw, 1000px\" \/> <img decoding=\"async\" class=\"alignnone wp-image-1147 size-full\" src=\"http:\/\/www.xminsulation.com\/wp-content\/uploads\/2024\/05\/\u56fe\u724717-1.png\" alt=\"\" width=\"1000\" height=\"646\" srcset=\"https:\/\/www.xminsulation.com\/wp-content\/uploads\/2024\/05\/\u56fe\u724717-1.png 1000w, https:\/\/www.xminsulation.com\/wp-content\/uploads\/2024\/05\/\u56fe\u724717-1-300x194.png 300w, https:\/\/www.xminsulation.com\/wp-content\/uploads\/2024\/05\/\u56fe\u724717-1-768x496.png 768w, https:\/\/www.xminsulation.com\/wp-content\/uploads\/2024\/05\/\u56fe\u724717-1-600x388.png 600w\" sizes=\"(max-width: 1000px) 100vw, 1000px\" \/> <img decoding=\"async\" class=\"alignnone wp-image-1148 size-full\" src=\"http:\/\/www.xminsulation.com\/wp-content\/uploads\/2024\/05\/\u56fe\u724718-1.png\" alt=\"\" width=\"1000\" height=\"851\" srcset=\"https:\/\/www.xminsulation.com\/wp-content\/uploads\/2024\/05\/\u56fe\u724718-1.png 1000w, https:\/\/www.xminsulation.com\/wp-content\/uploads\/2024\/05\/\u56fe\u724718-1-300x255.png 300w, https:\/\/www.xminsulation.com\/wp-content\/uploads\/2024\/05\/\u56fe\u724718-1-768x654.png 768w, https:\/\/www.xminsulation.com\/wp-content\/uploads\/2024\/05\/\u56fe\u724718-1-600x511.png 600w\" sizes=\"(max-width: 1000px) 100vw, 1000px\" \/> <img loading=\"lazy\" decoding=\"async\" class=\"alignnone wp-image-1149 size-full\" src=\"http:\/\/www.xminsulation.com\/wp-content\/uploads\/2024\/05\/\u56fe\u724719-1.png\" alt=\"\" width=\"1000\" height=\"1088\" srcset=\"https:\/\/www.xminsulation.com\/wp-content\/uploads\/2024\/05\/\u56fe\u724719-1.png 1000w, https:\/\/www.xminsulation.com\/wp-content\/uploads\/2024\/05\/\u56fe\u724719-1-276x300.png 276w, https:\/\/www.xminsulation.com\/wp-content\/uploads\/2024\/05\/\u56fe\u724719-1-941x1024.png 941w, https:\/\/www.xminsulation.com\/wp-content\/uploads\/2024\/05\/\u56fe\u724719-1-768x836.png 768w, https:\/\/www.xminsulation.com\/wp-content\/uploads\/2024\/05\/\u56fe\u724719-1-600x653.png 600w\" sizes=\"(max-width: 1000px) 100vw, 1000px\" \/><\/p>\n<p>&nbsp;<\/p>\n<div style=\"width: 1280px;\" class=\"wp-video\"><!--[if lt IE 9]><script>document.createElement('video');<\/script><![endif]-->\n<video class=\"wp-video-shortcode\" id=\"video-1145-1\" width=\"1280\" height=\"624\" preload=\"metadata\" controls=\"controls\"><source type=\"video\/mp4\" src=\"http:\/\/www.xminsulation.com\/wp-content\/uploads\/2024\/05\/dfe2f472338fa698b190eec7d8f1bc65-1.mp4?_=1\" \/><a href=\"http:\/\/www.xminsulation.com\/wp-content\/uploads\/2024\/05\/dfe2f472338fa698b190eec7d8f1bc65-1.mp4\">http:\/\/www.xminsulation.com\/wp-content\/uploads\/2024\/05\/dfe2f472338fa698b190eec7d8f1bc65-1.mp4<\/a><\/video><\/div>\n<h2><strong><b>P<\/b><\/strong><strong><b>product <\/b><\/strong><strong><b>D<\/b><\/strong><strong><b>beschrijving<\/b><\/strong><\/h2>\n<p>ZW32-27kV buiten hoogspanning AC vacu\u00fcm circuit breaker automatische herinschakeling (hierna te noemen &quot;herinschakeling&quot;) past het principe van vacu\u00fcmboogblussing toe. Het is een driefase AC 50Hz\/60Hz buiten hoogspanning schakelapparatuur. Het wordt voornamelijk gebruikt voor landelijke elektriciteitsnetten en stedelijke elektriciteitsnetten. -35kV buitenstroomdistributiesysteem wordt gebruikt om belastingstroom, overbelastingsstroom en kortsluitstroom te verdelen en te combineren; het kan ook op andere soortgelijke plaatsen worden gebruikt. De ZW32-serie buiten AC hoogspanning vacu\u00fcm circuit breaker voldoet aan normen zoals GB 1984 &quot;AC High-Voltage Circuit Breaker&quot; en de International Electrotechnical Commission IEC 60056 &quot;High-Voltage AC Circuit Breaker&quot;.<\/p>\n<p>De recloser gebruikt solide isolatieprocestechnologie om de vacu\u00fcmboogbluskamer, spanningssensor, stroomsensor, nulsequentiestroomsensor, enz. diep te integreren met het hoofdcircuit in de isolerende paal, waardoor het een primaire en secundaire fusie en ge\u00efntegreerde solide ge\u00efsoleerde vacu\u00fcmcircuitonderbreker wordt. Dit product kan worden gebruikt met intelligente controllers om te voldoen aan de functionele vereisten van reclosers, automatische sectionalizers, contactschakelaars en gebruikersgrensschakelaars op distributienetwerklijnen. Tegelijkertijd kan het ook verbinding maken met het centrale hoofdstation via verschillende communicatieprotocollen, GPRS en andere communicatiemethoden om distributienetwerkautomatisering te vormen.<\/p>\n<p>De recloser is een automatische elektrische hoogspanningsschakelaar die tijdelijke en permanente storingen in de lijn kan identificeren, de tijdelijke storing in de lijn automatisch kan verhelpen, de permanent defecte lijn kan isoleren, de stroomtoevoer naar het elektriciteitsnet in niet-defecte gebieden automatisch kan herstellen en langdurige en grote stroomuitval kan voorkomen. , om automatisering van het distributienetwerk te realiseren.<\/p>\n<p>De vacu\u00fcm-recloser maakt gebruik van pole-embedded technologie, een verzegelde vacu\u00fcmfles voor storingsonderbreking en epoxyhars en siliconenrubber voor isolatie. Een permanent magneetmechanisme is geconfigureerd en gecombineerd met een veermechanisme. Wanneer de batterij van het permanent magneetmechanisme leeg is, kunnen de sluit- en openingsbewerkingen worden ingeschakeld via het veermechanisme.<\/p>\n<h2><strong><b>Waarom reclosers gebruiken?<\/b><\/strong><\/h2>\n<p>Reclosers vormen een belangrijke basis voor het bereiken van hoge veiligheid en betrouwbaarheid van buitenluchtleidingen met een gemiddelde spanning en worden door energiebedrijven over de hele wereld beschouwd als belangrijke stroomapparatuur voor het realiseren van feederautomatisering. Het detecteert en onderbreekt foutstroom en herstelt automatisch de service na een tijdelijke stroomuitval. Transi\u00ebnte storingen omvatten transi\u00ebnte circuitafwijkingen veroorzaakt door bliksem, vallende takken, door de wind weggeblazen draden, contact door vogels, enz., maar storingen die automatisch kunnen worden ge\u00eblimineerd.<\/p>\n<p>De intelligente distributie-recloser is een flexibele vacu\u00fcmschakelinstallatie voor buiten die boven een paal of structureel op de grond kan worden ge\u00efnstalleerd. Wanneer er een tijdelijke lijnstoring optreedt, kan deze meerdere keren trippen en opnieuw sluiten (meestal ingesteld op 3 tot 4 keer). Als de storing permanent is, wordt de recloser na een vooraf ingesteld aantal hersluitingen vergrendeld, waardoor het defecte deel wordt ge\u00efsoleerd van het hoofdgedeelte van het systeem om te voorkomen dat de omvang van de storing wordt uitgebreid.<\/p>\n<p>Reclosers besparen veel tijd en geld bij het gebruik en onderhoud van stroom. Het kan de noodzaak minimaliseren dat personeel naar de locatie moet voor inspectie en onderhoud, het stroomuitvalgebied minimaliseren en personeel helpen problemen snel te lokaliseren en de stroomvoorziening te herstellen. Zorg voor een stabiel stroomverbruik in residenti\u00eble, commerci\u00eble, industri\u00eble en openbare faciliteiten en voorkom zware verliezen veroorzaakt door frequente stroomuitval.<\/p>\n<p>Het kan worden aangepast aan elk toepassingsgebied en voldoet aan alle vereisten voor buitengebruik. Het combineert geavanceerde technologie met hoogwaardige technische expertise om de beste oplossingen te bieden en het middenspanningsnetwerk naar digitalisering en intelligentie te leiden.<\/p>\n<p>De op een paal gemonteerde recloser is een distributieschakelaar met hoge prestaties. De voordelen ervan zijn duidelijker bij het waarborgen van de veiligheid van de werking van apparatuur in kustgebieden die worden gekenmerkt door veel zout in de lucht, hoge luchtvochtigheid, ernstige vervuiling en veel vogels.<\/p>\n<h2><strong><b>Eerst en <\/b><\/strong><strong><b>S<\/b><\/strong><strong><b>tweede <\/b><\/strong><strong><b>F<\/b><\/strong><strong><b>gebruik <\/b><\/strong><strong><b>F<\/b><\/strong><strong><b>eten<\/b><\/strong><\/h2>\n<p><strong><b>Primair <\/b><\/strong><strong><b>R<\/b><\/strong><strong><b>afsluiten <\/b><\/strong><strong><b>P<\/b><\/strong><strong><b>kunst:<\/b><\/strong><\/p>\n<ol>\n<li>De recloser neemt een driefasige pijlerstructuur aan, die de kenmerken heeft van stabiele en betrouwbare breekprestaties, geen gevaar voor verbranding en explosie, onderhoudsvrij, klein formaat, lichtgewicht en lange levensduur. Het driefasige primaire circuit is ge\u00efnstalleerd in de isolatiehuls van elke fase. Wanneer een eenfasige storing optreedt, zal dit geen driefasige kortsluiting veroorzaken.<\/li>\n<li>De recloser heeft een volledig omsloten structuur met goede afdichtingsprestaties, wat helpt om de vochtbestendige en anticondensatieprestaties te verbeteren. Het is vooral geschikt voor gebruik in koude of vochtige gebieden.<\/li>\n<li>De vacu\u00fcmboogbluskamer en stroomtransformator zijn ge\u00efsoleerd met vaste epoxyhars voor buiten en bedekt met organische siliconen, die bestand zijn tegen hoge en lage temperaturen, ultraviolette straling en veroudering. Het elimineert kortsluitstoringen veroorzaakt door condensatie en is onderhoudsvrij gedurende 20 jaar. IP65-beschermingsgraad.<\/li>\n<li>Het bedieningsmechanisme maakt gebruik van een permanent magneetmechanisme, dat de kenmerken heeft van een lange elektrische levensduur, betrouwbaar breken en onderhoudsvrij, en heeft meer dan 30.000 schakelbewerkingen. Maakt gebruik van magnetische actuatoren om een leven lang probleemloos te werken. In combinatie met de permanente magneetcontroller kan het worden gebruikt als een automatische detectie, isolatie en alarm voor ringnetwerklijnsegment- en taklijnfouten, de werking van de lijn bewaken en heeft de functie om automatisch de niet-foutieve voeding te herstellen. Schakelconfiguratiemeting, bescherming, controle en communicatiefunctiemodules, om te voldoen aan de vereisten van automatisering van stroomdistributie.<\/li>\n<li>De recloser kan worden uitgerust met een driefasenstroomtransformator van 600:1A of 800:1A voor overstroom- of kortsluitbeveiliging. Het is uitgerust met 6 capacitieve sensoren om spanningssignalen te verzamelen en de secundaire uitgangsspanning is 3,25V\/\u221a3; Het kan ook spannings- en stroomverzamelingssignalen leveren aan intelligente controllers;<\/li>\n<li>De openings- en sluitingshandelingen van de recloser kunnen handmatig of elektrisch en op afstand worden bediend. Wanneer gekoppeld aan een intelligente controller, kan het recloserfuncties realiseren, evenals afstandsbediening, telemetrie, externe signalering en externe aanpassing.<strong style=\"font-size: 16px;\"><b>\u00a0<\/b><\/strong><\/li>\n<\/ol>\n<h2><strong><b>Secundair intelligent controlleronderdeel:<\/b><\/strong><\/h2>\n<ol>\n<li>Voldoet aan de IEC 61850-norm voor plug-and-play.<\/li>\n<li>Het maakt gebruik van een hoogwaardige digitale signaalprocessor en een grootschalige veldprogrammeerbare logische array, heeft krachtige realtime gegevensverwerkingsmogelijkheden en rijke geheugenbronnen en voldoet aan de toepassingsvereisten van geavanceerde toepassingssoftware en communicatie, systeembeheer, mens-computerinteractie en andere functies.<\/li>\n<li>Het kan flexibel worden geconfigureerd volgens de behoeften om de realisatie van &quot;twee afstands&quot; of &quot;drie afstands&quot; functies te vergemakkelijken.<\/li>\n<li>Modulaire en gestandaardiseerde structuur, gebruikmakend van een snelle real-time seri\u00eble bus, flexibele uitbreiding en eenvoudig onderhoud.<\/li>\n<li>Gebaseerd op het real-time Linux-besturingssysteem, hanteert het een hi\u00ebrarchische en modulaire softwarestructuur. Applicaties hebben toegang tot onderliggende bronnen en data via open interfaces, scheiden data van applicaties en ondersteunen dynamisch laden en lossen van applicaties. Applicaties zijn plug-and-play. Bied een uniform ondersteuningsplatform voor verschillende slimme distributienetwerkapplicaties.<\/li>\n<li>Zorg voor een pc-achtige softwareontwikkelomgeving, waarmee u eenvoudig nieuwe applicatiesoftware kunt openen en nieuwe applicatiefuncties kunt toevoegen.<\/li>\n<li>Software- en hardwareredundantieontwerp, met een sterke fouttolerantie, zelfdiagnose en zelfherstelmogelijkheden.<\/li>\n<li>De communicatie-interface is standaard en compleet en voldoet aan de behoeften van lokale verbindingen, lokaal onderhoud en communicatie op afstand.<\/li>\n<li>Chip van industri\u00eble kwaliteit, aanpasbaar aan een breed bereik aan omgevingstemperaturen (-40~+85\u2103).<\/li>\n<li>Uniek structureel ontwerp, met goede regenbestendige, vochtwerende, anti-aangroei-, anti-vibratie- en ventilatie- en warmteafvoerende eigenschappen.<\/li>\n<li>Strikte bliksembeveiliging en anti-elektromagnetische interferentie-ontwerp, het anti-interferentievermogen voldoet aan de eisen van IEC-norm IV.<\/li>\n<\/ol>\n<p><img loading=\"lazy\" decoding=\"async\" class=\"alignnone wp-image-1150 size-full\" src=\"http:\/\/www.xminsulation.com\/wp-content\/uploads\/2024\/05\/\u56fe\u724720-1.png\" alt=\"\" width=\"694\" height=\"738\" srcset=\"https:\/\/www.xminsulation.com\/wp-content\/uploads\/2024\/05\/\u56fe\u724720-1.png 694w, https:\/\/www.xminsulation.com\/wp-content\/uploads\/2024\/05\/\u56fe\u724720-1-282x300.png 282w, https:\/\/www.xminsulation.com\/wp-content\/uploads\/2024\/05\/\u56fe\u724720-1-600x638.png 600w\" sizes=\"(max-width: 694px) 100vw, 694px\" \/> <img loading=\"lazy\" decoding=\"async\" class=\"alignnone wp-image-1151 size-full\" src=\"http:\/\/www.xminsulation.com\/wp-content\/uploads\/2024\/05\/\u56fe\u724721-1.png\" alt=\"\" width=\"694\" height=\"498\" srcset=\"https:\/\/www.xminsulation.com\/wp-content\/uploads\/2024\/05\/\u56fe\u724721-1.png 694w, https:\/\/www.xminsulation.com\/wp-content\/uploads\/2024\/05\/\u56fe\u724721-1-300x215.png 300w, https:\/\/www.xminsulation.com\/wp-content\/uploads\/2024\/05\/\u56fe\u724721-1-600x431.png 600w\" sizes=\"(max-width: 694px) 100vw, 694px\" \/> <img loading=\"lazy\" decoding=\"async\" class=\"alignnone wp-image-1152 size-full\" src=\"http:\/\/www.xminsulation.com\/wp-content\/uploads\/2024\/05\/\u56fe\u724722-1.png\" alt=\"\" width=\"694\" height=\"762\" srcset=\"https:\/\/www.xminsulation.com\/wp-content\/uploads\/2024\/05\/\u56fe\u724722-1.png 694w, https:\/\/www.xminsulation.com\/wp-content\/uploads\/2024\/05\/\u56fe\u724722-1-273x300.png 273w, https:\/\/www.xminsulation.com\/wp-content\/uploads\/2024\/05\/\u56fe\u724722-1-600x659.png 600w\" sizes=\"(max-width: 694px) 100vw, 694px\" \/><\/p>\n<h2><strong><b>Gebruiksvoorwaarden<\/b><\/strong><\/h2>\n<ol>\n<li>Omgevingstemperatuur: -40\u2103\uff5e+60\u2103;<\/li>\n<li>Hoogte: maximaal 2.000 meter;<\/li>\n<li>De omringende lucht kan verontreinigd zijn door stof, rook, bijtende gassen, stoom of zoutnevel;<\/li>\n<li>De windsnelheid bedraagt niet meer dan 34 m\/s (equivalent aan 700 Pa op het cilinderoppervlak);<\/li>\n<li>Trillingen of grondbewegingen van schakel- en regelapparatuur kunnen worden genegeerd;<\/li>\n<li>Verontreinigingsniveau: Niveau III.<\/li>\n<li>Indien de bovenstaande normale gebruiksvoorwaarden worden overschreden, dient de gebruiker met de fabrikant te onderhandelen.<\/li>\n<\/ol>\n<h2><strong><b>Verschijning <\/b><\/strong><strong><b>S<\/b><\/strong><strong><b>grootte en <\/b><\/strong><strong><b>P<\/b><\/strong><strong><b>product <\/b><\/strong><strong><b>S<\/b><\/strong><strong><b>structuur<\/b><\/strong><\/h2>\n<p><img loading=\"lazy\" decoding=\"async\" class=\"alignnone wp-image-1153 size-full\" src=\"http:\/\/www.xminsulation.com\/wp-content\/uploads\/2024\/05\/\u56fe\u724723-1.png\" alt=\"\" width=\"1000\" height=\"707\" srcset=\"https:\/\/www.xminsulation.com\/wp-content\/uploads\/2024\/05\/\u56fe\u724723-1.png 1000w, https:\/\/www.xminsulation.com\/wp-content\/uploads\/2024\/05\/\u56fe\u724723-1-300x212.png 300w, https:\/\/www.xminsulation.com\/wp-content\/uploads\/2024\/05\/\u56fe\u724723-1-768x543.png 768w, https:\/\/www.xminsulation.com\/wp-content\/uploads\/2024\/05\/\u56fe\u724723-1-600x424.png 600w\" sizes=\"(max-width: 1000px) 100vw, 1000px\" \/><\/p>\n<h2><strong><b>Intern <\/b><\/strong><strong><b>S<\/b><\/strong><strong><b>structuur <\/b><\/strong><strong><b>D<\/b><\/strong><strong><b>diagram<\/b><\/strong><\/h2>\n<p><img loading=\"lazy\" decoding=\"async\" class=\"alignnone wp-image-1154 size-full\" src=\"http:\/\/www.xminsulation.com\/wp-content\/uploads\/2024\/05\/\u56fe\u724724.jpg\" alt=\"\" width=\"1337\" height=\"1536\" srcset=\"https:\/\/www.xminsulation.com\/wp-content\/uploads\/2024\/05\/\u56fe\u724724.jpg 1337w, https:\/\/www.xminsulation.com\/wp-content\/uploads\/2024\/05\/\u56fe\u724724-261x300.jpg 261w, https:\/\/www.xminsulation.com\/wp-content\/uploads\/2024\/05\/\u56fe\u724724-891x1024.jpg 891w, https:\/\/www.xminsulation.com\/wp-content\/uploads\/2024\/05\/\u56fe\u724724-768x882.jpg 768w, https:\/\/www.xminsulation.com\/wp-content\/uploads\/2024\/05\/\u56fe\u724724-600x689.jpg 600w\" sizes=\"(max-width: 1337px) 100vw, 1337px\" \/><\/p>\n<ul>\n<li>Vacu\u00fcmonderbreker.<\/li>\n<li>\u7535\u6d41\u4e92\u611f\u5668Huidige transformator.<\/li>\n<li>Ge\u00efntegreerde spanningssensor.<\/li>\n<li>Ge\u00efsoleerde trekstang.<\/li>\n<li>U kunt ook Manual OFF gebruiken.<\/li>\n<li>\u6c38\u78c1\u673a\u6784Permanente magnetische actuator.<\/li>\n<li>AAN\/UIT-indicator.<\/li>\n<li>\u63a7\u5236\u5668\u7535\u7f06\u63d2\u5ea7Besturingskabelcontact.<\/li>\n<li>\u63a5\u5730\u7aef\u5b50<\/li>\n<\/ul>\n<h2><strong><b>Hersluiter <\/b><\/strong><strong><b>C<\/b><\/strong><strong><b>controleur<\/b><\/strong><\/h2>\n<p>De recloser controller integreert microprocessing technologie en moderne netwerkcommunicatietechnologie. Het ondersteunt een verscheidenheid aan communicatieprotocollen en maakt de selectie van meerdere communicatiemethoden mogelijk om een communicatienetwerk te vormen. De switch kan lokaal handmatig of op afstand worden bediend, of op afstand worden aangestuurd via het communicatienetwerk. Als het is uitgerust met een overeenkomstig recloser of segmentatiecontroleapparaat, kan het worden gebruikt als een recloser of segmentatieapparaat.<\/p>\n<h2><strong><b>Schematisch <\/b><\/strong><strong><b>D<\/b><\/strong><strong><b>diagram van <\/b><\/strong><strong><b>C<\/b><\/strong><strong><b>verbinding <\/b><\/strong><strong><b>B<\/b><\/strong><strong><b>tussen <\/b><\/strong><strong><b>R<\/b><\/strong><strong><b>ecloser en <\/b><\/strong><strong><b>C<\/b><\/strong><strong><b>controleur<\/b><\/strong><\/h2>\n<p><img loading=\"lazy\" decoding=\"async\" class=\"alignnone wp-image-1155 size-full\" src=\"http:\/\/www.xminsulation.com\/wp-content\/uploads\/2024\/05\/\u56fe\u724725.jpg\" alt=\"\" width=\"1000\" height=\"1147\" srcset=\"https:\/\/www.xminsulation.com\/wp-content\/uploads\/2024\/05\/\u56fe\u724725.jpg 1000w, https:\/\/www.xminsulation.com\/wp-content\/uploads\/2024\/05\/\u56fe\u724725-262x300.jpg 262w, https:\/\/www.xminsulation.com\/wp-content\/uploads\/2024\/05\/\u56fe\u724725-893x1024.jpg 893w, https:\/\/www.xminsulation.com\/wp-content\/uploads\/2024\/05\/\u56fe\u724725-768x881.jpg 768w, https:\/\/www.xminsulation.com\/wp-content\/uploads\/2024\/05\/\u56fe\u724725-600x688.jpg 600w\" sizes=\"(max-width: 1000px) 100vw, 1000px\" \/> <img loading=\"lazy\" decoding=\"async\" class=\"alignnone wp-image-1156 size-full\" src=\"http:\/\/www.xminsulation.com\/wp-content\/uploads\/2024\/05\/\u56fe\u724726-1.png\" alt=\"\" width=\"563\" height=\"843\" srcset=\"https:\/\/www.xminsulation.com\/wp-content\/uploads\/2024\/05\/\u56fe\u724726-1.png 563w, https:\/\/www.xminsulation.com\/wp-content\/uploads\/2024\/05\/\u56fe\u724726-1-200x300.png 200w\" sizes=\"(max-width: 563px) 100vw, 563px\" \/><\/p>\n<h2><strong><b>Installatie<\/b><\/strong><\/h2>\n<p><img loading=\"lazy\" decoding=\"async\" class=\"alignnone wp-image-1157 size-full\" src=\"http:\/\/www.xminsulation.com\/wp-content\/uploads\/2024\/05\/\u56fe\u724727-1.png\" alt=\"\" width=\"1064\" height=\"878\" srcset=\"https:\/\/www.xminsulation.com\/wp-content\/uploads\/2024\/05\/\u56fe\u724727-1.png 1064w, https:\/\/www.xminsulation.com\/wp-content\/uploads\/2024\/05\/\u56fe\u724727-1-300x248.png 300w, https:\/\/www.xminsulation.com\/wp-content\/uploads\/2024\/05\/\u56fe\u724727-1-1024x845.png 1024w, https:\/\/www.xminsulation.com\/wp-content\/uploads\/2024\/05\/\u56fe\u724727-1-768x634.png 768w, https:\/\/www.xminsulation.com\/wp-content\/uploads\/2024\/05\/\u56fe\u724727-1-600x495.png 600w\" sizes=\"(max-width: 1064px) 100vw, 1064px\" \/> <img loading=\"lazy\" decoding=\"async\" class=\"alignnone wp-image-1158 size-full\" src=\"http:\/\/www.xminsulation.com\/wp-content\/uploads\/2024\/05\/\u56fe\u724728-1.png\" alt=\"\" width=\"750\" height=\"851\" srcset=\"https:\/\/www.xminsulation.com\/wp-content\/uploads\/2024\/05\/\u56fe\u724728-1.png 750w, https:\/\/www.xminsulation.com\/wp-content\/uploads\/2024\/05\/\u56fe\u724728-1-264x300.png 264w, https:\/\/www.xminsulation.com\/wp-content\/uploads\/2024\/05\/\u56fe\u724728-1-600x681.png 600w\" sizes=\"(max-width: 750px) 100vw, 750px\" \/><\/p>\n<h2><\/h2>\n<div class=\"wxts\">\n<h2>\u25c6Speciale aanpassingen<\/h2>\n<p>De bovenstaande parameters zijn typische gegevens; als de bestaande stijlen niet aan uw specifieke eisen voldoen, neem dan contact met ons op voor een ontwerp op maat. We beschikken over aanzienlijke gepersonaliseerde ontwikkelings- en productievaardigheden op het gebied van maatwerk, waardoor we op maat gemaakte oplossingen kunnen bieden aan klanten over de hele wereld.<\/p>\n<\/div>","protected":false},"excerpt":{"rendered":"<p>&nbsp; Product Description ZW32-27kV outdoor high-voltage AC vacuum circuit breaker automatic recloser (hereinafter referred to as &#8220;recloser&#8221;) adopts the principle of vacuum arc extinguishing. It is a three-phase AC 50Hz\/60Hz outdoor high-voltage switchgear. It is mainly used for rural power grids and urban power grids. -35kV outdoor power distribution system is used to divide and [&hellip;]<\/p>","protected":false},"featured_media":1814,"template":"","meta":{"site-sidebar-layout":"default","site-content-layout":"","ast-site-content-layout":"default","site-content-style":"default","site-sidebar-style":"default","ast-global-header-display":"","ast-banner-title-visibility":"","ast-main-header-display":"","ast-hfb-above-header-display":"","ast-hfb-below-header-display":"","ast-hfb-mobile-header-display":"","site-post-title":"","ast-breadcrumbs-content":"","ast-featured-img":"","footer-sml-layout":"","theme-transparent-header-meta":"default","adv-header-id-meta":"","stick-header-meta":"","header-above-stick-meta":"","header-main-stick-meta":"","header-below-stick-meta":"","astra-migrate-meta-layouts":"set","ast-page-background-enabled":"default","ast-page-background-meta":{"desktop":{"background-color":"","background-image":"","background-repeat":"repeat","background-position":"center center","background-size":"auto","background-attachment":"scroll","background-type":"","background-media":"","overlay-type":"","overlay-color":"","overlay-gradient":""},"tablet":{"background-color":"","background-image":"","background-repeat":"repeat","background-position":"center center","background-size":"auto","background-attachment":"scroll","background-type":"","background-media":"","overlay-type":"","overlay-color":"","overlay-gradient":""},"mobile":{"background-color":"","background-image":"","background-repeat":"repeat","background-position":"center center","background-size":"auto","background-attachment":"scroll","background-type":"","background-media":"","overlay-type":"","overlay-color":"","overlay-gradient":""}},"ast-content-background-meta":{"desktop":{"background-color":"var(--ast-global-color-5)","background-image":"","background-repeat":"repeat","background-position":"center center","background-size":"auto","background-attachment":"scroll","background-type":"","background-media":"","overlay-type":"","overlay-color":"","overlay-gradient":""},"tablet":{"background-color":"var(--ast-global-color-5)","background-image":"","background-repeat":"repeat","background-position":"center center","background-size":"auto","background-attachment":"scroll","background-type":"","background-media":"","overlay-type":"","overlay-color":"","overlay-gradient":""},"mobile":{"background-color":"var(--ast-global-color-5)","background-image":"","background-repeat":"repeat","background-position":"center center","background-size":"auto","background-attachment":"scroll","background-type":"","background-media":"","overlay-type":"","overlay-color":"","overlay-gradient":""}}},"product_cat":[24],"product_tag":[],"class_list":{"0":"post-1145","1":"product","2":"type-product","3":"status-publish","4":"has-post-thumbnail","6":"product_cat-10-40-5kv-outdoor-pole-mounted-vacuum-auto-recloser","7":"desktop-align-left","8":"tablet-align-left","9":"mobile-align-left","11":"first","12":"instock","13":"shipping-taxable","14":"product-type-simple"},"_links":{"self":[{"href":"https:\/\/www.xminsulation.com\/nl\/wp-json\/wp\/v2\/product\/1145","targetHints":{"allow":["GET"]}}],"collection":[{"href":"https:\/\/www.xminsulation.com\/nl\/wp-json\/wp\/v2\/product"}],"about":[{"href":"https:\/\/www.xminsulation.com\/nl\/wp-json\/wp\/v2\/types\/product"}],"wp:featuredmedia":[{"embeddable":true,"href":"https:\/\/www.xminsulation.com\/nl\/wp-json\/wp\/v2\/media\/1814"}],"wp:attachment":[{"href":"https:\/\/www.xminsulation.com\/nl\/wp-json\/wp\/v2\/media?parent=1145"}],"wp:term":[{"taxonomy":"product_cat","embeddable":true,"href":"https:\/\/www.xminsulation.com\/nl\/wp-json\/wp\/v2\/product_cat?post=1145"},{"taxonomy":"product_tag","embeddable":true,"href":"https:\/\/www.xminsulation.com\/nl\/wp-json\/wp\/v2\/product_tag?post=1145"}],"curies":[{"name":"wp","href":"https:\/\/api.w.org\/{rel}","templated":true}]}}