{"id":886,"date":"2024-04-29T08:56:33","date_gmt":"2024-04-29T00:56:33","guid":{"rendered":"http:\/\/www.xminsulation.com\/?post_type=product&#038;p=886"},"modified":"2024-05-23T21:40:30","modified_gmt":"2024-05-23T13:40:30","slug":"40-5kv-1250a-indoor-sf6-vacuum-circuit-breaker-switch","status":"publish","type":"product","link":"https:\/\/www.xminsulation.com\/it\/product\/40-5kv-1250a-indoor-sf6-vacuum-circuit-breaker-switch\/","title":{"rendered":"Interruttore automatico sottovuoto SF6 per interni da 40,5 kV-1250 A"},"content":{"rendered":"<p><img fetchpriority=\"high\" decoding=\"async\" class=\"alignnone wp-image-887 size-full\" src=\"\/wp-content\/uploads\/2024\/04\/\u56fe\u72472.png\" alt=\"\" width=\"1383\" height=\"1248\" srcset=\"https:\/\/www.xminsulation.com\/wp-content\/uploads\/2024\/04\/\u56fe\u72472.png 1383w, https:\/\/www.xminsulation.com\/wp-content\/uploads\/2024\/04\/\u56fe\u72472-300x271.png 300w, https:\/\/www.xminsulation.com\/wp-content\/uploads\/2024\/04\/\u56fe\u72472-1024x924.png 1024w, https:\/\/www.xminsulation.com\/wp-content\/uploads\/2024\/04\/\u56fe\u72472-768x693.png 768w, https:\/\/www.xminsulation.com\/wp-content\/uploads\/2024\/04\/\u56fe\u72472-600x541.png 600w\" sizes=\"(max-width: 1383px) 100vw, 1383px\" \/> <img decoding=\"async\" class=\"alignnone wp-image-888 size-full\" src=\"\/wp-content\/uploads\/2024\/04\/\u56fe\u72473.png\" alt=\"\" width=\"988\" height=\"1013\" srcset=\"https:\/\/www.xminsulation.com\/wp-content\/uploads\/2024\/04\/\u56fe\u72473.png 988w, https:\/\/www.xminsulation.com\/wp-content\/uploads\/2024\/04\/\u56fe\u72473-293x300.png 293w, https:\/\/www.xminsulation.com\/wp-content\/uploads\/2024\/04\/\u56fe\u72473-768x787.png 768w, https:\/\/www.xminsulation.com\/wp-content\/uploads\/2024\/04\/\u56fe\u72473-600x615.png 600w\" sizes=\"(max-width: 988px) 100vw, 988px\" \/><\/p>\n<h2><strong><b>Informazioni generali<\/b><\/strong><\/h2>\n<p>Interruttore automatico sottovuoto SF6 per interni da 40,5 kV-1250 A con interruttore di isolamento inferiore, adatto per il controllo e la protezione di sistemi di trasmissione e distribuzione di energia a 35 kV, utilizzato per l&#039;interruzione e la chiusura della corrente di carico e l&#039;interruzione della corrente di cortocircuito. Adotta un design modulare e presenta le caratteristiche di struttura compatta, buone prestazioni di interruzione, elevata affidabilit\u00e0, lunga durata, completamente isolato, esente da manutenzione, ingombro ridotto e pu\u00f2 essere ampiamente utilizzato in reti ad anello industriali, civili e reti di alimentazione terminali. \u00c8 particolarmente adatto per piccole stazioni di distribuzione di energia secondaria, stazioni di commutazione, imprese industriali e minerarie, aeroporti, ferrovie, autostrade, metropolitane, quartieri commerciali, alloggi, energia eolica, fotovoltaica e altri settori.<\/p>\n<h2><strong><b>Utilizzo <\/b><\/strong><strong><b>E<\/b><\/strong><strong><b>ambientale <\/b><\/strong><strong><b>C<\/b><\/strong><strong><b>condizioni<\/b><\/strong><\/h2>\n<ol>\n<li>Luogo di installazione: all&#039;interno della scatola del filtro dell&#039;aria.<\/li>\n<li>Temperatura ambiente (\u2103): -20~+40.<\/li>\n<li>Altitudine (m): \u22642500.<\/li>\n<li>Umidit\u00e0 dell&#039;aria (%): la media giornaliera non \u00e8 superiore a 95% e quella mensile non \u00e8 superiore a 90%.<\/li>\n<li>Altri requisiti: non infiammabile, esplosivo, soggetto a grave inquinamento, corrosione chimica e forti vibrazioni.<\/li>\n<\/ol>\n<p><img decoding=\"async\" class=\"alignnone wp-image-889 size-full\" src=\"\/wp-content\/uploads\/2024\/04\/\u56fe\u72474.png\" alt=\"\" width=\"834\" height=\"764\" srcset=\"https:\/\/www.xminsulation.com\/wp-content\/uploads\/2024\/04\/\u56fe\u72474.png 834w, https:\/\/www.xminsulation.com\/wp-content\/uploads\/2024\/04\/\u56fe\u72474-300x275.png 300w, https:\/\/www.xminsulation.com\/wp-content\/uploads\/2024\/04\/\u56fe\u72474-768x704.png 768w, https:\/\/www.xminsulation.com\/wp-content\/uploads\/2024\/04\/\u56fe\u72474-600x550.png 600w\" sizes=\"(max-width: 834px) 100vw, 834px\" \/><\/p>\n<p><strong><b>Dimensioni dell&#039;interruttore automatico con interruttore di isolamento inferiore<\/b><\/strong><\/p>\n<p><img loading=\"lazy\" decoding=\"async\" class=\"alignnone wp-image-890 size-full\" src=\"\/wp-content\/uploads\/2024\/04\/\u56fe\u72475.png\" alt=\"\" width=\"1820\" height=\"768\" srcset=\"https:\/\/www.xminsulation.com\/wp-content\/uploads\/2024\/04\/\u56fe\u72475.png 1820w, https:\/\/www.xminsulation.com\/wp-content\/uploads\/2024\/04\/\u56fe\u72475-300x127.png 300w, https:\/\/www.xminsulation.com\/wp-content\/uploads\/2024\/04\/\u56fe\u72475-1024x432.png 1024w, https:\/\/www.xminsulation.com\/wp-content\/uploads\/2024\/04\/\u56fe\u72475-768x324.png 768w, https:\/\/www.xminsulation.com\/wp-content\/uploads\/2024\/04\/\u56fe\u72475-1536x648.png 1536w, https:\/\/www.xminsulation.com\/wp-content\/uploads\/2024\/04\/\u56fe\u72475-600x253.png 600w\" sizes=\"(max-width: 1820px) 100vw, 1820px\" \/><\/p>\n<p><strong><b>Serbatoio del gas con interruttore di isolamento inferiore<\/b><\/strong><\/p>\n<p><img loading=\"lazy\" decoding=\"async\" class=\"alignnone wp-image-891 size-full\" src=\"\/wp-content\/uploads\/2024\/04\/\u56fe\u72476.png\" alt=\"\" width=\"712\" height=\"663\" srcset=\"https:\/\/www.xminsulation.com\/wp-content\/uploads\/2024\/04\/\u56fe\u72476.png 712w, https:\/\/www.xminsulation.com\/wp-content\/uploads\/2024\/04\/\u56fe\u72476-300x279.png 300w, https:\/\/www.xminsulation.com\/wp-content\/uploads\/2024\/04\/\u56fe\u72476-600x559.png 600w\" sizes=\"(max-width: 712px) 100vw, 712px\" \/><\/p>\n<h2 class=\"wxts\">\u25c6Personalizzazione speciale<\/h2>\n<p>I parametri sopra indicati sono dati tipici; se gli stili esistenti non soddisfano le tue richieste specifiche, contattaci per un design personalizzato. Disponiamo di significative capacit\u00e0 di sviluppo e produzione di personalizzazioni personalizzate, che ci consentono di fornire soluzioni su misura a clienti in tutto il mondo.<\/p>","protected":false},"excerpt":{"rendered":"<p>General Information 40.5kV-1250A Indoor SF6 Vacuum Circuit Breaker Switch With Lower Isolation Switch, suitable for control and protection of 35kV power transmission and distribution system, used for breaking and closing load current, breaking short-circuit current. It adopts modular design and has the characteristics of compact structure, good breaking performance, high reliability, long life, fully insulated, [&hellip;]<\/p>","protected":false},"featured_media":888,"template":"","meta":{"site-sidebar-layout":"default","site-content-layout":"","ast-site-content-layout":"default","site-content-style":"default","site-sidebar-style":"default","ast-global-header-display":"","ast-banner-title-visibility":"","ast-main-header-display":"","ast-hfb-above-header-display":"","ast-hfb-below-header-display":"","ast-hfb-mobile-header-display":"","site-post-title":"","ast-breadcrumbs-content":"","ast-featured-img":"","footer-sml-layout":"","theme-transparent-header-meta":"default","adv-header-id-meta":"","stick-header-meta":"","header-above-stick-meta":"","header-main-stick-meta":"","header-below-stick-meta":"","astra-migrate-meta-layouts":"set","ast-page-background-enabled":"default","ast-page-background-meta":{"desktop":{"background-color":"","background-image":"","background-repeat":"repeat","background-position":"center center","background-size":"auto","background-attachment":"scroll","background-type":"","background-media":"","overlay-type":"","overlay-color":"","overlay-gradient":""},"tablet":{"background-color":"","background-image":"","background-repeat":"repeat","background-position":"center center","background-size":"auto","background-attachment":"scroll","background-type":"","background-media":"","overlay-type":"","overlay-color":"","overlay-gradient":""},"mobile":{"background-color":"","background-image":"","background-repeat":"repeat","background-position":"center center","background-size":"auto","background-attachment":"scroll","background-type":"","background-media":"","overlay-type":"","overlay-color":"","overlay-gradient":""}},"ast-content-background-meta":{"desktop":{"background-color":"var(--ast-global-color-5)","background-image":"","background-repeat":"repeat","background-position":"center center","background-size":"auto","background-attachment":"scroll","background-type":"","background-media":"","overlay-type":"","overlay-color":"","overlay-gradient":""},"tablet":{"background-color":"var(--ast-global-color-5)","background-image":"","background-repeat":"repeat","background-position":"center center","background-size":"auto","background-attachment":"scroll","background-type":"","background-media":"","overlay-type":"","overlay-color":"","overlay-gradient":""},"mobile":{"background-color":"var(--ast-global-color-5)","background-image":"","background-repeat":"repeat","background-position":"center center","background-size":"auto","background-attachment":"scroll","background-type":"","background-media":"","overlay-type":"","overlay-color":"","overlay-gradient":""}}},"product_cat":[31],"product_tag":[],"class_list":{"0":"post-886","1":"product","2":"type-product","3":"status-publish","4":"has-post-thumbnail","6":"product_cat-10-40-5kv-indoor-sf6-circuit-breaker-switch","7":"desktop-align-left","8":"tablet-align-left","9":"mobile-align-left","11":"first","12":"instock","13":"shipping-taxable","14":"product-type-simple"},"_links":{"self":[{"href":"https:\/\/www.xminsulation.com\/it\/wp-json\/wp\/v2\/product\/886","targetHints":{"allow":["GET"]}}],"collection":[{"href":"https:\/\/www.xminsulation.com\/it\/wp-json\/wp\/v2\/product"}],"about":[{"href":"https:\/\/www.xminsulation.com\/it\/wp-json\/wp\/v2\/types\/product"}],"wp:featuredmedia":[{"embeddable":true,"href":"https:\/\/www.xminsulation.com\/it\/wp-json\/wp\/v2\/media\/888"}],"wp:attachment":[{"href":"https:\/\/www.xminsulation.com\/it\/wp-json\/wp\/v2\/media?parent=886"}],"wp:term":[{"taxonomy":"product_cat","embeddable":true,"href":"https:\/\/www.xminsulation.com\/it\/wp-json\/wp\/v2\/product_cat?post=886"},{"taxonomy":"product_tag","embeddable":true,"href":"https:\/\/www.xminsulation.com\/it\/wp-json\/wp\/v2\/product_tag?post=886"}],"curies":[{"name":"wp","href":"https:\/\/api.w.org\/{rel}","templated":true}]}}