{"id":4081,"date":"2025-07-19T10:47:57","date_gmt":"2025-07-19T02:47:57","guid":{"rendered":"https:\/\/www.xminsulation.com\/?post_type=product&#038;p=4081"},"modified":"2025-07-19T10:47:58","modified_gmt":"2025-07-19T02:47:58","slug":"indoor-sf6-load-break-switch-lbs-sm6-type-cubicle-with-vcb","status":"publish","type":"product","link":"https:\/\/www.xminsulation.com\/it\/product\/indoor-sf6-load-break-switch-lbs-sm6-type-cubicle-with-vcb\/","title":{"rendered":"Interruttore di carico SF6 per interni LBS tipo SM6 con VCB"},"content":{"rendered":"<p><img fetchpriority=\"high\" decoding=\"async\" class=\"size-full wp-image-4082 aligncenter\" src=\"https:\/\/www.xminsulation.com\/wp-content\/uploads\/2025\/07\/\u56fe\u724740-1.png\" alt=\"\" width=\"892\" height=\"1452\" srcset=\"https:\/\/www.xminsulation.com\/wp-content\/uploads\/2025\/07\/\u56fe\u724740-1.png 892w, https:\/\/www.xminsulation.com\/wp-content\/uploads\/2025\/07\/\u56fe\u724740-1-184x300.png 184w, https:\/\/www.xminsulation.com\/wp-content\/uploads\/2025\/07\/\u56fe\u724740-1-629x1024.png 629w, https:\/\/www.xminsulation.com\/wp-content\/uploads\/2025\/07\/\u56fe\u724740-1-768x1250.png 768w, https:\/\/www.xminsulation.com\/wp-content\/uploads\/2025\/07\/\u56fe\u724740-1-7x12.png 7w, https:\/\/www.xminsulation.com\/wp-content\/uploads\/2025\/07\/\u56fe\u724740-1-600x977.png 600w\" sizes=\"(max-width: 892px) 100vw, 892px\" \/> <img decoding=\"async\" class=\"size-full wp-image-4083 aligncenter\" src=\"https:\/\/www.xminsulation.com\/wp-content\/uploads\/2025\/07\/\u56fe\u724741-1.png\" alt=\"\" width=\"671\" height=\"1184\" srcset=\"https:\/\/www.xminsulation.com\/wp-content\/uploads\/2025\/07\/\u56fe\u724741-1.png 671w, https:\/\/www.xminsulation.com\/wp-content\/uploads\/2025\/07\/\u56fe\u724741-1-170x300.png 170w, https:\/\/www.xminsulation.com\/wp-content\/uploads\/2025\/07\/\u56fe\u724741-1-580x1024.png 580w, https:\/\/www.xminsulation.com\/wp-content\/uploads\/2025\/07\/\u56fe\u724741-1-7x12.png 7w, https:\/\/www.xminsulation.com\/wp-content\/uploads\/2025\/07\/\u56fe\u724741-1-600x1059.png 600w\" sizes=\"(max-width: 671px) 100vw, 671px\" \/> <img decoding=\"async\" class=\"size-full wp-image-4084 aligncenter\" src=\"https:\/\/www.xminsulation.com\/wp-content\/uploads\/2025\/07\/\u56fe\u724742-1.png\" alt=\"\" width=\"981\" height=\"754\" srcset=\"https:\/\/www.xminsulation.com\/wp-content\/uploads\/2025\/07\/\u56fe\u724742-1.png 981w, https:\/\/www.xminsulation.com\/wp-content\/uploads\/2025\/07\/\u56fe\u724742-1-300x231.png 300w, https:\/\/www.xminsulation.com\/wp-content\/uploads\/2025\/07\/\u56fe\u724742-1-768x590.png 768w, https:\/\/www.xminsulation.com\/wp-content\/uploads\/2025\/07\/\u56fe\u724742-1-16x12.png 16w, https:\/\/www.xminsulation.com\/wp-content\/uploads\/2025\/07\/\u56fe\u724742-1-600x461.png 600w\" sizes=\"(max-width: 981px) 100vw, 981px\" \/><\/p>\n<h2><strong><b>Panoramica<\/b><\/strong><\/h2>\n<p>I cubicoli tipo SM6 sono progettati per installazioni interne.<\/p>\n<p>Ideale per centrali elettriche e apparecchiature elettriche industriali alimentate da rete ad anello o terminale trifase CA 50Hz\/60Hz. Viene utilizzato come protezione della linea di controllo del carico per sistemi di alimentazione MT da 10kV a 40,5kV. L&#039;interruttore di carico commuta la corrente di carico, la corrente a circuito chiuso, la corrente del trasformatore a vuoto e la corrente di carica del cavo; l&#039;apparecchio elettrico combinato pu\u00f2 interrompere qualsiasi corrente fino alla corrente di interruzione di cortocircuito nominale ed \u00e8 adatto per set completi di apparecchiature elettriche come unit\u00e0 di rete ad anello e sottostazioni a scatola.<\/p>\n<p>\u00c8 particolarmente adatto per la distribuzione di energia nelle aree residenziali urbane, piccole sottostazioni secondarie, centralini, aziende industriali e minerarie, grandi centri commerciali, aeroporti, metropolitane, ospedali, stadi e altri luoghi.<\/p>\n<p>Le dimensioni compatte sono: larghezza da 375 mm a 750 mm; altezza 1600 mm; profondit\u00e0 840 mm. Questo ne facilita l&#039;installazione in piccoli ambienti o sottostazioni prefabbricate.<\/p>\n<h2><strong><b>Caratteristica chiave<\/b><\/strong><strong><b>S<\/b><\/strong><\/h2>\n<ul>\n<li>Design compatto e tipo testato.<\/li>\n<li>Elevata sicurezza dell&#039;operatore, elevata affidabilit\u00e0 operativa.<\/li>\n<li>Il design modulare consente possibilit\u00e0 di installazione illimitate.<\/li>\n<li>Costi di manutenzione inferiori.<\/li>\n<li>Adatto per il controllo e il monitoraggio a distanza.<\/li>\n<li>Rispettare le norme IEC ed EN pertinenti.<\/li>\n<\/ul>\n<h2><strong><b>Sicurezza<\/b><\/strong><\/h2>\n<p>&nbsp;<\/p>\n<ul>\n<li>Resiste all&#039;arco interno grazie al design durevole contro gli effetti termici e dinamici,<\/li>\n<li>Possibilit\u00e0 di controllare visivamente la posizione del sezionatore di terra (CHIUSO o APERTO) attraverso la finestra di sorveglianza sul pannello frontale.<\/li>\n<li>I sistemi di interblocco consecutivi impediscono il funzionamento errato. L&#039;accesso al vano cavi e al vano fusibili \u00e8 possibile solo se il\/i relativo\/i sezionatore\/i di terra \u00e8\/sono in posizione di messa a terra.<\/li>\n<\/ul>\n<h2><strong><b>Campi di applicazione principali<\/b><\/strong><\/h2>\n<ul>\n<li>Reti di distribuzione secondaria di energia elettrica.<\/li>\n<li>Sottostazione di trasformazione della distribuzione MT\/BT.<\/li>\n<li>Impianti eolici e solari.<\/li>\n<li>Applicazioni commerciali: porti, stazioni ferroviarie, aeroporti, ospedali, scuole, hotel, centri commerciali, complessi turistici.<\/li>\n<li>Applicazioni industriali: acqua, ferro e acciaio, automotive, petrolio e gas.<\/li>\n<\/ul>\n<h2><strong><b>Parametri tecnici<\/b><\/strong><\/h2>\n<p><img loading=\"lazy\" decoding=\"async\" class=\"size-full wp-image-4085 aligncenter\" src=\"https:\/\/www.xminsulation.com\/wp-content\/uploads\/2025\/07\/\u56fe\u724743-1.png\" alt=\"\" width=\"1356\" height=\"1302\" srcset=\"https:\/\/www.xminsulation.com\/wp-content\/uploads\/2025\/07\/\u56fe\u724743-1.png 1356w, https:\/\/www.xminsulation.com\/wp-content\/uploads\/2025\/07\/\u56fe\u724743-1-300x288.png 300w, https:\/\/www.xminsulation.com\/wp-content\/uploads\/2025\/07\/\u56fe\u724743-1-1024x983.png 1024w, https:\/\/www.xminsulation.com\/wp-content\/uploads\/2025\/07\/\u56fe\u724743-1-768x737.png 768w, https:\/\/www.xminsulation.com\/wp-content\/uploads\/2025\/07\/\u56fe\u724743-1-12x12.png 12w, https:\/\/www.xminsulation.com\/wp-content\/uploads\/2025\/07\/\u56fe\u724743-1-600x576.png 600w\" sizes=\"(max-width: 1356px) 100vw, 1356px\" \/><\/p>\n<h2><strong><b>Interruttore automatico a vuoto montato lateralmente<\/b><\/strong><\/h2>\n<p><img loading=\"lazy\" decoding=\"async\" class=\"size-full wp-image-4086 aligncenter\" src=\"https:\/\/www.xminsulation.com\/wp-content\/uploads\/2025\/07\/\u56fe\u724744-1.png\" alt=\"\" width=\"965\" height=\"796\" srcset=\"https:\/\/www.xminsulation.com\/wp-content\/uploads\/2025\/07\/\u56fe\u724744-1.png 965w, https:\/\/www.xminsulation.com\/wp-content\/uploads\/2025\/07\/\u56fe\u724744-1-300x247.png 300w, https:\/\/www.xminsulation.com\/wp-content\/uploads\/2025\/07\/\u56fe\u724744-1-768x634.png 768w, https:\/\/www.xminsulation.com\/wp-content\/uploads\/2025\/07\/\u56fe\u724744-1-15x12.png 15w, https:\/\/www.xminsulation.com\/wp-content\/uploads\/2025\/07\/\u56fe\u724744-1-600x495.png 600w\" sizes=\"(max-width: 965px) 100vw, 965px\" \/><\/p>\n<h2><strong><b>Struttura del pannello CB<\/b><\/strong><\/h2>\n<p><img loading=\"lazy\" decoding=\"async\" class=\"size-full wp-image-4087 aligncenter\" src=\"https:\/\/www.xminsulation.com\/wp-content\/uploads\/2025\/07\/\u56fe\u724745-1.png\" alt=\"\" width=\"408\" height=\"634\" srcset=\"https:\/\/www.xminsulation.com\/wp-content\/uploads\/2025\/07\/\u56fe\u724745-1.png 408w, https:\/\/www.xminsulation.com\/wp-content\/uploads\/2025\/07\/\u56fe\u724745-1-193x300.png 193w, https:\/\/www.xminsulation.com\/wp-content\/uploads\/2025\/07\/\u56fe\u724745-1-8x12.png 8w\" sizes=\"(max-width: 408px) 100vw, 408px\" \/><\/p>\n<h2><strong><b>Unit\u00e0 per diverse funzioni<\/b><\/strong><\/h2>\n<p><strong><b> <img loading=\"lazy\" decoding=\"async\" class=\"size-full wp-image-4088 aligncenter\" src=\"https:\/\/www.xminsulation.com\/wp-content\/uploads\/2025\/07\/\u56fe\u724746-2.png\" alt=\"\" width=\"1221\" height=\"713\" srcset=\"https:\/\/www.xminsulation.com\/wp-content\/uploads\/2025\/07\/\u56fe\u724746-2.png 1221w, https:\/\/www.xminsulation.com\/wp-content\/uploads\/2025\/07\/\u56fe\u724746-2-300x175.png 300w, https:\/\/www.xminsulation.com\/wp-content\/uploads\/2025\/07\/\u56fe\u724746-2-1024x598.png 1024w, https:\/\/www.xminsulation.com\/wp-content\/uploads\/2025\/07\/\u56fe\u724746-2-768x448.png 768w, https:\/\/www.xminsulation.com\/wp-content\/uploads\/2025\/07\/\u56fe\u724746-2-18x12.png 18w, https:\/\/www.xminsulation.com\/wp-content\/uploads\/2025\/07\/\u56fe\u724746-2-600x350.png 600w\" sizes=\"(max-width: 1221px) 100vw, 1221px\" \/><\/b><\/strong><\/p>\n<h2><strong><b>Installazione e <\/b><\/strong><strong><b>Commissione<\/b><\/strong><strong><b>ing<\/b><\/strong><\/h2>\n<ol>\n<li>Prima dell&#039;installazione e del debug, assicurati di leggere attentamente il manuale di istruzioni e di effettuare i seguenti preparativi: Innanzitutto, controlla se sono presenti danni all&#039;aspetto. I prodotti danneggiati devono essere fermati immediatamente. Il secondo passaggio consiste nel rimuovere la contaminazione dalla superficie del prodotto dovuta al trasporto o ad altri motivi.<\/li>\n<li>Quando il meccanismo di azionamento e il corpo dell&#039;interruttore sono assemblati, \u00e8 necessario garantire che siano fissati in modo affidabile e che le loro parti di collegamento siano fissate in modo affidabile sull&#039;albero di azionamento del corpo dell&#039;interruttore e che anche i componenti che collegano l&#039;interruttore di carico siano fissati in modo affidabile sul corpo dell&#039;interruttore. sull&#039;interruttore.<\/li>\n<li>Una volta completata l&#039;installazione, verificare che l&#039;interruttore di carico sia in posizione di apertura, inserire la maniglia operativa nel foro operativo di messa a terra sull&#039;estremit\u00e0 superiore del pannello e ruotare la maniglia di 180 in senso orario. Per eseguire la chiusura a terra, ruotare la maniglia di 180 gradi in senso antiorario. Completare la chiusura dell&#039;interruttore di terra.<\/li>\n<li>Quando si esegue l&#039;operazione di chiusura, verificare innanzitutto che l&#039;interruttore di carico sia in posizione di apertura, quindi inserire la maniglia di azionamento nel foro di azionamento dell&#039;interruttore di carico all&#039;estremit\u00e0 inferiore del pannello e ruotare la maniglia di azionamento di 180\u2033 in senso orario per completare l&#039;operazione di chiusura dell&#039;interruttore del carico.<\/li>\n<li>Durante il processo di spostamento dell&#039;interruttore di carico dalla posizione di chiusura alla posizione di apertura, utilizzare il meccanismo di comando di tipo K, inserire la maniglia di manovra nel foro di manovra dell&#039;interruttore di carico e ruotare la maniglia di 180\u2033 in senso antiorario per eseguire l&#039;operazione di apertura ; per il meccanismo operativo di tipo A, meccanismo operativo, premere il pulsante di apertura per aprire l&#039;interruttore del carico, controllare attraverso la finestra di osservazione se la posizione dell&#039;interruttore \u00e8 corretta e se le istruzioni di osservazione corrispondenti soddisfano i requisiti.<\/li>\n<li>Nota: la messa a terra o il carico possono essere chiusi solo quando l&#039;interruttore \u00e8 in posizione aperta!<\/li>\n<\/ol>\n<h2><strong><b>Manutenzione e cura<\/b><\/strong><\/h2>\n<p>In condizioni di utilizzo normali in cui l&#039;ambiente soddisfa i requisiti delle istruzioni di installazione e funzionamento, il corpo dell&#039;interruttore \u00e8 garantito esente da manutenzione per 20 anni. A causa delle differenze ambientali sono comunque necessari i necessari lavori di ispezione e manutenzione sull&#039;interruttore di carico.<\/p>\n<ol>\n<li>A seconda dell&#039;ambiente di lavoro, effettuare un&#039;adeguata ispezione visiva della copertura isolante tra giugno e dicembre e rimuovere le superfici sporche e umide.<\/li>\n<li>Effettuare l&#039;ispezione della lubrificazione e del funzionamento del meccanismo operativo da 1 a 2 volte l&#039;anno per garantire il normale funzionamento.<\/li>\n<li>Per i pressostati dotati di manometri, le letture dei manometri devono essere controllate di tanto in tanto.<\/li>\n<li>Quando una corrente di guasto passa attraverso l&#039;apparecchio combinato con fusibili dell&#039;interruttore di carico e un fusibile di fase si brucia, \u00e8 necessario sostituire tutti e tre i fusibili di fase. Durante la sostituzione, l&#039;interruttore di messa a terra deve essere chiuso prima della sostituzione e assicurarsi che tutti i fusibili trifase siano installati in posizione.<\/li>\n<\/ol>\n<p>&nbsp;<\/p>\n<h2>\u25c6Personalizzazione speciale<\/h2>\n<p>I parametri sopra indicati sono dati tipici; se gli stili esistenti non soddisfano le tue richieste specifiche, contattaci per un design personalizzato. Disponiamo di significative capacit\u00e0 di sviluppo e produzione di personalizzazioni personalizzate, che ci consentono di fornire soluzioni su misura a clienti in tutto il mondo.<\/p>\n<p>&nbsp;<\/p>\n<p>&nbsp;<\/p>","protected":false},"excerpt":{"rendered":"<p>Overview SM6\u00a0type cubicles are designed for indoor installations. It is good for power stations and industrial electrical equipment powered by three-phase AC 50Hz\/60Hz ring network or terminal It is used as load control line protection for 10kV-40.5kV MV power system. The load switch switches load current, closed-loop current, no-load transformer and cable charging current; the [&hellip;]<\/p>","protected":false},"featured_media":4089,"template":"","meta":{"site-sidebar-layout":"default","site-content-layout":"","ast-site-content-layout":"default","site-content-style":"default","site-sidebar-style":"default","ast-global-header-display":"","ast-banner-title-visibility":"","ast-main-header-display":"","ast-hfb-above-header-display":"","ast-hfb-below-header-display":"","ast-hfb-mobile-header-display":"","site-post-title":"","ast-breadcrumbs-content":"","ast-featured-img":"","footer-sml-layout":"","theme-transparent-header-meta":"default","adv-header-id-meta":"","stick-header-meta":"","header-above-stick-meta":"","header-main-stick-meta":"","header-below-stick-meta":"","astra-migrate-meta-layouts":"set","ast-page-background-enabled":"default","ast-page-background-meta":{"desktop":{"background-color":"","background-image":"","background-repeat":"repeat","background-position":"center center","background-size":"auto","background-attachment":"scroll","background-type":"","background-media":"","overlay-type":"","overlay-color":"","overlay-gradient":""},"tablet":{"background-color":"","background-image":"","background-repeat":"repeat","background-position":"center center","background-size":"auto","background-attachment":"scroll","background-type":"","background-media":"","overlay-type":"","overlay-color":"","overlay-gradient":""},"mobile":{"background-color":"","background-image":"","background-repeat":"repeat","background-position":"center center","background-size":"auto","background-attachment":"scroll","background-type":"","background-media":"","overlay-type":"","overlay-color":"","overlay-gradient":""}},"ast-content-background-meta":{"desktop":{"background-color":"var(--ast-global-color-5)","background-image":"","background-repeat":"repeat","background-position":"center center","background-size":"auto","background-attachment":"scroll","background-type":"","background-media":"","overlay-type":"","overlay-color":"","overlay-gradient":""},"tablet":{"background-color":"var(--ast-global-color-5)","background-image":"","background-repeat":"repeat","background-position":"center center","background-size":"auto","background-attachment":"scroll","background-type":"","background-media":"","overlay-type":"","overlay-color":"","overlay-gradient":""},"mobile":{"background-color":"var(--ast-global-color-5)","background-image":"","background-repeat":"repeat","background-position":"center center","background-size":"auto","background-attachment":"scroll","background-type":"","background-media":"","overlay-type":"","overlay-color":"","overlay-gradient":""}}},"product_cat":[67],"product_tag":[],"class_list":{"0":"post-4081","1":"product","2":"type-product","3":"status-publish","4":"has-post-thumbnail","6":"product_cat-10-40-5kv-indoor-sf6-load-break-switch-lbs-sm6-type-cubicle","7":"desktop-align-left","8":"tablet-align-left","9":"mobile-align-left","11":"first","12":"instock","13":"shipping-taxable","14":"product-type-simple"},"_links":{"self":[{"href":"https:\/\/www.xminsulation.com\/it\/wp-json\/wp\/v2\/product\/4081","targetHints":{"allow":["GET"]}}],"collection":[{"href":"https:\/\/www.xminsulation.com\/it\/wp-json\/wp\/v2\/product"}],"about":[{"href":"https:\/\/www.xminsulation.com\/it\/wp-json\/wp\/v2\/types\/product"}],"wp:featuredmedia":[{"embeddable":true,"href":"https:\/\/www.xminsulation.com\/it\/wp-json\/wp\/v2\/media\/4089"}],"wp:attachment":[{"href":"https:\/\/www.xminsulation.com\/it\/wp-json\/wp\/v2\/media?parent=4081"}],"wp:term":[{"taxonomy":"product_cat","embeddable":true,"href":"https:\/\/www.xminsulation.com\/it\/wp-json\/wp\/v2\/product_cat?post=4081"},{"taxonomy":"product_tag","embeddable":true,"href":"https:\/\/www.xminsulation.com\/it\/wp-json\/wp\/v2\/product_tag?post=4081"}],"curies":[{"name":"wp","href":"https:\/\/api.w.org\/{rel}","templated":true}]}}