{"id":3869,"date":"2025-07-17T09:08:06","date_gmt":"2025-07-17T01:08:06","guid":{"rendered":"https:\/\/www.xminsulation.com\/?post_type=product&#038;p=3869"},"modified":"2025-07-18T11:08:06","modified_gmt":"2025-07-18T03:08:06","slug":"12kv-abb-type-630a-indoor-sf6-load-break-switch-lbs-disconnector","status":"publish","type":"product","link":"https:\/\/www.xminsulation.com\/it\/product\/12kv-abb-type-630a-indoor-sf6-load-break-switch-lbs-disconnector\/","title":{"rendered":"Interruttore di carico SF6 per interni tipo ABB da 12 kV, 630 A, sezionatore LBS"},"content":{"rendered":"<p><img fetchpriority=\"high\" decoding=\"async\" class=\"size-full wp-image-3870 aligncenter\" src=\"https:\/\/www.xminsulation.com\/wp-content\/uploads\/2025\/07\/\u56fe\u724721.png\" alt=\"\" width=\"1516\" height=\"665\" srcset=\"https:\/\/www.xminsulation.com\/wp-content\/uploads\/2025\/07\/\u56fe\u724721.png 1516w, https:\/\/www.xminsulation.com\/wp-content\/uploads\/2025\/07\/\u56fe\u724721-300x132.png 300w, https:\/\/www.xminsulation.com\/wp-content\/uploads\/2025\/07\/\u56fe\u724721-1024x449.png 1024w, https:\/\/www.xminsulation.com\/wp-content\/uploads\/2025\/07\/\u56fe\u724721-768x337.png 768w, https:\/\/www.xminsulation.com\/wp-content\/uploads\/2025\/07\/\u56fe\u724721-18x8.png 18w, https:\/\/www.xminsulation.com\/wp-content\/uploads\/2025\/07\/\u56fe\u724721-600x263.png 600w\" sizes=\"(max-width: 1516px) 100vw, 1516px\" \/><\/p>\n<p><img decoding=\"async\" class=\"size-full wp-image-3871 aligncenter\" src=\"https:\/\/www.xminsulation.com\/wp-content\/uploads\/2025\/07\/\u56fe\u724722.png\" alt=\"\" width=\"1200\" height=\"1200\" srcset=\"https:\/\/www.xminsulation.com\/wp-content\/uploads\/2025\/07\/\u56fe\u724722.png 1200w, https:\/\/www.xminsulation.com\/wp-content\/uploads\/2025\/07\/\u56fe\u724722-300x300.png 300w, https:\/\/www.xminsulation.com\/wp-content\/uploads\/2025\/07\/\u56fe\u724722-1024x1024.png 1024w, https:\/\/www.xminsulation.com\/wp-content\/uploads\/2025\/07\/\u56fe\u724722-150x150.png 150w, https:\/\/www.xminsulation.com\/wp-content\/uploads\/2025\/07\/\u56fe\u724722-768x768.png 768w, https:\/\/www.xminsulation.com\/wp-content\/uploads\/2025\/07\/\u56fe\u724722-12x12.png 12w, https:\/\/www.xminsulation.com\/wp-content\/uploads\/2025\/07\/\u56fe\u724722-600x600.png 600w, https:\/\/www.xminsulation.com\/wp-content\/uploads\/2025\/07\/\u56fe\u724722-100x100.png 100w\" sizes=\"(max-width: 1200px) 100vw, 1200px\" \/> <img decoding=\"async\" class=\"size-full wp-image-3872 aligncenter\" src=\"https:\/\/www.xminsulation.com\/wp-content\/uploads\/2025\/07\/\u56fe\u724723.png\" alt=\"\" width=\"1200\" height=\"1200\" srcset=\"https:\/\/www.xminsulation.com\/wp-content\/uploads\/2025\/07\/\u56fe\u724723.png 1200w, https:\/\/www.xminsulation.com\/wp-content\/uploads\/2025\/07\/\u56fe\u724723-300x300.png 300w, https:\/\/www.xminsulation.com\/wp-content\/uploads\/2025\/07\/\u56fe\u724723-1024x1024.png 1024w, https:\/\/www.xminsulation.com\/wp-content\/uploads\/2025\/07\/\u56fe\u724723-150x150.png 150w, https:\/\/www.xminsulation.com\/wp-content\/uploads\/2025\/07\/\u56fe\u724723-768x768.png 768w, https:\/\/www.xminsulation.com\/wp-content\/uploads\/2025\/07\/\u56fe\u724723-12x12.png 12w, https:\/\/www.xminsulation.com\/wp-content\/uploads\/2025\/07\/\u56fe\u724723-600x600.png 600w, https:\/\/www.xminsulation.com\/wp-content\/uploads\/2025\/07\/\u56fe\u724723-100x100.png 100w\" sizes=\"(max-width: 1200px) 100vw, 1200px\" \/> <img loading=\"lazy\" decoding=\"async\" class=\"size-full wp-image-3873 aligncenter\" src=\"https:\/\/www.xminsulation.com\/wp-content\/uploads\/2025\/07\/\u56fe\u724724.png\" alt=\"\" width=\"1200\" height=\"1200\" srcset=\"https:\/\/www.xminsulation.com\/wp-content\/uploads\/2025\/07\/\u56fe\u724724.png 1200w, https:\/\/www.xminsulation.com\/wp-content\/uploads\/2025\/07\/\u56fe\u724724-300x300.png 300w, https:\/\/www.xminsulation.com\/wp-content\/uploads\/2025\/07\/\u56fe\u724724-1024x1024.png 1024w, https:\/\/www.xminsulation.com\/wp-content\/uploads\/2025\/07\/\u56fe\u724724-150x150.png 150w, https:\/\/www.xminsulation.com\/wp-content\/uploads\/2025\/07\/\u56fe\u724724-768x768.png 768w, https:\/\/www.xminsulation.com\/wp-content\/uploads\/2025\/07\/\u56fe\u724724-12x12.png 12w, https:\/\/www.xminsulation.com\/wp-content\/uploads\/2025\/07\/\u56fe\u724724-600x600.png 600w, https:\/\/www.xminsulation.com\/wp-content\/uploads\/2025\/07\/\u56fe\u724724-100x100.png 100w\" sizes=\"(max-width: 1200px) 100vw, 1200px\" \/><\/p>\n<h2><strong><b>Informazioni generali<\/b><\/strong><\/h2>\n<p>&nbsp;<\/p>\n<p>L&#039;interruttore di manovra-sezionatore FL(R)N36 per interni SF6 da 12 kV e l&#039;apparecchio combinato con fusibile LBS sono adatti per centrali elettriche e apparecchiature elettriche industriali alimentate da rete ad anello o terminale trifase CA 50 Hz\/60 Hz. Sono utilizzati come protezione della linea di controllo del carico per sistemi di alimentazione a 12 kV. L&#039;interruttore di carico commuta la corrente di carico, la corrente a circuito chiuso, la corrente del trasformatore a vuoto e la corrente di carica del cavo; l&#039;apparecchio elettrico combinato pu\u00f2 interrompere qualsiasi corrente fino alla corrente di interruzione di cortocircuito nominale ed \u00e8 adatto per set completi di apparecchiature elettriche come unit\u00e0 di rete ad anello e sottostazioni di tipo box.<\/p>\n<p>\u00c8 particolarmente adatto per la distribuzione di energia nelle aree residenziali urbane, piccole sottostazioni secondarie, centralini, aziende industriali e minerarie, grandi centri commerciali, aeroporti, metropolitane, ospedali, stadi e altri luoghi.<\/p>\n<p>Il prodotto \u00e8 conforme agli standard GB3804, GB16926, IEC 60265-1 e GB16926, IEC60420.<\/p>\n<h2><strong><b>Caratteristiche strutturali<\/b><\/strong><\/h2>\n<p>&nbsp;<\/p>\n<ol>\n<li>Struttura complessivamente sigillata: integra l&#039;interruttore di carico, l&#039;interruttore di isolamento e l&#039;interruttore di messa a terra ed \u00e8 sigillato in una scatola isolante riempita con gas SF6, con una pressione relativa di 0,04-0,05 MPa, ed \u00e8 conforme al &quot;sistema a pressione chiusa&quot;.<\/li>\n<li>Funzione Trinity: l&#039;interruttore soddisfa le tre funzioni di carico, isolamento e messa a terra.<\/li>\n<li>Sicurezza operativa:<\/li>\n<li>L&#039;interruttore pu\u00f2 essere solo in una delle posizioni &quot;chiuso&quot;, &quot;aperto&quot; e &quot;a terra&quot; e ha una funzione di blocco naturale per evitare un funzionamento errato.<\/li>\n<li>La scatola di isolamento dell&#039;interruttore \u00e8 dotata di un diaframma di sicurezza, che ha la funzione di scarico direzionale all&#039;indietro e di scarico della pressione.<\/li>\n<\/ol>\n<p>c, Contiene indicatore di tensione.<\/p>\n<ol>\n<li>Adotta un meccanismo di funzionamento a molla e garantisce prestazioni stabili.<\/li>\n<li>Eccellenti prestazioni di estinzione e rottura dell&#039;arco:<\/li>\n<li>La capacit\u00e0 di interruzione della corrente di trasferimento nominale dell&#039;apparecchio combinato \u00e8 di 1400 A.<\/li>\n<li>Presenta elevate capacit\u00e0 di rottura e apertura anche a pressione zero.<\/li>\n<li>Eccellenti prestazioni di estinzione dell&#039;arco elettrico del gas SF6.<\/li>\n<li>Lunga durata elettrica.<\/li>\n<li>Eccellenti prestazioni di isolamento:<\/li>\n<\/ol>\n<p>a, il gas SF6 ha eccellenti propriet\u00e0 isolanti.<\/p>\n<ol>\n<li>La scatola isolante \u00e8 realizzata in resina epossidica con tecnologia di gel a pressione automatica (APG), che presenta elevata resistenza, buone prestazioni di isolamento e ampio margine.<\/li>\n<li>Eccellenti prestazioni di tenuta, tasso annuo relativo di perdita d&#039;aria \u22640,5%.<\/li>\n<li>Il design modulare dell&#039;interruttore rende la struttura pi\u00f9 compatta. Lo stesso interruttore \u00e8 adatto a diverse applicazioni ed \u00e8 facile da installare.<\/li>\n<li>Installando un meccanismo elettrico \u00e8 possibile realizzare le \u201ctre funzioni remote\u201d.<\/li>\n<\/ol>\n<h2><strong><b>Meccanismo operativo<\/b><\/strong><\/h2>\n<p>&nbsp;<\/p>\n<ol>\n<li>La commutazione dell&#039;interruttore \u00e8 realizzata tramite il meccanismo operativo. La molla del meccanismo immagazzina energia in anticipo. Durante il funzionamento (manuale o elettrico), la molla rilascia l&#039;energia dopo che il meccanismo ha superato il punto morto, azionando l&#039;interruttore per chiudere o aprire i contatti. Pertanto, la velocit\u00e0 di apertura e chiusura dell&#039;interruttore \u00e8 determinata dalle caratteristiche della macchina operativa stessa e non ha nulla a che fare con la velocit\u00e0 di funzionamento dell&#039;operatore.<\/li>\n<li>\u00c8 possibile selezionare un meccanismo di comando di tipo K o di tipo A a seconda che sia dotato o meno di fusibile.<\/li>\n<\/ol>\n<h2><strong><b>Ambiente di utilizzo<\/b><\/strong><\/h2>\n<p>&nbsp;<\/p>\n<ol>\n<li>Temperatura dell&#039;aria ambiente: limite superiore +40\u2103, limite inferiore -15\u2103.<\/li>\n<li>Umidit\u00e0 ambientale: l&#039;umidit\u00e0 relativa media giornaliera non \u00e8 superiore a 95% e l&#039;umidit\u00e0 relativa media mensile non \u00e8 superiore a 90%.<\/li>\n<li>Altitudine: l&#039;altitudine massima del luogo di installazione dell&#039;apparecchiatura \u00e8 di 2000 m.<\/li>\n<li>Terremoto: L&#039;intensit\u00e0 del terremoto non supera gli 8 gradi.<\/li>\n<li>Nell&#039;aria circostante non \u00e8 presente alcun inquinamento grave, come polvere, fumo, agenti chimici corrosivi, gas infiammabili, benzina e agenti salini, ecc.<\/li>\n<li>Quando le condizioni dell&#039;ambiente operativo sono diverse o ci sono altri requisiti, \u00e8 necessario consultare il produttore.<\/li>\n<\/ol>\n<p><img loading=\"lazy\" decoding=\"async\" class=\"size-full wp-image-3874 aligncenter\" src=\"https:\/\/www.xminsulation.com\/wp-content\/uploads\/2025\/07\/\u56fe\u724725.png\" alt=\"\" width=\"1038\" height=\"1148\" srcset=\"https:\/\/www.xminsulation.com\/wp-content\/uploads\/2025\/07\/\u56fe\u724725.png 1038w, https:\/\/www.xminsulation.com\/wp-content\/uploads\/2025\/07\/\u56fe\u724725-271x300.png 271w, https:\/\/www.xminsulation.com\/wp-content\/uploads\/2025\/07\/\u56fe\u724725-926x1024.png 926w, https:\/\/www.xminsulation.com\/wp-content\/uploads\/2025\/07\/\u56fe\u724725-768x849.png 768w, https:\/\/www.xminsulation.com\/wp-content\/uploads\/2025\/07\/\u56fe\u724725-11x12.png 11w, https:\/\/www.xminsulation.com\/wp-content\/uploads\/2025\/07\/\u56fe\u724725-600x664.png 600w\" sizes=\"(max-width: 1038px) 100vw, 1038px\" \/><\/p>\n<h2><strong><b>UN<\/b><\/strong><strong><b>aspetto <\/b><\/strong><strong><b>S<\/b><\/strong><strong><b>ize<\/b><\/strong><strong><b>\u00a0<\/b><\/strong><strong><b>(<\/b><\/strong><strong><b>P<\/b><\/strong><strong><b>hase <\/b><\/strong><strong><b>D<\/b><\/strong><strong><b>istanza 2<\/b><\/strong><strong><b>10<\/b><\/strong><strong><b>mm)<\/b><\/strong><\/h2>\n<p><strong><b> <img loading=\"lazy\" decoding=\"async\" class=\"size-full wp-image-3875 aligncenter\" src=\"https:\/\/www.xminsulation.com\/wp-content\/uploads\/2025\/07\/\u56fe\u724726.png\" alt=\"\" width=\"2372\" height=\"1676\" srcset=\"https:\/\/www.xminsulation.com\/wp-content\/uploads\/2025\/07\/\u56fe\u724726.png 2372w, https:\/\/www.xminsulation.com\/wp-content\/uploads\/2025\/07\/\u56fe\u724726-300x212.png 300w, https:\/\/www.xminsulation.com\/wp-content\/uploads\/2025\/07\/\u56fe\u724726-1024x724.png 1024w, https:\/\/www.xminsulation.com\/wp-content\/uploads\/2025\/07\/\u56fe\u724726-768x543.png 768w, https:\/\/www.xminsulation.com\/wp-content\/uploads\/2025\/07\/\u56fe\u724726-1536x1085.png 1536w, https:\/\/www.xminsulation.com\/wp-content\/uploads\/2025\/07\/\u56fe\u724726-2048x1447.png 2048w, https:\/\/www.xminsulation.com\/wp-content\/uploads\/2025\/07\/\u56fe\u724726-18x12.png 18w, https:\/\/www.xminsulation.com\/wp-content\/uploads\/2025\/07\/\u56fe\u724726-600x424.png 600w\" sizes=\"(max-width: 2372px) 100vw, 2372px\" \/><\/b><\/strong><\/p>\n<h2><strong><b>Principio di estinzione e rottura dell&#039;arco elettrico<\/b><\/strong><\/h2>\n<p>&nbsp;<\/p>\n<p>Il gas SF6 ha buone prestazioni di estinzione dell&#039;arco. Per estinguere rapidamente l&#039;arco, quando l&#039;interruttore interrompe la corrente, verr\u00e0 generato un arco quando i contatti mobili e statici sono appena separati. In questo momento, a causa del campo magnetico del magnete permanente, l&#039;arco sar\u00e0 spinto a muoversi rapidamente, provocando l&#039;allungamento e la combinazione continua dell&#039;arco con il gas SF6 per dissociarsi e raffreddarsi rapidamente. Si spegne quando la corrente passa per lo zero. La distanza di apertura della doppia frattura ha il livello di isolamento per isolare la frattura. Principio dell&#039;arco rotante a magnete permanente, piccola potenza operativa, forte capacit\u00e0 di estinzione, leggera bruciatura da contatto e durata elettrica estesa.<\/p>\n<p><img loading=\"lazy\" decoding=\"async\" class=\"size-full wp-image-3876 aligncenter\" src=\"https:\/\/www.xminsulation.com\/wp-content\/uploads\/2025\/07\/\u56fe\u724727.png\" alt=\"\" width=\"1510\" height=\"906\" srcset=\"https:\/\/www.xminsulation.com\/wp-content\/uploads\/2025\/07\/\u56fe\u724727.png 1510w, https:\/\/www.xminsulation.com\/wp-content\/uploads\/2025\/07\/\u56fe\u724727-300x180.png 300w, https:\/\/www.xminsulation.com\/wp-content\/uploads\/2025\/07\/\u56fe\u724727-1024x614.png 1024w, https:\/\/www.xminsulation.com\/wp-content\/uploads\/2025\/07\/\u56fe\u724727-768x461.png 768w, https:\/\/www.xminsulation.com\/wp-content\/uploads\/2025\/07\/\u56fe\u724727-18x12.png 18w, https:\/\/www.xminsulation.com\/wp-content\/uploads\/2025\/07\/\u56fe\u724727-600x360.png 600w\" sizes=\"(max-width: 1510px) 100vw, 1510px\" \/> <img loading=\"lazy\" decoding=\"async\" class=\"size-full wp-image-3877 aligncenter\" src=\"https:\/\/www.xminsulation.com\/wp-content\/uploads\/2025\/07\/\u56fe\u724728.png\" alt=\"\" width=\"682\" height=\"263\" srcset=\"https:\/\/www.xminsulation.com\/wp-content\/uploads\/2025\/07\/\u56fe\u724728.png 682w, https:\/\/www.xminsulation.com\/wp-content\/uploads\/2025\/07\/\u56fe\u724728-300x116.png 300w, https:\/\/www.xminsulation.com\/wp-content\/uploads\/2025\/07\/\u56fe\u724728-18x7.png 18w, https:\/\/www.xminsulation.com\/wp-content\/uploads\/2025\/07\/\u56fe\u724728-600x231.png 600w\" sizes=\"(max-width: 682px) 100vw, 682px\" \/> <img loading=\"lazy\" decoding=\"async\" class=\"size-full wp-image-3878 aligncenter\" src=\"https:\/\/www.xminsulation.com\/wp-content\/uploads\/2025\/07\/\u56fe\u724729.png\" alt=\"\" width=\"649\" height=\"836\" srcset=\"https:\/\/www.xminsulation.com\/wp-content\/uploads\/2025\/07\/\u56fe\u724729.png 649w, https:\/\/www.xminsulation.com\/wp-content\/uploads\/2025\/07\/\u56fe\u724729-233x300.png 233w, https:\/\/www.xminsulation.com\/wp-content\/uploads\/2025\/07\/\u56fe\u724729-9x12.png 9w, https:\/\/www.xminsulation.com\/wp-content\/uploads\/2025\/07\/\u56fe\u724729-600x773.png 600w\" sizes=\"(max-width: 649px) 100vw, 649px\" \/> <img loading=\"lazy\" decoding=\"async\" class=\"size-full wp-image-3879 aligncenter\" src=\"https:\/\/www.xminsulation.com\/wp-content\/uploads\/2025\/07\/\u56fe\u724730.png\" alt=\"\" width=\"1676\" height=\"952\" srcset=\"https:\/\/www.xminsulation.com\/wp-content\/uploads\/2025\/07\/\u56fe\u724730.png 1676w, https:\/\/www.xminsulation.com\/wp-content\/uploads\/2025\/07\/\u56fe\u724730-300x170.png 300w, https:\/\/www.xminsulation.com\/wp-content\/uploads\/2025\/07\/\u56fe\u724730-1024x582.png 1024w, https:\/\/www.xminsulation.com\/wp-content\/uploads\/2025\/07\/\u56fe\u724730-768x436.png 768w, https:\/\/www.xminsulation.com\/wp-content\/uploads\/2025\/07\/\u56fe\u724730-1536x872.png 1536w, https:\/\/www.xminsulation.com\/wp-content\/uploads\/2025\/07\/\u56fe\u724730-18x10.png 18w, https:\/\/www.xminsulation.com\/wp-content\/uploads\/2025\/07\/\u56fe\u724730-600x341.png 600w\" sizes=\"(max-width: 1676px) 100vw, 1676px\" \/><\/p>\n<h2><strong><b>Espositore per armadi elettrici<\/b><\/strong><\/h2>\n<p><img loading=\"lazy\" decoding=\"async\" class=\"size-full wp-image-3880 aligncenter\" src=\"https:\/\/www.xminsulation.com\/wp-content\/uploads\/2025\/07\/\u56fe\u724731.png\" alt=\"\" width=\"2014\" height=\"1980\" srcset=\"https:\/\/www.xminsulation.com\/wp-content\/uploads\/2025\/07\/\u56fe\u724731.png 2014w, https:\/\/www.xminsulation.com\/wp-content\/uploads\/2025\/07\/\u56fe\u724731-300x295.png 300w, https:\/\/www.xminsulation.com\/wp-content\/uploads\/2025\/07\/\u56fe\u724731-1024x1007.png 1024w, https:\/\/www.xminsulation.com\/wp-content\/uploads\/2025\/07\/\u56fe\u724731-768x755.png 768w, https:\/\/www.xminsulation.com\/wp-content\/uploads\/2025\/07\/\u56fe\u724731-1536x1510.png 1536w, https:\/\/www.xminsulation.com\/wp-content\/uploads\/2025\/07\/\u56fe\u724731-12x12.png 12w, https:\/\/www.xminsulation.com\/wp-content\/uploads\/2025\/07\/\u56fe\u724731-600x590.png 600w\" sizes=\"(max-width: 2014px) 100vw, 2014px\" \/> <img loading=\"lazy\" decoding=\"async\" class=\"size-full wp-image-3881 aligncenter\" src=\"https:\/\/www.xminsulation.com\/wp-content\/uploads\/2025\/07\/\u56fe\u724732.png\" alt=\"\" width=\"945\" height=\"1461\" srcset=\"https:\/\/www.xminsulation.com\/wp-content\/uploads\/2025\/07\/\u56fe\u724732.png 945w, https:\/\/www.xminsulation.com\/wp-content\/uploads\/2025\/07\/\u56fe\u724732-194x300.png 194w, https:\/\/www.xminsulation.com\/wp-content\/uploads\/2025\/07\/\u56fe\u724732-662x1024.png 662w, https:\/\/www.xminsulation.com\/wp-content\/uploads\/2025\/07\/\u56fe\u724732-768x1187.png 768w, https:\/\/www.xminsulation.com\/wp-content\/uploads\/2025\/07\/\u56fe\u724732-8x12.png 8w, https:\/\/www.xminsulation.com\/wp-content\/uploads\/2025\/07\/\u56fe\u724732-600x928.png 600w\" sizes=\"(max-width: 945px) 100vw, 945px\" \/><\/p>\n<h2><strong><b>Installazione e <\/b><\/strong><strong><b>Commissione<\/b><\/strong><strong><b>ing<\/b><\/strong><\/h2>\n<p>&nbsp;<\/p>\n<ol>\n<li>Prima dell&#039;installazione e del debug, assicurati di leggere attentamente il manuale di istruzioni e di effettuare i seguenti preparativi: Innanzitutto, controlla se sono presenti danni all&#039;aspetto. I prodotti danneggiati devono essere fermati immediatamente. Il secondo passaggio consiste nel rimuovere la contaminazione dalla superficie del prodotto dovuta al trasporto o ad altri motivi.<\/li>\n<li>Quando il meccanismo di azionamento e il corpo dell&#039;interruttore sono assemblati, \u00e8 necessario garantire che siano fissati in modo affidabile e che le loro parti di collegamento siano fissate in modo affidabile sull&#039;albero di azionamento del corpo dell&#039;interruttore e che anche i componenti che collegano l&#039;interruttore di carico siano fissati in modo affidabile sul corpo dell&#039;interruttore. sull&#039;interruttore.<\/li>\n<li>Una volta completata l&#039;installazione, verificare che l&#039;interruttore di carico sia in posizione di apertura, inserire la maniglia operativa nel foro operativo di messa a terra sull&#039;estremit\u00e0 superiore del pannello e ruotare la maniglia di 180 in senso orario. Per eseguire la chiusura a terra, ruotare la maniglia di 180 gradi in senso antiorario. Completare la chiusura dell&#039;interruttore di terra.<\/li>\n<li>Quando si esegue l&#039;operazione di chiusura, verificare innanzitutto che l&#039;interruttore di carico sia in posizione di apertura, quindi inserire la maniglia di azionamento nel foro di azionamento dell&#039;interruttore di carico all&#039;estremit\u00e0 inferiore del pannello e ruotare la maniglia di azionamento di 180\u2033 in senso orario per completare l&#039;operazione di chiusura dell&#039;interruttore del carico.<\/li>\n<li>Durante il processo di spostamento dell&#039;interruttore di carico dalla posizione di chiusura alla posizione di apertura, utilizzare il meccanismo di comando di tipo K, inserire la maniglia di manovra nel foro di manovra dell&#039;interruttore di carico e ruotare la maniglia di 180\u2033 in senso antiorario per eseguire l&#039;operazione di apertura ; per il meccanismo operativo di tipo A, meccanismo operativo, premere il pulsante di apertura per aprire l&#039;interruttore del carico, controllare attraverso la finestra di osservazione se la posizione dell&#039;interruttore \u00e8 corretta e se le istruzioni di osservazione corrispondenti soddisfano i requisiti.<\/li>\n<li>Nota: la messa a terra o il carico possono essere chiusi solo quando l&#039;interruttore \u00e8 in posizione aperta!<\/li>\n<\/ol>\n<h2><strong><b>Manutenzione e cura<\/b><\/strong><\/h2>\n<p>&nbsp;<\/p>\n<p>In condizioni di utilizzo normali in cui l&#039;ambiente soddisfa i requisiti delle istruzioni di installazione e funzionamento, il corpo dell&#039;interruttore \u00e8 garantito esente da manutenzione per 20 anni. A causa delle differenze ambientali sono comunque necessari i necessari lavori di ispezione e manutenzione sull&#039;interruttore di carico.<\/p>\n<ol>\n<li>A seconda dell&#039;ambiente di lavoro, effettuare un&#039;adeguata ispezione visiva della copertura isolante tra giugno e dicembre e rimuovere le superfici sporche e umide.<\/li>\n<li>Effettuare l&#039;ispezione della lubrificazione e del funzionamento del meccanismo operativo da 1 a 2 volte l&#039;anno per garantire il normale funzionamento.<\/li>\n<li>Per i pressostati dotati di manometri, le letture dei manometri devono essere controllate di tanto in tanto.<\/li>\n<li>Quando una corrente di guasto passa attraverso l&#039;apparecchio combinato con fusibili dell&#039;interruttore di carico e un fusibile di fase si brucia, \u00e8 necessario sostituire tutti e tre i fusibili di fase. Durante la sostituzione, l&#039;interruttore di messa a terra deve essere chiuso prima della sostituzione e assicurarsi che tutti i fusibili trifase siano installati in posizione.<\/li>\n<\/ol>","protected":false},"excerpt":{"rendered":"<p>General Information &nbsp; 12kV Indoor SF6 Switch-Disconnector\u00a0FL(R)N36\u00a0Load Break Switch LBS and\u00a0fuse combination appliance are suitable for power stations and industrial electrical equipment powered by three-phase AC 50Hz\/60Hz\u00a0ring network or terminal It is used as load control line protection for 12kV power system. The load switch switches load current, closed-loop current, no-load transformer and cable charging [&hellip;]<\/p>","protected":false},"featured_media":3882,"template":"","meta":{"site-sidebar-layout":"default","site-content-layout":"","ast-site-content-layout":"default","site-content-style":"default","site-sidebar-style":"default","ast-global-header-display":"","ast-banner-title-visibility":"","ast-main-header-display":"","ast-hfb-above-header-display":"","ast-hfb-below-header-display":"","ast-hfb-mobile-header-display":"","site-post-title":"","ast-breadcrumbs-content":"","ast-featured-img":"","footer-sml-layout":"","theme-transparent-header-meta":"default","adv-header-id-meta":"","stick-header-meta":"","header-above-stick-meta":"","header-main-stick-meta":"","header-below-stick-meta":"","astra-migrate-meta-layouts":"set","ast-page-background-enabled":"default","ast-page-background-meta":{"desktop":{"background-color":"","background-image":"","background-repeat":"repeat","background-position":"center center","background-size":"auto","background-attachment":"scroll","background-type":"","background-media":"","overlay-type":"","overlay-color":"","overlay-gradient":""},"tablet":{"background-color":"","background-image":"","background-repeat":"repeat","background-position":"center center","background-size":"auto","background-attachment":"scroll","background-type":"","background-media":"","overlay-type":"","overlay-color":"","overlay-gradient":""},"mobile":{"background-color":"","background-image":"","background-repeat":"repeat","background-position":"center center","background-size":"auto","background-attachment":"scroll","background-type":"","background-media":"","overlay-type":"","overlay-color":"","overlay-gradient":""}},"ast-content-background-meta":{"desktop":{"background-color":"var(--ast-global-color-5)","background-image":"","background-repeat":"repeat","background-position":"center center","background-size":"auto","background-attachment":"scroll","background-type":"","background-media":"","overlay-type":"","overlay-color":"","overlay-gradient":""},"tablet":{"background-color":"var(--ast-global-color-5)","background-image":"","background-repeat":"repeat","background-position":"center center","background-size":"auto","background-attachment":"scroll","background-type":"","background-media":"","overlay-type":"","overlay-color":"","overlay-gradient":""},"mobile":{"background-color":"var(--ast-global-color-5)","background-image":"","background-repeat":"repeat","background-position":"center center","background-size":"auto","background-attachment":"scroll","background-type":"","background-media":"","overlay-type":"","overlay-color":"","overlay-gradient":""}}},"product_cat":[35],"product_tag":[],"class_list":{"0":"post-3869","1":"product","2":"type-product","3":"status-publish","4":"has-post-thumbnail","6":"product_cat-10-40-5kv-indoor-sf6-load-break-switch-flrn36-lbs","7":"desktop-align-left","8":"tablet-align-left","9":"mobile-align-left","11":"first","12":"instock","13":"shipping-taxable","14":"product-type-simple"},"_links":{"self":[{"href":"https:\/\/www.xminsulation.com\/it\/wp-json\/wp\/v2\/product\/3869","targetHints":{"allow":["GET"]}}],"collection":[{"href":"https:\/\/www.xminsulation.com\/it\/wp-json\/wp\/v2\/product"}],"about":[{"href":"https:\/\/www.xminsulation.com\/it\/wp-json\/wp\/v2\/types\/product"}],"wp:featuredmedia":[{"embeddable":true,"href":"https:\/\/www.xminsulation.com\/it\/wp-json\/wp\/v2\/media\/3882"}],"wp:attachment":[{"href":"https:\/\/www.xminsulation.com\/it\/wp-json\/wp\/v2\/media?parent=3869"}],"wp:term":[{"taxonomy":"product_cat","embeddable":true,"href":"https:\/\/www.xminsulation.com\/it\/wp-json\/wp\/v2\/product_cat?post=3869"},{"taxonomy":"product_tag","embeddable":true,"href":"https:\/\/www.xminsulation.com\/it\/wp-json\/wp\/v2\/product_tag?post=3869"}],"curies":[{"name":"wp","href":"https:\/\/api.w.org\/{rel}","templated":true}]}}