{"id":3123,"date":"2024-09-13T23:49:09","date_gmt":"2024-09-13T15:49:09","guid":{"rendered":"https:\/\/www.xminsulation.com\/?post_type=product&#038;p=3123"},"modified":"2024-09-13T23:49:09","modified_gmt":"2024-09-13T15:49:09","slug":"40-5kv-630a-1250a-new-energy-vacuum-circuit-breaker-vcb","status":"publish","type":"product","link":"https:\/\/www.xminsulation.com\/it\/product\/40-5kv-630a-1250a-new-energy-vacuum-circuit-breaker-vcb\/","title":{"rendered":"Interruttore automatico sottovuoto New Energy VCB da 40,5 kV 630 A\/1250 A"},"content":{"rendered":"<p><img fetchpriority=\"high\" decoding=\"async\" class=\"alignnone wp-image-3124 size-full\" src=\"https:\/\/www.xminsulation.com\/wp-content\/uploads\/2024\/09\/\u56fe\u72471-1.png\" alt=\"\" width=\"1500\" height=\"1500\" srcset=\"https:\/\/www.xminsulation.com\/wp-content\/uploads\/2024\/09\/\u56fe\u72471-1.png 1500w, https:\/\/www.xminsulation.com\/wp-content\/uploads\/2024\/09\/\u56fe\u72471-1-300x300.png 300w, https:\/\/www.xminsulation.com\/wp-content\/uploads\/2024\/09\/\u56fe\u72471-1-1024x1024.png 1024w, https:\/\/www.xminsulation.com\/wp-content\/uploads\/2024\/09\/\u56fe\u72471-1-150x150.png 150w, https:\/\/www.xminsulation.com\/wp-content\/uploads\/2024\/09\/\u56fe\u72471-1-768x768.png 768w, https:\/\/www.xminsulation.com\/wp-content\/uploads\/2024\/09\/\u56fe\u72471-1-12x12.png 12w, https:\/\/www.xminsulation.com\/wp-content\/uploads\/2024\/09\/\u56fe\u72471-1-600x600.png 600w, https:\/\/www.xminsulation.com\/wp-content\/uploads\/2024\/09\/\u56fe\u72471-1-100x100.png 100w\" sizes=\"(max-width: 1500px) 100vw, 1500px\" \/><\/p>\n<h2><strong><b>Informazioni generali<\/b><\/strong><\/h2>\n<p>L&#039;interruttore automatico sottovuoto ad alta tensione CA da 40,5 kV 630 A\/1250 A per interni \u00e8 un interruttore automatico sottovuoto combinato da 40,5 kV di nuova generazione (isolamento, interruttore automatico sottovuoto, tipo con messa a terra integrata), adatto per reti di trasmissione e distribuzione di energia CA 50 Hz\/60 Hz, tensione nominale di 40,5 kV, ampiamente utilizzato nella generazione di energia eolica, solare, nelle centrali elettriche ad accumulo di energia e nei progetti di reti di distribuzione urbana. Questo prodotto \u00e8 di piccole dimensioni, facile da installare, semplice da utilizzare e pu\u00f2 raggiungere il controllo a lunga distanza. La sua struttura \u00e8 scientifica e ragionevole, il suo funzionamento \u00e8 flessibile e affidabile e presenta evidenti fratture di isolamento. \u00c8 dotato di dispositivi di interblocco meccanici ed elettrici completi e offre un&#039;affidabilit\u00e0 operativa e una durata estremamente elevate. Con il relativo quadro elettrico, pu\u00f2 raggiungere funzioni di distribuzione di energia sicure e garantire la sicurezza degli operatori e delle apparecchiature.<\/p>\n<p><img decoding=\"async\" class=\"alignnone wp-image-3125 size-full\" src=\"https:\/\/www.xminsulation.com\/wp-content\/uploads\/2024\/09\/\u56fe\u72472-1.png\" alt=\"\" width=\"1496\" height=\"1728\" srcset=\"https:\/\/www.xminsulation.com\/wp-content\/uploads\/2024\/09\/\u56fe\u72472-1.png 1496w, https:\/\/www.xminsulation.com\/wp-content\/uploads\/2024\/09\/\u56fe\u72472-1-260x300.png 260w, https:\/\/www.xminsulation.com\/wp-content\/uploads\/2024\/09\/\u56fe\u72472-1-887x1024.png 887w, https:\/\/www.xminsulation.com\/wp-content\/uploads\/2024\/09\/\u56fe\u72472-1-768x887.png 768w, https:\/\/www.xminsulation.com\/wp-content\/uploads\/2024\/09\/\u56fe\u72472-1-1330x1536.png 1330w, https:\/\/www.xminsulation.com\/wp-content\/uploads\/2024\/09\/\u56fe\u72472-1-10x12.png 10w, https:\/\/www.xminsulation.com\/wp-content\/uploads\/2024\/09\/\u56fe\u72472-1-600x693.png 600w\" sizes=\"(max-width: 1496px) 100vw, 1496px\" \/> <img decoding=\"async\" class=\"alignnone wp-image-3126 size-full\" src=\"https:\/\/www.xminsulation.com\/wp-content\/uploads\/2024\/09\/\u56fe\u72473-1.png\" alt=\"\" width=\"1464\" height=\"1042\" srcset=\"https:\/\/www.xminsulation.com\/wp-content\/uploads\/2024\/09\/\u56fe\u72473-1.png 1464w, https:\/\/www.xminsulation.com\/wp-content\/uploads\/2024\/09\/\u56fe\u72473-1-300x214.png 300w, https:\/\/www.xminsulation.com\/wp-content\/uploads\/2024\/09\/\u56fe\u72473-1-1024x729.png 1024w, https:\/\/www.xminsulation.com\/wp-content\/uploads\/2024\/09\/\u56fe\u72473-1-768x547.png 768w, https:\/\/www.xminsulation.com\/wp-content\/uploads\/2024\/09\/\u56fe\u72473-1-18x12.png 18w, https:\/\/www.xminsulation.com\/wp-content\/uploads\/2024\/09\/\u56fe\u72473-1-600x427.png 600w\" sizes=\"(max-width: 1464px) 100vw, 1464px\" \/><\/p>\n<h2><strong><b>Condizioni d&#039;uso<\/b><\/strong><\/h2>\n<p>&nbsp;<\/p>\n<p>Temperatura ambiente: limite superiore +40\u2103; limite inferiore -15\u2103; altitudine: altitudine \u22641000m;<\/p>\n<p>Umidit\u00e0 relativa: il valore medio giornaliero non \u00e8 superiore a 95%, il valore medio mensile non \u00e8 superiore a 90%; intensit\u00e0 del terremoto: non pi\u00f9 di 8 gradi;<\/p>\n<p>Non vi \u00e8 alcun rischio di incendio, esplosione, corrosione chimica o forti vibrazioni; livello di inquinamento: Livello I.<\/p>\n<p>Nota: eventuali requisiti ambientali particolari devono essere chiaramente indicati nei dettagli dell&#039;ordine.<\/p>\n<p>&nbsp;<\/p>\n<h2><strong><b>Diagramma delle dimensioni VCB<\/b><\/strong><\/h2>\n<p><img loading=\"lazy\" decoding=\"async\" class=\"alignnone wp-image-3127 size-full\" src=\"https:\/\/www.xminsulation.com\/wp-content\/uploads\/2024\/09\/\u56fe\u72474-1.png\" alt=\"\" width=\"921\" height=\"674\" srcset=\"https:\/\/www.xminsulation.com\/wp-content\/uploads\/2024\/09\/\u56fe\u72474-1.png 921w, https:\/\/www.xminsulation.com\/wp-content\/uploads\/2024\/09\/\u56fe\u72474-1-300x220.png 300w, https:\/\/www.xminsulation.com\/wp-content\/uploads\/2024\/09\/\u56fe\u72474-1-768x562.png 768w, https:\/\/www.xminsulation.com\/wp-content\/uploads\/2024\/09\/\u56fe\u72474-1-16x12.png 16w, https:\/\/www.xminsulation.com\/wp-content\/uploads\/2024\/09\/\u56fe\u72474-1-600x439.png 600w\" sizes=\"(max-width: 921px) 100vw, 921px\" \/> <img loading=\"lazy\" decoding=\"async\" class=\"alignnone wp-image-3128 size-large\" src=\"https:\/\/www.xminsulation.com\/wp-content\/uploads\/2024\/09\/\u56fe\u72475-1-1024x704.png\" alt=\"\" width=\"1024\" height=\"704\" srcset=\"https:\/\/www.xminsulation.com\/wp-content\/uploads\/2024\/09\/\u56fe\u72475-1-1024x704.png 1024w, https:\/\/www.xminsulation.com\/wp-content\/uploads\/2024\/09\/\u56fe\u72475-1-300x206.png 300w, https:\/\/www.xminsulation.com\/wp-content\/uploads\/2024\/09\/\u56fe\u72475-1-768x528.png 768w, https:\/\/www.xminsulation.com\/wp-content\/uploads\/2024\/09\/\u56fe\u72475-1-18x12.png 18w, https:\/\/www.xminsulation.com\/wp-content\/uploads\/2024\/09\/\u56fe\u72475-1-600x413.png 600w, https:\/\/www.xminsulation.com\/wp-content\/uploads\/2024\/09\/\u56fe\u72475-1.png 1159w\" sizes=\"(max-width: 1024px) 100vw, 1024px\" \/> <img loading=\"lazy\" decoding=\"async\" class=\"alignnone wp-image-3129 size-full\" src=\"https:\/\/www.xminsulation.com\/wp-content\/uploads\/2024\/09\/\u56fe\u72476-1.png\" alt=\"\" width=\"941\" height=\"443\" srcset=\"https:\/\/www.xminsulation.com\/wp-content\/uploads\/2024\/09\/\u56fe\u72476-1.png 941w, https:\/\/www.xminsulation.com\/wp-content\/uploads\/2024\/09\/\u56fe\u72476-1-300x141.png 300w, https:\/\/www.xminsulation.com\/wp-content\/uploads\/2024\/09\/\u56fe\u72476-1-768x362.png 768w, https:\/\/www.xminsulation.com\/wp-content\/uploads\/2024\/09\/\u56fe\u72476-1-18x8.png 18w, https:\/\/www.xminsulation.com\/wp-content\/uploads\/2024\/09\/\u56fe\u72476-1-600x282.png 600w\" sizes=\"(max-width: 941px) 100vw, 941px\" \/><\/p>\n<h2><strong><b>Installare<\/b><\/strong><strong><b>azione<\/b><\/strong><\/h2>\n<p>&nbsp;<\/p>\n<p>Il prodotto deve essere installato in un telaio metallico in cui sia possibile osservare lo stato di apertura e chiusura dell&#039;interruttore di isolamento. Utilizzare sei bulloni M16 per passare attraverso i fori di montaggio sul rack e collegarli al telaio fisso. Durante l&#039;installazione, l&#039;interruttore di isolamento e la camera di spegnimento dell&#039;arco elettrico devono essere in stato aperto.<\/p>\n<p>Prima dell&#039;installazione, utilizzare un panno morbido e pulito per rimuovere l&#039;olio e la polvere dalle parti isolanti e dai contatti conduttivi. Ogni parte rotante deve essere ricoperta di lubrificante antigelo neutro e gli elementi di fissaggio devono essere serrati. Durante l&#039;installazione, la barra collettrice non deve esercitare alcuna forza esterna sui terminali dell&#039;interruttore. La superficie di contatto tra la barra collettrice e l&#039;interruttore deve essere piana.<\/p>\n<p>&nbsp;<\/p>\n<h2><strong><b>M<\/b><\/strong><strong><b>manutenzione<\/b><\/strong><\/h2>\n<p>&nbsp;<\/p>\n<p>Gli interventi di manutenzione servono a garantire il funzionamento sicuro, affidabile e continuo delle apparecchiature di commutazione, a mantenerne le buone condizioni di funzionamento e a prolungarne la durata. Generalmente, si suddividono in ispezione, manutenzione e riparazione. Prima di eseguire la manutenzione, assicurarsi che tutte le fonti di alimentazione siano scollegate (circuito primario e secondario), che l&#039;apparecchiatura di commutazione sia correttamente messa a terra e che il sensore sia in stato di scarica.<\/p>\n<p>&nbsp;<\/p>\n<ol>\n<li>Controllare per determinare le effettive condizioni dell&#039;attrezzatura.<\/li>\n<li>In normali condizioni di funzionamento, l&#039;apparecchiatura di commutazione deve essere ispezionata un anno dopo aver lasciato la fabbrica o dopo 1.500 operazioni, a seconda di quale evento si verifichi per primo.<\/li>\n<li>Ispezione estetica: verifica della presenza di sporco, umidit\u00e0, corrosione o scariche sulla superficie delle parti isolanti; affidabilit\u00e0 del contatto dei contatti di isolamento; allentamento dei dispositivi di fissaggio; integrit\u00e0 dell&#039;indicatore di posizione e assenza di deformazioni della biella, dell&#039;albero rotante e del braccio. Assenza di crepe e perni dell&#039;albero integri; assenza di scariche, rumori anomali, danni o scolorimento nella camera di spegnimento dell&#039;arco; buona crimpatura del cablaggio secondario e assenza di scolorimento da surriscaldamento o rottura dei fili.<\/li>\n<li>Se durante l&#039;ispezione vengono rilevate condizioni anomale, l&#039;apparecchiatura di commutazione deve essere sottoposta a manutenzione o riparata.<\/li>\n<\/ol>\n<p>&nbsp;<\/p>\n<ol start=\"2\">\n<li>Manutenzione: mantenere l&#039;attrezzatura in buone condizioni di funzionamento e prolungarne la durata utile.<\/li>\n<li>In normali condizioni di funzionamento, la manutenzione necessaria per l&#039;apparecchiatura di commutazione \u00e8 di una volta ogni due anni dalla sua messa in funzione.<\/li>\n<li>Prima di effettuare lavori di manutenzione, l&#039;area di lavoro deve essere isolata in conformit\u00e0 alle normative vigenti e devono essere prese le opportune misure di sicurezza per impedire che altri possano azionare in modo improprio l&#039;interruttore.<\/li>\n<li>Pulizia: utilizzare un panno morbido e asciutto per rimuovere polvere e sporco leggero dalla superficie delle parti isolanti e dei contatti. Pulire e asciugare lo sporco difficile da rimuovere con un detergente alcalino delicato.<\/li>\n<li>Lubrificazione: compresa la parte di trasmissione dell&#039;apparecchiatura di commutazione.<\/li>\n<li>Serraggio: serrare i dadi o i bulloni rilevati durante l&#039;ispezione e apporre i segni di serraggio.<\/li>\n<li>Funzionamento: eseguire le operazioni di chiusura e apertura dell&#039;apparecchiatura di commutazione, verificare che le istruzioni di apertura e chiusura siano corrette e che la commutazione dei componenti elettrici sia normale.<\/li>\n<\/ol>\n<p>&nbsp;<\/p>\n<ol start=\"3\">\n<li>Riparare e ripristinare il normale funzionamento dell&#039;apparecchiatura.<\/li>\n<li>Se durante l&#039;ispezione o la manutenzione si riscontra un&#039;anomalia nell&#039;interruttore, \u00e8 necessario effettuare le riparazioni necessarie all&#039;apparecchiatura di commutazione.<\/li>\n<li>Assicurarsi che il personale addetto alla manutenzione non corra il rischio di ripristinare l&#039;alimentazione elettrica durante i lavori di manutenzione.<\/li>\n<li>Le operazioni di manutenzione devono essere eseguite da personale appositamente formato e con una conoscenza approfondita di questa apparecchiatura di commutazione oppure dai tecnici del servizio post-vendita della nostra azienda.<\/li>\n<\/ol>\n<h2><strong><b>Trasporti <\/b><\/strong><strong><b>e<\/b><\/strong><strong><b>\u00a0<\/b><\/strong><strong><b>S<\/b><\/strong><strong><b>stoccaggio<\/b><\/strong><\/h2>\n<p>&nbsp;<\/p>\n<ol>\n<li>L&#039;imballaggio del prodotto deve essere antiurto e resistente all&#039;umidit\u00e0. Durante lo spostamento e il trasporto dell&#039;interruttore, non sono ammessi ribaltamenti o urti. Quando si solleva l&#039;interruttore, il punto focale deve essere posizionato esclusivamente sul telaio.<\/li>\n<li>Il prodotto deve essere conservato in un ambiente asciutto e ventilato, privo di gas nocivi. In caso di stoccaggio prolungato, applicare grasso per basse temperature alla parte rotante dell&#039;interruttore e controllare regolarmente le condizioni ambientali per verificarne la conformit\u00e0 ai requisiti.<\/li>\n<\/ol>","protected":false},"excerpt":{"rendered":"<p>General Information The 40.5kV 630A\/1250A\u00a0indoor AC high-voltage vacuum circuit breaker is a new generation of 40.5kV combined vacuum circuit breaker (isolation, vacuum circuit breaker, Integrated grounding type), suitable for AC 50Hz\/60Hz, rated voltage 40.5kV power transmission and distribution network, widely used in wind power generation, solar power generation, energy storage power stations and urban distribution [&hellip;]<\/p>","protected":false},"featured_media":3130,"template":"","meta":{"site-sidebar-layout":"default","site-content-layout":"","ast-site-content-layout":"default","site-content-style":"default","site-sidebar-style":"default","ast-global-header-display":"","ast-banner-title-visibility":"","ast-main-header-display":"","ast-hfb-above-header-display":"","ast-hfb-below-header-display":"","ast-hfb-mobile-header-display":"","site-post-title":"","ast-breadcrumbs-content":"","ast-featured-img":"","footer-sml-layout":"","theme-transparent-header-meta":"default","adv-header-id-meta":"","stick-header-meta":"","header-above-stick-meta":"","header-main-stick-meta":"","header-below-stick-meta":"","astra-migrate-meta-layouts":"set","ast-page-background-enabled":"default","ast-page-background-meta":{"desktop":{"background-color":"","background-image":"","background-repeat":"repeat","background-position":"center center","background-size":"auto","background-attachment":"scroll","background-type":"","background-media":"","overlay-type":"","overlay-color":"","overlay-gradient":""},"tablet":{"background-color":"","background-image":"","background-repeat":"repeat","background-position":"center center","background-size":"auto","background-attachment":"scroll","background-type":"","background-media":"","overlay-type":"","overlay-color":"","overlay-gradient":""},"mobile":{"background-color":"","background-image":"","background-repeat":"repeat","background-position":"center center","background-size":"auto","background-attachment":"scroll","background-type":"","background-media":"","overlay-type":"","overlay-color":"","overlay-gradient":""}},"ast-content-background-meta":{"desktop":{"background-color":"var(--ast-global-color-5)","background-image":"","background-repeat":"repeat","background-position":"center center","background-size":"auto","background-attachment":"scroll","background-type":"","background-media":"","overlay-type":"","overlay-color":"","overlay-gradient":""},"tablet":{"background-color":"var(--ast-global-color-5)","background-image":"","background-repeat":"repeat","background-position":"center center","background-size":"auto","background-attachment":"scroll","background-type":"","background-media":"","overlay-type":"","overlay-color":"","overlay-gradient":""},"mobile":{"background-color":"var(--ast-global-color-5)","background-image":"","background-repeat":"repeat","background-position":"center center","background-size":"auto","background-attachment":"scroll","background-type":"","background-media":"","overlay-type":"","overlay-color":"","overlay-gradient":""}}},"product_cat":[59],"product_tag":[],"class_list":{"0":"post-3123","1":"product","2":"type-product","3":"status-publish","4":"has-post-thumbnail","6":"product_cat-40-5kv-630a-1250a-new-energy-vacuum-circuit-breaker-vcb","7":"desktop-align-left","8":"tablet-align-left","9":"mobile-align-left","11":"first","12":"instock","13":"shipping-taxable","14":"product-type-simple"},"_links":{"self":[{"href":"https:\/\/www.xminsulation.com\/it\/wp-json\/wp\/v2\/product\/3123","targetHints":{"allow":["GET"]}}],"collection":[{"href":"https:\/\/www.xminsulation.com\/it\/wp-json\/wp\/v2\/product"}],"about":[{"href":"https:\/\/www.xminsulation.com\/it\/wp-json\/wp\/v2\/types\/product"}],"wp:featuredmedia":[{"embeddable":true,"href":"https:\/\/www.xminsulation.com\/it\/wp-json\/wp\/v2\/media\/3130"}],"wp:attachment":[{"href":"https:\/\/www.xminsulation.com\/it\/wp-json\/wp\/v2\/media?parent=3123"}],"wp:term":[{"taxonomy":"product_cat","embeddable":true,"href":"https:\/\/www.xminsulation.com\/it\/wp-json\/wp\/v2\/product_cat?post=3123"},{"taxonomy":"product_tag","embeddable":true,"href":"https:\/\/www.xminsulation.com\/it\/wp-json\/wp\/v2\/product_tag?post=3123"}],"curies":[{"name":"wp","href":"https:\/\/api.w.org\/{rel}","templated":true}]}}