{"id":2258,"date":"2024-05-17T18:04:05","date_gmt":"2024-05-17T10:04:05","guid":{"rendered":"http:\/\/www.xminsulation.com\/?post_type=product&#038;p=2258"},"modified":"2024-05-17T18:04:06","modified_gmt":"2024-05-17T10:04:06","slug":"flw34-12-40-5kv-intelligent-outdoor-sf6-load-break-switch","status":"publish","type":"product","link":"https:\/\/www.xminsulation.com\/it\/product\/flw34-12-40-5kv-intelligent-outdoor-sf6-load-break-switch\/","title":{"rendered":"Interruttore di carico intelligente SF6 per esterni FLW34-12\/40,5 kV"},"content":{"rendered":"<p><img fetchpriority=\"high\" decoding=\"async\" class=\"alignnone wp-image-2260 size-full\" src=\"http:\/\/www.xminsulation.com\/wp-content\/uploads\/2024\/05\/\u56fe\u7247164-2.png\" alt=\"\" width=\"1000\" height=\"744\" srcset=\"https:\/\/www.xminsulation.com\/wp-content\/uploads\/2024\/05\/\u56fe\u7247164-2.png 1000w, https:\/\/www.xminsulation.com\/wp-content\/uploads\/2024\/05\/\u56fe\u7247164-2-300x223.png 300w, https:\/\/www.xminsulation.com\/wp-content\/uploads\/2024\/05\/\u56fe\u7247164-2-768x571.png 768w, https:\/\/www.xminsulation.com\/wp-content\/uploads\/2024\/05\/\u56fe\u7247164-2-600x446.png 600w\" sizes=\"(max-width: 1000px) 100vw, 1000px\" \/> <img decoding=\"async\" class=\"alignnone wp-image-2261 size-full\" src=\"http:\/\/www.xminsulation.com\/wp-content\/uploads\/2024\/05\/\u56fe\u7247165-1.jpg\" alt=\"\" width=\"1000\" height=\"1000\" srcset=\"https:\/\/www.xminsulation.com\/wp-content\/uploads\/2024\/05\/\u56fe\u7247165-1.jpg 1000w, https:\/\/www.xminsulation.com\/wp-content\/uploads\/2024\/05\/\u56fe\u7247165-1-300x300.jpg 300w, https:\/\/www.xminsulation.com\/wp-content\/uploads\/2024\/05\/\u56fe\u7247165-1-150x150.jpg 150w, https:\/\/www.xminsulation.com\/wp-content\/uploads\/2024\/05\/\u56fe\u7247165-1-768x768.jpg 768w, https:\/\/www.xminsulation.com\/wp-content\/uploads\/2024\/05\/\u56fe\u7247165-1-600x600.jpg 600w, https:\/\/www.xminsulation.com\/wp-content\/uploads\/2024\/05\/\u56fe\u7247165-1-100x100.jpg 100w\" sizes=\"(max-width: 1000px) 100vw, 1000px\" \/> <img decoding=\"async\" class=\"alignnone wp-image-2262 size-full\" src=\"http:\/\/www.xminsulation.com\/wp-content\/uploads\/2024\/05\/\u56fe\u7247166-1.png\" alt=\"\" width=\"1000\" height=\"1415\" srcset=\"https:\/\/www.xminsulation.com\/wp-content\/uploads\/2024\/05\/\u56fe\u7247166-1.png 1000w, https:\/\/www.xminsulation.com\/wp-content\/uploads\/2024\/05\/\u56fe\u7247166-1-212x300.png 212w, https:\/\/www.xminsulation.com\/wp-content\/uploads\/2024\/05\/\u56fe\u7247166-1-724x1024.png 724w, https:\/\/www.xminsulation.com\/wp-content\/uploads\/2024\/05\/\u56fe\u7247166-1-768x1087.png 768w, https:\/\/www.xminsulation.com\/wp-content\/uploads\/2024\/05\/\u56fe\u7247166-1-600x849.png 600w\" sizes=\"(max-width: 1000px) 100vw, 1000px\" \/><\/p>\n<h2><strong><b>P<\/b><\/strong><strong><b>prodotto <\/b><\/strong><strong><b>D<\/b><\/strong><strong><b>escrizione<\/b><\/strong><\/h2>\n<p>L&#039;interruttore di carico SF6 montato su palo FLW34-12\/40,5 kV \u00e8 un set completo di prodotti di interruttori montati su palo sviluppati in conformit\u00e0 con gli standard di fusione primaria e secondaria. L&#039;interruttore ha una struttura compatta, un layout ragionevole e funzioni complete. Tutti gli indicatori soddisfano i requisiti tecnici di fusione primaria e secondaria. \u00c8 un set completo di prodotti per interruttori montati su palo per l&#039;automazione della distribuzione di energia esterna. L&#039;interruttore di carico adotta il principio di estinzione dell&#039;arco SF6 e ha trasformatori di corrente ad alta precisione integrati, trasformatori di corrente a sequenza zero e sensori di tensione a sequenza zero. Questo set completo di interruttori pu\u00f2 essere applicato per caricare correnti e sovraccarichi nei sistemi di interruzione e chiusura delle reti di distribuzione di media tensione. corrente, in grado di isolare automaticamente sezioni di linee di distribuzione difettose.<\/p>\n<h2><strong><b>Primo e <\/b><\/strong><strong><b>S<\/b><\/strong><strong><b>secondo <\/b><\/strong><strong><b>F<\/b><\/strong><strong><b>uso <\/b><\/strong><strong><b>F<\/b><\/strong><strong><b>mangia<\/b><\/strong><\/h2>\n<p><strong><b>SF6 primario <\/b><\/strong><strong><b>L<\/b><\/strong><strong><b>carico <\/b><\/strong><strong><b>S<\/b><\/strong><strong><b>strega <\/b><\/strong><strong><b>P<\/b><\/strong><strong><b>arte:<\/b><\/strong><\/p>\n<ol>\n<li>Il corpo utilizza gas SF6 ad alta purezza (oltre 99,9%) con buone propriet\u00e0 di isolamento e spegnimento dell&#039;arco. Ha un tempo di spegnimento dell&#039;arco estremamente breve (1\/2 ciclo) e buone caratteristiche di recupero dell&#039;isolamento e ha prestazioni di isolamento superiori. Inoltre, il tempo di spegnimento dell&#039;arco quando la corrente di carico viene interrotta \u00e8 molto breve e il consumo di contatto della parte di interruzione \u00e8 ridotto, quindi non \u00e8 necessaria la manutenzione e la sostituzione della parte di interruzione.<\/li>\n<li>La scatola dell&#039;interruttore \u00e8 realizzata in acciaio inossidabile 304 per soddisfare i requisiti di resistenza alla corrosione per un uso permanente.<\/li>\n<li>Viene adottato il meccanismo operativo di accumulo di energia a molla, l&#039;accumulo di energia viene mantenuto meccanicamente e vengono adottate le operazioni di chiusura rapida e apertura rapida manuali ed elettriche. Ha un&#039;apertura e una chiusura rapide in meno di 60 ms e ha una buona compatibilit\u00e0 con la protezione del dispositivo di protezione di backup.<\/li>\n<li>Dotato di meccanismo di bloccaggio manuale per evitare manovre errate durante la manutenzione e migliorare il fattore sicurezza.<\/li>\n<li>Dotata di un dispositivo di sicurezza ad alta pressione, la scatola non verr\u00e0 danneggiata da un improvviso aumento della pressione del gas al suo interno, anche in caso di guasto interno.<\/li>\n<\/ol>\n<p><strong><b>Secondario <\/b><\/strong><strong><b>IO<\/b><\/strong><strong><b>intelligente <\/b><\/strong><strong><b>C<\/b><\/strong><strong><b>controllore <\/b><\/strong><strong><b>P<\/b><\/strong><strong><b>arte:<\/b><\/strong><\/p>\n<ol>\n<li>Conforme allo standard IEC 61850 per ottenere la funzionalit\u00e0 plug and play.<\/li>\n<li>Adotta un processore di segnale digitale ad alte prestazioni e un array logico programmabile sul campo su larga scala, ha potenti capacit\u00e0 di elaborazione dati in tempo reale e ricche risorse di memoria e soddisfa i requisiti applicativi di software applicativo avanzato e comunicazione, gestione del sistema, interazione uomo-computer e altre funzioni.<\/li>\n<li>Pu\u00f2 essere configurato in modo flessibile in base alle esigenze per facilitare la realizzazione di funzioni \u201cdue remoti\u201d o \u201ctre remoti\u201d.<\/li>\n<li>Struttura modulare e standardizzata, che utilizza bus seriale ad alta velocit\u00e0 in tempo reale, espansione flessibile e facile manutenzione.<\/li>\n<li>Basato sul sistema operativo Linux in tempo reale, adotta una struttura software gerarchica e modulare. Le applicazioni accedono alle risorse e ai dati sottostanti tramite interfacce aperte, separano i dati dalle applicazioni e supportano il caricamento e lo scaricamento dinamici delle applicazioni. Le applicazioni sono plug-and-play. Fornisce una piattaforma di supporto unificata per varie applicazioni di reti di distribuzione intelligenti.<\/li>\n<\/ol>\n<h2><strong>Dimensioni<\/strong><\/h2>\n<p><img loading=\"lazy\" decoding=\"async\" class=\"alignnone wp-image-2263 size-large\" src=\"http:\/\/www.xminsulation.com\/wp-content\/uploads\/2024\/05\/\u56fe\u7247167-1-1024x731.png\" alt=\"\" width=\"1024\" height=\"731\" srcset=\"https:\/\/www.xminsulation.com\/wp-content\/uploads\/2024\/05\/\u56fe\u7247167-1-1024x731.png 1024w, https:\/\/www.xminsulation.com\/wp-content\/uploads\/2024\/05\/\u56fe\u7247167-1-300x214.png 300w, https:\/\/www.xminsulation.com\/wp-content\/uploads\/2024\/05\/\u56fe\u7247167-1-768x548.png 768w, https:\/\/www.xminsulation.com\/wp-content\/uploads\/2024\/05\/\u56fe\u7247167-1-1536x1096.png 1536w, https:\/\/www.xminsulation.com\/wp-content\/uploads\/2024\/05\/\u56fe\u7247167-1-2048x1462.png 2048w, https:\/\/www.xminsulation.com\/wp-content\/uploads\/2024\/05\/\u56fe\u7247167-1-600x428.png 600w\" sizes=\"(max-width: 1024px) 100vw, 1024px\" \/> <img loading=\"lazy\" decoding=\"async\" class=\"alignnone wp-image-2264 size-large\" src=\"http:\/\/www.xminsulation.com\/wp-content\/uploads\/2024\/05\/\u56fe\u7247168-1024x638.png\" alt=\"\" width=\"1024\" height=\"638\" srcset=\"https:\/\/www.xminsulation.com\/wp-content\/uploads\/2024\/05\/\u56fe\u7247168-1024x638.png 1024w, https:\/\/www.xminsulation.com\/wp-content\/uploads\/2024\/05\/\u56fe\u7247168-300x187.png 300w, https:\/\/www.xminsulation.com\/wp-content\/uploads\/2024\/05\/\u56fe\u7247168-768x478.png 768w, https:\/\/www.xminsulation.com\/wp-content\/uploads\/2024\/05\/\u56fe\u7247168-1536x957.png 1536w, https:\/\/www.xminsulation.com\/wp-content\/uploads\/2024\/05\/\u56fe\u7247168-600x374.png 600w, https:\/\/www.xminsulation.com\/wp-content\/uploads\/2024\/05\/\u56fe\u7247168.png 1920w\" sizes=\"(max-width: 1024px) 100vw, 1024px\" \/> <img loading=\"lazy\" decoding=\"async\" class=\"alignnone wp-image-2265 size-full\" src=\"http:\/\/www.xminsulation.com\/wp-content\/uploads\/2024\/05\/\u56fe\u7247169-1.png\" alt=\"\" width=\"852\" height=\"750\" srcset=\"https:\/\/www.xminsulation.com\/wp-content\/uploads\/2024\/05\/\u56fe\u7247169-1.png 852w, https:\/\/www.xminsulation.com\/wp-content\/uploads\/2024\/05\/\u56fe\u7247169-1-300x264.png 300w, https:\/\/www.xminsulation.com\/wp-content\/uploads\/2024\/05\/\u56fe\u7247169-1-768x676.png 768w, https:\/\/www.xminsulation.com\/wp-content\/uploads\/2024\/05\/\u56fe\u7247169-1-600x528.png 600w\" sizes=\"(max-width: 852px) 100vw, 852px\" \/> <img loading=\"lazy\" decoding=\"async\" class=\"alignnone wp-image-2266 size-full\" src=\"http:\/\/www.xminsulation.com\/wp-content\/uploads\/2024\/05\/\u56fe\u7247170-1.png\" alt=\"\" width=\"852\" height=\"744\" srcset=\"https:\/\/www.xminsulation.com\/wp-content\/uploads\/2024\/05\/\u56fe\u7247170-1.png 852w, https:\/\/www.xminsulation.com\/wp-content\/uploads\/2024\/05\/\u56fe\u7247170-1-300x262.png 300w, https:\/\/www.xminsulation.com\/wp-content\/uploads\/2024\/05\/\u56fe\u7247170-1-768x671.png 768w, https:\/\/www.xminsulation.com\/wp-content\/uploads\/2024\/05\/\u56fe\u7247170-1-600x524.png 600w\" sizes=\"(max-width: 852px) 100vw, 852px\" \/> <img loading=\"lazy\" decoding=\"async\" class=\"alignnone wp-image-2267 size-full\" src=\"http:\/\/www.xminsulation.com\/wp-content\/uploads\/2024\/05\/\u56fe\u7247171-1.png\" alt=\"\" width=\"852\" height=\"766\" srcset=\"https:\/\/www.xminsulation.com\/wp-content\/uploads\/2024\/05\/\u56fe\u7247171-1.png 852w, https:\/\/www.xminsulation.com\/wp-content\/uploads\/2024\/05\/\u56fe\u7247171-1-300x270.png 300w, https:\/\/www.xminsulation.com\/wp-content\/uploads\/2024\/05\/\u56fe\u7247171-1-768x690.png 768w, https:\/\/www.xminsulation.com\/wp-content\/uploads\/2024\/05\/\u56fe\u7247171-1-600x539.png 600w\" sizes=\"(max-width: 852px) 100vw, 852px\" \/> <img loading=\"lazy\" decoding=\"async\" class=\"alignnone wp-image-2268 size-full\" src=\"http:\/\/www.xminsulation.com\/wp-content\/uploads\/2024\/05\/\u56fe\u7247172-1.png\" alt=\"\" width=\"754\" height=\"828\" srcset=\"https:\/\/www.xminsulation.com\/wp-content\/uploads\/2024\/05\/\u56fe\u7247172-1.png 754w, https:\/\/www.xminsulation.com\/wp-content\/uploads\/2024\/05\/\u56fe\u7247172-1-273x300.png 273w, https:\/\/www.xminsulation.com\/wp-content\/uploads\/2024\/05\/\u56fe\u7247172-1-600x659.png 600w\" sizes=\"(max-width: 754px) 100vw, 754px\" \/><\/p>\n<h2><strong><b>Illustrazione dell&#039;installazione<\/b><\/strong><\/h2>\n<p><img loading=\"lazy\" decoding=\"async\" class=\"alignnone wp-image-2269 size-full\" src=\"http:\/\/www.xminsulation.com\/wp-content\/uploads\/2024\/05\/\u56fe\u7247173-1.png\" alt=\"\" width=\"975\" height=\"837\" srcset=\"https:\/\/www.xminsulation.com\/wp-content\/uploads\/2024\/05\/\u56fe\u7247173-1.png 975w, https:\/\/www.xminsulation.com\/wp-content\/uploads\/2024\/05\/\u56fe\u7247173-1-300x258.png 300w, https:\/\/www.xminsulation.com\/wp-content\/uploads\/2024\/05\/\u56fe\u7247173-1-768x659.png 768w, https:\/\/www.xminsulation.com\/wp-content\/uploads\/2024\/05\/\u56fe\u7247173-1-600x515.png 600w\" sizes=\"(max-width: 975px) 100vw, 975px\" \/><\/p>\n<h2>\u25c6Personalizzazione speciale<\/h2>\n<p>I parametri sopra indicati sono dati tipici; se gli stili esistenti non soddisfano le tue richieste specifiche, contattaci per un design personalizzato. Disponiamo di significative capacit\u00e0 di sviluppo e produzione di personalizzazioni personalizzate, che ci consentono di fornire soluzioni su misura a clienti in tutto il mondo.<\/p>\n<p>&nbsp;<\/p>","protected":false},"excerpt":{"rendered":"<p>Product Description FLW34-12\/40.5kV pole-mounted SF6 load switch is a complete set of pole-mounted switch products developed in accordance with primary and secondary fusion standards. The switch has a compact structure, reasonable layout, and complete functions. All indicators meet the primary and secondary fusion technical requirements. It is Complete set of products for outdoor power distribution [&hellip;]<\/p>","protected":false},"featured_media":2259,"template":"","meta":{"site-sidebar-layout":"default","site-content-layout":"","ast-site-content-layout":"default","site-content-style":"default","site-sidebar-style":"default","ast-global-header-display":"","ast-banner-title-visibility":"","ast-main-header-display":"","ast-hfb-above-header-display":"","ast-hfb-below-header-display":"","ast-hfb-mobile-header-display":"","site-post-title":"","ast-breadcrumbs-content":"","ast-featured-img":"","footer-sml-layout":"","theme-transparent-header-meta":"default","adv-header-id-meta":"","stick-header-meta":"","header-above-stick-meta":"","header-main-stick-meta":"","header-below-stick-meta":"","astra-migrate-meta-layouts":"set","ast-page-background-enabled":"default","ast-page-background-meta":{"desktop":{"background-color":"","background-image":"","background-repeat":"repeat","background-position":"center center","background-size":"auto","background-attachment":"scroll","background-type":"","background-media":"","overlay-type":"","overlay-color":"","overlay-gradient":""},"tablet":{"background-color":"","background-image":"","background-repeat":"repeat","background-position":"center center","background-size":"auto","background-attachment":"scroll","background-type":"","background-media":"","overlay-type":"","overlay-color":"","overlay-gradient":""},"mobile":{"background-color":"","background-image":"","background-repeat":"repeat","background-position":"center center","background-size":"auto","background-attachment":"scroll","background-type":"","background-media":"","overlay-type":"","overlay-color":"","overlay-gradient":""}},"ast-content-background-meta":{"desktop":{"background-color":"var(--ast-global-color-5)","background-image":"","background-repeat":"repeat","background-position":"center center","background-size":"auto","background-attachment":"scroll","background-type":"","background-media":"","overlay-type":"","overlay-color":"","overlay-gradient":""},"tablet":{"background-color":"var(--ast-global-color-5)","background-image":"","background-repeat":"repeat","background-position":"center center","background-size":"auto","background-attachment":"scroll","background-type":"","background-media":"","overlay-type":"","overlay-color":"","overlay-gradient":""},"mobile":{"background-color":"var(--ast-global-color-5)","background-image":"","background-repeat":"repeat","background-position":"center center","background-size":"auto","background-attachment":"scroll","background-type":"","background-media":"","overlay-type":"","overlay-color":"","overlay-gradient":""}}},"product_cat":[26],"product_tag":[],"class_list":{"0":"post-2258","1":"product","2":"type-product","3":"status-publish","4":"has-post-thumbnail","6":"product_cat-10-40-5kv-outdoor-intelligent-sf6-load-break-switch","7":"desktop-align-left","8":"tablet-align-left","9":"mobile-align-left","11":"first","12":"instock","13":"shipping-taxable","14":"product-type-simple"},"_links":{"self":[{"href":"https:\/\/www.xminsulation.com\/it\/wp-json\/wp\/v2\/product\/2258","targetHints":{"allow":["GET"]}}],"collection":[{"href":"https:\/\/www.xminsulation.com\/it\/wp-json\/wp\/v2\/product"}],"about":[{"href":"https:\/\/www.xminsulation.com\/it\/wp-json\/wp\/v2\/types\/product"}],"wp:featuredmedia":[{"embeddable":true,"href":"https:\/\/www.xminsulation.com\/it\/wp-json\/wp\/v2\/media\/2259"}],"wp:attachment":[{"href":"https:\/\/www.xminsulation.com\/it\/wp-json\/wp\/v2\/media?parent=2258"}],"wp:term":[{"taxonomy":"product_cat","embeddable":true,"href":"https:\/\/www.xminsulation.com\/it\/wp-json\/wp\/v2\/product_cat?post=2258"},{"taxonomy":"product_tag","embeddable":true,"href":"https:\/\/www.xminsulation.com\/it\/wp-json\/wp\/v2\/product_tag?post=2258"}],"curies":[{"name":"wp","href":"https:\/\/api.w.org\/{rel}","templated":true}]}}