{"id":2244,"date":"2024-05-17T17:57:37","date_gmt":"2024-05-17T09:57:37","guid":{"rendered":"http:\/\/www.xminsulation.com\/?post_type=product&#038;p=2244"},"modified":"2024-05-17T17:57:37","modified_gmt":"2024-05-17T09:57:37","slug":"12kv-intelligent-outdoor-pole-mounted-sf6-circuit-breaker","status":"publish","type":"product","link":"https:\/\/www.xminsulation.com\/it\/product\/12kv-intelligent-outdoor-pole-mounted-sf6-circuit-breaker\/","title":{"rendered":"Interruttore automatico SF6 intelligente da 12 kV montato su palo per esterni"},"content":{"rendered":"<p><img fetchpriority=\"high\" decoding=\"async\" class=\"alignnone wp-image-2246 size-full\" src=\"http:\/\/www.xminsulation.com\/wp-content\/uploads\/2024\/05\/\u56fe\u7247152.png\" alt=\"\" width=\"1000\" height=\"750\" srcset=\"https:\/\/www.xminsulation.com\/wp-content\/uploads\/2024\/05\/\u56fe\u7247152.png 1000w, https:\/\/www.xminsulation.com\/wp-content\/uploads\/2024\/05\/\u56fe\u7247152-300x225.png 300w, https:\/\/www.xminsulation.com\/wp-content\/uploads\/2024\/05\/\u56fe\u7247152-768x576.png 768w, https:\/\/www.xminsulation.com\/wp-content\/uploads\/2024\/05\/\u56fe\u7247152-600x450.png 600w\" sizes=\"(max-width: 1000px) 100vw, 1000px\" \/> <img decoding=\"async\" class=\"alignnone wp-image-2247 size-full\" src=\"http:\/\/www.xminsulation.com\/wp-content\/uploads\/2024\/05\/\u56fe\u7247153-1.jpg\" alt=\"\" width=\"1000\" height=\"1000\" srcset=\"https:\/\/www.xminsulation.com\/wp-content\/uploads\/2024\/05\/\u56fe\u7247153-1.jpg 1000w, https:\/\/www.xminsulation.com\/wp-content\/uploads\/2024\/05\/\u56fe\u7247153-1-300x300.jpg 300w, https:\/\/www.xminsulation.com\/wp-content\/uploads\/2024\/05\/\u56fe\u7247153-1-150x150.jpg 150w, https:\/\/www.xminsulation.com\/wp-content\/uploads\/2024\/05\/\u56fe\u7247153-1-768x768.jpg 768w, https:\/\/www.xminsulation.com\/wp-content\/uploads\/2024\/05\/\u56fe\u7247153-1-600x600.jpg 600w, https:\/\/www.xminsulation.com\/wp-content\/uploads\/2024\/05\/\u56fe\u7247153-1-100x100.jpg 100w\" sizes=\"(max-width: 1000px) 100vw, 1000px\" \/> <img decoding=\"async\" class=\"alignnone wp-image-2248 size-full\" src=\"http:\/\/www.xminsulation.com\/wp-content\/uploads\/2024\/05\/\u56fe\u7247154-1.png\" alt=\"\" width=\"1000\" height=\"750\" srcset=\"https:\/\/www.xminsulation.com\/wp-content\/uploads\/2024\/05\/\u56fe\u7247154-1.png 1000w, https:\/\/www.xminsulation.com\/wp-content\/uploads\/2024\/05\/\u56fe\u7247154-1-300x225.png 300w, https:\/\/www.xminsulation.com\/wp-content\/uploads\/2024\/05\/\u56fe\u7247154-1-768x576.png 768w, https:\/\/www.xminsulation.com\/wp-content\/uploads\/2024\/05\/\u56fe\u7247154-1-600x450.png 600w\" sizes=\"(max-width: 1000px) 100vw, 1000px\" \/> <img loading=\"lazy\" decoding=\"async\" class=\"alignnone wp-image-2249 size-full\" src=\"http:\/\/www.xminsulation.com\/wp-content\/uploads\/2024\/05\/\u56fe\u7247155-1.png\" alt=\"\" width=\"1000\" height=\"568\" srcset=\"https:\/\/www.xminsulation.com\/wp-content\/uploads\/2024\/05\/\u56fe\u7247155-1.png 1000w, https:\/\/www.xminsulation.com\/wp-content\/uploads\/2024\/05\/\u56fe\u7247155-1-300x170.png 300w, https:\/\/www.xminsulation.com\/wp-content\/uploads\/2024\/05\/\u56fe\u7247155-1-768x436.png 768w, https:\/\/www.xminsulation.com\/wp-content\/uploads\/2024\/05\/\u56fe\u7247155-1-600x341.png 600w\" sizes=\"(max-width: 1000px) 100vw, 1000px\" \/> <img loading=\"lazy\" decoding=\"async\" class=\"alignnone wp-image-2250 size-full\" src=\"http:\/\/www.xminsulation.com\/wp-content\/uploads\/2024\/05\/\u56fe\u7247156-1.png\" alt=\"\" width=\"1000\" height=\"704\" srcset=\"https:\/\/www.xminsulation.com\/wp-content\/uploads\/2024\/05\/\u56fe\u7247156-1.png 1000w, https:\/\/www.xminsulation.com\/wp-content\/uploads\/2024\/05\/\u56fe\u7247156-1-300x211.png 300w, https:\/\/www.xminsulation.com\/wp-content\/uploads\/2024\/05\/\u56fe\u7247156-1-768x541.png 768w, https:\/\/www.xminsulation.com\/wp-content\/uploads\/2024\/05\/\u56fe\u7247156-1-600x422.png 600w\" sizes=\"(max-width: 1000px) 100vw, 1000px\" \/><\/p>\n<h2><strong><b>P<\/b><\/strong><strong><b>prodotto <\/b><\/strong><strong><b>D<\/b><\/strong><strong><b>escrizione<\/b><\/strong><\/h2>\n<p>L&#039;interruttore automatico SF6 da palo IE-12kV\/630A \u00e8 un set completo di interruttori da palo sviluppati in conformit\u00e0 con gli standard di fusione primaria e secondaria. L&#039;interruttore ha una struttura compatta, un layout razionale e funzioni complete. Tutti gli indicatori soddisfano i requisiti tecnici di fusione primaria e secondaria; i trasformatori di corrente ad alta precisione integrati, i trasformatori di corrente a sequenza omopolare e i sensori di tensione a sequenza omopolare offrono un ampio intervallo di misura, un&#039;elevata precisione di misura, un&#039;affidabilit\u00e0 stabile e una ridotta perdita di potenza. Le grandezze analogiche complete sono utili per determinare con precisione vari guasti di linea.<\/p>\n<p>L&#039;interruttore automatico SF6 da 12 kV-630 A montato su palo interagisce con l&#039;FTU e offre funzioni intelligenti come misurazione, protezione, controllo, segnalazione, telecontrollo e networking, monitoraggio e diagnosi online, valutazione accurata dei punti di messa a terra, misurazione delle perdite di linea e registrazione dei guasti. \u00c8 adatto per linee di distribuzione aeree da 12 kV e linee di derivazione utente. \u00c8 in grado di separare rapidamente la sezione di guasto e isolare il guasto all&#039;interno della sezione di confine utente, impedendo che i guasti utente si propaghino all&#039;intera linea di distribuzione e causino interruzioni di corrente su larga scala.<\/p>\n<h2><strong><b>Primo e <\/b><\/strong><strong><b>S<\/b><\/strong><strong><b>secondo <\/b><\/strong><strong><b>F<\/b><\/strong><strong><b>uso <\/b><\/strong><strong><b>F<\/b><\/strong><strong><b>mangia<\/b><\/strong><\/h2>\n<p>&nbsp;<\/p>\n<p><strong><b>SF6 primario <\/b><\/strong><strong><b>C<\/b><\/strong><strong><b>circuito <\/b><\/strong><strong><b>B<\/b><\/strong><strong><b>reaker <\/b><\/strong><strong><b>S<\/b><\/strong><strong><b>strega <\/b><\/strong><strong><b>P<\/b><\/strong><strong><b>arte:<\/b><\/strong><\/p>\n<ol>\n<li>Questo prodotto presenta notevoli vantaggi, quali struttura semplice, eccellenti prestazioni di isolamento e spegnimento dell&#039;arco, basso consumo energetico, parametri nominali elevati, lunga durata elettrica e lungo periodo di non manutenzione.<\/li>\n<li>La scatola dell&#039;interruttore \u00e8 realizzata in acciaio inossidabile 304 per soddisfare i requisiti di resistenza alla corrosione per un uso permanente.<\/li>\n<li>Il circuito principale utilizza contatti in lega di rame-tungsteno e le dita di contatto adottano il tipo a petalo di prugna in lega di rame-tungsteno, che ha una forte capacit\u00e0 di interruzione, un&#039;elevata capacit\u00e0 di tenuta alla corrente, un&#039;elevata affidabilit\u00e0, un&#039;ampia distanza di apertura dei contatti in fase di apertura e nessuna corrente di dispersione tra le fratture.<\/li>\n<li>Dotata di un dispositivo di sicurezza ad alta pressione, la scatola non verr\u00e0 danneggiata da un improvviso aumento della pressione del gas al suo interno, anche in caso di guasto interno.<\/li>\n<li>Installare un dispositivo di allarme di blocco a bassa pressione (opzionale). Quando l&#039;interruttore \u00e8 sottoposto a una pressione eccessivamente bassa, il dispositivo di allarme di blocco a bassa pressione pu\u00f2 bloccare meccanicamente in modo efficace il meccanismo di azionamento e fornire un contatto ausiliario al controller, migliorando notevolmente l&#039;efficienza di commutazione e l&#039;affidabilit\u00e0 operativa.<\/li>\n<li>Dispone di linee terminali in ingresso e in uscita e di cavi isolati in ingresso e in uscita. Le linee in ingresso e in uscita con cavi isolati possono efficacemente evitare cortocircuiti tra i terminali delle linee in ingresso e in uscita causati da fattori esterni.<\/li>\n<li>L&#039;avanzata tecnologia di rivestimento in porcellana per le linee in ingresso e in uscita pu\u00f2 essere utilizzata per prevenire efficacemente le scariche corona durante il funzionamento dell&#039;interruttore. \u00c8 inoltre possibile fornire manicotti isolanti organici per prevenire completamente la rottura delle bottiglie in porcellana causata da forze esterne e fulmini, nonch\u00e9 le crepe causate da fattori legati alla porcellana.<\/li>\n<li>Configurazione del dispositivo di protezione CT\/RVT: per prevenire sovracorrenti e circuiti aperti CT del dispositivo di misurazione della corrente, il prodotto di sovratensione del dispositivo di misurazione della tensione \u00e8 dotato di un modulo di protezione CT\/RVT.<\/li>\n<li>Configura il dispositivo di protezione del sensore di tensione: previene la sovratensione dei sensori di tensione di fase e di tensione di sequenza zero.<\/li>\n<\/ol>\n<p>Tipo di scatola a tre livelli, struttura semplice e layout compatto.<\/p>\n<p><strong><b>Secondario <\/b><\/strong><strong><b>IO<\/b><\/strong><strong><b>intelligente <\/b><\/strong><strong><b>C<\/b><\/strong><strong><b>controllore <\/b><\/strong><strong><b>P<\/b><\/strong><strong><b>arte:<\/b><\/strong><\/p>\n<ol>\n<li>Conforme allo standard IEC 61850 per ottenere la funzionalit\u00e0 plug and play.<\/li>\n<li>Adotta un processore di segnale digitale ad alte prestazioni e un array logico programmabile sul campo su larga scala, ha potenti capacit\u00e0 di elaborazione dati in tempo reale e ricche risorse di memoria e soddisfa i requisiti applicativi di software applicativo avanzato e comunicazione, gestione del sistema, interazione uomo-computer e altre funzioni.<\/li>\n<li>Pu\u00f2 essere configurato in modo flessibile in base alle esigenze per facilitare la realizzazione di funzioni \u201cdue remoti\u201d o \u201ctre remoti\u201d.<\/li>\n<li>Struttura modulare e standardizzata, che utilizza bus seriale ad alta velocit\u00e0 in tempo reale, espansione flessibile e facile manutenzione.<\/li>\n<li>Basato sul sistema operativo Linux in tempo reale, adotta una struttura software gerarchica e modulare. Le applicazioni accedono alle risorse e ai dati sottostanti tramite interfacce aperte, separano i dati dalle applicazioni e supportano il caricamento e lo scaricamento dinamici delle applicazioni. Le applicazioni sono plug-and-play. Fornisce una piattaforma di supporto unificata per varie applicazioni di reti di distribuzione intelligenti.<\/li>\n<li>Fornire un ambiente di sviluppo software simile a un PC, in grado di aprire facilmente nuovi software applicativi e di aggiungere nuove funzioni applicative.<\/li>\n<li>Progettazione di ridondanza software e hardware, con elevata tolleranza agli errori, capacit\u00e0 di autodiagnosi e autoripristino.<\/li>\n<li>L&#039;interfaccia di comunicazione \u00e8 standard e completa, soddisfacendo le esigenze di interconnessione locale, manutenzione locale e comunicazione remota.<\/li>\n<li>Chip di livello industriale, adattabile a un&#039;ampia gamma di temperature ambiente (-40~+85\u2103).<\/li>\n<li>Design strutturale unico, con buone capacit\u00e0 di resistenza alla pioggia, all&#039;umidit\u00e0, anti-incrostazione, anti-vibrazione, ventilazione e dissipazione del calore.<\/li>\n<li>Rigorosa protezione contro i fulmini e progettazione anti-interferenza elettromagnetica, la capacit\u00e0 anti-interferenza soddisfa i requisiti della norma IEC IV.<\/li>\n<\/ol>\n<h2><strong><b>Prodotto <\/b><\/strong><strong><b>Dimensioni<\/b><\/strong><\/h2>\n<p><img loading=\"lazy\" decoding=\"async\" class=\"alignnone wp-image-2251 size-large\" src=\"http:\/\/www.xminsulation.com\/wp-content\/uploads\/2024\/05\/\u56fe\u7247157-1-1024x810.png\" alt=\"\" width=\"1024\" height=\"810\" srcset=\"https:\/\/www.xminsulation.com\/wp-content\/uploads\/2024\/05\/\u56fe\u7247157-1-1024x810.png 1024w, https:\/\/www.xminsulation.com\/wp-content\/uploads\/2024\/05\/\u56fe\u7247157-1-300x237.png 300w, https:\/\/www.xminsulation.com\/wp-content\/uploads\/2024\/05\/\u56fe\u7247157-1-768x607.png 768w, https:\/\/www.xminsulation.com\/wp-content\/uploads\/2024\/05\/\u56fe\u7247157-1-1536x1214.png 1536w, https:\/\/www.xminsulation.com\/wp-content\/uploads\/2024\/05\/\u56fe\u7247157-1-600x474.png 600w, https:\/\/www.xminsulation.com\/wp-content\/uploads\/2024\/05\/\u56fe\u7247157-1.png 1538w\" sizes=\"(max-width: 1024px) 100vw, 1024px\" \/> <img loading=\"lazy\" decoding=\"async\" class=\"alignnone wp-image-2252 size-full\" src=\"http:\/\/www.xminsulation.com\/wp-content\/uploads\/2024\/05\/\u56fe\u7247158-1.png\" alt=\"\" width=\"784\" height=\"588\" srcset=\"https:\/\/www.xminsulation.com\/wp-content\/uploads\/2024\/05\/\u56fe\u7247158-1.png 784w, https:\/\/www.xminsulation.com\/wp-content\/uploads\/2024\/05\/\u56fe\u7247158-1-300x225.png 300w, https:\/\/www.xminsulation.com\/wp-content\/uploads\/2024\/05\/\u56fe\u7247158-1-768x576.png 768w, https:\/\/www.xminsulation.com\/wp-content\/uploads\/2024\/05\/\u56fe\u7247158-1-600x450.png 600w\" sizes=\"(max-width: 784px) 100vw, 784px\" \/> <img loading=\"lazy\" decoding=\"async\" class=\"alignnone wp-image-2253 size-full\" src=\"http:\/\/www.xminsulation.com\/wp-content\/uploads\/2024\/05\/\u56fe\u7247159-3.png\" alt=\"\" width=\"900\" height=\"846\" srcset=\"https:\/\/www.xminsulation.com\/wp-content\/uploads\/2024\/05\/\u56fe\u7247159-3.png 900w, https:\/\/www.xminsulation.com\/wp-content\/uploads\/2024\/05\/\u56fe\u7247159-3-300x282.png 300w, https:\/\/www.xminsulation.com\/wp-content\/uploads\/2024\/05\/\u56fe\u7247159-3-768x722.png 768w, https:\/\/www.xminsulation.com\/wp-content\/uploads\/2024\/05\/\u56fe\u7247159-3-600x564.png 600w\" sizes=\"(max-width: 900px) 100vw, 900px\" \/> <img loading=\"lazy\" decoding=\"async\" class=\"alignnone wp-image-2254 size-full\" src=\"http:\/\/www.xminsulation.com\/wp-content\/uploads\/2024\/05\/\u56fe\u7247160-1.png\" alt=\"\" width=\"900\" height=\"784\" srcset=\"https:\/\/www.xminsulation.com\/wp-content\/uploads\/2024\/05\/\u56fe\u7247160-1.png 900w, https:\/\/www.xminsulation.com\/wp-content\/uploads\/2024\/05\/\u56fe\u7247160-1-300x261.png 300w, https:\/\/www.xminsulation.com\/wp-content\/uploads\/2024\/05\/\u56fe\u7247160-1-768x669.png 768w, https:\/\/www.xminsulation.com\/wp-content\/uploads\/2024\/05\/\u56fe\u7247160-1-600x523.png 600w\" sizes=\"(max-width: 900px) 100vw, 900px\" \/> <img loading=\"lazy\" decoding=\"async\" class=\"alignnone wp-image-2255 size-full\" src=\"http:\/\/www.xminsulation.com\/wp-content\/uploads\/2024\/05\/\u56fe\u7247161-2.png\" alt=\"\" width=\"900\" height=\"764\" srcset=\"https:\/\/www.xminsulation.com\/wp-content\/uploads\/2024\/05\/\u56fe\u7247161-2.png 900w, https:\/\/www.xminsulation.com\/wp-content\/uploads\/2024\/05\/\u56fe\u7247161-2-300x255.png 300w, https:\/\/www.xminsulation.com\/wp-content\/uploads\/2024\/05\/\u56fe\u7247161-2-768x652.png 768w, https:\/\/www.xminsulation.com\/wp-content\/uploads\/2024\/05\/\u56fe\u7247161-2-600x509.png 600w\" sizes=\"(max-width: 900px) 100vw, 900px\" \/> <img loading=\"lazy\" decoding=\"async\" class=\"alignnone wp-image-2256 size-full\" src=\"http:\/\/www.xminsulation.com\/wp-content\/uploads\/2024\/05\/\u56fe\u7247162-1.png\" alt=\"\" width=\"754\" height=\"828\" srcset=\"https:\/\/www.xminsulation.com\/wp-content\/uploads\/2024\/05\/\u56fe\u7247162-1.png 754w, https:\/\/www.xminsulation.com\/wp-content\/uploads\/2024\/05\/\u56fe\u7247162-1-273x300.png 273w, https:\/\/www.xminsulation.com\/wp-content\/uploads\/2024\/05\/\u56fe\u7247162-1-600x659.png 600w\" sizes=\"(max-width: 754px) 100vw, 754px\" \/><\/p>\n<h2><strong><b>Installazione e regolazione<\/b><\/strong><\/h2>\n<ol>\n<li>Verificare che il modello e le specifiche dell&#039;interruttore siano coerenti con il contratto d&#039;ordine.<\/li>\n<li>Controllare che i documenti e gli allegati siano completi.<\/li>\n<li>Controllare se la superficie dell&#039;interruttore \u00e8 ammaccata e se le parti isolanti sono danneggiate o incrinate.<\/li>\n<li>Controllare che la scatola non sia deformata e verificarne la tenuta.<\/li>\n<li>Gli elementi di fissaggio sono allentati?<\/li>\n<li>Azionare manualmente o elettricamente l&#039;interruttore automatico per chiuderlo e aprirlo 10 volte; l&#039;apertura e la chiusura devono essere affidabili.<\/li>\n<li>Controllare che la lancetta del manometro punti verso la zona verde.<\/li>\n<li>Eseguire il test di sovracorrente; il valore di impostazione della sovracorrente deve soddisfare i requisiti.<\/li>\n<li>Se il prodotto risulta danneggiato o si hanno altri dubbi, si consiglia di scattare delle foto del danno in loco e di avvisare tempestivamente il produttore.<\/li>\n<li>Prestare attenzione alla sicurezza durante il sollevamento. \u00c8 necessario agganciare i quattro anelli di sollevamento sulla scatola e sollevarla orizzontalmente.<\/li>\n<li>Fissare l&#039;interruttore automatico alla staffa di montaggio con bulloni. La superficie di montaggio deve essere piana. Se i quattro punti di montaggio non sono sullo stesso piano, \u00e8 necessario aggiungere delle rondelle per evitare che la struttura complessiva dell&#039;interruttore automatico si deformi a causa delle sollecitazioni.<\/li>\n<li>Quando l&#039;interruttore \u00e8 collegato alla barra collettrice, l&#039;estremit\u00e0 di uscita dell&#039;interruttore non pu\u00f2 essere sottoposta a tensione, pressione o coppia permanenti.<\/li>\n<li>Dopo l&#039;installazione, l&#039;interruttore automatico deve essere ispezionato e pulito.<\/li>\n<\/ol>\n<h2><strong><b>M<\/b><\/strong><strong><b>manutenzione<\/b><\/strong><\/h2>\n<ol>\n<li>L&#039;interruttore automatico deve essere ispezionato regolarmente e la contaminazione sulla superficie delle parti isolanti deve essere rimossa.<\/li>\n<li>Controllare regolarmente che la lancetta del manometro si trovi nella zona verde. Se la lancetta del manometro si trova vicino alla zona rossa, contattare tempestivamente il produttore per la manutenzione.<\/li>\n<li>Nei luoghi con operazioni frequenti, occorre prestare attenzione all&#039;usura dei contatti e l&#039;interruttore non pu\u00f2 essere utilizzato oltre i tempi di interruzione del cortocircuito e la durata meccanica consentiti.<\/li>\n<li>Cose da notare:<\/li>\n<li>Durante la manutenzione, l&#039;interruttore automatico deve essere in stato di non accumulo di energia e aperto, e tutte le fonti di alimentazione devono essere scollegate. Poich\u00e9 le molle in stato di accumulo e chiusura hanno accumulato energia, se non si presta attenzione durante la manutenzione, il movimento del meccanismo potrebbe causare lesioni alle mani.<\/li>\n<li>La manutenzione deve essere eseguita da professionisti.<\/li>\n<li>Dopo la manutenzione, in particolare dopo la sostituzione di parti o la regolazione, \u00e8 necessario testare le caratteristiche meccaniche dell&#039;interruttore per assicurarsi che soddisfi le condizioni tecniche.<\/li>\n<\/ol>\n<h2><strong><b>Illustrazione dell&#039;installazione<\/b><\/strong><\/h2>\n<p><img loading=\"lazy\" decoding=\"async\" class=\"alignnone wp-image-2257 size-full\" src=\"http:\/\/www.xminsulation.com\/wp-content\/uploads\/2024\/05\/\u56fe\u7247163-1.png\" alt=\"\" width=\"958\" height=\"1714\" srcset=\"https:\/\/www.xminsulation.com\/wp-content\/uploads\/2024\/05\/\u56fe\u7247163-1.png 958w, https:\/\/www.xminsulation.com\/wp-content\/uploads\/2024\/05\/\u56fe\u7247163-1-168x300.png 168w, https:\/\/www.xminsulation.com\/wp-content\/uploads\/2024\/05\/\u56fe\u7247163-1-572x1024.png 572w, https:\/\/www.xminsulation.com\/wp-content\/uploads\/2024\/05\/\u56fe\u7247163-1-768x1374.png 768w, https:\/\/www.xminsulation.com\/wp-content\/uploads\/2024\/05\/\u56fe\u7247163-1-859x1536.png 859w, https:\/\/www.xminsulation.com\/wp-content\/uploads\/2024\/05\/\u56fe\u7247163-1-600x1073.png 600w\" sizes=\"(max-width: 958px) 100vw, 958px\" \/><\/p>\n<h2>\u25c6Personalizzazione speciale<\/h2>\n<p>I parametri sopra indicati sono dati tipici; se gli stili esistenti non soddisfano le tue richieste specifiche, contattaci per un design personalizzato. Disponiamo di significative capacit\u00e0 di sviluppo e produzione di personalizzazioni personalizzate, che ci consentono di fornire soluzioni su misura a clienti in tutto il mondo.<\/p>\n<p>&nbsp;<\/p>\n<p>&nbsp;<\/p>\n<p>&nbsp;<\/p>\n<p>&nbsp;<\/p>","protected":false},"excerpt":{"rendered":"<p>Product Description IE-12kV\/630A\u00a0pole-mounted SF6 circuit breaker is a complete set of pole-mounted switch products developed in accordance with primary and secondary fusion standards. The switch has a compact structure, reasonable layout, and complete functions. All indicators meet the primary and secondary fusion technical requirements; built-in high Precision current transformers, zero-sequence current transformers, and zero-sequence voltage [&hellip;]<\/p>","protected":false},"featured_media":2245,"template":"","meta":{"site-sidebar-layout":"default","site-content-layout":"","ast-site-content-layout":"default","site-content-style":"default","site-sidebar-style":"default","ast-global-header-display":"","ast-banner-title-visibility":"","ast-main-header-display":"","ast-hfb-above-header-display":"","ast-hfb-below-header-display":"","ast-hfb-mobile-header-display":"","site-post-title":"","ast-breadcrumbs-content":"","ast-featured-img":"","footer-sml-layout":"","theme-transparent-header-meta":"default","adv-header-id-meta":"","stick-header-meta":"","header-above-stick-meta":"","header-main-stick-meta":"","header-below-stick-meta":"","astra-migrate-meta-layouts":"set","ast-page-background-enabled":"default","ast-page-background-meta":{"desktop":{"background-color":"","background-image":"","background-repeat":"repeat","background-position":"center center","background-size":"auto","background-attachment":"scroll","background-type":"","background-media":"","overlay-type":"","overlay-color":"","overlay-gradient":""},"tablet":{"background-color":"","background-image":"","background-repeat":"repeat","background-position":"center center","background-size":"auto","background-attachment":"scroll","background-type":"","background-media":"","overlay-type":"","overlay-color":"","overlay-gradient":""},"mobile":{"background-color":"","background-image":"","background-repeat":"repeat","background-position":"center center","background-size":"auto","background-attachment":"scroll","background-type":"","background-media":"","overlay-type":"","overlay-color":"","overlay-gradient":""}},"ast-content-background-meta":{"desktop":{"background-color":"var(--ast-global-color-5)","background-image":"","background-repeat":"repeat","background-position":"center center","background-size":"auto","background-attachment":"scroll","background-type":"","background-media":"","overlay-type":"","overlay-color":"","overlay-gradient":""},"tablet":{"background-color":"var(--ast-global-color-5)","background-image":"","background-repeat":"repeat","background-position":"center center","background-size":"auto","background-attachment":"scroll","background-type":"","background-media":"","overlay-type":"","overlay-color":"","overlay-gradient":""},"mobile":{"background-color":"var(--ast-global-color-5)","background-image":"","background-repeat":"repeat","background-position":"center center","background-size":"auto","background-attachment":"scroll","background-type":"","background-media":"","overlay-type":"","overlay-color":"","overlay-gradient":""}}},"product_cat":[25],"product_tag":[],"class_list":{"0":"post-2244","1":"product","2":"type-product","3":"status-publish","4":"has-post-thumbnail","6":"product_cat-10-12kv-outdoor-intelligent-sf6-circuit-breaker","7":"desktop-align-left","8":"tablet-align-left","9":"mobile-align-left","11":"first","12":"instock","13":"shipping-taxable","14":"product-type-simple"},"_links":{"self":[{"href":"https:\/\/www.xminsulation.com\/it\/wp-json\/wp\/v2\/product\/2244","targetHints":{"allow":["GET"]}}],"collection":[{"href":"https:\/\/www.xminsulation.com\/it\/wp-json\/wp\/v2\/product"}],"about":[{"href":"https:\/\/www.xminsulation.com\/it\/wp-json\/wp\/v2\/types\/product"}],"wp:featuredmedia":[{"embeddable":true,"href":"https:\/\/www.xminsulation.com\/it\/wp-json\/wp\/v2\/media\/2245"}],"wp:attachment":[{"href":"https:\/\/www.xminsulation.com\/it\/wp-json\/wp\/v2\/media?parent=2244"}],"wp:term":[{"taxonomy":"product_cat","embeddable":true,"href":"https:\/\/www.xminsulation.com\/it\/wp-json\/wp\/v2\/product_cat?post=2244"},{"taxonomy":"product_tag","embeddable":true,"href":"https:\/\/www.xminsulation.com\/it\/wp-json\/wp\/v2\/product_tag?post=2244"}],"curies":[{"name":"wp","href":"https:\/\/api.w.org\/{rel}","templated":true}]}}