{"id":2163,"date":"2024-05-17T16:52:37","date_gmt":"2024-05-17T08:52:37","guid":{"rendered":"http:\/\/www.xminsulation.com\/?post_type=product&#038;p=2163"},"modified":"2024-05-17T16:52:37","modified_gmt":"2024-05-17T08:52:37","slug":"24kv-630a-sf6-gas-insulated-switchgear-type-b-gis-rmu","status":"publish","type":"product","link":"https:\/\/www.xminsulation.com\/it\/product\/quadro-isolato-in-gas-24kv-630a-sf6-tipo-b-gis-rmu\/","title":{"rendered":"Quadro isolato in gas SF6 24 kV-630 A (tipo B) GIS RMU"},"content":{"rendered":"<p><img fetchpriority=\"high\" decoding=\"async\" class=\"alignnone wp-image-2165 size-full\" src=\"http:\/\/www.xminsulation.com\/wp-content\/uploads\/2024\/05\/\u56fe\u724780-3.png\" alt=\"\" width=\"1000\" height=\"1000\" srcset=\"https:\/\/www.xminsulation.com\/wp-content\/uploads\/2024\/05\/\u56fe\u724780-3.png 1000w, https:\/\/www.xminsulation.com\/wp-content\/uploads\/2024\/05\/\u56fe\u724780-3-300x300.png 300w, https:\/\/www.xminsulation.com\/wp-content\/uploads\/2024\/05\/\u56fe\u724780-3-150x150.png 150w, https:\/\/www.xminsulation.com\/wp-content\/uploads\/2024\/05\/\u56fe\u724780-3-768x768.png 768w, https:\/\/www.xminsulation.com\/wp-content\/uploads\/2024\/05\/\u56fe\u724780-3-600x600.png 600w, https:\/\/www.xminsulation.com\/wp-content\/uploads\/2024\/05\/\u56fe\u724780-3-100x100.png 100w\" sizes=\"(max-width: 1000px) 100vw, 1000px\" \/><\/p>\n<h2><strong><b>Panoramica del Prodotto<\/b><\/strong><\/h2>\n<p>L&#039;unit\u00e0 principale ad anello isolato in gas completamente chiusa SF6-24 introduce una tecnologia straniera avanzata. Il mobiletto gonfiabile SF6-24 adotta un design modulare, con la sua perfetta unit\u00e0 di tipo fisso ed espansione flessibile. Il quadro elettrico gonfiabile SF6-24 ha le caratteristiche di struttura compatta, completamente isolato, lunga durata, esente da manutenzione, ingombro ridotto, soluzioni complete, forte scalabilit\u00e0, elevato fattore di sicurezza e non influenzato dall&#039;ambiente.<\/p>\n<p>Pu\u00f2 essere ampiamente utilizzato nell&#039;industria, nella rete ad anello civile e nella rete di alimentazione terminale. \u00c8 particolarmente adatto per piccole stazioni di distribuzione di energia secondaria, stazioni di commutazione, imprese industriali e minerarie, aeroporti, ferrovie, autostrade, metropolitane, aree commerciali, alloggi, energia eolica, fotovoltaico e altri campi. Il quadro elettrico \u00e8 completamente chiuso, esente da manutenzione e di piccole dimensioni. , prestazioni eccellenti, sicure e affidabili, lunga durata, caratteristiche esenti da manutenzione.<\/p>\n<h2><strong><b>Prodotto <\/b><\/strong><strong><b>UN<\/b><\/strong><strong><b>vantaggi<\/b><\/strong><\/h2>\n<ol>\n<li>Applicazione in aree di plateau: gas SF6, propriet\u00e0 completamente isolanti, non \u00e8 necessario considerare l&#039;influenza della differenza di pressione all&#039;interno e all&#039;esterno della scatola del gas.<\/li>\n<li>Assemblaggio unit\u00e0: comodo per ampliamenti di utenza, modifiche di planimetrie e scambi di circuiti.<\/li>\n<li>Applicazione di automazione della rete di distribuzione: pu\u00f2 collaborare con tutti i terminali di automazione sul mercato per realizzare facilmente l&#039;automazione della rete di distribuzione.<\/li>\n<li>Applicazione in aree costiere: il meccanismo \u00e8 completamente sigillato e dispone di un trattamento anticorrosivo in nebbia salina a lungo termine per garantire il funzionamento sicuro dell&#039;attrezzatura per lungo tempo.<\/li>\n<li>Applicazione in aree con forte vento e sabbia: la sigillatura del meccanismo, il circuito primario e la sbarra collettrice sono completamente sigillati e il circuito di controllo adotta strisce di tenuta specifiche per il settore automobilistico per garantire un funzionamento sicuro a lungo termine in aree con forte vento e sabbia.<\/li>\n<li>La libera combinazione tra le unit\u00e0 pu\u00f2 realizzare diverse soluzioni.<\/li>\n<\/ol>\n<h2><strong><b>Prodotto <\/b><\/strong><strong><b>Caratteristiche<\/b><\/strong><\/h2>\n<p>Design modulare, ciascun modulo dell&#039;unit\u00e0 pu\u00f2 essere combinato ed espanso arbitrariamente senza la necessit\u00e0 di gonfiaggio e sgonfiaggio, il che facilita la combinazione di soluzioni e la progettazione del dosaggio ad alta pressione e presenta un&#039;ampia gamma di adattabilit\u00e0. Armadi di linea in entrata e in uscita con interruttore completamente isolato in SF6 (estinzione dell&#039;arco sotto vuoto), armadi di linea in entrata e in uscita con sezionatori di carico, armadi di giunzione bus, armadi di misurazione, armadi elettrici con combinazione di sezionatori e fusibili e armadi TV (con o senza interruttori) soluzioni combinate sono disponibili Diviso in unit\u00e0 singole, due unit\u00e0, tre unit\u00e0, quattro unit\u00e0 e altre combinazioni compatte, offre ampie prospettive di applicazione per armadi di rete ad anello completamente isolati in SF6 o armadi di distribuzione multicircuito.<\/p>\n<p>La tenuta all&#039;aria \u00e8 molto buona, il consumo d&#039;aria \u00e8 ridotto e pu\u00f2 garantire l&#039;assenza di perdite d&#039;aria per 30 anni. Il meccanismo operativo \u00e8 realizzato in metallo resistente alla corrosione e i cuscinetti delle parti rotanti sono tutti autolubrificanti. Il prodotto non \u00e8 influenzato dall&#039;ambiente, non richiede manutenzione regolare ed \u00e8 connesso al mondo esterno. Conveniente, ci\u00f2 si traduce in una bassa potenza operativa, un&#039;elevata affidabilit\u00e0 e una maggiore durata. Il bus di estensione utilizza connettori in silicone plug-in, completamente isolati e schermati per garantire affidabilit\u00e0 conduttiva e non sono influenzati dall&#039;ambiente circostante. La combinazione di collegamento ed espansione \u00e8 conveniente e facilita la futura espansione della capacit\u00e0 e la trasformazione degli utenti o delle sottostazioni.<\/p>\n<h2><strong><b>Mobiletto <\/b><\/strong><strong><b>S<\/b><\/strong><strong><b>struttura<\/b><\/strong><\/h2>\n<p>Lo scomparto gonfiabile \u00e8 realizzato in lamiera di acciaio inossidabile spessa 3~5 mm, saldata da un robot di saldatura dopo essere stata lavorata da macchine utensili CNC. Ha una minore deformazione della saldatura e una buona tenuta all&#039;aria. I restanti scomparti sono realizzati con piastre di acciaio laminate a freddo di alta qualit\u00e0, saldate dopo la piegatura CNC. Ha le caratteristiche di alta precisione e buona resistenza; ogni unit\u00e0 funzionale \u00e8 un modulo indipendente, estremamente comodo da assemblare. Ciascun compartimento sigillato dell&#039;armadio \u00e8 dotato di un canale di scarico della pressione indipendente per massimizzare la sicurezza personale e il funzionamento delle apparecchiature.<\/p>\n<p><img decoding=\"async\" class=\"alignnone wp-image-2166 size-large\" src=\"http:\/\/www.xminsulation.com\/wp-content\/uploads\/2024\/05\/\u56fe\u724781-2-1024x633.png\" alt=\"\" width=\"1024\" height=\"633\" srcset=\"https:\/\/www.xminsulation.com\/wp-content\/uploads\/2024\/05\/\u56fe\u724781-2-1024x633.png 1024w, https:\/\/www.xminsulation.com\/wp-content\/uploads\/2024\/05\/\u56fe\u724781-2-300x185.png 300w, https:\/\/www.xminsulation.com\/wp-content\/uploads\/2024\/05\/\u56fe\u724781-2-768x475.png 768w, https:\/\/www.xminsulation.com\/wp-content\/uploads\/2024\/05\/\u56fe\u724781-2-1536x949.png 1536w, https:\/\/www.xminsulation.com\/wp-content\/uploads\/2024\/05\/\u56fe\u724781-2-600x371.png 600w, https:\/\/www.xminsulation.com\/wp-content\/uploads\/2024\/05\/\u56fe\u724781-2.png 1924w\" sizes=\"(max-width: 1024px) 100vw, 1024px\" \/><\/p>\n<h2><strong><b>Serbatoio del gas SF6-24<\/b><\/strong><\/h2>\n<p><img decoding=\"async\" class=\"alignnone wp-image-2167 size-large\" src=\"http:\/\/www.xminsulation.com\/wp-content\/uploads\/2024\/05\/\u56fe\u724782-3-959x1024.png\" alt=\"\" width=\"959\" height=\"1024\" srcset=\"https:\/\/www.xminsulation.com\/wp-content\/uploads\/2024\/05\/\u56fe\u724782-3-959x1024.png 959w, https:\/\/www.xminsulation.com\/wp-content\/uploads\/2024\/05\/\u56fe\u724782-3-281x300.png 281w, https:\/\/www.xminsulation.com\/wp-content\/uploads\/2024\/05\/\u56fe\u724782-3-768x820.png 768w, https:\/\/www.xminsulation.com\/wp-content\/uploads\/2024\/05\/\u56fe\u724782-3-1438x1536.png 1438w, https:\/\/www.xminsulation.com\/wp-content\/uploads\/2024\/05\/\u56fe\u724782-3-600x641.png 600w, https:\/\/www.xminsulation.com\/wp-content\/uploads\/2024\/05\/\u56fe\u724782-3.png 1530w\" sizes=\"(max-width: 959px) 100vw, 959px\" \/><\/p>\n<h2><strong><b>Taglia di <\/b><\/strong><strong><b>Interruttore di interruzione del carico<\/b><\/strong><\/h2>\n<p><img loading=\"lazy\" decoding=\"async\" class=\"alignnone wp-image-2168 size-large\" src=\"http:\/\/www.xminsulation.com\/wp-content\/uploads\/2024\/05\/\u56fe\u724783-2-1024x564.png\" alt=\"\" width=\"1024\" height=\"564\" srcset=\"https:\/\/www.xminsulation.com\/wp-content\/uploads\/2024\/05\/\u56fe\u724783-2-1024x564.png 1024w, https:\/\/www.xminsulation.com\/wp-content\/uploads\/2024\/05\/\u56fe\u724783-2-300x165.png 300w, https:\/\/www.xminsulation.com\/wp-content\/uploads\/2024\/05\/\u56fe\u724783-2-768x423.png 768w, https:\/\/www.xminsulation.com\/wp-content\/uploads\/2024\/05\/\u56fe\u724783-2-1536x846.png 1536w, https:\/\/www.xminsulation.com\/wp-content\/uploads\/2024\/05\/\u56fe\u724783-2-600x330.png 600w, https:\/\/www.xminsulation.com\/wp-content\/uploads\/2024\/05\/\u56fe\u724783-2.png 1970w\" sizes=\"(max-width: 1024px) 100vw, 1024px\" \/><\/p>\n<h2><strong><b>Dimensioni dell&#039;interruttore automatico in vuoto a tre posizioni<\/b><\/strong><\/h2>\n<p><img loading=\"lazy\" decoding=\"async\" class=\"alignnone wp-image-2169 size-large\" src=\"http:\/\/www.xminsulation.com\/wp-content\/uploads\/2024\/05\/\u56fe\u724784-2-1024x595.png\" alt=\"\" width=\"1024\" height=\"595\" srcset=\"https:\/\/www.xminsulation.com\/wp-content\/uploads\/2024\/05\/\u56fe\u724784-2-1024x595.png 1024w, https:\/\/www.xminsulation.com\/wp-content\/uploads\/2024\/05\/\u56fe\u724784-2-300x174.png 300w, https:\/\/www.xminsulation.com\/wp-content\/uploads\/2024\/05\/\u56fe\u724784-2-768x446.png 768w, https:\/\/www.xminsulation.com\/wp-content\/uploads\/2024\/05\/\u56fe\u724784-2-1536x892.png 1536w, https:\/\/www.xminsulation.com\/wp-content\/uploads\/2024\/05\/\u56fe\u724784-2-600x348.png 600w, https:\/\/www.xminsulation.com\/wp-content\/uploads\/2024\/05\/\u56fe\u724784-2.png 1865w\" sizes=\"(max-width: 1024px) 100vw, 1024px\" \/><\/p>\n<h2><strong><b>Dimensioni del quadro<\/b><\/strong><\/h2>\n<p><img loading=\"lazy\" decoding=\"async\" class=\"alignnone wp-image-2170 size-full\" src=\"http:\/\/www.xminsulation.com\/wp-content\/uploads\/2024\/05\/\u56fe\u724785-2.png\" alt=\"\" width=\"1151\" height=\"1538\" srcset=\"https:\/\/www.xminsulation.com\/wp-content\/uploads\/2024\/05\/\u56fe\u724785-2.png 1151w, https:\/\/www.xminsulation.com\/wp-content\/uploads\/2024\/05\/\u56fe\u724785-2-225x300.png 225w, https:\/\/www.xminsulation.com\/wp-content\/uploads\/2024\/05\/\u56fe\u724785-2-766x1024.png 766w, https:\/\/www.xminsulation.com\/wp-content\/uploads\/2024\/05\/\u56fe\u724785-2-768x1026.png 768w, https:\/\/www.xminsulation.com\/wp-content\/uploads\/2024\/05\/\u56fe\u724785-2-1150x1536.png 1150w, https:\/\/www.xminsulation.com\/wp-content\/uploads\/2024\/05\/\u56fe\u724785-2-600x802.png 600w\" sizes=\"(max-width: 1151px) 100vw, 1151px\" \/> <img loading=\"lazy\" decoding=\"async\" class=\"alignnone wp-image-2171 size-full\" src=\"http:\/\/www.xminsulation.com\/wp-content\/uploads\/2024\/05\/\u56fe\u724786-2.png\" alt=\"\" width=\"1280\" height=\"1126\" srcset=\"https:\/\/www.xminsulation.com\/wp-content\/uploads\/2024\/05\/\u56fe\u724786-2.png 1280w, https:\/\/www.xminsulation.com\/wp-content\/uploads\/2024\/05\/\u56fe\u724786-2-300x264.png 300w, https:\/\/www.xminsulation.com\/wp-content\/uploads\/2024\/05\/\u56fe\u724786-2-1024x901.png 1024w, https:\/\/www.xminsulation.com\/wp-content\/uploads\/2024\/05\/\u56fe\u724786-2-768x676.png 768w, https:\/\/www.xminsulation.com\/wp-content\/uploads\/2024\/05\/\u56fe\u724786-2-600x528.png 600w\" sizes=\"(max-width: 1280px) 100vw, 1280px\" \/><\/p>\n<h2><strong><b>Utilizzo <\/b><\/strong><strong><b>E<\/b><\/strong><strong><b>ambientale <\/b><\/strong><strong><b>C<\/b><\/strong><strong><b>condizioni<\/b><\/strong><\/h2>\n<ol>\n<li>Temperatura dell&#039;aria: temperatura massima: +40\u00b0, temperatura minima: -20\u00b0;<\/li>\n<li>Temperatura: la temperatura media mensile \u00e8 95%, la temperatura media giornaliera \u00e8 90%,<\/li>\n<li>Altitudine: Altezza massima di installazione: 2500 metri; altitudini pi\u00f9 elevate richiedono personalizzazione.<\/li>\n<li>Nessun inquinamento infiammabile, esplosivo, grave, corrosione chimica e forti vibrazioni.<\/li>\n<\/ol>\n<h2><strong><b>Istruzioni per l&#039;installazione<\/b><\/strong><\/h2>\n<p><img loading=\"lazy\" decoding=\"async\" class=\"alignnone wp-image-2172 size-full\" src=\"http:\/\/www.xminsulation.com\/wp-content\/uploads\/2024\/05\/\u56fe\u724787-2.png\" alt=\"\" width=\"1505\" height=\"1572\" srcset=\"https:\/\/www.xminsulation.com\/wp-content\/uploads\/2024\/05\/\u56fe\u724787-2.png 1505w, https:\/\/www.xminsulation.com\/wp-content\/uploads\/2024\/05\/\u56fe\u724787-2-287x300.png 287w, https:\/\/www.xminsulation.com\/wp-content\/uploads\/2024\/05\/\u56fe\u724787-2-980x1024.png 980w, https:\/\/www.xminsulation.com\/wp-content\/uploads\/2024\/05\/\u56fe\u724787-2-768x802.png 768w, https:\/\/www.xminsulation.com\/wp-content\/uploads\/2024\/05\/\u56fe\u724787-2-1471x1536.png 1471w, https:\/\/www.xminsulation.com\/wp-content\/uploads\/2024\/05\/\u56fe\u724787-2-600x627.png 600w\" sizes=\"(max-width: 1505px) 100vw, 1505px\" \/><\/p>\n<h2><strong><b>Ispezione <\/b><\/strong><strong><b>P<\/b><\/strong><strong><b>unti e <\/b><\/strong><strong><b>P<\/b><\/strong><strong><b>precauzioni<\/b><\/strong><\/h2>\n<ol>\n<li>Pulire la scatola dell&#039;aria con alcool, carta vetrata fine e un panno pulito prima dell&#039;installazione e dell&#039;uso.<\/li>\n<li>Ispezionare la superficie di tenuta della scatola. Non devono essere presenti graffi, sbavature, scorie di saldatura, limatura di ferro e altri corpi estranei che penetrano nel nastro di tenuta. Controllare principalmente le seguenti posizioni: attorno al foro di installazione dell&#039;involucro, attorno all&#039;installazione della tenuta dinamica, attorno all&#039;installazione della valvola antideflagrante e la pressione dell&#039;aria. Fori di montaggio sul tavolo.<\/li>\n<li>La verticalit\u00e0 del perno saldato \u00e8 buona, i punti di saldatura attorno alla radice del perno sono uniformi, senza deflessione, la filettatura \u00e8 liscia e le specifiche dimensionali soddisfano i requisiti del disegno.<\/li>\n<li>L&#039;adattamento dinamico pu\u00f2 adattarsi alla superficie di tenuta prima del serraggio.<\/li>\n<li>La sede della valvola del manometro \u00e8 saldata accuratamente, le filettature interne non sono danneggiate e la saldatura \u00e8 stabile.<\/li>\n<li>La sede di messa a terra del guscio \u00e8 saldata accuratamente, le filettature interne non sono danneggiate e la saldatura \u00e8 stabile.<\/li>\n<li>Verificare che le dimensioni esterne dell&#039;armadio soddisfino i requisiti del disegno e che il metodo di espansione superiore sia coerente con il disegno delle specifiche.<\/li>\n<li>L&#039;errore diagonale del mobile non deve superare i 3 mm.<\/li>\n<li>Le scatole che superano il controllo verranno timbrate e firmate sulla scheda del processo di produzione corrispondente e installate sulla staffa per stare in piedi.<\/li>\n<\/ol>\n<p><strong><b>Vuoto <\/b><\/strong><strong><b>S<\/b><\/strong><strong><b>strega <\/b><\/strong><strong><b>T<\/b><\/strong><strong><b>qui-<\/b><\/strong><strong><b>S<\/b><\/strong><strong><b>tazione <\/b><\/strong><strong><b>IO<\/b><\/strong><strong><b>installazione<\/b><\/strong><\/p>\n<p><img loading=\"lazy\" decoding=\"async\" class=\"alignnone wp-image-2173 size-full\" src=\"http:\/\/www.xminsulation.com\/wp-content\/uploads\/2024\/05\/\u56fe\u724788-2.png\" alt=\"\" width=\"1063\" height=\"1494\" srcset=\"https:\/\/www.xminsulation.com\/wp-content\/uploads\/2024\/05\/\u56fe\u724788-2.png 1063w, https:\/\/www.xminsulation.com\/wp-content\/uploads\/2024\/05\/\u56fe\u724788-2-213x300.png 213w, https:\/\/www.xminsulation.com\/wp-content\/uploads\/2024\/05\/\u56fe\u724788-2-729x1024.png 729w, https:\/\/www.xminsulation.com\/wp-content\/uploads\/2024\/05\/\u56fe\u724788-2-768x1079.png 768w, https:\/\/www.xminsulation.com\/wp-content\/uploads\/2024\/05\/\u56fe\u724788-2-600x843.png 600w\" sizes=\"(max-width: 1063px) 100vw, 1063px\" \/><\/p>\n<p><strong><b>Ispezione <\/b><\/strong><strong><b>P<\/b><\/strong><strong><b>unti e<\/b><\/strong><strong><b>\u00a0P<\/b><\/strong><strong><b>precauzioni<\/b><\/strong><\/p>\n<ol>\n<li>Prima di installare l&#039;interruttore, ispezionarlo per assicurarsi che non vi siano danni sulla superficie dell&#039;interruttore.<\/li>\n<li>Installare l&#039;interruttore nella lamiera e fissare il corpo dell&#039;interruttore con i dadi (per ora non serrare i dadi, quindi serrare il raccordo mobile). Assicurarsi che l&#039;interruttore corrisponda esattamente al foro metallico, quindi installare il raccordo mobile.<\/li>\n<li>Dopo aver fissato e installato l&#039;attacco mobile e l&#039;interruttore, tirare l&#039;attacco mobile per azionare manualmente il coltello isolante. Il movimento \u00e8 fluido e senza inceppamenti e non vi \u00e8 alcuna deformazione del coltello.<\/li>\n<\/ol>\n<p>&nbsp;<\/p>\n<p><strong><b>Incastro <\/b><\/strong><strong><b>D<\/b><\/strong><strong><b>dettagli<\/b><\/strong><\/p>\n<p><img loading=\"lazy\" decoding=\"async\" class=\"alignnone wp-image-2174 size-full\" src=\"http:\/\/www.xminsulation.com\/wp-content\/uploads\/2024\/05\/\u56fe\u724789-2.png\" alt=\"\" width=\"591\" height=\"1467\" srcset=\"https:\/\/www.xminsulation.com\/wp-content\/uploads\/2024\/05\/\u56fe\u724789-2.png 591w, https:\/\/www.xminsulation.com\/wp-content\/uploads\/2024\/05\/\u56fe\u724789-2-121x300.png 121w, https:\/\/www.xminsulation.com\/wp-content\/uploads\/2024\/05\/\u56fe\u724789-2-413x1024.png 413w\" sizes=\"(max-width: 591px) 100vw, 591px\" \/><\/p>\n<h2><strong><b>Funzionamento e manutenzione<\/b><\/strong><\/h2>\n<ol>\n<li><strong><b> Operativo <\/b><\/strong><strong><b>C<\/b><\/strong><strong><b>condizioni<\/b><\/strong><strong><b>.<\/b><\/strong><\/li>\n<\/ol>\n<p>SF6-24kV\/630A generalmente funziona\/serve in normali condizioni interne ed \u00e8 conforme agli standard IEC 62271-1 e GB3906. Le condizioni specifiche sono le seguenti:<\/p>\n<ol>\n<li>Temperatura ambiente: temperatura massima +40\u00b0C, temperatura massima media nelle 24 ore +35\u00b0C, temperatura minima -40\u00b0C.<\/li>\n<li>Umidit\u00e0: l&#039;umidit\u00e0 relativa media massima misurata in 24 ore \u00e8 95% e l&#039;umidit\u00e0 relativa media massima misurata in 1 mese \u00e8 90%.<\/li>\n<li>Senza ridurre la pressione del gas, l&#039;altitudine massima di installazione \u00e8 di 1500 metri. Quando l&#039;altitudine di installazione supera i 1500 metri, contattare la tecnologia di prevendita.<\/li>\n<li>Condizioni speciali: il funzionamento deve essere conforme ai requisiti degli standard IEC62271-1 e GB3906. Per condizioni operative particolari l&#039;utente finale e il produttore devono raggiungere un accordo. Se sono coinvolti ambienti operativi particolarmente difficili, \u00e8 necessario consultare il produttore. Ad esempio, quando le apparecchiature elettriche sono installate ad un&#039;altitudine superiore a 1.500 metri, la pressione atmosferica diminuir\u00e0, provocando il rigonfiamento della scatola dell&#039;aria.<\/li>\n<\/ol>\n<p>&nbsp;<\/p>\n<ol start=\"2\">\n<li><strong><b> Manutenzione del prodotto<\/b><\/strong><strong><b>.<\/b><\/strong><\/li>\n<\/ol>\n<p>Tutti i componenti all&#039;interno dell&#039;SF6-24kV\/630A non richiedono manutenzione durante la vita dichiarata del prodotto.<\/p>\n<p>\u00c8 possibile osservare le posizioni di isolamento e messa a terra per fornire garanzia di sicurezza per il funzionamento e la costruzione del cavo.<\/p>\n<p>Il circuito del sistema \u00e8 completamente isolato dall&#039;atmosfera e sull&#039;airbox \u00e8 progettato uno speciale canale di scarico della pressione dell&#039;arco per garantire la sicurezza degli operatori e delle apparecchiature.<\/p>\n<p>La parte meccanica si trova all&#039;esterno dell&#039;air box e dietro il pannello frontale. Ci\u00f2 facilita il funzionamento e la sostituzione. La superficie delle parti meccaniche ha subito un trattamento anticorrosione. Le sue parti mobili sono state lubrificate prima di lasciare la fabbrica, il che pu\u00f2 soddisfare l&#039;utilizzo del ciclo di vita del prodotto. In ambienti estremi (polvere, sabbia e sporco) potrebbero essere necessarie l&#039;ispezione, la manutenzione e, in alcuni casi, la sostituzione.<\/p>\n<h2>\u25c6Personalizzazione speciale<\/h2>\n<p>I parametri sopra indicati sono dati tipici; se gli stili esistenti non soddisfano le tue richieste specifiche, contattaci per un design personalizzato. Disponiamo di significative capacit\u00e0 di sviluppo e produzione di personalizzazioni personalizzate, che ci consentono di fornire soluzioni su misura a clienti in tutto il mondo.<\/p>","protected":false},"excerpt":{"rendered":"<p>Product Overview The SF6-24 fully enclosed gas insulated ring main unit introduces advanced foreign technology. The SF6-24 inflatable cabinet adopts a modular design, with its perfect unity of fixed type and flexible expansion. SF6-24 inflatable switch cabinet has the characteristics of compact structure, fully insulated, long life, maintenance-free, small footprint, complete solutions, strong scalability, high [&hellip;]<\/p>","protected":false},"featured_media":2164,"template":"","meta":{"site-sidebar-layout":"default","site-content-layout":"","ast-site-content-layout":"default","site-content-style":"default","site-sidebar-style":"default","ast-global-header-display":"","ast-banner-title-visibility":"","ast-main-header-display":"","ast-hfb-above-header-display":"","ast-hfb-below-header-display":"","ast-hfb-mobile-header-display":"","site-post-title":"","ast-breadcrumbs-content":"","ast-featured-img":"","footer-sml-layout":"","theme-transparent-header-meta":"default","adv-header-id-meta":"","stick-header-meta":"","header-above-stick-meta":"","header-main-stick-meta":"","header-below-stick-meta":"","astra-migrate-meta-layouts":"set","ast-page-background-enabled":"default","ast-page-background-meta":{"desktop":{"background-color":"","background-image":"","background-repeat":"repeat","background-position":"center center","background-size":"auto","background-attachment":"scroll","background-type":"","background-media":"","overlay-type":"","overlay-color":"","overlay-gradient":""},"tablet":{"background-color":"","background-image":"","background-repeat":"repeat","background-position":"center center","background-size":"auto","background-attachment":"scroll","background-type":"","background-media":"","overlay-type":"","overlay-color":"","overlay-gradient":""},"mobile":{"background-color":"","background-image":"","background-repeat":"repeat","background-position":"center center","background-size":"auto","background-attachment":"scroll","background-type":"","background-media":"","overlay-type":"","overlay-color":"","overlay-gradient":""}},"ast-content-background-meta":{"desktop":{"background-color":"var(--ast-global-color-5)","background-image":"","background-repeat":"repeat","background-position":"center center","background-size":"auto","background-attachment":"scroll","background-type":"","background-media":"","overlay-type":"","overlay-color":"","overlay-gradient":""},"tablet":{"background-color":"var(--ast-global-color-5)","background-image":"","background-repeat":"repeat","background-position":"center center","background-size":"auto","background-attachment":"scroll","background-type":"","background-media":"","overlay-type":"","overlay-color":"","overlay-gradient":""},"mobile":{"background-color":"var(--ast-global-color-5)","background-image":"","background-repeat":"repeat","background-position":"center center","background-size":"auto","background-attachment":"scroll","background-type":"","background-media":"","overlay-type":"","overlay-color":"","overlay-gradient":""}}},"product_cat":[34],"product_tag":[],"class_list":{"0":"post-2163","1":"product","2":"type-product","3":"status-publish","4":"has-post-thumbnail","6":"product_cat-10-40-5kv-sf6-gas-insulated-switchgear-gis-rmu","7":"desktop-align-left","8":"tablet-align-left","9":"mobile-align-left","11":"first","12":"instock","13":"shipping-taxable","14":"product-type-simple"},"_links":{"self":[{"href":"https:\/\/www.xminsulation.com\/it\/wp-json\/wp\/v2\/product\/2163","targetHints":{"allow":["GET"]}}],"collection":[{"href":"https:\/\/www.xminsulation.com\/it\/wp-json\/wp\/v2\/product"}],"about":[{"href":"https:\/\/www.xminsulation.com\/it\/wp-json\/wp\/v2\/types\/product"}],"wp:featuredmedia":[{"embeddable":true,"href":"https:\/\/www.xminsulation.com\/it\/wp-json\/wp\/v2\/media\/2164"}],"wp:attachment":[{"href":"https:\/\/www.xminsulation.com\/it\/wp-json\/wp\/v2\/media?parent=2163"}],"wp:term":[{"taxonomy":"product_cat","embeddable":true,"href":"https:\/\/www.xminsulation.com\/it\/wp-json\/wp\/v2\/product_cat?post=2163"},{"taxonomy":"product_tag","embeddable":true,"href":"https:\/\/www.xminsulation.com\/it\/wp-json\/wp\/v2\/product_tag?post=2163"}],"curies":[{"name":"wp","href":"https:\/\/api.w.org\/{rel}","templated":true}]}}