{"id":2152,"date":"2024-05-13T16:43:49","date_gmt":"2024-05-13T08:43:49","guid":{"rendered":"http:\/\/www.xminsulation.com\/?post_type=product&#038;p=2152"},"modified":"2024-05-28T18:20:30","modified_gmt":"2024-05-28T10:20:30","slug":"40-5kv-1250a-sf6-gas-insulated-switchgear-gis-rmu","status":"publish","type":"product","link":"https:\/\/www.xminsulation.com\/it\/product\/40-5kv-1250a-sf6-gas-insulated-switchgear-gis-rmu\/","title":{"rendered":"Quadro isolato in gas SF6 40,5 kV-1250 A GIS RMU"},"content":{"rendered":"<p><img fetchpriority=\"high\" decoding=\"async\" class=\"alignnone wp-image-2154 size-full\" src=\"http:\/\/www.xminsulation.com\/wp-content\/uploads\/2024\/05\/\u56fe\u724771-3.png\" alt=\"\" width=\"1049\" height=\"1049\" srcset=\"https:\/\/www.xminsulation.com\/wp-content\/uploads\/2024\/05\/\u56fe\u724771-3.png 1049w, https:\/\/www.xminsulation.com\/wp-content\/uploads\/2024\/05\/\u56fe\u724771-3-300x300.png 300w, https:\/\/www.xminsulation.com\/wp-content\/uploads\/2024\/05\/\u56fe\u724771-3-1024x1024.png 1024w, https:\/\/www.xminsulation.com\/wp-content\/uploads\/2024\/05\/\u56fe\u724771-3-150x150.png 150w, https:\/\/www.xminsulation.com\/wp-content\/uploads\/2024\/05\/\u56fe\u724771-3-768x768.png 768w, https:\/\/www.xminsulation.com\/wp-content\/uploads\/2024\/05\/\u56fe\u724771-3-600x600.png 600w, https:\/\/www.xminsulation.com\/wp-content\/uploads\/2024\/05\/\u56fe\u724771-3-100x100.png 100w\" sizes=\"(max-width: 1049px) 100vw, 1049px\" \/><\/p>\n<h2><strong><b>G<\/b><\/strong><strong><b>generale <\/b><\/strong><strong><b>IO<\/b><\/strong><strong><b>Introduzione<\/b><\/strong><\/h2>\n<p>L&#039;unit\u00e0 principale ad anello gonfiabile SF6 completamente chiusa e completamente isolata da 40,5 kV-1250 A introduce una tecnologia straniera avanzata e adotta un design modulare, con la sua perfetta unit\u00e0 di tipo fisso ed espansione flessibile. L&#039;armadio elettrico gonfiabile SF-40.5 ha le caratteristiche di struttura compatta, completamente isolato, lunga durata, esente da manutenzione, ingombro ridotto, soluzioni complete, forte scalabilit\u00e0, elevato fattore di sicurezza e non influenzato dall&#039;ambiente.<\/p>\n<p>Pu\u00f2 essere ampiamente utilizzato in reti ad anello industriali, civili e reti di alimentazione terminali. \u00c8 particolarmente adatto per piccole stazioni di distribuzione di energia secondaria, stazioni di commutazione, imprese industriali e minerarie, aeroporti, ferrovie, autostrade, metropolitane, distretti commerciali, quartieri residenziali, energia eolica, fotovoltaica e altri campi. L&#039;armadio elettrico \u00e8 completamente chiuso, esente da manutenzione, di piccole dimensioni, eccellente nelle prestazioni, sicuro e affidabile, di lunga durata e senza manutenzione, ed \u00e8 molto popolare tra gli utenti.<\/p>\n<h2><strong><b>caratteristiche del prodotto<\/b><\/strong><\/h2>\n<p>Design modulare, ogni modulo unit\u00e0 pu\u00f2 essere combinato ed espanso arbitrariamente senza la necessit\u00e0 di gonfiaggio e sgonfiaggio, il che facilita la combinazione di soluzioni e la progettazione di misurazione ad alta pressione e ha un&#039;ampia gamma di adattabilit\u00e0. Sono disponibili soluzioni combinate di armadi di ingresso e uscita dell&#039;interruttore completamente isolati in SF6 (estinzione dell&#039;arco sotto vuoto), armadi di ingresso e uscita dell&#039;interruttore di carico, armadi di giunzione, armadi di misurazione, armadi elettrici combinati interruttore di carico-fusibile e armadi TV (con o senza interruttori). Suddiviso in unit\u00e0 singola, due unit\u00e0, tre unit\u00e0, quattro unit\u00e0 e altre combinazioni compatte, offre ampie prospettive di applicazione per armadi di rete ad anello completamente isolati in SF6 o armadi di distribuzione multicircuito.<\/p>\n<p>L&#039;armadio adotta una struttura corazzata. Ci sono partizioni metalliche tra la sala sbarre e la sala interruttori e tra l&#039;armadio interruttori e la sala cavi. Il livello di protezione della parte primaria della struttura completamente isolata pu\u00f2 raggiungere IP67. La tenuta all&#039;aria \u00e8 molto buona, il consumo d&#039;aria \u00e8 ridotto e pu\u00f2 garantire l&#039;assenza di perdite d&#039;aria per 30 anni. Il meccanismo operativo \u00e8 realizzato in metallo resistente alla corrosione e i cuscinetti delle parti rotanti sono tutti autolubrificanti. Il prodotto non \u00e8 influenzato dall&#039;ambiente, non richiede una manutenzione regolare ed \u00e8 collegato al mondo esterno. Conveniente, ci\u00f2 si traduce in bassa potenza operativa, elevata affidabilit\u00e0 e maggiore durata. Il bus di estensione utilizza connettori in silicone plug-in, che sono completamente isolati e schermati per garantire affidabilit\u00e0 conduttiva e non sono influenzati dall&#039;ambiente circostante. La combinazione di connessione ed espansione \u00e8 conveniente, il che facilita la futura espansione della capacit\u00e0 e la trasformazione di utenti o sottostazioni.<\/p>\n<h2><strong><b>Prodotto <\/b><\/strong><strong><b>UN<\/b><\/strong><strong><b>vantaggi<\/b><\/strong><\/h2>\n<ol>\n<li>Applicazione in aree di altopiano: gas SF6, caratteristiche di isolamento completo, non \u00e8 necessario considerare l&#039;influenza della differenza di pressione all&#039;interno e all&#039;esterno della scatola del gas.<\/li>\n<li>Assemblaggio unit\u00e0: comodo per ampliamenti di utenza, modifiche di planimetrie e scambi di circuiti.<\/li>\n<li>Applicazione di automazione della rete di distribuzione: pu\u00f2 collaborare con tutti i terminali di automazione sul mercato per realizzare facilmente l&#039;automazione della rete di distribuzione.<\/li>\n<li>Applicazione nelle zone costiere: il meccanismo \u00e8 completamente sigillato e sottoposto a trattamento anticorrosione a lungo termine contro la nebbia salina, per garantire il funzionamento sicuro dell&#039;apparecchiatura per lungo tempo.<\/li>\n<li>Applicazione in aree con vento forte e sabbia: il meccanismo \u00e8 sigillato, il circuito primario e la barra collettrice sono completamente sigillati e il circuito di controllo adotta strisce di tenuta specifiche per l&#039;industria automobilistica per garantire un funzionamento sicuro a lungo termine in aree con vento forte e sabbia.<\/li>\n<li>Le unit\u00e0 possono essere liberamente combinate per realizzare diverse soluzioni.<\/li>\n<\/ol>\n<h2><strong><b>Mobiletto <\/b><\/strong><strong><b>S<\/b><\/strong><strong><b>struttura<\/b><\/strong><\/h2>\n<p>Il vano gonfiabile \u00e8 realizzato in lamiera di acciaio inossidabile spessa 3~5 mm, saldata da un robot di saldatura dopo essere stata lavorata da macchine utensili CNC. Presenta una minore deformazione di saldatura e una buona tenuta all&#039;aria. I restanti scomparti sono realizzati in lamiere di acciaio laminate a freddo di alta qualit\u00e0, saldate dopo la piegatura CNC. Presenta le caratteristiche di elevata precisione e buona resistenza; ogni unit\u00e0 funzionale \u00e8 un modulo indipendente, estremamente comodo da assemblare. Ogni vano sigillato dell&#039;armadio \u00e8 dotato di un canale di scarico della pressione indipendente per massimizzare la sicurezza personale e il funzionamento dell&#039;attrezzatura.<\/p>\n<p><strong><b>Inferiore <\/b><\/strong><strong><b>IO<\/b><\/strong><strong><b>Solitudine <\/b><\/strong><strong><b>C<\/b><\/strong><strong><b>circuito <\/b><\/strong><strong><b>B<\/b><\/strong><strong><b>reaker<\/b><\/strong><\/p>\n<p><img decoding=\"async\" class=\"alignnone wp-image-2155 size-full\" src=\"http:\/\/www.xminsulation.com\/wp-content\/uploads\/2024\/05\/\u56fe\u724772-3.png\" alt=\"\" width=\"1383\" height=\"1248\" srcset=\"https:\/\/www.xminsulation.com\/wp-content\/uploads\/2024\/05\/\u56fe\u724772-3.png 1383w, https:\/\/www.xminsulation.com\/wp-content\/uploads\/2024\/05\/\u56fe\u724772-3-300x271.png 300w, https:\/\/www.xminsulation.com\/wp-content\/uploads\/2024\/05\/\u56fe\u724772-3-1024x924.png 1024w, https:\/\/www.xminsulation.com\/wp-content\/uploads\/2024\/05\/\u56fe\u724772-3-768x693.png 768w, https:\/\/www.xminsulation.com\/wp-content\/uploads\/2024\/05\/\u56fe\u724772-3-600x541.png 600w\" sizes=\"(max-width: 1383px) 100vw, 1383px\" \/><\/p>\n<p><strong><b>Inferiore <\/b><\/strong><strong><b>IO<\/b><\/strong><strong><b>Solitudine <\/b><\/strong><strong><b>Serbatoio di benzina<\/b><\/strong><\/p>\n<p><img decoding=\"async\" class=\"alignnone wp-image-2156 size-full\" src=\"http:\/\/www.xminsulation.com\/wp-content\/uploads\/2024\/05\/\u56fe\u724773-2.png\" alt=\"\" width=\"1586\" height=\"1476\" srcset=\"https:\/\/www.xminsulation.com\/wp-content\/uploads\/2024\/05\/\u56fe\u724773-2.png 1586w, https:\/\/www.xminsulation.com\/wp-content\/uploads\/2024\/05\/\u56fe\u724773-2-300x279.png 300w, https:\/\/www.xminsulation.com\/wp-content\/uploads\/2024\/05\/\u56fe\u724773-2-1024x953.png 1024w, https:\/\/www.xminsulation.com\/wp-content\/uploads\/2024\/05\/\u56fe\u724773-2-768x715.png 768w, https:\/\/www.xminsulation.com\/wp-content\/uploads\/2024\/05\/\u56fe\u724773-2-1536x1429.png 1536w, https:\/\/www.xminsulation.com\/wp-content\/uploads\/2024\/05\/\u56fe\u724773-2-600x558.png 600w\" sizes=\"(max-width: 1586px) 100vw, 1586px\" \/><\/p>\n<p><strong><b>Inferiore <\/b><\/strong><strong><b>IO<\/b><\/strong><strong><b>Solitudine <\/b><\/strong><strong><b>C<\/b><\/strong><strong><b>circuito <\/b><\/strong><strong><b>B<\/b><\/strong><strong><b>reaker <\/b><\/strong><strong><b>S<\/b><\/strong><strong><b>ize<\/b><\/strong><\/p>\n<p><img loading=\"lazy\" decoding=\"async\" class=\"alignnone wp-image-2157 size-large\" src=\"http:\/\/www.xminsulation.com\/wp-content\/uploads\/2024\/05\/\u56fe\u724774-3-1024x451.png\" alt=\"\" width=\"1024\" height=\"451\" srcset=\"https:\/\/www.xminsulation.com\/wp-content\/uploads\/2024\/05\/\u56fe\u724774-3-1024x451.png 1024w, https:\/\/www.xminsulation.com\/wp-content\/uploads\/2024\/05\/\u56fe\u724774-3-300x132.png 300w, https:\/\/www.xminsulation.com\/wp-content\/uploads\/2024\/05\/\u56fe\u724774-3-768x338.png 768w, https:\/\/www.xminsulation.com\/wp-content\/uploads\/2024\/05\/\u56fe\u724774-3-1536x676.png 1536w, https:\/\/www.xminsulation.com\/wp-content\/uploads\/2024\/05\/\u56fe\u724774-3-600x264.png 600w, https:\/\/www.xminsulation.com\/wp-content\/uploads\/2024\/05\/\u56fe\u724774-3.png 1994w\" sizes=\"(max-width: 1024px) 100vw, 1024px\" \/><\/p>\n<h2><strong><b>Mobiletto <\/b><\/strong><strong><b>S<\/b><\/strong><strong><b>ize<\/b><\/strong><\/h2>\n<p><img loading=\"lazy\" decoding=\"async\" class=\"alignnone wp-image-2158 size-large\" src=\"http:\/\/www.xminsulation.com\/wp-content\/uploads\/2024\/05\/\u56fe\u724775-2-1024x973.png\" alt=\"\" width=\"1024\" height=\"973\" srcset=\"https:\/\/www.xminsulation.com\/wp-content\/uploads\/2024\/05\/\u56fe\u724775-2-1024x973.png 1024w, https:\/\/www.xminsulation.com\/wp-content\/uploads\/2024\/05\/\u56fe\u724775-2-300x285.png 300w, https:\/\/www.xminsulation.com\/wp-content\/uploads\/2024\/05\/\u56fe\u724775-2-768x730.png 768w, https:\/\/www.xminsulation.com\/wp-content\/uploads\/2024\/05\/\u56fe\u724775-2-1536x1460.png 1536w, https:\/\/www.xminsulation.com\/wp-content\/uploads\/2024\/05\/\u56fe\u724775-2-600x570.png 600w, https:\/\/www.xminsulation.com\/wp-content\/uploads\/2024\/05\/\u56fe\u724775-2.png 1552w\" sizes=\"(max-width: 1024px) 100vw, 1024px\" \/><\/p>\n<h2><strong><b>Utilizzo <\/b><\/strong><strong><b>E<\/b><\/strong><strong><b>ambiente e <\/b><\/strong><strong><b>C<\/b><\/strong><strong><b>condizioni<\/b><\/strong><\/h2>\n<ol>\n<li>Temperatura dell&#039;aria: temperatura massima: +40\u2103, temperatura minima: -20\u2103.<\/li>\n<li>Temperatura: la temperatura media mensile \u00e8 95%, mentre la temperatura media giornaliera \u00e8 90%.<\/li>\n<li>Altitudine: Altezza massima di installazione: 2500 metri.<\/li>\n<li>Nessuna sostanza infiammabile, esplosiva, grave inquinamento, corrosione chimica o forti vibrazioni.<\/li>\n<li>Se l&#039;altitudine di installazione supera i 2500 metri o se ci sono altre condizioni particolari, contattare la tecnologia pre-vendita.<\/li>\n<\/ol>\n<p><img loading=\"lazy\" decoding=\"async\" class=\"alignnone wp-image-2159 size-full\" src=\"http:\/\/www.xminsulation.com\/wp-content\/uploads\/2024\/05\/\u56fe\u724776-3.png\" alt=\"\" width=\"826\" height=\"764\" srcset=\"https:\/\/www.xminsulation.com\/wp-content\/uploads\/2024\/05\/\u56fe\u724776-3.png 826w, https:\/\/www.xminsulation.com\/wp-content\/uploads\/2024\/05\/\u56fe\u724776-3-300x277.png 300w, https:\/\/www.xminsulation.com\/wp-content\/uploads\/2024\/05\/\u56fe\u724776-3-768x710.png 768w, https:\/\/www.xminsulation.com\/wp-content\/uploads\/2024\/05\/\u56fe\u724776-3-600x555.png 600w\" sizes=\"(max-width: 826px) 100vw, 826px\" \/><\/p>\n<h2><strong><b>Istruzioni per l&#039;installazione<\/b><\/strong><\/h2>\n<ol>\n<li>Pulire la scatola del filtro dell&#039;aria e trattare la superficie di tenuta prima dell&#039;uso: pulire la scatola del filtro dell&#039;aria con alcol, carta vetrata fine e un panno pulito prima dell&#039;installazione e dell&#039;uso.<\/li>\n<li>Ispezionare la superficie di tenuta della scatola. Non devono esserci graffi, sbavature, scorie di saldatura, limatura di ferro e altri corpi estranei che penetrano nella cinghia di tenuta. Controllare principalmente le seguenti posizioni: attorno al foro di installazione dell&#039;involucro, attorno all&#039;installazione della guarnizione dinamica, attorno all&#039;installazione della valvola antideflagrante. Foro di montaggio del barometro.<\/li>\n<li>La verticalit\u00e0 del perno saldato \u00e8 buona, i punti di saldatura attorno alla radice del perno sono uniformi, senza deflessione, la filettatura \u00e8 liscia e le specifiche dimensionali soddisfano i requisiti del disegno.<\/li>\n<li>L&#039;adattamento dinamico pu\u00f2 adattarsi alla superficie di tenuta prima del serraggio.<\/li>\n<li>La sede della valvola del manometro \u00e8 saldata accuratamente, le filettature interne non sono danneggiate e la saldatura \u00e8 stabile.<\/li>\n<li>La sede di messa a terra del guscio \u00e8 saldata accuratamente, le filettature interne non sono danneggiate e la saldatura \u00e8 stabile.<\/li>\n<li>Verificare che le dimensioni esterne dell&#039;armadio soddisfino i requisiti del disegno e che il metodo di espansione superiore sia coerente con il disegno delle specifiche.<\/li>\n<li>L&#039;errore diagonale del mobile \u00e8 inferiore a 3 mm.<\/li>\n<li>Le scatole che superano il controllo verranno timbrate e firmate sulla scheda del processo di produzione corrispondente e installate sulla staffa per stare in piedi.<\/li>\n<\/ol>\n<h2><strong><b>Serbatoio di benzina<\/b><\/strong><strong><b>\u00a0<\/b><\/strong><strong><b>IO<\/b><\/strong><strong><b>interno <\/b><\/strong><strong><b>IO<\/b><\/strong><strong><b>installazione <\/b><\/strong><strong><b>D<\/b><\/strong><strong><b>diagramma<\/b><\/strong><\/h2>\n<p><img loading=\"lazy\" decoding=\"async\" class=\"alignnone wp-image-2160 size-full\" src=\"http:\/\/www.xminsulation.com\/wp-content\/uploads\/2024\/05\/\u56fe\u724777-3.png\" alt=\"\" width=\"868\" height=\"1110\" srcset=\"https:\/\/www.xminsulation.com\/wp-content\/uploads\/2024\/05\/\u56fe\u724777-3.png 868w, https:\/\/www.xminsulation.com\/wp-content\/uploads\/2024\/05\/\u56fe\u724777-3-235x300.png 235w, https:\/\/www.xminsulation.com\/wp-content\/uploads\/2024\/05\/\u56fe\u724777-3-801x1024.png 801w, https:\/\/www.xminsulation.com\/wp-content\/uploads\/2024\/05\/\u56fe\u724777-3-768x982.png 768w, https:\/\/www.xminsulation.com\/wp-content\/uploads\/2024\/05\/\u56fe\u724777-3-600x767.png 600w\" sizes=\"(max-width: 868px) 100vw, 868px\" \/><\/p>\n<p><strong><b>Circuito <\/b><\/strong><strong><b>B<\/b><\/strong><strong><b>reaker <\/b><\/strong><strong><b>IO<\/b><\/strong><strong><b>installazione <\/b><\/strong><strong><b>IO<\/b><\/strong><strong><b>ispezione <\/b><\/strong><strong><b>P<\/b><\/strong><strong><b>unti e <\/b><\/strong><strong><b>P<\/b><\/strong><strong><b>precauzioni:<\/b><\/strong><\/p>\n<ol>\n<li>Prima di installare l&#039;interruttore, \u00e8 necessario ispezionarlo per assicurarsi che la sua superficie non presenti danni.<\/li>\n<li>Installare l&#039;interruttore nella lamiera e fissare il corpo dell&#039;interruttore con i dadi (non stringere i dadi per ora, quindi stringere il raccordo mobile). Assicurarsi che l&#039;interruttore corrisponda esattamente al foro di metallo, quindi assemblare il raccordo mobile.<\/li>\n<li>Dopo aver fissato e installato l&#039;attacco dinamico e l&#039;interruttore, tirare manualmente l&#039;attacco mobile per azionare il coltello di isolamento. Il movimento \u00e8 fluido e senza inceppamenti, e non vi \u00e8 alcuna deformazione del coltello.<\/li>\n<\/ol>\n<p><strong><b>IL <\/b><\/strong><strong><b>F<\/b><\/strong><strong><b>seguendo <\/b><\/strong><strong><b>P<\/b><\/strong><strong><b>Immagine <\/b><\/strong><strong><b>S<\/b><\/strong><strong><b>come sta il <\/b><\/strong><strong><b>IO<\/b><\/strong><strong><b>installazione del <\/b><\/strong><strong><b>IO<\/b><\/strong><strong><b>isolare <\/b><\/strong><strong><b>C<\/b><\/strong><strong><b>circuito <\/b><\/strong><strong><b>B<\/b><\/strong><strong><b>reaker:<\/b><\/strong><\/p>\n<p><img loading=\"lazy\" decoding=\"async\" class=\"alignnone wp-image-2161 size-full\" src=\"http:\/\/www.xminsulation.com\/wp-content\/uploads\/2024\/05\/\u56fe\u724778-3.png\" alt=\"\" width=\"988\" height=\"1013\" srcset=\"https:\/\/www.xminsulation.com\/wp-content\/uploads\/2024\/05\/\u56fe\u724778-3.png 988w, https:\/\/www.xminsulation.com\/wp-content\/uploads\/2024\/05\/\u56fe\u724778-3-293x300.png 293w, https:\/\/www.xminsulation.com\/wp-content\/uploads\/2024\/05\/\u56fe\u724778-3-768x787.png 768w, https:\/\/www.xminsulation.com\/wp-content\/uploads\/2024\/05\/\u56fe\u724778-3-600x615.png 600w\" sizes=\"(max-width: 988px) 100vw, 988px\" \/><\/p>\n<p><strong><b>IL <\/b><\/strong><strong><b>F<\/b><\/strong><strong><b>seguendo <\/b><\/strong><strong><b>P<\/b><\/strong><strong><b>le immagini sono <\/b><\/strong><strong><b>IO<\/b><\/strong><strong><b>incastro <\/b><\/strong><strong><b>D<\/b><\/strong><strong><b>Dettagli:<\/b><\/strong><\/p>\n<p><img loading=\"lazy\" decoding=\"async\" class=\"alignnone wp-image-2162 size-full\" src=\"http:\/\/www.xminsulation.com\/wp-content\/uploads\/2024\/05\/\u56fe\u724779-2.png\" alt=\"\" width=\"710\" height=\"1311\" srcset=\"https:\/\/www.xminsulation.com\/wp-content\/uploads\/2024\/05\/\u56fe\u724779-2.png 710w, https:\/\/www.xminsulation.com\/wp-content\/uploads\/2024\/05\/\u56fe\u724779-2-162x300.png 162w, https:\/\/www.xminsulation.com\/wp-content\/uploads\/2024\/05\/\u56fe\u724779-2-555x1024.png 555w, https:\/\/www.xminsulation.com\/wp-content\/uploads\/2024\/05\/\u56fe\u724779-2-600x1108.png 600w\" sizes=\"(max-width: 710px) 100vw, 710px\" \/><\/p>\n<h2><strong><b>Funzionamento e manutenzione<\/b><\/strong><\/h2>\n<p>1 , Condizioni operative.<br \/>\nSF6-40,5kV\/1250A generalmente funziona\/serve in normali condizioni interne ed \u00e8 conforme a IEC 62271-1 e GB3906. Le condizioni specifiche sono le seguenti.<br \/>\na. Temperatura ambiente: temperatura massima +40\u2103; temperatura massima media nelle 24 ore +35\u2103; temperatura minima -40\u2103.<br \/>\nb. Umidit\u00e0: l&#039;umidit\u00e0 relativa media massima misurata in 24 ore \u00e8 95%; l&#039;umidit\u00e0 relativa media massima misurata in 1 mese \u00e8 90%.<br \/>\nc. L&#039;altitudine massima di installazione \u00e8 di 2500 metri senza ridurre la pressione del gas. Quando l&#039;altitudine di installazione supera i 2500 metri, contattare la tecnologia pre-vendita.<br \/>\nd. Condizioni speciali: il funzionamento deve essere conforme ai requisiti degli standard IEC62271-1 e GB3906. Per condizioni operative speciali, l&#039;utente finale e il produttore devono raggiungere un accordo. Se sono coinvolti ambienti operativi difficili speciali, \u00e8 necessario consultare il produttore. Ad esempio, quando l&#039;apparecchiatura elettrica viene installata a un&#039;altitudine superiore a 2.500 metri, la pressione atmosferica diminuir\u00e0, causando il rigonfiamento della scatola dell&#039;aria.<\/p>\n<p>2. Manutenzione del prodotto.<br \/>\na, Tutti i componenti interni sono esenti da manutenzione per tutta la durata di vita dichiarata del prodotto.<br \/>\nb. Le posizioni di isolamento e di messa a terra possono essere osservate per fornire una garanzia di sicurezza per il funzionamento e la costruzione dei cavi.<br \/>\nc. Il circuito del sistema \u00e8 completamente isolato dall&#039;atmosfera e sulla scatola dell&#039;aria \u00e8 stato progettato uno speciale canale di scarico della pressione dell&#039;arco per garantire la sicurezza degli operatori e delle apparecchiature.<br \/>\nd. La parte meccanica si trova all&#039;esterno della scatola dell&#039;aria e dietro il pannello frontale. Ci\u00f2 semplifica il funzionamento e la sostituzione. La superficie delle parti meccaniche \u00e8 stata sottoposta a trattamento anticorrosione. Le sue parti mobili sono state lubrificate prima di lasciare la fabbrica, il che pu\u00f2 soddisfare l&#039;uso del ciclo di vita del prodotto. In ambienti estremi (polvere, sabbia e sporcizia) potrebbero essere necessarie ispezione, manutenzione e, in alcuni casi, sostituzione.<\/p>\n<h2>\u25c6Personalizzazione speciale<\/h2>\n<p>I parametri sopra indicati sono dati tipici; se gli stili esistenti non soddisfano le tue richieste specifiche, contattaci per un design personalizzato. Disponiamo di significative capacit\u00e0 di sviluppo e produzione di personalizzazioni personalizzate, che ci consentono di fornire soluzioni su misura a clienti in tutto il mondo.<\/p>","protected":false},"excerpt":{"rendered":"<p>General Intruduction The 40.5kV-1250A fully enclosed and fully insulated SF6 inflatable ring main unit introduces advanced foreign technology and adopts a modular design, with its perfect unity of fixed type and flexible expansion. SF-40.5 inflatable switch cabinet has the characteristics of compact structure, fully insulated, long life, maintenance-free, small footprint, complete solutions, strong scalability, high [&hellip;]<\/p>","protected":false},"featured_media":2153,"template":"","meta":{"site-sidebar-layout":"default","site-content-layout":"","ast-site-content-layout":"default","site-content-style":"default","site-sidebar-style":"default","ast-global-header-display":"","ast-banner-title-visibility":"","ast-main-header-display":"","ast-hfb-above-header-display":"","ast-hfb-below-header-display":"","ast-hfb-mobile-header-display":"","site-post-title":"","ast-breadcrumbs-content":"","ast-featured-img":"","footer-sml-layout":"","theme-transparent-header-meta":"default","adv-header-id-meta":"","stick-header-meta":"","header-above-stick-meta":"","header-main-stick-meta":"","header-below-stick-meta":"","astra-migrate-meta-layouts":"set","ast-page-background-enabled":"default","ast-page-background-meta":{"desktop":{"background-color":"","background-image":"","background-repeat":"repeat","background-position":"center center","background-size":"auto","background-attachment":"scroll","background-type":"","background-media":"","overlay-type":"","overlay-color":"","overlay-gradient":""},"tablet":{"background-color":"","background-image":"","background-repeat":"repeat","background-position":"center center","background-size":"auto","background-attachment":"scroll","background-type":"","background-media":"","overlay-type":"","overlay-color":"","overlay-gradient":""},"mobile":{"background-color":"","background-image":"","background-repeat":"repeat","background-position":"center center","background-size":"auto","background-attachment":"scroll","background-type":"","background-media":"","overlay-type":"","overlay-color":"","overlay-gradient":""}},"ast-content-background-meta":{"desktop":{"background-color":"var(--ast-global-color-5)","background-image":"","background-repeat":"repeat","background-position":"center center","background-size":"auto","background-attachment":"scroll","background-type":"","background-media":"","overlay-type":"","overlay-color":"","overlay-gradient":""},"tablet":{"background-color":"var(--ast-global-color-5)","background-image":"","background-repeat":"repeat","background-position":"center center","background-size":"auto","background-attachment":"scroll","background-type":"","background-media":"","overlay-type":"","overlay-color":"","overlay-gradient":""},"mobile":{"background-color":"var(--ast-global-color-5)","background-image":"","background-repeat":"repeat","background-position":"center center","background-size":"auto","background-attachment":"scroll","background-type":"","background-media":"","overlay-type":"","overlay-color":"","overlay-gradient":""}}},"product_cat":[34],"product_tag":[],"class_list":{"0":"post-2152","1":"product","2":"type-product","3":"status-publish","4":"has-post-thumbnail","6":"product_cat-10-40-5kv-sf6-gas-insulated-switchgear-gis-rmu","7":"desktop-align-left","8":"tablet-align-left","9":"mobile-align-left","11":"first","12":"instock","13":"shipping-taxable","14":"product-type-simple"},"_links":{"self":[{"href":"https:\/\/www.xminsulation.com\/it\/wp-json\/wp\/v2\/product\/2152","targetHints":{"allow":["GET"]}}],"collection":[{"href":"https:\/\/www.xminsulation.com\/it\/wp-json\/wp\/v2\/product"}],"about":[{"href":"https:\/\/www.xminsulation.com\/it\/wp-json\/wp\/v2\/types\/product"}],"wp:featuredmedia":[{"embeddable":true,"href":"https:\/\/www.xminsulation.com\/it\/wp-json\/wp\/v2\/media\/2153"}],"wp:attachment":[{"href":"https:\/\/www.xminsulation.com\/it\/wp-json\/wp\/v2\/media?parent=2152"}],"wp:term":[{"taxonomy":"product_cat","embeddable":true,"href":"https:\/\/www.xminsulation.com\/it\/wp-json\/wp\/v2\/product_cat?post=2152"},{"taxonomy":"product_tag","embeddable":true,"href":"https:\/\/www.xminsulation.com\/it\/wp-json\/wp\/v2\/product_tag?post=2152"}],"curies":[{"name":"wp","href":"https:\/\/api.w.org\/{rel}","templated":true}]}}