{"id":2096,"date":"2024-05-17T10:10:32","date_gmt":"2024-05-17T02:10:32","guid":{"rendered":"http:\/\/www.xminsulation.com\/?post_type=product&#038;p=2096"},"modified":"2024-05-17T10:10:33","modified_gmt":"2024-05-17T02:10:33","slug":"15-6kv-dry-air-insulated-ring-main-unit-sf6-free-ais-rmu","status":"publish","type":"product","link":"https:\/\/www.xminsulation.com\/it\/product\/15-6kv-dry-air-insulated-ring-main-unit-sf6-free-ais-rmu\/","title":{"rendered":"Unit\u00e0 principale ad anello isolata ad aria secca da 15,6 kV (AIS RMU senza SF6)"},"content":{"rendered":"<p><img fetchpriority=\"high\" decoding=\"async\" class=\"alignnone wp-image-2097 size-full\" src=\"http:\/\/www.xminsulation.com\/wp-content\/uploads\/2024\/05\/\u56fe\u724724-2.png\" alt=\"\" width=\"1000\" height=\"1000\" srcset=\"https:\/\/www.xminsulation.com\/wp-content\/uploads\/2024\/05\/\u56fe\u724724-2.png 1000w, https:\/\/www.xminsulation.com\/wp-content\/uploads\/2024\/05\/\u56fe\u724724-2-300x300.png 300w, https:\/\/www.xminsulation.com\/wp-content\/uploads\/2024\/05\/\u56fe\u724724-2-150x150.png 150w, https:\/\/www.xminsulation.com\/wp-content\/uploads\/2024\/05\/\u56fe\u724724-2-768x768.png 768w, https:\/\/www.xminsulation.com\/wp-content\/uploads\/2024\/05\/\u56fe\u724724-2-600x600.png 600w, https:\/\/www.xminsulation.com\/wp-content\/uploads\/2024\/05\/\u56fe\u724724-2-100x100.png 100w\" sizes=\"(max-width: 1000px) 100vw, 1000px\" \/><img decoding=\"async\" class=\"alignnone wp-image-2098 size-full\" src=\"http:\/\/www.xminsulation.com\/wp-content\/uploads\/2024\/05\/\u56fe\u724725-2.png\" alt=\"\" width=\"1000\" height=\"1000\" srcset=\"https:\/\/www.xminsulation.com\/wp-content\/uploads\/2024\/05\/\u56fe\u724725-2.png 1000w, https:\/\/www.xminsulation.com\/wp-content\/uploads\/2024\/05\/\u56fe\u724725-2-300x300.png 300w, https:\/\/www.xminsulation.com\/wp-content\/uploads\/2024\/05\/\u56fe\u724725-2-150x150.png 150w, https:\/\/www.xminsulation.com\/wp-content\/uploads\/2024\/05\/\u56fe\u724725-2-768x768.png 768w, https:\/\/www.xminsulation.com\/wp-content\/uploads\/2024\/05\/\u56fe\u724725-2-600x600.png 600w, https:\/\/www.xminsulation.com\/wp-content\/uploads\/2024\/05\/\u56fe\u724725-2-100x100.png 100w\" sizes=\"(max-width: 1000px) 100vw, 1000px\" \/> <img decoding=\"async\" class=\"alignnone wp-image-2099 size-full\" src=\"http:\/\/www.xminsulation.com\/wp-content\/uploads\/2024\/05\/\u56fe\u724726-3.png\" alt=\"\" width=\"1000\" height=\"1000\" srcset=\"https:\/\/www.xminsulation.com\/wp-content\/uploads\/2024\/05\/\u56fe\u724726-3.png 1000w, https:\/\/www.xminsulation.com\/wp-content\/uploads\/2024\/05\/\u56fe\u724726-3-300x300.png 300w, https:\/\/www.xminsulation.com\/wp-content\/uploads\/2024\/05\/\u56fe\u724726-3-150x150.png 150w, https:\/\/www.xminsulation.com\/wp-content\/uploads\/2024\/05\/\u56fe\u724726-3-768x768.png 768w, https:\/\/www.xminsulation.com\/wp-content\/uploads\/2024\/05\/\u56fe\u724726-3-600x600.png 600w, https:\/\/www.xminsulation.com\/wp-content\/uploads\/2024\/05\/\u56fe\u724726-3-100x100.png 100w\" sizes=\"(max-width: 1000px) 100vw, 1000px\" \/><\/p>\n<h2><strong><b>Informazioni generali<\/b><\/strong><\/h2>\n<p>Nei sistemi di distribuzione dell&#039;energia a media tensione, gli armadi di rete ad anello pi\u00f9 comunemente utilizzati attualmente includono armadi di rete ad anello isolati in gas SF6, armadi di rete ad anello isolati in modo solido e armadi di rete ad anello isolati in gas ecologici. Tuttavia, a causa del problema delle emissioni di gas serra dell&#039;SF6 e della difficolt\u00e0 di riciclare i materiali isolanti solidi, l&#039;applicazione dell&#039;unit\u00e0 principale ad anello isolata in gas SF6 e dell&#039;unit\u00e0 principale ad anello isolata in solido sar\u00e0 limitata. Con la promozione globale del concetto di sviluppo ecologico e rispettoso dell&#039;ambiente, le unit\u00e0 principali dei fornelli a gas completamente isolate e rispettose dell&#039;ambiente che soddisfano i pi\u00f9 recenti concetti e requisiti di protezione ambientale introdurranno opportunit\u00e0 di sviluppo storiche!<\/p>\n<p>Gli interruttori ecologici della serie IE-EcoAir-15.6\/24kV 630A rappresentano una nuova generazione di interruttori automatici ecologici &quot;senza fluoro e a basso contenuto di rifiuti solidi&quot; e unit\u00e0 principali ad anello isolate a gas ecologiche, sviluppate per sostituire il tradizionale isolamento in gas SF6.<\/p>\n<p>L&#039;interruttore automatico ecologico adotta una trave longitudinale integrata ad alta resistenza e la camera di estinzione dell&#039;arco sotto vuoto \u00e8 avvolta nella struttura della trave longitudinale. Presenta i vantaggi di una struttura affidabile e di un semplice debug. Isola le operazioni di apertura, chiusura e messa a terra dell&#039;interruttore a coltello tramite un mandrino di isolamento integrato. Azionato dalla macchina, non vi \u00e8 altra trasmissione del braccio, la posizione di lavoro \u00e8 pi\u00f9 precisa e la forza di azionamento del meccanismo di isolamento \u00e8 pi\u00f9 leggera. L&#039;albero principale dell&#039;interruttore automatico \u00e8 realizzato in asta di innesco in fibra di vetro epossidica, che ha un&#039;elevata resistenza meccanica e forti prestazioni di isolamento. Attraverso la staffa in lega e la camma di trasmissione, vengono realizzate le azioni di apertura e chiusura della camera di estinzione dell&#039;arco sotto vuoto. Le fasi sono rinforzate con gonne a ombrello in silicone per aumentare la distanza di dispersione. L&#039;interruttore automatico ecologico non \u00e8 adatto solo per unit\u00e0 principali ad anello con struttura a camera d&#039;aria sigillata, ma anche per unit\u00e0 principali ad anello racchiuse in metallo a pressione normale.<\/p>\n<p>Utilizzando una soluzione di isolamento a gas ecologico e rottura del vuoto, la combinazione di vantaggi ha elevate prestazioni complessive. Il circuito primario \u00e8 sigillato a gas, i componenti ad alta pressione non sono influenzati dall&#039;altitudine, sono completamente esenti da manutenzione e hanno una forte adattabilit\u00e0 ambientale. Le dimensioni dell&#039;armadio sono ridotte e lo spazio di layout richiesto \u00e8 basso. I prodotti possono essere utilizzati in reti elettriche, grandi industrie, trasporto ferroviario, edifici commerciali e altri scenari di utilizzo.<\/p>\n<p>Questo prodotto \u00e8 utilizzato principalmente in apparecchiature di commutazione di rete ad anello interne ed esterne in sistemi di distribuzione di media tensione da 10-24 kV per ricevere e distribuire energia elettrica. \u00c8 adatto per soluzioni di armadi di rete ad anello con espansione superiore, espansione laterale e scatola comune (massimo tre unit\u00e0). La velocit\u00e0 comune delle parti delle soluzioni di isolamento superiore e inferiore raggiunge pi\u00f9 di 90%. Il prodotto ha un&#039;elevata stabilit\u00e0 e una forte versatilit\u00e0 e soddisfa pienamente i requisiti del test di tipo.<\/p>\n<h2><strong><b>caratteristiche del prodotto<\/b><\/strong><strong><b>\u00a0<\/b><\/strong><\/h2>\n<ol>\n<li><b><\/b><strong><b>Verde<\/b><\/strong><strong><b>.<\/b><\/strong><\/li>\n<\/ol>\n<p>L&#039;aria compressa secca viene utilizzata come gas isolante, che ha un&#039;elevata intensit\u00e0 del campo di ionizzazione e un&#039;intensit\u00e0 del campo di rottura. Pu\u00f2 ripristinare rapidamente le prestazioni di isolamento dopo la rottura. Ha una buona stabilit\u00e0 chimica, non \u00e8 infiammabile, non esplosivo, non invecchia, non \u00e8 corrosivo e non \u00e8 soggetto a scarica. Si decompone e ha un&#039;elevata capacit\u00e0 termica specifica, una buona conduttivit\u00e0 termica e fluidit\u00e0. Questo gas isolante ecologico non \u00e8 solo atossico e innocuo, ma pu\u00f2 essere scaricato direttamente nell&#039;atmosfera senza causare inquinamento atmosferico. Ha anche buone propriet\u00e0 elettriche e stabilit\u00e0 e pu\u00f2 essere utilizzato nel processo di elaborazione sintetica, funzionamento delle apparecchiature, arco, vapore acqueo e altre condizioni. Sotto l&#039;azione combinata di fattori esterni e durante il processo finale di decomposizione e trasformazione, non verranno prodotte sostanze tossiche o nocive per le persone e l&#039;ambiente. L&#039;interruttore \u00e8 realizzato in materiale termoplastico ed \u00e8 riciclabile. Non ci sono emissioni di gas serra SF6 e nessun impatto sull&#039;ambiente come il riciclaggio dei rifiuti solidi.<\/p>\n<ol start=\"2\">\n<li><b><\/b><strong><b>Compatto <\/b><\/strong><strong><b>S<\/b><\/strong><strong><b>ritmo<\/b><\/strong><strong><b>.<\/b><\/strong><\/li>\n<\/ol>\n<p>Armadio di commutazione compatto, la larghezza della tipica soluzione da 15,6 kV \u00e8 di soli 400 mm circa, le dimensioni dell&#039;armadio sono ridotte e lo spazio di layout richiesto \u00e8 basso. Installazione a parete affidabile, solo 1 m di canale operativo davanti all&#039;armadio.<\/p>\n<ol start=\"3\">\n<li><b><\/b><strong><b>M<\/b><\/strong><strong><b>manutenzione <\/b><\/strong><strong><b>F<\/b><\/strong><strong><b>libero<\/b><\/strong><strong><b>.<\/b><\/strong><\/li>\n<\/ol>\n<p>Utilizzando un estintore ad arco sottovuoto di lunga durata e che non richiede manutenzione, la parte conduttiva principale non \u00e8 influenzata dall&#039;ambiente esterno e non \u00e8 necessario configurare il gas SF6 in loco.<\/p>\n<p>Dispositivo di allarme perdite. Il circuito principale \u00e8 collegato in modo fisso e non richiede manutenzione di inserimento e disinserimento durante il ciclo di vita. Particolarmente adatto per applicazioni in aree di altopiano, costiere, alpine, ad alto inquinamento e altre.<\/p>\n<ol start=\"4\">\n<li><b><\/b><strong><b>Intelligente<\/b><\/strong><strong><b>.<\/b><\/strong><\/li>\n<\/ol>\n<p>L&#039;integrazione con apparecchiature secondarie pu\u00f2 realizzare monitoraggio online, controllo remoto e protezione delle apparecchiature per soddisfare le esigenze della rete di distribuzione intelligente.<\/p>\n<ol start=\"5\">\n<li><b><\/b><strong><b>Modular<\/b><\/strong><strong><b>.<\/b><\/strong><\/li>\n<\/ol>\n<p>Dispone di metodi di espansione laterale e superiore, espansione flessibile e conveniente, \u00e8 pienamente in linea con la standardizzazione della rete elettrica cinese e con varie soluzioni personalizzate.<\/p>\n<ol start=\"6\">\n<li><b><\/b><strong><b>S<\/b><\/strong><strong><b>sicurezza<\/b><\/strong><strong><b>.<\/b><\/strong><\/li>\n<\/ol>\n<p>Adottando una struttura di isolamento a fase divisa, non vi \u00e8 alcun rischio di esplosione da cortocircuito fase-fase; la tecnologia non-SF6 evita perdite di gas SF6, che possono portare all&#039;indebolimento dell&#039;isolamento e delle capacit\u00e0 di estinzione dell&#039;arco, con conseguente guasto di rottura e rischio di esplosione della scatola; ha una struttura di interblocco completa &quot;a cinque prevenzioni&quot;, sicura e facile da usare.<\/p>\n<p><strong><b> <img loading=\"lazy\" decoding=\"async\" class=\"alignnone wp-image-2100 size-large\" src=\"http:\/\/www.xminsulation.com\/wp-content\/uploads\/2024\/05\/\u56fe\u724727-3-935x1024.png\" alt=\"\" width=\"935\" height=\"1024\" srcset=\"https:\/\/www.xminsulation.com\/wp-content\/uploads\/2024\/05\/\u56fe\u724727-3-935x1024.png 935w, https:\/\/www.xminsulation.com\/wp-content\/uploads\/2024\/05\/\u56fe\u724727-3-274x300.png 274w, https:\/\/www.xminsulation.com\/wp-content\/uploads\/2024\/05\/\u56fe\u724727-3-768x841.png 768w, https:\/\/www.xminsulation.com\/wp-content\/uploads\/2024\/05\/\u56fe\u724727-3-1403x1536.png 1403w, https:\/\/www.xminsulation.com\/wp-content\/uploads\/2024\/05\/\u56fe\u724727-3-600x657.png 600w, https:\/\/www.xminsulation.com\/wp-content\/uploads\/2024\/05\/\u56fe\u724727-3.png 1796w\" sizes=\"(max-width: 935px) 100vw, 935px\" \/><\/b><\/strong><\/p>\n<h2><strong><b>Operativo <\/b><\/strong><strong><b>C<\/b><\/strong><strong><b>condizioni<\/b><\/strong><\/h2>\n<p>IE-EcoAir-15.6\/24kV 630A \u00e8 generalmente utilizzato\/sottoposto a manutenzione in normali condizioni interne ed \u00e8 conforme a IEC 62271-1 e GB3906. Le condizioni specifiche sono le seguenti:<\/p>\n<ol>\n<li>Temperatura ambiente.<\/li>\n<\/ol>\n<p>Temperatura massima: +40\u2103.<\/p>\n<p>Temperatura massima (media delle 24 ore): +35\u00b0C.<\/p>\n<p>Temperatura minima: -40\u2103.<\/p>\n<ol start=\"2\">\n<li>Umidit\u00e0. Umidit\u00e0 relativa media massima misurata in 24 ore: 95%. Umidit\u00e0 relativa media massima misurata in un mese: 90%.<\/li>\n<li>L&#039;altitudine massima di installazione senza riduzione della pressione del gas \u00e8 di 1500 metri. Quando l&#039;altitudine di installazione supera i 1500 metri, contattare la tecnologia pre-vendita.<\/li>\n<li>Il funzionamento deve essere conforme ai requisiti degli standard IEC62271-1 e GB3906. Per condizioni operative speciali, l&#039;utente finale e il produttore devono raggiungere un accordo. Se sono coinvolti ambienti operativi difficili speciali, \u00e8 necessario consultare il produttore. Ad esempio, quando l&#039;apparecchiatura elettrica viene installata a un&#039;altitudine superiore a 1.500 metri, la pressione atmosferica diminuir\u00e0, causando il rigonfiamento della scatola dell&#039;aria.<\/li>\n<\/ol>\n<h2><strong><b>Disegno dimensionale del serbatoio dell&#039;aria e del quadro elettrico<\/b><\/strong><\/h2>\n<p><img loading=\"lazy\" decoding=\"async\" class=\"alignnone wp-image-2101 size-full\" src=\"http:\/\/www.xminsulation.com\/wp-content\/uploads\/2024\/05\/\u56fe\u724728-3.png\" alt=\"\" width=\"1000\" height=\"838\" srcset=\"https:\/\/www.xminsulation.com\/wp-content\/uploads\/2024\/05\/\u56fe\u724728-3.png 1000w, https:\/\/www.xminsulation.com\/wp-content\/uploads\/2024\/05\/\u56fe\u724728-3-300x251.png 300w, https:\/\/www.xminsulation.com\/wp-content\/uploads\/2024\/05\/\u56fe\u724728-3-768x644.png 768w, https:\/\/www.xminsulation.com\/wp-content\/uploads\/2024\/05\/\u56fe\u724728-3-600x503.png 600w\" sizes=\"(max-width: 1000px) 100vw, 1000px\" \/> <img loading=\"lazy\" decoding=\"async\" class=\"alignnone wp-image-2102 size-full\" src=\"http:\/\/www.xminsulation.com\/wp-content\/uploads\/2024\/05\/\u56fe\u724729-2.png\" alt=\"\" width=\"1000\" height=\"1196\" srcset=\"https:\/\/www.xminsulation.com\/wp-content\/uploads\/2024\/05\/\u56fe\u724729-2.png 1000w, https:\/\/www.xminsulation.com\/wp-content\/uploads\/2024\/05\/\u56fe\u724729-2-251x300.png 251w, https:\/\/www.xminsulation.com\/wp-content\/uploads\/2024\/05\/\u56fe\u724729-2-856x1024.png 856w, https:\/\/www.xminsulation.com\/wp-content\/uploads\/2024\/05\/\u56fe\u724729-2-768x919.png 768w, https:\/\/www.xminsulation.com\/wp-content\/uploads\/2024\/05\/\u56fe\u724729-2-600x718.png 600w\" sizes=\"(max-width: 1000px) 100vw, 1000px\" \/><\/p>\n<h2><strong><b>Interno <\/b><\/strong><strong><b>S<\/b><\/strong><strong><b>struttura di <\/b><\/strong><strong><b>L<\/b><\/strong><strong><b>ower <\/b><\/strong><strong><b>IO<\/b><\/strong><strong><b>Solitudine <\/b><\/strong><strong><b>Apparecchiatura di commutazione isolata ad aria secca<\/b><\/strong><\/h2>\n<p><img loading=\"lazy\" decoding=\"async\" class=\"alignnone wp-image-2103 size-full\" src=\"http:\/\/www.xminsulation.com\/wp-content\/uploads\/2024\/05\/\u56fe\u724730-2.png\" alt=\"\" width=\"1065\" height=\"786\" srcset=\"https:\/\/www.xminsulation.com\/wp-content\/uploads\/2024\/05\/\u56fe\u724730-2.png 1065w, https:\/\/www.xminsulation.com\/wp-content\/uploads\/2024\/05\/\u56fe\u724730-2-300x221.png 300w, https:\/\/www.xminsulation.com\/wp-content\/uploads\/2024\/05\/\u56fe\u724730-2-1024x756.png 1024w, https:\/\/www.xminsulation.com\/wp-content\/uploads\/2024\/05\/\u56fe\u724730-2-768x567.png 768w, https:\/\/www.xminsulation.com\/wp-content\/uploads\/2024\/05\/\u56fe\u724730-2-600x443.png 600w\" sizes=\"(max-width: 1065px) 100vw, 1065px\" \/><\/p>\n<p>1, \u4fa7\u6269\u5957\u7ba1. Carter ad espansione laterale.<\/p>\n<p>2,\u65ad\u8def\u5668(\u8d1f\u8377\u5f00\u5173). Interruttore automatico (interruttore di carico).<\/p>\n<p>3, \u4e09\u5de5\u4f4d\u4e0b\u9694\u79bb\u7684\u9694\u79bb\u5f00\u5173. Sezionatore a tre stazioni.<\/p>\n<p>4, \u6bcd\u7ebf. Bus bar.<\/p>\n<p>5, \u8fdb\u7ebf\u5957\u7ba1. Boccola d&#039;ingresso.<\/p>\n<p>6, \u6c14\u7bb1. Serbatoio d&#039;aria.<\/p>\n<p>7, \u6c14\u538b\u8868. Barometro.<\/p>\n<p>8,\u65ad\u8def\u5668(\u8d1f\u8377\u5f00\u5173)\u673a\u6784. Meccanismo dell&#039;interruttore automatico (interruttore del carico).<\/p>\n<p>9,\u89c2\u5bdf\u706f. Luce di osservazione.<\/p>\n<p>10, \u4e09\u5de5\u4f4d\u9694\u79bb\u673a\u6784. Meccanismo di isolamento a tre stazioni.<\/p>\n<p>11,\u63a5\u5730\u89c2\u5bdf\u7a97. Finestra di osservazione del suolo.<\/p>\n<h2><strong><b>Piano di espansione laterale dell&#039;armadio elettrico<\/b><\/strong><\/h2>\n<p><img loading=\"lazy\" decoding=\"async\" class=\"alignnone wp-image-2104 size-full\" src=\"http:\/\/www.xminsulation.com\/wp-content\/uploads\/2024\/05\/\u56fe\u724731-2.png\" alt=\"\" width=\"621\" height=\"532\" srcset=\"https:\/\/www.xminsulation.com\/wp-content\/uploads\/2024\/05\/\u56fe\u724731-2.png 621w, https:\/\/www.xminsulation.com\/wp-content\/uploads\/2024\/05\/\u56fe\u724731-2-300x257.png 300w, https:\/\/www.xminsulation.com\/wp-content\/uploads\/2024\/05\/\u56fe\u724731-2-600x514.png 600w\" sizes=\"(max-width: 621px) 100vw, 621px\" \/><\/p>\n<h2><strong><b>Armadio elettrico <\/b><\/strong><strong><b>Superiore<\/b><\/strong><strong><b>\u00a0Piano di espansione<\/b><\/strong><\/h2>\n<p><img loading=\"lazy\" decoding=\"async\" class=\"alignnone wp-image-2105 size-full\" src=\"http:\/\/www.xminsulation.com\/wp-content\/uploads\/2024\/05\/\u56fe\u724732-3.png\" alt=\"\" width=\"687\" height=\"630\" srcset=\"https:\/\/www.xminsulation.com\/wp-content\/uploads\/2024\/05\/\u56fe\u724732-3.png 687w, https:\/\/www.xminsulation.com\/wp-content\/uploads\/2024\/05\/\u56fe\u724732-3-300x275.png 300w, https:\/\/www.xminsulation.com\/wp-content\/uploads\/2024\/05\/\u56fe\u724732-3-600x550.png 600w\" sizes=\"(max-width: 687px) 100vw, 687px\" \/><\/p>\n<h2><strong><b>Note di installazione<\/b><\/strong><\/h2>\n<p>Questo prodotto deve essere installato sul canale in acciaio incorporato nella piattaforma in cemento; la base della piattaforma deve essere sufficiente a sostenere il peso totale dell&#039;attrezzatura.<\/p>\n<p>Nota: l&#039;acciaio del canale di fondazione per il getto secondario \u00e8 deformato e l&#039;irregolarit\u00e0 per metro non \u00e8 superiore a 1 mm. L&#039;armadio elettrico \u00e8 fissato sull&#039;acciaio del canale di fondazione e il carico di base dell&#039;armadio elettrico saldato pu\u00f2 essere di 500-700 kg\/unit\u00e0.<\/p>\n<p><strong><b>Dimensioni di fondazione e complessive (mm):<\/b><\/strong><\/p>\n<p><strong><b><img loading=\"lazy\" decoding=\"async\" class=\"alignnone wp-image-2106 size-large\" src=\"http:\/\/www.xminsulation.com\/wp-content\/uploads\/2024\/05\/\u56fe\u724733-4-1024x1021.png\" alt=\"\" width=\"1024\" height=\"1021\" srcset=\"https:\/\/www.xminsulation.com\/wp-content\/uploads\/2024\/05\/\u56fe\u724733-4-1024x1021.png 1024w, https:\/\/www.xminsulation.com\/wp-content\/uploads\/2024\/05\/\u56fe\u724733-4-300x300.png 300w, https:\/\/www.xminsulation.com\/wp-content\/uploads\/2024\/05\/\u56fe\u724733-4-150x150.png 150w, https:\/\/www.xminsulation.com\/wp-content\/uploads\/2024\/05\/\u56fe\u724733-4-768x766.png 768w, https:\/\/www.xminsulation.com\/wp-content\/uploads\/2024\/05\/\u56fe\u724733-4-1536x1531.png 1536w, https:\/\/www.xminsulation.com\/wp-content\/uploads\/2024\/05\/\u56fe\u724733-4-600x598.png 600w, https:\/\/www.xminsulation.com\/wp-content\/uploads\/2024\/05\/\u56fe\u724733-4-100x100.png 100w, https:\/\/www.xminsulation.com\/wp-content\/uploads\/2024\/05\/\u56fe\u724733-4.png 1677w\" sizes=\"(max-width: 1024px) 100vw, 1024px\" \/><\/b><\/strong><\/p>\n<p><strong><b>Interruttore <\/b><\/strong><strong><b>C<\/b><\/strong><strong><b>abinet e <\/b><\/strong><strong><b>UN<\/b><\/strong><strong><b>aspetto <\/b><\/strong><strong><b>IO<\/b><\/strong><strong><b>installazione <\/b><\/strong><strong><b>D<\/b><\/strong><strong><b>dimensioni (mm):<\/b><\/strong><\/p>\n<p>L&#039;altezza dell&#039;armadio elettrico \u00e8 di 1650 mm (senza sala strumenti indipendente). Se sono richiesti strumenti indipendenti, l&#039;altezza dell&#039;interruttore \u00e8 di 2000 mm. La profondit\u00e0 dell&#039;armadio di configurazione standard \u00e8 di 850 mm.<\/p>\n<p><img loading=\"lazy\" decoding=\"async\" class=\"alignnone wp-image-2107 size-full\" src=\"http:\/\/www.xminsulation.com\/wp-content\/uploads\/2024\/05\/\u56fe\u724734-3.png\" alt=\"\" width=\"1103\" height=\"1595\" srcset=\"https:\/\/www.xminsulation.com\/wp-content\/uploads\/2024\/05\/\u56fe\u724734-3.png 1103w, https:\/\/www.xminsulation.com\/wp-content\/uploads\/2024\/05\/\u56fe\u724734-3-207x300.png 207w, https:\/\/www.xminsulation.com\/wp-content\/uploads\/2024\/05\/\u56fe\u724734-3-708x1024.png 708w, https:\/\/www.xminsulation.com\/wp-content\/uploads\/2024\/05\/\u56fe\u724734-3-768x1111.png 768w, https:\/\/www.xminsulation.com\/wp-content\/uploads\/2024\/05\/\u56fe\u724734-3-1062x1536.png 1062w, https:\/\/www.xminsulation.com\/wp-content\/uploads\/2024\/05\/\u56fe\u724734-3-600x868.png 600w\" sizes=\"(max-width: 1103px) 100vw, 1103px\" \/><\/p>\n<h2><strong><b>Manutenzione del prodotto<\/b><\/strong><\/h2>\n<p>Tutti i componenti all&#039;interno del 15,6 kV\/630 A sono esenti da manutenzione per tutta la durata di vita dichiarata del prodotto.<\/p>\n<p>\u00c8 possibile osservare le posizioni di isolamento e messa a terra per fornire garanzia di sicurezza per il funzionamento e la costruzione del cavo.<\/p>\n<p>Il circuito del sistema \u00e8 completamente isolato dall&#039;atmosfera e sull&#039;airbox \u00e8 progettato uno speciale canale di scarico della pressione dell&#039;arco per garantire la sicurezza degli operatori e delle apparecchiature.<\/p>\n<p>La parte meccanica \u00e8 posizionata all&#039;esterno dell&#039;airbox e dietro il pannello frontale, facilitando il funzionamento e la sostituzione. La superficie della parte meccanica \u00e8 stata sottoposta a un trattamento anticorrosione e le sue parti mobili sono state lubrificate prima di lasciare la fabbrica, in modo da soddisfare l&#039;utilizzo del ciclo di vita del prodotto. In ambienti estremi (polvere, sabbia e sporco) potrebbero essere necessarie l&#039;ispezione, la manutenzione e, in alcuni casi, la sostituzione.<\/p>\n<h2>\u25c6Personalizzazione speciale<\/h2>\n<p>I parametri sopra indicati sono dati tipici; se gli stili esistenti non soddisfano le tue richieste specifiche, contattaci per un design personalizzato. Disponiamo di significative capacit\u00e0 di sviluppo e produzione di personalizzazioni personalizzate, che ci consentono di fornire soluzioni su misura a clienti in tutto il mondo.<\/p>","protected":false},"excerpt":{"rendered":"<p>General Information In medium-voltage power distribution systems, the most commonly used ring network cabinets currently include SF6 gas insulated ring network cabinets, solid insulated ring network cabinets and environmentally friendly gas insulated ring network cabinets. However, due to the greenhouse gas emission problem of SF6 and the difficulty of recycling solid insulation materials, the application [&hellip;]<\/p>","protected":false},"featured_media":2097,"template":"","meta":{"site-sidebar-layout":"default","site-content-layout":"","ast-site-content-layout":"default","site-content-style":"default","site-sidebar-style":"default","ast-global-header-display":"","ast-banner-title-visibility":"","ast-main-header-display":"","ast-hfb-above-header-display":"","ast-hfb-below-header-display":"","ast-hfb-mobile-header-display":"","site-post-title":"","ast-breadcrumbs-content":"","ast-featured-img":"","footer-sml-layout":"","theme-transparent-header-meta":"default","adv-header-id-meta":"","stick-header-meta":"","header-above-stick-meta":"","header-main-stick-meta":"","header-below-stick-meta":"","astra-migrate-meta-layouts":"set","ast-page-background-enabled":"default","ast-page-background-meta":{"desktop":{"background-color":"","background-image":"","background-repeat":"repeat","background-position":"center center","background-size":"auto","background-attachment":"scroll","background-type":"","background-media":"","overlay-type":"","overlay-color":"","overlay-gradient":""},"tablet":{"background-color":"","background-image":"","background-repeat":"repeat","background-position":"center center","background-size":"auto","background-attachment":"scroll","background-type":"","background-media":"","overlay-type":"","overlay-color":"","overlay-gradient":""},"mobile":{"background-color":"","background-image":"","background-repeat":"repeat","background-position":"center center","background-size":"auto","background-attachment":"scroll","background-type":"","background-media":"","overlay-type":"","overlay-color":"","overlay-gradient":""}},"ast-content-background-meta":{"desktop":{"background-color":"var(--ast-global-color-5)","background-image":"","background-repeat":"repeat","background-position":"center center","background-size":"auto","background-attachment":"scroll","background-type":"","background-media":"","overlay-type":"","overlay-color":"","overlay-gradient":""},"tablet":{"background-color":"var(--ast-global-color-5)","background-image":"","background-repeat":"repeat","background-position":"center center","background-size":"auto","background-attachment":"scroll","background-type":"","background-media":"","overlay-type":"","overlay-color":"","overlay-gradient":""},"mobile":{"background-color":"var(--ast-global-color-5)","background-image":"","background-repeat":"repeat","background-position":"center center","background-size":"auto","background-attachment":"scroll","background-type":"","background-media":"","overlay-type":"","overlay-color":"","overlay-gradient":""}}},"product_cat":[32],"product_tag":[],"class_list":{"0":"post-2096","1":"product","2":"type-product","3":"status-publish","4":"has-post-thumbnail","6":"product_cat-10-24kv-dry-air-insulated-switchgear-rmu-sf6-free","7":"desktop-align-left","8":"tablet-align-left","9":"mobile-align-left","11":"first","12":"instock","13":"shipping-taxable","14":"product-type-simple"},"_links":{"self":[{"href":"https:\/\/www.xminsulation.com\/it\/wp-json\/wp\/v2\/product\/2096","targetHints":{"allow":["GET"]}}],"collection":[{"href":"https:\/\/www.xminsulation.com\/it\/wp-json\/wp\/v2\/product"}],"about":[{"href":"https:\/\/www.xminsulation.com\/it\/wp-json\/wp\/v2\/types\/product"}],"wp:featuredmedia":[{"embeddable":true,"href":"https:\/\/www.xminsulation.com\/it\/wp-json\/wp\/v2\/media\/2097"}],"wp:attachment":[{"href":"https:\/\/www.xminsulation.com\/it\/wp-json\/wp\/v2\/media?parent=2096"}],"wp:term":[{"taxonomy":"product_cat","embeddable":true,"href":"https:\/\/www.xminsulation.com\/it\/wp-json\/wp\/v2\/product_cat?post=2096"},{"taxonomy":"product_tag","embeddable":true,"href":"https:\/\/www.xminsulation.com\/it\/wp-json\/wp\/v2\/product_tag?post=2096"}],"curies":[{"name":"wp","href":"https:\/\/api.w.org\/{rel}","templated":true}]}}