{"id":2003,"date":"2025-07-11T10:09:15","date_gmt":"2025-07-11T02:09:15","guid":{"rendered":"http:\/\/www.xminsulation.com\/?post_type=product&#038;p=2003"},"modified":"2025-07-18T11:12:28","modified_gmt":"2025-07-18T03:12:28","slug":"15-6kv-eco-friendly-vacuum-circuit-breaker-sf6-free-ais-vcb","status":"publish","type":"product","link":"https:\/\/www.xminsulation.com\/it\/product\/15-6kv-eco-friendly-vacuum-circuit-breaker-sf6-free-ais-vcb\/","title":{"rendered":"Interruttore automatico in vuoto ecologico da 15,6 kV (AIS VCB senza SF6)"},"content":{"rendered":"<p><img fetchpriority=\"high\" decoding=\"async\" class=\"alignnone wp-image-2004 size-full\" src=\"http:\/\/www.xminsulation.com\/wp-content\/uploads\/2024\/05\/\u56fe\u724745-2.png\" alt=\"\" width=\"1000\" height=\"1000\" srcset=\"https:\/\/www.xminsulation.com\/wp-content\/uploads\/2024\/05\/\u56fe\u724745-2.png 1000w, https:\/\/www.xminsulation.com\/wp-content\/uploads\/2024\/05\/\u56fe\u724745-2-300x300.png 300w, https:\/\/www.xminsulation.com\/wp-content\/uploads\/2024\/05\/\u56fe\u724745-2-150x150.png 150w, https:\/\/www.xminsulation.com\/wp-content\/uploads\/2024\/05\/\u56fe\u724745-2-768x768.png 768w, https:\/\/www.xminsulation.com\/wp-content\/uploads\/2024\/05\/\u56fe\u724745-2-600x600.png 600w, https:\/\/www.xminsulation.com\/wp-content\/uploads\/2024\/05\/\u56fe\u724745-2-100x100.png 100w\" sizes=\"(max-width: 1000px) 100vw, 1000px\" \/> <img decoding=\"async\" class=\"alignnone wp-image-2005 size-full\" src=\"\/wp-content\/uploads\/2024\/05\/\u56fe\u724746-2.png\" alt=\"\" width=\"1000\" height=\"1000\" srcset=\"https:\/\/www.xminsulation.com\/wp-content\/uploads\/2024\/05\/\u56fe\u724746-2.png 1000w, https:\/\/www.xminsulation.com\/wp-content\/uploads\/2024\/05\/\u56fe\u724746-2-300x300.png 300w, https:\/\/www.xminsulation.com\/wp-content\/uploads\/2024\/05\/\u56fe\u724746-2-150x150.png 150w, https:\/\/www.xminsulation.com\/wp-content\/uploads\/2024\/05\/\u56fe\u724746-2-768x768.png 768w, https:\/\/www.xminsulation.com\/wp-content\/uploads\/2024\/05\/\u56fe\u724746-2-600x600.png 600w, https:\/\/www.xminsulation.com\/wp-content\/uploads\/2024\/05\/\u56fe\u724746-2-100x100.png 100w\" sizes=\"(max-width: 1000px) 100vw, 1000px\" \/> <img decoding=\"async\" class=\"alignnone wp-image-2006 size-full\" src=\"\/wp-content\/uploads\/2024\/05\/\u56fe\u724747-2.png\" alt=\"\" width=\"1000\" height=\"1000\" srcset=\"https:\/\/www.xminsulation.com\/wp-content\/uploads\/2024\/05\/\u56fe\u724747-2.png 1000w, https:\/\/www.xminsulation.com\/wp-content\/uploads\/2024\/05\/\u56fe\u724747-2-300x300.png 300w, https:\/\/www.xminsulation.com\/wp-content\/uploads\/2024\/05\/\u56fe\u724747-2-150x150.png 150w, https:\/\/www.xminsulation.com\/wp-content\/uploads\/2024\/05\/\u56fe\u724747-2-768x768.png 768w, https:\/\/www.xminsulation.com\/wp-content\/uploads\/2024\/05\/\u56fe\u724747-2-600x600.png 600w, https:\/\/www.xminsulation.com\/wp-content\/uploads\/2024\/05\/\u56fe\u724747-2-100x100.png 100w\" sizes=\"(max-width: 1000px) 100vw, 1000px\" \/><\/p>\n<h2><strong><b>Informazioni generali<\/b><\/strong><\/h2>\n<p>Nei sistemi di distribuzione dell&#039;energia a media tensione, gli armadi di rete ad anello pi\u00f9 comunemente utilizzati attualmente includono armadi di rete ad anello isolati in gas SF6, armadi di rete ad anello isolati in modo solido e armadi di rete ad anello isolati in gas ecologici. Tuttavia, a causa del problema delle emissioni di gas serra dell&#039;SF6 e della difficolt\u00e0 di riciclare i materiali isolanti solidi, l&#039;applicazione dell&#039;unit\u00e0 principale ad anello isolata in gas SF6 e dell&#039;unit\u00e0 principale ad anello isolata in solido sar\u00e0 limitata. Con la promozione globale del concetto di sviluppo ecologico e rispettoso dell&#039;ambiente, le unit\u00e0 principali dei fornelli a gas completamente isolate e rispettose dell&#039;ambiente che soddisfano i pi\u00f9 recenti concetti e requisiti di protezione ambientale introdurranno opportunit\u00e0 di sviluppo storiche!<\/p>\n<p>Gli interruttori ecologici della serie IE-EcoAir-15.6\/24kV 630A rappresentano una nuova generazione di interruttori automatici ecologici ed ecologici &quot;senza fluoro e a basso contenuto di rifiuti solidi&quot; e unit\u00e0 principali ad anello isolate in gas ecologiche sviluppate per sostituire il tradizionale isolamento in gas SF6.<\/p>\n<p>L&#039;interruttore ecologico adotta una trave longitudinale (palo) integrata ad alta resistenza e la camera di estinzione dell&#039;arco a vuoto \u00e8 avvolta nella struttura della trave longitudinale (palo). Presenta i vantaggi di una struttura semplice, di un facile assemblaggio e di un semplice debugging. Isola il sezionatore. Le operazioni di chiusura e messa a terra sono guidate dal perno di isolamento integrato senza altra trasmissione del braccio. La posizione di lavoro \u00e8 pi\u00f9 precisa e la forza operativa del meccanismo di isolamento \u00e8 pi\u00f9 leggera. L&#039;albero principale dell&#039;interruttore adotta un&#039;asta estraibile in fibra di vetro epossidica, che ha un&#039;elevata resistenza meccanica e ottime prestazioni di isolamento. Attraverso la staffa in lega di zinco e la camma di trasmissione si realizzano le azioni di apertura e chiusura della camera di estinzione dell&#039;arco a vuoto. Sono presenti protezioni in silicone tra le fasi per aumentare la distanza superficiale. . L&#039;interruttore automatico ecologico non \u00e8 adatto solo per le unit\u00e0 principali ad anello con struttura a camera d&#039;aria sigillata, ma anche per le unit\u00e0 principali ad anello chiuse in metallo a pressione normale.<\/p>\n<p>Utilizzando una soluzione di isolamento del gas ecocompatibile e rottura del vuoto, la combinazione di vantaggi offre prestazioni complessive elevate. La parte sotto tensione del circuito primario \u00e8 sigillata con un air box e i componenti ad alta tensione non sono influenzati dall&#039;altitudine. Sono completamente esenti da manutenzione e hanno una forte adattabilit\u00e0 ambientale. Le dimensioni dell&#039;armadio sono ridotte e lo spazio richiesto all&#039;interno dell&#039;airbox \u00e8 basso. I prodotti possono essere utilizzati nelle reti elettriche, nelle grandi industrie, nel trasporto ferroviario, negli edifici commerciali e in altri scenari di utilizzo.<\/p>\n<p>Questo prodotto viene utilizzato principalmente in apparecchiature di commutazione di reti ad anello interne ed esterne in sistemi di rete di distribuzione a media tensione da 10-24 kV per ricevere e distribuire energia elettrica. Adatto per soluzioni di armadi di rete ad espansione superiore, laterale e ad anello comune. Il tasso comune delle parti delle soluzioni di isolamento superiore e inferiore raggiunge pi\u00f9 di 90%. Il prodotto ha elevata stabilit\u00e0 e forte versatilit\u00e0 e soddisfa pienamente i requisiti del test di tipo.<\/p>\n<h2><strong><b>caratteristiche del prodotto<\/b><\/strong><\/h2>\n<h3>1. Verde e rispettoso dell&#039;ambiente.<\/h3>\n<p>UN. Utilizzare aria compressa secca o azoto come gas isolante. Ha un&#039;elevata intensit\u00e0 del campo di ionizzazione e intensit\u00e0 del campo di rottura. Pu\u00f2 ripristinare rapidamente le prestazioni di isolamento dopo un guasto. Ha una buona stabilit\u00e0 chimica, non \u00e8 infiammabile, non esplosivo, non invecchia e non corrosivo. Non si decompone facilmente per scarica, ha una grande capacit\u00e0 termica specifica e ha una buona conduttivit\u00e0 termica e fluidit\u00e0.<br \/>\nB. Questo gas isolante ecologico non solo \u00e8 atossico e innocuo, ma pu\u00f2 essere scaricato direttamente nell&#039;atmosfera senza causare inquinamento atmosferico. Ha anche buone propriet\u00e0 elettriche e stabilit\u00e0. Durante il processo di sintesi, il funzionamento dell&#039;apparecchiatura, l&#039;arco, il vapore acqueo, sotto l&#039;azione combinata di altri fattori esterni e il processo finale di decomposizione e trasformazione, non verranno prodotte sostanze tossiche o nocive per le persone e per l&#039;ambiente.<br \/>\nC. L&#039;interruttore \u00e8 realizzato in materiale termoplastico e pu\u00f2 essere riciclato. Non ci sono emissioni di gas serra SF6 e nessun impatto sull\u2019ambiente come il riciclaggio dei rifiuti solidi.<\/p>\n<h3>2. Spazio compatto.<\/h3>\n<p>Quadro elettrico compatto, la larghezza della tipica soluzione da 15,6 kV pu\u00f2 essere di circa 400 mm, le dimensioni del quadro sono ridotte e lo spazio richiesto per il layout \u00e8 basso. Affidabile installazione a parete, solo 1 m di canale operativo davanti all&#039;armadio.<\/p>\n<h3>3. Esente da manutenzione.<\/h3>\n<p>UN. Utilizzando una camera di estinzione dell&#039;arco sottovuoto di lunga durata ed esente da manutenzione, la parte conduttiva principale non \u00e8 influenzata dall&#039;ambiente esterno. Poich\u00e9 vengono utilizzati aria secca e altri gas ecologici, non \u00e8 necessario configurare un dispositivo di allarme per perdite di gas SF6 in loco. Il circuito principale \u00e8 collegato in modo fisso e non richiede manutenzione di inserzione ed estrazione durante il ciclo di vita.<br \/>\nB. Il circuito principale \u00e8 collegato in modo fisso e non richiede manutenzione di inserzione ed estrazione durante il ciclo di vita.<br \/>\nC. Particolarmente adatto per applicazioni in altopiano, costiere, alpine, ad alto inquinamento e altre aree.<\/p>\n<h3>4. Intelligente.<\/h3>\n<p>L&#039;integrazione con apparecchiature secondarie pu\u00f2 realizzare monitoraggio online, controllo remoto e protezione delle apparecchiature per soddisfare le esigenze della rete di distribuzione intelligente.<\/p>\n<h3>5. Modularit\u00e0.<\/h3>\n<p>Esistono metodi di espansione laterale e di espansione superiore e l&#039;espansione \u00e8 flessibile e conveniente. \u00c8 pienamente in linea con la standardizzazione della rete elettrica cinese e con varie soluzioni personalizzate.<\/p>\n<h3>6. Sicurezza.<\/h3>\n<p>La tecnologia non SF6 impedisce alle perdite di gas SF6 di indebolire l&#039;isolamento e le capacit\u00e0 di estinzione dell&#039;arco, con conseguenti guasti alla rottura e il rischio di esplosione della scatola; ha una struttura di interblocco completa \u201ccinque prove\u201d, che rende il funzionamento facile e sicuro.<\/p>\n<h2><strong><b>Operativo <\/b><\/strong><strong><b>C<\/b><\/strong><strong><b>condizioni<\/b><\/strong><\/h2>\n<p>Condizioni ambientali normali:<\/p>\n<ol>\n<li>Temperatura ambiente: temperatura massima +40 \u2103; Temperatura massima media su 24 ore +35\u2103; temperatura minima -40 \u2103.<\/li>\n<li>Umidit\u00e0: L&#039;umidit\u00e0 relativa media massima misurata in 24 ore \u00e8 95%; l&#039;umidit\u00e0 relativa media massima misurata in 1 mese \u00e8 90%.<\/li>\n<li>L&#039;altitudine massima di installazione \u00e8 di 1500 metri senza ridurre la pressione del gas. Quando l&#039;altitudine di installazione supera i 1500 metri, contattare la tecnologia di prevendita.<\/li>\n<li>Il funzionamento deve essere conforme ai requisiti degli standard IEC62271-1 e GB3906. Per condizioni operative particolari l&#039;utente finale e il produttore devono concordare. Se sono coinvolti ambienti operativi particolarmente difficili, \u00e8 necessario consultare il produttore. Ad esempio, quando le apparecchiature elettriche sono installate ad un&#039;altitudine superiore a 1.500 metri, la pressione atmosferica diminuir\u00e0, provocando il rigonfiamento della scatola dell&#039;aria.<\/li>\n<\/ol>\n<p><img loading=\"lazy\" decoding=\"async\" class=\"alignnone wp-image-2242 size-full\" src=\"http:\/\/www.xminsulation.com\/wp-content\/uploads\/2024\/05\/\u56fe\u7247151.png\" alt=\"\" width=\"1796\" height=\"1966\" srcset=\"https:\/\/www.xminsulation.com\/wp-content\/uploads\/2024\/05\/\u56fe\u7247151.png 1796w, https:\/\/www.xminsulation.com\/wp-content\/uploads\/2024\/05\/\u56fe\u7247151-274x300.png 274w, https:\/\/www.xminsulation.com\/wp-content\/uploads\/2024\/05\/\u56fe\u7247151-935x1024.png 935w, https:\/\/www.xminsulation.com\/wp-content\/uploads\/2024\/05\/\u56fe\u7247151-768x841.png 768w, https:\/\/www.xminsulation.com\/wp-content\/uploads\/2024\/05\/\u56fe\u7247151-1403x1536.png 1403w, https:\/\/www.xminsulation.com\/wp-content\/uploads\/2024\/05\/\u56fe\u7247151-600x657.png 600w\" sizes=\"(max-width: 1796px) 100vw, 1796px\" \/><\/p>\n<h2><strong><b>Circuito <\/b><\/strong><strong><b>B<\/b><\/strong><strong><b>reaker <\/b><\/strong><strong><b>S<\/b><\/strong><strong><b>strega <\/b><\/strong><strong><b>D<\/b><\/strong><strong><b>diagramma<\/b><\/strong><\/h2>\n<p><img loading=\"lazy\" decoding=\"async\" class=\"alignnone wp-image-2009 size-large\" src=\"http:\/\/www.xminsulation.com\/wp-content\/uploads\/2024\/05\/\u56fe\u724749-2-1012x1024.png\" alt=\"\" width=\"1012\" height=\"1024\" srcset=\"https:\/\/www.xminsulation.com\/wp-content\/uploads\/2024\/05\/\u56fe\u724749-2-1012x1024.png 1012w, https:\/\/www.xminsulation.com\/wp-content\/uploads\/2024\/05\/\u56fe\u724749-2-296x300.png 296w, https:\/\/www.xminsulation.com\/wp-content\/uploads\/2024\/05\/\u56fe\u724749-2-768x777.png 768w, https:\/\/www.xminsulation.com\/wp-content\/uploads\/2024\/05\/\u56fe\u724749-2-1518x1536.png 1518w, https:\/\/www.xminsulation.com\/wp-content\/uploads\/2024\/05\/\u56fe\u724749-2-600x607.png 600w, https:\/\/www.xminsulation.com\/wp-content\/uploads\/2024\/05\/\u56fe\u724749-2-100x100.png 100w, https:\/\/www.xminsulation.com\/wp-content\/uploads\/2024\/05\/\u56fe\u724749-2.png 1687w\" sizes=\"(max-width: 1012px) 100vw, 1012px\" \/><\/p>\n<h2><strong><b>Dimensionale <\/b><\/strong><strong><b>D<\/b><\/strong><strong><b>lavorazione di <\/b><\/strong><strong><b>ECOLOGICO<\/b><\/strong><strong><b>\u00a0<\/b><\/strong><strong><b>F<\/b><\/strong><strong><b>amichevole <\/b><\/strong><strong><b>C<\/b><\/strong><strong><b>circuito <\/b><\/strong><strong><b>B<\/b><\/strong><strong><b>reaker (<\/b><\/strong><strong><b>Con l<\/b><\/strong><strong><b>ower <\/b><\/strong><strong><b>IO<\/b><\/strong><strong><b>consolazione)<\/b><\/strong><\/h2>\n<p><img loading=\"lazy\" decoding=\"async\" class=\"alignnone wp-image-2011 size-large\" src=\"http:\/\/www.xminsulation.com\/wp-content\/uploads\/2024\/05\/\u56fe\u724750-2-1015x1024.jpg\" alt=\"\" width=\"1015\" height=\"1024\" srcset=\"https:\/\/www.xminsulation.com\/wp-content\/uploads\/2024\/05\/\u56fe\u724750-2-1015x1024.jpg 1015w, https:\/\/www.xminsulation.com\/wp-content\/uploads\/2024\/05\/\u56fe\u724750-2-297x300.jpg 297w, https:\/\/www.xminsulation.com\/wp-content\/uploads\/2024\/05\/\u56fe\u724750-2-150x150.jpg 150w, https:\/\/www.xminsulation.com\/wp-content\/uploads\/2024\/05\/\u56fe\u724750-2-768x775.jpg 768w, https:\/\/www.xminsulation.com\/wp-content\/uploads\/2024\/05\/\u56fe\u724750-2-600x606.jpg 600w, https:\/\/www.xminsulation.com\/wp-content\/uploads\/2024\/05\/\u56fe\u724750-2-100x100.jpg 100w, https:\/\/www.xminsulation.com\/wp-content\/uploads\/2024\/05\/\u56fe\u724750-2.jpg 1500w\" sizes=\"(max-width: 1015px) 100vw, 1015px\" \/><\/p>\n<h2><strong><b>Diagramma schematico dell&#039;armadio elettrico dell&#039;interruttore automatico e del serbatoio dell&#039;aria dell&#039;armadio PT<\/b><\/strong><\/h2>\n<p><img loading=\"lazy\" decoding=\"async\" class=\"alignnone wp-image-2012 size-full\" src=\"http:\/\/www.xminsulation.com\/wp-content\/uploads\/2024\/05\/\u56fe\u724751-2.png\" alt=\"\" width=\"1073\" height=\"1343\" srcset=\"https:\/\/www.xminsulation.com\/wp-content\/uploads\/2024\/05\/\u56fe\u724751-2.png 1073w, https:\/\/www.xminsulation.com\/wp-content\/uploads\/2024\/05\/\u56fe\u724751-2-240x300.png 240w, https:\/\/www.xminsulation.com\/wp-content\/uploads\/2024\/05\/\u56fe\u724751-2-818x1024.png 818w, https:\/\/www.xminsulation.com\/wp-content\/uploads\/2024\/05\/\u56fe\u724751-2-768x961.png 768w, https:\/\/www.xminsulation.com\/wp-content\/uploads\/2024\/05\/\u56fe\u724751-2-600x751.png 600w\" sizes=\"(max-width: 1073px) 100vw, 1073px\" \/> <img loading=\"lazy\" decoding=\"async\" class=\"alignnone wp-image-2013 size-full\" src=\"http:\/\/www.xminsulation.com\/wp-content\/uploads\/2024\/05\/\u56fe\u724752-2.png\" alt=\"\" width=\"567\" height=\"1248\" srcset=\"https:\/\/www.xminsulation.com\/wp-content\/uploads\/2024\/05\/\u56fe\u724752-2.png 567w, https:\/\/www.xminsulation.com\/wp-content\/uploads\/2024\/05\/\u56fe\u724752-2-136x300.png 136w, https:\/\/www.xminsulation.com\/wp-content\/uploads\/2024\/05\/\u56fe\u724752-2-465x1024.png 465w\" sizes=\"(max-width: 567px) 100vw, 567px\" \/><\/p>\n<h2><strong><b>Disegno dimensionale del serbatoio dell&#039;aria e del quadro elettrico<\/b><\/strong><\/h2>\n<p><img loading=\"lazy\" decoding=\"async\" class=\"alignnone wp-image-2014 size-large\" src=\"http:\/\/www.xminsulation.com\/wp-content\/uploads\/2024\/05\/\u56fe\u724753-2-1024x858.png\" alt=\"\" width=\"1024\" height=\"858\" srcset=\"https:\/\/www.xminsulation.com\/wp-content\/uploads\/2024\/05\/\u56fe\u724753-2-1024x858.png 1024w, https:\/\/www.xminsulation.com\/wp-content\/uploads\/2024\/05\/\u56fe\u724753-2-300x251.png 300w, https:\/\/www.xminsulation.com\/wp-content\/uploads\/2024\/05\/\u56fe\u724753-2-768x644.png 768w, https:\/\/www.xminsulation.com\/wp-content\/uploads\/2024\/05\/\u56fe\u724753-2-1536x1288.png 1536w, https:\/\/www.xminsulation.com\/wp-content\/uploads\/2024\/05\/\u56fe\u724753-2-600x503.png 600w, https:\/\/www.xminsulation.com\/wp-content\/uploads\/2024\/05\/\u56fe\u724753-2.png 1935w\" sizes=\"(max-width: 1024px) 100vw, 1024px\" \/> <img loading=\"lazy\" decoding=\"async\" class=\"alignnone wp-image-2015 size-full\" src=\"http:\/\/www.xminsulation.com\/wp-content\/uploads\/2024\/05\/\u56fe\u724754-2.png\" alt=\"\" width=\"1423\" height=\"1702\" srcset=\"https:\/\/www.xminsulation.com\/wp-content\/uploads\/2024\/05\/\u56fe\u724754-2.png 1423w, https:\/\/www.xminsulation.com\/wp-content\/uploads\/2024\/05\/\u56fe\u724754-2-251x300.png 251w, https:\/\/www.xminsulation.com\/wp-content\/uploads\/2024\/05\/\u56fe\u724754-2-856x1024.png 856w, https:\/\/www.xminsulation.com\/wp-content\/uploads\/2024\/05\/\u56fe\u724754-2-768x919.png 768w, https:\/\/www.xminsulation.com\/wp-content\/uploads\/2024\/05\/\u56fe\u724754-2-1284x1536.png 1284w, https:\/\/www.xminsulation.com\/wp-content\/uploads\/2024\/05\/\u56fe\u724754-2-600x718.png 600w\" sizes=\"(max-width: 1423px) 100vw, 1423px\" \/><\/p>\n<h2><strong><b>Struttura interna<\/b><\/strong><\/h2>\n<p><img loading=\"lazy\" decoding=\"async\" class=\"alignnone wp-image-2016 size-full\" src=\"http:\/\/www.xminsulation.com\/wp-content\/uploads\/2024\/05\/\u56fe\u724755-2.png\" alt=\"\" width=\"1065\" height=\"786\" srcset=\"https:\/\/www.xminsulation.com\/wp-content\/uploads\/2024\/05\/\u56fe\u724755-2.png 1065w, https:\/\/www.xminsulation.com\/wp-content\/uploads\/2024\/05\/\u56fe\u724755-2-300x221.png 300w, https:\/\/www.xminsulation.com\/wp-content\/uploads\/2024\/05\/\u56fe\u724755-2-1024x756.png 1024w, https:\/\/www.xminsulation.com\/wp-content\/uploads\/2024\/05\/\u56fe\u724755-2-768x567.png 768w, https:\/\/www.xminsulation.com\/wp-content\/uploads\/2024\/05\/\u56fe\u724755-2-600x443.png 600w\" sizes=\"(max-width: 1065px) 100vw, 1065px\" \/><\/p>\n<p>1, \u4fa7\u6269\u5957\u7ba1. Carter ad espansione laterale.<\/p>\n<p>2,\u65ad\u8def\u5668(\u8d1f\u8377\u5f00\u5173). Interruttore automatico (interruttore di carico).<\/p>\n<p>3, \u4e09\u5de5\u4f4d\u4e0b\u9694\u79bb\u7684\u9694\u79bb\u5f00\u5173. Sezionatore a tre stazioni.<\/p>\n<p>4, \u6bcd\u7ebf. Bus bar.<\/p>\n<p>5, \u8fdb\u7ebf\u5957\u7ba1. Boccola d&#039;ingresso.<\/p>\n<p>6, \u6c14\u7bb1. Serbatoio d&#039;aria.<\/p>\n<p>7, \u6c14\u538b\u8868. Barometro.<\/p>\n<p>8,\u65ad\u8def\u5668(\u8d1f\u8377\u5f00\u5173)\u673a\u6784. Meccanismo dell&#039;interruttore automatico (interruttore del carico).<\/p>\n<p>9,\u89c2\u5bdf\u706f. Luce di osservazione.<\/p>\n<p>10, \u4e09\u5de5\u4f4d\u9694\u79bb\u673a\u6784. Meccanismo di isolamento a tre stazioni.<\/p>\n<p>11,\u63a5\u5730\u89c2\u5bdf\u7a97. Finestra di osservazione del suolo.<\/p>\n<h2><strong><b>Manutenzione del prodotto<\/b><\/strong><\/h2>\n<p>Tutti i componenti all&#039;interno del 15,6 kV\/630 A non richiedono manutenzione per la durata dichiarata del prodotto.<\/p>\n<p>\u00c8 possibile osservare le posizioni di isolamento e messa a terra per fornire garanzia di sicurezza per il funzionamento e la costruzione del cavo.<\/p>\n<p>Le parti sotto tensione sono completamente isolate dal mondo esterno e sulla scatola del gas \u00e8 progettato uno speciale canale di scarico della pressione dell&#039;arco per garantire la sicurezza degli operatori e delle apparecchiature.<\/p>\n<p>La parte meccanica \u00e8 posizionata all&#039;esterno dell&#039;airbox e dietro il pannello frontale, facilitando il funzionamento e la sostituzione. La superficie della parte meccanica \u00e8 stata sottoposta a un trattamento anticorrosione e le sue parti mobili sono state lubrificate prima di lasciare la fabbrica, in modo da soddisfare l&#039;utilizzo del ciclo di vita del prodotto. In ambienti estremi (polvere, sabbia e sporco) potrebbero essere necessarie l&#039;ispezione, la manutenzione e, in alcuni casi, la sostituzione.<\/p>\n<div class=\"wxts\">\n<h2>\u25c6Personalizzazione speciale<\/h2>\n<p>I parametri sopra indicati sono dati tipici; se gli stili esistenti non soddisfano le tue richieste specifiche, contattaci per un design personalizzato. Disponiamo di significative capacit\u00e0 di sviluppo e produzione di personalizzazioni personalizzate, che ci consentono di fornire soluzioni su misura a clienti in tutto il mondo.<\/p>\n<\/div>\n<p>&nbsp;<\/p>","protected":false},"excerpt":{"rendered":"<p>General Information In medium-voltage power distribution systems, the most commonly used ring network cabinets currently include SF6 gas insulated ring network cabinets, solid insulated ring network cabinets and environmentally friendly gas insulated ring network cabinets. However, due to the greenhouse gas emission problem of SF6 and the difficulty of recycling solid insulation materials, the application [&hellip;]<\/p>","protected":false},"featured_media":2007,"template":"","meta":{"site-sidebar-layout":"default","site-content-layout":"","ast-site-content-layout":"default","site-content-style":"default","site-sidebar-style":"default","ast-global-header-display":"","ast-banner-title-visibility":"","ast-main-header-display":"","ast-hfb-above-header-display":"","ast-hfb-below-header-display":"","ast-hfb-mobile-header-display":"","site-post-title":"","ast-breadcrumbs-content":"","ast-featured-img":"","footer-sml-layout":"","theme-transparent-header-meta":"default","adv-header-id-meta":"","stick-header-meta":"","header-above-stick-meta":"","header-main-stick-meta":"","header-below-stick-meta":"","astra-migrate-meta-layouts":"set","ast-page-background-enabled":"default","ast-page-background-meta":{"desktop":{"background-color":"","background-image":"","background-repeat":"repeat","background-position":"center center","background-size":"auto","background-attachment":"scroll","background-type":"","background-media":"","overlay-type":"","overlay-color":"","overlay-gradient":""},"tablet":{"background-color":"","background-image":"","background-repeat":"repeat","background-position":"center center","background-size":"auto","background-attachment":"scroll","background-type":"","background-media":"","overlay-type":"","overlay-color":"","overlay-gradient":""},"mobile":{"background-color":"","background-image":"","background-repeat":"repeat","background-position":"center center","background-size":"auto","background-attachment":"scroll","background-type":"","background-media":"","overlay-type":"","overlay-color":"","overlay-gradient":""}},"ast-content-background-meta":{"desktop":{"background-color":"var(--ast-global-color-5)","background-image":"","background-repeat":"repeat","background-position":"center center","background-size":"auto","background-attachment":"scroll","background-type":"","background-media":"","overlay-type":"","overlay-color":"","overlay-gradient":""},"tablet":{"background-color":"var(--ast-global-color-5)","background-image":"","background-repeat":"repeat","background-position":"center center","background-size":"auto","background-attachment":"scroll","background-type":"","background-media":"","overlay-type":"","overlay-color":"","overlay-gradient":""},"mobile":{"background-color":"var(--ast-global-color-5)","background-image":"","background-repeat":"repeat","background-position":"center center","background-size":"auto","background-attachment":"scroll","background-type":"","background-media":"","overlay-type":"","overlay-color":"","overlay-gradient":""}}},"product_cat":[29],"product_tag":[],"class_list":{"0":"post-2003","1":"product","2":"type-product","3":"status-publish","4":"has-post-thumbnail","6":"product_cat-10-24kv-eco-friendly-vacuum-circuit-breaker-sf6-free","7":"desktop-align-left","8":"tablet-align-left","9":"mobile-align-left","11":"first","12":"instock","13":"shipping-taxable","14":"product-type-simple"},"_links":{"self":[{"href":"https:\/\/www.xminsulation.com\/it\/wp-json\/wp\/v2\/product\/2003","targetHints":{"allow":["GET"]}}],"collection":[{"href":"https:\/\/www.xminsulation.com\/it\/wp-json\/wp\/v2\/product"}],"about":[{"href":"https:\/\/www.xminsulation.com\/it\/wp-json\/wp\/v2\/types\/product"}],"wp:featuredmedia":[{"embeddable":true,"href":"https:\/\/www.xminsulation.com\/it\/wp-json\/wp\/v2\/media\/2007"}],"wp:attachment":[{"href":"https:\/\/www.xminsulation.com\/it\/wp-json\/wp\/v2\/media?parent=2003"}],"wp:term":[{"taxonomy":"product_cat","embeddable":true,"href":"https:\/\/www.xminsulation.com\/it\/wp-json\/wp\/v2\/product_cat?post=2003"},{"taxonomy":"product_tag","embeddable":true,"href":"https:\/\/www.xminsulation.com\/it\/wp-json\/wp\/v2\/product_tag?post=2003"}],"curies":[{"name":"wp","href":"https:\/\/api.w.org\/{rel}","templated":true}]}}