{"id":1438,"date":"2024-05-07T17:00:10","date_gmt":"2024-05-07T09:00:10","guid":{"rendered":"http:\/\/www.xminsulation.com\/?post_type=product&#038;p=1438"},"modified":"2024-05-15T16:21:36","modified_gmt":"2024-05-15T08:21:36","slug":"stt-24kv-200a-double-pass-casing-connector","status":"publish","type":"product","link":"https:\/\/www.xminsulation.com\/it\/product\/stt-24kv-200a-double-pass-casing-connector\/","title":{"rendered":"Connettore di rivestimento a doppio passaggio STT-24kV-200A"},"content":{"rendered":"<p><img fetchpriority=\"high\" decoding=\"async\" class=\"alignnone wp-image-1440 size-full\" src=\"http:\/\/www.xminsulation.com\/wp-content\/uploads\/2024\/05\/\u56fe\u7247233-1.png\" alt=\"\" width=\"412\" height=\"412\" srcset=\"https:\/\/www.xminsulation.com\/wp-content\/uploads\/2024\/05\/\u56fe\u7247233-1.png 412w, https:\/\/www.xminsulation.com\/wp-content\/uploads\/2024\/05\/\u56fe\u7247233-1-300x300.png 300w, https:\/\/www.xminsulation.com\/wp-content\/uploads\/2024\/05\/\u56fe\u7247233-1-150x150.png 150w, https:\/\/www.xminsulation.com\/wp-content\/uploads\/2024\/05\/\u56fe\u7247233-1-100x100.png 100w\" sizes=\"(max-width: 412px) 100vw, 412px\" \/><\/p>\n<h2><strong><b>Informazioni generali<\/b><\/strong><strong><b>\u00a0<\/b><\/strong><\/h2>\n<p>Il connettore a doppio passaggio da 24 kV 200 A \u00e8 utilizzato per fornire doppie boccole da un singolo pozzetto di boccola per apparato. Rende la conversione dei trasformatori ad alimentazione radiale in trasformatori passanti e l&#039;aggiunta di protezione di arresto in linea sia facile che pratica. Il suo cricchetto di limitazione della coppia brevettato e integrato impedisce agli operatori di rompere accidentalmente i perni del pozzetto di boccola durante l&#039;installazione.<\/p>\n<p>Connettore a doppio passaggio da 200 A per il collegamento di cavi interrati al sistema di distribuzione dell&#039;alimentazione del trasformatore a pad-mound, che circonda la scatola di derivazione dell&#039;alimentazione, da utilizzare insieme a: connettore a gomito di interruzione del carico, scaricatore di sovratensione a gomito e passante per apparecchio.<\/p>\n<p>I gomiti di interruzione del carico sono stampati utilizzando gomma EPDM isolante e semiconduttrice di alta qualit\u00e0 vulcanizzata con zolfo. Se accoppiato a prodotti di classificazione comparabile, l&#039;inserto fornisce una connessione dell&#039;apparato di interruzione del carico completamente schermata e sommergibile.<\/p>\n<p>L&#039;anello indicatore di aggancio del connettore di rivestimento a doppio passaggio, situato sulla circonferenza del collare della boccola, elimina le congetture sull&#039;installazione del gomito di rottura del carico sull&#039;interfaccia della boccola. L&#039;anello giallo brillante fornisce un feedback immediato per determinare se il gomito \u00e8 installato correttamente sulla boccola. Se l&#039;anello giallo \u00e8 completamente coperto dal gomito di rottura del carico, \u00e8 completamente &quot;agganciato&quot;, se l&#039;anello \u00e8 visibile, il gomito pu\u00f2 essere installato correttamente prima che si verifichino problemi.<\/p>\n<p><img decoding=\"async\" class=\"alignnone wp-image-1441 size-full\" src=\"http:\/\/www.xminsulation.com\/wp-content\/uploads\/2024\/05\/\u56fe\u7247234.png\" alt=\"\" width=\"570\" height=\"1146\" srcset=\"https:\/\/www.xminsulation.com\/wp-content\/uploads\/2024\/05\/\u56fe\u7247234.png 570w, https:\/\/www.xminsulation.com\/wp-content\/uploads\/2024\/05\/\u56fe\u7247234-149x300.png 149w, https:\/\/www.xminsulation.com\/wp-content\/uploads\/2024\/05\/\u56fe\u7247234-509x1024.png 509w\" sizes=\"(max-width: 570px) 100vw, 570px\" \/> <img decoding=\"async\" class=\"alignnone wp-image-1442 size-full\" src=\"http:\/\/www.xminsulation.com\/wp-content\/uploads\/2024\/05\/\u56fe\u7247235.png\" alt=\"\" width=\"1294\" height=\"248\" srcset=\"https:\/\/www.xminsulation.com\/wp-content\/uploads\/2024\/05\/\u56fe\u7247235.png 1294w, https:\/\/www.xminsulation.com\/wp-content\/uploads\/2024\/05\/\u56fe\u7247235-300x57.png 300w, https:\/\/www.xminsulation.com\/wp-content\/uploads\/2024\/05\/\u56fe\u7247235-1024x196.png 1024w, https:\/\/www.xminsulation.com\/wp-content\/uploads\/2024\/05\/\u56fe\u7247235-768x147.png 768w, https:\/\/www.xminsulation.com\/wp-content\/uploads\/2024\/05\/\u56fe\u7247235-600x115.png 600w\" sizes=\"(max-width: 1294px) 100vw, 1294px\" \/><\/p>\n<p>&nbsp;<\/p>\n<div class=\"wxts\">\n<h2>\u25c6Personalizzazione speciale<\/h2>\n<p>I parametri sopra indicati sono dati tipici; se gli stili esistenti non soddisfano le tue richieste specifiche, contattaci per un design personalizzato. Disponiamo di significative capacit\u00e0 di sviluppo e produzione di personalizzazioni personalizzate, che ci consentono di fornire soluzioni su misura a clienti in tutto il mondo.<\/p>\n<\/div>","protected":false},"excerpt":{"rendered":"<p>General Information\u00a0 24kV 200A Double-pass casing connector is used to provide dual bushings from a single apparatus bushing well. It makes converting radial-feed transfor- mers to feed thru transformers and adding in-line arrester protection both easy and practical. Its patented, built-in torque limiting ratchet prevents operators from a- ccidentally breaking bushing well studs during installation. [&hellip;]<\/p>","protected":false},"featured_media":1439,"template":"","meta":{"site-sidebar-layout":"default","site-content-layout":"","ast-site-content-layout":"default","site-content-style":"default","site-sidebar-style":"default","ast-global-header-display":"","ast-banner-title-visibility":"","ast-main-header-display":"","ast-hfb-above-header-display":"","ast-hfb-below-header-display":"","ast-hfb-mobile-header-display":"","site-post-title":"","ast-breadcrumbs-content":"","ast-featured-img":"","footer-sml-layout":"","theme-transparent-header-meta":"default","adv-header-id-meta":"","stick-header-meta":"","header-above-stick-meta":"","header-main-stick-meta":"","header-below-stick-meta":"","astra-migrate-meta-layouts":"set","ast-page-background-enabled":"default","ast-page-background-meta":{"desktop":{"background-color":"","background-image":"","background-repeat":"repeat","background-position":"center center","background-size":"auto","background-attachment":"scroll","background-type":"","background-media":"","overlay-type":"","overlay-color":"","overlay-gradient":""},"tablet":{"background-color":"","background-image":"","background-repeat":"repeat","background-position":"center center","background-size":"auto","background-attachment":"scroll","background-type":"","background-media":"","overlay-type":"","overlay-color":"","overlay-gradient":""},"mobile":{"background-color":"","background-image":"","background-repeat":"repeat","background-position":"center center","background-size":"auto","background-attachment":"scroll","background-type":"","background-media":"","overlay-type":"","overlay-color":"","overlay-gradient":""}},"ast-content-background-meta":{"desktop":{"background-color":"var(--ast-global-color-5)","background-image":"","background-repeat":"repeat","background-position":"center center","background-size":"auto","background-attachment":"scroll","background-type":"","background-media":"","overlay-type":"","overlay-color":"","overlay-gradient":""},"tablet":{"background-color":"var(--ast-global-color-5)","background-image":"","background-repeat":"repeat","background-position":"center center","background-size":"auto","background-attachment":"scroll","background-type":"","background-media":"","overlay-type":"","overlay-color":"","overlay-gradient":""},"mobile":{"background-color":"var(--ast-global-color-5)","background-image":"","background-repeat":"repeat","background-position":"center center","background-size":"auto","background-attachment":"scroll","background-type":"","background-media":"","overlay-type":"","overlay-color":"","overlay-gradient":""}}},"product_cat":[52],"product_tag":[],"class_list":{"0":"post-1438","1":"product","2":"type-product","3":"status-publish","4":"has-post-thumbnail","6":"product_cat-meishi","7":"desktop-align-left","8":"tablet-align-left","9":"mobile-align-left","11":"first","12":"instock","13":"shipping-taxable","14":"product-type-simple"},"_links":{"self":[{"href":"https:\/\/www.xminsulation.com\/it\/wp-json\/wp\/v2\/product\/1438","targetHints":{"allow":["GET"]}}],"collection":[{"href":"https:\/\/www.xminsulation.com\/it\/wp-json\/wp\/v2\/product"}],"about":[{"href":"https:\/\/www.xminsulation.com\/it\/wp-json\/wp\/v2\/types\/product"}],"wp:featuredmedia":[{"embeddable":true,"href":"https:\/\/www.xminsulation.com\/it\/wp-json\/wp\/v2\/media\/1439"}],"wp:attachment":[{"href":"https:\/\/www.xminsulation.com\/it\/wp-json\/wp\/v2\/media?parent=1438"}],"wp:term":[{"taxonomy":"product_cat","embeddable":true,"href":"https:\/\/www.xminsulation.com\/it\/wp-json\/wp\/v2\/product_cat?post=1438"},{"taxonomy":"product_tag","embeddable":true,"href":"https:\/\/www.xminsulation.com\/it\/wp-json\/wp\/v2\/product_tag?post=1438"}],"curies":[{"name":"wp","href":"https:\/\/api.w.org\/{rel}","templated":true}]}}