{"id":1365,"date":"2024-05-07T16:06:08","date_gmt":"2024-05-07T08:06:08","guid":{"rendered":"http:\/\/www.xminsulation.com\/?post_type=product&#038;p=1365"},"modified":"2024-05-15T16:28:50","modified_gmt":"2024-05-15T08:28:50","slug":"35kv-cold-shrinkable-power-cable-terminal","status":"publish","type":"product","link":"https:\/\/www.xminsulation.com\/it\/product\/35kv-cold-shrinkable-power-cable-terminal\/","title":{"rendered":"Terminale per cavo di alimentazione termoretraibile a freddo da 35 kV"},"content":{"rendered":"<h1><img fetchpriority=\"high\" decoding=\"async\" class=\"alignnone wp-image-1367 size-full\" src=\"http:\/\/www.xminsulation.com\/wp-content\/uploads\/2024\/05\/\u56fe\u7247185.png\" alt=\"\" width=\"1152\" height=\"824\" srcset=\"https:\/\/www.xminsulation.com\/wp-content\/uploads\/2024\/05\/\u56fe\u7247185.png 1152w, https:\/\/www.xminsulation.com\/wp-content\/uploads\/2024\/05\/\u56fe\u7247185-300x215.png 300w, https:\/\/www.xminsulation.com\/wp-content\/uploads\/2024\/05\/\u56fe\u7247185-1024x732.png 1024w, https:\/\/www.xminsulation.com\/wp-content\/uploads\/2024\/05\/\u56fe\u7247185-768x549.png 768w, https:\/\/www.xminsulation.com\/wp-content\/uploads\/2024\/05\/\u56fe\u7247185-600x429.png 600w\" sizes=\"(max-width: 1152px) 100vw, 1152px\" \/> <img decoding=\"async\" class=\"alignnone wp-image-1368 size-full\" src=\"http:\/\/www.xminsulation.com\/wp-content\/uploads\/2024\/05\/\u56fe\u7247186-1.png\" alt=\"\" width=\"1000\" height=\"1000\" srcset=\"https:\/\/www.xminsulation.com\/wp-content\/uploads\/2024\/05\/\u56fe\u7247186-1.png 1000w, https:\/\/www.xminsulation.com\/wp-content\/uploads\/2024\/05\/\u56fe\u7247186-1-300x300.png 300w, https:\/\/www.xminsulation.com\/wp-content\/uploads\/2024\/05\/\u56fe\u7247186-1-150x150.png 150w, https:\/\/www.xminsulation.com\/wp-content\/uploads\/2024\/05\/\u56fe\u7247186-1-768x768.png 768w, https:\/\/www.xminsulation.com\/wp-content\/uploads\/2024\/05\/\u56fe\u7247186-1-600x600.png 600w, https:\/\/www.xminsulation.com\/wp-content\/uploads\/2024\/05\/\u56fe\u7247186-1-100x100.png 100w\" sizes=\"(max-width: 1000px) 100vw, 1000px\" \/> <img decoding=\"async\" class=\"alignnone wp-image-1369 size-full\" src=\"http:\/\/www.xminsulation.com\/wp-content\/uploads\/2024\/05\/\u56fe\u7247187.png\" alt=\"\" width=\"1000\" height=\"1000\" srcset=\"https:\/\/www.xminsulation.com\/wp-content\/uploads\/2024\/05\/\u56fe\u7247187.png 1000w, https:\/\/www.xminsulation.com\/wp-content\/uploads\/2024\/05\/\u56fe\u7247187-300x300.png 300w, https:\/\/www.xminsulation.com\/wp-content\/uploads\/2024\/05\/\u56fe\u7247187-150x150.png 150w, https:\/\/www.xminsulation.com\/wp-content\/uploads\/2024\/05\/\u56fe\u7247187-768x768.png 768w, https:\/\/www.xminsulation.com\/wp-content\/uploads\/2024\/05\/\u56fe\u7247187-600x600.png 600w, https:\/\/www.xminsulation.com\/wp-content\/uploads\/2024\/05\/\u56fe\u7247187-100x100.png 100w\" sizes=\"(max-width: 1000px) 100vw, 1000px\" \/> <img loading=\"lazy\" decoding=\"async\" class=\"alignnone wp-image-1370 size-full\" src=\"http:\/\/www.xminsulation.com\/wp-content\/uploads\/2024\/05\/\u56fe\u7247188.png\" alt=\"\" width=\"988\" height=\"774\" srcset=\"https:\/\/www.xminsulation.com\/wp-content\/uploads\/2024\/05\/\u56fe\u7247188.png 988w, https:\/\/www.xminsulation.com\/wp-content\/uploads\/2024\/05\/\u56fe\u7247188-300x235.png 300w, https:\/\/www.xminsulation.com\/wp-content\/uploads\/2024\/05\/\u56fe\u7247188-768x602.png 768w, https:\/\/www.xminsulation.com\/wp-content\/uploads\/2024\/05\/\u56fe\u7247188-600x470.png 600w\" sizes=\"(max-width: 988px) 100vw, 988px\" \/><\/h1>\n<h2><strong><b>35kV generatore di corrente<\/b><\/strong><\/h2>\n<h2><strong><b>Giunto per cavi termorestringenti a freddo da 35 kV \/ Terminale per cavi di alimentazione termorestringenti a freddo da 35 kV<\/b><\/strong><\/h2>\n<p>Il giunto per cavi termoretraibile a freddo \u00e8 realizzato in gomma siliconica liquida e gomma EPDM con prestazioni idrofobiche. L&#039;elevata elasticit\u00e0 e la capacit\u00e0 di restringimento assicurano una pressione attiva potente e costante tra gomma e cavo, in grado di rispondere all&#039;espansione o al restringimento dei diametri dei cavi sotto ciclo di carico.<\/p>\n<h2><strong>Potenza e tecnologia<\/strong><\/h2>\n<p>Gli accessori per cavi a contrazione a freddo utilizzano materiale elastico (comunemente utilizzato con gomma siliconica e gomma EPDM) nello stampaggio a iniezione mediante vulcanizzazione, e successivamente vengono espansi e rivestiti con un supporto a spirale in plastica composto da vari accessori per cavi. Una volta completata l&#039;installazione, le parti pre-espanse vengono rivestite all&#039;estremit\u00e0 o al giunto del cavo lavorato e viene estratta la striscia di supporto a spirale in plastica interna (supporto), che viene premuta sull&#039;isolamento del cavo. Poich\u00e9 la temperatura ambiente \u00e8 esercitata dalla forza di rinculo elastico, anzich\u00e9 essere utilizzata per riscaldare la contrazione come gli accessori per cavi termorestringenti, \u00e8 comunemente nota come accessorio per cavi a contrazione a freddo. Le prime teste terminali dei cavi a contrazione a freddo utilizzavano solo un ulteriore isolamento in gomma siliconica e le parti di contrazione, il trattamento del campo elettrico dovrebbe comunque essere utilizzato per sollecitare il tipo di cono o la zona di sollecitazione attorno al pacchetto.<\/p>\n<p>Ora adotta generalmente il tubo di controllo dello stress di contrazione a freddo, il livello di tensione da 10 kV a 35 kV. Giunto del cavo di contrazione a freddo, il livello da 1 kV utilizza il tubo di isolamento di contrazione a freddo per rafforzare l&#039;isolamento, il livello da 10 kV utilizza l&#039;interno e l&#039;esterno dello scudo semiconduttivo il pezzo di isolamento di contrazione a freddo del giunto. Biforcazione del terminale del cavo a tre anime con ramo del set di contrazione a freddo.<\/p>\n<h2><strong>Le caratteristiche degli accessori per cavi termorestringenti a freddo<\/strong><\/h2>\n<p>Adotta la tecnologia pi\u00f9 avanzata e completa a freddo, senza svasature e utensili speciali, l&#039;installazione prevede solo l&#039;estrazione del nucleo della linea, il corpo elastico si restringer\u00e0 rapidamente e si chiuder\u00e0 al sito di installazione.<\/p>\n<p>Una gomma siliconica ha un isolamento eccellente e un&#039;elevata elasticit\u00e0, dopo l&#039;installazione dei resti del corpo del cavo, una pressione radiale adatta, il legame interfacciale, non a causa di percorsi di respirazione e rottura del cavo. La parte di controllo dello stress e il composito di isolamento principale sono integrati, il che risolve efficacemente il problema della concentrazione dello stress elettrico nella superficie di schermatura esterna del cavo, il che garantisce l&#039;affidabilit\u00e0 dell&#039;isolamento e la sicurezza del funzionamento. Tutti i prodotti sono stati fabbricati in fabbrica. Senza una formazione speciale, installazione e funzionamento semplici e non utilizzare il fuoco, risparmio di tempo e manodopera, tecnologia di ripristino automatico restringente a freddo, facile installazione senza sudare, notevolmente ridotta a causa dell&#039;incidente di qualit\u00e0 causato dal funzionamento improprio, ma risolve anche il fenomeno della contrazione degli accessori per cavi prefabbricati non \u00e8 stretta o non entra.<\/p>\n<h2><strong>Riepilogo<\/strong><\/h2>\n<p>Il materiale isolante del terminale \u00e8 realizzato con materiale in gomma siliconica di alta qualit\u00e0 e ha buone prestazioni idrofobiche, quando le goccioline dopo quanto sopra, pronte a rotolare verso il basso, non formano una pellicola conduttiva di acqua e ha propriet\u00e0 di auto-riparazione idrofobiche. Inoltre, ha un forte isolamento, resistenza, resistenza alla corrosione e resistenza ai raggi UV, il pi\u00f9 grande vantaggio \u00e8 quello di garantire un uso a lungo termine di prestazioni stabili. Lunga durata, la stessa durata con il corpo del cavo.<\/p>\n<p>La testa terminale del cavo accessorio ha una formula di materiale e un processo di fabbricazione unici, che uniscono strettamente l&#039;isolamento principale del cavo, il corpo del cavo fornisce una pressione radiale costante, una piccola quantit\u00e0 di scarica parziale, un&#039;elevata tensione di avviamento, il livello di isolamento impulsivo \u00e8 superiore al livello degli standard esistenti e il corpo del cavo \u00e8 con &#039;respiro&#039;.<\/p>\n<p>La norma nazionale GB50168-92 &quot;costruzione e accettazione della linea di cavi sezione 6.1.3 prevede: la fabbricazione di terminali e connettori per cavi di alimentazione isolati in plastica, dovrebbe impedire che polvere e detriti cadano nell&#039;isolamento. \u00c8 severamente vietato nella nebbia o sotto la pioggia&quot;. Se non prestiamo attenzione all&#039;influenza dei fattori ambientali nella produzione, l&#039;isolamento della testa del cavo a causa di polvere, impurit\u00e0, come la formazione di intercapedine d&#039;aria e sotto un forte campo elettrico si \u00e8 verificata una scarica parziale (PD), e quindi la rottura dell&#039;isolamento, con conseguente rottura del guasto della testa del cavo. Se realizzato in un ambiente umido, il cavo \u00e8 facile da influenzare con l&#039;umidit\u00e0 e determina la riduzione complessiva del livello di isolamento. Inoltre, \u00e8 anche facile che l&#039;umidit\u00e0 penetri nella formazione dell&#039;intercapedine e l&#039;emergere di una scarica parziale.<\/p>\n<p><img loading=\"lazy\" decoding=\"async\" class=\"alignnone wp-image-1371 size-full\" src=\"http:\/\/www.xminsulation.com\/wp-content\/uploads\/2024\/05\/\u56fe\u7247189.png\" alt=\"\" width=\"750\" height=\"984\" srcset=\"https:\/\/www.xminsulation.com\/wp-content\/uploads\/2024\/05\/\u56fe\u7247189.png 750w, https:\/\/www.xminsulation.com\/wp-content\/uploads\/2024\/05\/\u56fe\u7247189-229x300.png 229w, https:\/\/www.xminsulation.com\/wp-content\/uploads\/2024\/05\/\u56fe\u7247189-600x787.png 600w\" sizes=\"(max-width: 750px) 100vw, 750px\" \/><\/p>\n<h2><strong>Analisi dell&#039;installazione del restringimento a freddo:<\/strong><\/h2>\n<p>1. Tutta la gomma siliconica \u00e8 gomma siliconica liquida di alta qualit\u00e0, con un eccellente isolamento ed elevata elasticit\u00e0.<\/p>\n<p>2. Con il cavo \u201crespirante\u201d si riducono efficacemente le scariche parziali e le scariche intermittenti;<\/p>\n<p>3. Nessuna molla magnetica costante, evita correnti parassite e potenziale sospeso.<\/p>\n<p><img loading=\"lazy\" decoding=\"async\" class=\"alignnone wp-image-1372 size-full\" src=\"http:\/\/www.xminsulation.com\/wp-content\/uploads\/2024\/05\/\u56fe\u7247190.png\" alt=\"\" width=\"479\" height=\"790\" srcset=\"https:\/\/www.xminsulation.com\/wp-content\/uploads\/2024\/05\/\u56fe\u7247190.png 479w, https:\/\/www.xminsulation.com\/wp-content\/uploads\/2024\/05\/\u56fe\u7247190-182x300.png 182w\" sizes=\"(max-width: 479px) 100vw, 479px\" \/><\/p>\n<p><strong><b>\u4e09\u82af\u51b7\u7f29\u6237\u5185\u5916\u7ec8\u7aef\u88c5\u914d\u793a\u610f\u56fe<\/b><\/strong><\/p>\n<p><strong><b>Assemblea <\/b><\/strong><strong><b>D<\/b><\/strong><strong><b>diagramma di <\/b><\/strong><strong><b>T<\/b><\/strong><strong><b>qui-<\/b><\/strong><strong><b>C<\/b><\/strong><strong><b>minerale <\/b><\/strong><strong><b>C<\/b><\/strong><strong><b>vecchio <\/b><\/strong><strong><b>S<\/b><\/strong><strong><b>strizzare <\/b><\/strong><strong><b>IO<\/b><\/strong><strong><b>porta e <\/b><\/strong><strong><b>O<\/b><\/strong><strong><b>all&#039;aperto <\/b><\/strong><strong><b>T<\/b><\/strong><strong><b>terminali<\/b><\/strong><\/p>\n<ul>\n<li>Terminali di accesso<\/li>\n<li>J-20\u767d\u7c98\u5e26J-20 nastro adesivo bianco,<\/li>\n<li>NomeCore,<\/li>\n<li>Sigillante per pavimenti<\/li>\n<li>Tubo sigillato<\/li>\n<li>Nome del componente: Corpo terminale<\/li>\n<li>\u4e3b\u7edd\u7f18\u5c42Strato isolante principale,<\/li>\n<li>Cono di stress<\/li>\n<li>\u534a\u5bfc\u7535\u5e26Semiconductor,<\/li>\n<li>\u534a\u5bfc\u4f53\u5c4f\u853d\u5c42Schermo per semiconduttori,<\/li>\n<li>Sigillante per pavimenti<\/li>\n<li>\u94dc\u5c4f\u853d\u5e26Nastro schermante in rame,<\/li>\n<li>\u51b7\u7f29\u7edd\u7f18\u7ba1Tubo isolante termoretraibile,<\/li>\n<li>Strato di rivestimento,<\/li>\n<li>\u6052\u529b\u5f39\u7c27molla a forza costante,<\/li>\n<li>armatura d&#039;acciaio<\/li>\n<li>Riempimento con colla,<\/li>\n<li>\u7535\u7f06\u5916\u62a4\u5957Guaina esterna del cavo,<\/li>\n<li>\u51b7\u7f29\u4e09\u652f\u5957Set di tre pezzi termoretraibili,<\/li>\n<li>\u5c4f\u853d\u63a5\u5730\u7ebfCavo di terra schermato,<\/li>\n<\/ul>\n<p>21\u3001\u94a2\u94e0\u63a5\u5730\u7ebfFilo di terra armato in acciaio.<\/p>\n<h2><strong><b>Pacchetto accessori prodotto<\/b><\/strong><\/h2>\n<p><img loading=\"lazy\" decoding=\"async\" class=\"alignnone wp-image-1373 size-full\" src=\"http:\/\/www.xminsulation.com\/wp-content\/uploads\/2024\/05\/\u56fe\u7247191.png\" alt=\"\" width=\"1000\" height=\"1312\" srcset=\"https:\/\/www.xminsulation.com\/wp-content\/uploads\/2024\/05\/\u56fe\u7247191.png 1000w, https:\/\/www.xminsulation.com\/wp-content\/uploads\/2024\/05\/\u56fe\u7247191-229x300.png 229w, https:\/\/www.xminsulation.com\/wp-content\/uploads\/2024\/05\/\u56fe\u7247191-780x1024.png 780w, https:\/\/www.xminsulation.com\/wp-content\/uploads\/2024\/05\/\u56fe\u7247191-768x1008.png 768w, https:\/\/www.xminsulation.com\/wp-content\/uploads\/2024\/05\/\u56fe\u7247191-600x787.png 600w\" sizes=\"(max-width: 1000px) 100vw, 1000px\" \/> <img loading=\"lazy\" decoding=\"async\" class=\"alignnone wp-image-1374 size-full\" src=\"http:\/\/www.xminsulation.com\/wp-content\/uploads\/2024\/05\/\u56fe\u7247192.png\" alt=\"\" width=\"1000\" height=\"1121\" srcset=\"https:\/\/www.xminsulation.com\/wp-content\/uploads\/2024\/05\/\u56fe\u7247192.png 1000w, https:\/\/www.xminsulation.com\/wp-content\/uploads\/2024\/05\/\u56fe\u7247192-268x300.png 268w, https:\/\/www.xminsulation.com\/wp-content\/uploads\/2024\/05\/\u56fe\u7247192-913x1024.png 913w, https:\/\/www.xminsulation.com\/wp-content\/uploads\/2024\/05\/\u56fe\u7247192-768x861.png 768w, https:\/\/www.xminsulation.com\/wp-content\/uploads\/2024\/05\/\u56fe\u7247192-600x673.png 600w\" sizes=\"(max-width: 1000px) 100vw, 1000px\" \/><\/p>\n<h2><strong>Utilizzo<\/strong><\/h2>\n<p><strong>\u00a0<\/strong><\/p>\n<p>Adatto per la connessione di cavi di alimentazione reticolati unipolari e tripolari con tensione di 26 kV\/355 kV, con funzioni di tenuta, isolamento e evacuazione delle sollecitazioni. Particolarmente adatto per l&#039;uso in settori petroliferi, chimici, minerari e altri ambienti infiammabili ed esplosivi.<\/p>\n<div class=\"wxts\">\n<h2>\u25c6Personalizzazione speciale<\/h2>\n<p>I parametri sopra indicati sono dati tipici; se gli stili esistenti non soddisfano le tue richieste specifiche, contattaci per un design personalizzato. Disponiamo di significative capacit\u00e0 di sviluppo e produzione di personalizzazioni personalizzate, che ci consentono di fornire soluzioni su misura a clienti in tutto il mondo.<\/p>\n<\/div>","protected":false},"excerpt":{"rendered":"<p>35kV\u6237\u5185\u5916\u51b7\u6536\u7f29\u7ba1 35kV Cold Shrink Cable Joint \/ 35kV Cold Shrinkable Power Cable Terminal Cold shrink cable joint is made of liquid silicone rubber and EPDM rubber with hydrophobic performance. High elasticity and ability to shrink ensure powerful and constant active pressure between rubber and cable that can respond to expanding or shrinking cable diameters under [&hellip;]<\/p>","protected":false},"featured_media":1366,"template":"","meta":{"site-sidebar-layout":"default","site-content-layout":"","ast-site-content-layout":"default","site-content-style":"default","site-sidebar-style":"default","ast-global-header-display":"","ast-banner-title-visibility":"","ast-main-header-display":"","ast-hfb-above-header-display":"","ast-hfb-below-header-display":"","ast-hfb-mobile-header-display":"","site-post-title":"","ast-breadcrumbs-content":"","ast-featured-img":"","footer-sml-layout":"","theme-transparent-header-meta":"default","adv-header-id-meta":"","stick-header-meta":"","header-above-stick-meta":"","header-main-stick-meta":"","header-below-stick-meta":"","astra-migrate-meta-layouts":"set","ast-page-background-enabled":"default","ast-page-background-meta":{"desktop":{"background-color":"","background-image":"","background-repeat":"repeat","background-position":"center center","background-size":"auto","background-attachment":"scroll","background-type":"","background-media":"","overlay-type":"","overlay-color":"","overlay-gradient":""},"tablet":{"background-color":"","background-image":"","background-repeat":"repeat","background-position":"center center","background-size":"auto","background-attachment":"scroll","background-type":"","background-media":"","overlay-type":"","overlay-color":"","overlay-gradient":""},"mobile":{"background-color":"","background-image":"","background-repeat":"repeat","background-position":"center center","background-size":"auto","background-attachment":"scroll","background-type":"","background-media":"","overlay-type":"","overlay-color":"","overlay-gradient":""}},"ast-content-background-meta":{"desktop":{"background-color":"var(--ast-global-color-5)","background-image":"","background-repeat":"repeat","background-position":"center center","background-size":"auto","background-attachment":"scroll","background-type":"","background-media":"","overlay-type":"","overlay-color":"","overlay-gradient":""},"tablet":{"background-color":"var(--ast-global-color-5)","background-image":"","background-repeat":"repeat","background-position":"center center","background-size":"auto","background-attachment":"scroll","background-type":"","background-media":"","overlay-type":"","overlay-color":"","overlay-gradient":""},"mobile":{"background-color":"var(--ast-global-color-5)","background-image":"","background-repeat":"repeat","background-position":"center center","background-size":"auto","background-attachment":"scroll","background-type":"","background-media":"","overlay-type":"","overlay-color":"","overlay-gradient":""}}},"product_cat":[51],"product_tag":[],"class_list":{"0":"post-1365","1":"product","2":"type-product","3":"status-publish","4":"has-post-thumbnail","6":"product_cat-cold-shrink-tubing","7":"desktop-align-left","8":"tablet-align-left","9":"mobile-align-left","11":"first","12":"instock","13":"shipping-taxable","14":"product-type-simple"},"_links":{"self":[{"href":"https:\/\/www.xminsulation.com\/it\/wp-json\/wp\/v2\/product\/1365","targetHints":{"allow":["GET"]}}],"collection":[{"href":"https:\/\/www.xminsulation.com\/it\/wp-json\/wp\/v2\/product"}],"about":[{"href":"https:\/\/www.xminsulation.com\/it\/wp-json\/wp\/v2\/types\/product"}],"wp:featuredmedia":[{"embeddable":true,"href":"https:\/\/www.xminsulation.com\/it\/wp-json\/wp\/v2\/media\/1366"}],"wp:attachment":[{"href":"https:\/\/www.xminsulation.com\/it\/wp-json\/wp\/v2\/media?parent=1365"}],"wp:term":[{"taxonomy":"product_cat","embeddable":true,"href":"https:\/\/www.xminsulation.com\/it\/wp-json\/wp\/v2\/product_cat?post=1365"},{"taxonomy":"product_tag","embeddable":true,"href":"https:\/\/www.xminsulation.com\/it\/wp-json\/wp\/v2\/product_tag?post=1365"}],"curies":[{"name":"wp","href":"https:\/\/api.w.org\/{rel}","templated":true}]}}