{"id":1356,"date":"2024-05-07T15:46:56","date_gmt":"2024-05-07T07:46:56","guid":{"rendered":"http:\/\/www.xminsulation.com\/?post_type=product&#038;p=1356"},"modified":"2024-05-15T16:29:21","modified_gmt":"2024-05-15T08:29:21","slug":"1-5-busbar-insulating-heat-shrinkable-tubing-withstand-voltage-up-to-10kv","status":"publish","type":"product","link":"https:\/\/www.xminsulation.com\/it\/product\/1-5-busbar-insulating-heat-shrinkable-tubing-withstand-voltage-up-to-10kv\/","title":{"rendered":"1.5 Tubo termorestringente isolante per sbarre (tensione di tenuta fino a 10 kV)"},"content":{"rendered":"<h1><img fetchpriority=\"high\" decoding=\"async\" class=\"alignnone wp-image-1358 size-full\" src=\"http:\/\/www.xminsulation.com\/wp-content\/uploads\/2024\/05\/\u56fe\u7247178-1.jpg\" alt=\"\" width=\"645\" height=\"645\" srcset=\"https:\/\/www.xminsulation.com\/wp-content\/uploads\/2024\/05\/\u56fe\u7247178-1.jpg 645w, https:\/\/www.xminsulation.com\/wp-content\/uploads\/2024\/05\/\u56fe\u7247178-1-300x300.jpg 300w, https:\/\/www.xminsulation.com\/wp-content\/uploads\/2024\/05\/\u56fe\u7247178-1-150x150.jpg 150w, https:\/\/www.xminsulation.com\/wp-content\/uploads\/2024\/05\/\u56fe\u7247178-1-600x600.jpg 600w, https:\/\/www.xminsulation.com\/wp-content\/uploads\/2024\/05\/\u56fe\u7247178-1-100x100.jpg 100w\" sizes=\"(max-width: 645px) 100vw, 645px\" \/> <img decoding=\"async\" class=\"alignnone wp-image-1359 size-full\" src=\"http:\/\/www.xminsulation.com\/wp-content\/uploads\/2024\/05\/\u56fe\u7247179.png\" alt=\"\" width=\"800\" height=\"533\" srcset=\"https:\/\/www.xminsulation.com\/wp-content\/uploads\/2024\/05\/\u56fe\u7247179.png 800w, https:\/\/www.xminsulation.com\/wp-content\/uploads\/2024\/05\/\u56fe\u7247179-300x200.png 300w, https:\/\/www.xminsulation.com\/wp-content\/uploads\/2024\/05\/\u56fe\u7247179-768x512.png 768w, https:\/\/www.xminsulation.com\/wp-content\/uploads\/2024\/05\/\u56fe\u7247179-600x400.png 600w\" sizes=\"(max-width: 800px) 100vw, 800px\" \/> <img decoding=\"async\" class=\"alignnone wp-image-1360 size-full\" src=\"http:\/\/www.xminsulation.com\/wp-content\/uploads\/2024\/05\/\u56fe\u7247180.png\" alt=\"\" width=\"800\" height=\"533\" srcset=\"https:\/\/www.xminsulation.com\/wp-content\/uploads\/2024\/05\/\u56fe\u7247180.png 800w, https:\/\/www.xminsulation.com\/wp-content\/uploads\/2024\/05\/\u56fe\u7247180-300x200.png 300w, https:\/\/www.xminsulation.com\/wp-content\/uploads\/2024\/05\/\u56fe\u7247180-768x512.png 768w, https:\/\/www.xminsulation.com\/wp-content\/uploads\/2024\/05\/\u56fe\u7247180-600x400.png 600w\" sizes=\"(max-width: 800px) 100vw, 800px\" \/> <img loading=\"lazy\" decoding=\"async\" class=\"alignnone wp-image-1361 size-full\" src=\"http:\/\/www.xminsulation.com\/wp-content\/uploads\/2024\/05\/\u56fe\u7247181.png\" alt=\"\" width=\"800\" height=\"533\" srcset=\"https:\/\/www.xminsulation.com\/wp-content\/uploads\/2024\/05\/\u56fe\u7247181.png 800w, https:\/\/www.xminsulation.com\/wp-content\/uploads\/2024\/05\/\u56fe\u7247181-300x200.png 300w, https:\/\/www.xminsulation.com\/wp-content\/uploads\/2024\/05\/\u56fe\u7247181-768x512.png 768w, https:\/\/www.xminsulation.com\/wp-content\/uploads\/2024\/05\/\u56fe\u7247181-600x400.png 600w\" sizes=\"(max-width: 800px) 100vw, 800px\" \/><\/h1>\n<h2><strong><b>APPLICAZIONI<\/b><\/strong><\/h2>\n<p>Il tubo termorestringente isolante per sbarre 1.5 \u00e8 realizzato in poliolefina. Il materiale flessibile rende molto facile per l&#039;operatore la lavorazione delle sbarre piegate. Il materiale in poliolefina ecologico pu\u00f2 fornire una protezione di isolamento affidabile fino a 10 kV, evitando la possibilit\u00e0 di scariche elettriche e contatti accidentali. L&#039;uso di HB1.5 per coprire le sbarre pu\u00f2 ridurre la progettazione dello spazio dell&#039;apparecchiatura di commutazione e abbassare i costi.<\/p>\n<h2><strong><b>APPROVAZIONI \/ SPECIFICHE<\/b><\/strong><\/h2>\n<p>IEC60060-1<\/p>\n<h2><strong><b>INTERVALLO DI TEMPERATURA DI FUNZIONAMENTO<\/b><\/strong><\/h2>\n<p>a, Temperatura di funzionamento continua: -45\u2103 ~ 105\u2103.<\/p>\n<p>b, Temperatura minima di restringimento: 50\u2103.<\/p>\n<p>c, Temperatura minima di recupero completo: 125\u02daC.<\/p>\n<h2><strong><b>COLORE<\/b><\/strong><\/h2>\n<p>Colore standard: rosso, (La larghezza della barra collettrice varia a seconda del design del produttore. La dimensione consigliata \u00e8 solo di riferimento.)<\/p>\n<p>a, Rapporto di restringimento: 2,5:1.<\/p>\n<p>b, Flessibilit\u00e0 e resistenza alla corrosione.<\/p>\n<p>c, Eccellente resistenza chimica e prestazioni di isolamento.<\/p>\n<p>Il tubo termorestringente per sbarre collettrici isolate ad alta tensione da 10 KV \u00e8 realizzato in materiale termorestringente in poliolefina ecologico reticolato mediante bombardamento con fascio di elettroni ad alta energia. Ha un&#039;eccellente resistenza alla fiamma, isolamento e stabilit\u00e0 termica e pu\u00f2 fornire elevata resistenza di isolamento e resistenza elettrica. Prestazioni di traccia di carbonio. Limita sostanze dannose per l&#039;ambiente come PBB, PBBD, PBBE e metalli pesanti. Non produce gas tossici e sostanze nocive quando brucia. \u00c8 adatto per la protezione anticorrosione e isolante di sbarre collettrici e apparecchiature elettriche. Ha superato la certificazione della Wuhan High School e della West High School. I prodotti sono ampiamente utilizzati nel settore energetico, nelle comunicazioni, nelle automobili, nelle navi, nella produzione di aeromobili e in altri settori.<\/p>\n<h2><strong><b>Tabella delle specifiche<\/b><\/strong><\/h2>\n<p><img loading=\"lazy\" decoding=\"async\" class=\"alignnone wp-image-1362 size-full\" src=\"http:\/\/www.xminsulation.com\/wp-content\/uploads\/2024\/05\/\u56fe\u7247182.png\" alt=\"\" width=\"954\" height=\"880\" srcset=\"https:\/\/www.xminsulation.com\/wp-content\/uploads\/2024\/05\/\u56fe\u7247182.png 954w, https:\/\/www.xminsulation.com\/wp-content\/uploads\/2024\/05\/\u56fe\u7247182-300x277.png 300w, https:\/\/www.xminsulation.com\/wp-content\/uploads\/2024\/05\/\u56fe\u7247182-768x708.png 768w, https:\/\/www.xminsulation.com\/wp-content\/uploads\/2024\/05\/\u56fe\u7247182-600x553.png 600w\" sizes=\"(max-width: 954px) 100vw, 954px\" \/> <img loading=\"lazy\" decoding=\"async\" class=\"alignnone wp-image-1363 size-full\" src=\"http:\/\/www.xminsulation.com\/wp-content\/uploads\/2024\/05\/\u56fe\u7247183.png\" alt=\"\" width=\"954\" height=\"899\" srcset=\"https:\/\/www.xminsulation.com\/wp-content\/uploads\/2024\/05\/\u56fe\u7247183.png 954w, https:\/\/www.xminsulation.com\/wp-content\/uploads\/2024\/05\/\u56fe\u7247183-300x283.png 300w, https:\/\/www.xminsulation.com\/wp-content\/uploads\/2024\/05\/\u56fe\u7247183-768x724.png 768w, https:\/\/www.xminsulation.com\/wp-content\/uploads\/2024\/05\/\u56fe\u7247183-600x565.png 600w\" sizes=\"(max-width: 954px) 100vw, 954px\" \/> <img loading=\"lazy\" decoding=\"async\" class=\"alignnone wp-image-1364 size-full\" src=\"http:\/\/www.xminsulation.com\/wp-content\/uploads\/2024\/05\/\u56fe\u7247184.png\" alt=\"\" width=\"957\" height=\"584\" srcset=\"https:\/\/www.xminsulation.com\/wp-content\/uploads\/2024\/05\/\u56fe\u7247184.png 957w, https:\/\/www.xminsulation.com\/wp-content\/uploads\/2024\/05\/\u56fe\u7247184-300x183.png 300w, https:\/\/www.xminsulation.com\/wp-content\/uploads\/2024\/05\/\u56fe\u7247184-768x469.png 768w, https:\/\/www.xminsulation.com\/wp-content\/uploads\/2024\/05\/\u56fe\u7247184-600x366.png 600w\" sizes=\"(max-width: 957px) 100vw, 957px\" \/><\/p>\n<p>&nbsp;<\/p>\n<div class=\"wxts\">\n<h2>\u25c6Personalizzazione speciale<\/h2>\n<p>I parametri sopra indicati sono dati tipici; se gli stili esistenti non soddisfano le tue richieste specifiche, contattaci per un design personalizzato. Disponiamo di significative capacit\u00e0 di sviluppo e produzione di personalizzazioni personalizzate, che ci consentono di fornire soluzioni su misura a clienti in tutto il mondo.<\/p>\n<\/div>","protected":false},"excerpt":{"rendered":"<p>APPLICATIONS 1.5 busbar insulating heat shrinkable tubing is made of polyolefin. The flexible material make it very easy for the operator to process bent busbars. The environmental friendly polyolefin material can provide reliable insulation protection up to 10 kV, avoiding the possibility of flashovers and accidental contact. The use of HB1.5 to cover busbars can [&hellip;]<\/p>","protected":false},"featured_media":1357,"template":"","meta":{"site-sidebar-layout":"default","site-content-layout":"","ast-site-content-layout":"default","site-content-style":"default","site-sidebar-style":"default","ast-global-header-display":"","ast-banner-title-visibility":"","ast-main-header-display":"","ast-hfb-above-header-display":"","ast-hfb-below-header-display":"","ast-hfb-mobile-header-display":"","site-post-title":"","ast-breadcrumbs-content":"","ast-featured-img":"","footer-sml-layout":"","theme-transparent-header-meta":"default","adv-header-id-meta":"","stick-header-meta":"","header-above-stick-meta":"","header-main-stick-meta":"","header-below-stick-meta":"","astra-migrate-meta-layouts":"set","ast-page-background-enabled":"default","ast-page-background-meta":{"desktop":{"background-color":"","background-image":"","background-repeat":"repeat","background-position":"center center","background-size":"auto","background-attachment":"scroll","background-type":"","background-media":"","overlay-type":"","overlay-color":"","overlay-gradient":""},"tablet":{"background-color":"","background-image":"","background-repeat":"repeat","background-position":"center center","background-size":"auto","background-attachment":"scroll","background-type":"","background-media":"","overlay-type":"","overlay-color":"","overlay-gradient":""},"mobile":{"background-color":"","background-image":"","background-repeat":"repeat","background-position":"center center","background-size":"auto","background-attachment":"scroll","background-type":"","background-media":"","overlay-type":"","overlay-color":"","overlay-gradient":""}},"ast-content-background-meta":{"desktop":{"background-color":"var(--ast-global-color-5)","background-image":"","background-repeat":"repeat","background-position":"center center","background-size":"auto","background-attachment":"scroll","background-type":"","background-media":"","overlay-type":"","overlay-color":"","overlay-gradient":""},"tablet":{"background-color":"var(--ast-global-color-5)","background-image":"","background-repeat":"repeat","background-position":"center center","background-size":"auto","background-attachment":"scroll","background-type":"","background-media":"","overlay-type":"","overlay-color":"","overlay-gradient":""},"mobile":{"background-color":"var(--ast-global-color-5)","background-image":"","background-repeat":"repeat","background-position":"center center","background-size":"auto","background-attachment":"scroll","background-type":"","background-media":"","overlay-type":"","overlay-color":"","overlay-gradient":""}}},"product_cat":[54],"product_tag":[],"class_list":{"0":"post-1356","1":"product","2":"type-product","3":"status-publish","4":"has-post-thumbnail","6":"product_cat-heat-shrink-tubing","7":"desktop-align-left","8":"tablet-align-left","9":"mobile-align-left","11":"first","12":"instock","13":"shipping-taxable","14":"product-type-simple"},"_links":{"self":[{"href":"https:\/\/www.xminsulation.com\/it\/wp-json\/wp\/v2\/product\/1356","targetHints":{"allow":["GET"]}}],"collection":[{"href":"https:\/\/www.xminsulation.com\/it\/wp-json\/wp\/v2\/product"}],"about":[{"href":"https:\/\/www.xminsulation.com\/it\/wp-json\/wp\/v2\/types\/product"}],"wp:featuredmedia":[{"embeddable":true,"href":"https:\/\/www.xminsulation.com\/it\/wp-json\/wp\/v2\/media\/1357"}],"wp:attachment":[{"href":"https:\/\/www.xminsulation.com\/it\/wp-json\/wp\/v2\/media?parent=1356"}],"wp:term":[{"taxonomy":"product_cat","embeddable":true,"href":"https:\/\/www.xminsulation.com\/it\/wp-json\/wp\/v2\/product_cat?post=1356"},{"taxonomy":"product_tag","embeddable":true,"href":"https:\/\/www.xminsulation.com\/it\/wp-json\/wp\/v2\/product_tag?post=1356"}],"curies":[{"name":"wp","href":"https:\/\/api.w.org\/{rel}","templated":true}]}}